{"id":24939,"date":"2024-04-17T07:15:52","date_gmt":"2024-04-17T07:15:52","guid":{"rendered":"https:\/\/peachpuff-dugong-919786.hostingersite.com\/%ed%9a%8c%ec%82%ac-%ec%86%8c%ea%b0%9c\/"},"modified":"2024-04-17T07:15:52","modified_gmt":"2024-04-17T07:15:52","slug":"%ed%9a%8c%ec%82%ac-%ec%86%8c%ea%b0%9c","status":"publish","type":"page","link":"https:\/\/omoriwifi.com\/de\/%ed%9a%8c%ec%82%ac-%ec%86%8c%ea%b0%9c\/","title":{"rendered":"\ud68c\uc0ac \uc18c\uac1c"},"content":{"rendered":"<div data-elementor-type=\"wp-page\" data-elementor-id=\"24939\" class=\"elementor elementor-24939\">\n\t\t\t\t<div class=\"elementor-element elementor-element-771f7c3 e-flex e-con-boxed e-con e-parent\" data-id=\"771f7c3\" data-element_type=\"container\" data-e-type=\"container\">\n\t\t\t\t\t<div class=\"e-con-inner\">\n\t\t\t\t<div class=\"elementor-element elementor-element-d5bacec elementor-widget elementor-widget-pls-heading\" data-id=\"d5bacec\" data-element_type=\"widget\" data-e-type=\"widget\" data-widget_type=\"pls-heading.default\">\n\t\t\t\t<div class=\"elementor-widget-container\">\n\t\t\t\t\t<div id=\"pls-header-99709\" class=\"pls-element pls-heading pls-text-center separator-none\">\t\n\t\t\t\n\t\t\t<div class=\"heading-wrap\">\n\t\t\t<span class=\"separator-left\"><\/span>\n\t\t\t<h2 class=\"heading-title\">Nahtlose Konnektivit\u00e4t in Japan \u2013 einfach, zuverl\u00e4ssig und problemlos<\/h2>\t\t\t<span class=\"separator-right\"><\/span>\n\t\t\t\t\t<\/div>\n\t\t\n    \t\t<div class=\"heading-tagline\"> Wir machen es Ihnen leicht, in Japan in Verbindung zu bleiben. Ob Kurztrip oder Langzeitaufenthalt \u2013 unsere SIM-Karten und WLAN-L\u00f6sungen f\u00fcr Zuhause sorgen daf\u00fcr, dass Sie \u00fcberall zuverl\u00e4ssig und schnell mit dem Internet verbunden sind. <br><br>Keine komplizierten Vertr\u00e4ge, keine Bonit\u00e4tspr\u00fcfung \u2013 einfach nahtlose Konnektivit\u00e4t. Unsere Mission ist es, erschwingliche und zug\u00e4ngliche mobile Daten- und WLAN-Dienste ohne die \u00fcblichen Barrieren anzubieten.<br><br> Mit flexiblen Tarifen, kostenlosem Versand und einfachen Abholoptionen legen wir Wert auf Komfort, damit Sie sich ganz auf Ihre Zeit in Japan konzentrieren k\u00f6nnen.\n<br><br>\nWir wissen, wie wichtig es ist, online zu bleiben, sei es f\u00fcr die Arbeit, das Studium oder um mit den Liebsten in Kontakt zu bleiben. Deshalb arbeiten wir mit Japans gr\u00f6\u00dften und vertrauensw\u00fcrdigsten Netzwerken wie Docomo und SoftBank zusammen, um die beste Abdeckung und Leistung zu gew\u00e4hrleisten.\n<br><br>\nOb Tourist oder Langzeitbewohner: Wir bieten eine Reihe von Prepaid-SIM-Karten, unbegrenztes WLAN zu Hause und tragbare Router, die Ihren Anforderungen gerecht werden. Unsere Produkte sind benutzerfreundlich und unkompliziert und haben keine versteckten Geb\u00fchren oder komplizierte Installationen. <br><br>Da unser Kundenstamm w\u00e4chst, verbessern wir unsere Dienste kontinuierlich und sorgen f\u00fcr einen schnellen, sicheren und unterbrechungsfreien Internetzugang in ganz Japan. Wir sorgen daf\u00fcr, dass die Konnektivit\u00e4t Ihre geringste Sorge ist. <\/div>\n\t<\/div>\t\t\t\t<\/div>\n\t\t\t\t<\/div>\n\t\t\t\t\t<\/div>\n\t\t\t\t<\/div>\n\t\t<div class=\"elementor-element elementor-element-2678839 e-flex e-con-boxed e-con e-parent\" data-id=\"2678839\" data-element_type=\"container\" data-e-type=\"container\">\n\t\t\t\t\t<div class=\"e-con-inner\">\n\t\t\t\t<div class=\"elementor-element elementor-element-e784360 elementor-widget elementor-widget-pls-product-brands\" data-id=\"e784360\" data-element_type=\"widget\" data-e-type=\"widget\" data-widget_type=\"pls-product-brands.default\">\n\t\t\t\t<div class=\"elementor-widget-container\">\n\t\t\t\t\t<div id=\"pls-product-brand-26658\" class=\"pls-element pls-product-brands\">\n\t\t<div class=\"section-content  pls-slider swiper row\">\n\t\t<div class=\"products swiper-wrapper slider-col-lg-3 slider-col-md-4 slider-col-2\" data-slider_options=\"{&quot;slider_loop&quot;:false,&quot;slider_autoplay&quot;:false,&quot;slider_autoplay_delay&quot;:&quot;1500&quot;,&quot;slider_autoplay_speed&quot;:&quot;1500&quot;,&quot;slider_pause_on_hover&quot;:false,&quot;slider_rewind&quot;:false,&quot;slider_autoHeigh&quot;:false,&quot;slider_touchDrag&quot;:true,&quot;slider_touchDrag_mobile&quot;:true,&quot;slider_navigation&quot;:true,&quot;slider_pagination&quot;:false,&quot;slider_scrollbar&quot;:false,&quot;slider_centered&quot;:false,&quot;slider_effect&quot;:&quot;slide&quot;,&quot;slider_spaceBetween&quot;:0,&quot;slides_to_show&quot;:&quot;3&quot;,&quot;slides_to_show_tablet&quot;:4,&quot;slides_to_show_mobile&quot;:2,&quot;slides_to_scroll&quot;:1}\" >\n\t\t\t\t\t\t\t\t<div class=\"product-brand swiper-slide\">\n\t\t\t\t\t\t<a href=\"https:\/\/omoriwifi.com\/de\/Marke\/docomo\/\">\n\t\t\t\t\t\t\t<div class=\"brand-image\">\n\t\t\t\t\t\t\t\t<img decoding=\"async\" width=\"150\" height=\"150\" src=\"https:\/\/omoriwifi.com\/wp-content\/uploads\/2025\/03\/Untitled-design-2025-03-27T014152.325.png\" class=\"attachment-full size-full\" alt=\"Docomo\" srcset=\"https:\/\/omoriwifi.com\/wp-content\/uploads\/2025\/03\/Untitled-design-2025-03-27T014152.325.png 150w, https:\/\/omoriwifi.com\/wp-content\/uploads\/2025\/03\/Untitled-design-2025-03-27T014152.325-96x96.png 96w\" sizes=\"(max-width: 150px) 100vw, 150px\" \/>\t\t\t\t\t\t\t<\/div>\n\t\t\t\t\t\t\t\n\t\t\t\t\t\t\t\t\t\t\t\t\t<\/a>\n\t\t\t\t\t<\/div>\n\t\t\t\t\t\t\t\t\t\t<div class=\"product-brand swiper-slide\">\n\t\t\t\t\t\t<a href=\"https:\/\/omoriwifi.com\/de\/Marke\/au\/\">\n\t\t\t\t\t\t\t<div class=\"brand-image\">\n\t\t\t\t\t\t\t\t<img decoding=\"async\" width=\"150\" height=\"150\" src=\"https:\/\/omoriwifi.com\/wp-content\/uploads\/2025\/03\/Untitled-design-2025-03-27T014130.212.png\" class=\"attachment-full size-full\" alt=\"AU\" srcset=\"https:\/\/omoriwifi.com\/wp-content\/uploads\/2025\/03\/Untitled-design-2025-03-27T014130.212.png 150w, https:\/\/omoriwifi.com\/wp-content\/uploads\/2025\/03\/Untitled-design-2025-03-27T014130.212-96x96.png 96w\" sizes=\"(max-width: 150px) 100vw, 150px\" \/>\t\t\t\t\t\t\t<\/div>\n\t\t\t\t\t\t\t\n\t\t\t\t\t\t\t\t\t\t\t\t\t<\/a>\n\t\t\t\t\t<\/div>\n\t\t\t\t\t\t\t\t\t\t<div class=\"product-brand swiper-slide\">\n\t\t\t\t\t\t<a href=\"https:\/\/omoriwifi.com\/de\/Marke\/soft-bank\/\">\n\t\t\t\t\t\t\t<div class=\"brand-image\">\n\t\t\t\t\t\t\t\t<img decoding=\"async\" width=\"150\" height=\"150\" src=\"https:\/\/omoriwifi.com\/wp-content\/uploads\/2025\/03\/Untitled-design-2025-03-27T014107.765.png\" class=\"attachment-full size-full\" alt=\"Soft Bank\" srcset=\"https:\/\/omoriwifi.com\/wp-content\/uploads\/2025\/03\/Untitled-design-2025-03-27T014107.765.png 150w, https:\/\/omoriwifi.com\/wp-content\/uploads\/2025\/03\/Untitled-design-2025-03-27T014107.765-96x96.png 96w\" sizes=\"(max-width: 150px) 100vw, 150px\" \/>\t\t\t\t\t\t\t<\/div>\n\t\t\t\t\t\t\t\n\t\t\t\t\t\t\t\t\t\t\t\t\t<\/a>\n\t\t\t\t\t<\/div>\n\t\t\t\t\t\t\t<\/div>\n\t<\/div>\n<\/div>\t\t\t\t<\/div>\n\t\t\t\t<\/div>\n\t\t\t\t\t<\/div>\n\t\t\t\t<\/div>\n\t\t<div class=\"elementor-element elementor-element-9198a48 e-flex e-con-boxed e-con e-parent\" data-id=\"9198a48\" data-element_type=\"container\" data-e-type=\"container\">\n\t\t\t\t\t<div class=\"e-con-inner\">\n\t\t<div class=\"elementor-element elementor-element-1500bd4 e-con-full e-flex e-con e-child\" data-id=\"1500bd4\" data-element_type=\"container\" data-e-type=\"container\">\n\t\t\t\t<div class=\"elementor-element elementor-element-640f2dc elementor-widget elementor-widget-pls-infobox\" data-id=\"640f2dc\" data-element_type=\"widget\" data-e-type=\"widget\" data-widget_type=\"pls-infobox.default\">\n\t\t\t\t<div class=\"elementor-widget-container\">\n\t\t\t\t\t<div id=\"pls-info-box-29155\" class=\"pls-element pls-info-box icon-effect-none icon-simple icon-top color-scheme-inherit hover-color-scheme-inherit text-center\">\n\t<div class=\"info-box-wrap\"  >\n\t\t<div class=\"box-icon-wrap\">\n\t\t\t\t\t\t\t<div class=\"info-box-icon\"><img decoding=\"async\" src=\"https:\/\/omoriwifi.com\/wp-content\/uploads\/2025\/03\/icons8-plan-60.png\" alt=\"Affordable Plans\"\/><\/div>\n\t\t\t\t\t<\/div>\n\t\t<div class=\"info-box-content\">\n\t\t\t\t\t\t\t\t\t\t<div class=\"info-box-title mb\" >\t\t\t\t\n\t\t\t\t\t<h4>Erschwingliche Pl\u00e4ne<\/h4>\t\t\t\t\t\n\t\t\t\t<\/div>\n\t\t\t\t\t\t\t\t\t\t<div class=\"info-box-description mb\">\n\t\t\t\t\t<p>Profitieren Sie von unseren g\u00fcnstigen Datentarifen und bleiben Sie in Verbindung, ohne Ihr Bankkonto zu sprengen. Wir sind g\u00fcnstiger als andere.<\/p>\n\t\t\t\t<\/div>\n\t\t\t\t\t<\/div>\n\t<\/div>\n<\/div>\t\t\t\t<\/div>\n\t\t\t\t<\/div>\n\t\t\t\t<\/div>\n\t\t<div class=\"elementor-element elementor-element-19c452d e-con-full e-flex e-con e-child\" data-id=\"19c452d\" data-element_type=\"container\" data-e-type=\"container\">\n\t\t\t\t<div class=\"elementor-element elementor-element-8521fbf elementor-widget elementor-widget-pls-infobox\" data-id=\"8521fbf\" data-element_type=\"widget\" data-e-type=\"widget\" data-widget_type=\"pls-infobox.default\">\n\t\t\t\t<div class=\"elementor-widget-container\">\n\t\t\t\t\t<div id=\"pls-info-box-59327\" class=\"pls-element pls-info-box icon-effect-none icon-simple icon-top color-scheme-inherit hover-color-scheme-inherit text-center\">\n\t<div class=\"info-box-wrap\"  >\n\t\t<div class=\"box-icon-wrap\">\n\t\t\t\t\t\t\t<div class=\"info-box-icon\"><img decoding=\"async\" src=\"https:\/\/omoriwifi.com\/wp-content\/uploads\/2025\/03\/icons8-credit-card-60.png\" alt=\"No Credit Card Needed\"\/><\/div>\n\t\t\t\t\t<\/div>\n\t\t<div class=\"info-box-content\">\n\t\t\t\t\t\t\t\t\t\t<div class=\"info-box-title mb\" >\t\t\t\t\n\t\t\t\t\t<h4>Keine Kreditkarte erforderlich<\/h4>\t\t\t\t\t\n\t\t\t\t<\/div>\n\t\t\t\t\t\t\t\t\t\t<div class=\"info-box-description mb\">\n\t\t\t\t\t<p>Vereinfachte Zahlungsm\u00f6glichkeiten \u2013 bezahlen Sie mit Bargeld (Bank\u00fcberweisung) oder Kreditkarte, keine Kreditkarten oder langwierigen Verfahren erforderlich.\n<\/p>\n\t\t\t\t<\/div>\n\t\t\t\t\t<\/div>\n\t<\/div>\n<\/div>\t\t\t\t<\/div>\n\t\t\t\t<\/div>\n\t\t\t\t<\/div>\n\t\t<div class=\"elementor-element elementor-element-8778c43 e-con-full e-flex e-con e-child\" data-id=\"8778c43\" data-element_type=\"container\" data-e-type=\"container\">\n\t\t\t\t<div class=\"elementor-element elementor-element-f20e0de elementor-widget elementor-widget-pls-infobox\" data-id=\"f20e0de\" data-element_type=\"widget\" data-e-type=\"widget\" data-widget_type=\"pls-infobox.default\">\n\t\t\t\t<div class=\"elementor-widget-container\">\n\t\t\t\t\t<div id=\"pls-info-box-56586\" class=\"pls-element pls-info-box icon-effect-none icon-simple icon-top color-scheme-inherit hover-color-scheme-inherit text-center\">\n\t<div class=\"info-box-wrap\"  >\n\t\t<div class=\"box-icon-wrap\">\n\t\t\t\t\t\t\t<div class=\"info-box-icon\"><img decoding=\"async\" src=\"https:\/\/omoriwifi.com\/wp-content\/uploads\/2025\/03\/icons8-synchronize-60-1.png\" alt=\"No Hassles, Just Easy Connectivity\"\/><\/div>\n\t\t\t\t\t<\/div>\n\t\t<div class=\"info-box-content\">\n\t\t\t\t\t\t\t\t\t\t<div class=\"info-box-title mb\" >\t\t\t\t\n\t\t\t\t\t<h4>Kein \u00c4rger, nur einfache Konnektivit\u00e4t<\/h4>\t\t\t\t\t\n\t\t\t\t<\/div>\n\t\t\t\t\t\t\t\t\t\t<div class=\"info-box-description mb\">\n\t\t\t\t\t<p>Vermeiden Sie Gesch\u00e4fte, lange Formulare und vergessen Sie Bonit\u00e4tspr\u00fcfungen \u2013 beantragen Sie den Antrag online und erhalten Sie in wenigen Minuten eine Verbindung.<\/p>\n\t\t\t\t<\/div>\n\t\t\t\t\t<\/div>\n\t<\/div>\n<\/div>\t\t\t\t<\/div>\n\t\t\t\t<\/div>\n\t\t\t\t<\/div>\n\t\t<div class=\"elementor-element elementor-element-396bf69 e-con-full e-flex e-con e-child\" data-id=\"396bf69\" data-element_type=\"container\" data-e-type=\"container\">\n\t\t\t\t<div class=\"elementor-element elementor-element-3172a7f elementor-widget elementor-widget-pls-infobox\" data-id=\"3172a7f\" data-element_type=\"widget\" data-e-type=\"widget\" data-widget_type=\"pls-infobox.default\">\n\t\t\t\t<div class=\"elementor-widget-container\">\n\t\t\t\t\t<div id=\"pls-info-box-13416\" class=\"pls-element pls-info-box icon-effect-none icon-simple icon-top color-scheme-inherit hover-color-scheme-inherit text-center\">\n\t<div class=\"info-box-wrap\"  >\n\t\t<div class=\"box-icon-wrap\">\n\t\t\t\t\t\t\t<div class=\"info-box-icon\"><img decoding=\"async\" src=\"https:\/\/omoriwifi.com\/wp-content\/uploads\/2025\/03\/icons8-radio-tower-60.png\" alt=\"Major Network Coverage\"\/><\/div>\n\t\t\t\t\t<\/div>\n\t\t<div class=\"info-box-content\">\n\t\t\t\t\t\t\t\t\t\t<div class=\"info-box-title mb\" >\t\t\t\t\n\t\t\t\t\t<h4>Hauptnetzabdeckung<\/h4>\t\t\t\t\t\n\t\t\t\t<\/div>\n\t\t\t\t\t\t\t\t\t\t<div class=\"info-box-description mb\">\n\t\t\t\t\t<p>Bleiben Sie mit Top-Anbietern wie NTT Docomo, SoftBank und AU (KDDI) in Verbindung, die Ihnen in ganz Japan zuverl\u00e4ssigen Service bieten.<\/p>\n\t\t\t\t<\/div>\n\t\t\t\t\t<\/div>\n\t<\/div>\n<\/div>\t\t\t\t<\/div>\n\t\t\t\t<\/div>\n\t\t\t\t<\/div>\n\t\t\t\t\t<\/div>\n\t\t\t\t<\/div>\n\t\t\t\t<\/div>","protected":false},"excerpt":{"rendered":"<p>\uc77c\ubcf8\uc5d0\uc11c\uc758 \uc6d0\ud65c\ud55c \uc5f0\uacb0 &#8211; \uc27d\uace0 \uc548\uc815\uc801\uc774\uba70 \ubc88\uac70\ub85c\uc6c0 \uc5c6\ub294 \uc5f0\uacb0\uc131 \uc77c\ubcf8\uc5d0\uc11c \uac04\ud3b8\ud558\uace0 \uac04\ud3b8\ud558\uac8c \uc778\ud130\ub137\uc744 \uc774\uc6a9\ud560 \uc218 \uc788\uc2b5\ub2c8\ub2e4. \ub2e8\uae30 \uc5ec\ud589\uc774\ub4e0 \uc7a5\uae30 \uccb4\ub958\ub97c \uacc4\ud68d\ud558\uace0 \uc788\ub4e0, \ub2f9\uc0ac\uc758 SIM \uce74\ub4dc\uc640 \uac00\uc815\uc6a9 Wi-Fi \uc194\ub8e8\uc158\uc740 \uc5b4\ub514\ub97c \uac00\ub4e0<\/p>","protected":false},"author":2,"featured_media":0,"parent":0,"menu_order":0,"comment_status":"closed","ping_status":"closed","template":"","meta":{"footnotes":""},"class_list":["post-24939","page","type-page","status-publish","hentry"],"yoast_head":"<!-- This site is optimized with the Yoast SEO plugin v27.2 - https:\/\/yoast.com\/product\/yoast-seo-wordpress\/ -->\n<title>\ud68c\uc0ac \uc18c\uac1c - Omori WIFI<\/title>\n<meta name=\"description\" content=\"\uc77c\ubcf8\uc5d0\uc11c \uc800\ub834\ud558\uace0 \ubc88\uac70\ub85c\uc6c0 \uc5c6\ub294 \uc5f0\uacb0\uc744 \uc81c\uacf5\ud558\uae30 \uc704\ud55c \ub2f9\uc0ac\uc758 \uc0ac\uba85\uc5d0 \ub300\ud574 \uc790\uc138\ud788 \uc54c\uc544\ubcf4\uc138\uc694. \ub2e8\uae30 SIM\ubd80\ud130 \ubb34\uc81c\ud55c \uac00\uc815\uc6a9 \ubc0f \ud3ec\ucf13 \uc640\uc774\ud30c\uc774\uae4c\uc9c0, \uacc4\uc57d\uc774\ub098 \uc2e0\uc6a9 \uc870\ud68c \uc5c6\uc774 \ube60\ub974\uace0 \uc548\uc815\uc801\uc778 \uc778\ud130\ub137 \uc11c\ube44\uc2a4\ub97c \uc81c\uacf5\ud569\ub2c8\ub2e4!\" \/>\n<meta name=\"robots\" content=\"index, follow, max-snippet:-1, max-image-preview:large, max-video-preview:-1\" \/>\n<link rel=\"canonical\" href=\"https:\/\/omoriwifi.com\/de\/\ud68c\uc0ac-\uc18c\uac1c\/\" \/>\n<meta property=\"og:locale\" content=\"de_DE\" \/>\n<meta property=\"og:type\" content=\"article\" \/>\n<meta property=\"og:title\" content=\"\ud68c\uc0ac \uc18c\uac1c - Omori WIFI\" \/>\n<meta property=\"og:description\" content=\"\uc77c\ubcf8\uc5d0\uc11c \uc800\ub834\ud558\uace0 \ubc88\uac70\ub85c\uc6c0 \uc5c6\ub294 \uc5f0\uacb0\uc744 \uc81c\uacf5\ud558\uae30 \uc704\ud55c \ub2f9\uc0ac\uc758 \uc0ac\uba85\uc5d0 \ub300\ud574 \uc790\uc138\ud788 \uc54c\uc544\ubcf4\uc138\uc694. \ub2e8\uae30 SIM\ubd80\ud130 \ubb34\uc81c\ud55c \uac00\uc815\uc6a9 \ubc0f \ud3ec\ucf13 \uc640\uc774\ud30c\uc774\uae4c\uc9c0, \uacc4\uc57d\uc774\ub098 \uc2e0\uc6a9 \uc870\ud68c \uc5c6\uc774 \ube60\ub974\uace0 \uc548\uc815\uc801\uc778 \uc778\ud130\ub137 \uc11c\ube44\uc2a4\ub97c \uc81c\uacf5\ud569\ub2c8\ub2e4!\" \/>\n<meta property=\"og:url\" content=\"https:\/\/omoriwifi.com\/de\/\ud68c\uc0ac-\uc18c\uac1c\/\" \/>\n<meta property=\"og:site_name\" content=\"Omori WIFI\" \/>\n<meta property=\"og:image\" content=\"https:\/\/peachpuff-dugong-919786.hostingersite.com\/wp-content\/uploads\/2025\/03\/Untitled-design-2025-03-27T014152.325.png\" \/>\n<meta name=\"twitter:card\" content=\"summary_large_image\" \/>\n<script type=\"application\/ld+json\" class=\"yoast-schema-graph\">{\"@context\":\"https:\/\/schema.org\",\"@graph\":[{\"@type\":\"WebPage\",\"@id\":\"https:\/\/omoriwifi.com\/zh\/%ed%9a%8c%ec%82%ac-%ec%86%8c%ea%b0%9c\/\",\"url\":\"https:\/\/omoriwifi.com\/zh\/%ed%9a%8c%ec%82%ac-%ec%86%8c%ea%b0%9c\/\",\"name\":\"\ud68c\uc0ac \uc18c\uac1c - Omori WIFI\",\"isPartOf\":{\"@id\":\"https:\/\/omoriwifi.com\/ja\/#website\"},\"primaryImageOfPage\":{\"@id\":\"https:\/\/omoriwifi.com\/zh\/%ed%9a%8c%ec%82%ac-%ec%86%8c%ea%b0%9c\/#primaryimage\"},\"image\":{\"@id\":\"https:\/\/omoriwifi.com\/zh\/%ed%9a%8c%ec%82%ac-%ec%86%8c%ea%b0%9c\/#primaryimage\"},\"thumbnailUrl\":\"https:\/\/peachpuff-dugong-919786.hostingersite.com\/wp-content\/uploads\/2025\/03\/Untitled-design-2025-03-27T014152.325.png\",\"datePublished\":\"2024-04-17T07:15:52+00:00\",\"description\":\"\uc77c\ubcf8\uc5d0\uc11c \uc800\ub834\ud558\uace0 \ubc88\uac70\ub85c\uc6c0 \uc5c6\ub294 \uc5f0\uacb0\uc744 \uc81c\uacf5\ud558\uae30 \uc704\ud55c \ub2f9\uc0ac\uc758 \uc0ac\uba85\uc5d0 \ub300\ud574 \uc790\uc138\ud788 \uc54c\uc544\ubcf4\uc138\uc694. \ub2e8\uae30 SIM\ubd80\ud130 \ubb34\uc81c\ud55c \uac00\uc815\uc6a9 \ubc0f \ud3ec\ucf13 \uc640\uc774\ud30c\uc774\uae4c\uc9c0, \uacc4\uc57d\uc774\ub098 \uc2e0\uc6a9 \uc870\ud68c \uc5c6\uc774 \ube60\ub974\uace0 \uc548\uc815\uc801\uc778 \uc778\ud130\ub137 \uc11c\ube44\uc2a4\ub97c \uc81c\uacf5\ud569\ub2c8\ub2e4!\",\"breadcrumb\":{\"@id\":\"https:\/\/omoriwifi.com\/zh\/%ed%9a%8c%ec%82%ac-%ec%86%8c%ea%b0%9c\/#breadcrumb\"},\"inLanguage\":\"de\",\"potentialAction\":[{\"@type\":\"ReadAction\",\"target\":[\"https:\/\/omoriwifi.com\/zh\/%ed%9a%8c%ec%82%ac-%ec%86%8c%ea%b0%9c\/\"]}]},{\"@type\":\"ImageObject\",\"inLanguage\":\"de\",\"@id\":\"https:\/\/omoriwifi.com\/zh\/%ed%9a%8c%ec%82%ac-%ec%86%8c%ea%b0%9c\/#primaryimage\",\"url\":\"https:\/\/peachpuff-dugong-919786.hostingersite.com\/wp-content\/uploads\/2025\/03\/Untitled-design-2025-03-27T014152.325.png\",\"contentUrl\":\"https:\/\/peachpuff-dugong-919786.hostingersite.com\/wp-content\/uploads\/2025\/03\/Untitled-design-2025-03-27T014152.325.png\"},{\"@type\":\"BreadcrumbList\",\"@id\":\"https:\/\/omoriwifi.com\/zh\/%ed%9a%8c%ec%82%ac-%ec%86%8c%ea%b0%9c\/#breadcrumb\",\"itemListElement\":[{\"@type\":\"ListItem\",\"position\":1,\"name\":\"Home\",\"item\":\"https:\/\/omoriwifi.com\/ja\/\"},{\"@type\":\"ListItem\",\"position\":2,\"name\":\"\ud68c\uc0ac \uc18c\uac1c\"}]},{\"@type\":\"WebSite\",\"@id\":\"https:\/\/omoriwifi.com\/ja\/#website\",\"url\":\"https:\/\/omoriwifi.com\/ja\/\",\"name\":\"Omori WiFi\",\"description\":\"My WordPress Blog\",\"potentialAction\":[{\"@type\":\"SearchAction\",\"target\":{\"@type\":\"EntryPoint\",\"urlTemplate\":\"https:\/\/omoriwifi.com\/ja\/?s={search_term_string}\"},\"query-input\":{\"@type\":\"PropertyValueSpecification\",\"valueRequired\":true,\"valueName\":\"search_term_string\"}}],\"inLanguage\":\"de\"}]}<\/script>\n<!-- \/ Yoast SEO plugin. -->","yoast_head_json":{"title":"\ud68c\uc0ac \uc18c\uac1c - Omori WIFI","description":"\uc77c\ubcf8\uc5d0\uc11c \uc800\ub834\ud558\uace0 \ubc88\uac70\ub85c\uc6c0 \uc5c6\ub294 \uc5f0\uacb0\uc744 \uc81c\uacf5\ud558\uae30 \uc704\ud55c \ub2f9\uc0ac\uc758 \uc0ac\uba85\uc5d0 \ub300\ud574 \uc790\uc138\ud788 \uc54c\uc544\ubcf4\uc138\uc694. \ub2e8\uae30 SIM\ubd80\ud130 \ubb34\uc81c\ud55c \uac00\uc815\uc6a9 \ubc0f \ud3ec\ucf13 \uc640\uc774\ud30c\uc774\uae4c\uc9c0, \uacc4\uc57d\uc774\ub098 \uc2e0\uc6a9 \uc870\ud68c \uc5c6\uc774 \ube60\ub974\uace0 \uc548\uc815\uc801\uc778 \uc778\ud130\ub137 \uc11c\ube44\uc2a4\ub97c \uc81c\uacf5\ud569\ub2c8\ub2e4!","robots":{"index":"index","follow":"follow","max-snippet":"max-snippet:-1","max-image-preview":"max-image-preview:large","max-video-preview":"max-video-preview:-1"},"canonical":"https:\/\/omoriwifi.com\/de\/\ud68c\uc0ac-\uc18c\uac1c\/","og_locale":"de_DE","og_type":"article","og_title":"\ud68c\uc0ac \uc18c\uac1c - Omori WIFI","og_description":"\uc77c\ubcf8\uc5d0\uc11c \uc800\ub834\ud558\uace0 \ubc88\uac70\ub85c\uc6c0 \uc5c6\ub294 \uc5f0\uacb0\uc744 \uc81c\uacf5\ud558\uae30 \uc704\ud55c \ub2f9\uc0ac\uc758 \uc0ac\uba85\uc5d0 \ub300\ud574 \uc790\uc138\ud788 \uc54c\uc544\ubcf4\uc138\uc694. \ub2e8\uae30 SIM\ubd80\ud130 \ubb34\uc81c\ud55c \uac00\uc815\uc6a9 \ubc0f \ud3ec\ucf13 \uc640\uc774\ud30c\uc774\uae4c\uc9c0, \uacc4\uc57d\uc774\ub098 \uc2e0\uc6a9 \uc870\ud68c \uc5c6\uc774 \ube60\ub974\uace0 \uc548\uc815\uc801\uc778 \uc778\ud130\ub137 \uc11c\ube44\uc2a4\ub97c \uc81c\uacf5\ud569\ub2c8\ub2e4!","og_url":"https:\/\/omoriwifi.com\/de\/\ud68c\uc0ac-\uc18c\uac1c\/","og_site_name":"Omori WIFI","og_image":[{"url":"https:\/\/peachpuff-dugong-919786.hostingersite.com\/wp-content\/uploads\/2025\/03\/Untitled-design-2025-03-27T014152.325.png","type":"","width":"","height":""}],"twitter_card":"summary_large_image","schema":{"@context":"https:\/\/schema.org","@graph":[{"@type":"WebPage","@id":"https:\/\/omoriwifi.com\/zh\/%ed%9a%8c%ec%82%ac-%ec%86%8c%ea%b0%9c\/","url":"https:\/\/omoriwifi.com\/zh\/%ed%9a%8c%ec%82%ac-%ec%86%8c%ea%b0%9c\/","name":"\ud68c\uc0ac \uc18c\uac1c - Omori WIFI","isPartOf":{"@id":"https:\/\/omoriwifi.com\/ja\/#website"},"primaryImageOfPage":{"@id":"https:\/\/omoriwifi.com\/zh\/%ed%9a%8c%ec%82%ac-%ec%86%8c%ea%b0%9c\/#primaryimage"},"image":{"@id":"https:\/\/omoriwifi.com\/zh\/%ed%9a%8c%ec%82%ac-%ec%86%8c%ea%b0%9c\/#primaryimage"},"thumbnailUrl":"https:\/\/peachpuff-dugong-919786.hostingersite.com\/wp-content\/uploads\/2025\/03\/Untitled-design-2025-03-27T014152.325.png","datePublished":"2024-04-17T07:15:52+00:00","description":"\uc77c\ubcf8\uc5d0\uc11c \uc800\ub834\ud558\uace0 \ubc88\uac70\ub85c\uc6c0 \uc5c6\ub294 \uc5f0\uacb0\uc744 \uc81c\uacf5\ud558\uae30 \uc704\ud55c \ub2f9\uc0ac\uc758 \uc0ac\uba85\uc5d0 \ub300\ud574 \uc790\uc138\ud788 \uc54c\uc544\ubcf4\uc138\uc694. \ub2e8\uae30 SIM\ubd80\ud130 \ubb34\uc81c\ud55c \uac00\uc815\uc6a9 \ubc0f \ud3ec\ucf13 \uc640\uc774\ud30c\uc774\uae4c\uc9c0, \uacc4\uc57d\uc774\ub098 \uc2e0\uc6a9 \uc870\ud68c \uc5c6\uc774 \ube60\ub974\uace0 \uc548\uc815\uc801\uc778 \uc778\ud130\ub137 \uc11c\ube44\uc2a4\ub97c \uc81c\uacf5\ud569\ub2c8\ub2e4!","breadcrumb":{"@id":"https:\/\/omoriwifi.com\/zh\/%ed%9a%8c%ec%82%ac-%ec%86%8c%ea%b0%9c\/#breadcrumb"},"inLanguage":"de","potentialAction":[{"@type":"ReadAction","target":["https:\/\/omoriwifi.com\/zh\/%ed%9a%8c%ec%82%ac-%ec%86%8c%ea%b0%9c\/"]}]},{"@type":"ImageObject","inLanguage":"de","@id":"https:\/\/omoriwifi.com\/zh\/%ed%9a%8c%ec%82%ac-%ec%86%8c%ea%b0%9c\/#primaryimage","url":"https:\/\/peachpuff-dugong-919786.hostingersite.com\/wp-content\/uploads\/2025\/03\/Untitled-design-2025-03-27T014152.325.png","contentUrl":"https:\/\/peachpuff-dugong-919786.hostingersite.com\/wp-content\/uploads\/2025\/03\/Untitled-design-2025-03-27T014152.325.png"},{"@type":"BreadcrumbList","@id":"https:\/\/omoriwifi.com\/zh\/%ed%9a%8c%ec%82%ac-%ec%86%8c%ea%b0%9c\/#breadcrumb","itemListElement":[{"@type":"ListItem","position":1,"name":"Home","item":"https:\/\/omoriwifi.com\/ja\/"},{"@type":"ListItem","position":2,"name":"\ud68c\uc0ac \uc18c\uac1c"}]},{"@type":"WebSite","@id":"https:\/\/omoriwifi.com\/ja\/#website","url":"https:\/\/omoriwifi.com\/ja\/","name":"Omori WLAN","description":"Mein WordPress-Blog","potentialAction":[{"@type":"SearchAction","target":{"@type":"EntryPoint","urlTemplate":"https:\/\/omoriwifi.com\/ja\/?s={search_term_string}"},"query-input":{"@type":"PropertyValueSpecification","valueRequired":true,"valueName":"search_term_string"}}],"inLanguage":"de"}]}},"_links":{"self":[{"href":"https:\/\/omoriwifi.com\/de\/wp-json\/wp\/v2\/pages\/24939","targetHints":{"allow":["GET"]}}],"collection":[{"href":"https:\/\/omoriwifi.com\/de\/wp-json\/wp\/v2\/pages"}],"about":[{"href":"https:\/\/omoriwifi.com\/de\/wp-json\/wp\/v2\/types\/page"}],"author":[{"embeddable":true,"href":"https:\/\/omoriwifi.com\/de\/wp-json\/wp\/v2\/users\/2"}],"replies":[{"embeddable":true,"href":"https:\/\/omoriwifi.com\/de\/wp-json\/wp\/v2\/comments?post=24939"}],"version-history":[{"count":0,"href":"https:\/\/omoriwifi.com\/de\/wp-json\/wp\/v2\/pages\/24939\/revisions"}],"wp:attachment":[{"href":"https:\/\/omoriwifi.com\/de\/wp-json\/wp\/v2\/media?parent=24939"}],"curies":[{"name":"wp","href":"https:\/\/api.w.org\/{rel}","templated":true}]}}