{"id":24968,"date":"2025-03-28T00:40:25","date_gmt":"2025-03-28T00:40:25","guid":{"rendered":"https:\/\/peachpuff-dugong-919786.hostingersite.com\/termos-e-condicoes\/"},"modified":"2025-03-28T00:40:25","modified_gmt":"2025-03-28T00:40:25","slug":"termos-e-condicoes","status":"publish","type":"page","link":"https:\/\/omoriwifi.com\/de\/termos-e-condicoes\/","title":{"rendered":"Termos e condi\u00e7\u00f5es"},"content":{"rendered":"<p><strong>Einf\u00fchrung<\/strong><\/p>\n\n\n\n<p>Bem-vindo ao <strong>OMORI-MART<\/strong>, \u00e4hm mercado online operado pela <strong>COMFYS JAPAN LLC<\/strong>.&nbsp;<\/p>\n\n\n\n<p>Um auf unsere Website und unsere Dienstleistungen zuzugreifen oder sie zu nutzen, nehmen Sie Kontakt mit uns auf und verlassen uns auf die n\u00e4chsten Thermen und Konditionen. Bitte achten Sie darauf, dass Sie auf der Website keine Produkte von OMORI-MART kaufen m\u00f6chten. <\/p>\n\n\n\n<h4 class=\"wp-block-heading\"><strong>1. Informa\u00e7\u00f5es gerais<\/strong><\/h4>\n\n\n\n<ul class=\"wp-block-list\">\n<li><strong>Nome da empresa<\/strong>: COMFYS JAPAN LLC<\/li>\n\n\n\n<li><strong>Endere\u00e7o do escrit\u00f3rio<\/strong>: R Cube Aoyama, 3. Stock, 1-3-1 Kita-Aoyama, Minato-ku, T\u00f3quio, 107-0061, Japan<\/li>\n\n\n\n<li><strong>Website:<\/strong> https:\/\/peachpuff-dugong-919786.hostingersite.com\/<\/li>\n\n\n\n<li><strong>Descri\u00e7\u00e3o da empresa<\/strong>: Fazemos com que voc\u00ea que fique conectado no Jap\u00e3o de forma simples e sem kompliziertes. Es ist nicht wichtig, dass Sie das Land besuchen, um eine kurze Reise oder ein Flugzeug \u00fcber einen l\u00e4ngeren Zeitraum zu verbringen. Unsere SIM-Karten und Wi-Fi-L\u00f6sungen f\u00fcr den Inland garantieren Ihnen, dass Sie \u00fcber eine Internetverbindung und eine hohe Geschwindigkeit verf\u00fcgen, solange Sie unterwegs sind. Keine komplizierten Vertr\u00e4ge, keine Kreditw\u00fcrdigkeitspr\u00fcfung \u2013 die Verbindung ist perfekt. Unsere Missverst\u00e4ndnisse bestehen darin, dass wir aufgrund der Verf\u00fcgbarkeit von Daten, Wi-Fi-Zugang und Wirtschaftlichkeit Dienstleistungen erbringen m\u00fcssen. Mit flexiblen Pl\u00e4nen, kostenlosen Eins\u00e4tzen und zur\u00fcckgezogenen Gesichtsausdr\u00fccken legen Sie Wert auf Bequemlichkeit, damit Sie sich darauf konzentrieren k\u00f6nnen, Ihr Tempo in Japan zu verbessern.   <\/li>\n<\/ul>\n\n\n\n<h4 class=\"wp-block-heading\"><strong>2. Elegibilidade para uso<\/strong><\/h4>\n\n\n\n<p>Wenn Sie SIM-OMORI-MART verwenden, best\u00e4tigen Sie, dass Sie die beste Idee haben<\/p>\n\n\n\n<h4 class=\"wp-block-heading\"><strong>3. Pedidos e pagamentos<\/strong><\/h4>\n\n\n\n<p>3.1 <strong>Processo de pedido<\/strong>:<\/p>\n\n\n\n<ul class=\"wp-block-list\">\n<li>Alle von SIM-OMORI-MART eingereichten Pedidos wurden von COMFYS JAPAN LLC \u00fcbernommen. Bitte senden Sie mir eine Best\u00e4tigung per E-Mail. Wir bitten Sie nicht, die Stornierung zu t\u00e4tigen oder die Anzahl der zur Verf\u00fcgung stehenden Produkte zu begrenzen, es liegen Preisfehler vor oder Sie k\u00f6nnen uns aus unserem Kriterium nicht begr\u00fcnden.  <\/li>\n<\/ul>\n\n\n\n<p>3.2 <strong>M\u00e9todos de pagamento<\/strong>:<\/p>\n\n\n\n<ul class=\"wp-block-list\">\n<li>Wir bieten Ihnen die wichtigsten Kreditkarten-, Bank\u00fcberweisungs- und Zahlungsformulare an, die auf unserer Website aufgef\u00fchrt sind. Alle Preise sind in japanischen W\u00e4hrungen (JPY) gelistet, einschlie\u00dflich aller angemeldeten Betr\u00fcgereien, die nur im Gegenzug angezeigt werden. <\/li>\n<\/ul>\n\n\n\n<p>3.3 <strong>Reembolsos e cancelamentos<\/strong>:<\/p>\n\n\n\n<ul class=\"wp-block-list\">\n<li>Unsere Kunden k\u00f6nnen vor der Bestellung eine Stornierung beantragen. Stellen Sie sicher, dass das Produkt versandt wurde und die Stornierungen nicht gestattet sind. Reembolsos k\u00f6nnen im Fall von fehlerhaften Produkten oder Fehlern beim Eintreffen emittiert werden und einer Inspektion unterzogen werden. F\u00fcr die R\u00fccksendung nehmen wir Kontakt mit unserem Support-Team auf, das dem Kunden seit mindestens 7 Tagen zur Verf\u00fcgung steht.   <\/li>\n<\/ul>\n\n\n\n<h4 class=\"wp-block-heading\"><strong>4. Verf\u00fcgbarkeit und Preis f\u00fcr das Produkt<\/strong><\/h4>\n\n\n\n<p>4.1 <strong>Verf\u00fcgbarkeit<\/strong>:<\/p>\n\n\n\n<ul class=\"wp-block-list\">\n<li>Wir sind bestrebt, auf unserer Website neue Erkenntnisse zu gewinnen. Nichtsdestotrotz, wenn Sie sich auf eine hohe Nachfrage oder eine Flut von Hilfsangeboten verlassen, k\u00f6nnen Sie nach der Verwirklichung Ihres Beitrags nicht darauf reagieren. Bitte benachrichtigen Sie uns in diesem Fall und bieten Ihnen ein Ersatzprodukt an oder f\u00fchren Sie eine R\u00fcckerstattung durch.  <\/li>\n<\/ul>\n\n\n\n<p>4.2 <strong>Pr\u00e4zisierung<\/strong>:<\/p>\n\n\n\n<ul class=\"wp-block-list\">\n<li>Unsere Preise f\u00fcr unsere Produkte werden nach vorheriger Ank\u00fcndigung ge\u00e4ndert. Wir haben alle Anstrengungen unternommen, um auf unserer Website genaue Preise zu gew\u00e4hrleisten, es k\u00f6nnen jedoch Fehler auftreten. In keinem Fall liegt ein Fehler im Preis vor, wir reservieren oder stornieren sofort oder benachrichtigen den Kunden entsprechend.  <\/li>\n<\/ul>\n\n\n\n<h4 class=\"wp-block-heading\"><strong>5. Envio e entrega<\/strong><\/h4>\n\n\n\n<p>5.1 <strong>\u00c1rea de entrega<\/strong>:<\/p>\n\n\n\n<ul class=\"wp-block-list\">\n<li>Derzeit hat SIM-OMORI-MART einige Zeit damit verbracht, Japan zu besuchen. Ich bin nicht beneidenswert internacionais. <\/li>\n<\/ul>\n\n\n\n<p>5.2 <strong>Taxas de remessa<\/strong>:<\/p>\n\n\n\n<ul class=\"wp-block-list\">\n<li>Als Remess-Taxen variieren sie je nach Bedarf, je nachdem, wie viel Sie bezahlen m\u00fcssen. Alle von uns eingereichten Reklamationen werden bis zum Abschluss des Kaufs ausgestellt. Sie k\u00f6nnen kostenlos in gro\u00dfen Mengen unterwegs sein, abh\u00e4ngig von der Gesamtzahl der Kinder.  <\/li>\n<\/ul>\n\n\n\n<p>5.3 <strong>Prazo de entrega<\/strong>:<\/p>\n\n\n\n<ul class=\"wp-block-list\">\n<li>Im Normalfall dauerte es 2 bis 3 Tage. Die einzelnen Schritte k\u00f6nnen je nach Standort und gew\u00e4hlter Umgebungsmethode ge\u00e4ndert werden. OMORI-MART reagiert nicht auf Sch\u00e4den, die durch \u00e4u\u00dfere Umst\u00e4nde, klimatische Bedingungen, Transport- oder Befreiungsprobleme verursacht werden.  <\/li>\n<\/ul>\n\n\n\n<h4 class=\"wp-block-heading\"><strong>6. Devolu\u00e7\u00e3o- und Reembolso-Politik<\/strong><\/h4>\n\n\n\n<p>6.1 <strong>Elegibilidade para devolu\u00e7\u00f5es<\/strong>:<\/p>\n\n\n\n<ul class=\"wp-block-list\">\n<li>Bei den Produkten handelt es sich um Produkte, die sorgf\u00e4ltig hergestellt oder auf jeden Fall verkauft werden k\u00f6nnen. Unsere Kunden haben uns sp\u00e4testens am 7. Tag nach dem Empfang benachrichtigt und m\u00fcssen beweisen, dass sie sicher oder unbrauchbar sind. Bitte beachten Sie, dass wir Sie, einschlie\u00dflich der Fleischprodukte, 24 Stunden nach Erhalt der Ware informieren m\u00fcssen.  <\/li>\n<\/ul>\n\n\n\n<p>6.2 <strong>Es ist nicht m\u00f6glich, dass Sie es tun<\/strong>:<\/p>\n\n\n\n<ul class=\"wp-block-list\">\n<li>Alkoholische Getr\u00e4nke und andere verdorbene Produkte (wie Fleisch) k\u00f6nnen nicht verwendet werden, bis zu dem Zeitpunkt, an dem sie am Ende einen Fehler gemacht haben oder einen Fehler gemacht haben.<\/li>\n<\/ul>\n\n\n\n<p>6.3 <strong>Processo de reembolso<\/strong>:<\/p>\n\n\n\n<ul class=\"wp-block-list\">\n<li>Bitte best\u00e4tigen Sie die Berechtigung f\u00fcr eine R\u00fccksendung, die Reembolsos werden f\u00fcr die urspr\u00fcngliche Zahlungsmethode bearbeitet. Die Reembolsos k\u00f6nnten bis zu 10 Tage dauern, um sie zu erwerben, abh\u00e4ngig von Ihrer Finanzeinrichtung. <\/li>\n<\/ul>\n\n\n\n<h4 class=\"wp-block-heading\"><strong>7. Pol\u00edtica de privacidade<\/strong><\/h4>\n\n\n\n<p>Wir schlie\u00dfen einen Kompromiss aus, um Ihre pers\u00f6nlichen Informationen zu sch\u00fctzen. Alle von OMORI-MART betreuten Kunden wurden im Einklang mit unserer Datenschutzrichtlinie behandelt. Wir teilen oder verkaufen Ihre pers\u00f6nlichen Informationen nicht mit Ihrem Einverst\u00e4ndnis, sondern nur dann, wenn Sie ihn ben\u00f6tigen.  <\/p>\n\n\n\n<h4 class=\"wp-block-heading\"><strong>8. Haftungsbeschr\u00e4nkung<\/strong><\/h4>\n\n\n\n<p>COMFYS JAPAN LLC ist nicht daf\u00fcr verantwortlich, dass es sich um indirekte, zuf\u00e4llige oder daraus resultierende Sch\u00e4den durch die Nutzung von OMORI-MART oder die auf unserer Website verkauften Produkte handelt. Unsere maximale Verantwortung ist auf die Qualit\u00e4t unserer Produkte in dieser Angelegenheit beschr\u00e4nkt. <\/p>\n\n\n\n<h4 class=\"wp-block-heading\"><strong>9. Legislative Regelung<\/strong><\/h4>\n\n\n\n<p>Unsere Thermen und Condi\u00e7\u00f5es sind in Japan sehr beliebt. Die von SIM-OMORI-MART genutzten Streitf\u00e4lle unterliegen der ausschlie\u00dflichen Gerichtsbarkeit der Gerichte von Toquio, Japan. <\/p>\n\n\n\n<h4 class=\"wp-block-heading\"><strong>10. \u00c4nderungen unserer Thermen und Konditionen<\/strong><\/h4>\n\n\n\n<p>COMFYS JAPAN LLC beh\u00e4lt sich vor, diese Bedingungen und Konditionen jederzeit zu aktualisieren oder zu \u00e4ndern. Da \u00c4nderungen nicht auf der Website von OMORI-MART ver\u00f6ffentlicht wurden, nutzen wir weiterhin unsere Dienstleistungen, da \u00c4nderungen bedeuten, dass Sie die Fristen ge\u00e4ndert haben. <\/p>\n\n\n\n<p>Im Falle von Problemen oder Problemen mit der Beziehung zu diesen Thermen und Konditionen nehmen wir Kontakt mit unserem Team auf, das dem Kunden zur Verf\u00fcgung steht <strong>E-Mail: support@omorimart.com.<\/strong><\/p>\n\n\n\n<p>Als wir OMORI-MART nutzten, wussten wir, dass wir uns mit diesen Thermen und Konditionen einverstanden erkl\u00e4rten.<\/p>","protected":false},"excerpt":{"rendered":"<p>Introdu\u00e7\u00e3o Bem-vindo ao OMORI-MART, um mercado on-line operado pela COMFYS JAPAN LLC.&nbsp; Ao acessar ou usar nosso site e nossos servi\u00e7os, voc\u00ea concorda em cumprir e estar vinculado aos seguintes<\/p>","protected":false},"author":2,"featured_media":0,"parent":0,"menu_order":0,"comment_status":"closed","ping_status":"closed","template":"","meta":{"footnotes":""},"class_list":["post-24968","page","type-page","status-publish","hentry"],"yoast_head":"<!-- This site is optimized with the Yoast SEO plugin v27.2 - https:\/\/yoast.com\/product\/yoast-seo-wordpress\/ -->\n<title>Termos e condi\u00e7\u00f5es - Omori WIFI<\/title>\n<meta name=\"robots\" content=\"index, follow, max-snippet:-1, max-image-preview:large, max-video-preview:-1\" \/>\n<link rel=\"canonical\" href=\"https:\/\/omoriwifi.com\/de\/termos-e-condicoes\/\" \/>\n<meta property=\"og:locale\" content=\"de_DE\" \/>\n<meta property=\"og:type\" content=\"article\" \/>\n<meta property=\"og:title\" content=\"Termos e condi\u00e7\u00f5es - Omori WIFI\" \/>\n<meta property=\"og:description\" content=\"Introdu\u00e7\u00e3o Bem-vindo ao OMORI-MART, um mercado on-line operado pela COMFYS JAPAN LLC.&nbsp; Ao acessar ou usar nosso site e nossos servi\u00e7os, voc\u00ea concorda em cumprir e estar vinculado aos seguintes\" \/>\n<meta property=\"og:url\" content=\"https:\/\/omoriwifi.com\/de\/termos-e-condicoes\/\" \/>\n<meta property=\"og:site_name\" content=\"Omori WIFI\" \/>\n<meta name=\"twitter:card\" content=\"summary_large_image\" \/>\n<meta name=\"twitter:label1\" content=\"Gesch\u00e4tzte Lesezeit\" \/>\n\t<meta name=\"twitter:data1\" content=\"5\u00a0Minuten\" \/>\n<script type=\"application\/ld+json\" class=\"yoast-schema-graph\">{\"@context\":\"https:\/\/schema.org\",\"@graph\":[{\"@type\":\"WebPage\",\"@id\":\"https:\/\/omoriwifi.com\/uk\/termos-e-condicoes\/\",\"url\":\"https:\/\/omoriwifi.com\/uk\/termos-e-condicoes\/\",\"name\":\"Termos e condi\u00e7\u00f5es - Omori WIFI\",\"isPartOf\":{\"@id\":\"https:\/\/omoriwifi.com\/ja\/#website\"},\"datePublished\":\"2025-03-28T00:40:25+00:00\",\"breadcrumb\":{\"@id\":\"https:\/\/omoriwifi.com\/uk\/termos-e-condicoes\/#breadcrumb\"},\"inLanguage\":\"de\",\"potentialAction\":[{\"@type\":\"ReadAction\",\"target\":[\"https:\/\/omoriwifi.com\/uk\/termos-e-condicoes\/\"]}]},{\"@type\":\"BreadcrumbList\",\"@id\":\"https:\/\/omoriwifi.com\/uk\/termos-e-condicoes\/#breadcrumb\",\"itemListElement\":[{\"@type\":\"ListItem\",\"position\":1,\"name\":\"Home\",\"item\":\"https:\/\/omoriwifi.com\/ja\/\"},{\"@type\":\"ListItem\",\"position\":2,\"name\":\"Termos e condi\u00e7\u00f5es\"}]},{\"@type\":\"WebSite\",\"@id\":\"https:\/\/omoriwifi.com\/ja\/#website\",\"url\":\"https:\/\/omoriwifi.com\/ja\/\",\"name\":\"Omori WiFi\",\"description\":\"My WordPress Blog\",\"potentialAction\":[{\"@type\":\"SearchAction\",\"target\":{\"@type\":\"EntryPoint\",\"urlTemplate\":\"https:\/\/omoriwifi.com\/ja\/?s={search_term_string}\"},\"query-input\":{\"@type\":\"PropertyValueSpecification\",\"valueRequired\":true,\"valueName\":\"search_term_string\"}}],\"inLanguage\":\"de\"}]}<\/script>\n<!-- \/ Yoast SEO plugin. -->","yoast_head_json":{"title":"Termos e condi\u00e7\u00f5es - Omori WIFI","robots":{"index":"index","follow":"follow","max-snippet":"max-snippet:-1","max-image-preview":"max-image-preview:large","max-video-preview":"max-video-preview:-1"},"canonical":"https:\/\/omoriwifi.com\/de\/termos-e-condicoes\/","og_locale":"de_DE","og_type":"article","og_title":"Termos e condi\u00e7\u00f5es - Omori WIFI","og_description":"Introdu\u00e7\u00e3o Bem-vindo ao OMORI-MART, um mercado on-line operado pela COMFYS JAPAN LLC.&nbsp; Ao acessar ou usar nosso site e nossos servi\u00e7os, voc\u00ea concorda em cumprir e estar vinculado aos seguintes","og_url":"https:\/\/omoriwifi.com\/de\/termos-e-condicoes\/","og_site_name":"Omori WIFI","twitter_card":"summary_large_image","twitter_misc":{"Gesch\u00e4tzte Lesezeit":"5\u00a0Minuten"},"schema":{"@context":"https:\/\/schema.org","@graph":[{"@type":"WebPage","@id":"https:\/\/omoriwifi.com\/uk\/termos-e-condicoes\/","url":"https:\/\/omoriwifi.com\/uk\/termos-e-condicoes\/","name":"Termos e condi\u00e7\u00f5es - Omori WIFI","isPartOf":{"@id":"https:\/\/omoriwifi.com\/ja\/#website"},"datePublished":"2025-03-28T00:40:25+00:00","breadcrumb":{"@id":"https:\/\/omoriwifi.com\/uk\/termos-e-condicoes\/#breadcrumb"},"inLanguage":"de","potentialAction":[{"@type":"ReadAction","target":["https:\/\/omoriwifi.com\/uk\/termos-e-condicoes\/"]}]},{"@type":"BreadcrumbList","@id":"https:\/\/omoriwifi.com\/uk\/termos-e-condicoes\/#breadcrumb","itemListElement":[{"@type":"ListItem","position":1,"name":"Home","item":"https:\/\/omoriwifi.com\/ja\/"},{"@type":"ListItem","position":2,"name":"Termos e condi\u00e7\u00f5es"}]},{"@type":"WebSite","@id":"https:\/\/omoriwifi.com\/ja\/#website","url":"https:\/\/omoriwifi.com\/ja\/","name":"Omori WLAN","description":"Mein WordPress-Blog","potentialAction":[{"@type":"SearchAction","target":{"@type":"EntryPoint","urlTemplate":"https:\/\/omoriwifi.com\/ja\/?s={search_term_string}"},"query-input":{"@type":"PropertyValueSpecification","valueRequired":true,"valueName":"search_term_string"}}],"inLanguage":"de"}]}},"_links":{"self":[{"href":"https:\/\/omoriwifi.com\/de\/wp-json\/wp\/v2\/pages\/24968","targetHints":{"allow":["GET"]}}],"collection":[{"href":"https:\/\/omoriwifi.com\/de\/wp-json\/wp\/v2\/pages"}],"about":[{"href":"https:\/\/omoriwifi.com\/de\/wp-json\/wp\/v2\/types\/page"}],"author":[{"embeddable":true,"href":"https:\/\/omoriwifi.com\/de\/wp-json\/wp\/v2\/users\/2"}],"replies":[{"embeddable":true,"href":"https:\/\/omoriwifi.com\/de\/wp-json\/wp\/v2\/comments?post=24968"}],"version-history":[{"count":0,"href":"https:\/\/omoriwifi.com\/de\/wp-json\/wp\/v2\/pages\/24968\/revisions"}],"wp:attachment":[{"href":"https:\/\/omoriwifi.com\/de\/wp-json\/wp\/v2\/media?parent=24968"}],"curies":[{"name":"wp","href":"https:\/\/api.w.org\/{rel}","templated":true}]}}