{"id":24983,"date":"2025-03-25T17:10:57","date_gmt":"2025-03-25T17:10:57","guid":{"rendered":"https:\/\/peachpuff-dugong-919786.hostingersite.com\/%d0%bf%d0%be%d0%bb%d0%b8%d1%82%d0%b8%d0%ba%d0%b0-%d0%ba%d0%be%d0%bd%d1%84%d0%b8%d0%b4%d0%b5%d0%bd%d1%86%d0%b8%d0%b0%d0%bb%d1%8c%d0%bd%d0%be%d1%81%d1%82%d0%b8\/"},"modified":"2025-03-25T17:10:57","modified_gmt":"2025-03-25T17:10:57","slug":"%d0%bf%d0%be%d0%bb%d0%b8%d1%82%d0%b8%d0%ba%d0%b0-%d0%ba%d0%be%d0%bd%d1%84%d0%b8%d0%b4%d0%b5%d0%bd%d1%86%d0%b8%d0%b0%d0%bb%d1%8c%d0%bd%d0%be%d1%81%d1%82%d0%b8","status":"publish","type":"page","link":"https:\/\/omoriwifi.com\/de\/%d0%bf%d0%be%d0%bb%d0%b8%d1%82%d0%b8%d0%ba%d0%b0-%d0%ba%d0%be%d0%bd%d1%84%d0%b8%d0%b4%d0%b5%d0%bd%d1%86%d0%b8%d0%b0%d0%bb%d1%8c%d0%bd%d0%be%d1%81%d1%82%d0%b8\/","title":{"rendered":"Politische Vertraulichkeit"},"content":{"rendered":"<h3 class=\"wp-block-heading\"><strong>Die Daten werden im Laufe der Zeit aktualisiert<\/strong>: 20. April 2025.<\/h3>\n\n\n\n<p>Im Laden<strong> SIM-OMORI-MART<\/strong>, \u0443\u043f\u0440\u0430\u0432\u043b\u044f\u0435\u043c\u043e\u043c&nbsp;<strong>COMFYS JAPAN LLC<\/strong>, Wir verpflichten uns, Ihre vertraulichen Informationen zu befolgen und Ihre pers\u00f6nlichen Informationen zu befolgen. In der aktuellen politischen Vertraulichkeitserkl\u00e4rung werden Ihnen Informationen, die wir Ihnen zur Verf\u00fcgung stellen, zur Verf\u00fcgung gestellt, abgerufen und abgefragt auf unserer Seite oder \u00dcberwachen Sie keinen Kauf. Bitte beachten Sie, dass Sie auf unserer Seite eine praktische, vertrauliche Stellungnahme erhalten haben.  <\/p>\n\n\n\n<h4 class=\"wp-block-heading\">&nbsp;<\/h4>\n\n\n\n<h4 class=\"wp-block-heading\"><strong>1. Informationen, die mir zur Verf\u00fcgung stehen<\/strong><\/h4>\n\n\n\n<p>Wir haben f\u00fcr Sie nur wenige Informationen zu diesem Thema gesammelt, die wir Ihnen zur Verf\u00fcgung stellen und die Sie bei OMORI-MART kontaktieren. Hier finden Sie die folgenden Informationen: <\/p>\n\n\n\n<p>1.1 <strong>Detaillierte Informationen<\/strong>:<\/p>\n\n\n\n<ul class=\"wp-block-list\">\n<li>\u0418\u043c\u044f<\/li>\n\n\n\n<li>Adresse<\/li>\n\n\n\n<li>Elektronische Adressen<\/li>\n\n\n\n<li>\u041d\u043e\u043c\u0435\u0440 \u0442\u0435\u043b\u0435\u0444\u043e\u043d\u0430<\/li>\n\n\n\n<li>Zahlungsinformationen (Kreditkartenkredite, Bank\u00fcberweisungen usw.)<\/li>\n\n\n\n<li>\u0414\u0430\u0442\u0430 \u0440\u043e\u0436\u0434\u0435\u043d\u0438\u044f (D\u043b\u044f \u043f\u0440\u043e\u0432\u0435\u0440\u043a\u0438 \u0432\u043e\u0437\u0440\u0430\u0441\u0442\u0430, \u043a\u043e\u0442\u043e\u0440\u043e\u0433\u043e \u043c\u043e\u0436\u043d\u043e \u0443\u043f\u043e\u0442\u0440\u0435\u0431\u043b\u044f\u0442\u044c \u0430\u043b\u043a\u043e\u0433\u043e\u043b\u044c)<\/li>\n<\/ul>\n\n\n\n<p>1.2 <strong>Unverbindliche Informationen<\/strong>:<\/p>\n\n\n\n<ul class=\"wp-block-list\">\n<li>\u0422\u0438\u043f \u0431\u0440\u0430\u0443\u0437\u0435\u0440\u0430<\/li>\n\n\n\n<li>Informationen zum Ger\u00e4t<\/li>\n\n\n\n<li>IP-Adresse<\/li>\n\n\n\n<li>\u0414\u0430\u043d\u043d\u044b\u0435 \u043e\u0431 \u0438\u0441\u043f\u043e\u043b\u044c\u0437\u043e\u0432\u0430\u043d\u0438\u0438 \u0432\u0435\u0431-\u0441\u0430\u0439\u0442\u0430 (\u043f\u043e\u0441\u0435\u0449\u0435\u043d\u043d\u044b\u0435 \u0441\u0442\u0440\u0430\u043d\u0438\u0446\u044b, \u0432\u0440\u0435\u043c\u044f, \u043f\u0440\u043e\u0432\u0435\u0434\u0435\u043d\u043d\u043e\u0435 \u043d\u0430 \u0421\u0430\u0439\u0442\u0435, \u0438 \u0442.\u0434.)<\/li>\n<\/ul>\n\n\n\n<h4 class=\"wp-block-heading\"><strong>2. Hier k\u00f6nnen wir Ihnen Ihre Informationen zur Verf\u00fcgung stellen<\/strong><\/h4>\n\n\n\n<p>Wir haben folgende Informationen zu folgenden Themen verwendet:<\/p>\n\n\n\n<p>2.1 <strong>Bestellbest\u00e4tigung<\/strong>:<\/p>\n\n\n\n<ul class=\"wp-block-list\">\n<li>F\u00fcr die Lieferung und Lieferung Ihrer Bestellung, Lieferung und Lieferung des Ger\u00e4ts.<\/li>\n\n\n\n<li>Bevor Sie die Bestellung, die Bezahlung und die Informationen auf elektronischem Wege oder per Telefon aufgeben.<\/li>\n<\/ul>\n\n\n\n<p>2.2 <strong>Kundenzufriedenheit<\/strong>:<\/p>\n\n\n\n<ul class=\"wp-block-list\">\n<li>Bitte beachten Sie, dass Ihre Fragen, Forderungen oder Verst\u00f6\u00dfe vorliegen.<\/li>\n\n\n\n<li>Sie werden aufgefordert, in Ihrem Auftrag neue Erkenntnisse oder Entscheidungen zu treffen.<\/li>\n<\/ul>\n\n\n\n<p>2.3 <strong>\u041f\u0435\u0440\u0441\u043e\u043d\u0430\u043b\u0438\u0437\u0430\u0446\u0438\u044f<\/strong>:<\/p>\n\n\n\n<ul class=\"wp-block-list\">\n<li>Wir empfehlen Ihnen, Ihr Angebot zu personalisieren und Produkte auf dem aktuellen Stand zu empfehlen.<\/li>\n\n\n\n<li>Damit k\u00f6nnen Sie die Funktionalit\u00e4t Ihrer Website und deren Meinungs\u00e4u\u00dferung verbessern.<\/li>\n<\/ul>\n\n\n\n<p>2.4 <strong>Marketing- und Reklamationsaktionen<\/strong>:<\/p>\n\n\n\n<ul class=\"wp-block-list\">\n<li>Zur \u00dcberpr\u00fcfung unserer Reklamationsfristen, Verz\u00f6gerungen und Neuerungen bei OMORI-MART-Produkten und -Verk\u00e4ufen (nur wenn Sie uns an der Vermarktung interessiert sind \u0441\u043e\u043e\u0431\u0449\u0435\u043d\u0438\u044f).<\/li>\n\n\n\n<li>Wir bieten Ihnen spezielle Angebote f\u00fcr die Bestellung von Alko-Produkten und anderen Produkten an.<\/li>\n<\/ul>\n\n\n\n<p>2.5 <strong>\u0421\u043e\u043e\u0442\u0432\u0435\u0442\u0441\u0442\u0432\u0438\u0435 \u0437\u0430\u043a\u043e\u043d\u0430\u043c<\/strong>:<\/p>\n\n\n\n<ul class=\"wp-block-list\">\n<li>Zur Durchf\u00fchrung einer Pr\u00fcfung des Strafverfahrens, z. B. f\u00fcr die \u00dcberpr\u00fcfung der Kosten, die f\u00fcr den Erwerb von Alkoholkonsum erforderlich sind.<\/li>\n<\/ul>\n\n\n\n<h4 class=\"wp-block-heading\">&nbsp;<\/h4>\n\n\n\n<h4 class=\"wp-block-heading\"><strong>3. Allgemeine Informationen<\/strong><\/h4>\n\n\n\n<p>Wir sind Ihre Vertrauensperson und m\u00fcssen sie nicht ver\u00f6ffentlichen, im Laufe des Jahres versenden oder ablehnen. Dies ist nicht der Fall, ich kann Ihnen die folgenden Informationen liefern: <\/p>\n\n\n\n<p>3.1 <strong>\u041f\u043e\u0441\u0442\u0430\u0432\u0449\u0438\u043a\u0438 \u0443\u0441\u043b\u0443\u0433<\/strong>:<\/p>\n\n\n\n<ul class=\"wp-block-list\">\n<li>Das Unternehmen ist auf die Abwicklung, Lieferung und Bestellung spezialisiert.<\/li>\n\n\n\n<li>Die Post wird zur Website-Analyse, -Analyse und zum Marketing genutzt.<\/li>\n<\/ul>\n\n\n\n<p>3.2 <strong>\u0421\u043e\u043e\u0442\u0432\u0435\u0442\u0441\u0442\u0432\u0438\u0435 \u0437\u0430\u043a\u043e\u043d\u043e\u0434\u0430\u0442\u0435\u043b\u044c\u0441\u0442\u0432\u0443<\/strong>:<\/p>\n\n\n\n<ul class=\"wp-block-list\">\n<li>Sofern dies nicht der Fall ist, k\u00f6nnen wir einzelne Informationen unserer Organisation oder andere Lizenzen zur Verwendung in Drittl\u00e4ndern abrufen Bitte beachten Sie, dass die Kunden sich f\u00fcr OMORI-MART und diese Kunden entschieden haben.<\/li>\n<\/ul>\n\n\n\n<h4 class=\"wp-block-heading\">&nbsp;<\/h4>\n\n\n\n<h4 class=\"wp-block-heading\"><strong>4. \u0411\u0435\u0437\u043e\u043f\u0430\u0441\u043d\u043e\u0441\u0442\u044c \u0434\u0430\u043d\u043d\u044b\u0445<\/strong><\/h4>\n\n\n\n<p>Wir bitten Sie, Ihre pers\u00f6nlichen Informationen zu erhalten. Wir verwenden Standard-Verschl\u00fcsselungsprotokolle und spezielle Sicherheitsverschl\u00fcsselungsprotokolle f\u00fcr den Schutz Ihrer vertraulichen Sicherheitsinformationen. 100% ist nicht f\u00fcr die \u00dcbertragung geeignet, da das Internet oder die elektronische Stromversorgung nicht verf\u00fcgbar ist. Da wir nur wenige Informationen ben\u00f6tigen, kann ich nicht garantieren, dass sie absolut sicher sind.   <\/p>\n\n\n\n<h4 class=\"wp-block-heading\">&nbsp;<\/h4>\n\n\n\n<h4 class=\"wp-block-heading\"><strong>5. Cookies und Technologie\u00fcberwachung<\/strong><\/h4>\n\n\n\n<p>OMORI-MART verwendet Cookie-Dateien und analoge Technologie zur Analyse, damit Sie Ihre Daten nicht auf der Website ver\u00f6ffentlichen k\u00f6nnen. Cookies werden ben\u00f6tigt, um Ihre Anfrage zu beantworten, die Website-Nutzung zu \u00fcberwachen und Ihren Einkauf zu personalisieren. <\/p>\n\n\n\n<p>5.1 <strong>Die von mir verwendeten Cookie-Typen<\/strong>:<\/p>\n\n\n\n<ul class=\"wp-block-list\">\n<li><strong>Neues Cookie f\u00fcr Dateien<\/strong>: Es gibt keine Notwendigkeiten f\u00fcr die Arbeit auf unserer Website und daf\u00fcr, dass Sie die \u00dcbertragungen unterst\u00fctzen k\u00f6nnen.<\/li>\n\n\n\n<li><strong>Analyse-Cookies<\/strong>: Wird f\u00fcr die Erstellung dieser Daten verwendet, je nachdem, welche Inhalte von einem bestimmten Anbieter ausgew\u00e4hlt wurden (Beispiel, ausgew\u00e4hlte Sprachen, g\u00fcltige Frist).<\/li>\n\n\n\n<li><strong>Marketing-Cookies<\/strong>: Wird f\u00fcr die Bereitstellung pers\u00f6nlicher Reklamationen und Reklamationsinhalte verwendet.<\/li>\n<\/ul>\n\n\n\n<p>Sie k\u00f6nnen Cookies in Ihrem Browser verwenden, damit diese nicht angezeigt werden, aber Sie k\u00f6nnen keine Cookies verwenden Funktionen von OMORI-MART.<\/p>\n\n\n\n<h4 class=\"wp-block-heading\">&nbsp;<\/h4>\n\n\n\n<h4 class=\"wp-block-heading\"><strong>6. Klicken Sie hier und w\u00e4hlen Sie es aus<\/strong><\/h4>\n\n\n\n<p>6.1 <strong>Lieferung und Verbreitung<\/strong>:<\/p>\n\n\n\n<ul class=\"wp-block-list\">\n<li>Wir bitten Sie, Ihre pers\u00f6nlichen Informationen zu erhalten und sie zu aktualisieren. Sie k\u00f6nnen dies weiterleiten, indem Sie es mit Ihren Followern verkn\u00fcpfen oder entfernen. <\/li>\n<\/ul>\n\n\n\n<p>6.2 <strong>Kommentar zur Marketingkommunikation<\/strong>:<\/p>\n\n\n\n<ul class=\"wp-block-list\">\n<li>Wenn Sie nicht mehr auf unsere Marketing-Aktivit\u00e4ten zur\u00fcckgreifen m\u00f6chten, k\u00f6nnen Sie dies auf jeden Fall \u00fcberpr\u00fcfen, indem Sie auf die Schaltfl\u00e4che \u201c\u00dcbertragen\u201d klicken Elektro-Pistazien oder ich habe sie mit meinen Freunden geteilt.<\/li>\n<\/ul>\n\n\n\n<p>6.3 <strong>\u0423\u0434\u0430\u043b\u0435\u043d\u0438\u0435 \u0430\u043a\u043a\u0430\u0443\u043d\u0442\u0430<\/strong>:<\/p>\n\n\n\n<ul class=\"wp-block-list\">\n<li>Wenn Sie Ihre SIM-OMORI-MART-App herunterladen m\u00f6chten, k\u00f6nnen Sie diese auf unserer Website ver\u00f6ffentlichen. Bitte informieren Sie sich, damit wir wichtige Informationen im Zusammenhang mit der Datenschutzbestimmungen oder den Anforderungen von Verbrauchern erhalten k\u00f6nnen. <\/li>\n<\/ul>\n\n\n\n<h4 class=\"wp-block-heading\">&nbsp;<\/h4>\n\n\n\n<h4 class=\"wp-block-heading\"><strong>7. Vertraulichkeit des Kindes<\/strong><\/h4>\n\n\n\n<p>SIM-OMORI-MART ist nicht f\u00fcr die Nutzung f\u00fcr Kinder unter 18 Jahren vorgesehen und wir haben keine pers\u00f6nlichen Informationen von einem nicht erfolgreichen Unternehmen erhalten. Wenn mir klar ist, dass wir nur wenige Informationen erhalten haben, die nicht mit der Suchmaschine zusammenh\u00e4ngt, sind wir f\u00fcr die Aktualisierung dieser Informationen von gro\u00dfer Bedeutung. <\/p>\n\n\n\n<h4 class=\"wp-block-heading\">&nbsp;<\/h4>\n\n\n\n<h4 class=\"wp-block-heading\"><strong>8. \u0421\u0441\u044b\u043b\u043a\u0438 \u043d\u0430 \u0442\u0440\u0435\u0442\u044c\u0438\u0445 \u043b\u0438\u0446<\/strong><\/h4>\n\n\n\n<p>Auf dieser Website k\u00f6nnen keine Links zu Websites dieser Art erstellt werden, die nicht von der Firma OMORI-MART \u00fcbernommen werden. Ich brauche keine Stellungnahme zur politischen Vertraulichkeit dieser Websites. Wir empfehlen Ihnen, die politische Vertraulichkeit aller anderen Seiten zu gew\u00e4hrleisten, die Sie uns mitteilen.  <\/p>\n\n\n\n<h4 class=\"wp-block-heading\">&nbsp;<\/h4>\n\n\n\n<h4 class=\"wp-block-heading\"><strong>9. Zustimmung zur politischen Vertraulichkeit<\/strong><\/h4>\n\n\n\n<p>W\u00e4hrend dieser Zeit kann es sein, dass die politische Vertraulichkeit die Meinung in unserer Praxis oder auf andere Weise zerstreut operativ, \u044e\u0440\u0438\u0434\u0438\u0447\u0435\u0441\u043a\u0438\u043c oder normatives Recht. Die \u00f6ffentliche Meinungsverschiedenheit in der Politik wird auf unserer Website mit neuen Daten festgelegt. Die von OMORI-MART bereitgestellte Software wird nach der Vertraulichkeitsvereinbarung mit einigen anderen Anbietern verwendet.  <\/p>\n\n\n\n<h4 class=\"wp-block-heading\">&nbsp;<\/h4>\n\n\n\n<h4 class=\"wp-block-heading\"><strong>10. \u0421\u0432\u044f\u0436\u0438\u0442\u0435\u0441\u044c \u0441 \u043d\u0430\u043c\u0438<\/strong><\/h4>\n\n\n\n<p>Wenn Sie aufgrund der Vertraulichkeit der Politik oder der anderen aufgrund der Vertraulichkeit Ihrer pers\u00f6nlichen Daten keine rechtlichen Verpflichtungen eingehen, Bitte beachten Sie die folgenden Adressen:<\/p>\n\n\n\n<ul class=\"wp-block-list\">\n<li><strong>E-Mail<\/strong>: support@omorimart.com<\/li>\n\n\n\n<li><strong>Adresse<\/strong>: R Cube Aoyama, 3-j\u00e4hrige Staffel, 1-3-1 Kita-Aoyama, Minato, Tokio, 107-0061, Japan<\/li>\n<\/ul>\n\n\n\n<p>Mit OMORI-MART teilen wir Ihnen unsere Website mit und nutzen Ihre pers\u00f6nlichen Informationen, die Ihnen im Laufe der Zeit zur Vertraulichkeitspolitik zur Verf\u00fcgung gestellt wurden.<\/p>","protected":false},"excerpt":{"rendered":"<p>\u0414\u0430\u0442\u0430 \u0432\u0441\u0442\u0443\u043f\u043b\u0435\u043d\u0438\u044f \u0432 \u0441\u0438\u043b\u0443: 20 \u0430\u043f\u0440\u0435\u043b\u044f 2025 \u0433. \u0412 \u043c\u0430\u0433\u0430\u0437\u0438\u043d\u0435 SIM-OMORI-MART, \u0443\u043f\u0440\u0430\u0432\u043b\u044f\u0435\u043c\u043e\u043c&nbsp;COMFYS JAPAN LLC, \u043c\u044b \u043e\u0431\u044f\u0437\u0443\u0435\u043c\u0441\u044f \u0437\u0430\u0449\u0438\u0449\u0430\u0442\u044c \u0412\u0430\u0448\u0443 \u043a\u043e\u043d\u0444\u0438\u0434\u0435\u043d\u0446\u0438\u0430\u043b\u044c\u043d\u043e\u0441\u0442\u044c \u0438 \u043e\u0431\u0435\u0441\u043f\u0435\u0447\u0438\u0432\u0430\u0442\u044c \u0431\u0435\u0437\u043e\u043f\u0430\u0441\u043d\u043e\u0441\u0442\u044c \u0412\u0430\u0448\u0435\u0439 \u043b\u0438\u0447\u043d\u043e\u0439 \u0438\u043d\u0444\u043e\u0440\u043c\u0430\u0446\u0438\u0438. \u0412 \u0434\u0430\u043d\u043d\u043e\u0439 \u041f\u043e\u043b\u0438\u0442\u0438\u043a\u0435 \u043a\u043e\u043d\u0444\u0438\u0434\u0435\u043d\u0446\u0438\u0430\u043b\u044c\u043d\u043e\u0441\u0442\u0438 \u043e\u043f\u0438\u0441\u0430\u043d\u043e,<\/p>","protected":false},"author":2,"featured_media":0,"parent":0,"menu_order":0,"comment_status":"closed","ping_status":"open","template":"","meta":{"footnotes":""},"class_list":["post-24983","page","type-page","status-publish","hentry"],"yoast_head":"<!-- This site is optimized with the Yoast SEO plugin v27.2 - https:\/\/yoast.com\/product\/yoast-seo-wordpress\/ -->\n<title>\u041f\u043e\u043b\u0438\u0442\u0438\u043a\u0430 \u043a\u043e\u043d\u0444\u0438\u0434\u0435\u043d\u0446\u0438\u0430\u043b\u044c\u043d\u043e\u0441\u0442\u0438 - Omori WIFI<\/title>\n<meta name=\"robots\" content=\"index, follow, max-snippet:-1, max-image-preview:large, max-video-preview:-1\" \/>\n<link rel=\"canonical\" href=\"https:\/\/omoriwifi.com\/de\/\u043f\u043e\u043b\u0438\u0442\u0438\u043a\u0430-\u043a\u043e\u043d\u0444\u0438\u0434\u0435\u043d\u0446\u0438\u0430\u043b\u044c\u043d\u043e\u0441\u0442\u0438\/\" \/>\n<meta property=\"og:locale\" content=\"de_DE\" \/>\n<meta property=\"og:type\" content=\"article\" \/>\n<meta property=\"og:title\" content=\"\u041f\u043e\u043b\u0438\u0442\u0438\u043a\u0430 \u043a\u043e\u043d\u0444\u0438\u0434\u0435\u043d\u0446\u0438\u0430\u043b\u044c\u043d\u043e\u0441\u0442\u0438 - Omori WIFI\" \/>\n<meta property=\"og:description\" content=\"\u0414\u0430\u0442\u0430 \u0432\u0441\u0442\u0443\u043f\u043b\u0435\u043d\u0438\u044f \u0432 \u0441\u0438\u043b\u0443: 20 \u0430\u043f\u0440\u0435\u043b\u044f 2025 \u0433. \u0412 \u043c\u0430\u0433\u0430\u0437\u0438\u043d\u0435 SIM-OMORI-MART, \u0443\u043f\u0440\u0430\u0432\u043b\u044f\u0435\u043c\u043e\u043c&nbsp;COMFYS JAPAN LLC, \u043c\u044b \u043e\u0431\u044f\u0437\u0443\u0435\u043c\u0441\u044f \u0437\u0430\u0449\u0438\u0449\u0430\u0442\u044c \u0412\u0430\u0448\u0443 \u043a\u043e\u043d\u0444\u0438\u0434\u0435\u043d\u0446\u0438\u0430\u043b\u044c\u043d\u043e\u0441\u0442\u044c \u0438 \u043e\u0431\u0435\u0441\u043f\u0435\u0447\u0438\u0432\u0430\u0442\u044c \u0431\u0435\u0437\u043e\u043f\u0430\u0441\u043d\u043e\u0441\u0442\u044c \u0412\u0430\u0448\u0435\u0439 \u043b\u0438\u0447\u043d\u043e\u0439 \u0438\u043d\u0444\u043e\u0440\u043c\u0430\u0446\u0438\u0438. \u0412 \u0434\u0430\u043d\u043d\u043e\u0439 \u041f\u043e\u043b\u0438\u0442\u0438\u043a\u0435 \u043a\u043e\u043d\u0444\u0438\u0434\u0435\u043d\u0446\u0438\u0430\u043b\u044c\u043d\u043e\u0441\u0442\u0438 \u043e\u043f\u0438\u0441\u0430\u043d\u043e,\" \/>\n<meta property=\"og:url\" content=\"https:\/\/omoriwifi.com\/de\/\u043f\u043e\u043b\u0438\u0442\u0438\u043a\u0430-\u043a\u043e\u043d\u0444\u0438\u0434\u0435\u043d\u0446\u0438\u0430\u043b\u044c\u043d\u043e\u0441\u0442\u0438\/\" \/>\n<meta property=\"og:site_name\" content=\"Omori WIFI\" \/>\n<meta name=\"twitter:card\" content=\"summary_large_image\" \/>\n<script type=\"application\/ld+json\" class=\"yoast-schema-graph\">{\"@context\":\"https:\/\/schema.org\",\"@graph\":[{\"@type\":\"WebPage\",\"@id\":\"https:\/\/omoriwifi.com\/tl\/%d0%bf%d0%be%d0%bb%d0%b8%d1%82%d0%b8%d0%ba%d0%b0-%d0%ba%d0%be%d0%bd%d1%84%d0%b8%d0%b4%d0%b5%d0%bd%d1%86%d0%b8%d0%b0%d0%bb%d1%8c%d0%bd%d0%be%d1%81%d1%82%d0%b8\/\",\"url\":\"https:\/\/omoriwifi.com\/tl\/%d0%bf%d0%be%d0%bb%d0%b8%d1%82%d0%b8%d0%ba%d0%b0-%d0%ba%d0%be%d0%bd%d1%84%d0%b8%d0%b4%d0%b5%d0%bd%d1%86%d0%b8%d0%b0%d0%bb%d1%8c%d0%bd%d0%be%d1%81%d1%82%d0%b8\/\",\"name\":\"\u041f\u043e\u043b\u0438\u0442\u0438\u043a\u0430 \u043a\u043e\u043d\u0444\u0438\u0434\u0435\u043d\u0446\u0438\u0430\u043b\u044c\u043d\u043e\u0441\u0442\u0438 - Omori WIFI\",\"isPartOf\":{\"@id\":\"https:\/\/omoriwifi.com\/ja\/#website\"},\"datePublished\":\"2025-03-25T17:10:57+00:00\",\"breadcrumb\":{\"@id\":\"https:\/\/omoriwifi.com\/tl\/%d0%bf%d0%be%d0%bb%d0%b8%d1%82%d0%b8%d0%ba%d0%b0-%d0%ba%d0%be%d0%bd%d1%84%d0%b8%d0%b4%d0%b5%d0%bd%d1%86%d0%b8%d0%b0%d0%bb%d1%8c%d0%bd%d0%be%d1%81%d1%82%d0%b8\/#breadcrumb\"},\"inLanguage\":\"de\",\"potentialAction\":[{\"@type\":\"ReadAction\",\"target\":[\"https:\/\/omoriwifi.com\/tl\/%d0%bf%d0%be%d0%bb%d0%b8%d1%82%d0%b8%d0%ba%d0%b0-%d0%ba%d0%be%d0%bd%d1%84%d0%b8%d0%b4%d0%b5%d0%bd%d1%86%d0%b8%d0%b0%d0%bb%d1%8c%d0%bd%d0%be%d1%81%d1%82%d0%b8\/\"]}]},{\"@type\":\"BreadcrumbList\",\"@id\":\"https:\/\/omoriwifi.com\/tl\/%d0%bf%d0%be%d0%bb%d0%b8%d1%82%d0%b8%d0%ba%d0%b0-%d0%ba%d0%be%d0%bd%d1%84%d0%b8%d0%b4%d0%b5%d0%bd%d1%86%d0%b8%d0%b0%d0%bb%d1%8c%d0%bd%d0%be%d1%81%d1%82%d0%b8\/#breadcrumb\",\"itemListElement\":[{\"@type\":\"ListItem\",\"position\":1,\"name\":\"Home\",\"item\":\"https:\/\/omoriwifi.com\/ja\/\"},{\"@type\":\"ListItem\",\"position\":2,\"name\":\"\u041f\u043e\u043b\u0438\u0442\u0438\u043a\u0430 \u043a\u043e\u043d\u0444\u0438\u0434\u0435\u043d\u0446\u0438\u0430\u043b\u044c\u043d\u043e\u0441\u0442\u0438\"}]},{\"@type\":\"WebSite\",\"@id\":\"https:\/\/omoriwifi.com\/ja\/#website\",\"url\":\"https:\/\/omoriwifi.com\/ja\/\",\"name\":\"Omori WiFi\",\"description\":\"My WordPress Blog\",\"potentialAction\":[{\"@type\":\"SearchAction\",\"target\":{\"@type\":\"EntryPoint\",\"urlTemplate\":\"https:\/\/omoriwifi.com\/ja\/?s={search_term_string}\"},\"query-input\":{\"@type\":\"PropertyValueSpecification\",\"valueRequired\":true,\"valueName\":\"search_term_string\"}}],\"inLanguage\":\"de\"}]}<\/script>\n<!-- \/ Yoast SEO plugin. -->","yoast_head_json":{"title":"\u041f\u043e\u043b\u0438\u0442\u0438\u043a\u0430 \u043a\u043e\u043d\u0444\u0438\u0434\u0435\u043d\u0446\u0438\u0430\u043b\u044c\u043d\u043e\u0441\u0442\u0438 - Omori WIFI","robots":{"index":"index","follow":"follow","max-snippet":"max-snippet:-1","max-image-preview":"max-image-preview:large","max-video-preview":"max-video-preview:-1"},"canonical":"https:\/\/omoriwifi.com\/de\/\u043f\u043e\u043b\u0438\u0442\u0438\u043a\u0430-\u043a\u043e\u043d\u0444\u0438\u0434\u0435\u043d\u0446\u0438\u0430\u043b\u044c\u043d\u043e\u0441\u0442\u0438\/","og_locale":"de_DE","og_type":"article","og_title":"\u041f\u043e\u043b\u0438\u0442\u0438\u043a\u0430 \u043a\u043e\u043d\u0444\u0438\u0434\u0435\u043d\u0446\u0438\u0430\u043b\u044c\u043d\u043e\u0441\u0442\u0438 - Omori WIFI","og_description":"\u0414\u0430\u0442\u0430 \u0432\u0441\u0442\u0443\u043f\u043b\u0435\u043d\u0438\u044f \u0432 \u0441\u0438\u043b\u0443: 20 \u0430\u043f\u0440\u0435\u043b\u044f 2025 \u0433. \u0412 \u043c\u0430\u0433\u0430\u0437\u0438\u043d\u0435 SIM-OMORI-MART, \u0443\u043f\u0440\u0430\u0432\u043b\u044f\u0435\u043c\u043e\u043c&nbsp;COMFYS JAPAN LLC, \u043c\u044b \u043e\u0431\u044f\u0437\u0443\u0435\u043c\u0441\u044f \u0437\u0430\u0449\u0438\u0449\u0430\u0442\u044c \u0412\u0430\u0448\u0443 \u043a\u043e\u043d\u0444\u0438\u0434\u0435\u043d\u0446\u0438\u0430\u043b\u044c\u043d\u043e\u0441\u0442\u044c \u0438 \u043e\u0431\u0435\u0441\u043f\u0435\u0447\u0438\u0432\u0430\u0442\u044c \u0431\u0435\u0437\u043e\u043f\u0430\u0441\u043d\u043e\u0441\u0442\u044c \u0412\u0430\u0448\u0435\u0439 \u043b\u0438\u0447\u043d\u043e\u0439 \u0438\u043d\u0444\u043e\u0440\u043c\u0430\u0446\u0438\u0438. \u0412 \u0434\u0430\u043d\u043d\u043e\u0439 \u041f\u043e\u043b\u0438\u0442\u0438\u043a\u0435 \u043a\u043e\u043d\u0444\u0438\u0434\u0435\u043d\u0446\u0438\u0430\u043b\u044c\u043d\u043e\u0441\u0442\u0438 \u043e\u043f\u0438\u0441\u0430\u043d\u043e,","og_url":"https:\/\/omoriwifi.com\/de\/\u043f\u043e\u043b\u0438\u0442\u0438\u043a\u0430-\u043a\u043e\u043d\u0444\u0438\u0434\u0435\u043d\u0446\u0438\u0430\u043b\u044c\u043d\u043e\u0441\u0442\u0438\/","og_site_name":"Omori WIFI","twitter_card":"summary_large_image","schema":{"@context":"https:\/\/schema.org","@graph":[{"@type":"WebPage","@id":"https:\/\/omoriwifi.com\/tl\/%d0%bf%d0%be%d0%bb%d0%b8%d1%82%d0%b8%d0%ba%d0%b0-%d0%ba%d0%be%d0%bd%d1%84%d0%b8%d0%b4%d0%b5%d0%bd%d1%86%d0%b8%d0%b0%d0%bb%d1%8c%d0%bd%d0%be%d1%81%d1%82%d0%b8\/","url":"https:\/\/omoriwifi.com\/tl\/%d0%bf%d0%be%d0%bb%d0%b8%d1%82%d0%b8%d0%ba%d0%b0-%d0%ba%d0%be%d0%bd%d1%84%d0%b8%d0%b4%d0%b5%d0%bd%d1%86%d0%b8%d0%b0%d0%bb%d1%8c%d0%bd%d0%be%d1%81%d1%82%d0%b8\/","name":"\u041f\u043e\u043b\u0438\u0442\u0438\u043a\u0430 \u043a\u043e\u043d\u0444\u0438\u0434\u0435\u043d\u0446\u0438\u0430\u043b\u044c\u043d\u043e\u0441\u0442\u0438 - Omori WIFI","isPartOf":{"@id":"https:\/\/omoriwifi.com\/ja\/#website"},"datePublished":"2025-03-25T17:10:57+00:00","breadcrumb":{"@id":"https:\/\/omoriwifi.com\/tl\/%d0%bf%d0%be%d0%bb%d0%b8%d1%82%d0%b8%d0%ba%d0%b0-%d0%ba%d0%be%d0%bd%d1%84%d0%b8%d0%b4%d0%b5%d0%bd%d1%86%d0%b8%d0%b0%d0%bb%d1%8c%d0%bd%d0%be%d1%81%d1%82%d0%b8\/#breadcrumb"},"inLanguage":"de","potentialAction":[{"@type":"ReadAction","target":["https:\/\/omoriwifi.com\/tl\/%d0%bf%d0%be%d0%bb%d0%b8%d1%82%d0%b8%d0%ba%d0%b0-%d0%ba%d0%be%d0%bd%d1%84%d0%b8%d0%b4%d0%b5%d0%bd%d1%86%d0%b8%d0%b0%d0%bb%d1%8c%d0%bd%d0%be%d1%81%d1%82%d0%b8\/"]}]},{"@type":"BreadcrumbList","@id":"https:\/\/omoriwifi.com\/tl\/%d0%bf%d0%be%d0%bb%d0%b8%d1%82%d0%b8%d0%ba%d0%b0-%d0%ba%d0%be%d0%bd%d1%84%d0%b8%d0%b4%d0%b5%d0%bd%d1%86%d0%b8%d0%b0%d0%bb%d1%8c%d0%bd%d0%be%d1%81%d1%82%d0%b8\/#breadcrumb","itemListElement":[{"@type":"ListItem","position":1,"name":"Home","item":"https:\/\/omoriwifi.com\/ja\/"},{"@type":"ListItem","position":2,"name":"\u041f\u043e\u043b\u0438\u0442\u0438\u043a\u0430 \u043a\u043e\u043d\u0444\u0438\u0434\u0435\u043d\u0446\u0438\u0430\u043b\u044c\u043d\u043e\u0441\u0442\u0438"}]},{"@type":"WebSite","@id":"https:\/\/omoriwifi.com\/ja\/#website","url":"https:\/\/omoriwifi.com\/ja\/","name":"Omori WLAN","description":"Mein WordPress-Blog","potentialAction":[{"@type":"SearchAction","target":{"@type":"EntryPoint","urlTemplate":"https:\/\/omoriwifi.com\/ja\/?s={search_term_string}"},"query-input":{"@type":"PropertyValueSpecification","valueRequired":true,"valueName":"search_term_string"}}],"inLanguage":"de"}]}},"_links":{"self":[{"href":"https:\/\/omoriwifi.com\/de\/wp-json\/wp\/v2\/pages\/24983","targetHints":{"allow":["GET"]}}],"collection":[{"href":"https:\/\/omoriwifi.com\/de\/wp-json\/wp\/v2\/pages"}],"about":[{"href":"https:\/\/omoriwifi.com\/de\/wp-json\/wp\/v2\/types\/page"}],"author":[{"embeddable":true,"href":"https:\/\/omoriwifi.com\/de\/wp-json\/wp\/v2\/users\/2"}],"replies":[{"embeddable":true,"href":"https:\/\/omoriwifi.com\/de\/wp-json\/wp\/v2\/comments?post=24983"}],"version-history":[{"count":0,"href":"https:\/\/omoriwifi.com\/de\/wp-json\/wp\/v2\/pages\/24983\/revisions"}],"wp:attachment":[{"href":"https:\/\/omoriwifi.com\/de\/wp-json\/wp\/v2\/media?parent=24983"}],"curies":[{"name":"wp","href":"https:\/\/api.w.org\/{rel}","templated":true}]}}