{"id":24984,"date":"2025-03-25T17:10:57","date_gmt":"2025-03-25T17:10:57","guid":{"rendered":"https:\/\/peachpuff-dugong-919786.hostingersite.com\/politica-de-privacidade\/"},"modified":"2025-03-25T17:10:57","modified_gmt":"2025-03-25T17:10:57","slug":"politica-de-privacidade","status":"publish","type":"page","link":"https:\/\/omoriwifi.com\/de\/politica-de-privacidade\/","title":{"rendered":"Pol\u00edtica de privacidade"},"content":{"rendered":"<h3 class=\"wp-block-heading\"><strong>Data de vig\u00eancia<\/strong>: 20 de abril de 2025<\/h3>\n\n\n\n<p>NEIN<strong> SIM-OMORI-MART<\/strong>, operado por&nbsp;<strong>COMFYS JAPAN LLC<\/strong>, Wir m\u00fcssen Kompromisse eingehen, um Ihre Privatsph\u00e4re zu sch\u00fctzen und die Sicherheit Ihrer pers\u00f6nlichen Informationen zu gew\u00e4hrleisten. Diese Datenschutzrichtlinie verpflichtet sich, Ihre Informationen zu speichern, zu verwenden, weiterzugeben und zu sch\u00fctzen, wenn Sie unsere Website besuchen oder einen Kauf t\u00e4tigen. Wenn Sie unsere Website und unsere Dienstleistungen nutzen, vereinbaren Sie bitte eine Vereinbarung mit den in der Datenschutzrichtlinie beschriebenen Praktiken.  <\/p>\n\n\n\n<h4 class=\"wp-block-heading\">&nbsp;<\/h4>\n\n\n\n<h4 class=\"wp-block-heading\"><strong>1. Informa\u00e7\u00f5es que coletamos<\/strong><\/h4>\n\n\n\n<p>Informieren Sie sich \u00fcber Ihre pers\u00f6nlichen Erfahrungen, um unsere Dienstleistungen zu erbringen und Ihre Erfahrungen mit OMORI-MART zu sammeln. Zu den Informationstipps, die wir sammeln, geh\u00f6ren: <\/p>\n\n\n\n<p>1.1 <strong>Informa\u00e7\u00f5es pessoais<\/strong>:<\/p>\n\n\n\n<ul class=\"wp-block-list\">\n<li>Nome<\/li>\n\n\n\n<li>Endere\u00e7o<\/li>\n\n\n\n<li>Endere\u00e7o de e-mail<\/li>\n\n\n\n<li>N\u00famero de telefone<\/li>\n\n\n\n<li>Zahlungsinformationen (Kreditkartendetails, Bank\u00fcberweisungsdetails usw.)<\/li>\n\n\n\n<li>Data de nascimento (zur \u00dcberpr\u00fcfung einer juristischen Person f\u00fcr den Fall)<\/li>\n<\/ul>\n\n\n\n<p>1.2 <strong>Informa\u00e7\u00f5es n\u00e3o pessoais<\/strong>:<\/p>\n\n\n\n<ul class=\"wp-block-list\">\n<li>Navigationstyp<\/li>\n\n\n\n<li>Informationen zum Ger\u00e4t<\/li>\n\n\n\n<li>Endere\u00e7o IP<\/li>\n\n\n\n<li>Dados de uso do site (besuchte Seiten, Tempo gasto no site, etc.)<\/li>\n<\/ul>\n\n\n\n<h4 class=\"wp-block-heading\"><strong>2. Como usamos suas informa\u00e7\u00f5es<\/strong><\/h4>\n\n\n\n<p>Hier sind die Informationen, die Sie f\u00fcr die folgenden Finalisten ben\u00f6tigen:<\/p>\n\n\n\n<p>2.1 <strong>Processamento de pedidos<\/strong>:<\/p>\n\n\n\n<ul class=\"wp-block-list\">\n<li>F\u00fcr die Bearbeitung und den Abschluss Ihrer Unterlagen, einschlie\u00dflich der Nachlass- und Zahlungsabwicklung.<\/li>\n\n\n\n<li>F\u00fcr die Best\u00e4tigung Ihrer Eingaben, Empfangsbest\u00e4tigungen und Rastinformationen per E-Mail oder Telefon.<\/li>\n<\/ul>\n\n\n\n<p>2.2 <strong>Atendimento ao cliente<\/strong>:<\/p>\n\n\n\n<ul class=\"wp-block-list\">\n<li>Um auf Ihre Anfragen, Anfragen oder Reklamationen zu antworten.<\/li>\n\n\n\n<li>Um Sie \u00fcber Aktualisierungen oder \u00c4nderungen auf Ihrem Konto zu informieren.<\/li>\n<\/ul>\n\n\n\n<p>2.3 <strong>Personalisierung<\/strong>:<\/p>\n\n\n\n<ul class=\"wp-block-list\">\n<li>Um Ihr Einkaufserlebnis zu personalisieren, empfehlen wir Ihnen Produkte, die auf Ihrer historischen Erfahrung und Kaufbasis basieren.<\/li>\n\n\n\n<li>Um die Funktionalit\u00e4t unserer Website zu verbessern und Erfahrungen zu sammeln.<\/li>\n<\/ul>\n\n\n\n<p>2.4 <strong>Marketing e promo\u00e7\u00f5es<\/strong>:<\/p>\n\n\n\n<ul class=\"wp-block-list\">\n<li>Um Ihnen Werbeangebote, Angebote und Aktualisierungen zu Produkten und Dienstleistungen von OMORI-MART zuzusenden (manchmal haben Sie sich f\u00fcr den Erhalt von Marketingmitteilungen entschieden).<\/li>\n\n\n\n<li>Informieren Sie sich vor allem \u00fcber die Menge an Alkohol und Fleischprodukten.<\/li>\n<\/ul>\n\n\n\n<p>2.5 <strong>Conformidade com as leis<\/strong>:<\/p>\n\n\n\n<ul class=\"wp-block-list\">\n<li>Um rechtliche Anforderungen zu erf\u00fcllen, \u00fcberpr\u00fcfen Sie die Rechtssicherheit f\u00fcr den Kauf von Alkohol.<\/li>\n<\/ul>\n\n\n\n<h4 class=\"wp-block-heading\">&nbsp;<\/h4>\n\n\n\n<h4 class=\"wp-block-heading\"><strong>3. Compartilhamento de informa\u00e7\u00f5es<\/strong><\/h4>\n\n\n\n<p>Wir respektieren Ihre Privatsph\u00e4re und verkaufen, verkaufen oder bezahlen Ihre pers\u00f6nlichen Informationen auf der Terceiros nicht. Entretanto, compartilhar suas informa\u00e7\u00f5es com: <\/p>\n\n\n\n<p>3.1 <strong>Provedores de servi\u00e7os<\/strong>:<\/p>\n\n\n\n<ul class=\"wp-block-list\">\n<li>Empresas terceirizadas que auxiliam no processingamento de pagamentos, envio e endimento de pedidos.<\/li>\n\n\n\n<li>Anbieter von Dienstleistungen f\u00fcr die Wartung, Analyse und Vermarktung von Websites.<\/li>\n<\/ul>\n\n\n\n<p>3.2 <strong>Conformidade legal<\/strong>:<\/p>\n\n\n\n<ul class=\"wp-block-list\">\n<li>Wenn Sie bereit sind, m\u00fcssen Sie pers\u00f6nliche Informationen an Beh\u00f6rden oder andere Beh\u00f6rden weitergeben, um rechtliche Verpflichtungen einzugehen, Betrug zu vermeiden oder sich direkt von OMORI-MART und Ihren Kunden zu sch\u00fctzen.<\/li>\n<\/ul>\n\n\n\n<h4 class=\"wp-block-heading\">&nbsp;<\/h4>\n\n\n\n<h4 class=\"wp-block-heading\"><strong>4. Seguran\u00e7a de dados<\/strong><\/h4>\n\n\n\n<p>Wir schlie\u00dfen einen Kompromiss aus, um Ihre pers\u00f6nlichen Informationen zu sch\u00fctzen. Wir verwenden die von Ihnen festgelegten Kryptow\u00e4hrungsprotokolle und Sicherheitsgateways, um Ihre vertraulichen Zahlungsinformationen zu sch\u00fctzen. Keine Verbindung, keine \u00dcbertragungsmethode \u00fcber das Internet oder die elektronische Stromversorgung und 100% sicher. Wir sind bestrebt, unsere pers\u00f6nlichen Informationen zu sch\u00fctzen, k\u00f6nnen jedoch keine absolute Sicherheit garantieren.   <\/p>\n\n\n\n<h4 class=\"wp-block-heading\">&nbsp;<\/h4>\n\n\n\n<h4 class=\"wp-block-heading\"><strong>5. Cookies und Rasttechnologien<\/strong><\/h4>\n\n\n\n<p>OMORI-MART verwendet Cookies und Rasttechnologien, um Ihr Navigationserlebnis zu verbessern. Wir bitten Sie, Cookies nach Ihren W\u00fcnschen zu lesen, Ihre Website zu nutzen und Ihr Einkaufserlebnis zu personalisieren. <\/p>\n\n\n\n<p>5.1 <strong>Tipos de cookies que usamos<\/strong>:<\/p>\n\n\n\n<ul class=\"wp-block-list\">\n<li><strong>Cookies essentiell<\/strong>: Dies ist f\u00fcr den Betrieb an unserer Website erforderlich und um den Abschluss von Transaktionen zu erm\u00f6glichen.<\/li>\n\n\n\n<li><strong>Cookies anal\u00edticos<\/strong>: Wird verwendet, um Informationen zu erhalten, die wir auf unserer Website verwenden (z. B. besuchte Seiten, Tempo).<\/li>\n\n\n\n<li><strong>Cookies de marketing<\/strong>: Wird f\u00fcr personalisierte Werbung und Werbeinhalte verwendet.<\/li>\n<\/ul>\n\n\n\n<p>Sie k\u00f6nnen die Cookie-Konfiguration in Ihrem Browser anpassen, um Cookies zu verwenden. Sie k\u00f6nnen jedoch Ihre Nutzungskapazit\u00e4t durch bestimmte Rekursionen von OMORI-MART begrenzen.<\/p>\n\n\n\n<h4 class=\"wp-block-heading\">&nbsp;<\/h4>\n\n\n\n<h4 class=\"wp-block-heading\"><strong>6. Seus direitos e escolhas<\/strong><\/h4>\n\n\n\n<p>6.1 <strong>Acesso e corre\u00e7\u00e3o<\/strong>:<\/p>\n\n\n\n<ul class=\"wp-block-list\">\n<li>Sie m\u00fcssen direkt auf Ihre pers\u00f6nlichen Informationen zugreifen und diese aktualisieren. Sie k\u00f6nnen Ihren Kunden kontaktieren oder mit unserem Team zur Unterst\u00fctzung des Kunden Kontakt aufnehmen. <\/li>\n<\/ul>\n\n\n\n<p>6.2 <strong>Ziel der Marketingkommunikation<\/strong>:<\/p>\n\n\n\n<ul class=\"wp-block-list\">\n<li>Wenn Sie noch keine Marketingmitteilungen erhalten haben, k\u00f6nnen Sie sich daf\u00fcr entscheiden, dass Sie in unseren E-Mails keinen Link \u201eAnmeldung stornieren\u201c erhalten oder sich direkt an den Kontakt wenden.<\/li>\n<\/ul>\n\n\n\n<p>6.3 <strong>Exclus\u00e3o de conta<\/strong>:<\/p>\n\n\n\n<ul class=\"wp-block-list\">\n<li>Wenn Sie Ihren SIM-OMORI-MART-Kontakt ausschlie\u00dfen m\u00f6chten, k\u00f6nnen Sie sich an uns wenden, um mit unserem Kundenberater in Kontakt zu treten. Bitte beachten Sie, dass die Informationen nach vorheriger Absprache mit dem Gesetz oder dem rechtm\u00e4\u00dfigen Gesch\u00e4ftsverkehr bestimmt werden m\u00fcssen. <\/li>\n<\/ul>\n\n\n\n<h4 class=\"wp-block-heading\">&nbsp;<\/h4>\n\n\n\n<h4 class=\"wp-block-heading\"><strong>7. Privacidade das crian\u00e7as<\/strong><\/h4>\n\n\n\n<p>SIM-OMORI-MART ist nicht f\u00fcr die Verwendung durch Kinder im Alter von 18 Jahren bestimmt und hat vor Kurzem keine absichtlichen Informationen \u00fcber die Menschen erhalten. Wenn wir uns dar\u00fcber im Klaren sind, dass die Menschen, die nicht mit der Zustimmung ihres Landes einverstanden sind, diese Informationen ben\u00f6tigen, m\u00fcssen wir diese Informationen ausschlie\u00dfen. <\/p>\n\n\n\n<h4 class=\"wp-block-heading\">&nbsp;<\/h4>\n\n\n\n<h4 class=\"wp-block-heading\"><strong>8. Links de terceiros<\/strong><\/h4>\n\n\n\n<p>Unsere Website kann Links zu Websites enthalten, die nicht von OMORI-MART betrieben werden. Ich antworte nicht auf praktische Fragen zur Privatsph\u00e4re dieser Websites. Wir empfehlen Ihnen, alle externen Websites, die Sie besuchen, als Datenschutzpolitiker zu analysieren.  <\/p>\n\n\n\n<h4 class=\"wp-block-heading\">&nbsp;<\/h4>\n\n\n\n<h4 class=\"wp-block-heading\"><strong>9. \u00c4nderungen der Datenschutzpolitik<\/strong><\/h4>\n\n\n\n<p>Wir m\u00fcssen diese Datenschutzrichtlinie jederzeit aktualisieren, um \u00c4nderungen in unserer Praxis oder aus anderen betrieblichen, rechtlichen oder gesetzlichen Gr\u00fcnden widerzuspiegeln. \u00c4nderungen an dieser Datenschutzrichtlinie werden auf unserer Website mit aktualisierten Datenschutzdaten ver\u00f6ffentlicht. Wenn Sie OMORI-MART aufgrund einer \u00c4nderung der Datenschutzrichtlinie weiterhin verwenden, bedeutet dies, dass Sie diese \u00c4nderungen vorgenommen haben.  <\/p>\n\n\n\n<h4 class=\"wp-block-heading\">&nbsp;<\/h4>\n\n\n\n<h4 class=\"wp-block-heading\"><strong>10. Entre em contato conosco<\/strong><\/h4>\n\n\n\n<p>Wenn Sie sich Sorgen machen oder sich Gedanken \u00fcber diese Datenschutzpolitik machen oder \u00fcber Ihre von Ihnen behandelten Informationen sprechen, stehen Sie im folgenden Kontakt:<\/p>\n\n\n\n<ul class=\"wp-block-list\">\n<li><strong>E-Mail<\/strong>: support@omorimart.com<\/li>\n\n\n\n<li><strong>Endere\u00e7o<\/strong>: R Cube Aoyama, 3. Stock, 1-3-1 Kita-Aoyama, Minato-ku, T\u00f3quio, 107-0061, Japan<\/li>\n<\/ul>\n\n\n\n<p>Um OMORI-MART zu nutzen, stimmen Sie mit der Verwendung Ihrer pers\u00f6nlichen Informationen \u00fcberein, die der folgenden Datenschutzrichtlinie entsprechen.<\/p>","protected":false},"excerpt":{"rendered":"<p>Data de vig\u00eancia: 20 de abril de 2025 No SIM-OMORI-MART, operado por&nbsp;COMFYS JAPAN LLC, temos o compromisso de proteger sua privacidade e garantir a seguran\u00e7a de suas informa\u00e7\u00f5es pessoais. Esta<\/p>","protected":false},"author":2,"featured_media":0,"parent":0,"menu_order":0,"comment_status":"closed","ping_status":"open","template":"","meta":{"footnotes":""},"class_list":["post-24984","page","type-page","status-publish","hentry"],"yoast_head":"<!-- This site is optimized with the Yoast SEO plugin v27.2 - https:\/\/yoast.com\/product\/yoast-seo-wordpress\/ -->\n<title>Pol\u00edtica de privacidade - Omori WIFI<\/title>\n<meta name=\"robots\" content=\"index, follow, max-snippet:-1, max-image-preview:large, max-video-preview:-1\" \/>\n<link rel=\"canonical\" href=\"https:\/\/omoriwifi.com\/de\/politica-de-privacidade\/\" \/>\n<meta property=\"og:locale\" content=\"de_DE\" \/>\n<meta property=\"og:type\" content=\"article\" \/>\n<meta property=\"og:title\" content=\"Pol\u00edtica de privacidade - Omori WIFI\" \/>\n<meta property=\"og:description\" content=\"Data de vig\u00eancia: 20 de abril de 2025 No SIM-OMORI-MART, operado por&nbsp;COMFYS JAPAN LLC, temos o compromisso de proteger sua privacidade e garantir a seguran\u00e7a de suas informa\u00e7\u00f5es pessoais. Esta\" \/>\n<meta property=\"og:url\" content=\"https:\/\/omoriwifi.com\/de\/politica-de-privacidade\/\" \/>\n<meta property=\"og:site_name\" content=\"Omori WIFI\" \/>\n<meta name=\"twitter:card\" content=\"summary_large_image\" \/>\n<meta name=\"twitter:label1\" content=\"Gesch\u00e4tzte Lesezeit\" \/>\n\t<meta name=\"twitter:data1\" content=\"5\u00a0Minuten\" \/>\n<script type=\"application\/ld+json\" class=\"yoast-schema-graph\">{\"@context\":\"https:\/\/schema.org\",\"@graph\":[{\"@type\":\"WebPage\",\"@id\":\"https:\/\/omoriwifi.com\/zh\/politica-de-privacidade\/\",\"url\":\"https:\/\/omoriwifi.com\/zh\/politica-de-privacidade\/\",\"name\":\"Pol\u00edtica de privacidade - Omori WIFI\",\"isPartOf\":{\"@id\":\"https:\/\/omoriwifi.com\/ja\/#website\"},\"datePublished\":\"2025-03-25T17:10:57+00:00\",\"breadcrumb\":{\"@id\":\"https:\/\/omoriwifi.com\/zh\/politica-de-privacidade\/#breadcrumb\"},\"inLanguage\":\"de\",\"potentialAction\":[{\"@type\":\"ReadAction\",\"target\":[\"https:\/\/omoriwifi.com\/zh\/politica-de-privacidade\/\"]}]},{\"@type\":\"BreadcrumbList\",\"@id\":\"https:\/\/omoriwifi.com\/zh\/politica-de-privacidade\/#breadcrumb\",\"itemListElement\":[{\"@type\":\"ListItem\",\"position\":1,\"name\":\"Home\",\"item\":\"https:\/\/omoriwifi.com\/ja\/\"},{\"@type\":\"ListItem\",\"position\":2,\"name\":\"Pol\u00edtica de privacidade\"}]},{\"@type\":\"WebSite\",\"@id\":\"https:\/\/omoriwifi.com\/ja\/#website\",\"url\":\"https:\/\/omoriwifi.com\/ja\/\",\"name\":\"Omori WiFi\",\"description\":\"My WordPress Blog\",\"potentialAction\":[{\"@type\":\"SearchAction\",\"target\":{\"@type\":\"EntryPoint\",\"urlTemplate\":\"https:\/\/omoriwifi.com\/ja\/?s={search_term_string}\"},\"query-input\":{\"@type\":\"PropertyValueSpecification\",\"valueRequired\":true,\"valueName\":\"search_term_string\"}}],\"inLanguage\":\"de\"}]}<\/script>\n<!-- \/ Yoast SEO plugin. -->","yoast_head_json":{"title":"Pol\u00edtica de privacidade - Omori WIFI","robots":{"index":"index","follow":"follow","max-snippet":"max-snippet:-1","max-image-preview":"max-image-preview:large","max-video-preview":"max-video-preview:-1"},"canonical":"https:\/\/omoriwifi.com\/de\/politica-de-privacidade\/","og_locale":"de_DE","og_type":"article","og_title":"Pol\u00edtica de privacidade - Omori WIFI","og_description":"Data de vig\u00eancia: 20 de abril de 2025 No SIM-OMORI-MART, operado por&nbsp;COMFYS JAPAN LLC, temos o compromisso de proteger sua privacidade e garantir a seguran\u00e7a de suas informa\u00e7\u00f5es pessoais. Esta","og_url":"https:\/\/omoriwifi.com\/de\/politica-de-privacidade\/","og_site_name":"Omori WIFI","twitter_card":"summary_large_image","twitter_misc":{"Gesch\u00e4tzte Lesezeit":"5\u00a0Minuten"},"schema":{"@context":"https:\/\/schema.org","@graph":[{"@type":"WebPage","@id":"https:\/\/omoriwifi.com\/zh\/politica-de-privacidade\/","url":"https:\/\/omoriwifi.com\/zh\/politica-de-privacidade\/","name":"Pol\u00edtica de privacidade - Omori WIFI","isPartOf":{"@id":"https:\/\/omoriwifi.com\/ja\/#website"},"datePublished":"2025-03-25T17:10:57+00:00","breadcrumb":{"@id":"https:\/\/omoriwifi.com\/zh\/politica-de-privacidade\/#breadcrumb"},"inLanguage":"de","potentialAction":[{"@type":"ReadAction","target":["https:\/\/omoriwifi.com\/zh\/politica-de-privacidade\/"]}]},{"@type":"BreadcrumbList","@id":"https:\/\/omoriwifi.com\/zh\/politica-de-privacidade\/#breadcrumb","itemListElement":[{"@type":"ListItem","position":1,"name":"Home","item":"https:\/\/omoriwifi.com\/ja\/"},{"@type":"ListItem","position":2,"name":"Pol\u00edtica de privacidade"}]},{"@type":"WebSite","@id":"https:\/\/omoriwifi.com\/ja\/#website","url":"https:\/\/omoriwifi.com\/ja\/","name":"Omori WLAN","description":"Mein WordPress-Blog","potentialAction":[{"@type":"SearchAction","target":{"@type":"EntryPoint","urlTemplate":"https:\/\/omoriwifi.com\/ja\/?s={search_term_string}"},"query-input":{"@type":"PropertyValueSpecification","valueRequired":true,"valueName":"search_term_string"}}],"inLanguage":"de"}]}},"_links":{"self":[{"href":"https:\/\/omoriwifi.com\/de\/wp-json\/wp\/v2\/pages\/24984","targetHints":{"allow":["GET"]}}],"collection":[{"href":"https:\/\/omoriwifi.com\/de\/wp-json\/wp\/v2\/pages"}],"about":[{"href":"https:\/\/omoriwifi.com\/de\/wp-json\/wp\/v2\/types\/page"}],"author":[{"embeddable":true,"href":"https:\/\/omoriwifi.com\/de\/wp-json\/wp\/v2\/users\/2"}],"replies":[{"embeddable":true,"href":"https:\/\/omoriwifi.com\/de\/wp-json\/wp\/v2\/comments?post=24984"}],"version-history":[{"count":0,"href":"https:\/\/omoriwifi.com\/de\/wp-json\/wp\/v2\/pages\/24984\/revisions"}],"wp:attachment":[{"href":"https:\/\/omoriwifi.com\/de\/wp-json\/wp\/v2\/media?parent=24984"}],"curies":[{"name":"wp","href":"https:\/\/api.w.org\/{rel}","templated":true}]}}