{"id":42,"date":"2024-04-17T07:18:50","date_gmt":"2024-04-17T07:18:50","guid":{"rendered":"https:\/\/anvogue.presslayouts.com\/dummy\/?page_id=42"},"modified":"2024-04-17T07:18:50","modified_gmt":"2024-04-17T07:18:50","slug":"faqs","status":"publish","type":"page","link":"https:\/\/omoriwifi.com\/de\/faqs\/","title":{"rendered":"H\u00e4ufig gestellte Fragen"},"content":{"rendered":"<div data-elementor-type=\"wp-page\" data-elementor-id=\"42\" class=\"elementor elementor-42\">\n\t\t\t\t<div class=\"elementor-element elementor-element-583221a e-flex e-con-boxed e-con e-parent\" data-id=\"583221a\" data-element_type=\"container\" data-e-type=\"container\">\n\t\t\t\t\t<div class=\"e-con-inner\">\n\t\t\t\t<div class=\"elementor-element elementor-element-6ad67d6 elementor-widget elementor-widget-pls-heading\" data-id=\"6ad67d6\" data-element_type=\"widget\" data-e-type=\"widget\" data-widget_type=\"pls-heading.default\">\n\t\t\t\t<div class=\"elementor-widget-container\">\n\t\t\t\t\t<div id=\"pls-header-8276\" class=\"pls-element pls-heading pls-text-center separator-none\">\t\n\t\t\t\n\t\t\t<div class=\"heading-wrap\">\n\t\t\t<span class=\"separator-left\"><\/span>\n\t\t\t<h2 class=\"heading-title\">Wie kann ich eine Bestellung aufgeben?<\/h2>\t\t\t<span class=\"separator-right\"><\/span>\n\t\t\t\t\t<\/div>\n\t\t\n    \t\t<div class=\"heading-tagline\"> Bitte folgen Sie hier unseren Fragen. Schmerz sitzt amet, consectetur adipisicing elit, adipisicing tempor incididunt ut labore et dolore magna.  <\/div>\n\t<\/div>\t\t\t\t<\/div>\n\t\t\t\t<\/div>\n\t\t\t\t<div class=\"elementor-element elementor-element-42a3076 elementor-widget elementor-widget-pls-accordion\" data-id=\"42a3076\" data-element_type=\"widget\" data-e-type=\"widget\" data-widget_type=\"pls-accordion.default\">\n\t\t\t\t<div class=\"elementor-widget-container\">\n\t\t\t\t\t\n<div id=\"pls-accordion-34542\" class=\"pls-element pls-accordion panel-group align-left icon-position-right\">\t\n\t\t\t\n\t\t<div class=\"card pls-accordion-item\">\n\t\t\t<div class=\"card-header accordion-title\">\n\t\t\t\t<h4 class=\"card-title\">\n\t\t\t\t\t<a class=\"card-link open\" href=\"#elementor-tab-title-6981\" data-style=\"default\">\n\t\t\t\t\tWo ist meine Bestellung?\t\t\t\t\t<\/a>\n\t\t\t\t<\/h4>\n\t\t\t<\/div>\n\t\t\t<div id=\"elementor-tab-title-6981\" class=\"collapse accordion-tab-content show\">\n\t\t\t\t<div class=\"card-body\">\n\t\t\t\t\t<p>Die Kurierdienste haben ihre Abl\u00e4ufe angepasst, um die Sicherheit unserer Mitarbeiter und der gesamten Gemeinschaft zu gew\u00e4hrleisten. Wir danken Ihnen f\u00fcr Ihre Geduld, da es zu Lieferverz\u00f6gerungen kommen kann. Sie erreichen uns weiterhin auf Mango.com und \u00fcber alle unsere Online-Kan\u00e4le.\u00a0<\/p>\t\t\t\t<\/div>\n\t\t\t<\/div>\n\t\t<\/div>\n\t\t\t\n\t\t<div class=\"card pls-accordion-item\">\n\t\t\t<div class=\"card-header accordion-title\">\n\t\t\t\t<h4 class=\"card-title\">\n\t\t\t\t\t<a class=\"card-link\" href=\"#elementor-tab-title-6983\" data-style=\"default\">\n\t\t\t\t\tWie kann ich einen online gekauften Artikel umtauschen oder zur\u00fcckgeben?\t\t\t\t\t<\/a>\n\t\t\t\t<\/h4>\n\t\t\t<\/div>\n\t\t\t<div id=\"elementor-tab-title-6983\" class=\"collapse accordion-tab-content\">\n\t\t\t\t<div class=\"card-body\">\n\t\t\t\t\t<p>Die Kurierdienste haben ihre Abl\u00e4ufe angepasst, um die Sicherheit unserer Mitarbeiter und der gesamten Gemeinschaft zu gew\u00e4hrleisten. Wir danken Ihnen f\u00fcr Ihre Geduld, da es zu Lieferverz\u00f6gerungen kommen kann. Sie erreichen uns weiterhin auf Mango.com und \u00fcber alle unsere Online-Kan\u00e4le. Unser Kundenservice steht Ihnen nach wie vor f\u00fcr Fragen zur Verf\u00fcgung, kann aber aufgrund der aktuellen Situation vor\u00fcbergehend eingeschr\u00e4nkt sein.<\/p>\t\t\t\t<\/div>\n\t\t\t<\/div>\n\t\t<\/div>\n\t\t\t\n\t\t<div class=\"card pls-accordion-item\">\n\t\t\t<div class=\"card-header accordion-title\">\n\t\t\t\t<h4 class=\"card-title\">\n\t\t\t\t\t<a class=\"card-link\" href=\"#elementor-tab-title-6985\" data-style=\"default\">\n\t\t\t\t\tKann ich meine Bestellung stornieren oder \u00e4ndern?\t\t\t\t\t<\/a>\n\t\t\t\t<\/h4>\n\t\t\t<\/div>\n\t\t\t<div id=\"elementor-tab-title-6985\" class=\"collapse accordion-tab-content\">\n\t\t\t\t<div class=\"card-body\">\n\t\t\t\t\t<p>Die Kurierdienste haben ihre Abl\u00e4ufe angepasst, um die Sicherheit unserer Mitarbeiter und der gesamten Gemeinschaft zu gew\u00e4hrleisten. Wir danken Ihnen f\u00fcr Ihre Geduld, da es zu Lieferverz\u00f6gerungen kommen kann. Sie erreichen uns weiterhin auf Mango.com und \u00fcber alle unsere Online-Kan\u00e4le.<\/p>\t\t\t\t<\/div>\n\t\t\t<\/div>\n\t\t<\/div>\n\t\t\t\n\t\t<div class=\"card pls-accordion-item\">\n\t\t\t<div class=\"card-header accordion-title\">\n\t\t\t\t<h4 class=\"card-title\">\n\t\t\t\t\t<a class=\"card-link\" href=\"#elementor-tab-title-6987\" data-style=\"default\">\n\t\t\t\t\tWelche Lieferarten gibt es?\t\t\t\t\t<\/a>\n\t\t\t\t<\/h4>\n\t\t\t<\/div>\n\t\t\t<div id=\"elementor-tab-title-6987\" class=\"collapse accordion-tab-content\">\n\t\t\t\t<div class=\"card-body\">\n\t\t\t\t\t<p>Die Kurierdienste haben ihre Abl\u00e4ufe angepasst, um die Sicherheit unserer Mitarbeiter und der gesamten Gemeinschaft zu gew\u00e4hrleisten. Wir danken Ihnen f\u00fcr Ihre Geduld, da es zu Lieferverz\u00f6gerungen kommen kann. Sie erreichen uns weiterhin auf Mango.com und \u00fcber alle unsere Online-Kan\u00e4le.<\/p>\t\t\t\t<\/div>\n\t\t\t<\/div>\n\t\t<\/div>\n\t\t\t\n\t\t<div class=\"card pls-accordion-item\">\n\t\t\t<div class=\"card-header accordion-title\">\n\t\t\t\t<h4 class=\"card-title\">\n\t\t\t\t\t<a class=\"card-link\" href=\"#elementor-tab-title-6989\" data-style=\"default\">\n\t\t\t\t\tWie kann ich meine Eink\u00e4ufe bezahlen?\t\t\t\t\t<\/a>\n\t\t\t\t<\/h4>\n\t\t\t<\/div>\n\t\t\t<div id=\"elementor-tab-title-6989\" class=\"collapse accordion-tab-content\">\n\t\t\t\t<div class=\"card-body\">\n\t\t\t\t\t<p>Die Kurierdienste haben ihre Abl\u00e4ufe angepasst, um die Sicherheit unserer Mitarbeiter und der gesamten Gemeinschaft zu gew\u00e4hrleisten. Wir danken Ihnen f\u00fcr Ihre Geduld, da es zu Lieferverz\u00f6gerungen kommen kann. Sie erreichen uns weiterhin auf Mango.com und \u00fcber alle unsere Online-Kan\u00e4le.<\/p>\t\t\t\t<\/div>\n\t\t\t<\/div>\n\t\t<\/div>\n\t<\/div>\t\t\t\t<\/div>\n\t\t\t\t<\/div>\n\t\t\t\t\t<\/div>\n\t\t\t\t<\/div>\n\t\t<div class=\"elementor-element elementor-element-7c9134a e-flex e-con-boxed e-con e-parent\" data-id=\"7c9134a\" data-element_type=\"container\" data-e-type=\"container\">\n\t\t\t\t\t<div class=\"e-con-inner\">\n\t\t\t\t<div class=\"elementor-element elementor-element-5baa5db elementor-widget elementor-widget-pls-heading\" data-id=\"5baa5db\" data-element_type=\"widget\" data-e-type=\"widget\" data-widget_type=\"pls-heading.default\">\n\t\t\t\t<div class=\"elementor-widget-container\">\n\t\t\t\t\t<div id=\"pls-header-84695\" class=\"pls-element pls-heading pls-text-center separator-none\">\t\n\t\t\t\n\t\t\t<div class=\"heading-wrap\">\n\t\t\t<span class=\"separator-left\"><\/span>\n\t\t\t<h2 class=\"heading-title\">Zahlungsmethoden<\/h2>\t\t\t<span class=\"separator-right\"><\/span>\n\t\t\t\t\t<\/div>\n\t\t\n    \t\t<div class=\"heading-tagline\"> Bitte folgen Sie hier unseren Fragen. Schmerz sitzt amet, consectetur adipisicing elit, adipisicing tempor incididunt ut labore et dolore magna.  <\/div>\n\t<\/div>\t\t\t\t<\/div>\n\t\t\t\t<\/div>\n\t\t\t\t<div class=\"elementor-element elementor-element-50a44e6 elementor-widget elementor-widget-pls-accordion\" data-id=\"50a44e6\" data-element_type=\"widget\" data-e-type=\"widget\" data-widget_type=\"pls-accordion.default\">\n\t\t\t\t<div class=\"elementor-widget-container\">\n\t\t\t\t\t\n<div id=\"pls-accordion-97199\" class=\"pls-element pls-accordion panel-group align-left icon-position-right\">\t\n\t\t\t\n\t\t<div class=\"card pls-accordion-item\">\n\t\t\t<div class=\"card-header accordion-title\">\n\t\t\t\t<h4 class=\"card-title\">\n\t\t\t\t\t<a class=\"card-link open\" href=\"#elementor-tab-title-8451\" data-style=\"default\">\n\t\t\t\t\tWie kann ich meine Eink\u00e4ufe bezahlen?\t\t\t\t\t<\/a>\n\t\t\t\t<\/h4>\n\t\t\t<\/div>\n\t\t\t<div id=\"elementor-tab-title-8451\" class=\"collapse accordion-tab-content show\">\n\t\t\t\t<div class=\"card-body\">\n\t\t\t\t\t<p>Die Kurierdienste haben ihre Abl\u00e4ufe angepasst, um die Sicherheit unserer Mitarbeiter und der gesamten Gemeinschaft zu gew\u00e4hrleisten. Wir danken Ihnen f\u00fcr Ihre Geduld, da es zu Lieferverz\u00f6gerungen kommen kann. Sie erreichen uns weiterhin auf Mango.com und \u00fcber alle unsere Online-Kan\u00e4le.<\/p>\t\t\t\t<\/div>\n\t\t\t<\/div>\n\t\t<\/div>\n\t\t\t\n\t\t<div class=\"card pls-accordion-item\">\n\t\t\t<div class=\"card-header accordion-title\">\n\t\t\t\t<h4 class=\"card-title\">\n\t\t\t\t\t<a class=\"card-link\" href=\"#elementor-tab-title-8453\" data-style=\"default\">\n\t\t\t\t\tWie kann ich einen online gekauften Artikel umtauschen oder zur\u00fcckgeben?\t\t\t\t\t<\/a>\n\t\t\t\t<\/h4>\n\t\t\t<\/div>\n\t\t\t<div id=\"elementor-tab-title-8453\" class=\"collapse accordion-tab-content\">\n\t\t\t\t<div class=\"card-body\">\n\t\t\t\t\t<p>Die Kurierdienste haben ihre Abl\u00e4ufe angepasst, um die Sicherheit unserer Mitarbeiter und der gesamten Gemeinschaft zu gew\u00e4hrleisten. Wir danken Ihnen f\u00fcr Ihre Geduld, da es zu Lieferverz\u00f6gerungen kommen kann. Sie erreichen uns weiterhin auf Mango.com und \u00fcber alle unsere Online-Kan\u00e4le. Unser Kundenservice steht Ihnen nach wie vor f\u00fcr Fragen zur Verf\u00fcgung, kann aber aufgrund der aktuellen Situation vor\u00fcbergehend eingeschr\u00e4nkt sein.<\/p>\t\t\t\t<\/div>\n\t\t\t<\/div>\n\t\t<\/div>\n\t\t\t\n\t\t<div class=\"card pls-accordion-item\">\n\t\t\t<div class=\"card-header accordion-title\">\n\t\t\t\t<h4 class=\"card-title\">\n\t\t\t\t\t<a class=\"card-link\" href=\"#elementor-tab-title-8455\" data-style=\"default\">\n\t\t\t\t\tWo ist meine Bestellung?\t\t\t\t\t<\/a>\n\t\t\t\t<\/h4>\n\t\t\t<\/div>\n\t\t\t<div id=\"elementor-tab-title-8455\" class=\"collapse accordion-tab-content\">\n\t\t\t\t<div class=\"card-body\">\n\t\t\t\t\t<p>Die Kurierdienste haben ihre Abl\u00e4ufe angepasst, um die Sicherheit unserer Mitarbeiter und der gesamten Gemeinschaft zu gew\u00e4hrleisten. Wir danken Ihnen f\u00fcr Ihre Geduld, da es zu Lieferverz\u00f6gerungen kommen kann. Sie erreichen uns weiterhin auf Mango.com und \u00fcber alle unsere Online-Kan\u00e4le.\u00a0<\/p>\t\t\t\t<\/div>\n\t\t\t<\/div>\n\t\t<\/div>\n\t\t\t\n\t\t<div class=\"card pls-accordion-item\">\n\t\t\t<div class=\"card-header accordion-title\">\n\t\t\t\t<h4 class=\"card-title\">\n\t\t\t\t\t<a class=\"card-link\" href=\"#elementor-tab-title-8457\" data-style=\"default\">\n\t\t\t\t\tKann ich meine Bestellung stornieren oder \u00e4ndern?\t\t\t\t\t<\/a>\n\t\t\t\t<\/h4>\n\t\t\t<\/div>\n\t\t\t<div id=\"elementor-tab-title-8457\" class=\"collapse accordion-tab-content\">\n\t\t\t\t<div class=\"card-body\">\n\t\t\t\t\t<p>Die Kurierdienste haben ihre Abl\u00e4ufe angepasst, um die Sicherheit unserer Mitarbeiter und der gesamten Gemeinschaft zu gew\u00e4hrleisten. Wir danken Ihnen f\u00fcr Ihre Geduld, da es zu Lieferverz\u00f6gerungen kommen kann. Sie erreichen uns weiterhin auf Mango.com und \u00fcber alle unsere Online-Kan\u00e4le.<\/p>\t\t\t\t<\/div>\n\t\t\t<\/div>\n\t\t<\/div>\n\t\t\t\n\t\t<div class=\"card pls-accordion-item\">\n\t\t\t<div class=\"card-header accordion-title\">\n\t\t\t\t<h4 class=\"card-title\">\n\t\t\t\t\t<a class=\"card-link\" href=\"#elementor-tab-title-8459\" data-style=\"default\">\n\t\t\t\t\tWelche Lieferarten gibt es?\t\t\t\t\t<\/a>\n\t\t\t\t<\/h4>\n\t\t\t<\/div>\n\t\t\t<div id=\"elementor-tab-title-8459\" class=\"collapse accordion-tab-content\">\n\t\t\t\t<div class=\"card-body\">\n\t\t\t\t\t<p>Die Kurierdienste haben ihre Abl\u00e4ufe angepasst, um die Sicherheit unserer Mitarbeiter und der gesamten Gemeinschaft zu gew\u00e4hrleisten. Wir danken Ihnen f\u00fcr Ihre Geduld, da es zu Lieferverz\u00f6gerungen kommen kann. Sie erreichen uns weiterhin auf Mango.com und \u00fcber alle unsere Online-Kan\u00e4le.<\/p>\t\t\t\t<\/div>\n\t\t\t<\/div>\n\t\t<\/div>\n\t<\/div>\t\t\t\t<\/div>\n\t\t\t\t<\/div>\n\t\t\t\t\t<\/div>\n\t\t\t\t<\/div>\n\t\t<div class=\"elementor-element elementor-element-7c1d1ed e-flex e-con-boxed e-con e-parent\" data-id=\"7c1d1ed\" data-element_type=\"container\" data-e-type=\"container\">\n\t\t\t\t\t<div class=\"e-con-inner\">\n\t\t\t\t<div class=\"elementor-element elementor-element-99dd3cd elementor-widget elementor-widget-pls-heading\" data-id=\"99dd3cd\" data-element_type=\"widget\" data-e-type=\"widget\" data-widget_type=\"pls-heading.default\">\n\t\t\t\t<div class=\"elementor-widget-container\">\n\t\t\t\t\t<div id=\"pls-header-65629\" class=\"pls-element pls-heading pls-text-center separator-none\">\t\n\t\t\t\n\t\t\t<div class=\"heading-wrap\">\n\t\t\t<span class=\"separator-left\"><\/span>\n\t\t\t<h2 class=\"heading-title\">Umtausch &amp; R\u00fcckgabe<\/h2>\t\t\t<span class=\"separator-right\"><\/span>\n\t\t\t\t\t<\/div>\n\t\t\n    \t\t<div class=\"heading-tagline\"> Bitte folgen Sie hier unseren Fragen. Schmerz sitzt amet, consectetur adipisicing elit, adipisicing tempor incididunt ut labore et dolore magna.  <\/div>\n\t<\/div>\t\t\t\t<\/div>\n\t\t\t\t<\/div>\n\t\t\t\t<div class=\"elementor-element elementor-element-c5f8ee9 elementor-widget elementor-widget-pls-accordion\" data-id=\"c5f8ee9\" data-element_type=\"widget\" data-e-type=\"widget\" data-widget_type=\"pls-accordion.default\">\n\t\t\t\t<div class=\"elementor-widget-container\">\n\t\t\t\t\t\n<div id=\"pls-accordion-12062\" class=\"pls-element pls-accordion panel-group align-left icon-position-right\">\t\n\t\t\t\n\t\t<div class=\"card pls-accordion-item\">\n\t\t\t<div class=\"card-header accordion-title\">\n\t\t\t\t<h4 class=\"card-title\">\n\t\t\t\t\t<a class=\"card-link open\" href=\"#elementor-tab-title-2071\" data-style=\"default\">\n\t\t\t\t\tKann ich meine Bestellung stornieren oder \u00e4ndern?\t\t\t\t\t<\/a>\n\t\t\t\t<\/h4>\n\t\t\t<\/div>\n\t\t\t<div id=\"elementor-tab-title-2071\" class=\"collapse accordion-tab-content show\">\n\t\t\t\t<div class=\"card-body\">\n\t\t\t\t\t<p>Die Kurierdienste haben ihre Abl\u00e4ufe angepasst, um die Sicherheit unserer Mitarbeiter und der gesamten Gemeinschaft zu gew\u00e4hrleisten. Wir danken Ihnen f\u00fcr Ihre Geduld, da es zu Lieferverz\u00f6gerungen kommen kann. Sie erreichen uns weiterhin auf Mango.com und \u00fcber alle unsere Online-Kan\u00e4le.<\/p>\t\t\t\t<\/div>\n\t\t\t<\/div>\n\t\t<\/div>\n\t\t\t\n\t\t<div class=\"card pls-accordion-item\">\n\t\t\t<div class=\"card-header accordion-title\">\n\t\t\t\t<h4 class=\"card-title\">\n\t\t\t\t\t<a class=\"card-link\" href=\"#elementor-tab-title-2073\" data-style=\"default\">\n\t\t\t\t\tWelche Lieferarten gibt es?\t\t\t\t\t<\/a>\n\t\t\t\t<\/h4>\n\t\t\t<\/div>\n\t\t\t<div id=\"elementor-tab-title-2073\" class=\"collapse accordion-tab-content\">\n\t\t\t\t<div class=\"card-body\">\n\t\t\t\t\t<p>Die Kurierdienste haben ihre Abl\u00e4ufe angepasst, um die Sicherheit unserer Mitarbeiter und der gesamten Gemeinschaft zu gew\u00e4hrleisten. Wir danken Ihnen f\u00fcr Ihre Geduld, da es zu Lieferverz\u00f6gerungen kommen kann. Sie erreichen uns weiterhin auf Mango.com und \u00fcber alle unsere Online-Kan\u00e4le.<\/p>\t\t\t\t<\/div>\n\t\t\t<\/div>\n\t\t<\/div>\n\t\t\t\n\t\t<div class=\"card pls-accordion-item\">\n\t\t\t<div class=\"card-header accordion-title\">\n\t\t\t\t<h4 class=\"card-title\">\n\t\t\t\t\t<a class=\"card-link\" href=\"#elementor-tab-title-2075\" data-style=\"default\">\n\t\t\t\t\tWo ist meine Bestellung?\t\t\t\t\t<\/a>\n\t\t\t\t<\/h4>\n\t\t\t<\/div>\n\t\t\t<div id=\"elementor-tab-title-2075\" class=\"collapse accordion-tab-content\">\n\t\t\t\t<div class=\"card-body\">\n\t\t\t\t\t<p>Die Kurierdienste haben ihre Abl\u00e4ufe angepasst, um die Sicherheit unserer Mitarbeiter und der gesamten Gemeinschaft zu gew\u00e4hrleisten. Wir danken Ihnen f\u00fcr Ihre Geduld, da es zu Lieferverz\u00f6gerungen kommen kann. Sie erreichen uns weiterhin auf Mango.com und \u00fcber alle unsere Online-Kan\u00e4le.\u00a0<\/p>\t\t\t\t<\/div>\n\t\t\t<\/div>\n\t\t<\/div>\n\t\t\t\n\t\t<div class=\"card pls-accordion-item\">\n\t\t\t<div class=\"card-header accordion-title\">\n\t\t\t\t<h4 class=\"card-title\">\n\t\t\t\t\t<a class=\"card-link\" href=\"#elementor-tab-title-2077\" data-style=\"default\">\n\t\t\t\t\tWie kann ich einen online gekauften Artikel umtauschen oder zur\u00fcckgeben?\t\t\t\t\t<\/a>\n\t\t\t\t<\/h4>\n\t\t\t<\/div>\n\t\t\t<div id=\"elementor-tab-title-2077\" class=\"collapse accordion-tab-content\">\n\t\t\t\t<div class=\"card-body\">\n\t\t\t\t\t<p>Die Kurierdienste haben ihre Abl\u00e4ufe angepasst, um die Sicherheit unserer Mitarbeiter und der gesamten Gemeinschaft zu gew\u00e4hrleisten. Wir danken Ihnen f\u00fcr Ihre Geduld, da es zu Lieferverz\u00f6gerungen kommen kann. Sie erreichen uns weiterhin auf Mango.com und \u00fcber alle unsere Online-Kan\u00e4le. Unser Kundenservice steht Ihnen nach wie vor f\u00fcr Fragen zur Verf\u00fcgung, kann aber aufgrund der aktuellen Situation vor\u00fcbergehend eingeschr\u00e4nkt sein.<\/p>\t\t\t\t<\/div>\n\t\t\t<\/div>\n\t\t<\/div>\n\t\t\t\n\t\t<div class=\"card pls-accordion-item\">\n\t\t\t<div class=\"card-header accordion-title\">\n\t\t\t\t<h4 class=\"card-title\">\n\t\t\t\t\t<a class=\"card-link\" href=\"#elementor-tab-title-2079\" data-style=\"default\">\n\t\t\t\t\tWie kann ich meine Eink\u00e4ufe bezahlen?\t\t\t\t\t<\/a>\n\t\t\t\t<\/h4>\n\t\t\t<\/div>\n\t\t\t<div id=\"elementor-tab-title-2079\" class=\"collapse accordion-tab-content\">\n\t\t\t\t<div class=\"card-body\">\n\t\t\t\t\t<p>Die Kurierdienste haben ihre Abl\u00e4ufe angepasst, um die Sicherheit unserer Mitarbeiter und der gesamten Gemeinschaft zu gew\u00e4hrleisten. Wir danken Ihnen f\u00fcr Ihre Geduld, da es zu Lieferverz\u00f6gerungen kommen kann. Sie erreichen uns weiterhin auf Mango.com und \u00fcber alle unsere Online-Kan\u00e4le.<\/p>\t\t\t\t<\/div>\n\t\t\t<\/div>\n\t\t<\/div>\n\t<\/div>\t\t\t\t<\/div>\n\t\t\t\t<\/div>\n\t\t\t\t\t<\/div>\n\t\t\t\t<\/div>\n\t\t\t\t<\/div>","protected":false},"excerpt":{"rendered":"<p>How to Place Order? Please follow our questions here. dolor sit amet, consectetur adipisicing elit, adipisicing tempor incididunt ut labore et dolore magna. Where is my order? The courier companies<\/p>","protected":false},"author":2,"featured_media":0,"parent":0,"menu_order":0,"comment_status":"closed","ping_status":"closed","template":"","meta":{"footnotes":""},"class_list":["post-42","page","type-page","status-publish","hentry"],"yoast_head":"<!-- This site is optimized with the Yoast SEO plugin v27.2 - https:\/\/yoast.com\/product\/yoast-seo-wordpress\/ -->\n<title>FAQs - Omori WIFI<\/title>\n<meta name=\"robots\" content=\"index, follow, max-snippet:-1, max-image-preview:large, max-video-preview:-1\" \/>\n<link rel=\"canonical\" href=\"https:\/\/omoriwifi.com\/de\/faqs\/\" \/>\n<meta property=\"og:locale\" content=\"de_DE\" \/>\n<meta property=\"og:type\" content=\"article\" \/>\n<meta property=\"og:title\" content=\"FAQs - Omori WIFI\" \/>\n<meta property=\"og:description\" content=\"How to Place Order? Please follow our questions here. dolor sit amet, consectetur adipisicing elit, adipisicing tempor incididunt ut labore et dolore magna. Where is my order? The courier companies\" \/>\n<meta property=\"og:url\" content=\"https:\/\/omoriwifi.com\/de\/faqs\/\" \/>\n<meta property=\"og:site_name\" content=\"Omori WIFI\" \/>\n<meta name=\"twitter:card\" content=\"summary_large_image\" \/>\n<meta name=\"twitter:label1\" content=\"Gesch\u00e4tzte Lesezeit\" \/>\n\t<meta name=\"twitter:data1\" content=\"5\u00a0Minuten\" \/>\n<script type=\"application\/ld+json\" class=\"yoast-schema-graph\">{\"@context\":\"https:\/\/schema.org\",\"@graph\":[{\"@type\":\"WebPage\",\"@id\":\"https:\/\/omoriwifi.com\/ko\/faqs\/\",\"url\":\"https:\/\/omoriwifi.com\/ko\/faqs\/\",\"name\":\"FAQs - Omori WIFI\",\"isPartOf\":{\"@id\":\"https:\/\/omoriwifi.com\/ja\/#website\"},\"datePublished\":\"2024-04-17T07:18:50+00:00\",\"breadcrumb\":{\"@id\":\"https:\/\/omoriwifi.com\/ko\/faqs\/#breadcrumb\"},\"inLanguage\":\"de\",\"potentialAction\":[{\"@type\":\"ReadAction\",\"target\":[\"https:\/\/omoriwifi.com\/ko\/faqs\/\"]}]},{\"@type\":\"BreadcrumbList\",\"@id\":\"https:\/\/omoriwifi.com\/ko\/faqs\/#breadcrumb\",\"itemListElement\":[{\"@type\":\"ListItem\",\"position\":1,\"name\":\"Home\",\"item\":\"https:\/\/omoriwifi.com\/ja\/\"},{\"@type\":\"ListItem\",\"position\":2,\"name\":\"FAQs\"}]},{\"@type\":\"WebSite\",\"@id\":\"https:\/\/omoriwifi.com\/ja\/#website\",\"url\":\"https:\/\/omoriwifi.com\/ja\/\",\"name\":\"Omori WiFi\",\"description\":\"My WordPress Blog\",\"potentialAction\":[{\"@type\":\"SearchAction\",\"target\":{\"@type\":\"EntryPoint\",\"urlTemplate\":\"https:\/\/omoriwifi.com\/ja\/?s={search_term_string}\"},\"query-input\":{\"@type\":\"PropertyValueSpecification\",\"valueRequired\":true,\"valueName\":\"search_term_string\"}}],\"inLanguage\":\"de\"}]}<\/script>\n<!-- \/ Yoast SEO plugin. -->","yoast_head_json":{"title":"FAQs - Omori WIFI","robots":{"index":"index","follow":"follow","max-snippet":"max-snippet:-1","max-image-preview":"max-image-preview:large","max-video-preview":"max-video-preview:-1"},"canonical":"https:\/\/omoriwifi.com\/de\/faqs\/","og_locale":"de_DE","og_type":"article","og_title":"FAQs - Omori WIFI","og_description":"How to Place Order? Please follow our questions here. dolor sit amet, consectetur adipisicing elit, adipisicing tempor incididunt ut labore et dolore magna. Where is my order? The courier companies","og_url":"https:\/\/omoriwifi.com\/de\/faqs\/","og_site_name":"Omori WIFI","twitter_card":"summary_large_image","twitter_misc":{"Gesch\u00e4tzte Lesezeit":"5\u00a0Minuten"},"schema":{"@context":"https:\/\/schema.org","@graph":[{"@type":"WebPage","@id":"https:\/\/omoriwifi.com\/ko\/faqs\/","url":"https:\/\/omoriwifi.com\/ko\/faqs\/","name":"FAQs - Omori WIFI","isPartOf":{"@id":"https:\/\/omoriwifi.com\/ja\/#website"},"datePublished":"2024-04-17T07:18:50+00:00","breadcrumb":{"@id":"https:\/\/omoriwifi.com\/ko\/faqs\/#breadcrumb"},"inLanguage":"de","potentialAction":[{"@type":"ReadAction","target":["https:\/\/omoriwifi.com\/ko\/faqs\/"]}]},{"@type":"BreadcrumbList","@id":"https:\/\/omoriwifi.com\/ko\/faqs\/#breadcrumb","itemListElement":[{"@type":"ListItem","position":1,"name":"Home","item":"https:\/\/omoriwifi.com\/ja\/"},{"@type":"ListItem","position":2,"name":"FAQs"}]},{"@type":"WebSite","@id":"https:\/\/omoriwifi.com\/ja\/#website","url":"https:\/\/omoriwifi.com\/ja\/","name":"Omori WLAN","description":"Mein WordPress-Blog","potentialAction":[{"@type":"SearchAction","target":{"@type":"EntryPoint","urlTemplate":"https:\/\/omoriwifi.com\/ja\/?s={search_term_string}"},"query-input":{"@type":"PropertyValueSpecification","valueRequired":true,"valueName":"search_term_string"}}],"inLanguage":"de"}]}},"_links":{"self":[{"href":"https:\/\/omoriwifi.com\/de\/wp-json\/wp\/v2\/pages\/42","targetHints":{"allow":["GET"]}}],"collection":[{"href":"https:\/\/omoriwifi.com\/de\/wp-json\/wp\/v2\/pages"}],"about":[{"href":"https:\/\/omoriwifi.com\/de\/wp-json\/wp\/v2\/types\/page"}],"author":[{"embeddable":true,"href":"https:\/\/omoriwifi.com\/de\/wp-json\/wp\/v2\/users\/2"}],"replies":[{"embeddable":true,"href":"https:\/\/omoriwifi.com\/de\/wp-json\/wp\/v2\/comments?post=42"}],"version-history":[{"count":1,"href":"https:\/\/omoriwifi.com\/de\/wp-json\/wp\/v2\/pages\/42\/revisions"}],"predecessor-version":[{"id":1822,"href":"https:\/\/omoriwifi.com\/de\/wp-json\/wp\/v2\/pages\/42\/revisions\/1822"}],"wp:attachment":[{"href":"https:\/\/omoriwifi.com\/de\/wp-json\/wp\/v2\/media?parent=42"}],"curies":[{"name":"wp","href":"https:\/\/api.w.org\/{rel}","templated":true}]}}