{"id":24908,"date":"2025-03-25T17:10:57","date_gmt":"2025-03-25T17:10:57","guid":{"rendered":"https:\/\/peachpuff-dugong-919786.hostingersite.com\/chinh-sach-bao-mat\/"},"modified":"2025-03-25T17:10:57","modified_gmt":"2025-03-25T17:10:57","slug":"chinh-sach-bao-mat","status":"publish","type":"page","link":"https:\/\/omoriwifi.com\/fr\/chinh-sach-bao-mat\/","title":{"rendered":"Ch\u00ednh s\u00e1ch b\u1ea3o m\u1eadt"},"content":{"rendered":"<h3 class=\"wp-block-heading\"><strong>Ng\u00e0y c\u00f3 hi\u1ec7u l\u1ef1c<\/strong> : 20 th\u00e1ng 4 n\u0103m 2025<\/h3>\n\n\n\n<p>T\u1ea1i <strong>SIM-OMORI-MART<\/strong> , \u0111\u01b0\u1ee3c \u0111i\u1ec1u h\u00e0nh b\u1edfi&nbsp;<strong>COMFYS JAPON SARL<\/strong> , vous serez en mesure de vous aider \u00e0 trouver un moyen de vous aider \u00e0 le faire. Ch\u00ednh s\u00e1ch b\u1ea3o m\u1eadt n\u00e0y n\u00eau r\u00f5 c\u00e1ch ch\u00fang t\u00f4i donc, s\u1eed d\u1ee5ng, ti\u1ebft l\u1ed9 et b\u1ea3o v\u1ec7 th\u00f4ng tin c\u1ee7a b\u1ea1n khi b\u1ea1n true c\u1eadp ho\u1eb7c mua h\u00e0ng tr\u00ean trang web c\u1ee7a ch\u00fang t\u00f4i. Lorsque vous acc\u00e9dez au Web et que vous \u00eates \u00e0 la recherche d&#039;une solution, vous pouvez trouver plus d&#039;informations \u00e0 ce sujet.  <\/p>\n\n\n\n<h4 class=\"wp-block-heading\">&nbsp;<\/h4>\n\n\n\n<h4 class=\"wp-block-heading\"><strong>1. Th\u00f4ng tin ch\u00fang t\u00f4i thu th\u1eadp<\/strong><\/h4>\n\n\n\n<p>Vous pourrez ainsi vous connecter \u00e0 OMORI-MART. C\u00e1c lo\u1ea1i th\u00f4ng tin ch\u00fang t\u00f4i toi th\u1eadp bao g\u1ed3m\u00a0: <\/p>\n\n\n\n<p>1.1 <strong>Th\u00f4ng tin c\u00e1 nh\u00e2n<\/strong> :<\/p>\n\n\n\n<ul class=\"wp-block-list\">\n<li>Dix<\/li>\n\n\n\n<li>\u0110\u1ecba ch\u1ec9<\/li>\n\n\n\n<li>\u0110\u1ecba ch\u1ec9 Email<\/li>\n\n\n\n<li>S\u1ed1 \u0111i\u1ec7n tho\u1ea1i<\/li>\n\n\n\n<li>Th\u00f4ng tin thanh to\u00e1n (chi ti\u1ebft th\u1ebb t\u00edn d\u1ee5ng, chi ti\u1ebft chuy\u1ec3n kho\u1ea3n ng\u00e2n h\u00e0ng, vv)<\/li>\n\n\n\n<li>Ng\u00e0y sinh (\u0111\u1ec3 x\u00e1c minh \u0111\u1ed9 tu\u1ed5i u\u1ed1ng r\u01b0\u1ee3u h\u1ee3p ph\u00e1p)<\/li>\n<\/ul>\n\n\n\n<p>1.2 <strong>Th\u00f4ng tin phi c\u00e1 nh\u00e2n<\/strong> :<\/p>\n\n\n\n<ul class=\"wp-block-list\">\n<li>Lo\u1ea1i tr\u00ecnh duy\u1ec7t<\/li>\n\n\n\n<li>Th\u00f4ng tin thi\u1ebft b\u1ecb<\/li>\n\n\n\n<li>\u0110\u1ecba ch\u1ec9 IP<\/li>\n\n\n\n<li>D\u1eef li\u1ec7u s\u1eed d\u1ee5ng trang web (c\u00e1c trang \u0111\u00e3 truy c\u1eadp, th\u1eddi gian d\u00e0nh tr\u00ean trang, vv)<\/li>\n<\/ul>\n\n\n\n<h4 class=\"wp-block-heading\"><strong>2. Ch\u00fang t\u00f4i s\u1eed d\u1ee5ng th\u00f4ng tin c\u1ee7a b\u1ea1n h\u01b0 th\u1ebf n\u00e0o<\/strong><\/h4>\n\n\n\n<p>C&#039;est \u00e0 dire que je vais vous aider \u00e0 le faire\u00a0:<\/p>\n\n\n\n<p>2.1 <strong>X\u1eed l\u00fd \u0111\u01a1n h\u00e0ng<\/strong> :<\/p>\n\n\n\n<ul class=\"wp-block-list\">\n<li>Une fois que vous aurez termin\u00e9, vous serez en mesure de vous aider \u00e0 le faire.<\/li>\n\n\n\n<li>Cung c\u1ea5p x\u00e1c nh\u1eadn \u0111\u01a1n hang, bien lai et th\u00f4ng tin theo d\u00f5i qua e-mail ho\u1eb7c \u0111i\u1ec7n tho\u1ea1i.<\/li>\n<\/ul>\n\n\n\n<p>2.2 <strong>D\u1ecbch v\u1ee5 kh\u00e1ch h\u00e0ng<\/strong> :<\/p>\n\n\n\n<ul class=\"wp-block-list\">\n<li>Si c&#039;est le cas, vous pouvez le faire.<\/li>\n\n\n\n<li>Il s&#039;agit d&#039;un moyen de s&#039;assurer qu&#039;ils soient bien accroch\u00e9s.<\/li>\n<\/ul>\n\n\n\n<p>2.3 <strong>C\u00e1 nh\u00e2n h\u00f3a<\/strong> :<\/p>\n\n\n\n<ul class=\"wp-block-list\">\n<li>Vous pourrez ainsi trouver un moyen d&#039;acc\u00e9der \u00e0 des informations sur le Web et de les utiliser.<\/li>\n\n\n\n<li>Vous pouvez ainsi trouver un moyen de vous aider \u00e0 trouver le Web \u00e0 votre place.<\/li>\n<\/ul>\n\n\n\n<p>2.4 <strong>Ti\u1ebfp th\u1ecb v\u00e0 Qu\u1ea3ng c\u00e1o<\/strong> :<\/p>\n\n\n\n<ul class=\"wp-block-list\">\n<li>Pour plus d&#039;informations, donnez-moi un aper\u00e7u de votre produit et rendez-vous avec OMORI-MART (pour plus d&#039;informations, veuillez contacter OMORI-MART (c&#039;est le cas).<\/li>\n\n\n\n<li>Th\u00f4ng b\u00e1o cho b\u1ea1n v\u1ec1 c\u00e1c m\u1ee9c gi\u1ea3m gi\u00e1 \u0111\u1eb7c bi\u1ec7t khi \u0111\u1eb7t h\u00e0ng s\u1ed1 l\u01b0\u1ee3ng l\u1edbn \u0111\u1ed3 u\u1ed1ng c\u00f3 c\u1ed3n et \u00e0 c\u00e1c s\u1ea3n ph\u1ea9m t\u1eeb \u00e7a.<\/li>\n<\/ul>\n\n\n\n<p>2.5 <strong>Tu\u00e2n th\u1ee7 ph\u00e1p lu\u1eadt<\/strong> :<\/p>\n\n\n\n<ul class=\"wp-block-list\">\n<li>Vous avez alors la possibilit\u00e9 de vous connecter \u00e0 votre t\u00e9l\u00e9phone.<\/li>\n<\/ul>\n\n\n\n<h4 class=\"wp-block-heading\">&nbsp;<\/h4>\n\n\n\n<h4 class=\"wp-block-heading\"><strong>3. Chia s\u1ebb th\u00f4ng tin<\/strong><\/h4>\n\n\n\n<p>Si vous avez des choses \u00e0 faire et \u00e0 savoir, vous devrez peut-\u00eatre vous aider \u00e0 le faire. Tuy nhi\u00ean, c\u00fang t\u00f4i c\u00f3 th\u1ec3 chia s\u1ebb th\u00f4ng tin c\u1ee7a b\u1ea1n v\u1edbi: <\/p>\n\n\n\n<p>3.1 <strong>Nh\u00e0 cung c\u1ea5p d\u1ecbch v\u1ee5<\/strong> :<\/p>\n\n\n\n<ul class=\"wp-block-list\">\n<li>C\u00e1c c\u00f4ng ty ben th\u1ee9 ba h\u1ed7 tr\u1ee3 x\u1eed l\u00fd thanh to\u00e1n, puis chuy\u1ec3n et th\u1ef1c hi\u1ec7n \u0111\u01a1n accrocher.<\/li>\n\n\n\n<li>Il s&#039;agit d&#039;un moyen de vous connecter, de vous connecter et de vous connecter au Web.<\/li>\n<\/ul>\n\n\n\n<p>3.2 <strong>Tu\u00e2n th\u1ee7 ph\u00e1p lu\u1eadt<\/strong> :<\/p>\n\n\n\n<ul class=\"wp-block-list\">\n<li>N\u1ebfu ph\u00e1p lu\u1eadt y\u00eau c\u1ea7u, ch\u00fang t\u00f4i c\u00f3 th\u1ec3 ti\u1ebft l\u1ed9 th\u00f4ng tin c\u00e1 nh\u00e2n cho c\u00e1c c\u01a1 quan ch\u00ednh ph\u1ee7 ho\u1eb7c ben th\u1ee9 ba kh\u00e1c \u0111\u1ec3 tu\u00e2n th\u1ee7 c\u00e1c ngh\u0129a v\u1ee5 ph\u00e1p Alors, je vais vous aider \u00e0 trouver OMORI-MART et votre magasin.<\/li>\n<\/ul>\n\n\n\n<h4 class=\"wp-block-heading\">&nbsp;<\/h4>\n\n\n\n<h4 class=\"wp-block-heading\"><strong>4. B\u1ea3o m\u1eadt d\u1eef li\u1ec7u<\/strong><\/h4>\n\n\n\n<p>Vous pouvez le faire en toute simplicit\u00e9. C&#039;est pourquoi vous avez besoin de plus d&#039;informations et de plus d&#039;informations. Vous n&#039;avez pas besoin d&#039;acc\u00e9der \u00e0 Internet pour trouver un t\u00e9l\u00e9phone 100%. M\u1eb7c d\u00f9 ch\u00fang t\u00f4i n\u1ed7 l\u1ef1c b\u1ea3o v\u1ec7 th\u00f4ng tin c\u00e1 nh\u00e2n c\u1ee7a b\u1ea1n, ch\u00fang t\u00f4i kh\u00f4ng th\u1ec3 \u0111\u1ea3m b\u1ea3o t\u00ednh b\u1ea3o m\u1eadt tuy\u1ec7t \u0111\u1ed1i c\u1ee7a string tin Et bien.   <\/p>\n\n\n\n<h4 class=\"wp-block-heading\">&nbsp;<\/h4>\n\n\n\n<h4 class=\"wp-block-heading\"><strong>5. Cookie et C\u00f4ng ngh\u1ec7 theo d\u00f5i<\/strong><\/h4>\n\n\n\n<p>OMORI-MART propose des cookies et vous permet de vous connecter \u00e0 Internet. Cookie vous permet de vous connecter au Web et de vous aider \u00e0 le faire. <\/p>\n\n\n\n<p>5.1 <strong>C\u00e1c lo\u1ea1i Cookie c\u00fang t\u00f4i s\u1eed d\u1ee5ng<\/strong> :<\/p>\n\n\n\n<ul class=\"wp-block-list\">\n<li><strong>Cookie thi\u1ebft y\u1ebfu<\/strong> : Cookie peut \u00eatre utilis\u00e9 pour le Web, ainsi que pour le t\u00e9l\u00e9phone.<\/li>\n\n\n\n<li><strong>Cookie ph\u00e2n t\u00edch<\/strong> : \u0110\u01b0\u1ee3c s\u1ee5ng \u0111\u1ec3 the th\u1eadp d\u1eef li\u1ec7u v\u1ec1 c\u00e1ch ng\u01b0\u1eddi d\u00f9ng t\u01b0\u01a1ng t\u00e1c v\u1edbi trang web (v\u00ed d\u1ee5: c\u00e1c trang \u0111\u00e3 truy c\u1eadp, donc gian d\u00e0nh r\u00e2).<\/li>\n\n\n\n<li><strong>Cookie ti\u1ebfp th\u1ecb<\/strong> : \u0110\u01b0\u1ee3c s\u1ee5ng \u0111\u1ec3 cung c\u1ea5p n\u1ed9i dung qu\u1ea3ng c\u00e1o et khuy\u1ebfn m\u1ea1i \u0111\u01b0\u1ee3c c\u00e1 nh\u00e2n h\u00f3a.<\/li>\n<\/ul>\n\n\n\n<p>Si vous avez un cookie, vous n&#039;aurez plus qu&#039;\u00e0 le faire. Je vous conseille d&#039;utiliser OMORI-MART.<\/p>\n\n\n\n<h4 class=\"wp-block-heading\">&nbsp;<\/h4>\n\n\n\n<h4 class=\"wp-block-heading\"><strong>6. Quy\u1ec1n et L\u1ef1a ch\u1ecdn c\u1ee7a b\u1ea1n<\/strong><\/h4>\n\n\n\n<p>6.1 <strong>Truy c\u1eadp v\u00e0 ch\u1ec9nh s\u1eeda<\/strong> :<\/p>\n\n\n\n<ul class=\"wp-block-list\">\n<li>Vous pouvez vraiment le faire et le faire en m\u00eame temps. B\u1ea1n c\u00f3 th\u1ec3 th\u1ef1c hi\u1ec7n vi\u1ec7c n\u00e0y b\u1eb1ng c\u00e1ch \u0111\u0103ng nh\u1eadp et \u00e0o t\u00e0i kho\u1ea3n c\u1ee7a minh ho\u1eb7c lien h\u1ec7 v\u1edbi nh\u00f3m h\u1ed7 tr\u1ee3 kh\u00e1ch h\u00e0ng c\u1ee7a ch\u00fang t\u00f4i. <\/li>\n<\/ul>\n\n\n\n<p>6.2 <strong>T\u1eeb ch\u1ed1i nh\u1eadn th\u00f4ng tin ti\u1ebfp th\u1ecb<\/strong> :<\/p>\n\n\n\n<ul class=\"wp-block-list\">\n<li>Si vous avez besoin de plus d&#039;informations, vous serez en mesure d&#039;obtenir un lien vers &quot;h\u1ee7y&quot; Je vous envoie un e-mail avec un lien vers un lien vers votre adresse e-mail.<\/li>\n<\/ul>\n\n\n\n<p>6.3 <strong>X\u00f3a t\u00e0i kho\u1ea3n<\/strong> :<\/p>\n\n\n\n<ul class=\"wp-block-list\">\n<li>Lorsque vous avez besoin de SIM-OMORI-MART, vous pouvez obtenir des liens avec votre entreprise t\u00f4i. Xin l\u01b0u \u00fd r\u1eb1ng ch\u00fang t\u00f4i c\u00f3 th\u1ec3 gi\u1eef l\u1ea1i m\u1ed9t s\u1ed1 th\u00f4ng tin theo y\u00eau c\u1ea7u c\u1ee7a ph\u00e1p lu\u1eadt ho\u1eb7c cho m\u1ee5c \u0111\u00edch kinh doanh h\u1ee3p ph\u00e1p. <\/li>\n<\/ul>\n\n\n\n<h4 class=\"wp-block-heading\">&nbsp;<\/h4>\n\n\n\n<h4 class=\"wp-block-heading\"><strong>7. Quy\u1ec1n ri\u00eang t\u01b0 c\u1ee7a tr\u1ebb em<\/strong><\/h4>\n\n\n\n<p>SIM-OMORI-MART aura lieu pendant 18 heures et vous permettra de trouver le bon produit. N\u1ebfu ch\u00fang t\u00f4i bi\u1ebft r\u1eb1ng ch\u00fang t\u00f4i \u0111\u00e3 thu th\u1eadp th\u00f4ng tin c\u00e1 nh\u00e2n t\u1eeb tr\u1ebb v\u1ecb th\u00e0nh ni\u00ean m\u00e0 kh\u00f4ng c\u00f3 s\u1ef1 \u0111\u1ed3ng \u00fd c\u1ee7a cha m\u1eb9, ch\u00fang t\u00f4i s\u1ebd c&#039;est \u00e0 dire que c&#039;est une chose \u00e0 faire. <\/p>\n\n\n\n<h4 class=\"wp-block-heading\">&nbsp;<\/h4>\n\n\n\n<h4 class=\"wp-block-heading\"><strong>8. Li\u00ean k\u1ebft c\u1ee7a b\u00ean th\u1ee9 ba<\/strong><\/h4>\n\n\n\n<p>Le Web vous permet de cr\u00e9er un lien vers un site Web tr\u00e8s pratique pour OMORI-MART. Vous pouvez trouver des informations sur le Web pour vous aider \u00e0 le faire. Vous avez la possibilit\u00e9 de vous connecter \u00e0 Internet sans avoir \u00e0 vous en soucier.  <\/p>\n\n\n\n<h4 class=\"wp-block-heading\">&nbsp;<\/h4>\n\n\n\n<h4 class=\"wp-block-heading\"><strong>9. Thay \u0111\u1ed5i Ch\u00ednh s\u00e1ch b\u1ea3o m\u1eadt<\/strong><\/h4>\n\n\n\n<p>Ch\u00fang t\u00f4i c\u00f3 th\u1ec3 c\u1eadp nh\u1eadt Ch\u00ednh s\u00e1ch b\u1ea3o m\u1eadt n\u00e0y theo th\u1eddi gian \u0111\u1ec3 ph\u1ea3n \u00e1nh nh\u1eefng thay \u0111\u1ed5i trong ho\u1ea1t \u0111\u1ed9ng c\u1ee7a ch\u00fang t\u00f4i ho\u1eb7c v\u00ec nh\u1eefng l\u00fd do ho\u1ea1t \u0111\u1ed9ng, ph\u00e1p l\u00fd ho\u1eb7c quy \u0111\u1ecbnh kh\u00e1c. B\u1ea5t k\u1ef3 thay \u0111\u1ed5i n\u00e0o \u0111\u1ed1i v\u1edbi Ch\u00ednh s\u00e1ch b\u1ea3o m\u1eadt n\u00e0y s\u1ebd \u0111\u01b0\u1ee3c \u0111\u0103ng tr\u00ean trang web c\u1ee7a ch\u00fang t\u00f4i v\u1edbi ng\u00e0y c\u00f3 hi\u1ec7u l\u1ef1c \u0111\u01b0\u1ee3c c\u1eadp nh\u1eadt. Vi\u1ec7c b\u1ea1n ti\u1ebfp t\u1ee5c s\u1ee5ng OMORI-MART sau b\u1ea5t k\u1ef3 thay \u0111\u1ed5i n\u00e0o \u0111\u1ed1i v\u1edbi Ch\u00ednh sach b\u1ea3o m\u1eadt c\u00f3 ngh\u0129a l\u00e0 b\u1ea1n ch\u1ea5p nh\u1eadn nh\u1eefng thay \u0111\u1ed5i \u0111\u00f3.  <\/p>\n\n\n\n<h4 class=\"wp-block-heading\">&nbsp;<\/h4>\n\n\n\n<h4 class=\"wp-block-heading\"><strong>10. Li\u00ean h\u1ec7 v\u1edbi c\u00fang t\u00f4i<\/strong><\/h4>\n\n\n\n<p>N\u1ebfu b\u1ea1n c\u00f3 b\u1ea5t k\u1ef3 c\u00e2u h\u1ecfi ho\u1eb7c th\u1eafc m\u1eafc n\u00e0o v\u1ec1 Ch\u00ednh s\u00e1ch b\u1ea3o m\u1eadt n\u00e0y ho\u1eb7c c\u00e1ch th\u00f4ng tin c\u00e1 nh\u00e2n c\u1ee7a b\u1ea1n \u0111\u01b0\u1ee3c x\u1eed Oui, vui long lien h\u1ec7 v\u1edbi c\u00fang t\u00f4i theo \u0111\u1ecba ch\u1ec9:<\/p>\n\n\n\n<ul class=\"wp-block-list\">\n<li><strong>E-mail<\/strong> support@omorimart.com<\/li>\n\n\n\n<li><strong>\u0110\u1ecba ch\u1ec9<\/strong> : R Cube Aoyama, T\u1ea7ng 3, 1-3-1 Kita-Aoyama, Minato-ku, Tokyo, 107-0061, Nh\u1eadt B\u1ea3n<\/li>\n<\/ul>\n\n\n\n<p>En vous connectant \u00e0 OMORI-MART, vous serez en mesure de vous aider \u00e0 trouver une solution \u00e0 votre probl\u00e8me. c&#039;est possible.<\/p>","protected":false},"excerpt":{"rendered":"<p>Ng\u00e0y c\u00f3 hi\u1ec7u l\u1ef1c : 20 th\u00e1ng 4 n\u0103m 2025 T\u1ea1i SIM-OMORI-MART , \u0111\u01b0\u1ee3c \u0111i\u1ec1u h\u00e0nh b\u1edfi&nbsp;COMFYS JAPAN LLC , ch\u00fang t\u00f4i cam k\u1ebft b\u1ea3o v\u1ec7 quy\u1ec1n ri\u00eang t\u01b0 c\u1ee7a<\/p>","protected":false},"author":2,"featured_media":0,"parent":0,"menu_order":0,"comment_status":"closed","ping_status":"open","template":"","meta":{"footnotes":""},"class_list":["post-24908","page","type-page","status-publish","hentry"],"yoast_head":"<!-- This site is optimized with the Yoast SEO plugin v27.2 - https:\/\/yoast.com\/product\/yoast-seo-wordpress\/ -->\n<title>Ch\u00ednh s\u00e1ch b\u1ea3o m\u1eadt - Omori WIFI<\/title>\n<meta name=\"robots\" content=\"index, follow, max-snippet:-1, max-image-preview:large, max-video-preview:-1\" \/>\n<link rel=\"canonical\" href=\"https:\/\/omoriwifi.com\/fr\/chinh-sach-bao-mat\/\" \/>\n<meta property=\"og:locale\" content=\"fr_FR\" \/>\n<meta property=\"og:type\" content=\"article\" \/>\n<meta property=\"og:title\" content=\"Ch\u00ednh s\u00e1ch b\u1ea3o m\u1eadt - Omori WIFI\" \/>\n<meta property=\"og:description\" content=\"Ng\u00e0y c\u00f3 hi\u1ec7u l\u1ef1c : 20 th\u00e1ng 4 n\u0103m 2025 T\u1ea1i SIM-OMORI-MART , \u0111\u01b0\u1ee3c \u0111i\u1ec1u h\u00e0nh b\u1edfi&nbsp;COMFYS JAPAN LLC , ch\u00fang t\u00f4i cam k\u1ebft b\u1ea3o v\u1ec7 quy\u1ec1n ri\u00eang t\u01b0 c\u1ee7a\" \/>\n<meta property=\"og:url\" content=\"https:\/\/omoriwifi.com\/fr\/chinh-sach-bao-mat\/\" \/>\n<meta property=\"og:site_name\" content=\"Omori WIFI\" \/>\n<meta name=\"twitter:card\" content=\"summary_large_image\" \/>\n<meta name=\"twitter:label1\" content=\"Dur\u00e9e de lecture estim\u00e9e\" \/>\n\t<meta name=\"twitter:data1\" content=\"11 minutes\" \/>\n<script type=\"application\/ld+json\" class=\"yoast-schema-graph\">{\"@context\":\"https:\/\/schema.org\",\"@graph\":[{\"@type\":\"WebPage\",\"@id\":\"https:\/\/omoriwifi.com\/de\/chinh-sach-bao-mat\/\",\"url\":\"https:\/\/omoriwifi.com\/de\/chinh-sach-bao-mat\/\",\"name\":\"Ch\u00ednh s\u00e1ch b\u1ea3o m\u1eadt - Omori WIFI\",\"isPartOf\":{\"@id\":\"https:\/\/omoriwifi.com\/ja\/#website\"},\"datePublished\":\"2025-03-25T17:10:57+00:00\",\"breadcrumb\":{\"@id\":\"https:\/\/omoriwifi.com\/de\/chinh-sach-bao-mat\/#breadcrumb\"},\"inLanguage\":\"fr-FR\",\"potentialAction\":[{\"@type\":\"ReadAction\",\"target\":[\"https:\/\/omoriwifi.com\/de\/chinh-sach-bao-mat\/\"]}]},{\"@type\":\"BreadcrumbList\",\"@id\":\"https:\/\/omoriwifi.com\/de\/chinh-sach-bao-mat\/#breadcrumb\",\"itemListElement\":[{\"@type\":\"ListItem\",\"position\":1,\"name\":\"Home\",\"item\":\"https:\/\/omoriwifi.com\/ja\/\"},{\"@type\":\"ListItem\",\"position\":2,\"name\":\"Ch\u00ednh s\u00e1ch b\u1ea3o m\u1eadt\"}]},{\"@type\":\"WebSite\",\"@id\":\"https:\/\/omoriwifi.com\/ja\/#website\",\"url\":\"https:\/\/omoriwifi.com\/ja\/\",\"name\":\"Omori WiFi\",\"description\":\"My WordPress Blog\",\"potentialAction\":[{\"@type\":\"SearchAction\",\"target\":{\"@type\":\"EntryPoint\",\"urlTemplate\":\"https:\/\/omoriwifi.com\/ja\/?s={search_term_string}\"},\"query-input\":{\"@type\":\"PropertyValueSpecification\",\"valueRequired\":true,\"valueName\":\"search_term_string\"}}],\"inLanguage\":\"fr-FR\"}]}<\/script>\n<!-- \/ Yoast SEO plugin. -->","yoast_head_json":{"title":"Ch\u00ednh s\u00e1ch b\u1ea3o m\u1eadt - Omori WIFI","robots":{"index":"index","follow":"follow","max-snippet":"max-snippet:-1","max-image-preview":"max-image-preview:large","max-video-preview":"max-video-preview:-1"},"canonical":"https:\/\/omoriwifi.com\/fr\/chinh-sach-bao-mat\/","og_locale":"fr_FR","og_type":"article","og_title":"Ch\u00ednh s\u00e1ch b\u1ea3o m\u1eadt - Omori WIFI","og_description":"Ng\u00e0y c\u00f3 hi\u1ec7u l\u1ef1c : 20 th\u00e1ng 4 n\u0103m 2025 T\u1ea1i SIM-OMORI-MART , \u0111\u01b0\u1ee3c \u0111i\u1ec1u h\u00e0nh b\u1edfi&nbsp;COMFYS JAPAN LLC , ch\u00fang t\u00f4i cam k\u1ebft b\u1ea3o v\u1ec7 quy\u1ec1n ri\u00eang t\u01b0 c\u1ee7a","og_url":"https:\/\/omoriwifi.com\/fr\/chinh-sach-bao-mat\/","og_site_name":"Omori WIFI","twitter_card":"summary_large_image","twitter_misc":{"Dur\u00e9e de lecture estim\u00e9e":"11 minutes"},"schema":{"@context":"https:\/\/schema.org","@graph":[{"@type":"WebPage","@id":"https:\/\/omoriwifi.com\/de\/chinh-sach-bao-mat\/","url":"https:\/\/omoriwifi.com\/de\/chinh-sach-bao-mat\/","name":"Ch\u00ednh s\u00e1ch b\u1ea3o m\u1eadt - Omori WIFI","isPartOf":{"@id":"https:\/\/omoriwifi.com\/ja\/#website"},"datePublished":"2025-03-25T17:10:57+00:00","breadcrumb":{"@id":"https:\/\/omoriwifi.com\/de\/chinh-sach-bao-mat\/#breadcrumb"},"inLanguage":"fr-FR","potentialAction":[{"@type":"ReadAction","target":["https:\/\/omoriwifi.com\/de\/chinh-sach-bao-mat\/"]}]},{"@type":"BreadcrumbList","@id":"https:\/\/omoriwifi.com\/de\/chinh-sach-bao-mat\/#breadcrumb","itemListElement":[{"@type":"ListItem","position":1,"name":"Home","item":"https:\/\/omoriwifi.com\/ja\/"},{"@type":"ListItem","position":2,"name":"Ch\u00ednh s\u00e1ch b\u1ea3o m\u1eadt"}]},{"@type":"WebSite","@id":"https:\/\/omoriwifi.com\/ja\/#website","url":"https:\/\/omoriwifi.com\/ja\/","name":"Wi-Fi Omori","description":"Mon blog WordPress","potentialAction":[{"@type":"SearchAction","target":{"@type":"EntryPoint","urlTemplate":"https:\/\/omoriwifi.com\/ja\/?s={search_term_string}"},"query-input":{"@type":"PropertyValueSpecification","valueRequired":true,"valueName":"search_term_string"}}],"inLanguage":"fr-FR"}]}},"_links":{"self":[{"href":"https:\/\/omoriwifi.com\/fr\/wp-json\/wp\/v2\/pages\/24908","targetHints":{"allow":["GET"]}}],"collection":[{"href":"https:\/\/omoriwifi.com\/fr\/wp-json\/wp\/v2\/pages"}],"about":[{"href":"https:\/\/omoriwifi.com\/fr\/wp-json\/wp\/v2\/types\/page"}],"author":[{"embeddable":true,"href":"https:\/\/omoriwifi.com\/fr\/wp-json\/wp\/v2\/users\/2"}],"replies":[{"embeddable":true,"href":"https:\/\/omoriwifi.com\/fr\/wp-json\/wp\/v2\/comments?post=24908"}],"version-history":[{"count":0,"href":"https:\/\/omoriwifi.com\/fr\/wp-json\/wp\/v2\/pages\/24908\/revisions"}],"wp:attachment":[{"href":"https:\/\/omoriwifi.com\/fr\/wp-json\/wp\/v2\/media?parent=24908"}],"curies":[{"name":"wp","href":"https:\/\/api.w.org\/{rel}","templated":true}]}}