{"id":24936,"date":"2024-04-17T07:16:25","date_gmt":"2024-04-17T07:16:25","guid":{"rendered":"https:\/\/peachpuff-dugong-919786.hostingersite.com\/kontaktieren-sie-uns\/"},"modified":"2024-04-17T07:16:25","modified_gmt":"2024-04-17T07:16:25","slug":"kontaktieren-sie-uns","status":"publish","type":"page","link":"https:\/\/omoriwifi.com\/fr\/kontaktieren-sie-uns\/","title":{"rendered":"Kontaktieren Sie uns"},"content":{"rendered":"<div data-elementor-type=\"wp-page\" data-elementor-id=\"24936\" class=\"elementor elementor-24936\">\n\t\t\t\t<div class=\"elementor-element elementor-element-cea4646 e-flex e-con-boxed e-con e-parent\" data-id=\"cea4646\" data-element_type=\"container\" data-e-type=\"container\">\n\t\t\t\t\t<div class=\"e-con-inner\">\n\t\t<div class=\"elementor-element elementor-element-35805f5 e-con-full e-flex e-con e-child\" data-id=\"35805f5\" data-element_type=\"container\" data-e-type=\"container\">\n\t\t\t\t<div class=\"elementor-element elementor-element-9257ffa elementor-widget elementor-widget-pls-heading\" data-id=\"9257ffa\" data-element_type=\"widget\" data-e-type=\"widget\" data-widget_type=\"pls-heading.default\">\n\t\t\t\t<div class=\"elementor-widget-container\">\n\t\t\t\t\t<div id=\"pls-header-64809\" class=\"pls-element pls-heading pls-text-left separator-none\">\t\n\t\t\t\n\t\t\t<div class=\"heading-wrap\">\n\t\t\t<span class=\"separator-left\"><\/span>\n\t\t\t<h2 class=\"heading-title\">\u00c9crivez-nous<\/h2>\t\t\t<span class=\"separator-right\"><\/span>\n\t\t\t\t\t<\/div>\n\t\t\n    \t\t<div class=\"heading-tagline\"> Utilisez le formulaire ci-dessous pour entrer en contact avec l&#039;\u00e9quipe commerciale <\/div>\n\t<\/div>\t\t\t\t<\/div>\n\t\t\t\t<\/div>\n\t\t\t\t<div class=\"elementor-element elementor-element-22e5ae3 elementor-widget elementor-widget-pls-contactus\" data-id=\"22e5ae3\" data-element_type=\"widget\" data-e-type=\"widget\" data-widget_type=\"pls-contactus.default\">\n\t\t\t\t<div class=\"elementor-widget-container\">\n\t\t\t\t\t<div class=\"pls-element pls-contact-us\">\n\t\n<div class=\"wpcf7 no-js\" id=\"wpcf7-f1596-o1\" lang=\"en-US\" dir=\"ltr\" data-wpcf7-id=\"1596\">\n<div class=\"screen-reader-response\"><p role=\"status\" aria-live=\"polite\" aria-atomic=\"true\"><\/p> <ul><\/ul><\/div>\n<form action=\"\/fr\/wp-json\/wp\/v2\/pages\/24936#wpcf7-f1596-o1\" method=\"post\" class=\"wpcf7-form init\" aria-label=\"Contact form\" novalidate=\"novalidate\" data-status=\"init\" data-trp-original-action=\"\/fr\/wp-json\/wp\/v2\/pages\/24936#wpcf7-f1596-o1\">\n<fieldset class=\"hidden-fields-container\"><input type=\"hidden\" name=\"_wpcf7\" value=\"1596\" \/><input type=\"hidden\" name=\"_wpcf7_version\" value=\"6.1.5\" \/><input type=\"hidden\" name=\"_wpcf7_locale\" value=\"en_US\" \/><input type=\"hidden\" name=\"_wpcf7_unit_tag\" value=\"wpcf7-f1596-o1\" \/><input type=\"hidden\" name=\"_wpcf7_container_post\" value=\"0\" \/><input type=\"hidden\" name=\"_wpcf7_posted_data_hash\" value=\"\" \/>\n<\/fieldset>\n<div class=\"row\">\n\t<div class=\"col-12 col-md-6\">\n\t\t<p><span class=\"wpcf7-form-control-wrap\" data-name=\"your-name\"><input size=\"40\" maxlength=\"400\" class=\"wpcf7-form-control wpcf7-text wpcf7-validates-as-required\" aria-required=\"true\" aria-invalid=\"false\" placeholder=\"Votre nom*\" value=\"\" type=\"text\" name=\"your-name\" \/><\/span>\n\t\t<\/p>\n\t<\/div>\n\t<div class=\"col-12 col-md-6\">\n\t\t<p><span class=\"wpcf7-form-control-wrap\" data-name=\"your-email\"><input size=\"40\" maxlength=\"400\" class=\"wpcf7-form-control wpcf7-email wpcf7-validates-as-required wpcf7-text wpcf7-validates-as-email\" autocomplete=\"email\" aria-required=\"true\" aria-invalid=\"false\" placeholder=\"Votre e-mail*\" value=\"\" type=\"email\" name=\"your-email\" \/><\/span>\n\t\t<\/p>\n\t<\/div>\n\t<div class=\"col-12\">\n\t\t<p><span class=\"wpcf7-form-control-wrap\" data-name=\"your-subject\"><input size=\"40\" maxlength=\"400\" class=\"wpcf7-form-control wpcf7-text wpcf7-validates-as-required\" aria-required=\"true\" aria-invalid=\"false\" placeholder=\"Sujet\" value=\"\" type=\"text\" name=\"your-subject\" \/><\/span>\n\t\t<\/p>\n\t<\/div>\n\t<div class=\"col-12\">\n\t\t<p><span class=\"wpcf7-form-control-wrap\" data-name=\"your-message\"><textarea cols=\"40\" rows=\"10\" maxlength=\"2000\" class=\"wpcf7-form-control wpcf7-textarea\" aria-invalid=\"false\" placeholder=\"Votre message*\" name=\"your-message\"><\/textarea><\/span>\n\t\t<\/p>\n\t<\/div>\n\t<div class=\"col-12\">\n\t\t<p><input class=\"wpcf7-form-control wpcf7-submit has-spinner\" type=\"submit\" value=\"Envoyer un message\" \/>\n\t\t<\/p>\n\t<\/div>\n<\/div><div class=\"wpcf7-response-output\" aria-hidden=\"true\"><\/div>\n<input type=\"hidden\" name=\"trp-form-language\" value=\"fr\"\/><\/form>\n<\/div>\n<\/div>\t\t\t\t<\/div>\n\t\t\t\t<\/div>\n\t\t\t\t<\/div>\n\t\t<div class=\"elementor-element elementor-element-50b77f9 e-con-full e-flex e-con e-child\" data-id=\"50b77f9\" data-element_type=\"container\" data-e-type=\"container\">\n\t\t\t\t<div class=\"elementor-element elementor-element-2449c06 elementor-widget elementor-widget-pls-contact-info\" data-id=\"2449c06\" data-element_type=\"widget\" data-e-type=\"widget\" data-widget_type=\"pls-contact-info.default\">\n\t\t\t\t<div class=\"elementor-widget-container\">\n\t\t\t\t\t<div id=\"pls-contact-info-14175\" class=\"pls-element pls-contact-info\">\n\n\t<h4 class=\"pls-contact-info-title\">Notre magasin<\/h4><div class=\"pls-contact-info-description\">COMFYS JAPAN LLC, R Cube Aoyama, 3e \u00e9tage, 1-3-1 Kita-Aoyama, Minato-ku, Tokyo 107-0061, Japon<\/div>\t\t<ul class=\"pls-contact-info-data\">\n\t\t\t<li><span class=\"pls-contact-info-label\">T\u00e9l\u00e9phone: <\/span><span class=\"pls-contact-info-text\">071 9186 1878<\/span><\/li><li><span class=\"pls-contact-info-label\">E-mail:<\/span><span class=\"pls-contact-info-text\">support@peachpuff-dugong-919786.hostingersite.com<\/span><\/li>\t\t<\/ul>\n\t<\/div>\t\t\t\t<\/div>\n\t\t\t\t<\/div>\n\t\t\t\t<\/div>\n\t\t\t\t\t<\/div>\n\t\t\t\t<\/div>\n\t\t<div class=\"elementor-element elementor-element-90fae60 e-con-full e-flex e-con e-parent\" data-id=\"90fae60\" data-element_type=\"container\" data-e-type=\"container\">\n\t\t\t\t<div class=\"elementor-element elementor-element-bb181a2 elementor-widget elementor-widget-google_maps\" data-id=\"bb181a2\" data-element_type=\"widget\" data-e-type=\"widget\" data-widget_type=\"google_maps.default\">\n\t\t\t\t<div class=\"elementor-widget-container\">\n\t\t\t\t\t\t\t<div class=\"elementor-custom-embed\">\n\t\t\t<iframe loading=\"lazy\"\n\t\t\t\t\tsrc=\"https:\/\/maps.google.com\/maps?q=COMFYS%20JAPAN%20LLC%2C%20R%20Cube%20Aoyama%203rd%20Floor%2C%201-3-1%20Kita-Aoyama%2C%20Minato-ku%2C%20Tokyo%20107-0061%2C%20Japan&#038;t=m&#038;z=16&#038;output=embed&#038;iwloc=near\"\n\t\t\t\t\ttitle=\"COMFYS JAPAN LLC, R Cube Aoyama, 3e \u00e9tage, 1-3-1 Kita-Aoyama, Minato-ku, Tokyo 107-0061, Japon\"\n\t\t\t\t\taria-label=\"COMFYS JAPAN LLC, R Cube Aoyama, 3e \u00e9tage, 1-3-1 Kita-Aoyama, Minato-ku, Tokyo 107-0061, Japon\"\n\t\t\t><\/iframe>\n\t\t<\/div>\n\t\t\t\t\t\t<\/div>\n\t\t\t\t<\/div>\n\t\t\t\t<\/div>\n\t\t\t\t<\/div>","protected":false},"excerpt":{"rendered":"<p>Schreiben Sie uns eine Nachricht Benutzen Sie das untenstehende Formular, um mit dem Verkaufsteam in Kontakt zu treten Unser Gesch\u00e4ft COMFYS JAPAN LLC, R Cube Aoyama 3rd Floor, 1-3-1 Kita-Aoyama,<\/p>","protected":false},"author":2,"featured_media":0,"parent":0,"menu_order":0,"comment_status":"closed","ping_status":"closed","template":"","meta":{"footnotes":""},"class_list":["post-24936","page","type-page","status-publish","hentry"],"yoast_head":"<!-- This site is optimized with the Yoast SEO plugin v27.2 - https:\/\/yoast.com\/product\/yoast-seo-wordpress\/ -->\n<title>Kontaktieren Sie uns - Omori WIFI<\/title>\n<meta name=\"description\" content=\"Wenden Sie sich bei Fragen oder zur Unterst\u00fctzung an uns! Ganz gleich, ob Sie Hilfe zu SIM-Karten, Heim-WiFi oder Taschen-WiFi ben\u00f6tigen, wir sind f\u00fcr Sie da. Kontaktieren Sie uns noch heute f\u00fcr eine schnelle, zuverl\u00e4ssige Verbindung in Japan.\" \/>\n<meta name=\"robots\" content=\"index, follow, max-snippet:-1, max-image-preview:large, max-video-preview:-1\" \/>\n<link rel=\"canonical\" href=\"https:\/\/omoriwifi.com\/fr\/kontaktieren-sie-uns\/\" \/>\n<meta property=\"og:locale\" content=\"fr_FR\" \/>\n<meta property=\"og:type\" content=\"article\" \/>\n<meta property=\"og:title\" content=\"Kontaktieren Sie uns - Omori WIFI\" \/>\n<meta property=\"og:description\" content=\"Wenden Sie sich bei Fragen oder zur Unterst\u00fctzung an uns! Ganz gleich, ob Sie Hilfe zu SIM-Karten, Heim-WiFi oder Taschen-WiFi ben\u00f6tigen, wir sind f\u00fcr Sie da. Kontaktieren Sie uns noch heute f\u00fcr eine schnelle, zuverl\u00e4ssige Verbindung in Japan.\" \/>\n<meta property=\"og:url\" content=\"https:\/\/omoriwifi.com\/fr\/kontaktieren-sie-uns\/\" \/>\n<meta property=\"og:site_name\" content=\"Omori WIFI\" \/>\n<meta name=\"twitter:card\" content=\"summary_large_image\" \/>\n<script type=\"application\/ld+json\" class=\"yoast-schema-graph\">{\"@context\":\"https:\/\/schema.org\",\"@graph\":[{\"@type\":\"WebPage\",\"@id\":\"https:\/\/omoriwifi.com\/pt\/kontaktieren-sie-uns\/\",\"url\":\"https:\/\/omoriwifi.com\/pt\/kontaktieren-sie-uns\/\",\"name\":\"Kontaktieren Sie uns - Omori WIFI\",\"isPartOf\":{\"@id\":\"https:\/\/omoriwifi.com\/ja\/#website\"},\"datePublished\":\"2024-04-17T07:16:25+00:00\",\"description\":\"Wenden Sie sich bei Fragen oder zur Unterst\u00fctzung an uns! Ganz gleich, ob Sie Hilfe zu SIM-Karten, Heim-WiFi oder Taschen-WiFi ben\u00f6tigen, wir sind f\u00fcr Sie da. Kontaktieren Sie uns noch heute f\u00fcr eine schnelle, zuverl\u00e4ssige Verbindung in Japan.\",\"breadcrumb\":{\"@id\":\"https:\/\/omoriwifi.com\/pt\/kontaktieren-sie-uns\/#breadcrumb\"},\"inLanguage\":\"fr-FR\",\"potentialAction\":[{\"@type\":\"ReadAction\",\"target\":[\"https:\/\/omoriwifi.com\/pt\/kontaktieren-sie-uns\/\"]}]},{\"@type\":\"BreadcrumbList\",\"@id\":\"https:\/\/omoriwifi.com\/pt\/kontaktieren-sie-uns\/#breadcrumb\",\"itemListElement\":[{\"@type\":\"ListItem\",\"position\":1,\"name\":\"Home\",\"item\":\"https:\/\/omoriwifi.com\/ja\/\"},{\"@type\":\"ListItem\",\"position\":2,\"name\":\"Kontaktieren Sie uns\"}]},{\"@type\":\"WebSite\",\"@id\":\"https:\/\/omoriwifi.com\/ja\/#website\",\"url\":\"https:\/\/omoriwifi.com\/ja\/\",\"name\":\"Omori WiFi\",\"description\":\"My WordPress Blog\",\"potentialAction\":[{\"@type\":\"SearchAction\",\"target\":{\"@type\":\"EntryPoint\",\"urlTemplate\":\"https:\/\/omoriwifi.com\/ja\/?s={search_term_string}\"},\"query-input\":{\"@type\":\"PropertyValueSpecification\",\"valueRequired\":true,\"valueName\":\"search_term_string\"}}],\"inLanguage\":\"fr-FR\"}]}<\/script>\n<!-- \/ Yoast SEO plugin. -->","yoast_head_json":{"title":"Kontaktieren Sie uns - Omori WIFI","description":"Wenden Sie sich bei Fragen oder zur Unterst\u00fctzung an uns! Ganz gleich, ob Sie Hilfe zu SIM-Karten, Heim-WiFi oder Taschen-WiFi ben\u00f6tigen, wir sind f\u00fcr Sie da. Kontaktieren Sie uns noch heute f\u00fcr eine schnelle, zuverl\u00e4ssige Verbindung in Japan.","robots":{"index":"index","follow":"follow","max-snippet":"max-snippet:-1","max-image-preview":"max-image-preview:large","max-video-preview":"max-video-preview:-1"},"canonical":"https:\/\/omoriwifi.com\/fr\/kontaktieren-sie-uns\/","og_locale":"fr_FR","og_type":"article","og_title":"Kontaktieren Sie uns - Omori WIFI","og_description":"Wenden Sie sich bei Fragen oder zur Unterst\u00fctzung an uns! Ganz gleich, ob Sie Hilfe zu SIM-Karten, Heim-WiFi oder Taschen-WiFi ben\u00f6tigen, wir sind f\u00fcr Sie da. Kontaktieren Sie uns noch heute f\u00fcr eine schnelle, zuverl\u00e4ssige Verbindung in Japan.","og_url":"https:\/\/omoriwifi.com\/fr\/kontaktieren-sie-uns\/","og_site_name":"Omori WIFI","twitter_card":"summary_large_image","schema":{"@context":"https:\/\/schema.org","@graph":[{"@type":"WebPage","@id":"https:\/\/omoriwifi.com\/pt\/kontaktieren-sie-uns\/","url":"https:\/\/omoriwifi.com\/pt\/kontaktieren-sie-uns\/","name":"Kontaktieren Sie uns - Omori WIFI","isPartOf":{"@id":"https:\/\/omoriwifi.com\/ja\/#website"},"datePublished":"2024-04-17T07:16:25+00:00","description":"Wenden Sie sich bei Fragen oder zur Unterst\u00fctzung an uns! Ganz gleich, ob Sie Hilfe zu SIM-Karten, Heim-WiFi oder Taschen-WiFi ben\u00f6tigen, wir sind f\u00fcr Sie da. Kontaktieren Sie uns noch heute f\u00fcr eine schnelle, zuverl\u00e4ssige Verbindung in Japan.","breadcrumb":{"@id":"https:\/\/omoriwifi.com\/pt\/kontaktieren-sie-uns\/#breadcrumb"},"inLanguage":"fr-FR","potentialAction":[{"@type":"ReadAction","target":["https:\/\/omoriwifi.com\/pt\/kontaktieren-sie-uns\/"]}]},{"@type":"BreadcrumbList","@id":"https:\/\/omoriwifi.com\/pt\/kontaktieren-sie-uns\/#breadcrumb","itemListElement":[{"@type":"ListItem","position":1,"name":"Home","item":"https:\/\/omoriwifi.com\/ja\/"},{"@type":"ListItem","position":2,"name":"Kontaktieren Sie uns"}]},{"@type":"WebSite","@id":"https:\/\/omoriwifi.com\/ja\/#website","url":"https:\/\/omoriwifi.com\/ja\/","name":"Wi-Fi Omori","description":"Mon blog WordPress","potentialAction":[{"@type":"SearchAction","target":{"@type":"EntryPoint","urlTemplate":"https:\/\/omoriwifi.com\/ja\/?s={search_term_string}"},"query-input":{"@type":"PropertyValueSpecification","valueRequired":true,"valueName":"search_term_string"}}],"inLanguage":"fr-FR"}]}},"_links":{"self":[{"href":"https:\/\/omoriwifi.com\/fr\/wp-json\/wp\/v2\/pages\/24936","targetHints":{"allow":["GET"]}}],"collection":[{"href":"https:\/\/omoriwifi.com\/fr\/wp-json\/wp\/v2\/pages"}],"about":[{"href":"https:\/\/omoriwifi.com\/fr\/wp-json\/wp\/v2\/types\/page"}],"author":[{"embeddable":true,"href":"https:\/\/omoriwifi.com\/fr\/wp-json\/wp\/v2\/users\/2"}],"replies":[{"embeddable":true,"href":"https:\/\/omoriwifi.com\/fr\/wp-json\/wp\/v2\/comments?post=24936"}],"version-history":[{"count":0,"href":"https:\/\/omoriwifi.com\/fr\/wp-json\/wp\/v2\/pages\/24936\/revisions"}],"wp:attachment":[{"href":"https:\/\/omoriwifi.com\/fr\/wp-json\/wp\/v2\/media?parent=24936"}],"curies":[{"name":"wp","href":"https:\/\/api.w.org\/{rel}","templated":true}]}}