{"id":24968,"date":"2025-03-28T00:40:25","date_gmt":"2025-03-28T00:40:25","guid":{"rendered":"https:\/\/peachpuff-dugong-919786.hostingersite.com\/termos-e-condicoes\/"},"modified":"2025-03-28T00:40:25","modified_gmt":"2025-03-28T00:40:25","slug":"termos-e-condicoes","status":"publish","type":"page","link":"https:\/\/omoriwifi.com\/fr\/termos-e-condicoes\/","title":{"rendered":"Termes et conditions"},"content":{"rendered":"<p><strong>Introduction<\/strong><\/p>\n\n\n\n<p>Bem-vindo ao <strong>OMORI-MART<\/strong>, un march\u00e9 en ligne exploit\u00e9 par <strong>COMFYS JAPON SARL<\/strong>.&nbsp;<\/p>\n\n\n\n<p>Lorsque vous acc\u00e9dez \u00e0 notre site et \u00e0 nos services, vous \u00eates d&#039;accord avec vous et \u00eates convaincu des termes et conditions suivants. Leia estes termos com aten\u00e7\u00e3o, pois eles regem o uso que voc\u00ea faz do site ea compra de produtos da OMORI-MART. <\/p>\n\n\n\n<h4 class=\"wp-block-heading\"><strong>1. Informations g\u00e9n\u00e9rales<\/strong><\/h4>\n\n\n\n<ul class=\"wp-block-list\">\n<li><strong>Nom de l&#039;entreprise<\/strong>: COMFYS JAPAN LLC<\/li>\n\n\n\n<li><strong>Endere\u00e7o du bureau<\/strong>: R Cube Aoyama, 3\u00e8me \u00e9tage, 1-3-1 Kita-Aoyama, Minato-ku, T\u00f3quio, 107-0061, Japon<\/li>\n\n\n\n<li><strong>Site:<\/strong> https:\/\/peachpuff-dugong-919786.hostingersite.com\/<\/li>\n\n\n\n<li><strong>Description de l&#039;entreprise<\/strong>: Nous sommes confront\u00e9s \u00e0 ce que vous \u00eates connect\u00e9 au Japon de mani\u00e8re simple et sans doute compliqu\u00e9e. Ce n&#039;est pas important que vous visitiez le pays pour un voyage court ou que vous planifiiez un long stade, nos cartes SIM et nos solutions Wi-Fi domestiques garantissent que vous aurez une connexion Internet et une vitesse \u00e9lev\u00e9e partout o\u00f9 vous allez. Dans des contrats compliqu\u00e9s, dans des v\u00e9rifications de cr\u00e9dit \u2013 une connexion parfaite. Notre mission est de fournir des services de donn\u00e9es mobiles et d&#039;acc\u00e8s Wi-Fi et \u00e9conomiques comme des barres typiques. Avec des plans flexibles, des frais gratuits et des options de retrait faciles, nous donnons la priorit\u00e9 \u00e0 la commodit\u00e9 pour que vous puissiez vous concentrer sur l&#039;am\u00e9lioration de votre rythme au Japon.   <\/li>\n<\/ul>\n\n\n\n<h4 class=\"wp-block-heading\"><strong>2. Admissibilit\u00e9 \u00e0 l&#039;emploi<\/strong><\/h4>\n\n\n\n<p>Lorsque vous utilisez SIM-OMORI-MART, vous confirmez que c&#039;est la plus grande chose<\/p>\n\n\n\n<h4 class=\"wp-block-heading\"><strong>3. Commandes et paiements<\/strong><\/h4>\n\n\n\n<p>3.1 <strong>Processus de commande<\/strong>:<\/p>\n\n\n\n<ul class=\"wp-block-list\">\n<li>Toutes les exp\u00e9ditions effectu\u00e9es par SIM-OMORI-MART sont soumises \u00e0 l&#039;achat de COMFYS JAPAN LLC. Si vous avez effectu\u00e9 votre commande, envoyez-nous une confirmation de votre commande par e-mail. Sans toutefois nous r\u00e9server le droit d&#039;annuler ou limiter les d\u00e9penses li\u00e9es \u00e0 la disponibilit\u00e9 du produit, les erreurs de prix ou tout autre motif sur notre crit\u00e8re.  <\/li>\n<\/ul>\n\n\n\n<p>3.2 <strong>M\u00e9thodes de paiement<\/strong>:<\/p>\n\n\n\n<ul class=\"wp-block-list\">\n<li>Nous acceptons les principales cartes de cr\u00e9dit, les transferts bancaires et d&#039;autres formes de paiement, conform\u00e9ment \u00e0 la liste de nos sites. Tous les prix sont r\u00e9pertori\u00e9s dans les devises japonaises (JPY) et incluent tous les imp\u00f4ts appliqu\u00e9s, avec indication au contraire. <\/li>\n<\/ul>\n\n\n\n<p>3.3 <strong>Remboursements et annulations<\/strong>:<\/p>\n\n\n\n<ul class=\"wp-block-list\">\n<li>Les clients peuvent solliciter l&#039;annulation de la commande avant l&#039;envoi. Une fois le produit envoy\u00e9, les annulations ne seront pas autoris\u00e9es. Les retours peuvent \u00eatre \u00e9mis en cas de produits d\u00e9fectueux ou d&#039;erreurs d&#039;entr\u00e9e, soumis \u00e0 une inspection. Pour les exp\u00e9ditions de remboursement, veuillez contacter notre \u00e9quipe de support client jusqu&#039;\u00e0 7 jours apr\u00e8s la r\u00e9ception de l&#039;exp\u00e9dition.   <\/li>\n<\/ul>\n\n\n\n<h4 class=\"wp-block-heading\"><strong>4. Disponibilit\u00e9 et prix du produit<\/strong><\/h4>\n\n\n\n<p>4.1 <strong>Disponibilit\u00e9<\/strong>:<\/p>\n\n\n\n<ul class=\"wp-block-list\">\n<li>Nous nous effor\u00e7ons de maintenir les d\u00e9tails pr\u00e9cis de notre site. Cependant, en raison d&#039;une forte demande ou de fluctuations de la quantit\u00e9 de suppl\u00e9ments, certains articles peuvent \u00eatre indisponibles apr\u00e8s la r\u00e9alisation de votre commande. Dans ces cas-l\u00e0, nous vous informerons et vous proposerons un produit de remplacement ou nous traiterons un remplacement.  <\/li>\n<\/ul>\n\n\n\n<p>4.2 <strong>Pr\u00e9cision<\/strong>:<\/p>\n\n\n\n<ul class=\"wp-block-list\">\n<li>Les prix de nos produits sont sujets \u00e0 des modifications sans avis pr\u00e9alable. Nous ferons tous nos efforts pour garantir des prix pr\u00e9cis sur notre site, mais nous pouvons corriger les erreurs. En cas d&#039;erreur de prix, nous vous r\u00e9servons le droit d&#039;annuler la commande et d&#039;en informer le client de mani\u00e8re ad\u00e9quate.  <\/li>\n<\/ul>\n\n\n\n<h4 class=\"wp-block-heading\"><strong>5. Envoi et livraison<\/strong><\/h4>\n\n\n\n<p>5.1 <strong>Zone de livraison<\/strong>:<\/p>\n\n\n\n<ul class=\"wp-block-list\">\n<li>Actuellement, SIM-OMORI-MART se connecte quelque part pour les endere\u00e7os au Japon. Nous ne pouvons pas envoyer des messages internationaux. <\/li>\n<\/ul>\n\n\n\n<p>5.2 <strong>Taxes de remessa<\/strong>:<\/p>\n\n\n\n<ul class=\"wp-block-list\">\n<li>Les taxons de remessa varient en fonction du tamanho eo peso de votre commande. Tous les clients de l&#039;application seront expos\u00e9s lors de la finalisation de l&#039;achat. La livraison gratuite peut \u00eatre disponible pour des commandes en grandes quantit\u00e9s, en fonction du total des commandes.  <\/li>\n<\/ul>\n\n\n\n<p>5.3 <strong>Pr\u00eat de livraison<\/strong>:<\/p>\n\n\n\n<ul class=\"wp-block-list\">\n<li>Normalement, les t\u00e2ches sont trait\u00e9es entre 2 et 3 jours. Les possibilit\u00e9s d&#039;entr\u00e9e peuvent varier en fonction de votre localisation et de la m\u00e9thode d&#039;envoi s\u00e9lectionn\u00e9e. OMORI-MART n&#039;est pas responsable des atrasos caus\u00e9s par des facteurs externes, comme les conditions climatiques, les probl\u00e8mes de transport ou de lib\u00e9ration a\u00e9rienne.  <\/li>\n<\/ul>\n\n\n\n<h4 class=\"wp-block-heading\"><strong>6. Politique de d\u00e9volution et de reconstruction<\/strong><\/h4>\n\n\n\n<p>6.1 <strong>El\u00e9gibilit\u00e9 pour les \u00e9volutions<\/strong>:<\/p>\n\n\n\n<ul class=\"wp-block-list\">\n<li>Les produits qui ont \u00e9t\u00e9 d\u00e9truits ou qui sont perdus peuvent \u00eatre affect\u00e9s. Les clients doivent nous notifier jusqu&#039;\u00e0 7 jours apr\u00e8s la r\u00e9ception et la preuve du paiement ou du paiement. Les produits re\u00e7us, y compris les produits de viande, doivent \u00eatre inform\u00e9s jusqu&#039;\u00e0 24 heures apr\u00e8s la r\u00e9ception.  <\/li>\n<\/ul>\n\n\n\n<p>6.2 <strong>Il semble que cela ne puisse pas \u00eatre le cas<\/strong>:<\/p>\n\n\n\n<ul class=\"wp-block-list\">\n<li>Les boissons alcoolis\u00e9es et autres produits perec\u00edveis (como carne) ne peuvent pas \u00eatre devolvidos, \u00e0 moins qu&#039;ils soient danificados na Chegada ou qu&#039;ils aient une erreur dans l&#039;entrega.<\/li>\n<\/ul>\n\n\n\n<p>6.3 <strong>Processus de remboursement<\/strong>:<\/p>\n\n\n\n<ul class=\"wp-block-list\">\n<li>Afin de confirmer l&#039;\u00e9ligibilit\u00e9 d&#039;un transfert, les remboursements seront trait\u00e9s pour la m\u00e9thode de paiement originale. Les remboursements peuvent durer jusqu&#039;\u00e0 10 jours pour appara\u00eetre, en fonction de votre institution financi\u00e8re. <\/li>\n<\/ul>\n\n\n\n<h4 class=\"wp-block-heading\"><strong>7. Politique de confidentialit\u00e9<\/strong><\/h4>\n\n\n\n<p>Nous avons un compromis pour prot\u00e9ger vos informations personnelles. Tous les renseignements sur les clients coletados d&#039;OMORI-MART sont trait\u00e9s conform\u00e9ment \u00e0 notre politique de confidentialit\u00e9. Nous ne partageons pas ou ne vendons pas vos informations personnelles \u00e0 des tiers sans votre consentement, sauf lorsque cela est demand\u00e9 par vous.  <\/p>\n\n\n\n<h4 class=\"wp-block-heading\"><strong>8. Limitation de responsabilit\u00e9<\/strong><\/h4>\n\n\n\n<p>A COMFYS JAPAN LLC n&#039;est pas responsable de tout dommage incident, incident ou cons\u00e9cutif d\u00e9coulant de l&#039;utilisation d&#039;OMORI-MART ou des produits vendus sur notre site. Notre responsabilit\u00e9 maximale est limit\u00e9e \u00e0 la valeur du(des) produit(s) dans cette question. <\/p>\n\n\n\n<h4 class=\"wp-block-heading\"><strong>9. L\u00e9gislation applicable<\/strong><\/h4>\n\n\n\n<p>Les conditions et conditions sont r\u00e9gies par les lois du Japon. Tous les litiges concernant votre utilisation de SIM-OMORI-MART sont soumis \u00e0 la juridiction exclusive des tribunaux de T\u00f3quio, Japon. <\/p>\n\n\n\n<h4 class=\"wp-block-heading\"><strong>10. Modifications des termes et conditions<\/strong><\/h4>\n\n\n\n<p>A COMFYS JAPAN LLC se r\u00e9serve le droit de mettre \u00e0 jour ou de modifier ces termes et conditions \u00e0 tout moment. Comme les modifications seront publi\u00e9es sur le site d&#039;OMORI-MART, nous continuerons \u00e0 utiliser nos services apr\u00e8s toute modification signifiant que vous avez les termes r\u00e9vis\u00e9s. <\/p>\n\n\n\n<p>En cas de probl\u00e8mes ou de pr\u00e9occupations concernant ces conditions et conditions, veuillez nous contacter avec notre \u00e9quipe de soins aupr\u00e8s du client. <strong>Envoyez un e-mail \u00e0 support@omorimart.com.<\/strong><\/p>\n\n\n\n<p>Lorsque vous utilisez OMORI-MART, vous reconnaissez que vous, entendez et concordez avec ces termes et conditions.<\/p>","protected":false},"excerpt":{"rendered":"<p>Introdu\u00e7\u00e3o Bem-vindo ao OMORI-MART, um mercado on-line operado pela COMFYS JAPAN LLC.&nbsp; Ao acessar ou usar nosso site e nossos servi\u00e7os, voc\u00ea concorda em cumprir e estar vinculado aos seguintes<\/p>","protected":false},"author":2,"featured_media":0,"parent":0,"menu_order":0,"comment_status":"closed","ping_status":"closed","template":"","meta":{"footnotes":""},"class_list":["post-24968","page","type-page","status-publish","hentry"],"yoast_head":"<!-- This site is optimized with the Yoast SEO plugin v27.2 - https:\/\/yoast.com\/product\/yoast-seo-wordpress\/ -->\n<title>Termos e condi\u00e7\u00f5es - Omori WIFI<\/title>\n<meta name=\"robots\" content=\"index, follow, max-snippet:-1, max-image-preview:large, max-video-preview:-1\" \/>\n<link rel=\"canonical\" href=\"https:\/\/omoriwifi.com\/fr\/termos-e-condicoes\/\" \/>\n<meta property=\"og:locale\" content=\"fr_FR\" \/>\n<meta property=\"og:type\" content=\"article\" \/>\n<meta property=\"og:title\" content=\"Termos e condi\u00e7\u00f5es - Omori WIFI\" \/>\n<meta property=\"og:description\" content=\"Introdu\u00e7\u00e3o Bem-vindo ao OMORI-MART, um mercado on-line operado pela COMFYS JAPAN LLC.&nbsp; Ao acessar ou usar nosso site e nossos servi\u00e7os, voc\u00ea concorda em cumprir e estar vinculado aos seguintes\" \/>\n<meta property=\"og:url\" content=\"https:\/\/omoriwifi.com\/fr\/termos-e-condicoes\/\" \/>\n<meta property=\"og:site_name\" content=\"Omori WIFI\" \/>\n<meta name=\"twitter:card\" content=\"summary_large_image\" \/>\n<meta name=\"twitter:label1\" content=\"Dur\u00e9e de lecture estim\u00e9e\" \/>\n\t<meta name=\"twitter:data1\" content=\"5 minutes\" \/>\n<script type=\"application\/ld+json\" class=\"yoast-schema-graph\">{\"@context\":\"https:\/\/schema.org\",\"@graph\":[{\"@type\":\"WebPage\",\"@id\":\"https:\/\/omoriwifi.com\/uk\/termos-e-condicoes\/\",\"url\":\"https:\/\/omoriwifi.com\/uk\/termos-e-condicoes\/\",\"name\":\"Termos e condi\u00e7\u00f5es - Omori WIFI\",\"isPartOf\":{\"@id\":\"https:\/\/omoriwifi.com\/ja\/#website\"},\"datePublished\":\"2025-03-28T00:40:25+00:00\",\"breadcrumb\":{\"@id\":\"https:\/\/omoriwifi.com\/uk\/termos-e-condicoes\/#breadcrumb\"},\"inLanguage\":\"fr-FR\",\"potentialAction\":[{\"@type\":\"ReadAction\",\"target\":[\"https:\/\/omoriwifi.com\/uk\/termos-e-condicoes\/\"]}]},{\"@type\":\"BreadcrumbList\",\"@id\":\"https:\/\/omoriwifi.com\/uk\/termos-e-condicoes\/#breadcrumb\",\"itemListElement\":[{\"@type\":\"ListItem\",\"position\":1,\"name\":\"Home\",\"item\":\"https:\/\/omoriwifi.com\/ja\/\"},{\"@type\":\"ListItem\",\"position\":2,\"name\":\"Termos e condi\u00e7\u00f5es\"}]},{\"@type\":\"WebSite\",\"@id\":\"https:\/\/omoriwifi.com\/ja\/#website\",\"url\":\"https:\/\/omoriwifi.com\/ja\/\",\"name\":\"Omori WiFi\",\"description\":\"My WordPress Blog\",\"potentialAction\":[{\"@type\":\"SearchAction\",\"target\":{\"@type\":\"EntryPoint\",\"urlTemplate\":\"https:\/\/omoriwifi.com\/ja\/?s={search_term_string}\"},\"query-input\":{\"@type\":\"PropertyValueSpecification\",\"valueRequired\":true,\"valueName\":\"search_term_string\"}}],\"inLanguage\":\"fr-FR\"}]}<\/script>\n<!-- \/ Yoast SEO plugin. -->","yoast_head_json":{"title":"Termos e condi\u00e7\u00f5es - Omori WIFI","robots":{"index":"index","follow":"follow","max-snippet":"max-snippet:-1","max-image-preview":"max-image-preview:large","max-video-preview":"max-video-preview:-1"},"canonical":"https:\/\/omoriwifi.com\/fr\/termos-e-condicoes\/","og_locale":"fr_FR","og_type":"article","og_title":"Termos e condi\u00e7\u00f5es - Omori WIFI","og_description":"Introdu\u00e7\u00e3o Bem-vindo ao OMORI-MART, um mercado on-line operado pela COMFYS JAPAN LLC.&nbsp; Ao acessar ou usar nosso site e nossos servi\u00e7os, voc\u00ea concorda em cumprir e estar vinculado aos seguintes","og_url":"https:\/\/omoriwifi.com\/fr\/termos-e-condicoes\/","og_site_name":"Omori WIFI","twitter_card":"summary_large_image","twitter_misc":{"Dur\u00e9e de lecture estim\u00e9e":"5 minutes"},"schema":{"@context":"https:\/\/schema.org","@graph":[{"@type":"WebPage","@id":"https:\/\/omoriwifi.com\/uk\/termos-e-condicoes\/","url":"https:\/\/omoriwifi.com\/uk\/termos-e-condicoes\/","name":"Termos e condi\u00e7\u00f5es - Omori WIFI","isPartOf":{"@id":"https:\/\/omoriwifi.com\/ja\/#website"},"datePublished":"2025-03-28T00:40:25+00:00","breadcrumb":{"@id":"https:\/\/omoriwifi.com\/uk\/termos-e-condicoes\/#breadcrumb"},"inLanguage":"fr-FR","potentialAction":[{"@type":"ReadAction","target":["https:\/\/omoriwifi.com\/uk\/termos-e-condicoes\/"]}]},{"@type":"BreadcrumbList","@id":"https:\/\/omoriwifi.com\/uk\/termos-e-condicoes\/#breadcrumb","itemListElement":[{"@type":"ListItem","position":1,"name":"Home","item":"https:\/\/omoriwifi.com\/ja\/"},{"@type":"ListItem","position":2,"name":"Termos e condi\u00e7\u00f5es"}]},{"@type":"WebSite","@id":"https:\/\/omoriwifi.com\/ja\/#website","url":"https:\/\/omoriwifi.com\/ja\/","name":"Wi-Fi Omori","description":"Mon blog WordPress","potentialAction":[{"@type":"SearchAction","target":{"@type":"EntryPoint","urlTemplate":"https:\/\/omoriwifi.com\/ja\/?s={search_term_string}"},"query-input":{"@type":"PropertyValueSpecification","valueRequired":true,"valueName":"search_term_string"}}],"inLanguage":"fr-FR"}]}},"_links":{"self":[{"href":"https:\/\/omoriwifi.com\/fr\/wp-json\/wp\/v2\/pages\/24968","targetHints":{"allow":["GET"]}}],"collection":[{"href":"https:\/\/omoriwifi.com\/fr\/wp-json\/wp\/v2\/pages"}],"about":[{"href":"https:\/\/omoriwifi.com\/fr\/wp-json\/wp\/v2\/types\/page"}],"author":[{"embeddable":true,"href":"https:\/\/omoriwifi.com\/fr\/wp-json\/wp\/v2\/users\/2"}],"replies":[{"embeddable":true,"href":"https:\/\/omoriwifi.com\/fr\/wp-json\/wp\/v2\/comments?post=24968"}],"version-history":[{"count":0,"href":"https:\/\/omoriwifi.com\/fr\/wp-json\/wp\/v2\/pages\/24968\/revisions"}],"wp:attachment":[{"href":"https:\/\/omoriwifi.com\/fr\/wp-json\/wp\/v2\/media?parent=24968"}],"curies":[{"name":"wp","href":"https:\/\/api.w.org\/{rel}","templated":true}]}}