{"id":24983,"date":"2025-03-25T17:10:57","date_gmt":"2025-03-25T17:10:57","guid":{"rendered":"https:\/\/peachpuff-dugong-919786.hostingersite.com\/%d0%bf%d0%be%d0%bb%d0%b8%d1%82%d0%b8%d0%ba%d0%b0-%d0%ba%d0%be%d0%bd%d1%84%d0%b8%d0%b4%d0%b5%d0%bd%d1%86%d0%b8%d0%b0%d0%bb%d1%8c%d0%bd%d0%be%d1%81%d1%82%d0%b8\/"},"modified":"2025-03-25T17:10:57","modified_gmt":"2025-03-25T17:10:57","slug":"%d0%bf%d0%be%d0%bb%d0%b8%d1%82%d0%b8%d0%ba%d0%b0-%d0%ba%d0%be%d0%bd%d1%84%d0%b8%d0%b4%d0%b5%d0%bd%d1%86%d0%b8%d0%b0%d0%bb%d1%8c%d0%bd%d0%be%d1%81%d1%82%d0%b8","status":"publish","type":"page","link":"https:\/\/omoriwifi.com\/fr\/%d0%bf%d0%be%d0%bb%d0%b8%d1%82%d0%b8%d0%ba%d0%b0-%d0%ba%d0%be%d0%bd%d1%84%d0%b8%d0%b4%d0%b5%d0%bd%d1%86%d0%b8%d0%b0%d0%bb%d1%8c%d0%bd%d0%be%d1%81%d1%82%d0%b8\/","title":{"rendered":"Politique confidentielle"},"content":{"rendered":"<h3 class=\"wp-block-heading\"><strong>\u0414\u0430\u0442\u0430 \u0432\u0441\u0442\u0443\u043f\u043b\u0435\u043d\u0438\u044f \u0432 \u0441\u0438\u043b\u0443<\/strong>: 20 avril 2025.<\/h3>\n\n\n\n<p>Dans le magasin<strong> SIM-OMORI-MART<\/strong>, \u0443\u043f\u0440\u0430\u0432\u043b\u044f\u0435\u043c\u043e\u043c&nbsp;<strong>COMFYS JAPON SARL<\/strong>, je dois vous fournir des informations confidentielles et vous assurer de vos informations personnelles. Dans le cadre de la politique confidentielle actuelle, nous pensons que vous devez utiliser, partager et partager vos informations, ainsi Vous avez la possibilit\u00e9 \u043d\u0430\u0448 \u0441\u0430\u0439\u0442 \u0438\u043b\u0438 \u0441\u043e\u0432\u0435\u0440\u0448\u0430\u0435\u0442\u0435 \u043d\u0430 \u043d\u0435\u043c \u043f\u043e\u043a\u0443\u043f\u043a\u0443. En utilisant notre site et votre utilisation, vous \u00eates int\u00e9ress\u00e9 par la pratique, l&#039;opinion de la politique de confidentialit\u00e9 actuelle.  <\/p>\n\n\n\n<h4 class=\"wp-block-heading\">&nbsp;<\/h4>\n\n\n\n<h4 class=\"wp-block-heading\"><strong>1. Informations sur votre travail<\/strong><\/h4>\n\n\n\n<p>Je vous conseille d&#039;obtenir plus d&#039;informations pour que vous pr\u00e9veniez votre utilisation et que vous utilisiez des robots sur OMORI-MART. Le type d&#039;information disponible\u00a0: <\/p>\n\n\n\n<p>1.1 <strong>Informations suppl\u00e9mentaires<\/strong>:<\/p>\n\n\n\n<ul class=\"wp-block-list\">\n<li>Nom<\/li>\n\n\n\n<li>Adresse<\/li>\n\n\n\n<li>Adresse du poste \u00e9lectronique<\/li>\n\n\n\n<li>\u041d\u043e\u043c\u0435\u0440 \u0442\u0435\u043b\u0435\u0444\u043e\u043d\u0430<\/li>\n\n\n\n<li>Informations sur la plate-forme (r\u00e9vision des cartes de cr\u00e9dit, comptes bancaires et etc.)<\/li>\n\n\n\n<li>\u0414\u0430\u0442\u0430 \u0440\u043e\u0436\u0434\u0435\u043d\u0438\u044f (\u0434\u043b\u044f \u043f\u0440\u043e\u0432\u0435\u0440\u043a\u0438 \u0432\u043e\u0437\u0440\u0430\u0441\u0442\u0430, \u0441 \u043a\u043e\u0442\u043e\u0440\u043e\u0433\u043e \u043c\u043e\u0436\u043d\u043e \u0443\u043f\u043e\u0442\u0440\u0435\u0431\u043b\u044f\u0442\u044c alcogol)<\/li>\n<\/ul>\n\n\n\n<p>1.2 <strong>Informations r\u00e9centes<\/strong>:<\/p>\n\n\n\n<ul class=\"wp-block-list\">\n<li>Type de barrazer<\/li>\n\n\n\n<li>Informations sur l&#039;utilisateur<\/li>\n\n\n\n<li>Adresse IP<\/li>\n\n\n\n<li>Il est important d&#039;utiliser le site Web (les \u00e9tapes suivantes ont \u00e9t\u00e9 prouv\u00e9es sur le site, et ainsi de suite)<\/li>\n<\/ul>\n\n\n\n<h4 class=\"wp-block-heading\"><strong>2. Comment pouvez-vous l&#039;utiliser? Informations<\/strong><\/h4>\n\n\n\n<p>Vous pouvez utiliser vos informations sur les niveaux suivants\u00a0:<\/p>\n\n\n\n<p>2.1 <strong>\u041e\u0431\u0440\u0430\u0431\u043e\u0442\u043a\u0430 \u0437\u0430\u043a\u0430\u0437\u043e\u0432<\/strong>:<\/p>\n\n\n\n<ul class=\"wp-block-list\">\n<li>Pour les travaux et la maintenance, vos commandes incluent la livraison et la livraison.<\/li>\n\n\n\n<li>Pr\u00e9parer les commandes, les clients et les informations relatives \u00e0 la vente par t\u00e9l\u00e9phone ou par t\u00e9l\u00e9phone.<\/li>\n<\/ul>\n\n\n\n<p>2.2 <strong>Recrutement des clients<\/strong>:<\/p>\n\n\n\n<ul class=\"wp-block-list\">\n<li>Que voulez-vous dire sur vos affaires, votre travail ou votre travail.<\/li>\n\n\n\n<li>Que devez-vous faire pour vos mises \u00e0 jour ou modifications dans votre commande.<\/li>\n<\/ul>\n\n\n\n<p>2.3 <strong>\u041f\u0435\u0440\u0441\u043e\u043d\u0430\u043b\u0438\u0437\u0430\u0446\u0438\u044f<\/strong>:<\/p>\n\n\n\n<ul class=\"wp-block-list\">\n<li>Que voulez-vous personnaliser pour votre achat, recommandez des produits pour votre histoire et votre achat.<\/li>\n\n\n\n<li>Ce qui permet d&#039;exploiter la fonctionnalit\u00e9 fonctionnelle de votre entreprise et de votre exp\u00e9rience politique.<\/li>\n<\/ul>\n\n\n\n<p>2.4 <strong>Produits de marketing et de r\u00e9cup\u00e9ration<\/strong>:<\/p>\n\n\n\n<ul class=\"wp-block-list\">\n<li>Pour l&#039;exploitation de vos demandes de pr\u00e9-vente, de r\u00e9paration et de mise \u00e0 jour des produits et des utilisateurs d&#039;OMORI-MART (jusqu&#039;\u00e0 ce que vous soyez en mesure de le faire march\u00e9 commercial \u0441\u043e\u043e\u0431\u0449\u0435\u043d\u0438\u044f).<\/li>\n\n\n\n<li>Ce que vous devez faire est de choisir des skidkas sp\u00e9ciaux pour les commandes d&#039;alcool et de produits les plus divers.<\/li>\n<\/ul>\n\n\n\n<p>2.5 <strong>\u0421\u043e\u043e\u0442\u0432\u0435\u0442\u0441\u0442\u0432\u0438\u0435 \u0437\u0430\u043a\u043e\u043d\u0430\u043c<\/strong>:<\/p>\n\n\n\n<ul class=\"wp-block-list\">\n<li>Pour l&#039;utilisation de la zone de stockage, par exemple, pour les fournisseurs d&#039;eau, r\u00e9glez les achats d&#039;alcool.<\/li>\n<\/ul>\n\n\n\n<h4 class=\"wp-block-heading\">&nbsp;<\/h4>\n\n\n\n<h4 class=\"wp-block-heading\"><strong>3. Informations sur les informations<\/strong><\/h4>\n\n\n\n<p>Vous avez des informations confidentielles sur votre entreprise et vous ne pouvez pas vous fournir, vous y rendre ou vous informer d&#039;un traitement. Lisa. Ce n&#039;est pas le cas, vous pouvez fournir des informations sur\u00a0: <\/p>\n\n\n\n<p>3.1 <strong>\u041f\u043e\u0441\u0442\u0430\u0432\u0449\u0438\u043a\u0438 \u0443\u0441\u043b\u0443\u0433<\/strong>:<\/p>\n\n\n\n<ul class=\"wp-block-list\">\n<li>Les entreprises de stockage qui s&#039;occupent de la plaque d&#039;immatriculation, de la livraison et de la commande.<\/li>\n\n\n\n<li>Les services postaux sont utilis\u00e9s pour surveiller le marketing, l&#039;analyse et le marketing.<\/li>\n<\/ul>\n\n\n\n<p>3.2 <strong>\u0421\u043e\u043e\u0442\u0432\u0435\u0442\u0441\u0442\u0432\u0438\u0435 \u0437\u0430\u043a\u043e\u043d\u043e\u0434\u0430\u0442\u0435\u043b\u044c\u0441\u0442\u0432\u0443<\/strong>:<\/p>\n\n\n\n<ul class=\"wp-block-list\">\n<li>Si vous avez un probl\u00e8me, vous pouvez obtenir des informations sur votre organisme ou votre traitement pour votre travail. Des entreprises priv\u00e9es, des particuliers ou des clients d&#039;OMORI-MART et de leurs clients.<\/li>\n<\/ul>\n\n\n\n<h4 class=\"wp-block-heading\">&nbsp;<\/h4>\n\n\n\n<h4 class=\"wp-block-heading\"><strong>4. \u0411\u0435\u0437\u043e\u043f\u0430\u0441\u043d\u043e\u0441\u0442\u044c \u0434\u0430\u043d\u043d\u044b\u0445<\/strong><\/h4>\n\n\n\n<p>Je dois vous fournir toutes les informations n\u00e9cessaires. Nous utilisons des protocoles standards et des plaques de s\u00e9curit\u00e9 sp\u00e9cifiques pour les entreprises. informations. Je ne pense pas que ce soit avant d&#039;avoir acc\u00e8s \u00e0 Internet ou \u00e0 une connexion \u00e9lectrique qui ne soit pas disponible sur le 100%. Si vous souhaitez obtenir des informations plus pr\u00e9cises, vous ne pouvez pas garantir votre utilisation absolue.   <\/p>\n\n\n\n<h4 class=\"wp-block-heading\">&nbsp;<\/h4>\n\n\n\n<h4 class=\"wp-block-heading\"><strong>5. Cookies et utilisation de la technologie<\/strong><\/h4>\n\n\n\n<p>OMORI-MART utilise des cookies et des technologies analogiques qui permettent d&#039;exploiter toutes les informations du fournisseur. Les cookies peuvent \u00eatre utilis\u00e9s avant l&#039;achat, en utilisant ensuite votre compte et en personnalisant votre achat. <\/p>\n\n\n\n<p>5.1 <strong>Types d&#039;utilisation des noms de cookies<\/strong>:<\/p>\n\n\n\n<ul class=\"wp-block-list\">\n<li><strong>Cookie familial normal<\/strong>: Il y a des probl\u00e8mes pour le travail des robots et pour cela, vous pouvez prendre en charge la transition.<\/li>\n\n\n\n<li><strong>Cookies analytiques<\/strong>: \u0418\u0441\u043f\u043e\u043b\u044c\u0437\u0443\u044e\u0442\u0441\u044f \u0434\u043b\u044f \u0441\u0431\u043e\u0440\u0430 \u0434\u0430\u043d\u043d\u044b\u0445 \u043e \u0442\u043e\u043c, \u043a\u0430\u043a \u043f\u043e\u043b\u044c\u0437\u043e\u0432\u0430\u0442\u0435\u043b\u044c \u0432\u0437\u0430\u0438\u043c\u043e\u0434\u0435\u0439\u0441\u0442\u0432\u0443\u044e\u0442 \u0441\u0430\u0439\u0442\u043e\u043c (\u043d\u0430\u043f\u0440\u0438\u043c\u0435\u0440, \u043f\u043e\u0441\u0435\u0449\u0435\u043d\u043d\u044b\u0435 \u0441\u0442\u0440\u0430\u043d\u0438\u0446\u044b, \u043f\u0440\u043e\u0432\u0435\u0434\u0435\u043d\u043d\u043e\u0435 \u0432\u0440\u0435\u043c\u044f).<\/li>\n\n\n\n<li><strong>Cookies du march\u00e9<\/strong>: Utilisation pour la r\u00e9cup\u00e9ration personnelle et la r\u00e9cup\u00e9ration du contenu.<\/li>\n<\/ul>\n\n\n\n<p>Vous pouvez cr\u00e9er des cookies personnalis\u00e9s sur votre clavier, que vous pouvez utiliser ailleurs, vous pouvez alors les utiliser. Nekotor\u044b\u0435 \u0444\u0443\u043d\u043a\u0446\u0438\u0438 OMORI-MART.<\/p>\n\n\n\n<h4 class=\"wp-block-heading\">&nbsp;<\/h4>\n\n\n\n<h4 class=\"wp-block-heading\"><strong>6. Votre vie et votre plaisir<\/strong><\/h4>\n\n\n\n<p>6.1 <strong>D\u00e9p\u00f4t et mise en service<\/strong>:<\/p>\n\n\n\n<ul class=\"wp-block-list\">\n<li>Vous devriez peut-\u00eatre t\u00e9l\u00e9charger vos informations personnelles et les mettre \u00e0 jour. Vous pouvez le faire, vous serez dans votre \u00e9tat d&#039;esprit ou vous serez en contact avec votre partenaire. <\/li>\n<\/ul>\n\n\n\n<p>6.2 <strong>Offres de communication du march\u00e9<\/strong>:<\/p>\n\n\n\n<ul class=\"wp-block-list\">\n<li>Si vous n&#039;avez pas vraiment envie de vous renseigner sur votre march\u00e9, vous pouvez acheter quelqu&#039;un, n&#039;h\u00e9sitez pas \u00e0 le faire. \u201c \u041e\u0442\u043f\u0438\u0441\u0430\u0442\u044c\u0441\u044f \u201d \u0432 \u043d\u0430\u0448\u0438\u0445 Les \u00e9lectrom\u00e9nagers ou les \u00e9lectriciens se connectent \u00e0 leur nom.<\/li>\n<\/ul>\n\n\n\n<p>6.3 <strong>\u0423\u0434\u0430\u043b\u0435\u043d\u0438\u0435 \u0430\u043a\u043a\u0430\u0443\u043d\u0442\u0430<\/strong>:<\/p>\n\n\n\n<ul class=\"wp-block-list\">\n<li>Si vous souhaitez vous rendre \u00e0 SIM-OMORI-MART, vous pouvez le faire en vous aidant de votre entreprise. \u041e\u0431\u0440\u0430\u0442\u0438\u0442\u0435 \u0432\u043d\u0438\u043c\u0430\u043d\u0438\u0435, \u0447\u0442\u043e \u043c\u044b \u043c\u043e\u0436\u0435\u043c \u0441\u043e\u0445\u0440\u0430\u043d\u044f\u0442\u044c \u043e\u043f\u0440\u0435\u0434\u0435\u043b\u0435\u043d\u043d\u0443\u044e \u0438\u043d\u0444\u043e\u0440\u043c\u0430\u0446\u0438\u044e \u0432 \u0441\u043e\u043e\u0442\u0432\u0435\u0442\u0441\u0442\u0432\u0438\u0438 \u0441 \u0442\u0440\u0435\u0431\u043e\u0432\u0430\u043d\u0438\u044f\u043c\u0438 \u0437\u0430\u043a\u043e\u043d\u0430 \u0438\u043b\u0438 \u0437\u0430\u043a\u043e\u043d\u043d\u044b\u0445 \u0434\u0435\u043b\u043e\u0432\u044b\u0445 \u0446\u0435\u043b\u0435\u0439. <\/li>\n<\/ul>\n\n\n\n<h4 class=\"wp-block-heading\">&nbsp;<\/h4>\n\n\n\n<h4 class=\"wp-block-heading\"><strong>7. Confidentialit\u00e9 du b\u00e9b\u00e9<\/strong><\/h4>\n\n\n\n<p>SIM-OMORI-MART n&#039;est pas pr\u00e9vu pour l&#039;utilisation d&#039;enfants de 18 ans et ne peut pas obtenir d&#039;informations sur les utilisateurs non autoris\u00e9s. \u0441\u043e\u0437\u043d\u0430\u0442\u0435\u043b\u044c\u043d\u043e. Si votre nom est vraiment, que vous avez des informations de base qui ne sont pas pertinentes pour votre entreprise, je vais vous donner la priorit\u00e9. ce sont des informations. <\/p>\n\n\n\n<h4 class=\"wp-block-heading\">&nbsp;<\/h4>\n\n\n\n<h4 class=\"wp-block-heading\"><strong>8. \u0421\u0441\u044b\u043b\u043a\u0438 \u043d\u0430 \u0442\u0440\u0435\u0442\u044c\u0438\u0445 \u043b\u0438\u0446<\/strong><\/h4>\n\n\n\n<p>Il est possible que vous ayez des probl\u00e8mes avec votre vie, qui ne sont pas g\u00e9r\u00e9es par la soci\u00e9t\u00e9 OMORI-MART. Nous n\u2019avons pas besoin d\u2019informations sur la confidentialit\u00e9 politique de ces magasins. Je vous recommande de vous engager dans la confidentialit\u00e9 politique de tous les lieux que vous avez choisis.  <\/p>\n\n\n\n<h4 class=\"wp-block-heading\">&nbsp;<\/h4>\n\n\n\n<h4 class=\"wp-block-heading\"><strong>9. Organisation de la politique de confidentialit\u00e9<\/strong><\/h4>\n\n\n\n<p>Il est possible que nous soyons en train d&#039;annoncer cette date. Les politiques confidentielles doivent s&#039;occuper de l&#039;organisation de leur pratique ou de leur prise de m\u00e9dicaments. fonctionnement, r\u00e8gles ou normes normatives. Les d\u00e9tails de la politique de confidentialit\u00e9 actuelle prennent des mesures pour vous aider \u00e0 trouver les dates exactes de la mise en place de silu. Votre utilisation d&#039;OMORI-MART apr\u00e8s la d\u00e9cision de la politique de confidentialit\u00e9 sera-t-elle \u00e9tablie? \u0438\u0437\u043c\u0435\u043d\u0435\u043d\u0438\u044f\u043c\u0438.  <\/p>\n\n\n\n<h4 class=\"wp-block-heading\">&nbsp;<\/h4>\n\n\n\n<h4 class=\"wp-block-heading\"><strong>10. \u0421\u0432\u044f\u0436\u0438\u0442\u0435\u0441\u044c \u0441 \u043d\u0430\u043c\u0438<\/strong><\/h4>\n\n\n\n<p>Si vous \u00eates en contact avec des affaires ou une infraction \u00e0 un moment donn\u00e9, les politiques confidentielles ou celles qui s&#039;occupent de vous Pour plus d&#039;informations, veuillez contacter votre adresse\u00a0:<\/p>\n\n\n\n<ul class=\"wp-block-list\">\n<li><strong>E-mail<\/strong>support@omorimart.com<\/li>\n\n\n\n<li><strong>Adresse<\/strong>: R Cube Aoyama, 3-\u0439 \u044d\u0442\u0430\u0436, 1-3-1 Kita-Aoyama, \u041c\u0438\u043d\u0430\u0442\u043e-\u043a\u0443, \u0422\u043e\u043a\u0438\u043e, 107-0061, Japon<\/li>\n<\/ul>\n\n\n\n<p>En utilisant OMORI-MART, vous vous efforcerez de vous connecter et d&#039;utiliser de nombreuses informations pertinentes, qui sont disponibles dans la politique actuelle. Confidentialit\u00e9.<\/p>","protected":false},"excerpt":{"rendered":"<p>\u0414\u0430\u0442\u0430 \u0432\u0441\u0442\u0443\u043f\u043b\u0435\u043d\u0438\u044f \u0432 \u0441\u0438\u043b\u0443: 20 \u0430\u043f\u0440\u0435\u043b\u044f 2025 \u0433. \u0412 \u043c\u0430\u0433\u0430\u0437\u0438\u043d\u0435 SIM-OMORI-MART, \u0443\u043f\u0440\u0430\u0432\u043b\u044f\u0435\u043c\u043e\u043c&nbsp;COMFYS JAPAN LLC, \u043c\u044b \u043e\u0431\u044f\u0437\u0443\u0435\u043c\u0441\u044f \u0437\u0430\u0449\u0438\u0449\u0430\u0442\u044c \u0412\u0430\u0448\u0443 \u043a\u043e\u043d\u0444\u0438\u0434\u0435\u043d\u0446\u0438\u0430\u043b\u044c\u043d\u043e\u0441\u0442\u044c \u0438 \u043e\u0431\u0435\u0441\u043f\u0435\u0447\u0438\u0432\u0430\u0442\u044c \u0431\u0435\u0437\u043e\u043f\u0430\u0441\u043d\u043e\u0441\u0442\u044c \u0412\u0430\u0448\u0435\u0439 \u043b\u0438\u0447\u043d\u043e\u0439 \u0438\u043d\u0444\u043e\u0440\u043c\u0430\u0446\u0438\u0438. \u0412 \u0434\u0430\u043d\u043d\u043e\u0439 \u041f\u043e\u043b\u0438\u0442\u0438\u043a\u0435 \u043a\u043e\u043d\u0444\u0438\u0434\u0435\u043d\u0446\u0438\u0430\u043b\u044c\u043d\u043e\u0441\u0442\u0438 \u043e\u043f\u0438\u0441\u0430\u043d\u043e,<\/p>","protected":false},"author":2,"featured_media":0,"parent":0,"menu_order":0,"comment_status":"closed","ping_status":"open","template":"","meta":{"footnotes":""},"class_list":["post-24983","page","type-page","status-publish","hentry"],"yoast_head":"<!-- This site is optimized with the Yoast SEO plugin v27.2 - https:\/\/yoast.com\/product\/yoast-seo-wordpress\/ -->\n<title>\u041f\u043e\u043b\u0438\u0442\u0438\u043a\u0430 \u043a\u043e\u043d\u0444\u0438\u0434\u0435\u043d\u0446\u0438\u0430\u043b\u044c\u043d\u043e\u0441\u0442\u0438 - Omori WIFI<\/title>\n<meta name=\"robots\" content=\"index, follow, max-snippet:-1, max-image-preview:large, max-video-preview:-1\" \/>\n<link rel=\"canonical\" href=\"https:\/\/omoriwifi.com\/fr\/\u043f\u043e\u043b\u0438\u0442\u0438\u043a\u0430-\u043a\u043e\u043d\u0444\u0438\u0434\u0435\u043d\u0446\u0438\u0430\u043b\u044c\u043d\u043e\u0441\u0442\u0438\/\" \/>\n<meta property=\"og:locale\" content=\"fr_FR\" \/>\n<meta property=\"og:type\" content=\"article\" \/>\n<meta property=\"og:title\" content=\"\u041f\u043e\u043b\u0438\u0442\u0438\u043a\u0430 \u043a\u043e\u043d\u0444\u0438\u0434\u0435\u043d\u0446\u0438\u0430\u043b\u044c\u043d\u043e\u0441\u0442\u0438 - Omori WIFI\" \/>\n<meta property=\"og:description\" content=\"\u0414\u0430\u0442\u0430 \u0432\u0441\u0442\u0443\u043f\u043b\u0435\u043d\u0438\u044f \u0432 \u0441\u0438\u043b\u0443: 20 \u0430\u043f\u0440\u0435\u043b\u044f 2025 \u0433. \u0412 \u043c\u0430\u0433\u0430\u0437\u0438\u043d\u0435 SIM-OMORI-MART, \u0443\u043f\u0440\u0430\u0432\u043b\u044f\u0435\u043c\u043e\u043c&nbsp;COMFYS JAPAN LLC, \u043c\u044b \u043e\u0431\u044f\u0437\u0443\u0435\u043c\u0441\u044f \u0437\u0430\u0449\u0438\u0449\u0430\u0442\u044c \u0412\u0430\u0448\u0443 \u043a\u043e\u043d\u0444\u0438\u0434\u0435\u043d\u0446\u0438\u0430\u043b\u044c\u043d\u043e\u0441\u0442\u044c \u0438 \u043e\u0431\u0435\u0441\u043f\u0435\u0447\u0438\u0432\u0430\u0442\u044c \u0431\u0435\u0437\u043e\u043f\u0430\u0441\u043d\u043e\u0441\u0442\u044c \u0412\u0430\u0448\u0435\u0439 \u043b\u0438\u0447\u043d\u043e\u0439 \u0438\u043d\u0444\u043e\u0440\u043c\u0430\u0446\u0438\u0438. \u0412 \u0434\u0430\u043d\u043d\u043e\u0439 \u041f\u043e\u043b\u0438\u0442\u0438\u043a\u0435 \u043a\u043e\u043d\u0444\u0438\u0434\u0435\u043d\u0446\u0438\u0430\u043b\u044c\u043d\u043e\u0441\u0442\u0438 \u043e\u043f\u0438\u0441\u0430\u043d\u043e,\" \/>\n<meta property=\"og:url\" content=\"https:\/\/omoriwifi.com\/fr\/\u043f\u043e\u043b\u0438\u0442\u0438\u043a\u0430-\u043a\u043e\u043d\u0444\u0438\u0434\u0435\u043d\u0446\u0438\u0430\u043b\u044c\u043d\u043e\u0441\u0442\u0438\/\" \/>\n<meta property=\"og:site_name\" content=\"Omori WIFI\" \/>\n<meta name=\"twitter:card\" content=\"summary_large_image\" \/>\n<script type=\"application\/ld+json\" class=\"yoast-schema-graph\">{\"@context\":\"https:\/\/schema.org\",\"@graph\":[{\"@type\":\"WebPage\",\"@id\":\"https:\/\/omoriwifi.com\/tl\/%d0%bf%d0%be%d0%bb%d0%b8%d1%82%d0%b8%d0%ba%d0%b0-%d0%ba%d0%be%d0%bd%d1%84%d0%b8%d0%b4%d0%b5%d0%bd%d1%86%d0%b8%d0%b0%d0%bb%d1%8c%d0%bd%d0%be%d1%81%d1%82%d0%b8\/\",\"url\":\"https:\/\/omoriwifi.com\/tl\/%d0%bf%d0%be%d0%bb%d0%b8%d1%82%d0%b8%d0%ba%d0%b0-%d0%ba%d0%be%d0%bd%d1%84%d0%b8%d0%b4%d0%b5%d0%bd%d1%86%d0%b8%d0%b0%d0%bb%d1%8c%d0%bd%d0%be%d1%81%d1%82%d0%b8\/\",\"name\":\"\u041f\u043e\u043b\u0438\u0442\u0438\u043a\u0430 \u043a\u043e\u043d\u0444\u0438\u0434\u0435\u043d\u0446\u0438\u0430\u043b\u044c\u043d\u043e\u0441\u0442\u0438 - Omori WIFI\",\"isPartOf\":{\"@id\":\"https:\/\/omoriwifi.com\/ja\/#website\"},\"datePublished\":\"2025-03-25T17:10:57+00:00\",\"breadcrumb\":{\"@id\":\"https:\/\/omoriwifi.com\/tl\/%d0%bf%d0%be%d0%bb%d0%b8%d1%82%d0%b8%d0%ba%d0%b0-%d0%ba%d0%be%d0%bd%d1%84%d0%b8%d0%b4%d0%b5%d0%bd%d1%86%d0%b8%d0%b0%d0%bb%d1%8c%d0%bd%d0%be%d1%81%d1%82%d0%b8\/#breadcrumb\"},\"inLanguage\":\"fr-FR\",\"potentialAction\":[{\"@type\":\"ReadAction\",\"target\":[\"https:\/\/omoriwifi.com\/tl\/%d0%bf%d0%be%d0%bb%d0%b8%d1%82%d0%b8%d0%ba%d0%b0-%d0%ba%d0%be%d0%bd%d1%84%d0%b8%d0%b4%d0%b5%d0%bd%d1%86%d0%b8%d0%b0%d0%bb%d1%8c%d0%bd%d0%be%d1%81%d1%82%d0%b8\/\"]}]},{\"@type\":\"BreadcrumbList\",\"@id\":\"https:\/\/omoriwifi.com\/tl\/%d0%bf%d0%be%d0%bb%d0%b8%d1%82%d0%b8%d0%ba%d0%b0-%d0%ba%d0%be%d0%bd%d1%84%d0%b8%d0%b4%d0%b5%d0%bd%d1%86%d0%b8%d0%b0%d0%bb%d1%8c%d0%bd%d0%be%d1%81%d1%82%d0%b8\/#breadcrumb\",\"itemListElement\":[{\"@type\":\"ListItem\",\"position\":1,\"name\":\"Home\",\"item\":\"https:\/\/omoriwifi.com\/ja\/\"},{\"@type\":\"ListItem\",\"position\":2,\"name\":\"\u041f\u043e\u043b\u0438\u0442\u0438\u043a\u0430 \u043a\u043e\u043d\u0444\u0438\u0434\u0435\u043d\u0446\u0438\u0430\u043b\u044c\u043d\u043e\u0441\u0442\u0438\"}]},{\"@type\":\"WebSite\",\"@id\":\"https:\/\/omoriwifi.com\/ja\/#website\",\"url\":\"https:\/\/omoriwifi.com\/ja\/\",\"name\":\"Omori WiFi\",\"description\":\"My WordPress Blog\",\"potentialAction\":[{\"@type\":\"SearchAction\",\"target\":{\"@type\":\"EntryPoint\",\"urlTemplate\":\"https:\/\/omoriwifi.com\/ja\/?s={search_term_string}\"},\"query-input\":{\"@type\":\"PropertyValueSpecification\",\"valueRequired\":true,\"valueName\":\"search_term_string\"}}],\"inLanguage\":\"fr-FR\"}]}<\/script>\n<!-- \/ Yoast SEO plugin. -->","yoast_head_json":{"title":"\u041f\u043e\u043b\u0438\u0442\u0438\u043a\u0430 \u043a\u043e\u043d\u0444\u0438\u0434\u0435\u043d\u0446\u0438\u0430\u043b\u044c\u043d\u043e\u0441\u0442\u0438 - Omori WIFI","robots":{"index":"index","follow":"follow","max-snippet":"max-snippet:-1","max-image-preview":"max-image-preview:large","max-video-preview":"max-video-preview:-1"},"canonical":"https:\/\/omoriwifi.com\/fr\/\u043f\u043e\u043b\u0438\u0442\u0438\u043a\u0430-\u043a\u043e\u043d\u0444\u0438\u0434\u0435\u043d\u0446\u0438\u0430\u043b\u044c\u043d\u043e\u0441\u0442\u0438\/","og_locale":"fr_FR","og_type":"article","og_title":"\u041f\u043e\u043b\u0438\u0442\u0438\u043a\u0430 \u043a\u043e\u043d\u0444\u0438\u0434\u0435\u043d\u0446\u0438\u0430\u043b\u044c\u043d\u043e\u0441\u0442\u0438 - Omori WIFI","og_description":"\u0414\u0430\u0442\u0430 \u0432\u0441\u0442\u0443\u043f\u043b\u0435\u043d\u0438\u044f \u0432 \u0441\u0438\u043b\u0443: 20 \u0430\u043f\u0440\u0435\u043b\u044f 2025 \u0433. \u0412 \u043c\u0430\u0433\u0430\u0437\u0438\u043d\u0435 SIM-OMORI-MART, \u0443\u043f\u0440\u0430\u0432\u043b\u044f\u0435\u043c\u043e\u043c&nbsp;COMFYS JAPAN LLC, \u043c\u044b \u043e\u0431\u044f\u0437\u0443\u0435\u043c\u0441\u044f \u0437\u0430\u0449\u0438\u0449\u0430\u0442\u044c \u0412\u0430\u0448\u0443 \u043a\u043e\u043d\u0444\u0438\u0434\u0435\u043d\u0446\u0438\u0430\u043b\u044c\u043d\u043e\u0441\u0442\u044c \u0438 \u043e\u0431\u0435\u0441\u043f\u0435\u0447\u0438\u0432\u0430\u0442\u044c \u0431\u0435\u0437\u043e\u043f\u0430\u0441\u043d\u043e\u0441\u0442\u044c \u0412\u0430\u0448\u0435\u0439 \u043b\u0438\u0447\u043d\u043e\u0439 \u0438\u043d\u0444\u043e\u0440\u043c\u0430\u0446\u0438\u0438. \u0412 \u0434\u0430\u043d\u043d\u043e\u0439 \u041f\u043e\u043b\u0438\u0442\u0438\u043a\u0435 \u043a\u043e\u043d\u0444\u0438\u0434\u0435\u043d\u0446\u0438\u0430\u043b\u044c\u043d\u043e\u0441\u0442\u0438 \u043e\u043f\u0438\u0441\u0430\u043d\u043e,","og_url":"https:\/\/omoriwifi.com\/fr\/\u043f\u043e\u043b\u0438\u0442\u0438\u043a\u0430-\u043a\u043e\u043d\u0444\u0438\u0434\u0435\u043d\u0446\u0438\u0430\u043b\u044c\u043d\u043e\u0441\u0442\u0438\/","og_site_name":"Omori WIFI","twitter_card":"summary_large_image","schema":{"@context":"https:\/\/schema.org","@graph":[{"@type":"WebPage","@id":"https:\/\/omoriwifi.com\/tl\/%d0%bf%d0%be%d0%bb%d0%b8%d1%82%d0%b8%d0%ba%d0%b0-%d0%ba%d0%be%d0%bd%d1%84%d0%b8%d0%b4%d0%b5%d0%bd%d1%86%d0%b8%d0%b0%d0%bb%d1%8c%d0%bd%d0%be%d1%81%d1%82%d0%b8\/","url":"https:\/\/omoriwifi.com\/tl\/%d0%bf%d0%be%d0%bb%d0%b8%d1%82%d0%b8%d0%ba%d0%b0-%d0%ba%d0%be%d0%bd%d1%84%d0%b8%d0%b4%d0%b5%d0%bd%d1%86%d0%b8%d0%b0%d0%bb%d1%8c%d0%bd%d0%be%d1%81%d1%82%d0%b8\/","name":"\u041f\u043e\u043b\u0438\u0442\u0438\u043a\u0430 \u043a\u043e\u043d\u0444\u0438\u0434\u0435\u043d\u0446\u0438\u0430\u043b\u044c\u043d\u043e\u0441\u0442\u0438 - Omori WIFI","isPartOf":{"@id":"https:\/\/omoriwifi.com\/ja\/#website"},"datePublished":"2025-03-25T17:10:57+00:00","breadcrumb":{"@id":"https:\/\/omoriwifi.com\/tl\/%d0%bf%d0%be%d0%bb%d0%b8%d1%82%d0%b8%d0%ba%d0%b0-%d0%ba%d0%be%d0%bd%d1%84%d0%b8%d0%b4%d0%b5%d0%bd%d1%86%d0%b8%d0%b0%d0%bb%d1%8c%d0%bd%d0%be%d1%81%d1%82%d0%b8\/#breadcrumb"},"inLanguage":"fr-FR","potentialAction":[{"@type":"ReadAction","target":["https:\/\/omoriwifi.com\/tl\/%d0%bf%d0%be%d0%bb%d0%b8%d1%82%d0%b8%d0%ba%d0%b0-%d0%ba%d0%be%d0%bd%d1%84%d0%b8%d0%b4%d0%b5%d0%bd%d1%86%d0%b8%d0%b0%d0%bb%d1%8c%d0%bd%d0%be%d1%81%d1%82%d0%b8\/"]}]},{"@type":"BreadcrumbList","@id":"https:\/\/omoriwifi.com\/tl\/%d0%bf%d0%be%d0%bb%d0%b8%d1%82%d0%b8%d0%ba%d0%b0-%d0%ba%d0%be%d0%bd%d1%84%d0%b8%d0%b4%d0%b5%d0%bd%d1%86%d0%b8%d0%b0%d0%bb%d1%8c%d0%bd%d0%be%d1%81%d1%82%d0%b8\/#breadcrumb","itemListElement":[{"@type":"ListItem","position":1,"name":"Home","item":"https:\/\/omoriwifi.com\/ja\/"},{"@type":"ListItem","position":2,"name":"\u041f\u043e\u043b\u0438\u0442\u0438\u043a\u0430 \u043a\u043e\u043d\u0444\u0438\u0434\u0435\u043d\u0446\u0438\u0430\u043b\u044c\u043d\u043e\u0441\u0442\u0438"}]},{"@type":"WebSite","@id":"https:\/\/omoriwifi.com\/ja\/#website","url":"https:\/\/omoriwifi.com\/ja\/","name":"Wi-Fi Omori","description":"Mon blog WordPress","potentialAction":[{"@type":"SearchAction","target":{"@type":"EntryPoint","urlTemplate":"https:\/\/omoriwifi.com\/ja\/?s={search_term_string}"},"query-input":{"@type":"PropertyValueSpecification","valueRequired":true,"valueName":"search_term_string"}}],"inLanguage":"fr-FR"}]}},"_links":{"self":[{"href":"https:\/\/omoriwifi.com\/fr\/wp-json\/wp\/v2\/pages\/24983","targetHints":{"allow":["GET"]}}],"collection":[{"href":"https:\/\/omoriwifi.com\/fr\/wp-json\/wp\/v2\/pages"}],"about":[{"href":"https:\/\/omoriwifi.com\/fr\/wp-json\/wp\/v2\/types\/page"}],"author":[{"embeddable":true,"href":"https:\/\/omoriwifi.com\/fr\/wp-json\/wp\/v2\/users\/2"}],"replies":[{"embeddable":true,"href":"https:\/\/omoriwifi.com\/fr\/wp-json\/wp\/v2\/comments?post=24983"}],"version-history":[{"count":0,"href":"https:\/\/omoriwifi.com\/fr\/wp-json\/wp\/v2\/pages\/24983\/revisions"}],"wp:attachment":[{"href":"https:\/\/omoriwifi.com\/fr\/wp-json\/wp\/v2\/media?parent=24983"}],"curies":[{"name":"wp","href":"https:\/\/api.w.org\/{rel}","templated":true}]}}