{"id":24984,"date":"2025-03-25T17:10:57","date_gmt":"2025-03-25T17:10:57","guid":{"rendered":"https:\/\/peachpuff-dugong-919786.hostingersite.com\/politica-de-privacidade\/"},"modified":"2025-03-25T17:10:57","modified_gmt":"2025-03-25T17:10:57","slug":"politica-de-privacidade","status":"publish","type":"page","link":"https:\/\/omoriwifi.com\/fr\/politica-de-privacidade\/","title":{"rendered":"Politique de confidentialit\u00e9"},"content":{"rendered":"<h3 class=\"wp-block-heading\"><strong>Data de vig\u00eancia<\/strong>: 20 de abril de 2025<\/h3>\n\n\n\n<p>Non<strong> SIM-OMORI-MART<\/strong>, op\u00e9r\u00e9 par&nbsp;<strong>COMFYS JAPON SARL<\/strong>, nous faisons un compromis sur la protection de votre vie priv\u00e9e et garantissons la s\u00e9curit\u00e9 de vos informations personnelles. Cette politique de confidentialit\u00e9 d\u00e9crit comment nous partageons, utilisons, divulguons et prot\u00e9geons vos informations lorsque vous visitez ou souhaitez acheter notre site. Lorsque vous utilisez notre site et nos services, vous \u00eates en accord avec les pratiques d\u00e9crites dans la politique de confidentialit\u00e9.  <\/p>\n\n\n\n<h4 class=\"wp-block-heading\">&nbsp;<\/h4>\n\n\n\n<h4 class=\"wp-block-heading\"><strong>1. Informations que nous collectons<\/strong><\/h4>\n\n\n\n<p>Nous vous fournissons des informations sur votre personnel pour fournir nos services et am\u00e9liorer votre exp\u00e9rience dans OMORI-MART. Les types d&#039;informations que nous incluons\u00a0: <\/p>\n\n\n\n<p>1.1 <strong>Informa\u00e7\u00f5es pessoais<\/strong>:<\/p>\n\n\n\n<ul class=\"wp-block-list\">\n<li>Nome<\/li>\n\n\n\n<li>Endere\u00e7o<\/li>\n\n\n\n<li>Endere\u00e7o de e-mail<\/li>\n\n\n\n<li>N\u00famero de telefone<\/li>\n\n\n\n<li>Informations de paiement (d\u00e9tails de la carte de cr\u00e9dit, d\u00e9tails du transfert bancaire, etc.)<\/li>\n\n\n\n<li>Donn\u00e9es naissantes (pour v\u00e9rifier l&#039;identit\u00e9 l\u00e9gale pour la sant\u00e9)<\/li>\n<\/ul>\n\n\n\n<p>1.2 <strong>Informa\u00e7\u00f5es n\u00e3o pessoais<\/strong>:<\/p>\n\n\n\n<ul class=\"wp-block-list\">\n<li>Tipo de navegador<\/li>\n\n\n\n<li>Informations sur l&#039;appareil<\/li>\n\n\n\n<li>Adresse IP<\/li>\n\n\n\n<li>Donn\u00e9es d&#039;utilisation du site (p\u00e1ginas visitadas, tempo gasto no site, etc.)<\/li>\n<\/ul>\n\n\n\n<h4 class=\"wp-block-heading\"><strong>2. Comment utiliser nos informations<\/strong><\/h4>\n\n\n\n<p>Nous vous proposons les informations que nous avons \u00e0 votre disposition pour les prochaines \u00e9tapes finales\u00a0:<\/p>\n\n\n\n<p>2.1 <strong>Processamento de pedidos<\/strong>:<\/p>\n\n\n\n<ul class=\"wp-block-list\">\n<li>Pour traiter et conclure vos d\u00e9marches, y compris le traitement des remboursements et des paiements.<\/li>\n\n\n\n<li>Pour fournir des confirmations de commandes, de r\u00e9ceptions et d&#039;informations de rastreamento par e-mail ou par t\u00e9l\u00e9phone.<\/li>\n<\/ul>\n\n\n\n<p>2.2 <strong>Atendimento ao cliente<\/strong>:<\/p>\n\n\n\n<ul class=\"wp-block-list\">\n<li>Pour r\u00e9pondre \u00e0 vos questions, sollicitations ou r\u00e9clamations.<\/li>\n\n\n\n<li>Pour vous informer de vos actualisations ou modifications \u00e0 votre guise.<\/li>\n<\/ul>\n\n\n\n<p>2.3 <strong>Personnalisation<\/strong>:<\/p>\n\n\n\n<ul class=\"wp-block-list\">\n<li>Pour personnaliser votre exp\u00e9rience d&#039;achat, recommandez des produits bas\u00e9s sur votre historique de navigation et d&#039;achat.<\/li>\n\n\n\n<li>Pour am\u00e9liorer les fonctionnalit\u00e9s de notre site et l&#039;exp\u00e9rience de l&#039;utilisateur.<\/li>\n<\/ul>\n\n\n\n<p>2.4 <strong>Marketing et promotions<\/strong>:<\/p>\n\n\n\n<ul class=\"wp-block-list\">\n<li>Pour envoyer votre offre promotionnelle, d\u00e9couverte et mise \u00e0 jour sur les produits et services d&#039;OMORI-MART (si vous optez pour recevoir des communications marketing).<\/li>\n\n\n\n<li>Pour vous informer sur les produits sp\u00e9cifiques \u00e0 la masse de boissons alcoolis\u00e9es et de produits de viande.<\/li>\n<\/ul>\n\n\n\n<p>2.5 <strong>Conformidade com as leis<\/strong>:<\/p>\n\n\n\n<ul class=\"wp-block-list\">\n<li>Pour r\u00e9pondre aux exigences l\u00e9gales, afin de v\u00e9rifier l&#039;identit\u00e9 l\u00e9gale pour l&#039;achat de boissons alcoolis\u00e9es.<\/li>\n<\/ul>\n\n\n\n<h4 class=\"wp-block-heading\">&nbsp;<\/h4>\n\n\n\n<h4 class=\"wp-block-heading\"><strong>3. Compartiment des informations<\/strong><\/h4>\n\n\n\n<p>Nous respectons notre confidentialit\u00e9 et nous ne vendons pas, nous nous occupons ou troquons nos informations personnelles avec des tiers. Cependant, nous pouvons partager vos informations avec\u00a0: <\/p>\n\n\n\n<p>3.1 <strong>Fournisseurs de services<\/strong>:<\/p>\n\n\n\n<ul class=\"wp-block-list\">\n<li>Empresas terceirizadas qui auxiliaires no processamento de pagamentos, envio e atendimento de pedidos.<\/li>\n\n\n\n<li>Fournisseurs de services pour la maintenance, l&#039;analyse et la commercialisation des sites.<\/li>\n<\/ul>\n\n\n\n<p>3.2 <strong>Conformit\u00e9 l\u00e9gale<\/strong>:<\/p>\n\n\n\n<ul class=\"wp-block-list\">\n<li>Si cela est demand\u00e9, nous pouvons divulguer des informations personnelles aux autorit\u00e9s gouvernementales ou \u00e0 d&#039;autres tiers pour contracter des obligations l\u00e9gales, \u00e9viter les fraudes ou prot\u00e9ger les dirigeants d&#039;OMORI-MART et de leurs clients.<\/li>\n<\/ul>\n\n\n\n<h4 class=\"wp-block-heading\">&nbsp;<\/h4>\n\n\n\n<h4 class=\"wp-block-heading\"><strong>4. Seguran\u00e7a de dados<\/strong><\/h4>\n\n\n\n<p>Nous avons un compromis pour prot\u00e9ger vos informations personnelles. Nous utilisons les protocoles de cryptographie du contr\u00f4leur et des passerelles de paiement s\u00e9curis\u00e9 pour prot\u00e9ger vos informations de paiement confidentielles. Non, la m\u00e9thode de transmission par Internet ou par armement \u00e9lectronique est s\u00e9curis\u00e9e par le 100%. Si nous nous effor\u00e7ons de prot\u00e9ger vos informations personnelles, nous ne pouvons pas garantir votre s\u00e9curit\u00e9 absolue.   <\/p>\n\n\n\n<h4 class=\"wp-block-heading\">&nbsp;<\/h4>\n\n\n\n<h4 class=\"wp-block-heading\"><strong>5. Cookies et technologies de rastreamento<\/strong><\/h4>\n\n\n\n<p>OMORI-MART utilise des cookies et des technologies de rastage similaires pour am\u00e9liorer votre exp\u00e9rience de navigation. Les cookies nous permettent de conna\u00eetre vos pr\u00e9f\u00e9rences, de suivre votre utilisation du site et de personnaliser votre exp\u00e9rience d&#039;achat. <\/p>\n\n\n\n<p>5.1 <strong>Tipos de cookies que usamos<\/strong>:<\/p>\n\n\n\n<ul class=\"wp-block-list\">\n<li><strong>Cookies essentiels<\/strong>: Cela est n\u00e9cessaire pour l&#039;exploitation de notre site et pour permettre que vous concluiez des transactions.<\/li>\n\n\n\n<li><strong>Cookies analytiques<\/strong>: Usados para coletar dados sobre como os usu\u00e1rios interagem com o site (par exemple, p\u00e1ginas visitadas, tempo gasto).<\/li>\n\n\n\n<li><strong>Cookies marketing<\/strong>: Utilis\u00e9s pour faire de la publicit\u00e9 personnalis\u00e9e et du contenu promotionnel.<\/li>\n<\/ul>\n\n\n\n<p>Vous pouvez ajuster les configurations de cookies dans votre navigateur pour r\u00e9cup\u00e9rer les cookies, mais vous pouvez \u00e9galement limiter votre capacit\u00e9 d&#039;utilisation d\u00e9termin\u00e9e par OMORI-MART.<\/p>\n\n\n\n<h4 class=\"wp-block-heading\">&nbsp;<\/h4>\n\n\n\n<h4 class=\"wp-block-heading\"><strong>6. Seus direitos e escolhas<\/strong><\/h4>\n\n\n\n<p>6.1 <strong>Acc\u00e8s et correction<\/strong>:<\/p>\n\n\n\n<ul class=\"wp-block-list\">\n<li>Choisissez votre droit d&#039;acc\u00e8s et actualisez vos informations personnelles. Vous pouvez ainsi acc\u00e9der \u00e0 votre contact ou entrer en contact avec notre \u00e9quipe de support client. <\/li>\n<\/ul>\n\n\n\n<p>6.2 <strong>D\u00e9sactivation des communications marketing<\/strong>:<\/p>\n\n\n\n<ul class=\"wp-block-list\">\n<li>Si vous ne souhaitez plus recevoir nos communications marketing, vous pouvez choisir de ne pas recevoir les liens en cliquant sur &quot;Annuler l&#039;inscription&quot; dans nos e-mails ou d&#039;entrer en contact avec nous directement.<\/li>\n<\/ul>\n\n\n\n<p>6.3 <strong>Exclus\u00e3o de conta<\/strong>:<\/p>\n\n\n\n<ul class=\"wp-block-list\">\n<li>Si vous d\u00e9sirez exclure votre contact avec SIM-OMORI-MART, vous pouvez solliciter ceci en entrant en contact avec notre \u00e9quipe de soins aupr\u00e8s du client. Veuillez noter que nous pouvons reter des informations d\u00e9termin\u00e9es conformes aux exigences de la loi ou pour des fins commerciales l\u00e9gitimes. <\/li>\n<\/ul>\n\n\n\n<h4 class=\"wp-block-heading\">&nbsp;<\/h4>\n\n\n\n<h4 class=\"wp-block-heading\"><strong>7. Privacidade das crian\u00e7as<\/strong><\/h4>\n\n\n\n<p>SIM-OMORI-MART n&#039;est pas destin\u00e9 \u00e0 \u00eatre utilis\u00e9 par les enfants de moins de 18 ans et nous ne collectons pas intentionnellement des informations sur les personnes de moins de 18 ans. Si nous savons que nous collectons des informations sur les personnes d&#039;un mineur sans le consentement du pays, nous prendrons les mesures n\u00e9cessaires pour exclure ces informations. <\/p>\n\n\n\n<h4 class=\"wp-block-heading\">&nbsp;<\/h4>\n\n\n\n<h4 class=\"wp-block-heading\"><strong>8. Links de terceiros<\/strong><\/h4>\n\n\n\n<p>Notre site peut contenir des liens pour des sites de tiers qui ne sont pas exploit\u00e9s par OMORI-MART. Nous ne sommes pas responsables des pratiques de confidentialit\u00e9 de ces sites de tiers. Nous vous recommandons d&#039;analyser les politiques de confidentialit\u00e9 de tous les sites externes que vous visitez.  <\/p>\n\n\n\n<h4 class=\"wp-block-heading\">&nbsp;<\/h4>\n\n\n\n<h4 class=\"wp-block-heading\"><strong>9. Modifications de la politique de confidentialit\u00e9<\/strong><\/h4>\n\n\n\n<p>Nous pouvons actualiser cette politique de confidentialit\u00e9 en fonction du temps afin de refl\u00e9ter les modifications de nos pratiques ou d&#039;autres motifs op\u00e9rationnels, l\u00e9gaux ou r\u00e9glementaires. Toutes les modifications apport\u00e9es \u00e0 cette politique de confidentialit\u00e9 seront publi\u00e9es sur notre site avec des donn\u00e9es de vigilance actualis\u00e9es. Si vous continuez \u00e0 utiliser OMORI-MART apr\u00e8s toute modification de la politique de confidentialit\u00e9, cela signifie que vous devez faire ces modifications.  <\/p>\n\n\n\n<h4 class=\"wp-block-heading\">&nbsp;<\/h4>\n\n\n\n<h4 class=\"wp-block-heading\"><strong>10. Entre em contato conosco<\/strong><\/h4>\n\n\n\n<p>Si vous avez une pr\u00e9occupation ou une pr\u00e9occupation concernant cette politique de confidentialit\u00e9 ou concernant vos informations personnelles, entrez en contact avec nous\u00a0:<\/p>\n\n\n\n<ul class=\"wp-block-list\">\n<li><strong>E-mail<\/strong>support@omorimart.com<\/li>\n\n\n\n<li><strong>Endere\u00e7o<\/strong>: R Cube Aoyama, 3\u00e8me \u00e9tage, 1-3-1 Kita-Aoyama, Minato-ku, T\u00f3quio, 107-0061, Japon<\/li>\n<\/ul>\n\n\n\n<p>Lorsque vous utilisez OMORI-MART, vous \u00eates en accord avec votre collection et l&#039;utilisation de vos informations personnelles est conforme \u00e0 la description de la politique de confidentialit\u00e9.<\/p>","protected":false},"excerpt":{"rendered":"<p>Data de vig\u00eancia: 20 de abril de 2025 No SIM-OMORI-MART, operado por&nbsp;COMFYS JAPAN LLC, temos o compromisso de proteger sua privacidade e garantir a seguran\u00e7a de suas informa\u00e7\u00f5es pessoais. Esta<\/p>","protected":false},"author":2,"featured_media":0,"parent":0,"menu_order":0,"comment_status":"closed","ping_status":"open","template":"","meta":{"footnotes":""},"class_list":["post-24984","page","type-page","status-publish","hentry"],"yoast_head":"<!-- This site is optimized with the Yoast SEO plugin v27.2 - https:\/\/yoast.com\/product\/yoast-seo-wordpress\/ -->\n<title>Pol\u00edtica de privacidade - Omori WIFI<\/title>\n<meta name=\"robots\" content=\"index, follow, max-snippet:-1, max-image-preview:large, max-video-preview:-1\" \/>\n<link rel=\"canonical\" href=\"https:\/\/omoriwifi.com\/fr\/politica-de-privacidade\/\" \/>\n<meta property=\"og:locale\" content=\"fr_FR\" \/>\n<meta property=\"og:type\" content=\"article\" \/>\n<meta property=\"og:title\" content=\"Pol\u00edtica de privacidade - Omori WIFI\" \/>\n<meta property=\"og:description\" content=\"Data de vig\u00eancia: 20 de abril de 2025 No SIM-OMORI-MART, operado por&nbsp;COMFYS JAPAN LLC, temos o compromisso de proteger sua privacidade e garantir a seguran\u00e7a de suas informa\u00e7\u00f5es pessoais. Esta\" \/>\n<meta property=\"og:url\" content=\"https:\/\/omoriwifi.com\/fr\/politica-de-privacidade\/\" \/>\n<meta property=\"og:site_name\" content=\"Omori WIFI\" \/>\n<meta name=\"twitter:card\" content=\"summary_large_image\" \/>\n<meta name=\"twitter:label1\" content=\"Dur\u00e9e de lecture estim\u00e9e\" \/>\n\t<meta name=\"twitter:data1\" content=\"5 minutes\" \/>\n<script type=\"application\/ld+json\" class=\"yoast-schema-graph\">{\"@context\":\"https:\/\/schema.org\",\"@graph\":[{\"@type\":\"WebPage\",\"@id\":\"https:\/\/omoriwifi.com\/zh\/politica-de-privacidade\/\",\"url\":\"https:\/\/omoriwifi.com\/zh\/politica-de-privacidade\/\",\"name\":\"Pol\u00edtica de privacidade - Omori WIFI\",\"isPartOf\":{\"@id\":\"https:\/\/omoriwifi.com\/ja\/#website\"},\"datePublished\":\"2025-03-25T17:10:57+00:00\",\"breadcrumb\":{\"@id\":\"https:\/\/omoriwifi.com\/zh\/politica-de-privacidade\/#breadcrumb\"},\"inLanguage\":\"fr-FR\",\"potentialAction\":[{\"@type\":\"ReadAction\",\"target\":[\"https:\/\/omoriwifi.com\/zh\/politica-de-privacidade\/\"]}]},{\"@type\":\"BreadcrumbList\",\"@id\":\"https:\/\/omoriwifi.com\/zh\/politica-de-privacidade\/#breadcrumb\",\"itemListElement\":[{\"@type\":\"ListItem\",\"position\":1,\"name\":\"Home\",\"item\":\"https:\/\/omoriwifi.com\/ja\/\"},{\"@type\":\"ListItem\",\"position\":2,\"name\":\"Pol\u00edtica de privacidade\"}]},{\"@type\":\"WebSite\",\"@id\":\"https:\/\/omoriwifi.com\/ja\/#website\",\"url\":\"https:\/\/omoriwifi.com\/ja\/\",\"name\":\"Omori WiFi\",\"description\":\"My WordPress Blog\",\"potentialAction\":[{\"@type\":\"SearchAction\",\"target\":{\"@type\":\"EntryPoint\",\"urlTemplate\":\"https:\/\/omoriwifi.com\/ja\/?s={search_term_string}\"},\"query-input\":{\"@type\":\"PropertyValueSpecification\",\"valueRequired\":true,\"valueName\":\"search_term_string\"}}],\"inLanguage\":\"fr-FR\"}]}<\/script>\n<!-- \/ Yoast SEO plugin. -->","yoast_head_json":{"title":"Pol\u00edtica de privacidade - Omori WIFI","robots":{"index":"index","follow":"follow","max-snippet":"max-snippet:-1","max-image-preview":"max-image-preview:large","max-video-preview":"max-video-preview:-1"},"canonical":"https:\/\/omoriwifi.com\/fr\/politica-de-privacidade\/","og_locale":"fr_FR","og_type":"article","og_title":"Pol\u00edtica de privacidade - Omori WIFI","og_description":"Data de vig\u00eancia: 20 de abril de 2025 No SIM-OMORI-MART, operado por&nbsp;COMFYS JAPAN LLC, temos o compromisso de proteger sua privacidade e garantir a seguran\u00e7a de suas informa\u00e7\u00f5es pessoais. Esta","og_url":"https:\/\/omoriwifi.com\/fr\/politica-de-privacidade\/","og_site_name":"Omori WIFI","twitter_card":"summary_large_image","twitter_misc":{"Dur\u00e9e de lecture estim\u00e9e":"5 minutes"},"schema":{"@context":"https:\/\/schema.org","@graph":[{"@type":"WebPage","@id":"https:\/\/omoriwifi.com\/zh\/politica-de-privacidade\/","url":"https:\/\/omoriwifi.com\/zh\/politica-de-privacidade\/","name":"Pol\u00edtica de privacidade - Omori WIFI","isPartOf":{"@id":"https:\/\/omoriwifi.com\/ja\/#website"},"datePublished":"2025-03-25T17:10:57+00:00","breadcrumb":{"@id":"https:\/\/omoriwifi.com\/zh\/politica-de-privacidade\/#breadcrumb"},"inLanguage":"fr-FR","potentialAction":[{"@type":"ReadAction","target":["https:\/\/omoriwifi.com\/zh\/politica-de-privacidade\/"]}]},{"@type":"BreadcrumbList","@id":"https:\/\/omoriwifi.com\/zh\/politica-de-privacidade\/#breadcrumb","itemListElement":[{"@type":"ListItem","position":1,"name":"Home","item":"https:\/\/omoriwifi.com\/ja\/"},{"@type":"ListItem","position":2,"name":"Pol\u00edtica de privacidade"}]},{"@type":"WebSite","@id":"https:\/\/omoriwifi.com\/ja\/#website","url":"https:\/\/omoriwifi.com\/ja\/","name":"Wi-Fi Omori","description":"Mon blog WordPress","potentialAction":[{"@type":"SearchAction","target":{"@type":"EntryPoint","urlTemplate":"https:\/\/omoriwifi.com\/ja\/?s={search_term_string}"},"query-input":{"@type":"PropertyValueSpecification","valueRequired":true,"valueName":"search_term_string"}}],"inLanguage":"fr-FR"}]}},"_links":{"self":[{"href":"https:\/\/omoriwifi.com\/fr\/wp-json\/wp\/v2\/pages\/24984","targetHints":{"allow":["GET"]}}],"collection":[{"href":"https:\/\/omoriwifi.com\/fr\/wp-json\/wp\/v2\/pages"}],"about":[{"href":"https:\/\/omoriwifi.com\/fr\/wp-json\/wp\/v2\/types\/page"}],"author":[{"embeddable":true,"href":"https:\/\/omoriwifi.com\/fr\/wp-json\/wp\/v2\/users\/2"}],"replies":[{"embeddable":true,"href":"https:\/\/omoriwifi.com\/fr\/wp-json\/wp\/v2\/comments?post=24984"}],"version-history":[{"count":0,"href":"https:\/\/omoriwifi.com\/fr\/wp-json\/wp\/v2\/pages\/24984\/revisions"}],"wp:attachment":[{"href":"https:\/\/omoriwifi.com\/fr\/wp-json\/wp\/v2\/media?parent=24984"}],"curies":[{"name":"wp","href":"https:\/\/api.w.org\/{rel}","templated":true}]}}