{"id":3,"date":"2025-03-25T17:10:57","date_gmt":"2025-03-25T17:10:57","guid":{"rendered":"https:\/\/ici9b6skyk.onrocket.site\/?page_id=3"},"modified":"2025-07-17T03:10:24","modified_gmt":"2025-07-17T03:10:24","slug":"privacy-policy","status":"publish","type":"page","link":"https:\/\/omoriwifi.com\/fr\/privacy-policy\/","title":{"rendered":"politique de confidentialit\u00e9"},"content":{"rendered":"<p><strong>Date d&#039;entr\u00e9e en vigueur : 17 juillet 2025<\/strong><\/p>\n\n\n\n<p>\u00c0 <strong>Omori Wifi<\/strong>, exploit\u00e9 par <strong>COMFYS JAPON SARL<\/strong>Nous nous engageons \u00e0 prot\u00e9ger votre vie priv\u00e9e et vos informations personnelles. Cette politique de confidentialit\u00e9 d\u00e9crit comment nous collectons, utilisons, divulguons et prot\u00e9geons vos donn\u00e9es lorsque vous visitez ou effectuez un achat sur notre site web. <strong>omoriwifi.com<\/strong>En utilisant notre site Web et nos services, vous acceptez les pratiques d\u00e9crites dans cette politique.<\/p>\n\n\n\n<hr class=\"wp-block-separator has-alpha-channel-opacity\"\/>\n\n\n\n<h4 class=\"wp-block-heading\"><strong>1. Informations que nous collectons<\/strong><\/h4>\n\n\n\n<p>Nous collectons les types d&#039;informations suivants pour fournir et am\u00e9liorer nos services :<\/p>\n\n\n\n<h5 class=\"wp-block-heading\">1.1 Informations personnelles<\/h5>\n\n\n\n<ul class=\"wp-block-list\">\n<li>Nom et pr\u00e9nom<\/li>\n\n\n\n<li>Adresse de livraison et de facturation<\/li>\n\n\n\n<li>Adresse email<\/li>\n\n\n\n<li>Num\u00e9ro de t\u00e9l\u00e9phone<\/li>\n\n\n\n<li>Informations de paiement (par exemple, coordonn\u00e9es de carte de cr\u00e9dit\/d\u00e9bit ou de virement bancaire)<\/li>\n\n\n\n<li>Num\u00e9ro de passeport ou date de naissance (si n\u00e9cessaire pour l&#039;enregistrement de la carte SIM ou la v\u00e9rification de l&#039;\u00e2ge)<\/li>\n<\/ul>\n\n\n\n<h5 class=\"wp-block-heading\">1.2 Informations non personnelles<\/h5>\n\n\n\n<ul class=\"wp-block-list\">\n<li>Type et version du navigateur<\/li>\n\n\n\n<li>Informations sur l&#039;appareil (par exemple, mobile, tablette, ordinateur de bureau)<\/li>\n\n\n\n<li>Adresse IP<\/li>\n\n\n\n<li>Donn\u00e9es d&#039;utilisation (pages visit\u00e9es, temps pass\u00e9, etc.)<\/li>\n<\/ul>\n\n\n\n<hr class=\"wp-block-separator has-alpha-channel-opacity\"\/>\n\n\n\n<h4 class=\"wp-block-heading\"><strong>2. Comment nous utilisons vos informations<\/strong><\/h4>\n\n\n\n<p>Nous utilisons vos donn\u00e9es aux fins suivantes :<\/p>\n\n\n\n<h5 class=\"wp-block-heading\">2.1 Service et ex\u00e9cution des commandes<\/h5>\n\n\n\n<ul class=\"wp-block-list\">\n<li>Pour traiter les commandes et livrer des cartes SIM ou des appareils Wi-Fi<\/li>\n\n\n\n<li>Pour envoyer des confirmations de commande, des mises \u00e0 jour d&#039;exp\u00e9dition et des re\u00e7us de paiement<\/li>\n<\/ul>\n\n\n\n<h5 class=\"wp-block-heading\">2.2 Assistance client\u00e8le<\/h5>\n\n\n\n<ul class=\"wp-block-list\">\n<li>Pour aider aux demandes de renseignements, au d\u00e9pannage ou aux r\u00e9clamations<\/li>\n\n\n\n<li>Pour vous informer des changements li\u00e9s \u00e0 votre service ou \u00e0 votre abonnement<\/li>\n<\/ul>\n\n\n\n<h5 class=\"wp-block-heading\">2.3 Personnalisation et optimisation du site<\/h5>\n\n\n\n<ul class=\"wp-block-list\">\n<li>Am\u00e9liorer l&#039;exp\u00e9rience utilisateur en adaptant le contenu et les recommandations<\/li>\n\n\n\n<li>Pour analyser et am\u00e9liorer les fonctionnalit\u00e9s du site Web<\/li>\n<\/ul>\n\n\n\n<h5 class=\"wp-block-heading\">2.4 Marketing et communication (facultatif)<\/h5>\n\n\n\n<ul class=\"wp-block-list\">\n<li>Pour envoyer des e-mails promotionnels ou des offres sp\u00e9ciales si vous y consentez<\/li>\n\n\n\n<li>Vous pouvez vous d\u00e9sinscrire \u00e0 tout moment<\/li>\n<\/ul>\n\n\n\n<h5 class=\"wp-block-heading\">2.5 Conformit\u00e9 l\u00e9gale<\/h5>\n\n\n\n<ul class=\"wp-block-list\">\n<li>Pour se conformer \u00e0 la r\u00e9glementation japonaise concernant l&#039;enregistrement des cartes SIM et l&#039;utilisation du service<\/li>\n\n\n\n<li>Pour pr\u00e9venir la fraude et garantir la s\u00e9curit\u00e9 des transactions<\/li>\n<\/ul>\n\n\n\n<hr class=\"wp-block-separator has-alpha-channel-opacity\"\/>\n\n\n\n<h4 class=\"wp-block-heading\"><strong>3. Partage d&#039;informations<\/strong><\/h4>\n\n\n\n<p>Nous <strong>ne pas vendre ni louer<\/strong> Vos informations personnelles. Nous pouvons toutefois partager vos donn\u00e9es avec des tiers de confiance\u00a0:<\/p>\n\n\n\n<h5 class=\"wp-block-heading\">3.1 Fournisseurs de services<\/h5>\n\n\n\n<ul class=\"wp-block-list\">\n<li>Passerelles de paiement (par exemple, Stripe, PayPal)<\/li>\n\n\n\n<li>Partenaires d&#039;exp\u00e9dition (par exemple, Yamato, Japan Post)<\/li>\n\n\n\n<li>Fournisseurs d&#039;h\u00e9bergement, d&#039;analyse et de marketing<\/li>\n<\/ul>\n\n\n\n<h5 class=\"wp-block-heading\">3.2 Informations l\u00e9gales<\/h5>\n\n\n\n<ul class=\"wp-block-list\">\n<li>Si la loi l&#039;exige, aux autorit\u00e9s gouvernementales ou aux forces de l&#039;ordre<\/li>\n<\/ul>\n\n\n\n<hr class=\"wp-block-separator has-alpha-channel-opacity\"\/>\n\n\n\n<h4 class=\"wp-block-heading\"><strong>4. S\u00e9curit\u00e9 des donn\u00e9es<\/strong><\/h4>\n\n\n\n<p>Nous mettons en \u0153uvre des mesures de s\u00e9curit\u00e9 conformes aux normes de l&#039;industrie pour prot\u00e9ger vos donn\u00e9es :<\/p>\n\n\n\n<ul class=\"wp-block-list\">\n<li>Cryptage SSL pour toutes les transactions<\/li>\n\n\n\n<li>Serveurs et pare-feu s\u00e9curis\u00e9s<\/li>\n\n\n\n<li>Acc\u00e8s r\u00e9serv\u00e9 au personnel autoris\u00e9 uniquement<\/li>\n<\/ul>\n\n\n\n<p>Malgr\u00e9 tous nos efforts, aucune transmission ni aucun stockage num\u00e9rique n&#039;est s\u00e9curis\u00e9. Veuillez utiliser des mots de passe forts et faire preuve de prudence lorsque vous partagez des donn\u00e9es personnelles en ligne.<\/p>\n\n\n\n<hr class=\"wp-block-separator has-alpha-channel-opacity\"\/>\n\n\n\n<h4 class=\"wp-block-heading\"><strong>5. Cookies et technologies de suivi<\/strong><\/h4>\n\n\n\n<p>Nous utilisons des cookies et des technologies similaires pour am\u00e9liorer votre exp\u00e9rience de navigation.<\/p>\n\n\n\n<h5 class=\"wp-block-heading\">5.1 Types de cookies<\/h5>\n\n\n\n<ul class=\"wp-block-list\">\n<li><strong>Cookies essentiels :<\/strong> Requis pour la fonctionnalit\u00e9 du site Web<\/li>\n\n\n\n<li><strong>Cookies d&#039;analyse :<\/strong> Aidez-nous \u00e0 comprendre l&#039;utilisation du site et \u00e0 am\u00e9liorer les performances<\/li>\n\n\n\n<li><strong>Cookies marketing :<\/strong> Utilis\u00e9 pour la publicit\u00e9 cibl\u00e9e et les promotions (uniquement avec votre consentement)<\/li>\n<\/ul>\n\n\n\n<p>Vous pouvez d\u00e9sactiver les cookies via les param\u00e8tres de votre navigateur, mais cela peut affecter les fonctionnalit\u00e9s du site.<\/p>\n\n\n\n<hr class=\"wp-block-separator has-alpha-channel-opacity\"\/>\n\n\n\n<h4 class=\"wp-block-heading\"><strong>6. Vos droits et vos choix<\/strong><\/h4>\n\n\n\n<h5 class=\"wp-block-heading\">6.1 Acc\u00e8s et mise \u00e0 jour des informations<\/h5>\n\n\n\n<p>Vous pouvez acc\u00e9der et mettre \u00e0 jour les d\u00e9tails de votre compte \u00e0 tout moment en vous connectant \u00e0 votre compte.<\/p>\n\n\n\n<h5 class=\"wp-block-heading\">6.2 D\u00e9sinscription du marketing<\/h5>\n\n\n\n<p>Vous pouvez vous d\u00e9sabonner des e-mails promotionnels via le lien au bas de chaque message ou en nous contactant directement.<\/p>\n\n\n\n<h5 class=\"wp-block-heading\">6.3 Suppression du compte<\/h5>\n\n\n\n<p>Pour supprimer votre compte ou demander la suppression de donn\u00e9es, contactez-nous \u00e0 <strong><a>support@omoriwifi.com<\/a><\/strong>Remarque : nous pouvons conserver certaines donn\u00e9es pour des raisons juridiques ou commerciales.<\/p>\n\n\n\n<hr class=\"wp-block-separator has-alpha-channel-opacity\"\/>\n\n\n\n<h4 class=\"wp-block-heading\"><strong>7. Vie priv\u00e9e des enfants<\/strong><\/h4>\n\n\n\n<p>Omori Wifi ne collecte pas sciemment d&#039;informations personnelles aupr\u00e8s de personnes de moins de 18 ans. Si nous d\u00e9couvrons que nous avons collect\u00e9 des donn\u00e9es aupr\u00e8s d&#039;un mineur, nous les supprimerons imm\u00e9diatement.<\/p>\n\n\n\n<hr class=\"wp-block-separator has-alpha-channel-opacity\"\/>\n\n\n\n<h4 class=\"wp-block-heading\"><strong>8. Liens vers des sites tiers<\/strong><\/h4>\n\n\n\n<p>Notre site web peut contenir des liens vers des sites web tiers. Nous ne sommes pas responsables du contenu ni des pratiques de confidentialit\u00e9 de ces sites externes. Veuillez consulter leurs politiques s\u00e9par\u00e9ment.<\/p>\n\n\n\n<hr class=\"wp-block-separator has-alpha-channel-opacity\"\/>\n\n\n\n<h4 class=\"wp-block-heading\"><strong>9. Modifications de cette politique<\/strong><\/h4>\n\n\n\n<p>Nous sommes susceptibles de mettre \u00e0 jour cette Politique de confidentialit\u00e9 de temps \u00e0 autre. Toute modification sera publi\u00e9e sur cette page avec sa date d&#039;entr\u00e9e en vigueur actualis\u00e9e. L&#039;utilisation continue de nos services implique votre acceptation de la politique r\u00e9vis\u00e9e.<\/p>\n\n\n\n<hr class=\"wp-block-separator has-alpha-channel-opacity\"\/>\n\n\n\n<h4 class=\"wp-block-heading\"><strong>10. Contactez-nous<\/strong><\/h4>\n\n\n\n<p>Pour toute question, pr\u00e9occupation ou demande relative \u00e0 vos donn\u00e9es personnelles, veuillez nous contacter :<\/p>\n\n\n\n<p><strong>E-mail:<\/strong> <a>support@omoriwifi.com<\/a><br><strong>Adresse:<\/strong><br>R Cube Aoyama, 3e \u00e9tage<br>1-3-1 Kita-Aoyama, Minato-ku<br>Tokyo 107-0061, Japon<\/p>\n\n\n\n<hr class=\"wp-block-separator has-alpha-channel-opacity\"\/>\n\n\n\n<p>En utilisant <strong>Omori Wifi<\/strong>, vous acceptez la collecte, l&#039;utilisation et la divulgation de vos informations personnelles comme d\u00e9crit dans la pr\u00e9sente politique de confidentialit\u00e9.<\/p>","protected":false},"excerpt":{"rendered":"<p>Effective Date: July 17, 2025 At Omori Wifi, operated by COMFYS JAPAN LLC, we are committed to protecting your privacy and safeguarding your personal information. This Privacy Policy outlines how<\/p>","protected":false},"author":2,"featured_media":0,"parent":0,"menu_order":0,"comment_status":"closed","ping_status":"open","template":"","meta":{"footnotes":""},"class_list":["post-3","page","type-page","status-publish","hentry"],"yoast_head":"<!-- This site is optimized with the Yoast SEO plugin v27.2 - https:\/\/yoast.com\/product\/yoast-seo-wordpress\/ -->\n<title>Privacy Policy - Omori WIFI<\/title>\n<meta name=\"robots\" content=\"index, follow, max-snippet:-1, max-image-preview:large, max-video-preview:-1\" \/>\n<link rel=\"canonical\" href=\"https:\/\/omoriwifi.com\/fr\/privacy-policy\/\" \/>\n<meta property=\"og:locale\" content=\"fr_FR\" \/>\n<meta property=\"og:type\" content=\"article\" \/>\n<meta property=\"og:title\" content=\"Privacy Policy - Omori WIFI\" \/>\n<meta property=\"og:description\" content=\"Effective Date: July 17, 2025 At Omori Wifi, operated by COMFYS JAPAN LLC, we are committed to protecting your privacy and safeguarding your personal information. This Privacy Policy outlines how\" \/>\n<meta property=\"og:url\" content=\"https:\/\/omoriwifi.com\/fr\/privacy-policy\/\" \/>\n<meta property=\"og:site_name\" content=\"Omori WIFI\" \/>\n<meta property=\"article:modified_time\" content=\"2025-07-17T03:10:24+00:00\" \/>\n<meta name=\"twitter:card\" content=\"summary_large_image\" \/>\n<meta name=\"twitter:label1\" content=\"Dur\u00e9e de lecture estim\u00e9e\" \/>\n\t<meta name=\"twitter:data1\" content=\"3 minutes\" \/>\n<script type=\"application\/ld+json\" class=\"yoast-schema-graph\">{\"@context\":\"https:\/\/schema.org\",\"@graph\":[{\"@type\":\"WebPage\",\"@id\":\"https:\/\/omoriwifi.com\/zh_tw\/privacy-policy\/\",\"url\":\"https:\/\/omoriwifi.com\/zh_tw\/privacy-policy\/\",\"name\":\"Privacy Policy - Omori WIFI\",\"isPartOf\":{\"@id\":\"https:\/\/omoriwifi.com\/ja\/#website\"},\"datePublished\":\"2025-03-25T17:10:57+00:00\",\"dateModified\":\"2025-07-17T03:10:24+00:00\",\"breadcrumb\":{\"@id\":\"https:\/\/omoriwifi.com\/zh_tw\/privacy-policy\/#breadcrumb\"},\"inLanguage\":\"fr-FR\",\"potentialAction\":[{\"@type\":\"ReadAction\",\"target\":[\"https:\/\/omoriwifi.com\/zh_tw\/privacy-policy\/\"]}]},{\"@type\":\"BreadcrumbList\",\"@id\":\"https:\/\/omoriwifi.com\/zh_tw\/privacy-policy\/#breadcrumb\",\"itemListElement\":[{\"@type\":\"ListItem\",\"position\":1,\"name\":\"Home\",\"item\":\"https:\/\/omoriwifi.com\/ja\/\"},{\"@type\":\"ListItem\",\"position\":2,\"name\":\"Privacy Policy\"}]},{\"@type\":\"WebSite\",\"@id\":\"https:\/\/omoriwifi.com\/ja\/#website\",\"url\":\"https:\/\/omoriwifi.com\/ja\/\",\"name\":\"Omori WiFi\",\"description\":\"My WordPress Blog\",\"potentialAction\":[{\"@type\":\"SearchAction\",\"target\":{\"@type\":\"EntryPoint\",\"urlTemplate\":\"https:\/\/omoriwifi.com\/ja\/?s={search_term_string}\"},\"query-input\":{\"@type\":\"PropertyValueSpecification\",\"valueRequired\":true,\"valueName\":\"search_term_string\"}}],\"inLanguage\":\"fr-FR\"}]}<\/script>\n<!-- \/ Yoast SEO plugin. -->","yoast_head_json":{"title":"Privacy Policy - Omori WIFI","robots":{"index":"index","follow":"follow","max-snippet":"max-snippet:-1","max-image-preview":"max-image-preview:large","max-video-preview":"max-video-preview:-1"},"canonical":"https:\/\/omoriwifi.com\/fr\/privacy-policy\/","og_locale":"fr_FR","og_type":"article","og_title":"Privacy Policy - Omori WIFI","og_description":"Effective Date: July 17, 2025 At Omori Wifi, operated by COMFYS JAPAN LLC, we are committed to protecting your privacy and safeguarding your personal information. This Privacy Policy outlines how","og_url":"https:\/\/omoriwifi.com\/fr\/privacy-policy\/","og_site_name":"Omori WIFI","article_modified_time":"2025-07-17T03:10:24+00:00","twitter_card":"summary_large_image","twitter_misc":{"Dur\u00e9e de lecture estim\u00e9e":"3 minutes"},"schema":{"@context":"https:\/\/schema.org","@graph":[{"@type":"WebPage","@id":"https:\/\/omoriwifi.com\/zh_tw\/privacy-policy\/","url":"https:\/\/omoriwifi.com\/zh_tw\/privacy-policy\/","name":"Privacy Policy - Omori WIFI","isPartOf":{"@id":"https:\/\/omoriwifi.com\/ja\/#website"},"datePublished":"2025-03-25T17:10:57+00:00","dateModified":"2025-07-17T03:10:24+00:00","breadcrumb":{"@id":"https:\/\/omoriwifi.com\/zh_tw\/privacy-policy\/#breadcrumb"},"inLanguage":"fr-FR","potentialAction":[{"@type":"ReadAction","target":["https:\/\/omoriwifi.com\/zh_tw\/privacy-policy\/"]}]},{"@type":"BreadcrumbList","@id":"https:\/\/omoriwifi.com\/zh_tw\/privacy-policy\/#breadcrumb","itemListElement":[{"@type":"ListItem","position":1,"name":"Home","item":"https:\/\/omoriwifi.com\/ja\/"},{"@type":"ListItem","position":2,"name":"Privacy Policy"}]},{"@type":"WebSite","@id":"https:\/\/omoriwifi.com\/ja\/#website","url":"https:\/\/omoriwifi.com\/ja\/","name":"Wi-Fi Omori","description":"Mon blog WordPress","potentialAction":[{"@type":"SearchAction","target":{"@type":"EntryPoint","urlTemplate":"https:\/\/omoriwifi.com\/ja\/?s={search_term_string}"},"query-input":{"@type":"PropertyValueSpecification","valueRequired":true,"valueName":"search_term_string"}}],"inLanguage":"fr-FR"}]}},"_links":{"self":[{"href":"https:\/\/omoriwifi.com\/fr\/wp-json\/wp\/v2\/pages\/3","targetHints":{"allow":["GET"]}}],"collection":[{"href":"https:\/\/omoriwifi.com\/fr\/wp-json\/wp\/v2\/pages"}],"about":[{"href":"https:\/\/omoriwifi.com\/fr\/wp-json\/wp\/v2\/types\/page"}],"author":[{"embeddable":true,"href":"https:\/\/omoriwifi.com\/fr\/wp-json\/wp\/v2\/users\/2"}],"replies":[{"embeddable":true,"href":"https:\/\/omoriwifi.com\/fr\/wp-json\/wp\/v2\/comments?post=3"}],"version-history":[{"count":6,"href":"https:\/\/omoriwifi.com\/fr\/wp-json\/wp\/v2\/pages\/3\/revisions"}],"predecessor-version":[{"id":25502,"href":"https:\/\/omoriwifi.com\/fr\/wp-json\/wp\/v2\/pages\/3\/revisions\/25502"}],"wp:attachment":[{"href":"https:\/\/omoriwifi.com\/fr\/wp-json\/wp\/v2\/media?parent=3"}],"curies":[{"name":"wp","href":"https:\/\/api.w.org\/{rel}","templated":true}]}}