{"id":38,"date":"2024-04-17T07:15:52","date_gmt":"2024-04-17T07:15:52","guid":{"rendered":"https:\/\/anvogue.presslayouts.com\/dummy\/?page_id=38"},"modified":"2025-03-30T00:17:41","modified_gmt":"2025-03-30T00:17:41","slug":"about-us","status":"publish","type":"page","link":"https:\/\/omoriwifi.com\/fr\/about-us\/","title":{"rendered":"\u00c0 propos de nous"},"content":{"rendered":"<div data-elementor-type=\"wp-page\" data-elementor-id=\"38\" class=\"elementor elementor-38\">\n\t\t\t\t<div class=\"elementor-element elementor-element-771f7c3 e-flex e-con-boxed e-con e-parent\" data-id=\"771f7c3\" data-element_type=\"container\" data-e-type=\"container\">\n\t\t\t\t\t<div class=\"e-con-inner\">\n\t\t\t\t<div class=\"elementor-element elementor-element-d5bacec elementor-widget elementor-widget-pls-heading\" data-id=\"d5bacec\" data-element_type=\"widget\" data-e-type=\"widget\" data-widget_type=\"pls-heading.default\">\n\t\t\t\t<div class=\"elementor-widget-container\">\n\t\t\t\t\t<div id=\"pls-header-31294\" class=\"pls-element pls-heading pls-text-center separator-none\">\t\n\t\t\t\n\t\t\t<div class=\"heading-wrap\">\n\t\t\t<span class=\"separator-left\"><\/span>\n\t\t\t<h2 class=\"heading-title\">Connectivit\u00e9 fluide au Japon\u00a0: simple, fiable et sans tracas<\/h2>\t\t\t<span class=\"separator-right\"><\/span>\n\t\t\t\t\t<\/div>\n\t\t\n    \t\t<div class=\"heading-tagline\"> Rester connect\u00e9 au Japon est simple et sans tracas. Que vous soyez en voyage ou que vous planifiez un long s\u00e9jour, nos cartes SIM et nos solutions Wi-Fi r\u00e9sidentielles vous garantissent un acc\u00e8s internet haut d\u00e9bit fiable o\u00f9 que vous alliez. <br><br>Pas de contrats compliqu\u00e9s, pas de v\u00e9rification de solvabilit\u00e9\u00a0: une connectivit\u00e9 fluide. Notre mission est de fournir des services de donn\u00e9es mobiles et Wi-Fi abordables et accessibles, sans les obstacles habituels.<br><br> Avec des plans flexibles, une livraison gratuite et des options de retrait faciles, nous privil\u00e9gions la commodit\u00e9 afin que vous puissiez vous concentrer sur le plaisir de votre s\u00e9jour au Japon.\n<br><br>\nNous comprenons l&#039;importance de rester connect\u00e9, que ce soit pour travailler, \u00e9tudier ou rester en contact avec ses proches. C&#039;est pourquoi nous travaillons en partenariat avec les r\u00e9seaux les plus importants et les plus fiables du Japon, comme Docomo et SoftBank, pour garantir la meilleure couverture et les meilleures performances.\n<br><br>\nDes touristes aux r\u00e9sidents de longue dur\u00e9e, nous proposons une gamme de cartes SIM pr\u00e9pay\u00e9es, de Wi-Fi domestique illimit\u00e9 et de routeurs portables pour r\u00e9pondre \u00e0 vos besoins. Sans frais cach\u00e9s ni configurations compliqu\u00e9es, nos produits sont con\u00e7us pour \u00eatre conviviaux et simples \u00e0 utiliser. <br><br>\u00c0 mesure que notre client\u00e8le s&#039;agrandit, nous continuons d&#039;am\u00e9liorer nos services, en garantissant un acc\u00e8s Internet rapide, s\u00e9curis\u00e9 et ininterrompu dans tout le Japon. Nous sommes l\u00e0 pour faire de la connectivit\u00e9 le cadet de vos soucis. <\/div>\n\t<\/div>\t\t\t\t<\/div>\n\t\t\t\t<\/div>\n\t\t\t\t\t<\/div>\n\t\t\t\t<\/div>\n\t\t<div class=\"elementor-element elementor-element-2678839 e-flex e-con-boxed e-con e-parent\" data-id=\"2678839\" data-element_type=\"container\" data-e-type=\"container\">\n\t\t\t\t\t<div class=\"e-con-inner\">\n\t\t\t\t<div class=\"elementor-element elementor-element-e784360 elementor-widget elementor-widget-pls-product-brands\" data-id=\"e784360\" data-element_type=\"widget\" data-e-type=\"widget\" data-widget_type=\"pls-product-brands.default\">\n\t\t\t\t<div class=\"elementor-widget-container\">\n\t\t\t\t\t<div id=\"pls-product-brand-50945\" class=\"pls-element pls-product-brands\">\n\t\t<div class=\"section-content  pls-slider swiper row\">\n\t\t<div class=\"products swiper-wrapper slider-col-lg-3 slider-col-md-4 slider-col-2\" data-slider_options=\"{&quot;slider_loop&quot;:false,&quot;slider_autoplay&quot;:false,&quot;slider_autoplay_delay&quot;:&quot;1500&quot;,&quot;slider_autoplay_speed&quot;:&quot;1500&quot;,&quot;slider_pause_on_hover&quot;:false,&quot;slider_rewind&quot;:false,&quot;slider_autoHeigh&quot;:false,&quot;slider_touchDrag&quot;:true,&quot;slider_touchDrag_mobile&quot;:true,&quot;slider_navigation&quot;:true,&quot;slider_pagination&quot;:false,&quot;slider_scrollbar&quot;:false,&quot;slider_centered&quot;:false,&quot;slider_effect&quot;:&quot;slide&quot;,&quot;slider_spaceBetween&quot;:0,&quot;slides_to_show&quot;:&quot;3&quot;,&quot;slides_to_show_tablet&quot;:4,&quot;slides_to_show_mobile&quot;:2,&quot;slides_to_scroll&quot;:1}\" >\n\t\t\t\t\t\t\t\t<div class=\"product-brand swiper-slide\">\n\t\t\t\t\t\t<a href=\"https:\/\/omoriwifi.com\/fr\/marque\/docomo\/\">\n\t\t\t\t\t\t\t<div class=\"brand-image\">\n\t\t\t\t\t\t\t\t<img decoding=\"async\" width=\"150\" height=\"150\" src=\"https:\/\/omoriwifi.com\/wp-content\/uploads\/2025\/03\/Untitled-design-2025-03-27T014152.325.png\" class=\"attachment-full size-full\" alt=\"Docomo\" srcset=\"https:\/\/omoriwifi.com\/wp-content\/uploads\/2025\/03\/Untitled-design-2025-03-27T014152.325.png 150w, https:\/\/omoriwifi.com\/wp-content\/uploads\/2025\/03\/Untitled-design-2025-03-27T014152.325-96x96.png 96w\" sizes=\"(max-width: 150px) 100vw, 150px\" \/>\t\t\t\t\t\t\t<\/div>\n\t\t\t\t\t\t\t\n\t\t\t\t\t\t\t\t\t\t\t\t\t<\/a>\n\t\t\t\t\t<\/div>\n\t\t\t\t\t\t\t\t\t\t<div class=\"product-brand swiper-slide\">\n\t\t\t\t\t\t<a href=\"https:\/\/omoriwifi.com\/fr\/marque\/au\/\">\n\t\t\t\t\t\t\t<div class=\"brand-image\">\n\t\t\t\t\t\t\t\t<img decoding=\"async\" width=\"150\" height=\"150\" src=\"https:\/\/omoriwifi.com\/wp-content\/uploads\/2025\/03\/Untitled-design-2025-03-27T014130.212.png\" class=\"attachment-full size-full\" alt=\"AU\" srcset=\"https:\/\/omoriwifi.com\/wp-content\/uploads\/2025\/03\/Untitled-design-2025-03-27T014130.212.png 150w, https:\/\/omoriwifi.com\/wp-content\/uploads\/2025\/03\/Untitled-design-2025-03-27T014130.212-96x96.png 96w\" sizes=\"(max-width: 150px) 100vw, 150px\" \/>\t\t\t\t\t\t\t<\/div>\n\t\t\t\t\t\t\t\n\t\t\t\t\t\t\t\t\t\t\t\t\t<\/a>\n\t\t\t\t\t<\/div>\n\t\t\t\t\t\t\t\t\t\t<div class=\"product-brand swiper-slide\">\n\t\t\t\t\t\t<a href=\"https:\/\/omoriwifi.com\/fr\/marque\/soft-bank\/\">\n\t\t\t\t\t\t\t<div class=\"brand-image\">\n\t\t\t\t\t\t\t\t<img decoding=\"async\" width=\"150\" height=\"150\" src=\"https:\/\/omoriwifi.com\/wp-content\/uploads\/2025\/03\/Untitled-design-2025-03-27T014107.765.png\" class=\"attachment-full size-full\" alt=\"Soft Bank\" srcset=\"https:\/\/omoriwifi.com\/wp-content\/uploads\/2025\/03\/Untitled-design-2025-03-27T014107.765.png 150w, https:\/\/omoriwifi.com\/wp-content\/uploads\/2025\/03\/Untitled-design-2025-03-27T014107.765-96x96.png 96w\" sizes=\"(max-width: 150px) 100vw, 150px\" \/>\t\t\t\t\t\t\t<\/div>\n\t\t\t\t\t\t\t\n\t\t\t\t\t\t\t\t\t\t\t\t\t<\/a>\n\t\t\t\t\t<\/div>\n\t\t\t\t\t\t\t<\/div>\n\t<\/div>\n<\/div>\t\t\t\t<\/div>\n\t\t\t\t<\/div>\n\t\t\t\t\t<\/div>\n\t\t\t\t<\/div>\n\t\t<div class=\"elementor-element elementor-element-9198a48 e-flex e-con-boxed e-con e-parent\" data-id=\"9198a48\" data-element_type=\"container\" data-e-type=\"container\">\n\t\t\t\t\t<div class=\"e-con-inner\">\n\t\t<div class=\"elementor-element elementor-element-1500bd4 e-con-full e-flex e-con e-child\" data-id=\"1500bd4\" data-element_type=\"container\" data-e-type=\"container\">\n\t\t\t\t<div class=\"elementor-element elementor-element-640f2dc elementor-widget elementor-widget-pls-infobox\" data-id=\"640f2dc\" data-element_type=\"widget\" data-e-type=\"widget\" data-widget_type=\"pls-infobox.default\">\n\t\t\t\t<div class=\"elementor-widget-container\">\n\t\t\t\t\t<div id=\"pls-info-box-83142\" class=\"pls-element pls-info-box icon-effect-none icon-simple icon-top color-scheme-inherit hover-color-scheme-inherit text-center\">\n\t<div class=\"info-box-wrap\"  >\n\t\t<div class=\"box-icon-wrap\">\n\t\t\t\t\t\t\t<div class=\"info-box-icon\"><img decoding=\"async\" src=\"https:\/\/omoriwifi.com\/wp-content\/uploads\/2025\/03\/icons8-plan-60.png\" alt=\"Affordable Plans\"\/><\/div>\n\t\t\t\t\t<\/div>\n\t\t<div class=\"info-box-content\">\n\t\t\t\t\t\t\t\t\t\t<div class=\"info-box-title mb\" >\t\t\t\t\n\t\t\t\t\t<h4>Des forfaits abordables<\/h4>\t\t\t\t\t\n\t\t\t\t<\/div>\n\t\t\t\t\t\t\t\t\t\t<div class=\"info-box-description mb\">\n\t\t\t\t\t<p>B\u00e9n\u00e9ficiez d&#039;un excellent rapport qualit\u00e9-prix avec des tarifs comp\u00e9titifs sur les forfaits de donn\u00e9es, ce qui vous permet de rester connect\u00e9 sans vous ruiner. Nous sommes moins chers que les autres.<\/p>\n\t\t\t\t<\/div>\n\t\t\t\t\t<\/div>\n\t<\/div>\n<\/div>\t\t\t\t<\/div>\n\t\t\t\t<\/div>\n\t\t\t\t<\/div>\n\t\t<div class=\"elementor-element elementor-element-19c452d e-con-full e-flex e-con e-child\" data-id=\"19c452d\" data-element_type=\"container\" data-e-type=\"container\">\n\t\t\t\t<div class=\"elementor-element elementor-element-8521fbf elementor-widget elementor-widget-pls-infobox\" data-id=\"8521fbf\" data-element_type=\"widget\" data-e-type=\"widget\" data-widget_type=\"pls-infobox.default\">\n\t\t\t\t<div class=\"elementor-widget-container\">\n\t\t\t\t\t<div id=\"pls-info-box-62631\" class=\"pls-element pls-info-box icon-effect-none icon-simple icon-top color-scheme-inherit hover-color-scheme-inherit text-center\">\n\t<div class=\"info-box-wrap\"  >\n\t\t<div class=\"box-icon-wrap\">\n\t\t\t\t\t\t\t<div class=\"info-box-icon\"><img decoding=\"async\" src=\"https:\/\/omoriwifi.com\/wp-content\/uploads\/2025\/03\/icons8-credit-card-60.png\" alt=\"No Credit Card Needed\"\/><\/div>\n\t\t\t\t\t<\/div>\n\t\t<div class=\"info-box-content\">\n\t\t\t\t\t\t\t\t\t\t<div class=\"info-box-title mb\" >\t\t\t\t\n\t\t\t\t\t<h4>Aucune carte de cr\u00e9dit n\u00e9cessaire<\/h4>\t\t\t\t\t\n\t\t\t\t<\/div>\n\t\t\t\t\t\t\t\t\t\t<div class=\"info-box-description mb\">\n\t\t\t\t\t<p>Options de paiement simplifi\u00e9es : payez en esp\u00e8ces (virement bancaire) ou par carte de cr\u00e9dit, pas besoin de cartes de cr\u00e9dit ni de longues proc\u00e9dures.\n<\/p>\n\t\t\t\t<\/div>\n\t\t\t\t\t<\/div>\n\t<\/div>\n<\/div>\t\t\t\t<\/div>\n\t\t\t\t<\/div>\n\t\t\t\t<\/div>\n\t\t<div class=\"elementor-element elementor-element-8778c43 e-con-full e-flex e-con e-child\" data-id=\"8778c43\" data-element_type=\"container\" data-e-type=\"container\">\n\t\t\t\t<div class=\"elementor-element elementor-element-f20e0de elementor-widget elementor-widget-pls-infobox\" data-id=\"f20e0de\" data-element_type=\"widget\" data-e-type=\"widget\" data-widget_type=\"pls-infobox.default\">\n\t\t\t\t<div class=\"elementor-widget-container\">\n\t\t\t\t\t<div id=\"pls-info-box-58019\" class=\"pls-element pls-info-box icon-effect-none icon-simple icon-top color-scheme-inherit hover-color-scheme-inherit text-center\">\n\t<div class=\"info-box-wrap\"  >\n\t\t<div class=\"box-icon-wrap\">\n\t\t\t\t\t\t\t<div class=\"info-box-icon\"><img decoding=\"async\" src=\"https:\/\/omoriwifi.com\/wp-content\/uploads\/2025\/03\/icons8-synchronize-60-1.png\" alt=\"No Hassles, Just Easy Connectivity\"\/><\/div>\n\t\t\t\t\t<\/div>\n\t\t<div class=\"info-box-content\">\n\t\t\t\t\t\t\t\t\t\t<div class=\"info-box-title mb\" >\t\t\t\t\n\t\t\t\t\t<h4>Pas de soucis, juste une connectivit\u00e9 facile<\/h4>\t\t\t\t\t\n\t\t\t\t<\/div>\n\t\t\t\t\t\t\t\t\t\t<div class=\"info-box-description mb\">\n\t\t\t\t\t<p>\u00c9vitez les magasins, les longs formulaires et les v\u00e9rifications de cr\u00e9dit : postulez en ligne et connectez-vous en quelques minutes.<\/p>\n\t\t\t\t<\/div>\n\t\t\t\t\t<\/div>\n\t<\/div>\n<\/div>\t\t\t\t<\/div>\n\t\t\t\t<\/div>\n\t\t\t\t<\/div>\n\t\t<div class=\"elementor-element elementor-element-396bf69 e-con-full e-flex e-con e-child\" data-id=\"396bf69\" data-element_type=\"container\" data-e-type=\"container\">\n\t\t\t\t<div class=\"elementor-element elementor-element-3172a7f elementor-widget elementor-widget-pls-infobox\" data-id=\"3172a7f\" data-element_type=\"widget\" data-e-type=\"widget\" data-widget_type=\"pls-infobox.default\">\n\t\t\t\t<div class=\"elementor-widget-container\">\n\t\t\t\t\t<div id=\"pls-info-box-44535\" class=\"pls-element pls-info-box icon-effect-none icon-simple icon-top color-scheme-inherit hover-color-scheme-inherit text-center\">\n\t<div class=\"info-box-wrap\"  >\n\t\t<div class=\"box-icon-wrap\">\n\t\t\t\t\t\t\t<div class=\"info-box-icon\"><img decoding=\"async\" src=\"https:\/\/omoriwifi.com\/wp-content\/uploads\/2025\/03\/icons8-radio-tower-60.png\" alt=\"Major Network Coverage\"\/><\/div>\n\t\t\t\t\t<\/div>\n\t\t<div class=\"info-box-content\">\n\t\t\t\t\t\t\t\t\t\t<div class=\"info-box-title mb\" >\t\t\t\t\n\t\t\t\t\t<h4>Couverture du r\u00e9seau majeur<\/h4>\t\t\t\t\t\n\t\t\t\t<\/div>\n\t\t\t\t\t\t\t\t\t\t<div class=\"info-box-description mb\">\n\t\t\t\t\t<p>Restez connect\u00e9 avec les meilleurs op\u00e9rateurs comme NTT Docomo, SoftBank et AU (KDDI), vous offrant un service fiable dans tout le Japon.<\/p>\n\t\t\t\t<\/div>\n\t\t\t\t\t<\/div>\n\t<\/div>\n<\/div>\t\t\t\t<\/div>\n\t\t\t\t<\/div>\n\t\t\t\t<\/div>\n\t\t\t\t\t<\/div>\n\t\t\t\t<\/div>\n\t\t\t\t<\/div>","protected":false},"excerpt":{"rendered":"<p>Seamless Connectivity in Japan \u2013 Easy, Reliable, and Hassle-Free We make staying connected in Japan simple and hassle-free. Whether you\u2019re visiting for a short trip or planning a long stay,<\/p>","protected":false},"author":2,"featured_media":0,"parent":0,"menu_order":0,"comment_status":"closed","ping_status":"closed","template":"","meta":{"footnotes":""},"class_list":["post-38","page","type-page","status-publish","hentry"],"yoast_head":"<!-- This site is optimized with the Yoast SEO plugin v27.2 - https:\/\/yoast.com\/product\/yoast-seo-wordpress\/ -->\n<title>About Us - Omori WIFI<\/title>\n<meta name=\"description\" content=\"Learn more about our mission to provide affordable, hassle-free connectivity in Japan. From short-term SIMs to unlimited home and pocket WiFi, we offer fast, reliable internet with no contracts or credit checks\u2014just seamless service!\" \/>\n<meta name=\"robots\" content=\"index, follow, max-snippet:-1, max-image-preview:large, max-video-preview:-1\" \/>\n<link rel=\"canonical\" href=\"https:\/\/omoriwifi.com\/fr\/about-us\/\" \/>\n<meta property=\"og:locale\" content=\"fr_FR\" \/>\n<meta property=\"og:type\" content=\"article\" \/>\n<meta property=\"og:title\" content=\"About Us - Omori WIFI\" \/>\n<meta property=\"og:description\" content=\"Learn more about our mission to provide affordable, hassle-free connectivity in Japan. From short-term SIMs to unlimited home and pocket WiFi, we offer fast, reliable internet with no contracts or credit checks\u2014just seamless service!\" \/>\n<meta property=\"og:url\" content=\"https:\/\/omoriwifi.com\/fr\/about-us\/\" \/>\n<meta property=\"og:site_name\" content=\"Omori WIFI\" \/>\n<meta property=\"article:modified_time\" content=\"2025-03-30T00:17:41+00:00\" \/>\n<meta property=\"og:image\" content=\"https:\/\/peachpuff-dugong-919786.hostingersite.com\/wp-content\/uploads\/2025\/03\/Untitled-design-2025-03-27T014152.325.png\" \/>\n<meta name=\"twitter:card\" content=\"summary_large_image\" \/>\n<meta name=\"twitter:label1\" content=\"Dur\u00e9e de lecture estim\u00e9e\" \/>\n\t<meta name=\"twitter:data1\" content=\"3 minutes\" \/>\n<script type=\"application\/ld+json\" class=\"yoast-schema-graph\">{\"@context\":\"https:\/\/schema.org\",\"@graph\":[{\"@type\":\"WebPage\",\"@id\":\"https:\/\/omoriwifi.com\/zh_tw\/about-us\/\",\"url\":\"https:\/\/omoriwifi.com\/zh_tw\/about-us\/\",\"name\":\"About Us - Omori WIFI\",\"isPartOf\":{\"@id\":\"https:\/\/omoriwifi.com\/ja\/#website\"},\"primaryImageOfPage\":{\"@id\":\"https:\/\/omoriwifi.com\/zh_tw\/about-us\/#primaryimage\"},\"image\":{\"@id\":\"https:\/\/omoriwifi.com\/zh_tw\/about-us\/#primaryimage\"},\"thumbnailUrl\":\"https:\/\/peachpuff-dugong-919786.hostingersite.com\/wp-content\/uploads\/2025\/03\/Untitled-design-2025-03-27T014152.325.png\",\"datePublished\":\"2024-04-17T07:15:52+00:00\",\"dateModified\":\"2025-03-30T00:17:41+00:00\",\"description\":\"Learn more about our mission to provide affordable, hassle-free connectivity in Japan. From short-term SIMs to unlimited home and pocket WiFi, we offer fast, reliable internet with no contracts or credit checks\u2014just seamless service!\",\"breadcrumb\":{\"@id\":\"https:\/\/omoriwifi.com\/zh_tw\/about-us\/#breadcrumb\"},\"inLanguage\":\"fr-FR\",\"potentialAction\":[{\"@type\":\"ReadAction\",\"target\":[\"https:\/\/omoriwifi.com\/zh_tw\/about-us\/\"]}]},{\"@type\":\"ImageObject\",\"inLanguage\":\"fr-FR\",\"@id\":\"https:\/\/omoriwifi.com\/zh_tw\/about-us\/#primaryimage\",\"url\":\"https:\/\/peachpuff-dugong-919786.hostingersite.com\/wp-content\/uploads\/2025\/03\/Untitled-design-2025-03-27T014152.325.png\",\"contentUrl\":\"https:\/\/peachpuff-dugong-919786.hostingersite.com\/wp-content\/uploads\/2025\/03\/Untitled-design-2025-03-27T014152.325.png\"},{\"@type\":\"BreadcrumbList\",\"@id\":\"https:\/\/omoriwifi.com\/zh_tw\/about-us\/#breadcrumb\",\"itemListElement\":[{\"@type\":\"ListItem\",\"position\":1,\"name\":\"Home\",\"item\":\"https:\/\/omoriwifi.com\/ja\/\"},{\"@type\":\"ListItem\",\"position\":2,\"name\":\"About Us\"}]},{\"@type\":\"WebSite\",\"@id\":\"https:\/\/omoriwifi.com\/ja\/#website\",\"url\":\"https:\/\/omoriwifi.com\/ja\/\",\"name\":\"Omori WiFi\",\"description\":\"My WordPress Blog\",\"potentialAction\":[{\"@type\":\"SearchAction\",\"target\":{\"@type\":\"EntryPoint\",\"urlTemplate\":\"https:\/\/omoriwifi.com\/ja\/?s={search_term_string}\"},\"query-input\":{\"@type\":\"PropertyValueSpecification\",\"valueRequired\":true,\"valueName\":\"search_term_string\"}}],\"inLanguage\":\"fr-FR\"}]}<\/script>\n<!-- \/ Yoast SEO plugin. -->","yoast_head_json":{"title":"About Us - Omori WIFI","description":"Learn more about our mission to provide affordable, hassle-free connectivity in Japan. From short-term SIMs to unlimited home and pocket WiFi, we offer fast, reliable internet with no contracts or credit checks\u2014just seamless service!","robots":{"index":"index","follow":"follow","max-snippet":"max-snippet:-1","max-image-preview":"max-image-preview:large","max-video-preview":"max-video-preview:-1"},"canonical":"https:\/\/omoriwifi.com\/fr\/about-us\/","og_locale":"fr_FR","og_type":"article","og_title":"About Us - Omori WIFI","og_description":"Learn more about our mission to provide affordable, hassle-free connectivity in Japan. From short-term SIMs to unlimited home and pocket WiFi, we offer fast, reliable internet with no contracts or credit checks\u2014just seamless service!","og_url":"https:\/\/omoriwifi.com\/fr\/about-us\/","og_site_name":"Omori WIFI","article_modified_time":"2025-03-30T00:17:41+00:00","og_image":[{"url":"https:\/\/peachpuff-dugong-919786.hostingersite.com\/wp-content\/uploads\/2025\/03\/Untitled-design-2025-03-27T014152.325.png","type":"","width":"","height":""}],"twitter_card":"summary_large_image","twitter_misc":{"Dur\u00e9e de lecture estim\u00e9e":"3 minutes"},"schema":{"@context":"https:\/\/schema.org","@graph":[{"@type":"WebPage","@id":"https:\/\/omoriwifi.com\/zh_tw\/about-us\/","url":"https:\/\/omoriwifi.com\/zh_tw\/about-us\/","name":"About Us - Omori WIFI","isPartOf":{"@id":"https:\/\/omoriwifi.com\/ja\/#website"},"primaryImageOfPage":{"@id":"https:\/\/omoriwifi.com\/zh_tw\/about-us\/#primaryimage"},"image":{"@id":"https:\/\/omoriwifi.com\/zh_tw\/about-us\/#primaryimage"},"thumbnailUrl":"https:\/\/peachpuff-dugong-919786.hostingersite.com\/wp-content\/uploads\/2025\/03\/Untitled-design-2025-03-27T014152.325.png","datePublished":"2024-04-17T07:15:52+00:00","dateModified":"2025-03-30T00:17:41+00:00","description":"Learn more about our mission to provide affordable, hassle-free connectivity in Japan. From short-term SIMs to unlimited home and pocket WiFi, we offer fast, reliable internet with no contracts or credit checks\u2014just seamless service!","breadcrumb":{"@id":"https:\/\/omoriwifi.com\/zh_tw\/about-us\/#breadcrumb"},"inLanguage":"fr-FR","potentialAction":[{"@type":"ReadAction","target":["https:\/\/omoriwifi.com\/zh_tw\/about-us\/"]}]},{"@type":"ImageObject","inLanguage":"fr-FR","@id":"https:\/\/omoriwifi.com\/zh_tw\/about-us\/#primaryimage","url":"https:\/\/peachpuff-dugong-919786.hostingersite.com\/wp-content\/uploads\/2025\/03\/Untitled-design-2025-03-27T014152.325.png","contentUrl":"https:\/\/peachpuff-dugong-919786.hostingersite.com\/wp-content\/uploads\/2025\/03\/Untitled-design-2025-03-27T014152.325.png"},{"@type":"BreadcrumbList","@id":"https:\/\/omoriwifi.com\/zh_tw\/about-us\/#breadcrumb","itemListElement":[{"@type":"ListItem","position":1,"name":"Home","item":"https:\/\/omoriwifi.com\/ja\/"},{"@type":"ListItem","position":2,"name":"About Us"}]},{"@type":"WebSite","@id":"https:\/\/omoriwifi.com\/ja\/#website","url":"https:\/\/omoriwifi.com\/ja\/","name":"Wi-Fi Omori","description":"Mon blog WordPress","potentialAction":[{"@type":"SearchAction","target":{"@type":"EntryPoint","urlTemplate":"https:\/\/omoriwifi.com\/ja\/?s={search_term_string}"},"query-input":{"@type":"PropertyValueSpecification","valueRequired":true,"valueName":"search_term_string"}}],"inLanguage":"fr-FR"}]}},"_links":{"self":[{"href":"https:\/\/omoriwifi.com\/fr\/wp-json\/wp\/v2\/pages\/38","targetHints":{"allow":["GET"]}}],"collection":[{"href":"https:\/\/omoriwifi.com\/fr\/wp-json\/wp\/v2\/pages"}],"about":[{"href":"https:\/\/omoriwifi.com\/fr\/wp-json\/wp\/v2\/types\/page"}],"author":[{"embeddable":true,"href":"https:\/\/omoriwifi.com\/fr\/wp-json\/wp\/v2\/users\/2"}],"replies":[{"embeddable":true,"href":"https:\/\/omoriwifi.com\/fr\/wp-json\/wp\/v2\/comments?post=38"}],"version-history":[{"count":12,"href":"https:\/\/omoriwifi.com\/fr\/wp-json\/wp\/v2\/pages\/38\/revisions"}],"predecessor-version":[{"id":20687,"href":"https:\/\/omoriwifi.com\/fr\/wp-json\/wp\/v2\/pages\/38\/revisions\/20687"}],"wp:attachment":[{"href":"https:\/\/omoriwifi.com\/fr\/wp-json\/wp\/v2\/media?parent=38"}],"curies":[{"name":"wp","href":"https:\/\/api.w.org\/{rel}","templated":true}]}}