{"id":1849,"date":"2025-03-27T00:32:40","date_gmt":"2025-03-27T00:32:40","guid":{"rendered":"https:\/\/ici9b6skyk.onrocket.site\/?post_type=product&#038;p=1849"},"modified":"2025-03-27T00:53:33","modified_gmt":"2025-03-27T00:53:33","slug":"soft-bank-100gb-sim-plan","status":"publish","type":"product","link":"https:\/\/omoriwifi.com\/fr\/produit\/soft-bank-100gb-sim-plan\/","title":{"rendered":"Forfait SIM Soft Bank 100 Go"},"content":{"rendered":"<div class=\"flex max-w-full flex-col flex-grow\">\n<div class=\"min-h-8 text-message flex w-full flex-col items-end gap-2 whitespace-normal break-words text-start [.text-message+&amp;]:mt-5\" dir=\"auto\" data-message-author-role=\"assistant\" data-message-id=\"45f0f3cc-89c5-4f9e-8d5d-fc396bdcb9e0\" data-message-model-slug=\"gpt-4o\">\n<div class=\"flex w-full flex-col gap-1 empty:hidden first:pt-[3px]\">\n<div class=\"markdown prose w-full break-words dark:prose-invert light\">\n<p>The SoftBank 100GB SIM keeps you online with blazing-fast 4G LTE\/5G, ensuring seamless browsing, streaming, and gaming across Japan. With wide coverage and easy activation, it\u2019s perfect for those living, working, or studying in Japan. Enjoy reliable internet without contracts or hidden fees \u2013 just insert and go!<\/p>\n<p>&nbsp;<\/p>\n<p>\u2714 <strong>100GB Monthly Data<\/strong> \u2013 Stay connected with ample data for streaming, gaming, and working.<br \/>\n\u2714 <strong>SoftBank 4G LTE\/5G Network<\/strong> \u2013 Enjoy fast, stable internet on one of Japan\u2019s largest networks.<br \/>\n\u2714 <strong>Wide Coverage<\/strong> \u2013 Experience reliable connectivity across cities, towns, and rural areas.<br \/>\n\u2714 <strong>Easy Activation<\/strong> \u2013 No complex setup \u2013 simply insert and start using.<br \/>\n\u2714 <strong>Flexible Delivery Options<\/strong> \u2013 Choose free shipping.<br \/>\n\u2714 <strong>Tethering\/Hotspot Support<\/strong> \u2013 Share your connection across multiple devices with ease.<br \/>\n\u2714 <strong>Perfect for Long-Term Use<\/strong> \u2013 6-month contract with flexible payment options.<\/p>\n<p>&nbsp;<\/p>\n<p>Stay connected anywhere in Japan with no hassle and uninterrupted data access!<\/p>\n<\/div>\n<\/div>\n<\/div>\n<\/div>\n","protected":false},"excerpt":{"rendered":"<p>B\u00e9n\u00e9ficiez d&#039;un acc\u00e8s Internet 4G LTE\/5G haut d\u00e9bit et sans interruption dans tout le Japon gr\u00e2ce au r\u00e9seau fiable de SoftBank. Id\u00e9al pour les s\u00e9jours de longue dur\u00e9e, le travail \u00e0 distance ou les \u00e9tudes.<\/p>\n<ul>\n<li><strong>100 Go\/mois<\/strong> \u2013 Donn\u00e9es suffisantes pour le streaming, les jeux et le travail \u00e0 distance.<\/li>\n<li><strong>4G LTE\/5G rapide<\/strong>\u2013 R\u00e9seau SoftBank fiable et \u00e0 haut d\u00e9bit.<\/li>\n<li><strong>Activation facile<\/strong> \u2013 Plug and play, aucune configuration complexe.<\/li>\n<li><strong>Pas de frais cach\u00e9s<\/strong> \u2013 Plan simple et transparent.<\/li>\n<li><strong>Paiements flexibles<\/strong> \u2013 Payez d\u2019avance ou choisissez des versements mensuels.<\/li>\n<li><strong>Livraison gratuite<\/strong>\u00a0\u2013 Livr\u00e9 \u00e0 votre adresse avec soin.<\/li>\n<\/ul>\n<p>&nbsp;<\/p>\n<table id=\"tablepress-1\" class=\"tablepress tablepress-id-1\">\n<thead>\n<tr class=\"row-1\">\n<th class=\"column-1\">Article<\/th>\n<th class=\"column-2\">Montant (JPY)<\/th>\n<\/tr>\n<\/thead>\n<tbody class=\"row-striping row-hover\">\n<tr class=\"row-2\">\n<td class=\"column-1\">Frais mensuels r\u00e9duits<\/td>\n<td class=\"column-2\">6 482 \u00a5<\/td>\n<\/tr>\n<tr class=\"row-3\">\n<td class=\"column-1\">Frais de d\u00e9p\u00f4t<\/td>\n<td class=\"column-2\">11 164 \u00a5<\/td>\n<\/tr>\n<tr class=\"row-4\">\n<td class=\"column-1\">Frais d&#039;inscription\/d&#039;installation<\/td>\n<td class=\"column-2\">0 \u00a5<\/td>\n<\/tr>\n<tr class=\"row-5\">\n<td class=\"column-1\">Total pour 6 mois<\/td>\n<td class=\"column-2\">50 056 \u00a5<\/td>\n<\/tr>\n<\/tbody>\n<\/table>\n<p><!-- #tablepress-1 from cache --><\/p>\n<div><\/div>","protected":false},"featured_media":1992,"template":"","meta":[],"product_brand":[],"product_cat":[125],"product_tag":[141,142],"class_list":{"0":"post-1849","1":"product","2":"type-product","3":"status-publish","4":"has-post-thumbnail","6":"product_cat-long-term-sims","7":"product_tag-long-sim","8":"product_tag-monthly","10":"first","11":"instock","12":"sale","13":"taxable","14":"shipping-taxable","15":"purchasable","16":"product-type-simple"},"yoast_head":"<!-- This site is optimized with the Yoast SEO plugin v27.2 - https:\/\/yoast.com\/product\/yoast-seo-wordpress\/ -->\n<title>Soft Bank 100GB SIM Plan - Omori WIFI<\/title>\n<meta name=\"robots\" content=\"index, follow, max-snippet:-1, max-image-preview:large, max-video-preview:-1\" \/>\n<link rel=\"canonical\" href=\"https:\/\/omoriwifi.com\/fr\/produit\/soft-bank-100gb-sim-plan\/\" \/>\n<meta property=\"og:locale\" content=\"fr_FR\" \/>\n<meta property=\"og:type\" content=\"article\" \/>\n<meta property=\"og:title\" content=\"Soft Bank 100GB SIM Plan - Omori WIFI\" \/>\n<meta property=\"og:description\" content=\"Enjoy uninterrupted, high-speed 4G LTE\/5G internet across Japan with SoftBank\u2019s reliable network. Perfect for long-term stays, remote work, or study.   100GB\/Month \u2013 Ample data for streaming, gaming, and remote work.  Fast 4G LTE\/5G\u2013 Reliable, high-speed SoftBank network.  Easy Activation \u2013 Plug and play, no complex setup.  No Hidden Fees \u2013 Simple, transparent plan.  Flexible Payments \u2013 Pay upfront or choose monthly installments.  Free Shipping\u00a0\u2013 Delivered to your address carefully.  &nbsp;\" \/>\n<meta property=\"og:url\" content=\"https:\/\/omoriwifi.com\/fr\/produit\/soft-bank-100gb-sim-plan\/\" \/>\n<meta property=\"og:site_name\" content=\"Omori WIFI\" \/>\n<meta property=\"article:modified_time\" content=\"2025-03-27T00:53:33+00:00\" \/>\n<meta property=\"og:image\" content=\"https:\/\/omoriwifi.com\/wp-content\/uploads\/2025\/03\/Untitled-design-76.png\" \/>\n\t<meta property=\"og:image:width\" content=\"2000\" \/>\n\t<meta property=\"og:image:height\" content=\"2000\" \/>\n\t<meta property=\"og:image:type\" content=\"image\/png\" \/>\n<meta name=\"twitter:card\" content=\"summary_large_image\" \/>\n<meta name=\"twitter:label1\" content=\"Dur\u00e9e de lecture estim\u00e9e\" \/>\n\t<meta name=\"twitter:data1\" content=\"1 minute\" \/>\n<script type=\"application\/ld+json\" class=\"yoast-schema-graph\">{\"@context\":\"https:\/\/schema.org\",\"@graph\":[{\"@type\":\"WebPage\",\"@id\":\"https:\/\/omoriwifi.com\/th\/product\/soft-bank-100gb-sim-plan\/\",\"url\":\"https:\/\/omoriwifi.com\/th\/product\/soft-bank-100gb-sim-plan\/\",\"name\":\"Soft Bank 100GB SIM Plan - Omori WIFI\",\"isPartOf\":{\"@id\":\"https:\/\/omoriwifi.com\/ja\/#website\"},\"primaryImageOfPage\":{\"@id\":\"https:\/\/omoriwifi.com\/th\/product\/soft-bank-100gb-sim-plan\/#primaryimage\"},\"image\":{\"@id\":\"https:\/\/omoriwifi.com\/th\/product\/soft-bank-100gb-sim-plan\/#primaryimage\"},\"thumbnailUrl\":\"https:\/\/omoriwifi.com\/wp-content\/uploads\/2025\/03\/Untitled-design-76.png\",\"datePublished\":\"2025-03-27T00:32:40+00:00\",\"dateModified\":\"2025-03-27T00:53:33+00:00\",\"breadcrumb\":{\"@id\":\"https:\/\/omoriwifi.com\/th\/product\/soft-bank-100gb-sim-plan\/#breadcrumb\"},\"inLanguage\":\"fr-FR\",\"potentialAction\":[{\"@type\":\"ReadAction\",\"target\":[\"https:\/\/omoriwifi.com\/th\/product\/soft-bank-100gb-sim-plan\/\"]}]},{\"@type\":\"ImageObject\",\"inLanguage\":\"fr-FR\",\"@id\":\"https:\/\/omoriwifi.com\/th\/product\/soft-bank-100gb-sim-plan\/#primaryimage\",\"url\":\"https:\/\/omoriwifi.com\/wp-content\/uploads\/2025\/03\/Untitled-design-76.png\",\"contentUrl\":\"https:\/\/omoriwifi.com\/wp-content\/uploads\/2025\/03\/Untitled-design-76.png\",\"width\":2000,\"height\":2000},{\"@type\":\"BreadcrumbList\",\"@id\":\"https:\/\/omoriwifi.com\/th\/product\/soft-bank-100gb-sim-plan\/#breadcrumb\",\"itemListElement\":[{\"@type\":\"ListItem\",\"position\":1,\"name\":\"Home\",\"item\":\"https:\/\/omoriwifi.com\/ja\/\"},{\"@type\":\"ListItem\",\"position\":2,\"name\":\"\u5546\u54c1\",\"item\":\"https:\/\/omoriwifi.com\/ja\/shop\/\"},{\"@type\":\"ListItem\",\"position\":3,\"name\":\"Soft Bank 100GB SIM Plan\"}]},{\"@type\":\"WebSite\",\"@id\":\"https:\/\/omoriwifi.com\/ja\/#website\",\"url\":\"https:\/\/omoriwifi.com\/ja\/\",\"name\":\"Omori WiFi\",\"description\":\"My WordPress Blog\",\"potentialAction\":[{\"@type\":\"SearchAction\",\"target\":{\"@type\":\"EntryPoint\",\"urlTemplate\":\"https:\/\/omoriwifi.com\/ja\/?s={search_term_string}\"},\"query-input\":{\"@type\":\"PropertyValueSpecification\",\"valueRequired\":true,\"valueName\":\"search_term_string\"}}],\"inLanguage\":\"fr-FR\"}]}<\/script>\n<!-- \/ Yoast SEO plugin. -->","yoast_head_json":{"title":"Soft Bank 100GB SIM Plan - Omori WIFI","robots":{"index":"index","follow":"follow","max-snippet":"max-snippet:-1","max-image-preview":"max-image-preview:large","max-video-preview":"max-video-preview:-1"},"canonical":"https:\/\/omoriwifi.com\/fr\/produit\/soft-bank-100gb-sim-plan\/","og_locale":"fr_FR","og_type":"article","og_title":"Soft Bank 100GB SIM Plan - Omori WIFI","og_description":"Enjoy uninterrupted, high-speed 4G LTE\/5G internet across Japan with SoftBank\u2019s reliable network. Perfect for long-term stays, remote work, or study.   100GB\/Month \u2013 Ample data for streaming, gaming, and remote work.  Fast 4G LTE\/5G\u2013 Reliable, high-speed SoftBank network.  Easy Activation \u2013 Plug and play, no complex setup.  No Hidden Fees \u2013 Simple, transparent plan.  Flexible Payments \u2013 Pay upfront or choose monthly installments.  Free Shipping\u00a0\u2013 Delivered to your address carefully.  &nbsp;","og_url":"https:\/\/omoriwifi.com\/fr\/produit\/soft-bank-100gb-sim-plan\/","og_site_name":"Omori WIFI","article_modified_time":"2025-03-27T00:53:33+00:00","og_image":[{"width":2000,"height":2000,"url":"https:\/\/omoriwifi.com\/wp-content\/uploads\/2025\/03\/Untitled-design-76.png","type":"image\/png"}],"twitter_card":"summary_large_image","twitter_misc":{"Dur\u00e9e de lecture estim\u00e9e":"1 minute"},"schema":{"@context":"https:\/\/schema.org","@graph":[{"@type":"WebPage","@id":"https:\/\/omoriwifi.com\/th\/product\/soft-bank-100gb-sim-plan\/","url":"https:\/\/omoriwifi.com\/th\/product\/soft-bank-100gb-sim-plan\/","name":"Soft Bank 100GB SIM Plan - Omori WIFI","isPartOf":{"@id":"https:\/\/omoriwifi.com\/ja\/#website"},"primaryImageOfPage":{"@id":"https:\/\/omoriwifi.com\/th\/product\/soft-bank-100gb-sim-plan\/#primaryimage"},"image":{"@id":"https:\/\/omoriwifi.com\/th\/product\/soft-bank-100gb-sim-plan\/#primaryimage"},"thumbnailUrl":"https:\/\/omoriwifi.com\/wp-content\/uploads\/2025\/03\/Untitled-design-76.png","datePublished":"2025-03-27T00:32:40+00:00","dateModified":"2025-03-27T00:53:33+00:00","breadcrumb":{"@id":"https:\/\/omoriwifi.com\/th\/product\/soft-bank-100gb-sim-plan\/#breadcrumb"},"inLanguage":"fr-FR","potentialAction":[{"@type":"ReadAction","target":["https:\/\/omoriwifi.com\/th\/product\/soft-bank-100gb-sim-plan\/"]}]},{"@type":"ImageObject","inLanguage":"fr-FR","@id":"https:\/\/omoriwifi.com\/th\/product\/soft-bank-100gb-sim-plan\/#primaryimage","url":"https:\/\/omoriwifi.com\/wp-content\/uploads\/2025\/03\/Untitled-design-76.png","contentUrl":"https:\/\/omoriwifi.com\/wp-content\/uploads\/2025\/03\/Untitled-design-76.png","width":2000,"height":2000},{"@type":"BreadcrumbList","@id":"https:\/\/omoriwifi.com\/th\/product\/soft-bank-100gb-sim-plan\/#breadcrumb","itemListElement":[{"@type":"ListItem","position":1,"name":"Home","item":"https:\/\/omoriwifi.com\/ja\/"},{"@type":"ListItem","position":2,"name":"\u5546\u54c1","item":"https:\/\/omoriwifi.com\/ja\/shop\/"},{"@type":"ListItem","position":3,"name":"Soft Bank 100GB SIM Plan"}]},{"@type":"WebSite","@id":"https:\/\/omoriwifi.com\/ja\/#website","url":"https:\/\/omoriwifi.com\/ja\/","name":"Wi-Fi Omori","description":"Mon blog WordPress","potentialAction":[{"@type":"SearchAction","target":{"@type":"EntryPoint","urlTemplate":"https:\/\/omoriwifi.com\/ja\/?s={search_term_string}"},"query-input":{"@type":"PropertyValueSpecification","valueRequired":true,"valueName":"search_term_string"}}],"inLanguage":"fr-FR"}]}},"_links":{"self":[{"href":"https:\/\/omoriwifi.com\/fr\/wp-json\/wp\/v2\/product\/1849","targetHints":{"allow":["GET"]}}],"collection":[{"href":"https:\/\/omoriwifi.com\/fr\/wp-json\/wp\/v2\/product"}],"about":[{"href":"https:\/\/omoriwifi.com\/fr\/wp-json\/wp\/v2\/types\/product"}],"version-history":[{"count":1,"href":"https:\/\/omoriwifi.com\/fr\/wp-json\/wp\/v2\/product\/1849\/revisions"}],"predecessor-version":[{"id":1993,"href":"https:\/\/omoriwifi.com\/fr\/wp-json\/wp\/v2\/product\/1849\/revisions\/1993"}],"wp:featuredmedia":[{"embeddable":true,"href":"https:\/\/omoriwifi.com\/fr\/wp-json\/wp\/v2\/media\/1992"}],"wp:attachment":[{"href":"https:\/\/omoriwifi.com\/fr\/wp-json\/wp\/v2\/media?parent=1849"}],"wp:term":[{"taxonomy":"product_brand","embeddable":true,"href":"https:\/\/omoriwifi.com\/fr\/wp-json\/wp\/v2\/product_brand?post=1849"},{"taxonomy":"product_cat","embeddable":true,"href":"https:\/\/omoriwifi.com\/fr\/wp-json\/wp\/v2\/product_cat?post=1849"},{"taxonomy":"product_tag","embeddable":true,"href":"https:\/\/omoriwifi.com\/fr\/wp-json\/wp\/v2\/product_tag?post=1849"}],"curies":[{"name":"wp","href":"https:\/\/api.w.org\/{rel}","templated":true}]}}