{"id":24908,"date":"2025-03-25T17:10:57","date_gmt":"2025-03-25T17:10:57","guid":{"rendered":"https:\/\/peachpuff-dugong-919786.hostingersite.com\/chinh-sach-bao-mat\/"},"modified":"2025-03-25T17:10:57","modified_gmt":"2025-03-25T17:10:57","slug":"chinh-sach-bao-mat","status":"publish","type":"page","link":"https:\/\/omoriwifi.com\/id\/chinh-sach-bao-mat\/","title":{"rendered":"Ch\u00ednh s\u00e1ch b\u1ea3o m\u1eadt"},"content":{"rendered":"<h3 class=\"wp-block-heading\"><strong>Ng\u00e0y c\u00f3 hi\u1ec7u l\u1ef1c<\/strong> : 20 th\u00e1ng 4 n\u0103m 2025<\/h3>\n\n\n\n<p>T\u1ea1i <strong>SIM-OMORI-MART<\/strong> , \u0111\u01b0\u1ee3c \u0111i\u1ec1u h\u00e0nh b\u1edfi&nbsp;<strong>COMFYS JEPANG LLC<\/strong> , ch\u00fang t\u00f4i cam k\u1ebft b\u1ea3o v\u1ec7 quy\u1ec1n ri\u00eang t\u01b0 c\u1ee7a b\u1ea1n dan \u0111\u1ea3m b\u1ea3o an to\u00e0n cho th\u00f4ng can\u00e1 nh\u00e2n c\u1ee7a b\u1ea1n. Ch\u00ednh s\u00e1ch b\u1ea3o m\u1eadt n\u00e0y n\u00eau r\u00f5 c\u00e1ch ch\u00fang t\u00f4i thu th\u1eadp, s\u1eed d\u1ee5ng, ti\u1ebft l\u1ed9 dan b\u1ea3o v\u1ec7 th\u00f4ng tin c\u1ee7a b\u1ea1n khi b\u1ea1n truy c\u1eadp ho\u1eb7c mua gantung di web lain. Membuat cache dari web dan melakukan panggilan, Anda dapat melakukannya melalui email di Ch\u00ednh s\u00e1ch b\u1ea3o tidak, tidak.  <\/p>\n\n\n\n<h4 class=\"wp-block-heading\">&nbsp;<\/h4>\n\n\n\n<h4 class=\"wp-block-heading\"><strong>1. Barang-barang tersebut dapat dimasukkan ke dalam kantong<\/strong><\/h4>\n\n\n\n<p>Anda dapat melakukan hal yang sama dengan Anda dan melakukan hal yang sama dengan Anda. OMORI-MART. C\u00e1c lo\u1ea1i th\u00f4ng tin ch\u00fang t\u00f4i th\u1eadp bao g\u1ed3m: <\/p>\n\n\n\n<p>1.1 <strong>Th\u00f4ng tin c\u00e1 nh\u00e2n<\/strong> :<\/p>\n\n\n\n<ul class=\"wp-block-list\">\n<li>Sepuluh<\/li>\n\n\n\n<li>\u0110\u1ecba ch\u1ec9<\/li>\n\n\n\n<li>\u0110\u1ecba ch\u1ec9 Email<\/li>\n\n\n\n<li>S\u1ed1 \u0111i\u1ec7n tho\u1ea1i<\/li>\n\n\n\n<li>Th\u00f4ng tin thanh to\u00e1n (chi ti\u1ebft th\u1ebb t\u00edn d\u1ee5ng, chi ti\u1ebft chuy\u1ec3n kho\u1ea3n ng\u00e2n h\u00e0ng, vv)<\/li>\n\n\n\n<li>Ng\u00e0y sinh (\u0111\u1ec3 x\u00e1c minh \u0111\u1ed9 tu\u1ed5i u\u1ed1ng r\u01b0\u1ee3u h\u1ee3p ph\u00e1p)<\/li>\n<\/ul>\n\n\n\n<p>1.2 <strong>Th\u00f4ng tin phi c\u00e1 nh\u00e2n<\/strong> :<\/p>\n\n\n\n<ul class=\"wp-block-list\">\n<li>Lo\u1ea1i tr\u00ecnh duy\u1ec7t<\/li>\n\n\n\n<li>Th\u00f4ng tin thi\u1ebft b\u1ecb<\/li>\n\n\n\n<li>\u0110\u1ecba ch\u1ec9 IP<\/li>\n\n\n\n<li>D\u1eef li\u1ec7u s\u1eed d\u1ee5ng trang web (c\u00e1c trang \u0111\u00e3 truy c\u1eadp, th\u1eddi gian d\u00e0nh tr\u00ean trang, vv)<\/li>\n<\/ul>\n\n\n\n<h4 class=\"wp-block-heading\"><strong>2. Barang yang dapat digunakan dapat digunakan kembali<\/strong><\/h4>\n\n\n\n<p>Anda dapat melakukan ini dengan cara yang sama:<\/p>\n\n\n\n<p>2.1 <strong>X\u1eed l\u00fd \u0111\u01a1n h\u00e0ng<\/strong> :<\/p>\n\n\n\n<ul class=\"wp-block-list\">\n<li>\u0110\u1ec3 x\u1eed l\u00fd dan ho\u00e0n t\u1ea5t \u0111\u01a1n h\u00e0ng c\u1ee7a b\u1ea1n, bao g\u1ed3m c\u1ea3 vi\u1ec7c v\u1eadn chuy\u1ec3n dan x\u1eed l\u00fd thanh to\u00e1n.<\/li>\n\n\n\n<li>Jika Anda tidak dapat melakukannya, jangan lupa untuk mengirimkan email ke email Anda.<\/li>\n<\/ul>\n\n\n\n<p>2.2 <strong>D\u1ecbch v\u1ee5 kh\u00e1ch h\u00e0ng<\/strong> :<\/p>\n\n\n\n<ul class=\"wp-block-list\">\n<li>Jika Anda ingin melakukan hal ini, Anda tidak dapat melakukan apa pun.<\/li>\n\n\n\n<li>\u0110\u1ec3 th\u00f4ng b\u00e1o cho b\u1ea1n v\u1ec1 nh\u1eefng c\u1eadt ho\u1eb7c thay \u0111\u1ed5i trong \u0111\u01a1n h\u00e0ng c\u1ee7a b\u1ea1n.<\/li>\n<\/ul>\n\n\n\n<p>2.3 <strong>C\u00e1 nh\u00e2n h\u00f3a<\/strong> :<\/p>\n\n\n\n<ul class=\"wp-block-list\">\n<li>\u0110\u1ec3 c\u00e1 nh\u00e2n h\u00f3a tr\u1ea3i nghi\u1ec7m mua s\u1eafm c\u1ee7a b\u1ea1n b\u1eb1ng c\u00e1ch \u0111\u1ec1 xu\u1ea5t s\u1ea3n ph\u1ea9m d\u1ef1a tr\u00ean l\u1ecbch s\u1eed duy\u1ec7t web dan mua h\u00e0ng c\u1ee7a buruk.<\/li>\n\n\n\n<li>Anda dapat melakukan ini dan menggunakan layanan lain di web Anda.<\/li>\n<\/ul>\n\n\n\n<p>2.4 <strong>Ti\u1ebfp th\u1ecb v\u00e0 Qu\u1ea3ng c\u00e1o<\/strong> :<\/p>\n\n\n\n<ul class=\"wp-block-list\">\n<li>G\u1eedi cho b\u1ea1n c\u00e1c \u01b0u \u0111\u00e3i khuy\u1ebfn m\u1ea1i, gi\u1ea3m gi\u00e1 dan th\u00f4ng tin c\u1eadp nh\u1eadt v\u1ec1 s\u1ea3n ph\u1ea9m dan d\u1ecbch v\u1ee5 c\u1ee7a OMORI-MART (ch\u1ec9 khi b\u1ea1n ch\u1ecdn nh\u1eadn th\u00f4ng tin ti\u1ebfp th\u1ecb).<\/li>\n\n\n\n<li>Barang yang Anda perlukan untuk membayar tagihan dan tagihan Anda itu.<\/li>\n<\/ul>\n\n\n\n<p>2.5 <strong>Tu\u00e2n th\u1ee7 ph\u00e1p lu\u1eadt<\/strong> :<\/p>\n\n\n\n<ul class=\"wp-block-list\">\n<li>\u0110\u1ec3 tu\u00e2n th\u1ee7 c\u00e1c y\u00eau c\u1ea7u ph\u00e1p l\u00fd nh\u01b0 x\u00e1c minh \u0111\u1ed9 tu\u1ed5i u\u1ed1ng r\u01b0\u1ee3u h\u1ee3p ph\u00e1p \u0111\u1ec3 mua \u0111\u1ed3 u\u1ed1ng c\u00f3 c\u1ed3n.<\/li>\n<\/ul>\n\n\n\n<h4 class=\"wp-block-heading\">&nbsp;<\/h4>\n\n\n\n<h4 class=\"wp-block-heading\"><strong>3. Chia s\u1ebb th\u00f4ng tin<\/strong><\/h4>\n\n\n\n<p>Jika Anda ingin melakukan hal yang sama, Anda dapat melakukan hal yang sama. Namun, hal ini dapat dilakukan dengan: <\/p>\n\n\n\n<p>3.1 <strong>Nh\u00e0 cung c\u1ea5p d\u1ecbch v\u1ee5<\/strong> :<\/p>\n\n\n\n<ul class=\"wp-block-list\">\n<li>C\u00e1c c\u00f4ng ty b\u00ean th\u1ee9 ba h\u1ed7 tr\u1ee3 x\u1eed l\u00fd thanh to\u00e1n, v\u1eadn chuy\u1ec3n dan th\u1ef1c hi\u1ec7n \u0111\u01a1n h\u00e0ng.<\/li>\n\n\n\n<li>Tidak ada lagi yang bisa dilakukan, ph\u00e2n t\u00edch, dan th\u1ebfp th\u1ecb trang web.<\/li>\n<\/ul>\n\n\n\n<p>3.2 <strong>Tu\u00e2n th\u1ee7 ph\u00e1p lu\u1eadt<\/strong> :<\/p>\n\n\n\n<ul class=\"wp-block-list\">\n<li>Jika Anda tidak dapat melakukannya, Anda akan dapat melakukan hal tersebut dengan cara yang tidak dapat dilakukan oleh orang lain. v\u1ee5 ph\u00e1p l\u00fd, ng\u0103n ch\u1eb7n gian to ho\u1eb7c b\u1ea3o v\u1ec7 quy\u1ec1n c\u1ee7a OMORI-MART and kh\u00e1ch h\u00e0ng.<\/li>\n<\/ul>\n\n\n\n<h4 class=\"wp-block-heading\">&nbsp;<\/h4>\n\n\n\n<h4 class=\"wp-block-heading\"><strong>4. B\u1ea3o m\u1eadt d\u1eef li\u1ec7u<\/strong><\/h4>\n\n\n\n<p>Anda dapat menggunakan kamera untuk menyimpan barang-barang Anda. Ch\u00fang t\u00f4i s\u1eed d\u1ee5ng c\u00e1c giao th\u1ee9c m\u00e3 h\u00f3a ti\u00eau chu\u1ea9n c\u00f4ng nghi\u1ec7p dan c\u00e1c c\u1ed5ng thanh to\u00e1n an to\u00e0n \u0111\u1ec3 b\u1ea3o v\u1ec7 th\u00f4ng tin thanh to\u00e1n nh\u1ea1y c\u1ea3m c\u1ee7a buruk. Namun, Anda tidak perlu lagi menggunakan internet untuk menyambungkan ke 100%. M\u1eb7c d\u00f9 ch\u00fang t\u00f4i n\u1ed7 l\u1ef1c b\u1ea3o v\u1ec7 th\u00f4ng tin c\u00e1 nh\u00e2n c\u1ee7a b\u1ea1n, ch\u00fang t\u00f4i kh\u00f4ng th\u1ec3 \u0111\u1ea3m b\u1ea3o t\u00ednh b\u1ea3o m\u1eadt tuy\u1ec7t \u0111\u1ed1i itu bisa terjadi.   <\/p>\n\n\n\n<h4 class=\"wp-block-heading\">&nbsp;<\/h4>\n\n\n\n<h4 class=\"wp-block-heading\"><strong>5. Kue dan kue kering<\/strong><\/h4>\n\n\n\n<p>OMORI-MART menggunakan cookie dan dapat mengakses layanan web lainnya. Cookie gi\u00fap ch\u00fang t\u00f4i ghi nh\u1edb s\u1edf th\u00edch c\u1ee7a b\u1ea1n, theo d\u00f5i c\u00e1ch b\u1ea1n s\u1eed d\u1ee5ng trang web and c\u00e1 nh\u00e2n h\u00f3a tr\u1ea3i nghi\u1ec7m mua s\u1eafm c\u1ee7a b\u1ea1n. <\/p>\n\n\n\n<p>5.1 <strong>Bagaimana cara menyimpan Cookie?<\/strong> :<\/p>\n\n\n\n<ul class=\"wp-block-list\">\n<li><strong>Cookie thi\u1ebft y\u1ebfu<\/strong> : Cookie tidak dapat diakses oleh web lain dan ph\u00e9p b\u1ea1n ho\u00e0n t\u1ea5t giao d\u1ecbch.<\/li>\n\n\n\n<li><strong>Cookie ph\u00e2n t\u00edch<\/strong> : \u0110\u01b0\u1ee3c s\u1eed d\u1ee5ng \u0111\u1ec3 th\u1eadp d\u1eef li\u1ec7u v\u1ec1 c\u00e1ch ng\u01b0\u1eddi d\u00f9ng t\u01b0\u01a1ng t\u00e1c v\u1edbi trang web (v\u00ed d\u1ee5: c\u00e1c trang \u0111\u00e3 truy c\u1eadp, th\u1eddi gian danh ra).<\/li>\n\n\n\n<li><strong>Cookie ti\u1ebfp th\u1ecb<\/strong> : \u0110\u01b0\u1ee3c s\u1eed d\u1ee5ng \u0111\u1ec3 cung c\u1ea5p n\u1ed9i dung qu\u1ea3ng c\u00e1o dan khuy\u1ebfn m\u1ea1i \u0111\u01b0\u1ee3c c\u00e1 nh\u00e2n h\u00f3a.<\/li>\n<\/ul>\n\n\n\n<p>Anda tidak dapat membuat kue lagi dari kue yang Anda buat, jika tidak, Anda tidak akan dapat membuat kue lagi tidak ada hubungannya dengan OMORI-MART.<\/p>\n\n\n\n<h4 class=\"wp-block-heading\">&nbsp;<\/h4>\n\n\n\n<h4 class=\"wp-block-heading\"><strong>6. Quy\u1ec1n dan L\u1ef1a ch\u1ecdn c\u1ee7a b\u1ea1n<\/strong><\/h4>\n\n\n\n<p>6.1 <strong>Truy c\u1eadp v\u00e0 ch\u1ec9nh s\u1eeda<\/strong> :<\/p>\n\n\n\n<ul class=\"wp-block-list\">\n<li>Anda tidak dapat melakukan apa pun dan tidak dapat melakukannya. Anda tidak perlu melakukan apa pun untuk membantu Anda melakukan hal yang sama chung t\u00f4i. <\/li>\n<\/ul>\n\n\n\n<p>6.2 <strong>Masalah-masalah ini dapat terjadi<\/strong> :<\/p>\n\n\n\n<ul class=\"wp-block-list\">\n<li>Jika Anda tidak dapat melakukan hal ini, Anda dapat melakukan hal yang sama dengan melakukan hal yang sama \u201ch\u1ee7y \u0111\u0103ng k\u00fd\u201d dalam email yang akan dikirim ke akun Anda.<\/li>\n<\/ul>\n\n\n\n<p>6.3 <strong>X\u00f3a t\u00e0i kho\u1ea3n<\/strong> :<\/p>\n\n\n\n<ul class=\"wp-block-list\">\n<li>Jika Anda ingin menggunakan SIM-OMORI-MART, Anda dapat menggunakan kartu kredit Anda untuk membayar tagihan Anda chung t\u00f4i. Jika Anda ingin melakukan hal ini, Anda dapat melakukan hal yang sama dengan yang Anda lakukan. <\/li>\n<\/ul>\n\n\n\n<h4 class=\"wp-block-heading\">&nbsp;<\/h4>\n\n\n\n<h4 class=\"wp-block-heading\"><strong>7. Apa yang terjadi pada mereka<\/strong><\/h4>\n\n\n\n<p>SIM-OMORI-MART kh\u00f4ng dan\u00e0nh cho tr\u1ebb em d\u01b0\u1edbi 18 tu\u1ed5i s\u1eed d\u1ee5ng dan ch\u00fang t\u00f4i kh\u00f4ng c\u1ed1 \u00fd th\u1eadp th\u00f4ng tin c\u00e1 nh\u00e2n t\u1eeb tr\u1ebb v\u1ecb th\u00e0nh ni\u00ean. Jika Anda tidak dapat melakukan hal ini, maka Anda dapat melakukan hal yang sama karena tidak ada yang bisa Anda lakukan, ch\u00fang t\u00f4i s\u1ebd th\u1ef1c hi\u1ec7n c\u00e1c b\u01b0\u1edbc \u0111\u1ec3 x\u00f3a th\u00f4ng tin \u0111\u00f3. <\/p>\n\n\n\n<h4 class=\"wp-block-heading\">&nbsp;<\/h4>\n\n\n\n<h4 class=\"wp-block-heading\"><strong>8. Li\u00ean k\u1ebft c\u1ee7a b\u00ean th\u1ee9 ba<\/strong><\/h4>\n\n\n\n<p>Trang web c\u1ee7a ch\u00fang t\u00f4i c\u00f3 th\u1ec3 ch\u1ee9a c\u00e1c li\u00ean k\u1ebft \u0111\u1ebfn c\u00e1c trang web c\u1ee7a b\u00ean th\u1ee9 ba kh\u00f4ng to OMORI-MART \u0111i\u1ec1u h\u00e0nh. Anda tidak perlu melakukan apa pun untuk mengakses web lain. Anda tidak perlu melakukan apa pun untuk melakukan hal ini di web.  <\/p>\n\n\n\n<h4 class=\"wp-block-heading\">&nbsp;<\/h4>\n\n\n\n<h4 class=\"wp-block-heading\"><strong>9. Thay \u0111\u1ed5i Ch\u00ednh s\u00e1ch b\u1ea3o m\u1eadt<\/strong><\/h4>\n\n\n\n<p>Ch\u00fang t\u00f4i c\u00f3 th\u1ec3 c\u1eadp nh\u1eadt Ch\u00ednh s\u00e1ch b\u1ea3o m\u1eadt n\u00e0y theo th\u1eddi gian \u0111\u1ec3 ph\u1ea3n \u00e1nh nh\u1eefng thay \u0111\u1ed5i trong ho\u1ea1t \u0111\u1ed9ng c\u1ee7a ch\u00fang t\u00f4i ho\u1eb7c v\u00ec nh\u1eefng l\u00fd do ho\u1ea1t \u0111\u1ed9ng, ph\u00e1p l\u00fd ho\u1eb7c quy \u0111\u1ecbnh kh\u00e1c. Anda tidak dapat mengakses halaman web lain yang Anda inginkan \u0111\u01b0\u1ee3c\u1eadp nh\u1eadt. Vi\u1ec7c b\u1ea1n ti\u1ebfp t\u1ee5c s\u1eed d\u1ee5ng OMORI-MART atau b\u1ea5t k\u1ef3 thay \u0111\u1ed5i n\u00e0o \u0111\u1ed1i v\u1edbi Ch\u00ednh s\u00e1ch b\u1ea3o m\u1eadt c\u00f3 ngh\u0129a l\u00e0 b\u1ea1n ch\u1ea5p nh\u1eadn tidak ada yang terjadi.  <\/p>\n\n\n\n<h4 class=\"wp-block-heading\">&nbsp;<\/h4>\n\n\n\n<h4 class=\"wp-block-heading\"><strong>10. Li\u00ean h\u1ec7 v\u1edbi ch\u00fang t\u00f4i<\/strong><\/h4>\n\n\n\n<p>Jika Anda tidak dapat melakukan hal ini, maka Anda dapat melakukan hal yang sama, vui l\u00f2ng li\u00ean h\u1ec7 v\u1edbi ch\u00fang t\u00f4i theo \u0111\u1ecba ch\u1ec9:<\/p>\n\n\n\n<ul class=\"wp-block-list\">\n<li><strong>E-mail<\/strong> : support@omorimart.com<\/li>\n\n\n\n<li><strong>\u0110\u1ecba ch\u1ec9<\/strong> : R Cube Aoyama, Tang 3, 1-3-1 Kita-Aoyama, Minato-ku, Tokyo, 107-0061, Nh\u1eadt B\u1ea3n<\/li>\n<\/ul>\n\n\n\n<p>Melalui OMORI-MART, Anda dapat menggunakan layanan ini dan mengirimkannya ke Ch\u00ednh s\u00e1ch tidak perlu.<\/p>","protected":false},"excerpt":{"rendered":"<p>Ng\u00e0y c\u00f3 hi\u1ec7u l\u1ef1c : 20 th\u00e1ng 4 n\u0103m 2025 T\u1ea1i SIM-OMORI-MART , \u0111\u01b0\u1ee3c \u0111i\u1ec1u h\u00e0nh b\u1edfi&nbsp;COMFYS JAPAN LLC , ch\u00fang t\u00f4i cam k\u1ebft b\u1ea3o v\u1ec7 quy\u1ec1n ri\u00eang t\u01b0 c\u1ee7a<\/p>","protected":false},"author":2,"featured_media":0,"parent":0,"menu_order":0,"comment_status":"closed","ping_status":"open","template":"","meta":{"footnotes":""},"class_list":["post-24908","page","type-page","status-publish","hentry"],"yoast_head":"<!-- This site is optimized with the Yoast SEO plugin v27.2 - https:\/\/yoast.com\/product\/yoast-seo-wordpress\/ -->\n<title>Ch\u00ednh s\u00e1ch b\u1ea3o m\u1eadt - Omori WIFI<\/title>\n<meta name=\"robots\" content=\"index, follow, max-snippet:-1, max-image-preview:large, max-video-preview:-1\" \/>\n<link rel=\"canonical\" href=\"https:\/\/omoriwifi.com\/id\/chinh-sach-bao-mat\/\" \/>\n<meta property=\"og:locale\" content=\"id_ID\" \/>\n<meta property=\"og:type\" content=\"article\" \/>\n<meta property=\"og:title\" content=\"Ch\u00ednh s\u00e1ch b\u1ea3o m\u1eadt - Omori WIFI\" \/>\n<meta property=\"og:description\" content=\"Ng\u00e0y c\u00f3 hi\u1ec7u l\u1ef1c : 20 th\u00e1ng 4 n\u0103m 2025 T\u1ea1i SIM-OMORI-MART , \u0111\u01b0\u1ee3c \u0111i\u1ec1u h\u00e0nh b\u1edfi&nbsp;COMFYS JAPAN LLC , ch\u00fang t\u00f4i cam k\u1ebft b\u1ea3o v\u1ec7 quy\u1ec1n ri\u00eang t\u01b0 c\u1ee7a\" \/>\n<meta property=\"og:url\" content=\"https:\/\/omoriwifi.com\/id\/chinh-sach-bao-mat\/\" \/>\n<meta property=\"og:site_name\" content=\"Omori WIFI\" \/>\n<meta name=\"twitter:card\" content=\"summary_large_image\" \/>\n<meta name=\"twitter:label1\" content=\"Estimasi waktu membaca\" \/>\n\t<meta name=\"twitter:data1\" content=\"11 menit\" \/>\n<script type=\"application\/ld+json\" class=\"yoast-schema-graph\">{\"@context\":\"https:\/\/schema.org\",\"@graph\":[{\"@type\":\"WebPage\",\"@id\":\"https:\/\/omoriwifi.com\/de\/chinh-sach-bao-mat\/\",\"url\":\"https:\/\/omoriwifi.com\/de\/chinh-sach-bao-mat\/\",\"name\":\"Ch\u00ednh s\u00e1ch b\u1ea3o m\u1eadt - Omori WIFI\",\"isPartOf\":{\"@id\":\"https:\/\/omoriwifi.com\/ja\/#website\"},\"datePublished\":\"2025-03-25T17:10:57+00:00\",\"breadcrumb\":{\"@id\":\"https:\/\/omoriwifi.com\/de\/chinh-sach-bao-mat\/#breadcrumb\"},\"inLanguage\":\"id\",\"potentialAction\":[{\"@type\":\"ReadAction\",\"target\":[\"https:\/\/omoriwifi.com\/de\/chinh-sach-bao-mat\/\"]}]},{\"@type\":\"BreadcrumbList\",\"@id\":\"https:\/\/omoriwifi.com\/de\/chinh-sach-bao-mat\/#breadcrumb\",\"itemListElement\":[{\"@type\":\"ListItem\",\"position\":1,\"name\":\"Home\",\"item\":\"https:\/\/omoriwifi.com\/ja\/\"},{\"@type\":\"ListItem\",\"position\":2,\"name\":\"Ch\u00ednh s\u00e1ch b\u1ea3o m\u1eadt\"}]},{\"@type\":\"WebSite\",\"@id\":\"https:\/\/omoriwifi.com\/ja\/#website\",\"url\":\"https:\/\/omoriwifi.com\/ja\/\",\"name\":\"Omori WiFi\",\"description\":\"My WordPress Blog\",\"potentialAction\":[{\"@type\":\"SearchAction\",\"target\":{\"@type\":\"EntryPoint\",\"urlTemplate\":\"https:\/\/omoriwifi.com\/ja\/?s={search_term_string}\"},\"query-input\":{\"@type\":\"PropertyValueSpecification\",\"valueRequired\":true,\"valueName\":\"search_term_string\"}}],\"inLanguage\":\"id\"}]}<\/script>\n<!-- \/ Yoast SEO plugin. -->","yoast_head_json":{"title":"Ch\u00ednh s\u00e1ch b\u1ea3o m\u1eadt - Omori WIFI","robots":{"index":"index","follow":"follow","max-snippet":"max-snippet:-1","max-image-preview":"max-image-preview:large","max-video-preview":"max-video-preview:-1"},"canonical":"https:\/\/omoriwifi.com\/id\/chinh-sach-bao-mat\/","og_locale":"id_ID","og_type":"article","og_title":"Ch\u00ednh s\u00e1ch b\u1ea3o m\u1eadt - Omori WIFI","og_description":"Ng\u00e0y c\u00f3 hi\u1ec7u l\u1ef1c : 20 th\u00e1ng 4 n\u0103m 2025 T\u1ea1i SIM-OMORI-MART , \u0111\u01b0\u1ee3c \u0111i\u1ec1u h\u00e0nh b\u1edfi&nbsp;COMFYS JAPAN LLC , ch\u00fang t\u00f4i cam k\u1ebft b\u1ea3o v\u1ec7 quy\u1ec1n ri\u00eang t\u01b0 c\u1ee7a","og_url":"https:\/\/omoriwifi.com\/id\/chinh-sach-bao-mat\/","og_site_name":"Omori WIFI","twitter_card":"summary_large_image","twitter_misc":{"Estimasi waktu membaca":"11 menit"},"schema":{"@context":"https:\/\/schema.org","@graph":[{"@type":"WebPage","@id":"https:\/\/omoriwifi.com\/de\/chinh-sach-bao-mat\/","url":"https:\/\/omoriwifi.com\/de\/chinh-sach-bao-mat\/","name":"Ch\u00ednh s\u00e1ch b\u1ea3o m\u1eadt - Omori WIFI","isPartOf":{"@id":"https:\/\/omoriwifi.com\/ja\/#website"},"datePublished":"2025-03-25T17:10:57+00:00","breadcrumb":{"@id":"https:\/\/omoriwifi.com\/de\/chinh-sach-bao-mat\/#breadcrumb"},"inLanguage":"id","potentialAction":[{"@type":"ReadAction","target":["https:\/\/omoriwifi.com\/de\/chinh-sach-bao-mat\/"]}]},{"@type":"BreadcrumbList","@id":"https:\/\/omoriwifi.com\/de\/chinh-sach-bao-mat\/#breadcrumb","itemListElement":[{"@type":"ListItem","position":1,"name":"Home","item":"https:\/\/omoriwifi.com\/ja\/"},{"@type":"ListItem","position":2,"name":"Ch\u00ednh s\u00e1ch b\u1ea3o m\u1eadt"}]},{"@type":"WebSite","@id":"https:\/\/omoriwifi.com\/ja\/#website","url":"https:\/\/omoriwifi.com\/ja\/","name":"WiFi Omori","description":"Blog WordPress Saya","potentialAction":[{"@type":"SearchAction","target":{"@type":"EntryPoint","urlTemplate":"https:\/\/omoriwifi.com\/ja\/?s={search_term_string}"},"query-input":{"@type":"PropertyValueSpecification","valueRequired":true,"valueName":"search_term_string"}}],"inLanguage":"id"}]}},"_links":{"self":[{"href":"https:\/\/omoriwifi.com\/id\/wp-json\/wp\/v2\/pages\/24908","targetHints":{"allow":["GET"]}}],"collection":[{"href":"https:\/\/omoriwifi.com\/id\/wp-json\/wp\/v2\/pages"}],"about":[{"href":"https:\/\/omoriwifi.com\/id\/wp-json\/wp\/v2\/types\/page"}],"author":[{"embeddable":true,"href":"https:\/\/omoriwifi.com\/id\/wp-json\/wp\/v2\/users\/2"}],"replies":[{"embeddable":true,"href":"https:\/\/omoriwifi.com\/id\/wp-json\/wp\/v2\/comments?post=24908"}],"version-history":[{"count":0,"href":"https:\/\/omoriwifi.com\/id\/wp-json\/wp\/v2\/pages\/24908\/revisions"}],"wp:attachment":[{"href":"https:\/\/omoriwifi.com\/id\/wp-json\/wp\/v2\/media?parent=24908"}],"curies":[{"name":"wp","href":"https:\/\/api.w.org\/{rel}","templated":true}]}}