{"id":24968,"date":"2025-03-28T00:40:25","date_gmt":"2025-03-28T00:40:25","guid":{"rendered":"https:\/\/peachpuff-dugong-919786.hostingersite.com\/termos-e-condicoes\/"},"modified":"2025-03-28T00:40:25","modified_gmt":"2025-03-28T00:40:25","slug":"termos-e-condicoes","status":"publish","type":"page","link":"https:\/\/omoriwifi.com\/id\/termos-e-condicoes\/","title":{"rendered":"Termos e condi\u00e7\u00f5es"},"content":{"rendered":"<p><strong>Pendahuluan<\/strong><\/p>\n\n\n\n<p>Bem-vindo ao <strong>OMORI MART<\/strong>, um operado pela online mercado <strong>COMFYS JEPANG LLC<\/strong>.&nbsp;<\/p>\n\n\n\n<p>Untuk mengakses atau menggunakan situs dan layanan kami, Anda akan setuju dengan layanan tersebut dan memutarnya ke Terms dan Condi\u00e7\u00f5es berikutnya. Leia ini sangat memperhatikan, karena dia sering menggunakan situs yang Anda beli untuk produk OMORI-MART. <\/p>\n\n\n\n<h4 class=\"wp-block-heading\"><strong>1. Informa\u00e7\u00f5es gerais<\/strong><\/h4>\n\n\n\n<ul class=\"wp-block-list\">\n<li><strong>Nama perusahaan<\/strong>: COMFYS JAPAN LLC<\/li>\n\n\n\n<li><strong>Endere\u00e7o do escrit\u00f3rio<\/strong>: R Cube Aoyama, Lantai 3, 1-3-1 Kita-Aoyama, Minato-ku, T\u00f3quio, 107-0061, Jepang<\/li>\n\n\n\n<li><strong>Lokasi:<\/strong> https:\/\/peachpuff-dugong-919786.hostingersite.com\/<\/li>\n\n\n\n<li><strong>Descri\u00e7\u00e3o da empresa<\/strong>: Perhatikan bahwa Anda perlu menghubungkannya di Jepang dengan cara yang sederhana dan rumit. Tidak penting jika Anda mengunjungi atau mengunjungi negara Anda untuk perjalanan singkat atau pesawat dalam waktu lama, kartu SIM Anda, dan solusi Wi-Fi domestik yang menjamin Anda memiliki koneksi internet dan kecepatan tinggi yang Anda inginkan. Meskipun kontraknya rumit, tetapi verifikasi kreditnya \u2013 hanya saja koneksinya sempurna. Kesalahan kami adalah menyediakan layanan seluler dan akses Wi-Fi serta ekonomis yang tidak biasa. Dengan rencana yang fleksibel, bebas biaya, dan opsi pensiun yang Anda inginkan, prioritaskan kenyamanan agar Anda dapat berkonsentrasi untuk menyetujui waktu Anda di Jepang.   <\/li>\n<\/ul>\n\n\n\n<h4 class=\"wp-block-heading\"><strong>2. Elegibilidade para uso<\/strong><\/h4>\n\n\n\n<p>Jika Anda menggunakan SIM-OMORI-MART, Anda akan mengonfirmasi bahwa itu adalah yang terbesar<\/p>\n\n\n\n<h4 class=\"wp-block-heading\"><strong>3. Pedidos e pagamentos<\/strong><\/h4>\n\n\n\n<p>3.1 <strong>Processo de pedido<\/strong>:<\/p>\n\n\n\n<ul class=\"wp-block-list\">\n<li>Semua kesalahan yang dilakukan pada SIM-OMORI-MART ditujukan ke akun COMFYS JAPAN LLC. Jika email Anda diterima, kirimkan konfirmasi ke email Anda melalui email. Bukan berarti kami harus membatalkan atau membatasi biaya yang tersedia untuk produk, ini adalah kesalahan harga atau alasan lain yang sesuai dengan kriteria kami.  <\/li>\n<\/ul>\n\n\n\n<p>3.2 <strong>M\u00e9todos de pagamento<\/strong>:<\/p>\n\n\n\n<ul class=\"wp-block-list\">\n<li>Kartu kredit utama, transfer bank, dan bentuk pembayaran lainnya, sesuaikan daftar di situs kami. Semua harga yang terdaftar di negara Jepang (JPY) dan termasuk semua tagihan yang diterapkan, akan menunjukkan sebaliknya. <\/li>\n<\/ul>\n\n\n\n<p>3.3 <strong>Reembolsos e cancelamentos<\/strong>:<\/p>\n\n\n\n<ul class=\"wp-block-list\">\n<li>Klien dapat meminta atau membatalkan sebelum mereka merasa iri. Kirimkan produk yang dikirimkan kepada kami, pembatalannya tidak akan diizinkan. Emboli tersebut dapat terjadi jika produk rusak atau kesalahan input, mungkin terjadi saat pemeriksaan. Untuk pesan ulang, masukkan kontak kami dengan dukungan klien kami 7 hari kemudian atau terima pesan tersebut.   <\/li>\n<\/ul>\n\n\n\n<h4 class=\"wp-block-heading\"><strong>4. Penjualan dan harga produk<\/strong><\/h4>\n\n\n\n<p>4.1 <strong>Ketersediaan<\/strong>:<\/p>\n\n\n\n<ul class=\"wp-block-list\">\n<li>Kami berupaya keras untuk menjaga nilai-nilai ini dengan tepat di situs kami. Meskipun demikian, karena permintaan yang tinggi atau fluktuasi dari jumlah suplemen, beberapa hal mungkin dapat terjadi secara tidak terduga setelah realisasi diri Anda. Jika demikian, beri tahu Anda dan tawarkan produk pengganti atau proses pemulihan.  <\/li>\n<\/ul>\n\n\n\n<p>4.2 <strong>Precifica\u00e7\u00e3o<\/strong>:<\/p>\n\n\n\n<ul class=\"wp-block-list\">\n<li>Harga produk kami telah diubah sesuai pemberitahuan sebelumnya. Kami melakukan semua upaya untuk menjamin harga yang tepat di situs kami, tetapi mungkin terjadi kesalahan. Jika tidak ada kesalahan harga, reservasi atau langsung dibatalkan atau dikirim ke pihak berwenang dan beri tahu klien secara memadai.  <\/li>\n<\/ul>\n\n\n\n<h4 class=\"wp-block-heading\"><strong>5. Envio e entrega<\/strong><\/h4>\n\n\n\n<p>5.1 <strong>\u00c1rea de entrega<\/strong>:<\/p>\n\n\n\n<ul class=\"wp-block-list\">\n<li>Saat ini, SIM-OMORI-MART tiba-tiba masuk ke Jepang. Tidak ada yang iri dengan dunia internasional. <\/li>\n<\/ul>\n\n\n\n<p>5.2 <strong>Taxas de remessa<\/strong>:<\/p>\n\n\n\n<ul class=\"wp-block-list\">\n<li>Sebagai pajak yang berbeda-beda, seperti taman atau peso yang Anda lakukan. Semua biaya perbaikan yang diterapkan akan ditampilkan dalam penyelesaian pembelian. Tentu saja, Anda dapat menawarkannya untuk jumlah yang besar, bergantung pada jumlah totalnya.  <\/li>\n<\/ul>\n\n\n\n<p>5.3 <strong>Prazo de entrega<\/strong>:<\/p>\n\n\n\n<ul class=\"wp-block-list\">\n<li>Biasanya, prosesnya dilakukan dalam waktu 2 hingga 3 hari. Cara masuknya bisa bervariasi sesuai dengan lokalisasi dan metode envio yang dipilih. OMORI-MART tidak merespons terhadap kerusakan yang disebabkan oleh faktor eksternal, seperti kondisi iklim, masalah dengan transportasi, atau pembebasan lahan.  <\/li>\n<\/ul>\n\n\n\n<h4 class=\"wp-block-heading\"><strong>6. Politik devolu\u00e7\u00e3o dan reembolso<\/strong><\/h4>\n\n\n\n<p>6.1 <strong>Hak untuk melakukan devolu\u00e7\u00f5es<\/strong>:<\/p>\n\n\n\n<ul class=\"wp-block-list\">\n<li>Produk-produk yang dijual dengan harga murah atau yang mungkin tidak dapat diubah. Klien kami harus memberi tahu mereka 7 hari yang lalu atau menerima dan mencoba membuktikan apakah mereka kalah atau kalah. Informasinya, termasuk produk mobil, akan diberitahukan kepada Anda 24 jam setelahnya atau diterima.  <\/li>\n<\/ul>\n\n\n\n<p>6.2 <strong>Tampaknya hal itu tidak dapat diubah<\/strong>:<\/p>\n\n\n\n<ul class=\"wp-block-list\">\n<li>Minuman beralkohol dan produk-produk lain yang difermentasi (seperti yang dilakukan) mungkin tidak dapat diubah, kecuali jika ini berbahaya atau ada kesalahan dalam entri.<\/li>\n<\/ul>\n\n\n\n<p>6.3 <strong>Processo de reembolso<\/strong>:<\/p>\n\n\n\n<ul class=\"wp-block-list\">\n<li>Jika Anda mengonfirmasi kelayakan pembayaran, maka proses ulang akan diproses ke metode halaman asli. Pemulihannya dapat memakan waktu 10 hari untuk keluar, tergantung pada lembaga keuangan Anda. <\/li>\n<\/ul>\n\n\n\n<h4 class=\"wp-block-heading\"><strong>7. Pol\u00edtica de privacidade<\/strong><\/h4>\n\n\n\n<p>Ini merupakan kompromi terhadap perlindungan informasi seseorang. Semua orang yang menerima klien dari OMORI-MART adalah perjanjian yang sesuai dengan Kebijakan Privasi kami. Jangan berbagi atau membalas informasi orang lain jika Anda menyetujuinya, kecuali jika Anda membutuhkannya.  <\/p>\n\n\n\n<h4 class=\"wp-block-heading\"><strong>8. Batasan tanggung jawab<\/strong><\/h4>\n\n\n\n<p>A COMFYS JAPAN LLC tidak bertanggung jawab atas pertanyaan apa pun secara langsung, insiden, atau konsekuensi yang timbul dari penggunaan OMORI-MART atau produk yang dijual di situs kami. Kami memiliki tanggung jawab maksimal yang terbatas pada nilai produk yang diajukan oleh pelanggan. <\/p>\n\n\n\n<h4 class=\"wp-block-heading\"><strong>9. Legisla\u00e7\u00e3o aplic\u00e1vel<\/strong><\/h4>\n\n\n\n<p>Os Termos dan Condi\u00e7\u00f5es adalah wilayah yang lebih luas di Jepang. Sengketa yang terjadi saat Anda menggunakan SIM-OMORI-MART terletak di yurisdiksi eksklusif tribunais de T\u00f3quio, Jepang. <\/p>\n\n\n\n<h4 class=\"wp-block-heading\"><strong>10. Perubahan pada Termos dan Kondisi<\/strong><\/h4>\n\n\n\n<p>A COMFYS JAPAN LLC harus memesan secara langsung atau memodifikasi Termos dan Kondisi ini kapan saja. Karena perubahan tersebut akan dipublikasikan di situs OMORI-MART, dan terus menggunakan layanan kami jika ada perubahan signifikan yang Anda terima dari persyaratan revisi. <\/p>\n\n\n\n<p>Jika ada data atau kekhawatiran terkait dengan Terms dan Condi\u00e7\u00f5es ini, masukkan kontak dengan perlengkapan kehadiran klien Anda <strong>email support@omorimart.com.<\/strong><\/p>\n\n\n\n<p>Saat menggunakan OMORI-MART, Anda mengetahui apa yang akan Anda lakukan, dan setuju dengan apa yang Anda lihat di Termos dan Condi\u00e7\u00f5es ini.<\/p>","protected":false},"excerpt":{"rendered":"<p>Introdu\u00e7\u00e3o Bem-vindo ao OMORI-MART, um mercado on-line operado pela COMFYS JAPAN LLC.&nbsp; Ao acessar ou usar nosso site e nossos servi\u00e7os, voc\u00ea concorda em cumprir e estar vinculado aos seguintes<\/p>","protected":false},"author":2,"featured_media":0,"parent":0,"menu_order":0,"comment_status":"closed","ping_status":"closed","template":"","meta":{"footnotes":""},"class_list":["post-24968","page","type-page","status-publish","hentry"],"yoast_head":"<!-- This site is optimized with the Yoast SEO plugin v27.2 - https:\/\/yoast.com\/product\/yoast-seo-wordpress\/ -->\n<title>Termos e condi\u00e7\u00f5es - Omori WIFI<\/title>\n<meta name=\"robots\" content=\"index, follow, max-snippet:-1, max-image-preview:large, max-video-preview:-1\" \/>\n<link rel=\"canonical\" href=\"https:\/\/omoriwifi.com\/id\/termos-e-condicoes\/\" \/>\n<meta property=\"og:locale\" content=\"id_ID\" \/>\n<meta property=\"og:type\" content=\"article\" \/>\n<meta property=\"og:title\" content=\"Termos e condi\u00e7\u00f5es - Omori WIFI\" \/>\n<meta property=\"og:description\" content=\"Introdu\u00e7\u00e3o Bem-vindo ao OMORI-MART, um mercado on-line operado pela COMFYS JAPAN LLC.&nbsp; Ao acessar ou usar nosso site e nossos servi\u00e7os, voc\u00ea concorda em cumprir e estar vinculado aos seguintes\" \/>\n<meta property=\"og:url\" content=\"https:\/\/omoriwifi.com\/id\/termos-e-condicoes\/\" \/>\n<meta property=\"og:site_name\" content=\"Omori WIFI\" \/>\n<meta name=\"twitter:card\" content=\"summary_large_image\" \/>\n<meta name=\"twitter:label1\" content=\"Estimasi waktu membaca\" \/>\n\t<meta name=\"twitter:data1\" content=\"5 menit\" \/>\n<script type=\"application\/ld+json\" class=\"yoast-schema-graph\">{\"@context\":\"https:\/\/schema.org\",\"@graph\":[{\"@type\":\"WebPage\",\"@id\":\"https:\/\/omoriwifi.com\/uk\/termos-e-condicoes\/\",\"url\":\"https:\/\/omoriwifi.com\/uk\/termos-e-condicoes\/\",\"name\":\"Termos e condi\u00e7\u00f5es - Omori WIFI\",\"isPartOf\":{\"@id\":\"https:\/\/omoriwifi.com\/ja\/#website\"},\"datePublished\":\"2025-03-28T00:40:25+00:00\",\"breadcrumb\":{\"@id\":\"https:\/\/omoriwifi.com\/uk\/termos-e-condicoes\/#breadcrumb\"},\"inLanguage\":\"id\",\"potentialAction\":[{\"@type\":\"ReadAction\",\"target\":[\"https:\/\/omoriwifi.com\/uk\/termos-e-condicoes\/\"]}]},{\"@type\":\"BreadcrumbList\",\"@id\":\"https:\/\/omoriwifi.com\/uk\/termos-e-condicoes\/#breadcrumb\",\"itemListElement\":[{\"@type\":\"ListItem\",\"position\":1,\"name\":\"Home\",\"item\":\"https:\/\/omoriwifi.com\/ja\/\"},{\"@type\":\"ListItem\",\"position\":2,\"name\":\"Termos e condi\u00e7\u00f5es\"}]},{\"@type\":\"WebSite\",\"@id\":\"https:\/\/omoriwifi.com\/ja\/#website\",\"url\":\"https:\/\/omoriwifi.com\/ja\/\",\"name\":\"Omori WiFi\",\"description\":\"My WordPress Blog\",\"potentialAction\":[{\"@type\":\"SearchAction\",\"target\":{\"@type\":\"EntryPoint\",\"urlTemplate\":\"https:\/\/omoriwifi.com\/ja\/?s={search_term_string}\"},\"query-input\":{\"@type\":\"PropertyValueSpecification\",\"valueRequired\":true,\"valueName\":\"search_term_string\"}}],\"inLanguage\":\"id\"}]}<\/script>\n<!-- \/ Yoast SEO plugin. -->","yoast_head_json":{"title":"Termos e condi\u00e7\u00f5es - Omori WIFI","robots":{"index":"index","follow":"follow","max-snippet":"max-snippet:-1","max-image-preview":"max-image-preview:large","max-video-preview":"max-video-preview:-1"},"canonical":"https:\/\/omoriwifi.com\/id\/termos-e-condicoes\/","og_locale":"id_ID","og_type":"article","og_title":"Termos e condi\u00e7\u00f5es - Omori WIFI","og_description":"Introdu\u00e7\u00e3o Bem-vindo ao OMORI-MART, um mercado on-line operado pela COMFYS JAPAN LLC.&nbsp; Ao acessar ou usar nosso site e nossos servi\u00e7os, voc\u00ea concorda em cumprir e estar vinculado aos seguintes","og_url":"https:\/\/omoriwifi.com\/id\/termos-e-condicoes\/","og_site_name":"Omori WIFI","twitter_card":"summary_large_image","twitter_misc":{"Estimasi waktu membaca":"5 menit"},"schema":{"@context":"https:\/\/schema.org","@graph":[{"@type":"WebPage","@id":"https:\/\/omoriwifi.com\/uk\/termos-e-condicoes\/","url":"https:\/\/omoriwifi.com\/uk\/termos-e-condicoes\/","name":"Termos e condi\u00e7\u00f5es - Omori WIFI","isPartOf":{"@id":"https:\/\/omoriwifi.com\/ja\/#website"},"datePublished":"2025-03-28T00:40:25+00:00","breadcrumb":{"@id":"https:\/\/omoriwifi.com\/uk\/termos-e-condicoes\/#breadcrumb"},"inLanguage":"id","potentialAction":[{"@type":"ReadAction","target":["https:\/\/omoriwifi.com\/uk\/termos-e-condicoes\/"]}]},{"@type":"BreadcrumbList","@id":"https:\/\/omoriwifi.com\/uk\/termos-e-condicoes\/#breadcrumb","itemListElement":[{"@type":"ListItem","position":1,"name":"Home","item":"https:\/\/omoriwifi.com\/ja\/"},{"@type":"ListItem","position":2,"name":"Termos e condi\u00e7\u00f5es"}]},{"@type":"WebSite","@id":"https:\/\/omoriwifi.com\/ja\/#website","url":"https:\/\/omoriwifi.com\/ja\/","name":"WiFi Omori","description":"Blog WordPress Saya","potentialAction":[{"@type":"SearchAction","target":{"@type":"EntryPoint","urlTemplate":"https:\/\/omoriwifi.com\/ja\/?s={search_term_string}"},"query-input":{"@type":"PropertyValueSpecification","valueRequired":true,"valueName":"search_term_string"}}],"inLanguage":"id"}]}},"_links":{"self":[{"href":"https:\/\/omoriwifi.com\/id\/wp-json\/wp\/v2\/pages\/24968","targetHints":{"allow":["GET"]}}],"collection":[{"href":"https:\/\/omoriwifi.com\/id\/wp-json\/wp\/v2\/pages"}],"about":[{"href":"https:\/\/omoriwifi.com\/id\/wp-json\/wp\/v2\/types\/page"}],"author":[{"embeddable":true,"href":"https:\/\/omoriwifi.com\/id\/wp-json\/wp\/v2\/users\/2"}],"replies":[{"embeddable":true,"href":"https:\/\/omoriwifi.com\/id\/wp-json\/wp\/v2\/comments?post=24968"}],"version-history":[{"count":0,"href":"https:\/\/omoriwifi.com\/id\/wp-json\/wp\/v2\/pages\/24968\/revisions"}],"wp:attachment":[{"href":"https:\/\/omoriwifi.com\/id\/wp-json\/wp\/v2\/media?parent=24968"}],"curies":[{"name":"wp","href":"https:\/\/api.w.org\/{rel}","templated":true}]}}