{"id":24984,"date":"2025-03-25T17:10:57","date_gmt":"2025-03-25T17:10:57","guid":{"rendered":"https:\/\/peachpuff-dugong-919786.hostingersite.com\/politica-de-privacidade\/"},"modified":"2025-03-25T17:10:57","modified_gmt":"2025-03-25T17:10:57","slug":"politica-de-privacidade","status":"publish","type":"page","link":"https:\/\/omoriwifi.com\/id\/politica-de-privacidade\/","title":{"rendered":"Pol\u00edtica de privacidade"},"content":{"rendered":"<h3 class=\"wp-block-heading\"><strong>Data de vig\u00eancia<\/strong>: 20 de abril de 2025<\/h3>\n\n\n\n<p>TIDAK<strong> SIM-OMORI-MART<\/strong>, operado por&nbsp;<strong>COMFYS JEPANG LLC<\/strong>, itu adalah kompromi terhadap perlindungan privasi Anda dan jaminan keamanan informasi orang Anda. Politisi Privasi ini mengungkap bagaimana coletamos, usamos, membocorkan informasi dan anak didiknya ketika Anda mengunjungi atau membeli situs kami. Jika Anda menggunakan situs dan layanan kami, Anda setuju dengan praktik yang dijelaskan dalam Kebijakan Privasi ini.  <\/p>\n\n\n\n<h4 class=\"wp-block-heading\">&nbsp;<\/h4>\n\n\n\n<h4 class=\"wp-block-heading\"><strong>1. Informasikan apa yang ingin Anda sampaikan<\/strong><\/h4>\n\n\n\n<p>Kami memberikan informasi kepada orang-orang Anda untuk menyediakan layanan kami dan meningkatkan pengalaman mereka di OMORI-MART. Jenis informasi yang disertakan: <\/p>\n\n\n\n<p>1.1 <strong>Informa\u00e7\u00f5es pessoais<\/strong>:<\/p>\n\n\n\n<ul class=\"wp-block-list\">\n<li>Nama<\/li>\n\n\n\n<li>Endere\u00e7o<\/li>\n\n\n\n<li>Endere\u00e7o de e-mail<\/li>\n\n\n\n<li>N\u00famero de telefone<\/li>\n\n\n\n<li>Informasi pembayaran (detail kartu kredit, detail transfer banc\u00e1ria, dll.)<\/li>\n\n\n\n<li>Data de nascimento (untuk memverifikasi dan mengetahui hukumnya)<\/li>\n<\/ul>\n\n\n\n<p>1.2 <strong>Informa\u00e7\u00f5es n\u00e3o pessoais<\/strong>:<\/p>\n\n\n\n<ul class=\"wp-block-list\">\n<li>Tipo de navegador<\/li>\n\n\n\n<li>Informasi mengenai perangkat<\/li>\n\n\n\n<li>Endere\u00e7o IP<\/li>\n\n\n\n<li>Dados de uso do site (halaman kunjungan, tempo gasto no site, dll.)<\/li>\n<\/ul>\n\n\n\n<h4 class=\"wp-block-heading\"><strong>2. Bagaimana menggunakan informasi Anda<\/strong><\/h4>\n\n\n\n<p>Gunakan sebagai informasi yang dikumpulkan oleh Anda untuk final berikut:<\/p>\n\n\n\n<p>2.1 <strong>Processamento de pedidos<\/strong>:<\/p>\n\n\n\n<ul class=\"wp-block-list\">\n<li>Untuk memproses dan menyelesaikan masalah Anda, termasuk proses pembayaran dan pembayaran.<\/li>\n\n\n\n<li>Untuk meminta konfirmasi data, penerimaan, dan informasi streaming melalui email atau telepon.<\/li>\n<\/ul>\n\n\n\n<p>2.2 <strong>Atendimento ao cliente<\/strong>:<\/p>\n\n\n\n<ul class=\"wp-block-list\">\n<li>Untuk menanggapi permintaan Anda, meminta atau meminta kembali.<\/li>\n\n\n\n<li>Untuk memberi tahu Anda tentang pembaruan atau perubahan pada tindakan Anda.<\/li>\n<\/ul>\n\n\n\n<p>2.3 <strong>Personalisasi<\/strong>:<\/p>\n\n\n\n<ul class=\"wp-block-list\">\n<li>Untuk mempersonalisasi pengalaman pembelian Anda, kami merekomendasikan produk berdasarkan riwayat penelusuran dan pembelian Anda.<\/li>\n\n\n\n<li>Untuk menyempurnakan fungsi situs kami dan pengalaman penggunaan.<\/li>\n<\/ul>\n\n\n\n<p>2.4 <strong>Marketing e promo\u00e7\u00f5es<\/strong>:<\/p>\n\n\n\n<ul class=\"wp-block-list\">\n<li>Untuk iri dengan penawaran promosi, diskon, dan aktualisasi produk dan layanan OMORI-MART (jika Anda memilih untuk menerima komunikasi pemasaran).<\/li>\n\n\n\n<li>Untuk memberi tahu Anda tentang produk-produk khusus dalam jumlah besar minuman beralkohol dan produk-produk mobil.<\/li>\n<\/ul>\n\n\n\n<p>2.5 <strong>Conformidade com as leis<\/strong>:<\/p>\n\n\n\n<ul class=\"wp-block-list\">\n<li>Untuk memenuhi persyaratan hukum, seperti memverifikasi tagihan hukum untuk membeli minuman beralkohol.<\/li>\n<\/ul>\n\n\n\n<h4 class=\"wp-block-heading\">&nbsp;<\/h4>\n\n\n\n<h4 class=\"wp-block-heading\"><strong>3. Pembagian informasi<\/strong><\/h4>\n\n\n\n<p>Menahan privasi Anda dan tidak menjualnya, meminta atau memberikan informasi kepada orang lain tentang hal itu. Jadi, Anda dapat berbagi informasi tentangnya dengan: <\/p>\n\n\n\n<p>3.1 <strong>Provedores de servi\u00e7os<\/strong>:<\/p>\n\n\n\n<ul class=\"wp-block-list\">\n<li>Perusahaan-perusahaan merasa bahwa mereka tidak membantu dalam proses halaman, iri dan memperhatikan pekerjaan.<\/li>\n\n\n\n<li>Penyedia layanan untuk pemeliharaan, analisis, dan pemasaran situs.<\/li>\n<\/ul>\n\n\n\n<p>3.2 <strong>Kesesuaian hukum<\/strong>:<\/p>\n\n\n\n<ul class=\"wp-block-list\">\n<li>Jika diperlukan, Anda dapat membocorkan informasi kepada orang-orang dan otoritas pemerintahan atau pihak lain untuk mendapatkan izin, menghindari penipuan atau perlindungan langsung dari OMORI-MART dan klien Anda.<\/li>\n<\/ul>\n\n\n\n<h4 class=\"wp-block-heading\">&nbsp;<\/h4>\n\n\n\n<h4 class=\"wp-block-heading\"><strong>4. Seguran\u00e7a de dados<\/strong><\/h4>\n\n\n\n<p>Ini merupakan kompromi terhadap perlindungan informasi seseorang. Menggunakan protokol kriptografi untuk mengatur dan gerbang halaman aman untuk melindungi informasi halaman rahasia Anda. Jadi, metode transmisi melalui Internet atau perangkat elektronik adalah 100% aman. Meskipun upaya kami untuk melindungi informasi orang lain tidak dapat menjamin keamanan absolut mereka.   <\/p>\n\n\n\n<h4 class=\"wp-block-heading\">&nbsp;<\/h4>\n\n\n\n<h4 class=\"wp-block-heading\"><strong>5. Cookie dan teknologi streaming<\/strong><\/h4>\n\n\n\n<p>OMORI-MART menggunakan cookie dan teknologi streaming yang sama untuk mendapatkan pengalaman navigasi Anda. Cookies kami akan membantu Anda mengubah preferensi Anda, menelusuri penggunaan situs Anda, dan mempersonalisasi pengalaman pembelian Anda. <\/p>\n\n\n\n<p>5.1 <strong>Tipos de cookies que usamos<\/strong>:<\/p>\n\n\n\n<ul class=\"wp-block-list\">\n<li><strong>Cookies essenciais<\/strong>: Ini diperlukan untuk pengoperasian situs kami dan untuk mengizinkan Anda menyelesaikan transaksi.<\/li>\n\n\n\n<li><strong>Cookies anal\u00edticos<\/strong>: Penggunaan untuk mengakses halaman-halaman seperti penggunaan antarmuka dengan situs (sebagai contoh, halaman yang dikunjungi, waktu gasto).<\/li>\n\n\n\n<li><strong>Cookie pemasaran<\/strong>: Digunakan untuk membuat publikasi yang dipersonalisasi dan konten promosi.<\/li>\n<\/ul>\n\n\n\n<p>Anda dapat menyesuaikan konfigurasi cookie di navigasi Anda untuk menggunakan cookie, tetapi ini dapat membatasi kemampuan penggunaan yang ditentukan oleh OMORI-MART.<\/p>\n\n\n\n<h4 class=\"wp-block-heading\">&nbsp;<\/h4>\n\n\n\n<h4 class=\"wp-block-heading\"><strong>6. Seus direitos e escolhas<\/strong><\/h4>\n\n\n\n<p>6.1 <strong>Acesso e corre\u00e7\u00e3o<\/strong>:<\/p>\n\n\n\n<ul class=\"wp-block-list\">\n<li>Anda memiliki akses langsung dan memperbarui informasi orang Anda. Anda dapat mengakses akun atau entri akun Anda dengan peralatan pendukung klien kami. <\/li>\n<\/ul>\n\n\n\n<p>6.2 <strong>Desativasi komunikasi pemasaran<\/strong>:<\/p>\n\n\n\n<ul class=\"wp-block-list\">\n<li>Jika Anda tidak lagi menerima komunikasi pemasaran kami, Anda dapat memilih untuk tidak menerima klik tidak ada tautan \u201cbatalkan tulisan\u201d pada email kami atau masukkan kontak langsung.<\/li>\n<\/ul>\n\n\n\n<p>6.3 <strong>Exclus\u00e3o de conta<\/strong>:<\/p>\n\n\n\n<ul class=\"wp-block-list\">\n<li>Jika Anda ingin mengecualikan akun SIM-OMORI-MART Anda, Anda dapat meminta entri tersebut ke dalam akun dengan perlengkapan kehadiran klien Anda. Perhatikan bahwa Anda dapat menentukan informasi yang sesuai dengan keinginan Anda atau untuk perdagangan yang sah. <\/li>\n<\/ul>\n\n\n\n<h4 class=\"wp-block-heading\">&nbsp;<\/h4>\n\n\n\n<h4 class=\"wp-block-heading\"><strong>7. Privacidade das crian\u00e7as<\/strong><\/h4>\n\n\n\n<p>SIM-OMORI-MART tidak ditujukan untuk digunakan oleh orang-orang berusia kurang dari 18 tahun dan tidak sengaja mengumpulkan informasi lebih lanjut. Jika Anda sangat ahli dalam mengumpulkan informasi orang-orang yang lebih kecil atau menyetujui pembayaran Anda, maka Anda perlu melakukan hal-hal untuk mengecualikan informasi tersebut. <\/p>\n\n\n\n<h4 class=\"wp-block-heading\">&nbsp;<\/h4>\n\n\n\n<h4 class=\"wp-block-heading\"><strong>8. Links de terceiros<\/strong><\/h4>\n\n\n\n<p>Situs kami dapat berisi tautan ke situs-situs terceiros yang tidak dioperasikan oleh OMORI-MART. Tidak ada yang bertanggung jawab atas praktik privasi dari situs-situs terceiros. Disarankan agar Anda menganalisis kebijakan privasi semua situs luar yang Anda kunjungi.  <\/p>\n\n\n\n<h4 class=\"wp-block-heading\">&nbsp;<\/h4>\n\n\n\n<h4 class=\"wp-block-heading\"><strong>9. Perubahan dalam Politik Privasi<\/strong><\/h4>\n\n\n\n<p>Kami dapat memperbarui kebijakan privasi ini untuk mencerminkan perubahan praktis atau motivasi lain dari operasi, peraturan, atau peraturan. Jika Anda mengubah kebijakan privasi ini, maka Anda akan dipublikasikan di situs kami dengan data pembaruan yang diperbarui. Jika Anda terus menggunakan OMORI-MART setelah perubahan apa pun dalam Kebijakan Privasi, itu berarti Anda melakukan perubahan tersebut.  <\/p>\n\n\n\n<h4 class=\"wp-block-heading\">&nbsp;<\/h4>\n\n\n\n<h4 class=\"wp-block-heading\"><strong>10. Entre em contato conosco<\/strong><\/h4>\n\n\n\n<p>Jika Anda memiliki beberapa pertanyaan atau kekhawatiran tentang Politik Privasi atau tentang informasi orang lain tentang hal ini, maka masuklah ke dalam akun Anda:<\/p>\n\n\n\n<ul class=\"wp-block-list\">\n<li><strong>E-mail<\/strong>: support@omorimart.com<\/li>\n\n\n\n<li><strong>Endere\u00e7o<\/strong>: R Cube Aoyama, Lantai 3, 1-3-1 Kita-Aoyama, Minato-ku, T\u00f3quio, 107-0061, Jepang<\/li>\n<\/ul>\n\n\n\n<p>Dengan menggunakan OMORI-MART, Anda setuju dengan coleta dan menggunakan informasi orang Anda sesuai dengan deskripsi Politica de Privacidade berikut ini.<\/p>","protected":false},"excerpt":{"rendered":"<p>Data de vig\u00eancia: 20 de abril de 2025 No SIM-OMORI-MART, operado por&nbsp;COMFYS JAPAN LLC, temos o compromisso de proteger sua privacidade e garantir a seguran\u00e7a de suas informa\u00e7\u00f5es pessoais. Esta<\/p>","protected":false},"author":2,"featured_media":0,"parent":0,"menu_order":0,"comment_status":"closed","ping_status":"open","template":"","meta":{"footnotes":""},"class_list":["post-24984","page","type-page","status-publish","hentry"],"yoast_head":"<!-- This site is optimized with the Yoast SEO plugin v27.2 - https:\/\/yoast.com\/product\/yoast-seo-wordpress\/ -->\n<title>Pol\u00edtica de privacidade - Omori WIFI<\/title>\n<meta name=\"robots\" content=\"index, follow, max-snippet:-1, max-image-preview:large, max-video-preview:-1\" \/>\n<link rel=\"canonical\" href=\"https:\/\/omoriwifi.com\/id\/politica-de-privacidade\/\" \/>\n<meta property=\"og:locale\" content=\"id_ID\" \/>\n<meta property=\"og:type\" content=\"article\" \/>\n<meta property=\"og:title\" content=\"Pol\u00edtica de privacidade - Omori WIFI\" \/>\n<meta property=\"og:description\" content=\"Data de vig\u00eancia: 20 de abril de 2025 No SIM-OMORI-MART, operado por&nbsp;COMFYS JAPAN LLC, temos o compromisso de proteger sua privacidade e garantir a seguran\u00e7a de suas informa\u00e7\u00f5es pessoais. Esta\" \/>\n<meta property=\"og:url\" content=\"https:\/\/omoriwifi.com\/id\/politica-de-privacidade\/\" \/>\n<meta property=\"og:site_name\" content=\"Omori WIFI\" \/>\n<meta name=\"twitter:card\" content=\"summary_large_image\" \/>\n<meta name=\"twitter:label1\" content=\"Estimasi waktu membaca\" \/>\n\t<meta name=\"twitter:data1\" content=\"5 menit\" \/>\n<script type=\"application\/ld+json\" class=\"yoast-schema-graph\">{\"@context\":\"https:\/\/schema.org\",\"@graph\":[{\"@type\":\"WebPage\",\"@id\":\"https:\/\/omoriwifi.com\/zh\/politica-de-privacidade\/\",\"url\":\"https:\/\/omoriwifi.com\/zh\/politica-de-privacidade\/\",\"name\":\"Pol\u00edtica de privacidade - Omori WIFI\",\"isPartOf\":{\"@id\":\"https:\/\/omoriwifi.com\/ja\/#website\"},\"datePublished\":\"2025-03-25T17:10:57+00:00\",\"breadcrumb\":{\"@id\":\"https:\/\/omoriwifi.com\/zh\/politica-de-privacidade\/#breadcrumb\"},\"inLanguage\":\"id\",\"potentialAction\":[{\"@type\":\"ReadAction\",\"target\":[\"https:\/\/omoriwifi.com\/zh\/politica-de-privacidade\/\"]}]},{\"@type\":\"BreadcrumbList\",\"@id\":\"https:\/\/omoriwifi.com\/zh\/politica-de-privacidade\/#breadcrumb\",\"itemListElement\":[{\"@type\":\"ListItem\",\"position\":1,\"name\":\"Home\",\"item\":\"https:\/\/omoriwifi.com\/ja\/\"},{\"@type\":\"ListItem\",\"position\":2,\"name\":\"Pol\u00edtica de privacidade\"}]},{\"@type\":\"WebSite\",\"@id\":\"https:\/\/omoriwifi.com\/ja\/#website\",\"url\":\"https:\/\/omoriwifi.com\/ja\/\",\"name\":\"Omori WiFi\",\"description\":\"My WordPress Blog\",\"potentialAction\":[{\"@type\":\"SearchAction\",\"target\":{\"@type\":\"EntryPoint\",\"urlTemplate\":\"https:\/\/omoriwifi.com\/ja\/?s={search_term_string}\"},\"query-input\":{\"@type\":\"PropertyValueSpecification\",\"valueRequired\":true,\"valueName\":\"search_term_string\"}}],\"inLanguage\":\"id\"}]}<\/script>\n<!-- \/ Yoast SEO plugin. -->","yoast_head_json":{"title":"Pol\u00edtica de privacidade - Omori WIFI","robots":{"index":"index","follow":"follow","max-snippet":"max-snippet:-1","max-image-preview":"max-image-preview:large","max-video-preview":"max-video-preview:-1"},"canonical":"https:\/\/omoriwifi.com\/id\/politica-de-privacidade\/","og_locale":"id_ID","og_type":"article","og_title":"Pol\u00edtica de privacidade - Omori WIFI","og_description":"Data de vig\u00eancia: 20 de abril de 2025 No SIM-OMORI-MART, operado por&nbsp;COMFYS JAPAN LLC, temos o compromisso de proteger sua privacidade e garantir a seguran\u00e7a de suas informa\u00e7\u00f5es pessoais. Esta","og_url":"https:\/\/omoriwifi.com\/id\/politica-de-privacidade\/","og_site_name":"Omori WIFI","twitter_card":"summary_large_image","twitter_misc":{"Estimasi waktu membaca":"5 menit"},"schema":{"@context":"https:\/\/schema.org","@graph":[{"@type":"WebPage","@id":"https:\/\/omoriwifi.com\/zh\/politica-de-privacidade\/","url":"https:\/\/omoriwifi.com\/zh\/politica-de-privacidade\/","name":"Pol\u00edtica de privacidade - Omori WIFI","isPartOf":{"@id":"https:\/\/omoriwifi.com\/ja\/#website"},"datePublished":"2025-03-25T17:10:57+00:00","breadcrumb":{"@id":"https:\/\/omoriwifi.com\/zh\/politica-de-privacidade\/#breadcrumb"},"inLanguage":"id","potentialAction":[{"@type":"ReadAction","target":["https:\/\/omoriwifi.com\/zh\/politica-de-privacidade\/"]}]},{"@type":"BreadcrumbList","@id":"https:\/\/omoriwifi.com\/zh\/politica-de-privacidade\/#breadcrumb","itemListElement":[{"@type":"ListItem","position":1,"name":"Home","item":"https:\/\/omoriwifi.com\/ja\/"},{"@type":"ListItem","position":2,"name":"Pol\u00edtica de privacidade"}]},{"@type":"WebSite","@id":"https:\/\/omoriwifi.com\/ja\/#website","url":"https:\/\/omoriwifi.com\/ja\/","name":"WiFi Omori","description":"Blog WordPress Saya","potentialAction":[{"@type":"SearchAction","target":{"@type":"EntryPoint","urlTemplate":"https:\/\/omoriwifi.com\/ja\/?s={search_term_string}"},"query-input":{"@type":"PropertyValueSpecification","valueRequired":true,"valueName":"search_term_string"}}],"inLanguage":"id"}]}},"_links":{"self":[{"href":"https:\/\/omoriwifi.com\/id\/wp-json\/wp\/v2\/pages\/24984","targetHints":{"allow":["GET"]}}],"collection":[{"href":"https:\/\/omoriwifi.com\/id\/wp-json\/wp\/v2\/pages"}],"about":[{"href":"https:\/\/omoriwifi.com\/id\/wp-json\/wp\/v2\/types\/page"}],"author":[{"embeddable":true,"href":"https:\/\/omoriwifi.com\/id\/wp-json\/wp\/v2\/users\/2"}],"replies":[{"embeddable":true,"href":"https:\/\/omoriwifi.com\/id\/wp-json\/wp\/v2\/comments?post=24984"}],"version-history":[{"count":0,"href":"https:\/\/omoriwifi.com\/id\/wp-json\/wp\/v2\/pages\/24984\/revisions"}],"wp:attachment":[{"href":"https:\/\/omoriwifi.com\/id\/wp-json\/wp\/v2\/media?parent=24984"}],"curies":[{"name":"wp","href":"https:\/\/api.w.org\/{rel}","templated":true}]}}