{"id":24908,"date":"2025-03-25T17:10:57","date_gmt":"2025-03-25T17:10:57","guid":{"rendered":"https:\/\/peachpuff-dugong-919786.hostingersite.com\/chinh-sach-bao-mat\/"},"modified":"2025-03-25T17:10:57","modified_gmt":"2025-03-25T17:10:57","slug":"chinh-sach-bao-mat","status":"publish","type":"page","link":"https:\/\/omoriwifi.com\/ja\/chinh-sach-bao-mat\/","title":{"rendered":"Ch\u00ednh s\u00e1ch b\u1ea3o m\u1eadt"},"content":{"rendered":"<h3 class=\"wp-block-heading\"><strong>Ng\u00e0y c\u00f3 hi\u1ec7u l\u1ef1c<\/strong> : 20 th\u00e1ng 4 n\u0103m 2025<\/h3>\n\n\n\n<p>\u30bf\u30a4 <strong>SIM\u5927\u68ee\u30de\u30fc\u30c8<\/strong> \u3001\u0111\u01b0\u1ee3c \u0111i\u1ec1u h\u00e0nh b\u1edfi&nbsp;<strong>\u30b3\u30f3\u30d5\u30a3\u30ba\u30b8\u30e3\u30d1\u30f3\u5408\u540c\u4f1a\u793e<\/strong> \u3001ch\u00fang toi cam k\u1ebft b\u1ea3o v\u1ec7 quy\u1ec1n ri\u00eang t\u01b0 c\u1ee7a b\u1ea1n v\u00e0 \u0111\u1ea3m b\u1ea3o an to\u00e0n cho th\u00f4ng tin c\u00e1 nh\u00e2n c\u1ee7a b\u1ea1n. Ch\u00ednh s\u00e1ch b\u1ea3o m\u1eadt nay n\u00eau r\u00f5 c\u00e1ch ch\u00fang t\u00f4i thu th\u1eadp, s\u1eed d\u1ee5ng, ti\u1ebft l\u1ed9 v\u00e0 b\u1ea3o v\u1ec7 th\u00f4ng tin c\u1ee7a b\u1ea1n khi b\u1ea1n truy c\u1eadp Ho\u1eb7c mua h\u00e0ng tr\u00ean trang web c\u1ee7a ch\u00fang toi. B\u1eb1ng c\u00e1ch s\u1eed d\u1ee5ng trang web v\u00e0 d\u1ecbch v\u1ee5 c\u1ee7a ch\u00fang toi, b\u1ea1n \u0111\u1ed3ng \u00fd v\u1edbi c\u00e1c ho\u1ea1t \u0111\u1ed9ng \u0111\u01b0\u1ee3c m\u00f4 t\u1ea3 tron Ch\u00ednh s\u00e1ch b\u1ea3o\u3060\u3081\u3067\u3059\u3002  <\/p>\n\n\n\n<h4 class=\"wp-block-heading\">&nbsp;<\/h4>\n\n\n\n<h4 class=\"wp-block-heading\"><strong>1. \u30c8\u30f3\u30fb\u30c6\u30a3\u30f3\u30fb\u30c1\u30e5\u30f3\u30fb\u30c8\u30a5\u30a4\u30fb\u30c8\u30a5\u30fb\u30bf\u30c3\u30d7<\/strong><\/h4>\n\n\n\n<p>Ch\u00fang toi thu th\u1eadp th\u00f4ng tin c\u00e1 nh\u00e2n c\u1ee7a b\u1ea1n \u0111\u1ec3 cung c\u1ea5p d\u1ecbch v\u1ee5 c\u1ee7a ch\u00fang t\u00f4i v\u00e0 c\u1ea3i thi\u1ec7n tr\u1ea3i nghi\u1ec7m c\u1ee7a b\u1ea1n tr\u00ean\u30aa\u30e2\u30ea\u30de\u30fc\u30c8\u3002 C\u00e1c lo\u1ea1i th\u00f4ng tin ch\u00fang t\u00f4i th\u1eadp bao g\u1ed3m: <\/p>\n\n\n\n<p>1.1 <strong>Th\u00f4ng tin c\u00e1 nh\u00e2n<\/strong> :<\/p>\n\n\n\n<ul class=\"wp-block-list\">\n<li>\u30c6\u30f3<\/li>\n\n\n\n<li>\u0110\u1ecba ch\u1ec9<\/li>\n\n\n\n<li>\u0110\u1ecba ch\u1ec9 Email<\/li>\n\n\n\n<li>S\u1ed1 \u0111i\u1ec7n tho\u1ea1i<\/li>\n\n\n\n<li>Th\u00f4ng tin thanh to\u00e1n (chi ti\u1ebft th\u1ebb t\u00edn d\u1ee5ng\u3001chi ti\u1ebft chuy\u1ec3n kho\u1ea3n ng\u00e2n h\u00e0ng\u3001vv)<\/li>\n\n\n\n<li>\u30ac\u30a4\u30fb\u30b7\u30f3 (\u0111\u1ec3 x\u00e1c minh \u0111\u1ed9 tu\u1ed5i u\u1ed1ng r\u01b0\u1ee3u h\u1ee3p phap)<\/li>\n<\/ul>\n\n\n\n<p>1.2 <strong>Th\u00f4ng tin phi c\u00e1 nh\u00e2n<\/strong> :<\/p>\n\n\n\n<ul class=\"wp-block-list\">\n<li>Lo\u1ea1i tr\u00ecnh duy\u1ec7t<\/li>\n\n\n\n<li>Th\u00f4ng tin thi\u1ebft b\u1ecb<\/li>\n\n\n\n<li>\u0110\u1ecba ch\u1ec9 IP<\/li>\n\n\n\n<li>D\u1eef li\u1ec7u s\u1eed d\u1ee5ng trang web (c\u00e1c trang \u0111\u00e3 truy c\u1eadp, th\u1eddi gian d\u00e0nh tr\u00ean trang, vv)<\/li>\n<\/ul>\n\n\n\n<h4 class=\"wp-block-heading\"><strong>2. Ch\u00fang t\u00f4i s\u1eed d\u1ee5ng th\u00f4ng tin c\u1ee7a b\u1ea1n nh\u01b0 th\u1ebf nao<\/strong><\/h4>\n\n\n\n<p>\u3042\u306a\u305f\u306e\u610f\u898b\u3092\u805e\u3044\u3066\u304f\u3060\u3055\u3044:<\/p>\n\n\n\n<p>2.1 <strong>X\u1eed l\u00fd \u0111\u01a1n h\u00e0ng<\/strong> :<\/p>\n\n\n\n<ul class=\"wp-block-list\">\n<li>\u0110\u1ec3 x\u1eed l\u00fd v\u00e0 ho\u00e0n t\u1ea5t \u0111\u01a1n h\u00e0ng c\u1ee7a b\u1ea1n, bao g\u1ed3m c\u1ea3 vi\u1ec7c v\u1eadn chuy\u1ec3n v\u00e0 x\u1eed l\u00fd thanh to\u00e1n.<\/li>\n\n\n\n<li>\u3042\u306a\u305f\u306e\u30e1\u30fc\u30eb\u30a2\u30c9\u30ec\u30b9\u3092\u78ba\u8a8d\u3057\u3066\u304f\u3060\u3055\u3044\u3002<\/li>\n<\/ul>\n\n\n\n<p>2.2 <strong>D\u1ecbch v\u1ee5 kh\u00e1ch h\u00e0ng<\/strong> :<\/p>\n\n\n\n<ul class=\"wp-block-list\">\n<li>\u0110\u1ec3 tr\u1ea3 l\u1eddi c\u00e1c th\u1eafc m\u1eafc, y\u00eau c\u1ea7u ho\u1eb7c khi\u1ebfu n\u1ea1i c\u1ee7a b\u1ea1n.<\/li>\n\n\n\n<li>\u0110\u1ec3 th\u00f4ng b\u00e1o cho b\u1ea1n v\u1ec1 nh\u1eefng c\u1eadp nh\u1eadt ho\u1eb7c thay \u0111\u1ed5i trong \u0111\u01a1n h\u00e0ng c\u1ee7a b\u1ea1n.<\/li>\n<\/ul>\n\n\n\n<p>2.3 <strong>C\u00e1 nh\u00e2n h\u00f3a<\/strong> :<\/p>\n\n\n\n<ul class=\"wp-block-list\">\n<li>\u0110\u1ec3 c\u00e1 nh\u00e2n h\u00f3a tr\u1ea3i nghi\u1ec7m mua s\u1eafm c\u1ee7a b\u1ea1n b\u1eb1ng c\u00e1ch \u0111\u1ec1 xu\u1ea5t s\u1ea3n ph\u1ea9m d\u1ef1a tr\u00ean l\u1ecbch s\u1eed duy\u1ec7t web v\u00e0 mua h\u00e0ng c\u1ee7a\u30d0\u30f3\u3002<\/li>\n\n\n\n<li>\u30a6\u30a7\u30d6\u4e0a\u3067\u306e\u60c5\u5831\u3092\u78ba\u8a8d\u3057\u3066\u304f\u3060\u3055\u3044\u3002<\/li>\n<\/ul>\n\n\n\n<p>2.4 <strong>Ti\u1ebfp th\u1ecb v\u00e0 Qu\u1ea3ng c\u00e1o<\/strong> :<\/p>\n\n\n\n<ul class=\"wp-block-list\">\n<li>G\u1eedi cho b\u1ea1n c\u00e1c \u01b0u \u0111\u00e3i khuy\u1ebfn m\u1ea1i, gi\u1ea3m gi\u00e1 v\u00e0 th\u00f4ng tin c\u1eadp nh\u1eadt v\u1ec1 s\u1ea3n ph\u1ea9m v\u00e0 d\u1ecbch v\u1ee5 c\u1ee7a OMORI-MART (ch\u1ec9 khi b\u1ea1n) ch\u1ecdn nh\u1eadn th\u00f4ng tin ti\u1ebfp th\u1ecb)\u3002<\/li>\n\n\n\n<li>Th\u00f4ng b\u00e1o cho b\u1ea1n v\u1ec1 c\u00e1c m\u1ee9c gi\u1ea3m gi\u00e1 \u0111\u1eb7c bi\u1ec7t khi \u0111\u1eb7t h\u00e0ng s\u1ed1 l\u01b0\u1ee3ng l\u1edbn \u0111\u1ed3 u\u1ed1ng c\u00f3 c\u1ed3n v\u00e0 c\u00e1c s\u1ea3n ph\u1ea9m t\u1eeb\u305d\u308c\u3002<\/li>\n<\/ul>\n\n\n\n<p>2.5 <strong>Tu\u00e2n th\u1ee7 ph\u00e1p lu\u1eadt<\/strong> :<\/p>\n\n\n\n<ul class=\"wp-block-list\">\n<li>\u0110\u1ec3 tu\u00e2n th\u1ee7 c\u00e1c y\u00eau c\u1ea7u ph\u00e1p l\u00fd nh\u01b0 x\u00e1c minh \u0111\u1ed9 tu\u1ed5i u\u1ed1ng r\u01b0\u1ee3u h\u1ee3p ph\u00e1p \u0111\u1ec3 mua \u0111\u1ed3 u\u1ed1ng c\u00f3 c\u1ed3n.<\/li>\n<\/ul>\n\n\n\n<h4 class=\"wp-block-heading\">&nbsp;<\/h4>\n\n\n\n<h4 class=\"wp-block-heading\"><strong>3. Chia s\u1ebb th\u00f4ng tin<\/strong><\/h4>\n\n\n\n<p>\u3042\u306a\u305f\u306e\u4eba\u751f\u306f\u3001\u3042\u306a\u305f\u304c\u672c\u5f53\u306b\u5e78\u305b\u306a\u4eba\u751f\u3092\u9001\u308a\u305f\u3044\u3068\u601d\u3063\u3066\u3044\u307e\u3059\u3002\u30c8\u30a5\u30a4\u30cb\u30a8\u30f3\u3001\u30c1\u30e5\u30f3 \u30c8\u30a5\u30a4 \u30b3\u30fc \u30c8\u30a5\u30a4 \u30c1\u30a2 \u30b7\u30f3 \u30c1\u30f3 \u30c1\u30f3 \u30b3\u30a2: <\/p>\n\n\n\n<p>3.1 <strong>Nh\u00e0 cung c\u1ea5p d\u1ecbch v\u1ee5<\/strong> :<\/p>\n\n\n\n<ul class=\"wp-block-list\">\n<li>C\u00e1c c\u00f4ng ty b\u00ean th\u1ee9 ba h\u1ed7 tr\u1ee3 x\u1eed l\u00fd thanh to\u00e1n, v\u1eadn chuy\u1ec3n v\u00e0 th\u1ef1c hi\u1ec7n \u0111\u01a1n h\u00e0ng.<\/li>\n\n\n\n<li>Nh\u00e0 cung c\u1ea5p d\u1ecbch v\u1ee5 b\u1ea3o tr\u00ec\u3001ph\u00e2n t\u00edch v\u00e0 ti\u1ebfp th\u1ecb trang web\u3002<\/li>\n<\/ul>\n\n\n\n<p>3.2 <strong>Tu\u00e2n th\u1ee7 ph\u00e1p lu\u1eadt<\/strong> :<\/p>\n\n\n\n<ul class=\"wp-block-list\">\n<li>N\u1ebfu ph\u00e1p lu\u1eadt y\u00eau c\u1ea7u, ch\u00fang toi c\u00f3 th\u1ec3 ti\u1ebft l\u1ed9 th\u00f4ng tin c\u00e1 nh\u00e2n cho c\u00e1c c\u01a1 quan ch\u00ednh ph\u1ee7 ho\u1eb7c b\u00ean th\u1ee9 ba kh\u00e1c \u0111\u1ec3 tu\u00e2n th\u1ee7 c\u00e1c ngh\u0129a v\u1ee5 ph\u00e1p l\u00fd, ng\u0103n ch\u1eb7n gian l\u1eadn ho\u1eb7c b\u1ea3o v\u1ec7 quy\u1ec1n c\u1ee7a OMORI-MART v\u00e0 kh\u00e1ch h\u00e0ng.<\/li>\n<\/ul>\n\n\n\n<h4 class=\"wp-block-heading\">&nbsp;<\/h4>\n\n\n\n<h4 class=\"wp-block-heading\"><strong>4. B\u1ea3o m\u1eadt d\u1eef li\u1ec7u<\/strong><\/h4>\n\n\n\n<p>\u975e\u5e38\u306b\u4fbf\u5229\u306a\u6a5f\u80fd\u3067\u3059\u3002 Ch\u00fang toi s\u1eed d\u1ee5ng c\u00e1c giao th\u1ee9c m\u00e3 h\u00f3a ti\u00eau chu\u1ea9n c\u00f4ng nghi\u1ec7p v\u00e0 c\u00e1c c\u1ed5ng thanh to\u00e1n an to\u00e0n \u0111\u1ec3 b\u1ea3o v\u1ec7 th\u00f4ng tin thanh to\u00e1n nh\u1ea1y c\u1ea3m c\u1ee7a\u30d0\u30f3\u3002 100% \u3092\u4f7f\u7528\u3057\u3066\u3001\u30a4\u30f3\u30bf\u30fc\u30cd\u30c3\u30c8 \u30a2\u30af\u30bb\u30b9\u3092\u78ba\u8a8d\u3057\u3066\u304f\u3060\u3055\u3044\u3002 M\u1eb7c d\u00f9 ch\u00fang t\u00f4i n\u1ed7 l\u1ef1c b\u1ea3o v\u1ec7 th\u00f4ng tin c\u00e1 nh\u00e2n c\u1ee7a b\u1ea1n, ch\u00fang toi kh\u00f4ng th\u1ec3 \u0111\u1ea3m b\u1ea3o t\u00ednh b\u1ea3o m\u1eadt tuy\u1ec7t \u0111\u1ed1i c\u1ee7a th\u00f4ng tin \u0111\u00f3\u3002   <\/p>\n\n\n\n<h4 class=\"wp-block-heading\">&nbsp;<\/h4>\n\n\n\n<h4 class=\"wp-block-heading\"><strong>5. \u30af\u30c3\u30ad\u30fc\u30fb\u30f4\u30a1\u30fb\u30b3\u30f3\u30fb\u30f3\u30fb\u30c6\u30aa\u30fb\u30c9\u30fc\u30a4<\/strong><\/h4>\n\n\n\n<p>OMORI-MART \u3067\u306f\u3001\u30af\u30c3\u30ad\u30fc\u3092\u30aa\u30f3\u30e9\u30a4\u30f3\u3067\u3054\u5229\u7528\u3044\u305f\u3060\u3051\u307e\u3059\u3002 Cookie \u306f\u3001\u30a6\u30a7\u30d6\u4e0a\u3067\u3055\u307e\u3056\u307e\u306a\u60c5\u5831\u3092\u53ce\u96c6\u3057\u3001\u305d\u306e\u5185\u5bb9\u3092\u78ba\u8a8d\u3067\u304d\u307e\u3059\u3002 <\/p>\n\n\n\n<p>5.1 <strong>C\u00e1c lo\u1ea1i Cookie ch\u00fang toi s\u1eed d\u1ee5ng<\/strong> :<\/p>\n\n\n\n<ul class=\"wp-block-list\">\n<li><strong>Cookie thi\u1ebft y\u1ebfu<\/strong> : \u30af\u30c3\u30ad\u30fc\u306f\u3001\u30a6\u30a7\u30d6\u4e0a\u3067\u7c21\u5358\u306b\u8868\u793a\u3055\u308c\u307e\u3059\u3002<\/li>\n\n\n\n<li><strong>Cookie ph\u00e2n t\u00edch<\/strong> : \u0110\u01b0\u1ee3c s\u1eed d\u1ee5ng \u0111\u1ec3 thu th\u1eadp d\u1eef li\u1ec7u v\u1ec1 c\u00e1ch ng\u01b0\u1eddi d\u00f9ng t\u01b0\u01a1ng t\u00e1c v\u1edbi trang web (v\u00ed d\u1ee5: c\u00e1c trang \u0111\u00e3 truy c\u1eadp, th\u1eddi)\u30b8\u30e3\u30f3\u30fb\u30c0\u30f3\u30fb\u30e9\uff09\u3002<\/li>\n\n\n\n<li><strong>Cookie ti\u1ebfp th\u1ecb<\/strong> : \u0110\u01b0\u1ee3c s\u1eed d\u1ee5ng \u0111\u1ec3 cung c\u1ea5p n\u1ed9i dung qu\u1ea3ng c\u00e1o v\u00e0 khuy\u1ebfn m\u1ea1i \u0111\u01b0\u1ee3c c\u00e1 nh\u00e2n h\u00f3a.<\/li>\n<\/ul>\n\n\n\n<p>B\u1ea1n c\u00f3 th\u1ec3 \u0111i\u1ec1u ch\u1ec9nh c\u00e0i \u0111\u1eb7t cookie trong tr\u00ecnh duy\u1ec7t c\u1ee7a m\u00ecnh \u0111\u1ec3 t\u1eeb ch\u1ed1i cookie, nh\u01b0ng \u0111i\u1ec1u n\u00e0y c\u00f3 th\u1ec3 h\u1ea1n ch\u1ebf\u5927\u68ee\u30de\u30fc\u30c8\u306b\u884c\u3063\u3066\u307f\u307e\u3057\u3087\u3046\u3002<\/p>\n\n\n\n<h4 class=\"wp-block-heading\">&nbsp;<\/h4>\n\n\n\n<h4 class=\"wp-block-heading\"><strong>6. \u30af\u30a4\u30f3\u30fb\u30f4\u30a1\u30fb\u30e9\u30fb\u30c1\u30e3\u30f3\u30fb\u30ab\u30d0\u30f3<\/strong><\/h4>\n\n\n\n<p>6.1 <strong>Truy c\u1eadp v\u00e0 ch\u1ec9nh s\u1eeda<\/strong> :<\/p>\n\n\n\n<ul class=\"wp-block-list\">\n<li>\u672c\u5f53\u306e\u3053\u3068\u306f\u308f\u304b\u308a\u307e\u305b\u3093\u3002 B\u1ea1n c\u00f3 th\u1ec3 th\u1ef1c hi\u1ec7n vi\u1ec7c nay b\u1eb1ng c\u00e1ch \u0111\u0103ng nh\u1eadp v\u00e0o t\u00e0i kho\u1ea3n c\u1ee7a m\u00ecnh ho\u1eb7c li\u00ean h\u1ec7 v\u1edbi nh\u00f3m h\u1ed7 tr\u1ee3 kh\u00e1ch h\u00e0ng c\u1ee7a\u30c1\u30e7\u30f3\u30fb\u30c8\u30a4\u3002 <\/li>\n<\/ul>\n\n\n\n<p>6.2 <strong>T\u1eeb ch\u1ed1i nh\u1eadn th\u00f4ng tin ti\u1ebfp th\u1ecb<\/strong> :<\/p>\n\n\n\n<ul class=\"wp-block-list\">\n<li>\u4f55\u3082\u8a00\u308f\u305a\u306b\u3001\u3042\u306a\u305f\u306f\u3001\u3042\u306a\u305f\u304c\u3069\u306e\u3088\u3046\u306a\u3053\u3068\u3092\u8003\u3048\u3066\u3044\u308b\u306e\u304b\u3001\u3042\u306a\u305f\u304c\u3069\u306e\u3088\u3046\u306a\u3053\u3068\u3092\u8003\u3048\u3066\u3044\u308b\u306e\u304b\u3092\u77e5\u308a\u305f\u3044\u3067\u3059\u304b\uff1f \u300ch\u1ee7y \u0111\u0103ng k\u00fd\u300d\u3068\u3044\u3046\u30e1\u30fc\u30eb\u306f\u3001h\u1ee7a ch\u00fang t\u00f4i ho\u1eb7c li\u00ean h\u1ec7 tr\u1ef1c ti\u1ebfp v\u1edbi ch\u00fang toi \u3067\u3059\u3002<\/li>\n<\/ul>\n\n\n\n<p>6.3 <strong>X\u00f3a t\u00e0i kho\u1ea3n<\/strong> :<\/p>\n\n\n\n<ul class=\"wp-block-list\">\n<li>SIM-OMORI-MART \u3092\u5229\u7528\u3059\u308b\u306b\u306f\u3001\u6b21\u306e\u64cd\u4f5c\u3092\u884c\u3063\u3066\u304f\u3060\u3055\u3044\u3002\u30c1\u30e7\u30f3\u30fb\u30c8\u30a4\u3002\u3042\u306a\u305f\u306e\u4eba\u751f\u306f\u3001\u3042\u306a\u305f\u304c\u4f55\u3092\u3057\u3066\u3044\u308b\u306e\u304b\u3092\u77e5\u308b\u3053\u3068\u304c\u3067\u304d\u307e\u3059\u3002 <\/li>\n<\/ul>\n\n\n\n<h4 class=\"wp-block-heading\">&nbsp;<\/h4>\n\n\n\n<h4 class=\"wp-block-heading\"><strong>7. Quy\u1ec1n ri\u00eang t\u01b0 c\u1ee7a tr\u1ebb em<\/strong><\/h4>\n\n\n\n<p>SIM-OMORI-MART kh\u00f4ng d\u00e0nh cho tr\u1ebb em d\u01b0\u1edbi 18 tu\u1ed5i s\u1ee5d\u1ee5ng v\u00e0 ch\u00fang t\u00f4i kh\u00f4ng c\u1ed1 \u00fd thu th\u1eadp th\u00f4ng tin c\u00e1 nh\u00e2n t\u1eeb tr\u1ebb v\u1ecb th\u00e0nh ni\u00ean\u3002\u3042\u306a\u305f\u306e\u4eba\u751f\u304c\u3069\u306e\u3088\u3046\u306a\u3082\u306e\u3067\u3042\u308b\u304b\u3092\u77e5\u308a\u307e\u305b\u3093\u304b\uff1f\u3068\u3066\u3082\u697d\u3057\u3044\u3067\u3059\u3002 <\/p>\n\n\n\n<h4 class=\"wp-block-heading\">&nbsp;<\/h4>\n\n\n\n<h4 class=\"wp-block-heading\"><strong>8. Li\u00ean k\u1ebft c\u1ee7a b\u00ean th\u1ee9 ba<\/strong><\/h4>\n\n\n\n<p>Trang Web \u3067\u306f\u3001OMORI-MART \u0111i\u1ec1u h\u00e0nh \u3092\u3054\u89a7\u3044\u305f\u3060\u3051\u307e\u3059\u3002\u3042\u306a\u305f\u306e\u30a6\u30a7\u30d6\u30b5\u30a4\u30c8\u3092\u30c1\u30a7\u30c3\u30af\u3057\u3066\u304f\u3060\u3055\u3044\u3002\u3042\u306a\u305f\u306e\u30a6\u30a7\u30d6\u30b5\u30a4\u30c8\u3092\u78ba\u8a8d\u3057\u3066\u304f\u3060\u3055\u3044\u3002  <\/p>\n\n\n\n<h4 class=\"wp-block-heading\">&nbsp;<\/h4>\n\n\n\n<h4 class=\"wp-block-heading\"><strong>9. Thay \u0111\u1ed5i Ch\u00ednh s\u00e1ch b\u1ea3o m\u1eadt<\/strong><\/h4>\n\n\n\n<p>Ch\u00fang toi c\u00f3 th\u1ec3 c\u1eadp nh\u1eadt Ch\u00ednh s\u00e1ch b\u1ea3o m\u1eadt nay theo th\u1eddi gian \u0111\u1ec3 ph\u1ea3n \u00e1nh nh\u1eefng thay \u0111\u1ed5i trong ho\u1ea1t \u0111\u1ed9ng c\u1ee7a ch\u00fang t\u00f4i ho\u1eb7c v\u00ec nh\u1eefng l\u00fd do ho\u1ea1t \u0111\u1ed9ng\u3001ph\u00e1p l\u00fd ho\u1eb7c quy \u0111\u1ecbnh kh\u00e1c\u3002 B\u1ea5t k\u1ef3 thay \u0111\u1ed5i nao \u0111\u1ed1i v\u1edbi Ch\u00ednh s\u00e1ch b\u1ea3o m\u1eadt nay s\u1ebd \u0111\u01b0\u1ee3c \u0111\u0103ng tr\u00ean trang web c\u1ee7a ch\u00fang t\u00f4i v\u1edbi ng\u00e0y c\u00f3 hi\u1ec7u l\u1ef1c \u0111\u01b0\u1ee3c c\u1eadp nh\u1eadt\u3002 Vi\u1ec7c b\u1ea1n ti\u1ebfp t\u1ee5c s\u1eed d\u1ee5ng OMORI-MART sau b\u1ea5t k\u1ef3 thay \u0111\u1ed5i n\u00e0o \u0111\u1ed1i v\u1edbi Ch\u00ednh s\u00e1ch b\u1ea3o m\u1eadt c\u00f3 ngh\u0129a l\u00e0 b\u1ea1n ch\u1ea5p nh\u1eadn nh\u1eefng thay \u0111\u1ed5i \u0111\u00f3\u3002  <\/p>\n\n\n\n<h4 class=\"wp-block-heading\">&nbsp;<\/h4>\n\n\n\n<h4 class=\"wp-block-heading\"><strong>10. \u30ea\u30a8\u30f3\u30fb\u30db\u30f4\u30fb\u30c1\u30e5\u30f3\u30fb\u30c8\u30a4<\/strong><\/h4>\n\n\n\n<p>N\u1ebfu b\u1ea1n c\u00f3 b\u1ea5t k\u1ef3 c\u00e2u h\u1ecfi ho\u1eb7c th\u1eafc m\u1eafc nao v\u1ec1 Ch\u00ednh s\u00e1ch b\u1ea3o m\u1eadt nay ho\u1eb7c c\u00e1ch th\u00f4ng tin c\u00e1 nh\u00e2n c\u1ee7a b\u1ea1n \u0111\u01b0\u1ee3c x\u1eed l\u00fd, vui l\u00f2ng li\u00ean h\u1ec7 v\u1edbi ch\u00fang toi theo \u0111\u1ecba ch\u1ec9:<\/p>\n\n\n\n<ul class=\"wp-block-list\">\n<li><strong>\u30e1\u30fc\u30eb<\/strong> : support@omorimart.com<\/li>\n\n\n\n<li><strong>\u0110\u1ecba ch\u1ec9<\/strong> : \u30a2\u30fc\u30eb\u30ad\u30e5\u30fc\u30d6\u9752\u5c71\u3001\u3012107-0061 \u6771\u4eac\u90fd\u6e2f\u533a\u5317\u9752\u5c711-3-1 T\u1ea7ng 3\u3001\u30cb\u30e3\u30c3\u30c8\u30d0\u30f3<\/li>\n<\/ul>\n\n\n\n<p>B\u1eb1ng c\u00e1ch s\u1eed d\u1ee5ng OMORI-MART, b\u1ea1n \u0111\u1ed3ng \u00fd v\u1edbi vi\u1ec7c thu th\u1eadp v\u00e0 s\u1eed d\u1ee5ng th\u00f4ng tin c\u00e1 nh\u00e2n c\u1ee7a b\u1ea1n nh\u01b0 \u0111\u01b0\u1ee3c n\u00eau trong Ch\u00ednh s\u00e1ch b\u1ea3o m\u1eadt nay\u3002<\/p>","protected":false},"excerpt":{"rendered":"<p>Ng\u00e0y c\u00f3 hi\u1ec7u l\u1ef1c : 20 th\u00e1ng 4 n\u0103m 2025 T\u1ea1i SIM-OMORI-MART , \u0111\u01b0\u1ee3c \u0111i\u1ec1u h\u00e0nh b\u1edfi&nbsp;COMFYS JAPAN LLC , ch\u00fang t\u00f4i cam k\u1ebft b\u1ea3o v\u1ec7 quy\u1ec1n ri\u00eang t\u01b0 c\u1ee7a<\/p>","protected":false},"author":2,"featured_media":0,"parent":0,"menu_order":0,"comment_status":"closed","ping_status":"open","template":"","meta":{"footnotes":""},"class_list":["post-24908","page","type-page","status-publish","hentry"],"yoast_head":"<!-- This site is optimized with the Yoast SEO plugin v27.2 - https:\/\/yoast.com\/product\/yoast-seo-wordpress\/ -->\n<title>Ch\u00ednh s\u00e1ch b\u1ea3o m\u1eadt - Omori WIFI<\/title>\n<meta name=\"robots\" content=\"index, follow, max-snippet:-1, max-image-preview:large, max-video-preview:-1\" \/>\n<link rel=\"canonical\" href=\"https:\/\/omoriwifi.com\/ja\/chinh-sach-bao-mat\/\" \/>\n<meta property=\"og:locale\" content=\"ja_JP\" \/>\n<meta property=\"og:type\" content=\"article\" \/>\n<meta property=\"og:title\" content=\"Ch\u00ednh s\u00e1ch b\u1ea3o m\u1eadt - Omori WIFI\" \/>\n<meta property=\"og:description\" content=\"Ng\u00e0y c\u00f3 hi\u1ec7u l\u1ef1c : 20 th\u00e1ng 4 n\u0103m 2025 T\u1ea1i SIM-OMORI-MART , \u0111\u01b0\u1ee3c \u0111i\u1ec1u h\u00e0nh b\u1edfi&nbsp;COMFYS JAPAN LLC , ch\u00fang t\u00f4i cam k\u1ebft b\u1ea3o v\u1ec7 quy\u1ec1n ri\u00eang t\u01b0 c\u1ee7a\" \/>\n<meta property=\"og:url\" content=\"https:\/\/omoriwifi.com\/ja\/chinh-sach-bao-mat\/\" \/>\n<meta property=\"og:site_name\" content=\"Omori WIFI\" \/>\n<meta name=\"twitter:card\" content=\"summary_large_image\" \/>\n<meta name=\"twitter:label1\" content=\"\u63a8\u5b9a\u8aad\u307f\u53d6\u308a\u6642\u9593\" \/>\n\t<meta name=\"twitter:data1\" content=\"11\u5206\" \/>\n<script type=\"application\/ld+json\" class=\"yoast-schema-graph\">{\"@context\":\"https:\/\/schema.org\",\"@graph\":[{\"@type\":\"WebPage\",\"@id\":\"https:\/\/omoriwifi.com\/de\/chinh-sach-bao-mat\/\",\"url\":\"https:\/\/omoriwifi.com\/de\/chinh-sach-bao-mat\/\",\"name\":\"Ch\u00ednh s\u00e1ch b\u1ea3o m\u1eadt - Omori WIFI\",\"isPartOf\":{\"@id\":\"https:\/\/omoriwifi.com\/ja\/#website\"},\"datePublished\":\"2025-03-25T17:10:57+00:00\",\"breadcrumb\":{\"@id\":\"https:\/\/omoriwifi.com\/de\/chinh-sach-bao-mat\/#breadcrumb\"},\"inLanguage\":\"ja\",\"potentialAction\":[{\"@type\":\"ReadAction\",\"target\":[\"https:\/\/omoriwifi.com\/de\/chinh-sach-bao-mat\/\"]}]},{\"@type\":\"BreadcrumbList\",\"@id\":\"https:\/\/omoriwifi.com\/de\/chinh-sach-bao-mat\/#breadcrumb\",\"itemListElement\":[{\"@type\":\"ListItem\",\"position\":1,\"name\":\"Home\",\"item\":\"https:\/\/omoriwifi.com\/ja\/\"},{\"@type\":\"ListItem\",\"position\":2,\"name\":\"Ch\u00ednh s\u00e1ch b\u1ea3o m\u1eadt\"}]},{\"@type\":\"WebSite\",\"@id\":\"https:\/\/omoriwifi.com\/ja\/#website\",\"url\":\"https:\/\/omoriwifi.com\/ja\/\",\"name\":\"Omori WiFi\",\"description\":\"My WordPress Blog\",\"potentialAction\":[{\"@type\":\"SearchAction\",\"target\":{\"@type\":\"EntryPoint\",\"urlTemplate\":\"https:\/\/omoriwifi.com\/ja\/?s={search_term_string}\"},\"query-input\":{\"@type\":\"PropertyValueSpecification\",\"valueRequired\":true,\"valueName\":\"search_term_string\"}}],\"inLanguage\":\"ja\"}]}<\/script>\n<!-- \/ Yoast SEO plugin. -->","yoast_head_json":{"title":"Ch\u00ednh s\u00e1ch b\u1ea3o m\u1eadt - Omori WIFI","robots":{"index":"index","follow":"follow","max-snippet":"max-snippet:-1","max-image-preview":"max-image-preview:large","max-video-preview":"max-video-preview:-1"},"canonical":"https:\/\/omoriwifi.com\/ja\/chinh-sach-bao-mat\/","og_locale":"ja_JP","og_type":"article","og_title":"Ch\u00ednh s\u00e1ch b\u1ea3o m\u1eadt - Omori WIFI","og_description":"Ng\u00e0y c\u00f3 hi\u1ec7u l\u1ef1c : 20 th\u00e1ng 4 n\u0103m 2025 T\u1ea1i SIM-OMORI-MART , \u0111\u01b0\u1ee3c \u0111i\u1ec1u h\u00e0nh b\u1edfi&nbsp;COMFYS JAPAN LLC , ch\u00fang t\u00f4i cam k\u1ebft b\u1ea3o v\u1ec7 quy\u1ec1n ri\u00eang t\u01b0 c\u1ee7a","og_url":"https:\/\/omoriwifi.com\/ja\/chinh-sach-bao-mat\/","og_site_name":"Omori WIFI","twitter_card":"summary_large_image","twitter_misc":{"\u63a8\u5b9a\u8aad\u307f\u53d6\u308a\u6642\u9593":"11\u5206"},"schema":{"@context":"https:\/\/schema.org","@graph":[{"@type":"WebPage","@id":"https:\/\/omoriwifi.com\/de\/chinh-sach-bao-mat\/","url":"https:\/\/omoriwifi.com\/de\/chinh-sach-bao-mat\/","name":"Ch\u00ednh s\u00e1ch b\u1ea3o m\u1eadt - Omori WIFI","isPartOf":{"@id":"https:\/\/omoriwifi.com\/ja\/#website"},"datePublished":"2025-03-25T17:10:57+00:00","breadcrumb":{"@id":"https:\/\/omoriwifi.com\/de\/chinh-sach-bao-mat\/#breadcrumb"},"inLanguage":"ja","potentialAction":[{"@type":"ReadAction","target":["https:\/\/omoriwifi.com\/de\/chinh-sach-bao-mat\/"]}]},{"@type":"BreadcrumbList","@id":"https:\/\/omoriwifi.com\/de\/chinh-sach-bao-mat\/#breadcrumb","itemListElement":[{"@type":"ListItem","position":1,"name":"Home","item":"https:\/\/omoriwifi.com\/ja\/"},{"@type":"ListItem","position":2,"name":"Ch\u00ednh s\u00e1ch b\u1ea3o m\u1eadt"}]},{"@type":"WebSite","@id":"https:\/\/omoriwifi.com\/ja\/#website","url":"https:\/\/omoriwifi.com\/ja\/","name":"\u5927\u68eeWiFi","description":"\u79c1\u306eWordPress\u30d6\u30ed\u30b0","potentialAction":[{"@type":"SearchAction","target":{"@type":"EntryPoint","urlTemplate":"https:\/\/omoriwifi.com\/ja\/?s={search_term_string}"},"query-input":{"@type":"PropertyValueSpecification","valueRequired":true,"valueName":"search_term_string"}}],"inLanguage":"ja"}]}},"_links":{"self":[{"href":"https:\/\/omoriwifi.com\/ja\/wp-json\/wp\/v2\/pages\/24908","targetHints":{"allow":["GET"]}}],"collection":[{"href":"https:\/\/omoriwifi.com\/ja\/wp-json\/wp\/v2\/pages"}],"about":[{"href":"https:\/\/omoriwifi.com\/ja\/wp-json\/wp\/v2\/types\/page"}],"author":[{"embeddable":true,"href":"https:\/\/omoriwifi.com\/ja\/wp-json\/wp\/v2\/users\/2"}],"replies":[{"embeddable":true,"href":"https:\/\/omoriwifi.com\/ja\/wp-json\/wp\/v2\/comments?post=24908"}],"version-history":[{"count":0,"href":"https:\/\/omoriwifi.com\/ja\/wp-json\/wp\/v2\/pages\/24908\/revisions"}],"wp:attachment":[{"href":"https:\/\/omoriwifi.com\/ja\/wp-json\/wp\/v2\/media?parent=24908"}],"curies":[{"name":"wp","href":"https:\/\/api.w.org\/{rel}","templated":true}]}}