{"id":24968,"date":"2025-03-28T00:40:25","date_gmt":"2025-03-28T00:40:25","guid":{"rendered":"https:\/\/peachpuff-dugong-919786.hostingersite.com\/termos-e-condicoes\/"},"modified":"2025-03-28T00:40:25","modified_gmt":"2025-03-28T00:40:25","slug":"termos-e-condicoes","status":"publish","type":"page","link":"https:\/\/omoriwifi.com\/ja\/termos-e-condicoes\/","title":{"rendered":"\u5229\u7528\u898f\u7d04"},"content":{"rendered":"<p><strong>\u306f\u3058\u3081\u306b<\/strong><\/p>\n\n\n\n<p>\u30d9\u30e0\u30f4\u30a3\u30f3\u30c9\u30fb\u30a2\u30aa <strong>\u5927\u68ee\u30de\u30fc\u30c8<\/strong>\u3001\u3046\u30fc\u3093\u3001\u30e1\u30eb\u30ab\u30c9 \u30aa\u30f3\u30e9\u30a4\u30f3 \u30aa\u30da\u30e9\u30c9 \u30da\u30e9 <strong>\u30b3\u30f3\u30d5\u30a3\u30ba\u30b8\u30e3\u30d1\u30f3\u5408\u540c\u4f1a\u793e<\/strong>.&nbsp;<\/p>\n\n\n\n<p>\u30b5\u30a4\u30c8\u3078\u306e\u30a2\u30af\u30bb\u30b9\u3001\u304a\u3088\u3073\u30b5\u30fc\u30d3\u30b9\u306e\u63d0\u4f9b\u3001\u30b3\u30f3\u30b3\u30eb\u30c9\u304a\u3088\u3073\u30b3\u30f3\u30d1\u30a4\u30eb\u306e\u5b9f\u884c\u3001\u304a\u3088\u3073\u30b5\u30fc\u30d3\u30b9\u306e\u5b89\u5168\u6027\u306e\u78ba\u8a8d\u3002 Leia estes termos com aten\u00e7\u00e3o, pois eles regem o uso que voc\u00ea faz do site ea compra de produtos da OMORI-MART. <\/p>\n\n\n\n<h4 class=\"wp-block-heading\"><strong>1. \u4e00\u822c\u60c5\u5831<\/strong><\/h4>\n\n\n\n<ul class=\"wp-block-list\">\n<li><strong>\u4f1a\u793e\u540d<\/strong>: \u30b3\u30f3\u30d5\u30a3\u30ba\u30b8\u30e3\u30d1\u30f3\u5408\u540c\u4f1a\u793e<\/li>\n\n\n\n<li><strong>\u30aa\u30d5\u30a3\u30b9\u3067\u50cd\u304f<\/strong>: \u3012107-0061 \u6771\u4eac\u90fd\u6e2f\u533a\u5317\u9752\u5c711-3-1 \u30a2\u30fc\u30eb\u30ad\u30e5\u30fc\u30d6\u9752\u5c71 3\u968e<\/li>\n\n\n\n<li><strong>\u30b5\u30a4\u30c8\uff1a<\/strong> https:\/\/peachpuff-dugong-919786.hostingersite.com\/<\/li>\n\n\n\n<li><strong>\u4f1a\u793e\u306e\u8aac\u660e<\/strong>: Fazemos com que voc\u00ea fique conectado no Japanese de forma simples and sem complica\u00e7\u00f5es.\u5b9a\u671f\u7684\u306b\u98db\u884c\u6a5f\u306b\u4e57\u3063\u305f\u308a\u3001SIM \u3084\u30bd\u30ea\u30e5\u30fc\u30b7\u30e7\u30f3\u3092\u5229\u7528\u3057\u3066 Wi-Fi \u3092\u56fd\u5185\u3067\u4f7f\u7528\u3057\u305f\u308a\u3001\u4e16\u754c\u4e2d\u306e\u30a4\u30f3\u30bf\u30fc\u30cd\u30c3\u30c8 \u30b3\u30f3\u30d5\u30a3\u30ae\u30e5\u30ec\u30fc\u30b7\u30e7\u30f3\u3092\u78ba\u8a8d\u3057\u305f\u308a\u3067\u304d\u307e\u3059\u3002\u8907\u96d1\u306a\u554f\u984c\u3001\u4fe1\u983c\u6027\u306e\u691c\u8a3c \u2013 \u5b8c\u74a7\u306a\u63a5\u7d9a\u65b9\u6cd5\u3092\u78ba\u8a8d\u3057\u3001Wi-Fi \u30a2\u30af\u30bb\u30b9\u3068\u7d4c\u6e08\u6027\u3092\u4fdd\u8a3c\u3057\u307e\u3059\u3002\u67d4\u8edf\u306b\u5bfe\u5fdc\u3057\u3001\u65e5\u672c\u3067\u306e\u5b89\u5168\u6027\u3092\u78ba\u4fdd\u3059\u308b\u305f\u3081\u306e\u4fbf\u5229\u306a\u6a5f\u80fd\u3092\u512a\u5148\u3057\u3066\u3054\u5229\u7528\u3044\u305f\u3060\u3051\u307e\u3059\u3002   <\/li>\n<\/ul>\n\n\n\n<h4 class=\"wp-block-heading\"><strong>2. \u4f7f\u7528\u306e\u9069\u6027<\/strong><\/h4>\n\n\n\n<p>SIM-OMORI-MART \u3092\u4f7f\u7528\u3057\u3066\u3001\u78ba\u8a8d\u3057\u3066\u304f\u3060\u3055\u3044<\/p>\n\n\n\n<h4 class=\"wp-block-heading\"><strong>3. \u30da\u30c7\u30a3\u30c9\u30b9\u3068\u652f\u6255\u3044<\/strong><\/h4>\n\n\n\n<p>3.1 <strong>\u30da\u30c7\u30a3\u30ad\u30e5\u30a2<\/strong>:<\/p>\n\n\n\n<ul class=\"wp-block-list\">\n<li>SIM-OMORI-MART \u304c\u3059\u3079\u3066\u306e\u6a5f\u80fd\u3092\u30b5\u30dd\u30fc\u30c8\u3057\u3001\u5feb\u9069\u306a\u74b0\u5883\u3092\u63d0\u4f9b\u3057\u307e\u3059 COMFYS JAPAN LLC.\u53d7\u4fe1\u78ba\u8a8d\u306e\u305f\u3081\u306b\u30da\u30c7\u30a3\u30c9\u3092\u78ba\u8a8d\u3057\u3001\u96fb\u5b50\u30e1\u30fc\u30eb\u3067\u30da\u30c7\u30a3\u30c9\u3092\u78ba\u8a8d\u3057\u3066\u304f\u3060\u3055\u3044\u3002\u30ce\u30fc\u30a8\u30f3\u30bf\u30f3\u30c8\u3001\u30ea\u30b6\u30fc\u30d0\u30e2\u30ce\u3001\u30c7\u30a3\u30ec\u30a4\u30c8 \u30c7 \u30ad\u30e3\u30f3\u30bb\u30e9\u30fc\u3001\u30ea\u30df\u30c3\u30bf\u30fc \u30aa\u30b9 \u30da\u30c7\u30a3\u30c9\u30b9 \u30c7\u30d3\u30c3\u30c9\u3001\u30c7\u30a3\u30b9\u30dd\u30cb\u30d3\u30ea\u30c0\u30fc\u30c7\u3001\u88fd\u54c1\u3001\u30a8\u30e9\u30fc \u30c7 \u30d7\u30ec\u30bd\u30b9\u3001\u30af\u30a2\u30eb\u30b1\u30fc\u30eb \u30a2\u30a6\u30c8\u30ed \u30e2\u30c6\u30a3\u30dc\u3001\u30ce\u30c3\u30bd \u30af\u30ea\u30c6\u30ea\u30aa\u306f\u3042\u308a\u307e\u305b\u3093\u3002  <\/li>\n<\/ul>\n\n\n\n<p>3.2 <strong>\u652f\u6255\u3044\u65b9\u6cd5<\/strong>:<\/p>\n\n\n\n<ul class=\"wp-block-list\">\n<li>\u4e3b\u8981\u306a\u30af\u30ec\u30b8\u30c3\u30c8 \u30ab\u30fc\u30c9\u306e\u4fdd\u8a3c\u3001\u9280\u884c\u632f\u8fbc\u3001\u304a\u3088\u3073\u30d1\u30ac\u30e1\u30f3\u30c8\u5f62\u5f0f\u306e\u8ee2\u9001\u3001\u30b5\u30a4\u30c8\u306e\u30ea\u30b9\u30c8\u306e\u78ba\u8a8d\u3002\u65e5\u672c\u3067\u306e\u6700\u65b0\u30ea\u30b9\u30c8 (JPY) \u306b\u306f\u3001\u9069\u7528\u3055\u308c\u308b\u5831\u544a\u66f8\u3001\u5bfe\u6848\u306e\u4e00\u6589\u5c04\u6483\u3082\u542b\u307e\u308c\u307e\u3059\u3002 <\/li>\n<\/ul>\n\n\n\n<p>3.3 <strong>\u8fd4\u91d1\u304a\u3088\u3073\u30ad\u30e3\u30f3\u30bb\u30eb<\/strong>:<\/p>\n\n\n\n<ul class=\"wp-block-list\">\n<li>\u304a\u5ba2\u69d8\u306f\u3001\u74b0\u5883\u306b\u5fdc\u3058\u3066\u30ad\u30e3\u30f3\u30bb\u30eb\u3092\u4f9d\u983c\u3059\u308b\u5fc5\u8981\u304c\u3042\u308a\u307e\u3059\u3002 enviado \u306e\u88fd\u54c1\u3092\u9810\u3051\u3001\u8a31\u53ef\u3092\u30ad\u30e3\u30f3\u30bb\u30eb\u3059\u308b\u5fc5\u8981\u304c\u3042\u308a\u307e\u3059\u3002\u88fd\u54c1\u306e\u6b20\u9665\u3084\u30a8\u30e9\u30fc\u3001\u691c\u67fb\u3092\u518d\u78ba\u8a8d\u3057\u3066\u304f\u3060\u3055\u3044\u3002\u5b9a\u671f\u7684\u306a\u30da\u30c7\u30a3\u30c9\u30b9\u30017 \u65e5\u9593\u306e\u30b5\u30dd\u30fc\u30c8\u4f53\u5236\u3092\u6574\u3048\u3066\u3001\u30da\u30c7\u30a3\u30c9\u306e\u53d7\u4fe1\u3092\u30b5\u30dd\u30fc\u30c8\u3057\u307e\u3059\u3002   <\/li>\n<\/ul>\n\n\n\n<h4 class=\"wp-block-heading\"><strong>4. \u751f\u7523\u524d\u306e\u30c7\u30a3\u30b9\u30dd\u30cb\u30d3\u30ea\u30c0\u30fc\u30c9<\/strong><\/h4>\n\n\n\n<p>4.1 <strong>\u5229\u7528\u53ef\u80fd<\/strong>:<\/p>\n\n\n\n<ul class=\"wp-block-list\">\n<li>\u30b5\u30a4\u30c8\u306b\u95a2\u3059\u308b\u60c5\u5831\u306f\u6b63\u78ba\u306b\u628a\u63e1\u3055\u308c\u3066\u3044\u307e\u3059\u3002\u5fc5\u8981\u306f\u3042\u308a\u307e\u305b\u3093\u3002\u6700\u65b0\u306e\u60c5\u5831\u3092\u8981\u6c42\u3059\u308b\u5fc5\u8981\u306f\u306a\u304f\u3001\u5b9f\u969b\u306b\u5b9f\u884c\u3059\u308b\u305f\u3081\u306b\u5fc5\u8981\u306a\u60c5\u5831\u3092\u3059\u3079\u3066\u8868\u793a\u3057\u307e\u3059\u3002\u5fc5\u8981\u306a\u5834\u5408\u306f\u3001\u518d\u30a8\u30f3\u30dc\u30eb\u30bd\u306e\u30d7\u30ed\u30bb\u30b9\u306b\u95a2\u3059\u308b\u88fd\u54c1\u306e\u4ee3\u66ff\u901a\u77e5\u304c\u884c\u308f\u308c\u307e\u3059\u3002  <\/li>\n<\/ul>\n\n\n\n<p>4.2 <strong>\u8a73\u7d30<\/strong>:<\/p>\n\n\n\n<ul class=\"wp-block-list\">\n<li>\u4e8b\u524d\u306b\u88fd\u54c1\u3092\u5909\u66f4\u3059\u308b\u3053\u3068\u304c\u3067\u304d\u307e\u3059\u3002 Fazemos todos os esfor\u00e7os para garantir pre\u00e7os precisos em nosso site, mas podem orcorrer erros.\u4e8b\u524d\u306b\u30a8\u30e9\u30fc\u3092\u8d77\u3053\u3057\u305f\u308a\u3001\u4e88\u7d04\u3092\u30ad\u30e3\u30f3\u30bb\u30eb\u3057\u305f\u308a\u3001\u7dca\u6025\u306b\u901a\u77e5\u3057\u305f\u308a\u3001\u9069\u5207\u306a\u30af\u30e9\u30a4\u30a2\u30f3\u30c8\u306b\u901a\u77e5\u3057\u305f\u308a\u3059\u308b\u5fc5\u8981\u306f\u3042\u308a\u307e\u305b\u3093\u3002  <\/li>\n<\/ul>\n\n\n\n<h4 class=\"wp-block-heading\"><strong>5. \u914d\u9001\u3068\u4ea4\u63db<\/strong><\/h4>\n\n\n\n<p>5.1 <strong>\u4e2d\u7d99\u30a8\u30ea\u30a2<\/strong>:<\/p>\n\n\n\n<ul class=\"wp-block-list\">\n<li>SIM-OMORI-MART \u306f\u3001\u65e5\u672c\u3067\u6700\u3082\u91cd\u8981\u306a\u554f\u984c\u3092\u89e3\u6c7a\u3057\u307e\u3059\u3002 N\u00e3o fazemos envios internacionais\u3002 <\/li>\n<\/ul>\n\n\n\n<p>5.2 <strong>\u30bf\u30ad\u30b5\u30b9\u30fb\u30c7\u30fb\u30ec\u30e1\u30c3\u30b5<\/strong>:<\/p>\n\n\n\n<ul class=\"wp-block-list\">\n<li>\u6551\u6e08\u63aa\u7f6e\u3068\u3057\u3066\u3001\u3055\u307e\u3056\u307e\u306a\u6d3b\u52d5\u304c\u884c\u308f\u308c\u307e\u3059\u3002\u554f\u984c\u3092\u89e3\u6c7a\u3059\u308b\u305f\u3081\u306e\u30a2\u30d7\u30ea\u30b1\u30fc\u30b7\u30e7\u30f3\u306f\u3001\u6700\u7d42\u7684\u306a\u78ba\u8a8d\u3092\u884c\u3044\u307e\u3059\u3002\u81a8\u5927\u306a\u91cf\u306e\u30da\u30c7\u30a3\u30c9\u3092\u7121\u6599\u3067\u3054\u5229\u7528\u3044\u305f\u3060\u3051\u307e\u3059\u306e\u3067\u3001\u5b8c\u5168\u306a\u30da\u30c7\u30a3\u30c9\u3092\u3054\u5229\u7528\u3044\u305f\u3060\u3051\u307e\u3059\u3002  <\/li>\n<\/ul>\n\n\n\n<p>5.3 <strong>\u7384\u95a2\u30db\u30fc\u30eb<\/strong>:<\/p>\n\n\n\n<ul class=\"wp-block-list\">\n<li>\u901a\u5e38\u306f 2 \u304b\u3089 3 \u307e\u3067\u306e\u30d7\u30ed\u30bb\u30b9\u3092\u5b9f\u884c\u3057\u307e\u3059\u3002\u5730\u57df\u306e\u74b0\u5883\u3092\u9078\u629e\u3059\u308b\u305f\u3081\u306e\u3055\u307e\u3056\u307e\u306a\u65b9\u6cd5\u3067\u3055\u307e\u3056\u307e\u306a\u30d7\u30ed\u30b0\u30e9\u30e0\u3092\u5b9f\u884c\u3057\u307e\u3059\u3002\u5927\u68ee\u30de\u30fc\u30c8\u306f\u3001\u5916\u90e8\u306e\u72b6\u6cc1\u3001\u6c17\u5019\u5909\u52d5\u3001\u4ea4\u901a\u6a5f\u95a2\u306e\u554f\u984c\u306a\u3069\u306b\u5bfe\u3059\u308b\u5bfe\u5fdc\u3092\u884c\u3063\u3066\u3044\u307e\u3059\u3002  <\/li>\n<\/ul>\n\n\n\n<h4 class=\"wp-block-heading\"><strong>6. \u653f\u6cbb\u306e\u6539\u9769\u3068\u518d\u8208<\/strong><\/h4>\n\n\n\n<p>6.1 <strong>Devolu\u00e7\u00f5es \u306e\u30a8\u30ec\u30d2\u30d3\u30ea\u30c0\u30fc\u30c7<\/strong>:<\/p>\n\n\n\n<ul class=\"wp-block-list\">\n<li>OS \u306f\u3001\u30c7\u30dc\u30eb\u30d3\u30c9\u30b9\u306b\u5bfe\u3057\u3066\u5b89\u5168\u306a\u88fd\u54c1\u3092\u958b\u767a\u3059\u308b\u305f\u3081\u306b\u4f7f\u7528\u3057\u307e\u3059\u3002\u30af\u30e9\u30a4\u30a2\u30f3\u30c8\u306f\u30017 \u65e5\u4ee5\u5185\u306b\u901a\u77e5\u3092\u53d7\u3051\u53d6\u308a\u3001\u4e0d\u6b63\u884c\u70ba\u3092\u9632\u6b62\u3059\u308b\u5fc5\u8981\u304c\u3042\u308a\u307e\u3059\u3002\u5305\u62ec\u7684\u306a\u88fd\u54c1\u3092\u63d0\u4f9b\u3057\u300124 \u6642\u9593\u4ee5\u5185\u306b\u60c5\u5831\u3092\u63d0\u4f9b\u3057\u307e\u3059\u3002  <\/li>\n<\/ul>\n\n\n\n<p>6.2 <strong>\u30c7\u30dc\u30eb\u30d3\u30c9\u30b9\u3092\u5b9f\u884c\u3059\u308b\u5fc5\u8981\u304c\u3042\u308a\u307e\u3059<\/strong>:<\/p>\n\n\n\n<ul class=\"wp-block-list\">\n<li>\u30a2\u30eb\u30b3\u30fc\u30eb\u98f2\u6599\u3068\u88fd\u54c1\u306e\u751f\u7523\u6027 (\u30b3\u30e2 \u30ab\u30eb\u30cd) \u306f\u3001\u30c7\u30dc\u30eb\u30d3\u30c9\u30b9\u306e\u6442\u53d6\u91cf\u306b\u5fdc\u3058\u3066\u3001\u6700\u9ad8\u306e\u54c1\u8cea\u3068\u5b89\u5168\u6027\u3092\u5099\u3048\u3066\u3044\u307e\u3059\u3002<\/li>\n<\/ul>\n\n\n\n<p>6.3 <strong>\u518d\u5c01\u30d7\u30ed\u30bb\u30b9<\/strong>:<\/p>\n\n\n\n<ul class=\"wp-block-list\">\n<li>\u30aa\u30ea\u30b8\u30ca\u30eb\u306e\u30e1\u30bd\u30c3\u30c9\u3092\u4f7f\u7528\u3057\u3066\u3001\u51e6\u7406\u30d7\u30ed\u30bb\u30b9\u3092\u518d\u78ba\u8a8d\u3057\u3066\u304f\u3060\u3055\u3044\u3002 10 \u65e5\u9593\u306f\u91d1\u878d\u6a5f\u95a2\u306b\u4f9d\u5b58\u3057\u3066\u304a\u308a\u300110 \u65e5\u4ee5\u5185\u306b\u518d\u767a\u884c\u304c\u884c\u308f\u308c\u307e\u3059\u3002 <\/li>\n<\/ul>\n\n\n\n<h4 class=\"wp-block-heading\"><strong>7. \u30d7\u30e9\u30a4\u30d0\u30b7\u30fc\u30dd\u30ea\u30b7\u30fc<\/strong><\/h4>\n\n\n\n<p>\u60c5\u5831\u3092\u5f97\u308b\u305f\u3081\u306b\u4fdd\u8b77\u8005\u3068\u59a5\u5354\u3059\u308b\u5fc5\u8981\u304c\u3042\u308a\u307e\u3059\u3002 OMORI-MART \u306f\u3001\u653f\u6cbb\u7684\u30d7\u30e9\u30a4\u30d0\u30b7\u30fc\u3092\u5b88\u308b\u305f\u3081\u306b\u3001\u30af\u30e9\u30a4\u30a2\u30f3\u30c8\u306e\u60c5\u5831\u3092\u53ce\u96c6\u3057\u307e\u3059\u3002\u60c5\u5831\u3092\u5171\u6709\u3057\u3001\u540c\u610f\u3092\u5f97\u3066\u3001\u5b89\u5168\u306a\u60c5\u5831\u3092\u63d0\u4f9b\u3057\u3066\u304f\u3060\u3055\u3044\u3002  <\/p>\n\n\n\n<h4 class=\"wp-block-heading\"><strong>8. \u8cac\u4efb\u306e\u5236\u9650<\/strong><\/h4>\n\n\n\n<p>COMFYS JAPAN LLC \u306f\u3001\u5927\u68ee\u30de\u30fc\u30c8\u306e\u30b5\u30a4\u30c8\u3067\u306e\u88fd\u54c1\u306e\u8ca9\u58f2\u3001\u4e8b\u6545\u3001\u7d50\u679c\u306e\u88c5\u98fe\u306b\u8cac\u4efb\u3092\u8ca0\u3044\u307e\u3059\u3002\u6700\u5927\u9650\u306e\u8cac\u4efb\u3092\u8ca0\u3044\u3001\u305d\u306e\u52c7\u6c17\u3068\u88fd\u54c1\u306e\u958b\u767a\u3092\u5236\u9650\u3057\u307e\u3059\u3002 <\/p>\n\n\n\n<h4 class=\"wp-block-heading\"><strong>9. \u9069\u7528\u3055\u308c\u308b\u6cd5\u5f8b<\/strong><\/h4>\n\n\n\n<p>Os Termos e Condi\u00e7\u00f5es \u306f\u3001\u65e5\u672c\u3067\u306e\u5b9a\u671f\u7684\u306a\u60c5\u5831\u3092\u63d0\u4f9b\u3057\u307e\u3059\u3002 SIM-OMORI-MART \u306e\u5be9\u67fb\u306f\u3001\u65e5\u672c\u306e\u53f8\u6cd5\u88c1\u5224\u6240\u3092\u9664\u304d\u307e\u3059\u3002 <\/p>\n\n\n\n<h4 class=\"wp-block-heading\"><strong>10. \u6761\u4ef6\u3068\u6761\u4ef6\u306e\u5909\u66f4<\/strong><\/h4>\n\n\n\n<p>COMFYS JAPAN LLC \u306f\u3001\u5951\u7d04\u4e0a\u306e\u5909\u66f4\u3092\u5909\u66f4\u3059\u308b\u305f\u3081\u306e\u4e88\u7d04\u3092\u4fdd\u6301\u3057\u307e\u3059\u3002 OMORI-MART \u306e\u30b5\u30a4\u30c8\u306e\u516c\u958b\u60c5\u5831\u304c\u516c\u958b\u3055\u308c\u3066\u3044\u308b\u305f\u3081\u3001\u5b9a\u671f\u7684\u306b\u66f4\u65b0\u30b5\u30fc\u30d3\u30b9\u3092\u7d99\u7d9a\u7684\u306b\u5229\u7528\u3067\u304d\u307e\u3059\u3002 <\/p>\n\n\n\n<p>\u9867\u5ba2\u3068\u306e\u95a2\u4fc2\u3092\u7ba1\u7406\u3059\u308b\u305f\u3081\u306b\u3001\u6761\u4ef6\u3068\u6761\u4ef6\u3092\u8a2d\u5b9a\u3057\u3001\u9867\u5ba2\u3068\u306e\u95a2\u4fc2\u3092\u7ba1\u7406\u3057\u307e\u3059\u3002 <strong>support@omorimart.com \u306b\u30e1\u30fc\u30eb\u3057\u3066\u304f\u3060\u3055\u3044\u3002<\/strong><\/p>\n\n\n\n<p>OMORI-MART \u3092\u4f7f\u7528\u3057\u3066\u3001\u3059\u3079\u3066\u306e\u60c5\u5831\u3092\u78ba\u8a8d\u3057\u3001\u6700\u9ad8\u306e\u6761\u4ef6\u3068\u6761\u4ef6\u3092\u78ba\u8a8d\u3057\u3066\u304f\u3060\u3055\u3044\u3002<\/p>","protected":false},"excerpt":{"rendered":"<p>Introdu\u00e7\u00e3o Bem-vindo ao OMORI-MART, um mercado on-line operado pela COMFYS JAPAN LLC.&nbsp; Ao acessar ou usar nosso site e nossos servi\u00e7os, voc\u00ea concorda em cumprir e estar vinculado aos seguintes<\/p>","protected":false},"author":2,"featured_media":0,"parent":0,"menu_order":0,"comment_status":"closed","ping_status":"closed","template":"","meta":{"footnotes":""},"class_list":["post-24968","page","type-page","status-publish","hentry"],"yoast_head":"<!-- This site is optimized with the Yoast SEO plugin v27.2 - https:\/\/yoast.com\/product\/yoast-seo-wordpress\/ -->\n<title>Termos e condi\u00e7\u00f5es - Omori WIFI<\/title>\n<meta name=\"robots\" content=\"index, follow, max-snippet:-1, max-image-preview:large, max-video-preview:-1\" \/>\n<link rel=\"canonical\" href=\"https:\/\/omoriwifi.com\/ja\/termos-e-condicoes\/\" \/>\n<meta property=\"og:locale\" content=\"ja_JP\" \/>\n<meta property=\"og:type\" content=\"article\" \/>\n<meta property=\"og:title\" content=\"Termos e condi\u00e7\u00f5es - Omori WIFI\" \/>\n<meta property=\"og:description\" content=\"Introdu\u00e7\u00e3o Bem-vindo ao OMORI-MART, um mercado on-line operado pela COMFYS JAPAN LLC.&nbsp; Ao acessar ou usar nosso site e nossos servi\u00e7os, voc\u00ea concorda em cumprir e estar vinculado aos seguintes\" \/>\n<meta property=\"og:url\" content=\"https:\/\/omoriwifi.com\/ja\/termos-e-condicoes\/\" \/>\n<meta property=\"og:site_name\" content=\"Omori WIFI\" \/>\n<meta name=\"twitter:card\" content=\"summary_large_image\" \/>\n<meta name=\"twitter:label1\" content=\"\u63a8\u5b9a\u8aad\u307f\u53d6\u308a\u6642\u9593\" \/>\n\t<meta name=\"twitter:data1\" content=\"5\u5206\" \/>\n<script type=\"application\/ld+json\" class=\"yoast-schema-graph\">{\"@context\":\"https:\/\/schema.org\",\"@graph\":[{\"@type\":\"WebPage\",\"@id\":\"https:\/\/omoriwifi.com\/uk\/termos-e-condicoes\/\",\"url\":\"https:\/\/omoriwifi.com\/uk\/termos-e-condicoes\/\",\"name\":\"Termos e condi\u00e7\u00f5es - Omori WIFI\",\"isPartOf\":{\"@id\":\"https:\/\/omoriwifi.com\/ja\/#website\"},\"datePublished\":\"2025-03-28T00:40:25+00:00\",\"breadcrumb\":{\"@id\":\"https:\/\/omoriwifi.com\/uk\/termos-e-condicoes\/#breadcrumb\"},\"inLanguage\":\"ja\",\"potentialAction\":[{\"@type\":\"ReadAction\",\"target\":[\"https:\/\/omoriwifi.com\/uk\/termos-e-condicoes\/\"]}]},{\"@type\":\"BreadcrumbList\",\"@id\":\"https:\/\/omoriwifi.com\/uk\/termos-e-condicoes\/#breadcrumb\",\"itemListElement\":[{\"@type\":\"ListItem\",\"position\":1,\"name\":\"Home\",\"item\":\"https:\/\/omoriwifi.com\/ja\/\"},{\"@type\":\"ListItem\",\"position\":2,\"name\":\"Termos e condi\u00e7\u00f5es\"}]},{\"@type\":\"WebSite\",\"@id\":\"https:\/\/omoriwifi.com\/ja\/#website\",\"url\":\"https:\/\/omoriwifi.com\/ja\/\",\"name\":\"Omori WiFi\",\"description\":\"My WordPress Blog\",\"potentialAction\":[{\"@type\":\"SearchAction\",\"target\":{\"@type\":\"EntryPoint\",\"urlTemplate\":\"https:\/\/omoriwifi.com\/ja\/?s={search_term_string}\"},\"query-input\":{\"@type\":\"PropertyValueSpecification\",\"valueRequired\":true,\"valueName\":\"search_term_string\"}}],\"inLanguage\":\"ja\"}]}<\/script>\n<!-- \/ Yoast SEO plugin. -->","yoast_head_json":{"title":"Termos e condi\u00e7\u00f5es - Omori WIFI","robots":{"index":"index","follow":"follow","max-snippet":"max-snippet:-1","max-image-preview":"max-image-preview:large","max-video-preview":"max-video-preview:-1"},"canonical":"https:\/\/omoriwifi.com\/ja\/termos-e-condicoes\/","og_locale":"ja_JP","og_type":"article","og_title":"Termos e condi\u00e7\u00f5es - Omori WIFI","og_description":"Introdu\u00e7\u00e3o Bem-vindo ao OMORI-MART, um mercado on-line operado pela COMFYS JAPAN LLC.&nbsp; Ao acessar ou usar nosso site e nossos servi\u00e7os, voc\u00ea concorda em cumprir e estar vinculado aos seguintes","og_url":"https:\/\/omoriwifi.com\/ja\/termos-e-condicoes\/","og_site_name":"Omori WIFI","twitter_card":"summary_large_image","twitter_misc":{"\u63a8\u5b9a\u8aad\u307f\u53d6\u308a\u6642\u9593":"5\u5206"},"schema":{"@context":"https:\/\/schema.org","@graph":[{"@type":"WebPage","@id":"https:\/\/omoriwifi.com\/uk\/termos-e-condicoes\/","url":"https:\/\/omoriwifi.com\/uk\/termos-e-condicoes\/","name":"Termos e condi\u00e7\u00f5es - Omori WIFI","isPartOf":{"@id":"https:\/\/omoriwifi.com\/ja\/#website"},"datePublished":"2025-03-28T00:40:25+00:00","breadcrumb":{"@id":"https:\/\/omoriwifi.com\/uk\/termos-e-condicoes\/#breadcrumb"},"inLanguage":"ja","potentialAction":[{"@type":"ReadAction","target":["https:\/\/omoriwifi.com\/uk\/termos-e-condicoes\/"]}]},{"@type":"BreadcrumbList","@id":"https:\/\/omoriwifi.com\/uk\/termos-e-condicoes\/#breadcrumb","itemListElement":[{"@type":"ListItem","position":1,"name":"Home","item":"https:\/\/omoriwifi.com\/ja\/"},{"@type":"ListItem","position":2,"name":"Termos e condi\u00e7\u00f5es"}]},{"@type":"WebSite","@id":"https:\/\/omoriwifi.com\/ja\/#website","url":"https:\/\/omoriwifi.com\/ja\/","name":"\u5927\u68eeWiFi","description":"\u79c1\u306eWordPress\u30d6\u30ed\u30b0","potentialAction":[{"@type":"SearchAction","target":{"@type":"EntryPoint","urlTemplate":"https:\/\/omoriwifi.com\/ja\/?s={search_term_string}"},"query-input":{"@type":"PropertyValueSpecification","valueRequired":true,"valueName":"search_term_string"}}],"inLanguage":"ja"}]}},"_links":{"self":[{"href":"https:\/\/omoriwifi.com\/ja\/wp-json\/wp\/v2\/pages\/24968","targetHints":{"allow":["GET"]}}],"collection":[{"href":"https:\/\/omoriwifi.com\/ja\/wp-json\/wp\/v2\/pages"}],"about":[{"href":"https:\/\/omoriwifi.com\/ja\/wp-json\/wp\/v2\/types\/page"}],"author":[{"embeddable":true,"href":"https:\/\/omoriwifi.com\/ja\/wp-json\/wp\/v2\/users\/2"}],"replies":[{"embeddable":true,"href":"https:\/\/omoriwifi.com\/ja\/wp-json\/wp\/v2\/comments?post=24968"}],"version-history":[{"count":0,"href":"https:\/\/omoriwifi.com\/ja\/wp-json\/wp\/v2\/pages\/24968\/revisions"}],"wp:attachment":[{"href":"https:\/\/omoriwifi.com\/ja\/wp-json\/wp\/v2\/media?parent=24968"}],"curies":[{"name":"wp","href":"https:\/\/api.w.org\/{rel}","templated":true}]}}