{"id":24984,"date":"2025-03-25T17:10:57","date_gmt":"2025-03-25T17:10:57","guid":{"rendered":"https:\/\/peachpuff-dugong-919786.hostingersite.com\/politica-de-privacidade\/"},"modified":"2025-03-25T17:10:57","modified_gmt":"2025-03-25T17:10:57","slug":"politica-de-privacidade","status":"publish","type":"page","link":"https:\/\/omoriwifi.com\/ja\/politica-de-privacidade\/","title":{"rendered":"Pol\u00edtica de privacidade"},"content":{"rendered":"<h3 class=\"wp-block-heading\"><strong>Data de vig\u00eancia<\/strong>: 2025\u5e744\u670820\u65e5<\/h3>\n\n\n\n<p>\u3044\u3044\u3048<strong> SIM\u5927\u68ee\u30de\u30fc\u30c8<\/strong>\u3001\u30aa\u30da\u30e9\u30c9\u30fb\u30dd\u30eb&nbsp;<strong>\u30b3\u30f3\u30d5\u30a3\u30ba\u30b8\u30e3\u30d1\u30f3\u5408\u540c\u4f1a\u793e<\/strong>\u3001\u5b89\u5168\u306a\u60c5\u5831\u3092\u4fdd\u8a3c\u3059\u308b\u305f\u3081\u306b\u3001\u4fdd\u8b77\u8005\u3068\u59a5\u5354\u3057\u3001\u30d7\u30e9\u30a4\u30d0\u30b7\u30fc\u3092\u4fdd\u8a3c\u3057\u307e\u3059\u3002\u30d7\u30e9\u30a4\u30d0\u30b7\u30fc\u306b\u95a2\u3059\u308b\u653f\u6cbb\u653f\u7b56\u306f\u3001\u30b3\u30ec\u30bf\u30e2\u30b9\u3001\u30a2\u30e1\u30ea\u30ab\u5408\u8846\u56fd\u3001\u30c7\u30a3\u30d6\u30eb\u30ac\u30e2\u30b9\u3001\u30d7\u30ed\u30c6\u30b8\u30a7\u30e2\u30b9\u306b\u95a2\u3059\u308b\u60c5\u5831\u3092\u3059\u3079\u3066\u53d6\u308a\u9664\u304d\u3001\u30b5\u30a4\u30c8\u306b\u30a2\u30af\u30bb\u30b9\u3057\u3066\u304f\u3060\u3055\u3044\u3002\u653f\u6cbb\u306b\u95a2\u3059\u308b\u60c5\u5831\u3092\u53ce\u96c6\u3057\u3001\u653f\u6cbb\u306b\u95a2\u3059\u308b\u60c5\u5831\u3092\u63d0\u4f9b\u3057\u307e\u3059\u3002  <\/p>\n\n\n\n<h4 class=\"wp-block-heading\">&nbsp;<\/h4>\n\n\n\n<h4 class=\"wp-block-heading\"><strong>1. \u30b3\u30ec\u30bf\u30e2\u30b9\u306b\u95a2\u3059\u308b\u60c5\u5831<\/strong><\/h4>\n\n\n\n<p>OMORI-MART \u306e\u7d4c\u9a13\u306b\u95a2\u3059\u308b\u60c5\u5831\u3084\u30b5\u30fc\u30d3\u30b9\u306b\u95a2\u3059\u308b\u60c5\u5831\u304c\u6e80\u8f09\u3067\u3059\u3002\u4ee5\u4e0b\u306e\u60c5\u5831\u304c\u542b\u307e\u308c\u3066\u3044\u307e\u3059: <\/p>\n\n\n\n<p>1.1 <strong>Informa\u00e7\u00f5es pessoais<\/strong>:<\/p>\n\n\n\n<ul class=\"wp-block-list\">\n<li>\u30ce\u30fc\u30e0<\/li>\n\n\n\n<li>\u30a8\u30f3\u30c7\u30ec\u30bd<\/li>\n\n\n\n<li>Endere\u00e7o de e-mail<\/li>\n\n\n\n<li>\u96fb\u8a71\u756a\u53f7<\/li>\n\n\n\n<li>Informa\u00e7\u00f5es de pagamento (\u4fe1\u7528\u60c5\u5831\u306e\u8a73\u7d30\u3001\u9280\u884c\u632f\u8fbc\u306e\u8a73\u7d30\u306a\u3069)<\/li>\n\n\n\n<li>Data de nascimento (\u691c\u8a3c\u3068\u6cd5\u7684\u691c\u8a3c)<\/li>\n<\/ul>\n\n\n\n<p>1.2 <strong>Informa\u00e7\u00f5es n\u00e3o pessoais<\/strong>:<\/p>\n\n\n\n<ul class=\"wp-block-list\">\n<li>Tipo de navegador<\/li>\n\n\n\n<li>\u60c5\u5831\u306b\u95a2\u3059\u308b\u60c5\u5831<\/li>\n\n\n\n<li>\u30a8\u30f3\u30c7\u30ec\u30bdIP<\/li>\n\n\n\n<li>Dados de uso do site (p\u00e1ginas visitadas\u3001tempo Gasto no site \u306a\u3069)<\/li>\n<\/ul>\n\n\n\n<h4 class=\"wp-block-heading\"><strong>2. \u60c5\u5831\u3092\u63d0\u4f9b\u3057\u307e\u3059<\/strong><\/h4>\n\n\n\n<p>\u6700\u5f8c\u306e\u6c7a\u5b9a\u3068\u3057\u3066\u306e\u60c5\u5831\u6e90\u3068\u3057\u3066\u306e\u30a6\u30b5\u30e2\u30b9:<\/p>\n\n\n\n<p>2.1 <strong>Processamento de pedidos<\/strong>:<\/p>\n\n\n\n<ul class=\"wp-block-list\">\n<li>\u5831\u544a\u66f8\u3068\u5831\u544a\u66f8\u3092\u542b\u3080\u3001\u30da\u30c7\u30a3\u30c9\u306e\u7d50\u8ad6\u3092\u4e0b\u3059\u30d1\u30e9\u30d7\u30ed\u30bb\u30b9\u3002<\/li>\n\n\n\n<li>\u96fb\u5b50\u30e1\u30fc\u30eb\u307e\u305f\u306f\u96fb\u8a71\u3067\u3001\u4f5c\u696d\u5185\u5bb9\u3092\u78ba\u8a8d\u3057\u305f\u308a\u3001\u30b9\u30c8\u30ea\u30fc\u30e0\u60c5\u5831\u3092\u53d7\u4fe1\u3057\u305f\u308a\u3067\u304d\u307e\u3059\u3002<\/li>\n<\/ul>\n\n\n\n<p>2.2 <strong>\u9867\u5ba2\u5bfe\u5fdc<\/strong>:<\/p>\n\n\n\n<ul class=\"wp-block-list\">\n<li>\u7dca\u6025\u5bfe\u5fdc\u8005\u306f\u3001\u7dca\u6025\u306e\u5bfe\u5fdc\u3001\u8981\u8acb\u3001\u56de\u53ce\u3092\u884c\u3044\u307e\u3059\u3002<\/li>\n\n\n\n<li>\u6700\u3082\u5b89\u5168\u306a\u60c5\u5831\u3092\u901a\u77e5\u3057\u3001\u6700\u65b0\u306e\u60c5\u5831\u3092\u5909\u66f4\u3057\u307e\u3059\u3002<\/li>\n<\/ul>\n\n\n\n<p>2.3 <strong>\u30d1\u30fc\u30bd\u30ca\u30e9\u30a4\u30ba<\/strong>:<\/p>\n\n\n\n<ul class=\"wp-block-list\">\n<li>\u7d4c\u9a13\u8c4a\u5bcc\u306a\u500b\u4eba\u8a2d\u5b9a\u3092\u4f7f\u7528\u3057\u3066\u3001\u5c65\u6b74\u60c5\u5831\u3084\u6bd4\u8f03\u5bfe\u8c61\u306e\u88fd\u54c1\u3092\u63a8\u5968\u3057\u307e\u3059\u3002<\/li>\n\n\n\n<li>\u3055\u307e\u3056\u307e\u306a\u6a5f\u80fd\u3092\u5099\u3048\u305f\u30b5\u30a4\u30c8\u3092\u5229\u7528\u3057\u3066\u3001\u7d4c\u9a13\u3092\u7a4d\u3093\u3067\u304f\u3060\u3055\u3044\u3002<\/li>\n<\/ul>\n\n\n\n<p>2.4 <strong>\u30de\u30fc\u30b1\u30c6\u30a3\u30f3\u30b0\u3068\u30d7\u30ed\u30e2\u30fc\u30b7\u30e7\u30f3<\/strong>:<\/p>\n\n\n\n<ul class=\"wp-block-list\">\n<li>\u5927\u68ee\u30de\u30fc\u30c8\u306e\u30d7\u30ed\u30e2\u30fc\u30b7\u30e7\u30f3\u6d3b\u52d5\u3084\u30b5\u30fc\u30d3\u30b9\u306e\u8a73\u7d30\u3092\u53c2\u7167\u3057\u3066\u304f\u3060\u3055\u3044 (\u30de\u30fc\u30b1\u30c6\u30a3\u30f3\u30b0\u306b\u95a2\u3059\u308b\u30b3\u30df\u30e5\u30cb\u30b1\u30fc\u30b7\u30e7\u30f3\u3092\u4fc3\u9032\u3059\u308b\u305f\u3081\u306e\u30b5\u30fc\u30d3\u30b9)\u3002<\/li>\n\n\n\n<li>\u7279\u5225\u306a\u60c5\u5831\u3092\u63d0\u4f9b\u3057\u3001\u30a2\u30eb\u30b3\u30fc\u30eb\u3084\u88fd\u54c1\u306e\u751f\u7523\u6027\u3092\u5411\u4e0a\u3055\u305b\u307e\u3059\u3002<\/li>\n<\/ul>\n\n\n\n<p>2.5 <strong>Conformidade com as leis<\/strong>:<\/p>\n\n\n\n<ul class=\"wp-block-list\">\n<li>\u6cd5\u5f8b\u4e0a\u306e\u8981\u4ef6\u3092\u6e80\u305f\u3057\u305f\u4e0a\u3067\u3001\u30a2\u30eb\u30b3\u30fc\u30eb\u3092\u4f7f\u7528\u3057\u305f\u5834\u5408\u306e\u6cd5\u5f8b\u4e0a\u306e\u78ba\u8a8d\u3092\u884c\u3063\u3066\u304f\u3060\u3055\u3044\u3002<\/li>\n<\/ul>\n\n\n\n<h4 class=\"wp-block-heading\">&nbsp;<\/h4>\n\n\n\n<h4 class=\"wp-block-heading\"><strong>3. \u60c5\u5831\u516c\u958b<\/strong><\/h4>\n\n\n\n<p>\u30d7\u30e9\u30a4\u30d0\u30b7\u30fc\u3092\u4fb5\u5bb3\u3055\u308c\u305f\u308a\u3001\u30bb\u30ad\u30e5\u30ea\u30c6\u30a3 \u30b3\u30e0 \u30b5\u30a4\u30c8\u3067\u60c5\u5831\u3092\u63d0\u4f9b\u3055\u308c\u305f\u308a\u3001\u30c8\u30ed\u30ab\u30ec\u30e2\u30b9\u304c\u4fdd\u8b77\u3055\u308c\u305f\u308a\u3059\u308b\u3053\u3068\u306f\u3042\u308a\u307e\u305b\u3093\u3002\u91cd\u8981\u306a\u60c5\u5831\u306f\u3001compartilhar compartilhar \u306e\u30dd\u30c7\u30e2: <\/p>\n\n\n\n<p>3.1 <strong>Provedores de servi\u00e7os<\/strong>:<\/p>\n\n\n\n<ul class=\"wp-block-list\">\n<li>\u6700\u9ad8\u306e\u30c6\u30eb\u30bb\u30a4\u30ea\u30b6\u30c0\u30b9\u306f\u3001\u30d1\u30ac\u30e1\u30f3\u30c8\u306e\u30d7\u30ed\u30bb\u30b9\u3092\u88dc\u52a9\u305b\u305a\u3001\u30da\u30c7\u30a3\u30c9\u306e\u74b0\u5883\u3092\u7dad\u6301\u3057\u307e\u3059\u3002<\/li>\n\n\n\n<li>\u7ba1\u7406\u30b5\u30fc\u30d3\u30b9\u306e\u63d0\u4f9b\u3001\u30b5\u30a4\u30c8\u306e\u30de\u30fc\u30b1\u30c6\u30a3\u30f3\u30b0\u306e\u5206\u6790\u3002<\/li>\n<\/ul>\n\n\n\n<p>3.2 <strong>\u6cd5\u7684\u9069\u5408<\/strong>:<\/p>\n\n\n\n<ul class=\"wp-block-list\">\n<li>\u5927\u68ee\u30de\u30fc\u30c8\u306e\u30af\u30e9\u30a4\u30a2\u30f3\u30c8\u306e\u4e0d\u6b63\u884c\u70ba\u3084\u4e0d\u6b63\u884c\u70ba\u3092\u9632\u6b62\u3057\u3001\u81ea\u52d5\u653f\u5e9c\u306b\u3088\u308b\u4e0d\u6b63\u306a\u60c5\u5831\u306e\u6f0f\u6d29\u3092\u9632\u6b62\u3057\u307e\u3059\u3002<\/li>\n<\/ul>\n\n\n\n<h4 class=\"wp-block-heading\">&nbsp;<\/h4>\n\n\n\n<h4 class=\"wp-block-heading\"><strong>4. Seguran\u00e7a de dados<\/strong><\/h4>\n\n\n\n<p>\u60c5\u5831\u3092\u5f97\u308b\u305f\u3081\u306b\u4fdd\u8b77\u8005\u3068\u59a5\u5354\u3059\u308b\u5fc5\u8981\u304c\u3042\u308a\u307e\u3059\u3002\u30bb\u30ad\u30e5\u30ea\u30c6\u30a3\u4fdd\u8b77\u30d7\u30ed\u30c8\u30b3\u30eb\u306e\u8a2d\u5b9a\u3068\u30b2\u30fc\u30c8\u30a6\u30a7\u30a4\u306e\u30bb\u30ad\u30e5\u30ea\u30c6\u30a3\u4fdd\u8b77\u306b\u95a2\u3059\u308b\u60c5\u5831\u3092\u4f7f\u7528\u3057\u307e\u3059\u3002 100% \u30bb\u30b0\u30ed\u306e\u96fb\u5b50\u6a5f\u5668\u3092\u30a4\u30f3\u30bf\u30fc\u30cd\u30c3\u30c8\u306b\u63a5\u7d9a\u3059\u308b\u5fc5\u8981\u306f\u3042\u308a\u307e\u305b\u3093\u3002\u5b89\u5168\u306a\u60c5\u5831\u3092\u63d0\u4f9b\u3057\u3001\u5b89\u5168\u306a\u60c5\u5831\u3092\u4fdd\u8b77\u3059\u308b\u305f\u3081\u306e\u652f\u63f4\u3092\u63d0\u4f9b\u3057\u307e\u3059\u3002   <\/p>\n\n\n\n<h4 class=\"wp-block-heading\">&nbsp;<\/h4>\n\n\n\n<h4 class=\"wp-block-heading\"><strong>5. Cookie \u3068\u30e9\u30b9\u30c8\u30ea\u30fc\u30e0\u6280\u8853<\/strong><\/h4>\n\n\n\n<p>OMORI-MART \u306f\u3001Cookie \u3068\u30ea\u30a2\u30eb\u30bf\u30a4\u30e0\u6280\u8853\u3092\u5229\u7528\u3057\u3066\u3001\u5b89\u5168\u306a\u7d4c\u9a13\u3092\u5b9f\u73fe\u3057\u307e\u3059\u3002 OS \u30af\u30c3\u30ad\u30fc\u306f\u3001\u597d\u307f\u306b\u5408\u308f\u305b\u3066\u53c2\u7167\u3057\u3001\u30b5\u30a4\u30c8\u306e\u500b\u4eba\u7684\u306a\u4f53\u9a13\u3092\u884c\u3046\u305f\u3081\u306b\u4f7f\u7528\u3055\u308c\u307e\u3059\u3002 <\/p>\n\n\n\n<p>5.1 <strong>Tipos de cookies que usamos<\/strong>:<\/p>\n\n\n\n<ul class=\"wp-block-list\">\n<li><strong>\u30af\u30c3\u30ad\u30fc\u30a8\u30c3\u30bb\u30f3\u30b7\u30a2\u30b9<\/strong>: \u30aa\u30da\u30e9\u306e\u5fc5\u8981\u6027\u3001\u30b5\u30a4\u30c8\u306e\u8a31\u53ef\u3001\u304a\u3088\u3073\u53d6\u5f15\u306e\u7d50\u8ad6\u3002<\/li>\n\n\n\n<li><strong>\u5206\u6790\u30af\u30c3\u30ad\u30fc<\/strong>: \u30a4\u30f3\u30bf\u30fc\u30cd\u30c3\u30c8 \u30b5\u30a4\u30c8 (\u4f8b\u3001\u8a2a\u554f\u30da\u30fc\u30b8\u3001\u30c6\u30f3\u30dd \u30ac\u30b9\u30c8) \u3092\u53c2\u7167\u3057\u3066\u304f\u3060\u3055\u3044\u3002<\/li>\n\n\n\n<li><strong>\u30de\u30fc\u30b1\u30c6\u30a3\u30f3\u30b0Cookie<\/strong>: \u5ba3\u4f1d\u7528\u306e\u500b\u4eba\u60c5\u5831\u3092\u516c\u958b\u3057\u307e\u3059\u3002<\/li>\n<\/ul>\n\n\n\n<p>\u30af\u30c3\u30ad\u30fc\u3092\u518d\u5229\u7528\u3059\u308b\u305f\u3081\u306e\u8a2d\u5b9a\u3068\u3057\u3066\u3001\u5927\u68ee\u30de\u30fc\u30c8\u306e\u518d\u5e30\u7684\u4f7f\u7528\u91cf\u3092\u6c7a\u5b9a\u3059\u308b\u305f\u3081\u306e\u6a5f\u80fd\u3092\u5236\u9650\u3057\u307e\u3059\u3002<\/p>\n\n\n\n<h4 class=\"wp-block-heading\">&nbsp;<\/h4>\n\n\n\n<h4 class=\"wp-block-heading\"><strong>6. Seus direitos e escolhas<\/strong><\/h4>\n\n\n\n<p>6.1 <strong>Acesso e corre\u00e7\u00e3o<\/strong>:<\/p>\n\n\n\n<ul class=\"wp-block-list\">\n<li>\u3055\u307e\u3056\u307e\u306a\u60c5\u5831\u3092\u5165\u624b\u3057\u3001\u9069\u5207\u306a\u60c5\u5831\u3092\u63d0\u4f9b\u3057\u307e\u3059\u3002\u3042\u306a\u305f\u306e\u58f0\u306f\u3001\u304a\u5ba2\u69d8\u306e\u30b5\u30dd\u30fc\u30c8\u3092\u30b5\u30dd\u30fc\u30c8\u3059\u308b\u305f\u3081\u306b\u5fc5\u8981\u306a\u30a2\u30af\u30bb\u30b9\u3092\u63d0\u4f9b\u3057\u307e\u3059\u3002 <\/li>\n<\/ul>\n\n\n\n<p>6.2 <strong>\u30de\u30fc\u30b1\u30c6\u30a3\u30f3\u30b0\u306e\u30b3\u30df\u30e5\u30cb\u30b1\u30fc\u30b7\u30e7\u30f3\u6a5f\u80fd<\/strong>:<\/p>\n\n\n\n<ul class=\"wp-block-list\">\n<li>\u30de\u30fc\u30b1\u30c6\u30a3\u30f3\u30b0\u60c5\u5831\u3092\u53d7\u4fe1\u3057\u305f\u308a\u3001\u9023\u7d61\u5148\u306e\u96fb\u5b50\u30e1\u30fc\u30eb\u3092\u53d7\u4fe1\u3057\u305f\u308a\u3059\u308b\u969b\u306f\u3001\u30ea\u30f3\u30af\u306a\u3057\u3067\u300c\u8a73\u7d30\u3092\u30ad\u30e3\u30f3\u30bb\u30eb\u300d\u3057\u3066\u304f\u3060\u3055\u3044\u3002<\/li>\n<\/ul>\n\n\n\n<p>6.3 <strong>Exclus\u00e3o de conta<\/strong>:<\/p>\n\n\n\n<ul class=\"wp-block-list\">\n<li>SIM-OMORI-MART \u304b\u3089\u306e\u9023\u7d61\u3092\u6392\u9664\u3057\u3001\u30af\u30e9\u30a4\u30a2\u30f3\u30c8\u306e\u5bfe\u5fdc\u306b\u5fc5\u8981\u306a\u60c5\u5831\u3092\u53ce\u96c6\u3057\u307e\u3059\u3002\u5408\u6cd5\u7684\u306a\u5546\u696d\u53d6\u5f15\u306b\u9069\u5408\u3059\u308b\u60c5\u5831\u3092\u78ba\u8a8d\u3059\u308b\u305f\u3081\u306b\u3001\u624b\u9806\u3092\u9075\u5b88\u3057\u3066\u304f\u3060\u3055\u3044\u3002 <\/li>\n<\/ul>\n\n\n\n<h4 class=\"wp-block-heading\">&nbsp;<\/h4>\n\n\n\n<h4 class=\"wp-block-heading\"><strong>7. Privacidade das crian\u00e7as<\/strong><\/h4>\n\n\n\n<p>SIM-OMORI-MART \u306f\u300118 \u65e5\u9593\u306e\u6700\u65b0\u306e\u60c5\u5831\u3092\u53ce\u96c6\u3057\u3001\u5b89\u5168\u306a\u60c5\u5831\u3092\u63d0\u4f9b\u3057\u307e\u3059\u3002\u53ce\u96c6\u3057\u305f\u60c5\u5831\u306f\u3059\u3079\u3066\u3001\u5fc5\u8981\u306a\u60c5\u5831\u3092\u9664\u5916\u3059\u308b\u5fc5\u8981\u304c\u3042\u308b\u305f\u3081\u3001\u3059\u3079\u3066\u306e\u540c\u610f\u3092\u5f97\u308b\u5fc5\u8981\u304c\u3042\u308a\u307e\u3059\u3002 <\/p>\n\n\n\n<h4 class=\"wp-block-heading\">&nbsp;<\/h4>\n\n\n\n<h4 class=\"wp-block-heading\"><strong>8. Links de terceiros<\/strong><\/h4>\n\n\n\n<p>Nosso site pode conter \u30ea\u30f3\u30af\u306f\u3001OMORI-MART \u306e\u30d1\u30e9\u30b5\u30a4\u30c8\u3092\u30ea\u30f3\u30af\u3057\u307e\u3059\u3002\u30c6\u30eb\u30bb\u30a4\u30ed\u30b9\u306e\u30b5\u30a4\u30c8\u306e\u30d7\u30e9\u30a4\u30d0\u30b7\u30fc\u3092\u4fdd\u8b77\u3059\u308b\u305f\u3081\u306e\u5fdc\u7b54\u3092\u78ba\u8a8d\u3057\u307e\u3059\u3002\u8a2a\u554f\u8005\u306e\u5916\u90e8\u304b\u3089\u306e\u30b5\u30a4\u30c8\u306e\u30d7\u30e9\u30a4\u30d0\u30b7\u30fc\u3092\u5b88\u308b\u305f\u3081\u306e\u653f\u6cbb\u6d3b\u52d5\u3068\u3057\u3066\u5206\u6790\u3059\u308b\u3053\u3068\u3092\u304a\u52e7\u3081\u3057\u307e\u3059\u3002  <\/p>\n\n\n\n<h4 class=\"wp-block-heading\">&nbsp;<\/h4>\n\n\n\n<h4 class=\"wp-block-heading\"><strong>9. \u30d7\u30e9\u30a4\u30d9\u30fc\u30c8\u306a\u653f\u6cbb\u306e\u5909\u66f4<\/strong><\/h4>\n\n\n\n<p>\u653f\u6cbb\u6d3b\u52d5\u306f\u3001\u653f\u6cbb\u6d3b\u52d5\u306e\u63a8\u9032\u3001\u6cd5\u5f8b\u3001\u898f\u5236\u306e\u89b3\u70b9\u304b\u3089\u3001\u30c6\u30f3\u30dd\u30e9\u30ea\u306a\u653f\u6cbb\u6d3b\u52d5\u3092\u4e00\u6642\u7684\u306b\u63a8\u9032\u3057\u307e\u3059\u3002\u653f\u6cbb\u653f\u7b56\u306f\u3001\u60c5\u5831\u30b5\u30a4\u30c8\u306e\u60c5\u5831\u3092\u516c\u958b\u3057\u3001\u6700\u65b0\u306e\u60c5\u5831\u3092\u63d0\u4f9b\u3057\u307e\u3059\u3002\u5927\u68ee\u30de\u30fc\u30c8\u306f\u4eca\u5f8c\u3082\u653f\u6cbb\u6d3b\u52d5\u3092\u7d99\u7d9a\u3057\u3001\u653f\u6cbb\u6d3b\u52d5\u306e\u91cd\u8981\u6027\u3092\u8a8d\u8b58\u3057\u3066\u3044\u304d\u307e\u3059\u3002  <\/p>\n\n\n\n<h4 class=\"wp-block-heading\">&nbsp;<\/h4>\n\n\n\n<h4 class=\"wp-block-heading\"><strong>10. Entre em contato conosco<\/strong><\/h4>\n\n\n\n<p>\u653f\u6cbb\u6d3b\u52d5\u306e\u5b89\u5168\u6027\u3068\u5b89\u5168\u6027\u3092\u78ba\u4fdd\u3059\u308b\u305f\u3081\u306e\u653f\u6cbb\u6d3b\u52d5\u306b\u3064\u3044\u3066\u306f\u3001\u3055\u307e\u3056\u307e\u306a\u60c5\u5831\u3092\u53ce\u96c6\u3057\u3001\u554f\u984c\u3092\u5831\u544a\u3057\u307e\u3059\u3002<\/p>\n\n\n\n<ul class=\"wp-block-list\">\n<li><strong>E\u30e1\u30fc\u30eb<\/strong>: support@omorimart.com<\/li>\n\n\n\n<li><strong>\u30a8\u30f3\u30c7\u30ec\u30bd<\/strong>: \u3012107-0061 \u6771\u4eac\u90fd\u6e2f\u533a\u5317\u9752\u5c711-3-1 \u30a2\u30fc\u30eb\u30ad\u30e5\u30fc\u30d6\u9752\u5c71 3\u968e<\/li>\n<\/ul>\n\n\n\n<p>OMORI-MART \u3092\u4f7f\u7528\u3057\u3066\u3001\u653f\u6cbb\u7684\u30d7\u30e9\u30a4\u30d0\u30b7\u30fc\u306b\u95a2\u3059\u308b\u60c5\u5831\u3092\u53ce\u96c6\u3057\u3001\u5b89\u5168\u306a\u60c5\u5831\u3092\u53ce\u96c6\u3057\u307e\u3059\u3002<\/p>","protected":false},"excerpt":{"rendered":"<p>Data de vig\u00eancia: 20 de abril de 2025 No SIM-OMORI-MART, operado por&nbsp;COMFYS JAPAN LLC, temos o compromisso de proteger sua privacidade e garantir a seguran\u00e7a de suas informa\u00e7\u00f5es pessoais. Esta<\/p>","protected":false},"author":2,"featured_media":0,"parent":0,"menu_order":0,"comment_status":"closed","ping_status":"open","template":"","meta":{"footnotes":""},"class_list":["post-24984","page","type-page","status-publish","hentry"],"yoast_head":"<!-- This site is optimized with the Yoast SEO plugin v27.2 - https:\/\/yoast.com\/product\/yoast-seo-wordpress\/ -->\n<title>Pol\u00edtica de privacidade - Omori WIFI<\/title>\n<meta name=\"robots\" content=\"index, follow, max-snippet:-1, max-image-preview:large, max-video-preview:-1\" \/>\n<link rel=\"canonical\" href=\"https:\/\/omoriwifi.com\/ja\/politica-de-privacidade\/\" \/>\n<meta property=\"og:locale\" content=\"ja_JP\" \/>\n<meta property=\"og:type\" content=\"article\" \/>\n<meta property=\"og:title\" content=\"Pol\u00edtica de privacidade - Omori WIFI\" \/>\n<meta property=\"og:description\" content=\"Data de vig\u00eancia: 20 de abril de 2025 No SIM-OMORI-MART, operado por&nbsp;COMFYS JAPAN LLC, temos o compromisso de proteger sua privacidade e garantir a seguran\u00e7a de suas informa\u00e7\u00f5es pessoais. Esta\" \/>\n<meta property=\"og:url\" content=\"https:\/\/omoriwifi.com\/ja\/politica-de-privacidade\/\" \/>\n<meta property=\"og:site_name\" content=\"Omori WIFI\" \/>\n<meta name=\"twitter:card\" content=\"summary_large_image\" \/>\n<meta name=\"twitter:label1\" content=\"\u63a8\u5b9a\u8aad\u307f\u53d6\u308a\u6642\u9593\" \/>\n\t<meta name=\"twitter:data1\" content=\"5\u5206\" \/>\n<script type=\"application\/ld+json\" class=\"yoast-schema-graph\">{\"@context\":\"https:\/\/schema.org\",\"@graph\":[{\"@type\":\"WebPage\",\"@id\":\"https:\/\/omoriwifi.com\/zh\/politica-de-privacidade\/\",\"url\":\"https:\/\/omoriwifi.com\/zh\/politica-de-privacidade\/\",\"name\":\"Pol\u00edtica de privacidade - Omori WIFI\",\"isPartOf\":{\"@id\":\"https:\/\/omoriwifi.com\/ja\/#website\"},\"datePublished\":\"2025-03-25T17:10:57+00:00\",\"breadcrumb\":{\"@id\":\"https:\/\/omoriwifi.com\/zh\/politica-de-privacidade\/#breadcrumb\"},\"inLanguage\":\"ja\",\"potentialAction\":[{\"@type\":\"ReadAction\",\"target\":[\"https:\/\/omoriwifi.com\/zh\/politica-de-privacidade\/\"]}]},{\"@type\":\"BreadcrumbList\",\"@id\":\"https:\/\/omoriwifi.com\/zh\/politica-de-privacidade\/#breadcrumb\",\"itemListElement\":[{\"@type\":\"ListItem\",\"position\":1,\"name\":\"Home\",\"item\":\"https:\/\/omoriwifi.com\/ja\/\"},{\"@type\":\"ListItem\",\"position\":2,\"name\":\"Pol\u00edtica de privacidade\"}]},{\"@type\":\"WebSite\",\"@id\":\"https:\/\/omoriwifi.com\/ja\/#website\",\"url\":\"https:\/\/omoriwifi.com\/ja\/\",\"name\":\"Omori WiFi\",\"description\":\"My WordPress Blog\",\"potentialAction\":[{\"@type\":\"SearchAction\",\"target\":{\"@type\":\"EntryPoint\",\"urlTemplate\":\"https:\/\/omoriwifi.com\/ja\/?s={search_term_string}\"},\"query-input\":{\"@type\":\"PropertyValueSpecification\",\"valueRequired\":true,\"valueName\":\"search_term_string\"}}],\"inLanguage\":\"ja\"}]}<\/script>\n<!-- \/ Yoast SEO plugin. -->","yoast_head_json":{"title":"Pol\u00edtica de privacidade - Omori WIFI","robots":{"index":"index","follow":"follow","max-snippet":"max-snippet:-1","max-image-preview":"max-image-preview:large","max-video-preview":"max-video-preview:-1"},"canonical":"https:\/\/omoriwifi.com\/ja\/politica-de-privacidade\/","og_locale":"ja_JP","og_type":"article","og_title":"Pol\u00edtica de privacidade - Omori WIFI","og_description":"Data de vig\u00eancia: 20 de abril de 2025 No SIM-OMORI-MART, operado por&nbsp;COMFYS JAPAN LLC, temos o compromisso de proteger sua privacidade e garantir a seguran\u00e7a de suas informa\u00e7\u00f5es pessoais. Esta","og_url":"https:\/\/omoriwifi.com\/ja\/politica-de-privacidade\/","og_site_name":"Omori WIFI","twitter_card":"summary_large_image","twitter_misc":{"\u63a8\u5b9a\u8aad\u307f\u53d6\u308a\u6642\u9593":"5\u5206"},"schema":{"@context":"https:\/\/schema.org","@graph":[{"@type":"WebPage","@id":"https:\/\/omoriwifi.com\/zh\/politica-de-privacidade\/","url":"https:\/\/omoriwifi.com\/zh\/politica-de-privacidade\/","name":"Pol\u00edtica de privacidade - Omori WIFI","isPartOf":{"@id":"https:\/\/omoriwifi.com\/ja\/#website"},"datePublished":"2025-03-25T17:10:57+00:00","breadcrumb":{"@id":"https:\/\/omoriwifi.com\/zh\/politica-de-privacidade\/#breadcrumb"},"inLanguage":"ja","potentialAction":[{"@type":"ReadAction","target":["https:\/\/omoriwifi.com\/zh\/politica-de-privacidade\/"]}]},{"@type":"BreadcrumbList","@id":"https:\/\/omoriwifi.com\/zh\/politica-de-privacidade\/#breadcrumb","itemListElement":[{"@type":"ListItem","position":1,"name":"Home","item":"https:\/\/omoriwifi.com\/ja\/"},{"@type":"ListItem","position":2,"name":"Pol\u00edtica de privacidade"}]},{"@type":"WebSite","@id":"https:\/\/omoriwifi.com\/ja\/#website","url":"https:\/\/omoriwifi.com\/ja\/","name":"\u5927\u68eeWiFi","description":"\u79c1\u306eWordPress\u30d6\u30ed\u30b0","potentialAction":[{"@type":"SearchAction","target":{"@type":"EntryPoint","urlTemplate":"https:\/\/omoriwifi.com\/ja\/?s={search_term_string}"},"query-input":{"@type":"PropertyValueSpecification","valueRequired":true,"valueName":"search_term_string"}}],"inLanguage":"ja"}]}},"_links":{"self":[{"href":"https:\/\/omoriwifi.com\/ja\/wp-json\/wp\/v2\/pages\/24984","targetHints":{"allow":["GET"]}}],"collection":[{"href":"https:\/\/omoriwifi.com\/ja\/wp-json\/wp\/v2\/pages"}],"about":[{"href":"https:\/\/omoriwifi.com\/ja\/wp-json\/wp\/v2\/types\/page"}],"author":[{"embeddable":true,"href":"https:\/\/omoriwifi.com\/ja\/wp-json\/wp\/v2\/users\/2"}],"replies":[{"embeddable":true,"href":"https:\/\/omoriwifi.com\/ja\/wp-json\/wp\/v2\/comments?post=24984"}],"version-history":[{"count":0,"href":"https:\/\/omoriwifi.com\/ja\/wp-json\/wp\/v2\/pages\/24984\/revisions"}],"wp:attachment":[{"href":"https:\/\/omoriwifi.com\/ja\/wp-json\/wp\/v2\/media?parent=24984"}],"curies":[{"name":"wp","href":"https:\/\/api.w.org\/{rel}","templated":true}]}}