{"id":24968,"date":"2025-03-28T00:40:25","date_gmt":"2025-03-28T00:40:25","guid":{"rendered":"https:\/\/peachpuff-dugong-919786.hostingersite.com\/termos-e-condicoes\/"},"modified":"2025-03-28T00:40:25","modified_gmt":"2025-03-28T00:40:25","slug":"termos-e-condicoes","status":"publish","type":"page","link":"https:\/\/omoriwifi.com\/ko\/termos-e-condicoes\/","title":{"rendered":"\uc628\ub3c4 \ubc0f \uc870\uac74"},"content":{"rendered":"<p><strong>\uc18c\uac1c<\/strong><\/p>\n\n\n\n<p>\ubcb0\ube48\ub3c4 \uc544\uc624 <strong>\uc624\ubaa8\ub9ac\ub9c8\ud2b8<\/strong>, \uc74c mercado \uc628\ub77c\uc778 \uc624\ud398\ub77c <strong>COMFYS JAPAN \uc720\ud55c\ud68c\uc0ac<\/strong>.&nbsp;<\/p>\n\n\n\n<p>Ao acessar ou usar nosso site e nossos servi\u00e7os, voc\u00ea concorda em cumprir estar vinculado aos seguintes Termos and Condi\u00e7\u00f5es. Leia estes termos com aten\u00e7\u00e3o, pois eles regem o uso que voc\u00ea faz do site ea compra de produtos da OMORI-MART\ub97c \ud655\uc778\ud558\uc138\uc694. <\/p>\n\n\n\n<h4 class=\"wp-block-heading\"><strong>1. \uc77c\ubc18 \uc815\ubcf4<\/strong><\/h4>\n\n\n\n<ul class=\"wp-block-list\">\n<li><strong>\ud68c\uc0ac \uc774\ub984<\/strong>: COMFYS JAPAN \uc720\ud55c\ud68c\uc0ac<\/li>\n\n\n\n<li><strong>\uc11c\uc7ac\uc758 \ub05d<\/strong>: R \ud050\ube0c \uc544\uc624\uc57c\ub9c8, 3\uce35, 1-3-1 Kita-Aoyama, Minato-ku, T\u00f3quio, 107-0061, Jap\u00e3o<\/li>\n\n\n\n<li><strong>\ub300\uc9c0:<\/strong> https:\/\/peachpuff-dugong-919786.hostingersite.com\/<\/li>\n\n\n\n<li><strong>\ud68c\uc0ac \uc124\uba85<\/strong>: Fazemos com que voc\u00ea fique conectado no Jap\u00e3o de forma simples e sem complica\u00e7\u00f5es. N\u00e3o importa se voc\u00ea est\u00e1 Visitando o pa\u00eds para uma viagem curta ou planejando uma longa estadia, nossos cart\u00f5es SIM e solu\u00e7\u00f5es Wi-Fi garantem que voc\u00ea tenha uma internet confi\u00e1vel e de alta velocidade onde quer que v\u00e1. \ub9e4\uc6b0 \ubcf5\uc7a1\ud558\uace0, \uc2e0\uc6a9 \ud655\uc778 \uc2dc \u2013 \uc601\uad6c \uc5f0\uacb0\uc774 \uac00\ub2a5\ud569\ub2c8\ub2e4. Nossa miss\u00e3o \u00e9 fornecer servi\u00e7os de Dados moveis e Wi-Fi acess\u00edveis econ\u00f4micos sem as barreiras t\u00edpicas. Com planos flex\u00edveis, frete gr\u00e1tis e op\u00e7\u00f5es de retirada f\u00e1ceis, Priorizamos a conveni\u00eancia para que voc\u00ea possa se concentrar em aproveitar seu tempo no Jap\u00e3o.   <\/li>\n<\/ul>\n\n\n\n<h4 class=\"wp-block-heading\"><strong>2. \uc0ac\uc6a9 \uc120\ud0dd \uac00\ub2a5<\/strong><\/h4>\n\n\n\n<p>Ao usar a SIM-OMORI-MART, voc\u00ea verifya que \u00e9 maior de idade<\/p>\n\n\n\n<h4 class=\"wp-block-heading\"><strong>3. \uc9c0\ubd88 \ubc0f \uacb0\uc81c<\/strong><\/h4>\n\n\n\n<p>3.1 <strong>\ubc1c\uae30 \uacfc\uc815<\/strong>:<\/p>\n\n\n\n<ul class=\"wp-block-list\">\n<li>Todos os pedidos feitos atrav\u00e9s da SIM-OMORI-MART est\u00e3o sujeitos \u00e0 aceita\u00e7\u00e3o pela COMFYS JAPAN LLC. \uc218\uc2e0 \ud655\uc778\uc744 \uc704\ud574 \ud398\ub514\ub3c4\ub97c \ud655\uc778\ud558\uace0 \uc774\uba54\uc77c\ub85c \ud398\ub514\ub3c4\ub97c \ud655\uc778\ud558\uc138\uc694. \uc544\ub2c8\uc694, \uc608\uc57d \ucde8\uc18c \ub610\ub294 \ucde8\uc18c \ub610\ub294 \uc81c\ud488\uc758 \uc81c\ud55c \ub610\ub294 \uc0ad\uc81c, \uc624\ub958\uac00 \uc788\ub294 \uacbd\uc6b0 \ub610\ub294 \ud488\uc9c8 \uae30\uc900\uc5d0 \ub530\ub77c \ud488\uc9c8\uc774 \uc800\ud558\ub41c \uacbd\uc6b0.  <\/li>\n<\/ul>\n\n\n\n<p>3.2 <strong>\uacb0\uc81c \ubc29\ubc95<\/strong>:<\/p>\n\n\n\n<ul class=\"wp-block-list\">\n<li>Aceitamos os principais cart\u00f5es de cr\u00e9dito, transfer\u00eancias banc\u00e1rias e outras formas de pagamento, form listado em nosso site. Todos os pre\u00e7os est\u00e3o listados em ienes japoneses(JPY) \ubc0f todos os impostos aplic\u00e1veis, salvo indica\u00e7\u00e3o em contr\u00e1rio\ub97c \ud3ec\ud568\ud569\ub2c8\ub2e4. <\/li>\n<\/ul>\n\n\n\n<p>3.3 <strong>\ucde8\uc18c \ubc0f \uc7ac\ub4f1\ub85d<\/strong>:<\/p>\n\n\n\n<ul class=\"wp-block-list\">\n<li>Os clientes podem solicitar o cancelamento do pedido antes doevio. Enviado\uc5d0 \ub300\ud55c Depois que o produto, os cancelamentos n\u00e3o ser\u00e3o allowedidos. Os reembolsos podem ser ememiidos em caso de produtos defeituosos ou erros de entrega, sujeitos a inspe\u00e7\u00e3o. Para pedidos de reembolso, entre em contato com nossa \uc7a5\ube44 de suporte ao cliente em at\u00e9 7 dias ap\u00f3s or recebimento do pedido.   <\/li>\n<\/ul>\n\n\n\n<h4 class=\"wp-block-heading\"><strong>4. \uc81c\ud488\uc744 \ubbf8\ub9ac \uc900\ube44\ud558\ub294 \ubc29\ubc95<\/strong><\/h4>\n\n\n\n<p>4.1 <strong>\uc81c\uacf5 \uac00\ub2a5<\/strong>:<\/p>\n\n\n\n<ul class=\"wp-block-list\">\n<li>N\u00f3s nos esfor\u00e7amos para manter n\u00edveis precisos de estoque em nosso site. \uc544\ub2c8\uc694, devido \u00e0 alta needa \u00e0s flutua\u00e7\u00f5es da cadeia de suprimentos, alguns itens itens podem ficar indispon\u00edveis ap\u00f3s a realiza\u00e7\u00e3o do seu pedido. Nesses casos, notificaremos voc\u00ea e ofereceremos um produto substituto ou processaremos um reembolso.  <\/li>\n<\/ul>\n\n\n\n<p>4.2 <strong>\ud504\ub808\uc2dc\ud53c\uce74\uc0c1<\/strong>:<\/p>\n\n\n\n<ul class=\"wp-block-list\">\n<li>\uc774 \uc81c\ud488\uc740 \uc774\uc804\uc5d0 \uad6c\ub9e4\ud55c \uc81c\ud488 \uc911 \ubcc0\uacbd\ub41c \ub0b4\uc6a9\uc774 \uc5c6\uc2b5\ub2c8\ub2e4. Fazemos todos os esfor\u00e7os para garantir pre\u00e7os em nosso site, mas podem ocorrer erros. \uc0ac\uc804\uc5d0 \uc624\ub958\uac00 \uc788\ub294 \uacbd\uc6b0, \uc608\uc57d \ucde8\uc18c \ub610\ub294 \ucde8\uc18c \uc694\uccad \ub610\ub294 \uace0\uac1d \uc801\uc808\uc131\uc5d0 \ub300\ud55c \ud1b5\uc9c0\uac00 \ud544\uc694\ud558\uc9c0 \uc54a\uc2b5\ub2c8\ub2e4.  <\/li>\n<\/ul>\n\n\n\n<h4 class=\"wp-block-heading\"><strong>5. \ubcf4\ub0b4\uace0 \ubcf4\ub0b4\ub2e4<\/strong><\/h4>\n\n\n\n<p>5.1 <strong>\uc804\ub2ec \uc601\uc5ed<\/strong>:<\/p>\n\n\n\n<ul class=\"wp-block-list\">\n<li>SIM-OMORI-MART faz entregas somente para endere\u00e7os no Jap\u00e3o\uac00 \uc788\uc2b5\ub2c8\ub2e4. N\u00e3o fazemosevios internacionais. <\/li>\n<\/ul>\n\n\n\n<p>5.2 <strong>\ub808\uba54\uc0ac \uc138\uae08<\/strong>:<\/p>\n\n\n\n<ul class=\"wp-block-list\">\n<li>As Taxas de remessa variam de acordo com o tamanho eo peso do seu pedido. Todos os custos de remessa aplic\u00e1veis ser\u00e3o exibidos na finaliza\u00e7\u00e3o da compra. \ub9ce\uc740 \uc591\uc758 \uc18c\uc544\uacfc\uc5d0 \ub300\ud55c \ubd88\ub9cc\uc774 \uc788\ub294 \uacbd\uc6b0, \ucd1d \uc758\ub8cc \uaddc\ubaa8\uc5d0 \ub530\ub77c \ub2ec\ub77c\uc9d1\ub2c8\ub2e4.  <\/li>\n<\/ul>\n\n\n\n<p>5.3 <strong>\ud504\ub77c\uc870 \ub370 \uc5d4\ud2b8\ub808\uac00<\/strong>:<\/p>\n\n\n\n<ul class=\"wp-block-list\">\n<li>Normalmente, os pedidos s\u00e3o processados dentro de 2 a 3 dias \u00fateis. Os prazos de entrega podem variar de acordo com a sua localiza\u00e7\u00e3o eo eo m\u00e9todo de enevio selectionado. OMORI-MART\ub294 \uc678\ubd80 \ud658\uacbd\uc5d0 \uc758\ud55c \uc678\ubd80 \uc6d0\uc778\uc5d0 \ub300\ud55c \uc751\ub2f5\uc774 \uc5c6\uc73c\uba70, \uae30\ud6c4 \uc870\uac74\uacfc \uad00\ub828\ud558\uc5ec \uc6b4\uc1a1 \ubc0f \ucc28\ub7c9 \uac1c\ubc29\uc5d0 \ub300\ud55c \ubb38\uc81c\uac00 \uc788\uc2b5\ub2c8\ub2e4.  <\/li>\n<\/ul>\n\n\n\n<h4 class=\"wp-block-heading\"><strong>6. \uc815\uce58\uc801 \ud601\uba85\uacfc reembolso<\/strong><\/h4>\n\n\n\n<p>6.1 <strong>Elegibilidade para devolu\u00e7\u00f5es<\/strong>:<\/p>\n\n\n\n<ul class=\"wp-block-list\">\n<li>Os produtos que chegam danificados ou com defeito podem ser devolvidos. Os clientes devem nos notificar em at\u00e9 7 dias ap\u00f3s o recebimento e fornecer prova do dano ou defeito. Itens perec\u00edveis, inclusive produtos de carne, devem ser informados em at\u00e9 24 horas ap\u00f3s or recebimento.  <\/li>\n<\/ul>\n\n\n\n<p>6.2 <strong>Itens que n\u00e3o podem ser devolvidos<\/strong>:<\/p>\n\n\n\n<ul class=\"wp-block-list\">\n<li>Bebidas alco\u00f3licas e outros produtos perec\u00edveis (como carne) n\u00e3o podem ser devolvidos, a menos que estejam danificados na chegada ou que haja um erro na entrega.<\/li>\n<\/ul>\n\n\n\n<p>6.3 <strong>\uc7ac\ucc44\uae30 \uacfc\uc815<\/strong>:<\/p>\n\n\n\n<ul class=\"wp-block-list\">\n<li>\uac1c\ubc1c \uacfc\uc815\uc744 \ud655\uc778\ud558\uace0 \uc6d0\ubcf8 \ubc29\ubc95\uc744 \ud1b5\ud574 \uc77c\ub828\uc758 \uacfc\uc815\uc744 \ud655\uc778\ud558\uc138\uc694. Os reembolsos podem levar at\u00e9 10 dias \u00fateis para aparecer, dependency da sua institui\u00e7\u00e3o Financeira. <\/li>\n<\/ul>\n\n\n\n<h4 class=\"wp-block-heading\"><strong>7. \uac1c\uc778\uc815\ubcf4\ubcf4\ud638\uc815\ucc45<\/strong><\/h4>\n\n\n\n<p>Temos o compromisso de proteger suas informationa\u00e7\u00f5es pessoais. OMORI-MART\uc5d0\uc11c \uac1c\uc778 \uc815\ubcf4 \ubcf4\ud638 \uc815\ucc45\uc5d0 \ub530\ub77c \uace0\uac1d\uc758 \uc815\ubcf4\ub97c \uc218\uc9d1\ud560 \uc218 \uc788\uc2b5\ub2c8\ub2e4. N\u00e3o compartilhamos ou vendemos suas informa\u00e7\u00f5es pessoais a terceiros sem o seu acceptimento, exceto quando exigido por lei.  <\/p>\n\n\n\n<h4 class=\"wp-block-heading\"><strong>8. \ucc45\uc784 \uc81c\ud55c<\/strong><\/h4>\n\n\n\n<p>COMFYS JAPAN LLC\ub294 \uadc0\ud558\uc758 \uc694\uccad\uc5d0 \ub530\ub77c \ucc45\uc784\uc744 \uc9c0\uc9c0 \uc54a\uc73c\uba70, \uc0ac\uac74 \ub610\ub294 \uacb0\uacfc\uc801\uc73c\ub85c OMORI-MART \ub610\ub294 \uc81c\ud488 \ud310\ub9e4 \uc0ac\uc774\ud2b8\ub97c \uc0ac\uc6a9\ud569\ub2c8\ub2e4. \uc9c8\ubb38\uc5d0 \ub300\ud55c \ucc45\uc784\uc740 \ucd5c\ub300\ud55c \uc81c\ud55c\ub418\uc5b4 \uc788\uc2b5\ub2c8\ub2e4. <\/p>\n\n\n\n<h4 class=\"wp-block-heading\"><strong>9. \uc801\uc6a9 \ubc95\ub960<\/strong><\/h4>\n\n\n\n<p>Os Termos e Condi\u00e7\u00f5es s\u00e3o regidos pelas leis do Jap\u00e3o. Quaisquer disputas decorrentes do seu da SIM-OMORI-MART\ub294 Jap\u00e3o\uc758 T\u00f3quio Tribunais de Jurisdi\u00e7\u00e3o \ub3c5\uc810 \ub3c5\uc810\uad8c\uc744 \ud589\uc0ac\ud569\ub2c8\ub2e4. <\/p>\n\n\n\n<h4 class=\"wp-block-heading\"><strong>10. Altera\u00e7\u00f5es nos Termos e Condi\u00e7\u00f5es<\/strong><\/h4>\n\n\n\n<p>COMFYS JAPAN LLC\ub294 \uc870\uac74\uacfc \uc870\uac74\uc744 \uc77c\uc2dc\uc801\uc73c\ub85c \uc218\uc815\ud558\uc5ec \uc2e4\uc81c \uc0c1\ud669\uc5d0 \ub9de\uac8c \uc608\uc57d\ud569\ub2c8\ub2e4. altera\u00e7\u00f5es ser\u00e3o\ub294 OMORI-MART \uc0ac\uc774\ud2b8\ub97c \uacf5\uac1c\ud558\uc9c0 \uc54a\uc73c\ubbc0\ub85c \uacc4\uc18d\ud574\uc11c nossos servi\u00e7os ap\u00f3s quaisquer altera\u00e7\u00f5es\ub97c \uc0ac\uc6a9\ud558\uba74 voc\u00ea aceita os termos revisados\ub97c \uc758\ubbf8\ud569\ub2c8\ub2e4. <\/p>\n\n\n\n<p>Em caso de d\u00favidas ou preocupa\u00e7\u00f5es com rela\u00e7\u00e3o a estes Termos and Condi\u00e7\u00f5es, entre em contato com nossa \uc7a5\ube44 de atendimento ao cliente pelo <strong>support@omorimart.com\uc73c\ub85c \uc774\uba54\uc77c\uc744 \ubcf4\ub0b4\uc8fc\uc138\uc694.<\/strong><\/p>\n\n\n\n<p>Ao usar o OMORI-MART, voc\u00ea reconhece que leu, entendeu e concorda em se vincular a estes Termos e Condi\u00e7\u00f5es.<\/p>","protected":false},"excerpt":{"rendered":"<p>Introdu\u00e7\u00e3o Bem-vindo ao OMORI-MART, um mercado on-line operado pela COMFYS JAPAN LLC.&nbsp; Ao acessar ou usar nosso site e nossos servi\u00e7os, voc\u00ea concorda em cumprir e estar vinculado aos seguintes<\/p>","protected":false},"author":2,"featured_media":0,"parent":0,"menu_order":0,"comment_status":"closed","ping_status":"closed","template":"","meta":{"footnotes":""},"class_list":["post-24968","page","type-page","status-publish","hentry"],"yoast_head":"<!-- This site is optimized with the Yoast SEO plugin v27.2 - https:\/\/yoast.com\/product\/yoast-seo-wordpress\/ -->\n<title>Termos e condi\u00e7\u00f5es - Omori WIFI<\/title>\n<meta name=\"robots\" content=\"index, follow, max-snippet:-1, max-image-preview:large, max-video-preview:-1\" \/>\n<link rel=\"canonical\" href=\"https:\/\/omoriwifi.com\/ko\/termos-e-condicoes\/\" \/>\n<meta property=\"og:locale\" content=\"ko_KR\" \/>\n<meta property=\"og:type\" content=\"article\" \/>\n<meta property=\"og:title\" content=\"Termos e condi\u00e7\u00f5es - Omori WIFI\" \/>\n<meta property=\"og:description\" content=\"Introdu\u00e7\u00e3o Bem-vindo ao OMORI-MART, um mercado on-line operado pela COMFYS JAPAN LLC.&nbsp; Ao acessar ou usar nosso site e nossos servi\u00e7os, voc\u00ea concorda em cumprir e estar vinculado aos seguintes\" \/>\n<meta property=\"og:url\" content=\"https:\/\/omoriwifi.com\/ko\/termos-e-condicoes\/\" \/>\n<meta property=\"og:site_name\" content=\"Omori WIFI\" \/>\n<meta name=\"twitter:card\" content=\"summary_large_image\" \/>\n<meta name=\"twitter:label1\" content=\"\uc608\uc0c1 \ub418\ub294 \ud310\ub3c5 \uc2dc\uac04\" \/>\n\t<meta name=\"twitter:data1\" content=\"5\ubd84\" \/>\n<script type=\"application\/ld+json\" class=\"yoast-schema-graph\">{\"@context\":\"https:\/\/schema.org\",\"@graph\":[{\"@type\":\"WebPage\",\"@id\":\"https:\/\/omoriwifi.com\/uk\/termos-e-condicoes\/\",\"url\":\"https:\/\/omoriwifi.com\/uk\/termos-e-condicoes\/\",\"name\":\"Termos e condi\u00e7\u00f5es - Omori WIFI\",\"isPartOf\":{\"@id\":\"https:\/\/omoriwifi.com\/ja\/#website\"},\"datePublished\":\"2025-03-28T00:40:25+00:00\",\"breadcrumb\":{\"@id\":\"https:\/\/omoriwifi.com\/uk\/termos-e-condicoes\/#breadcrumb\"},\"inLanguage\":\"ko-KR\",\"potentialAction\":[{\"@type\":\"ReadAction\",\"target\":[\"https:\/\/omoriwifi.com\/uk\/termos-e-condicoes\/\"]}]},{\"@type\":\"BreadcrumbList\",\"@id\":\"https:\/\/omoriwifi.com\/uk\/termos-e-condicoes\/#breadcrumb\",\"itemListElement\":[{\"@type\":\"ListItem\",\"position\":1,\"name\":\"Home\",\"item\":\"https:\/\/omoriwifi.com\/ja\/\"},{\"@type\":\"ListItem\",\"position\":2,\"name\":\"Termos e condi\u00e7\u00f5es\"}]},{\"@type\":\"WebSite\",\"@id\":\"https:\/\/omoriwifi.com\/ja\/#website\",\"url\":\"https:\/\/omoriwifi.com\/ja\/\",\"name\":\"Omori WiFi\",\"description\":\"My WordPress Blog\",\"potentialAction\":[{\"@type\":\"SearchAction\",\"target\":{\"@type\":\"EntryPoint\",\"urlTemplate\":\"https:\/\/omoriwifi.com\/ja\/?s={search_term_string}\"},\"query-input\":{\"@type\":\"PropertyValueSpecification\",\"valueRequired\":true,\"valueName\":\"search_term_string\"}}],\"inLanguage\":\"ko-KR\"}]}<\/script>\n<!-- \/ Yoast SEO plugin. -->","yoast_head_json":{"title":"Termos e condi\u00e7\u00f5es - Omori WIFI","robots":{"index":"index","follow":"follow","max-snippet":"max-snippet:-1","max-image-preview":"max-image-preview:large","max-video-preview":"max-video-preview:-1"},"canonical":"https:\/\/omoriwifi.com\/ko\/termos-e-condicoes\/","og_locale":"ko_KR","og_type":"article","og_title":"Termos e condi\u00e7\u00f5es - Omori WIFI","og_description":"Introdu\u00e7\u00e3o Bem-vindo ao OMORI-MART, um mercado on-line operado pela COMFYS JAPAN LLC.&nbsp; Ao acessar ou usar nosso site e nossos servi\u00e7os, voc\u00ea concorda em cumprir e estar vinculado aos seguintes","og_url":"https:\/\/omoriwifi.com\/ko\/termos-e-condicoes\/","og_site_name":"Omori WIFI","twitter_card":"summary_large_image","twitter_misc":{"\uc608\uc0c1 \ub418\ub294 \ud310\ub3c5 \uc2dc\uac04":"5\ubd84"},"schema":{"@context":"https:\/\/schema.org","@graph":[{"@type":"WebPage","@id":"https:\/\/omoriwifi.com\/uk\/termos-e-condicoes\/","url":"https:\/\/omoriwifi.com\/uk\/termos-e-condicoes\/","name":"Termos e condi\u00e7\u00f5es - Omori WIFI","isPartOf":{"@id":"https:\/\/omoriwifi.com\/ja\/#website"},"datePublished":"2025-03-28T00:40:25+00:00","breadcrumb":{"@id":"https:\/\/omoriwifi.com\/uk\/termos-e-condicoes\/#breadcrumb"},"inLanguage":"ko-KR","potentialAction":[{"@type":"ReadAction","target":["https:\/\/omoriwifi.com\/uk\/termos-e-condicoes\/"]}]},{"@type":"BreadcrumbList","@id":"https:\/\/omoriwifi.com\/uk\/termos-e-condicoes\/#breadcrumb","itemListElement":[{"@type":"ListItem","position":1,"name":"Home","item":"https:\/\/omoriwifi.com\/ja\/"},{"@type":"ListItem","position":2,"name":"Termos e condi\u00e7\u00f5es"}]},{"@type":"WebSite","@id":"https:\/\/omoriwifi.com\/ja\/#website","url":"https:\/\/omoriwifi.com\/ja\/","name":"\uc624\ubaa8\ub9ac \uc640\uc774\ud30c\uc774","description":"\ub0b4 \uc6cc\ub4dc\ud504\ub808\uc2a4 \ube14\ub85c\uadf8","potentialAction":[{"@type":"SearchAction","target":{"@type":"EntryPoint","urlTemplate":"https:\/\/omoriwifi.com\/ja\/?s={search_term_string}"},"query-input":{"@type":"PropertyValueSpecification","valueRequired":true,"valueName":"search_term_string"}}],"inLanguage":"ko-KR"}]}},"_links":{"self":[{"href":"https:\/\/omoriwifi.com\/ko\/wp-json\/wp\/v2\/pages\/24968","targetHints":{"allow":["GET"]}}],"collection":[{"href":"https:\/\/omoriwifi.com\/ko\/wp-json\/wp\/v2\/pages"}],"about":[{"href":"https:\/\/omoriwifi.com\/ko\/wp-json\/wp\/v2\/types\/page"}],"author":[{"embeddable":true,"href":"https:\/\/omoriwifi.com\/ko\/wp-json\/wp\/v2\/users\/2"}],"replies":[{"embeddable":true,"href":"https:\/\/omoriwifi.com\/ko\/wp-json\/wp\/v2\/comments?post=24968"}],"version-history":[{"count":0,"href":"https:\/\/omoriwifi.com\/ko\/wp-json\/wp\/v2\/pages\/24968\/revisions"}],"wp:attachment":[{"href":"https:\/\/omoriwifi.com\/ko\/wp-json\/wp\/v2\/media?parent=24968"}],"curies":[{"name":"\uc6cc\ub4dc\ud504\ub808\uc2a4","href":"https:\/\/api.w.org\/{rel}","templated":true}]}}