{"id":24984,"date":"2025-03-25T17:10:57","date_gmt":"2025-03-25T17:10:57","guid":{"rendered":"https:\/\/peachpuff-dugong-919786.hostingersite.com\/politica-de-privacidade\/"},"modified":"2025-03-25T17:10:57","modified_gmt":"2025-03-25T17:10:57","slug":"politica-de-privacidade","status":"publish","type":"page","link":"https:\/\/omoriwifi.com\/ko\/politica-de-privacidade\/","title":{"rendered":"Pol\u00edtica de privacidade"},"content":{"rendered":"<h3 class=\"wp-block-heading\"><strong>Data de vig\u00eancia<\/strong>: 2025\ub144 4\uc6d4 20\uc77c<\/h3>\n\n\n\n<p>\uc544\ub2c8\uc694<strong> \uc2ec\uc624\ubaa8\ub9ac\ub9c8\ud2b8<\/strong>, operado por&nbsp;<strong>COMFYS JAPAN \uc720\ud55c\ud68c\uc0ac<\/strong>, temos \ub610\ub294 compromisso de proteger sua privacidade e garantir a seguran\u00e7a de suas informa\u00e7\u00f5es pessoais. Esta Pol\u00edtica de Privacidade\ub294 como coletamos, usamos, divulgamos \ubc0f protegemos suas informa\u00e7\u00f5es quando voc\u00ea \ubc29\ubb38 \ub610\ub294 faz uma compra em nosso \uc0ac\uc774\ud2b8\ub97c \uc124\uba85\ud569\ub2c8\ub2e4. Ao usar nosso site e nossos servi\u00e7os, voc\u00ea concorda com as pr\u00e1ticas descritas Nesta Pol\u00edtica de Privacidade.  <\/p>\n\n\n\n<h4 class=\"wp-block-heading\">&nbsp;<\/h4>\n\n\n\n<h4 class=\"wp-block-heading\"><strong>1. \ucf5c\ub808\ud0c0\ubaa8\uc2a4\uc5d0 \ub300\ud55c \uc815\ubcf4<\/strong><\/h4>\n\n\n\n<p>Coletamos informa\u00e7\u00f5es pessoais de voc\u00ea para fornecer nossos servi\u00e7os e melhorar sua experi\u00eancia na OMORI-MART. \ucf5c\ub808\ud0c0\ubaa8 \uc815\ubcf4\uc5d0 \ub300\ud55c \uc815\ubcf4\ub294 \ub2e4\uc74c\uc744 \ud3ec\ud568\ud569\ub2c8\ub2e4: <\/p>\n\n\n\n<p>1.1 <strong>Informa\u00e7\u00f5es pessoais<\/strong>:<\/p>\n\n\n\n<ul class=\"wp-block-list\">\n<li>\ub188<\/li>\n\n\n\n<li>\uc5d4\ub370\ub808\ucf54<\/li>\n\n\n\n<li>\uc774\uba54\uc77c \ub05d<\/li>\n\n\n\n<li>\uc804\ud654\ubc88\ud638<\/li>\n\n\n\n<li>Informa\u00e7\u00f5es de pagamento(detalhes de cart\u00e3o de cr\u00e9dito, detalhes de transfer\u00eancia banc\u00e1ria \ub4f1)<\/li>\n\n\n\n<li>Data de nascimento(para verificar a idade legal para beber)<\/li>\n<\/ul>\n\n\n\n<p>1.2 <strong>Informa\u00e7\u00f5es n\u00e3o pessoais<\/strong>:<\/p>\n\n\n\n<ul class=\"wp-block-list\">\n<li>Tipo de navegador<\/li>\n\n\n\n<li>Sobre or dispositivo\uc5d0 \ub300\ud55c \uc815\ubcf4<\/li>\n\n\n\n<li>IP \uc5d4\ub370\ub808\ucf54<\/li>\n\n\n\n<li>Dados de uso do site(p\u00e1ginas Visitadas, tempo gasto no site \ub4f1)<\/li>\n<\/ul>\n\n\n\n<h4 class=\"wp-block-heading\"><strong>2. \uc815\ubcf4\uc5d0 \ub300\ud55c \uc720\uc6a9\ud55c \uc815\ubcf4<\/strong><\/h4>\n\n\n\n<p>Usamos as informa\u00e7\u00f5es que coletamos de voc\u00ea para as seguintes finalidades:<\/p>\n\n\n\n<p>2.1 <strong>Processamento de pedidos<\/strong>:<\/p>\n\n\n\n<ul class=\"wp-block-list\">\n<li>Para processar e concluir seus pedidos, inclusive o processamento de remessas e pagamentos.<\/li>\n\n\n\n<li>\uc774\uba54\uc77c \ub610\ub294 \uc804\ud654\ub97c \ud1b5\ud574 \uc18c\uc544\uacfc \uc758\uc0ac \ud655\uc778, \uc218\uc2e0 \ubc0f \uc815\ubcf4 \uc804\ub2ec\uc744 \ud655\uc778\ud558\uc138\uc694.<\/li>\n<\/ul>\n\n\n\n<p>2.2 <strong>Atendimento ao cliente<\/strong>:<\/p>\n\n\n\n<ul class=\"wp-block-list\">\n<li>\uc751\ub2f5\uc790\ub85c\uc11c \uc694\uccad\ud558\uac70\ub098 \uc694\uccad\ud558\ub294 \uacbd\uc6b0\uac00 \uc788\uc2b5\ub2c8\ub2e4.<\/li>\n\n\n\n<li>Para notificar voc\u00ea sobre atualiza\u00e7\u00f5es ou altera\u00e7\u00f5es em seu pedido.<\/li>\n<\/ul>\n\n\n\n<p>2.3 <strong>\uac1c\uc778\ud654<\/strong>:<\/p>\n\n\n\n<ul class=\"wp-block-list\">\n<li>\ube44\uad50 \uacbd\ud5d8\uc744 \ud1b5\ud574 \uac1c\uc778\ud654\ud558\uace0, \ud604\uc7ac \ud0d0\uc0c9\ub41c \uc5ed\uc0ac\ub97c \ubc14\ud0d5\uc73c\ub85c \uc81c\ud488\uc744 \ucd94\ucc9c\ud569\ub2c8\ub2e4.<\/li>\n\n\n\n<li>Para melhorar\ub294 \uc0ac\uc6a9\uc790 \uacbd\ud5d8\uc744 \ud1b5\ud574 \uc720\uc6a9\ud55c \uc0ac\uc774\ud2b8\ub97c \uc81c\uacf5\ud569\ub2c8\ub2e4.<\/li>\n<\/ul>\n\n\n\n<p>2.4 <strong>\ub9c8\ucf00\ud305 \ubc0f \ud504\ub85c\ubaa8\uc158<\/strong>:<\/p>\n\n\n\n<ul class=\"wp-block-list\">\n<li>Para en voc\u00ea a voc\u00ea ofertas promocionais, descontos e atualiza\u00e7\u00f5es sobre os produtos e servi\u00e7os da OMORI-MART(somente se voc\u00ea optar por receber comunica\u00e7\u00f5es de Marketing).<\/li>\n\n\n\n<li>Para informar voc\u00ea sobre descontos especiais em pedidos em Massa de bebidas alco\u00f3licas e produtos de carne.<\/li>\n<\/ul>\n\n\n\n<p>2.5 <strong>\ub808\uc774\uc2a4\ub85c \ucc29\uc6a9<\/strong>:<\/p>\n\n\n\n<ul class=\"wp-block-list\">\n<li>\ubc95\uc801 \uc694\uad6c \uc0ac\ud56d\uc5d0 \ub530\ub77c, \uc54c\ucf54\uc62c \uc911\ub3c5\uc5d0 \ub300\ud55c \ubc95\uc801 \uc815\ubcf4\ub97c \ud655\uc778\ud558\uc138\uc694.<\/li>\n<\/ul>\n\n\n\n<h4 class=\"wp-block-heading\">&nbsp;<\/h4>\n\n\n\n<h4 class=\"wp-block-heading\"><strong>3. \uc815\ubcf4 \ube44\uad50<\/strong><\/h4>\n\n\n\n<p>Respeitamos sua privacidade e n\u00e3o venderemos, alugaremos ou trocaremos suas informa\u00e7\u00f5es pessoais com terceiros. Entretanto, \uc815\ubcf4 compartilhar \ube44\uad50 \uc815\ubcf4: <\/p>\n\n\n\n<p>3.1 <strong>Provedores de servi\u00e7os<\/strong>:<\/p>\n\n\n\n<ul class=\"wp-block-list\">\n<li>Empresas terceirizadas que auxiliam no processamento de pagamentos,evio e atendimento de pedidos.<\/li>\n\n\n\n<li>\uc81c\uc870 \uc11c\ube44\uc2a4\ub97c \uc81c\uacf5\ud558\uace0 \uc0ac\uc774\ud2b8 \ub9c8\ucf00\ud305\uc744 \ubd84\uc11d\ud569\ub2c8\ub2e4.<\/li>\n<\/ul>\n\n\n\n<p>3.2 <strong>\ubc95\uc801 \uc900\uc218<\/strong>:<\/p>\n\n\n\n<ul class=\"wp-block-list\">\n<li>Se exigido por lei, poderemos divulgar informa\u00e7\u00f5es pessoais a autoridades Governoramentais ou outros terceiros para cumprir obriga\u00e7\u00f5es Legais, evitar cheates ou proteger os direitos da OMORI-MART e de seus clientes.<\/li>\n<\/ul>\n\n\n\n<h4 class=\"wp-block-heading\">&nbsp;<\/h4>\n\n\n\n<h4 class=\"wp-block-heading\"><strong>4. Seguran\u00e7a de dados<\/strong><\/h4>\n\n\n\n<p>Temos o compromisso de proteger suas informationa\u00e7\u00f5es pessoais. \uc554\ud638 \ud504\ub85c\ud1a0\ucf5c\uc744 \uc124\uc815\ud558\uace0 \ubb38\uc11c \uae30\ubc00 \uc815\ubcf4\ub97c \ubcf4\ud638\ud558\uae30 \uc704\ud574 \ubb38\uc11c \ubcf4\uc548 \uac8c\uc774\ud2b8\uc6e8\uc774\ub97c \uc124\uc815\ud569\ub2c8\ub2e4. \uc544\ub2c8\uc694, \uc778\ud130\ub137 \uc804\uc1a1 \ubc29\ubc95\uc774\ub098 \uc804\uc790 \uc7a5\uce58 100%\ub97c \uc0ac\uc6a9\ud558\ub294 \ubc29\ubc95\uc740 \uc5c6\uc2b5\ub2c8\ub2e4. \uadc0\ud558\uc758 \uc815\ubcf4\ub97c \ubcf4\ud638\ud558\ub294 \ub370 \ub3c4\uc6c0\uc774 \ub418\ub294 \uc815\ubcf4\ub97c \uc5bb\uc73c\ub824\uba74 \uc808\ub300\uc801\uc778 \ubcf4\uc548\uc744 \ubcf4\uc7a5\ud558\uc9c0 \ub9c8\uc2ed\uc2dc\uc624.   <\/p>\n\n\n\n<h4 class=\"wp-block-heading\">&nbsp;<\/h4>\n\n\n\n<h4 class=\"wp-block-heading\"><strong>5. \ucfe0\ud0a4 \ubc0f \uae30\uc220 \uae30\uc220<\/strong><\/h4>\n\n\n\n<p>OMORI-MART\ub294 \ucfe0\ud0a4\uc640 \uae30\uc220\uc744 \ud1b5\ud574 \uae30\ubcf8 \uacbd\ud5d8\uc744 \uc81c\uacf5\ud569\ub2c8\ub2e4. \ucfe0\ud0a4\ub97c \uc0ac\uc6a9\ud558\uba74 \uc120\ud638\ud558\ub294 \ud56d\ubaa9\uc744 \ud655\uc778\ud560 \uc218 \uc788\uc73c\uba70, \uc0ac\uc774\ud2b8\ub97c \uc0ac\uc6a9\ud558\uc5ec \ube44\uad50 \uacbd\ud5d8\uc744 \uac1c\uc778\ud654\ud560 \uc218 \uc788\uc2b5\ub2c8\ub2e4. <\/p>\n\n\n\n<p>5.1 <strong>Tipos de cookies que usamos<\/strong>:<\/p>\n\n\n\n<ul class=\"wp-block-list\">\n<li><strong>\ud544\uc218 \ucfe0\ud0a4<\/strong>: S\u00e3o necess\u00e1rios para a Opera\u00e7\u00e3o do nosso site e para allowedir que voc\u00ea conclua transa\u00e7\u00f5es.<\/li>\n\n\n\n<li><strong>\ucfe0\ud0a4 \ubd84\uc11d<\/strong>: Usados para coletar Dados sobre como os usu\u00e1rios interagem com o site (\uc608: \ubc29\ubb38 \ud398\uc774\uc9c0, \ud15c\ud3ec \uac00\uc2a4).<\/li>\n\n\n\n<li><strong>\ub9c8\ucf00\ud305 \ucfe0\ud0a4<\/strong>: \ud64d\ubcf4\uc6a9 \uac1c\uc778\ud654 \ubc0f \ud64d\ubcf4\uc6a9 \ucf58\ud14c\uc6b0\ub3c4\ub97c \uc0ac\uc6a9\ud558\uc138\uc694.<\/li>\n<\/ul>\n\n\n\n<p>\ud655\uc778 \uac00\ub2a5\ud55c \ucfe0\ud0a4\uc758 \uad6c\uc131\uc744 \ud655\uc778\ud558\ub824\uba74 OMORI-MART\uc5d0\uc11c \ubc18\ubcf5\uc801\uc73c\ub85c \uc0ac\uc6a9\uc790\ub97c \uacb0\uc815\ud560 \uc218 \uc788\ub294 \uc6a9\ub7c9 \uc81c\ud55c\uc744 \uc124\uc815\ud574\uc57c \ud569\ub2c8\ub2e4.<\/p>\n\n\n\n<h4 class=\"wp-block-heading\">&nbsp;<\/h4>\n\n\n\n<h4 class=\"wp-block-heading\"><strong>6. Seus direitos e escolhas<\/strong><\/h4>\n\n\n\n<p>6.1 <strong>Acesso e corre\u00e7\u00e3o<\/strong>:<\/p>\n\n\n\n<ul class=\"wp-block-list\">\n<li>Voc\u00ea tem o direito de acessar e atualizar suas informa\u00e7\u00f5es pessoais. Voc\u00ea pode fazer isso acessando sua conta ou entrando em contato com nossa \uc7a5\ube44 de suporte ao client. <\/li>\n<\/ul>\n\n\n\n<p>6.2 <strong>\ub9c8\ucf00\ud305 \ucee4\ubba4\ub2c8\ucf00\uc774\uc158\uc5d0 \ub300\ud55c \uc808\ub9dd\uac10<\/strong>:<\/p>\n\n\n\n<ul class=\"wp-block-list\">\n<li>\ub9c8\ucf00\ud305 \ucee4\ubba4\ub2c8\ucf00\uc774\uc158\uc5d0 \ub300\ud574 \ub354 \uc54c\uc544\ubcf4\ub824\uba74 \ub9c1\ud06c\uac00 \uc5c6\ub294 \uc0c1\ud0dc\uc5d0\uc11c &quot;\ucde8\uc18c&quot; \uc774\uba54\uc77c\uc744 \ubcf4\ub0b4\uac70\ub098 \uc5f0\ub77d\ud560 \uc218 \uc788\ub294 \ubc29\ubc95\uc774 \uc5c6\ub294\uc9c0 \ud655\uc778\ud558\uc138\uc694.<\/li>\n<\/ul>\n\n\n\n<p>6.3 <strong>Exclus\u00e3o de conta<\/strong>:<\/p>\n\n\n\n<ul class=\"wp-block-list\">\n<li>SIM-OMORI-MART\uc5d0 \uc811\uc18d\ud560 \uc218 \uc788\ub294 \uacbd\uc6b0\ub97c \uc81c\uc678\ud558\uace0 \uace0\uac1d\uc5d0\uac8c \uc5f0\ub77d\ud560 \uc218 \uc788\ub294 \uc7a5\uce58\uac00 \uc788\ub294\uc9c0 \ud655\uc778\ud558\uc2ed\uc2dc\uc624. \uc815\ubcf4\ub97c \ud655\uc778\ud558\uace0 \ud569\ubc95\uc801\uc778 \uc9c0\ub290\ub7ec\ubbf8\uc5d0 \ub300\ud55c \uc815\ubcf4\ub97c \ud655\uc778\ud558\uc2ed\uc2dc\uc624. <\/li>\n<\/ul>\n\n\n\n<h4 class=\"wp-block-heading\">&nbsp;<\/h4>\n\n\n\n<h4 class=\"wp-block-heading\"><strong>7. Privacidade das crian\u00e7as<\/strong><\/h4>\n\n\n\n<p>SIM-OMORI-MART\ub294 18\uc138 \uc774\uc0c1 ID\ub97c \uc0ac\uc6a9\ud558\uc5ec \ubaa9\uc801\uc9c0\uc5d0 \ub300\ud55c \uc815\ubcf4\ub97c \uc81c\uacf5\ud558\uc9c0 \uc54a\uc73c\uba70, 18\uc138 \uc774\uc0c1 \ub0a0\uc9dc\uc5d0 \ub300\ud55c \uc815\ubcf4\ub97c \uc81c\uacf5\ud558\uc9c0 \uc54a\uc2b5\ub2c8\ub2e4. Se tomarmos conhecimento de que coletamos informa\u00e7\u00f5es pessoais de um menor sem o acceptimento dos pais, tomaremos as medidas necess\u00e1rias para exluir essas informa\u00e7\u00f5es. <\/p>\n\n\n\n<h4 class=\"wp-block-heading\">&nbsp;<\/h4>\n\n\n\n<h4 class=\"wp-block-heading\"><strong>8. Links de terceiros<\/strong><\/h4>\n\n\n\n<p>Nosso \uc0ac\uc774\ud2b8 pode conter\ub294 OMORI-MART \uc6b4\uc601 \uc0ac\uc774\ud2b8\ub97c \uc5f0\uacb0\ud569\ub2c8\ub2e4. N\u00e3o Somos response\ub294 \uac1c\uc778 \uc815\ubcf4 \ubcf4\ud638 \uc0ac\uc774\ud2b8\uc5d0 \ub300\ud55c \uc2e4\uc81c \ub2f5\ubcc0\uc785\ub2c8\ub2e4. \ubc29\ubb38\uc790 \uc678\ubd80 \uc0ac\uc774\ud2b8\uc758 \uac1c\uc778 \uc815\ubcf4 \ubcf4\ud638 \uc815\ucc45\uc73c\ub85c \ubd84\uc11d\ud558\ub294 \uac83\uc774 \uc88b\uc2b5\ub2c8\ub2e4.  <\/p>\n\n\n\n<h4 class=\"wp-block-heading\">&nbsp;<\/h4>\n\n\n\n<h4 class=\"wp-block-heading\"><strong>9. Altera\u00e7\u00f5es na Pol\u00edtica de Privacidade<\/strong><\/h4>\n\n\n\n<p>Podemos atualizar esta Pol\u00edtica de Privacidade de tempos em tempos para refletir altera\u00e7\u00f5es em nossas pr\u00e1ticas or por outros motivos Operacionais,legais or regulamentares. Quaisquer altera\u00e7\u00f5es a esta Pol\u00edtica de Privacidade Ser\u00e3o publicadas em nosso site com a data de vig\u00eancia atualizada. OMORI-MART ap\u00f3s qualquer altera\u00e7\u00e3o na Pol\u00edtica de Privacidade\ub97c \uacc4\uc18d \uc0ac\uc6a9\ud558\ub824\uba74 isso significa que voc\u00ea aceita essas altera\u00e7\u00f5es.  <\/p>\n\n\n\n<h4 class=\"wp-block-heading\">&nbsp;<\/h4>\n\n\n\n<h4 class=\"wp-block-heading\"><strong>10. Entre em contato conosco<\/strong><\/h4>\n\n\n\n<p>\uc774 \uc815\ubcf4\ub294 \uac1c\uc778 \uc815\ubcf4 \ubcf4\ud638 \uc815\ucc45\uc774\ub098 \uac1c\uc778 \uc815\ubcf4 \ubcf4\ud638\uc5d0 \ub300\ud55c \uc804\uc81c \uc0ac\ud56d \ub610\ub294 \uac1c\uc778 \uc815\ubcf4 \ubcf4\ud638\uc5d0 \ub300\ud55c \uc815\ubcf4\uc640 \uad00\ub828\uc774 \uc788\uc2b5\ub2c8\ub2e4.<\/p>\n\n\n\n<ul class=\"wp-block-list\">\n<li><strong>\uc774\uba54\uc77c<\/strong>: support@omorimart.com<\/li>\n\n\n\n<li><strong>\uc5d4\ub370\ub808\ucf54<\/strong>: R \ud050\ube0c \uc544\uc624\uc57c\ub9c8, 3\uce35, 1-3-1 Kita-Aoyama, Minato-ku, T\u00f3quio, 107-0061, Jap\u00e3o<\/li>\n<\/ul>\n\n\n\n<p>Ao usar a OMORI-MART, voc\u00ea concorda com a coleta eo uso de suas informa\u00e7\u00f5es pessoais Conforme descrito Nesta Pol\u00edtica de Privacidade.<\/p>","protected":false},"excerpt":{"rendered":"<p>Data de vig\u00eancia: 20 de abril de 2025 No SIM-OMORI-MART, operado por&nbsp;COMFYS JAPAN LLC, temos o compromisso de proteger sua privacidade e garantir a seguran\u00e7a de suas informa\u00e7\u00f5es pessoais. Esta<\/p>","protected":false},"author":2,"featured_media":0,"parent":0,"menu_order":0,"comment_status":"closed","ping_status":"open","template":"","meta":{"footnotes":""},"class_list":["post-24984","page","type-page","status-publish","hentry"],"yoast_head":"<!-- This site is optimized with the Yoast SEO plugin v27.2 - https:\/\/yoast.com\/product\/yoast-seo-wordpress\/ -->\n<title>Pol\u00edtica de privacidade - Omori WIFI<\/title>\n<meta name=\"robots\" content=\"index, follow, max-snippet:-1, max-image-preview:large, max-video-preview:-1\" \/>\n<link rel=\"canonical\" href=\"https:\/\/omoriwifi.com\/ko\/politica-de-privacidade\/\" \/>\n<meta property=\"og:locale\" content=\"ko_KR\" \/>\n<meta property=\"og:type\" content=\"article\" \/>\n<meta property=\"og:title\" content=\"Pol\u00edtica de privacidade - Omori WIFI\" \/>\n<meta property=\"og:description\" content=\"Data de vig\u00eancia: 20 de abril de 2025 No SIM-OMORI-MART, operado por&nbsp;COMFYS JAPAN LLC, temos o compromisso de proteger sua privacidade e garantir a seguran\u00e7a de suas informa\u00e7\u00f5es pessoais. Esta\" \/>\n<meta property=\"og:url\" content=\"https:\/\/omoriwifi.com\/ko\/politica-de-privacidade\/\" \/>\n<meta property=\"og:site_name\" content=\"Omori WIFI\" \/>\n<meta name=\"twitter:card\" content=\"summary_large_image\" \/>\n<meta name=\"twitter:label1\" content=\"\uc608\uc0c1 \ub418\ub294 \ud310\ub3c5 \uc2dc\uac04\" \/>\n\t<meta name=\"twitter:data1\" content=\"5\ubd84\" \/>\n<script type=\"application\/ld+json\" class=\"yoast-schema-graph\">{\"@context\":\"https:\/\/schema.org\",\"@graph\":[{\"@type\":\"WebPage\",\"@id\":\"https:\/\/omoriwifi.com\/zh\/politica-de-privacidade\/\",\"url\":\"https:\/\/omoriwifi.com\/zh\/politica-de-privacidade\/\",\"name\":\"Pol\u00edtica de privacidade - Omori WIFI\",\"isPartOf\":{\"@id\":\"https:\/\/omoriwifi.com\/ja\/#website\"},\"datePublished\":\"2025-03-25T17:10:57+00:00\",\"breadcrumb\":{\"@id\":\"https:\/\/omoriwifi.com\/zh\/politica-de-privacidade\/#breadcrumb\"},\"inLanguage\":\"ko-KR\",\"potentialAction\":[{\"@type\":\"ReadAction\",\"target\":[\"https:\/\/omoriwifi.com\/zh\/politica-de-privacidade\/\"]}]},{\"@type\":\"BreadcrumbList\",\"@id\":\"https:\/\/omoriwifi.com\/zh\/politica-de-privacidade\/#breadcrumb\",\"itemListElement\":[{\"@type\":\"ListItem\",\"position\":1,\"name\":\"Home\",\"item\":\"https:\/\/omoriwifi.com\/ja\/\"},{\"@type\":\"ListItem\",\"position\":2,\"name\":\"Pol\u00edtica de privacidade\"}]},{\"@type\":\"WebSite\",\"@id\":\"https:\/\/omoriwifi.com\/ja\/#website\",\"url\":\"https:\/\/omoriwifi.com\/ja\/\",\"name\":\"Omori WiFi\",\"description\":\"My WordPress Blog\",\"potentialAction\":[{\"@type\":\"SearchAction\",\"target\":{\"@type\":\"EntryPoint\",\"urlTemplate\":\"https:\/\/omoriwifi.com\/ja\/?s={search_term_string}\"},\"query-input\":{\"@type\":\"PropertyValueSpecification\",\"valueRequired\":true,\"valueName\":\"search_term_string\"}}],\"inLanguage\":\"ko-KR\"}]}<\/script>\n<!-- \/ Yoast SEO plugin. -->","yoast_head_json":{"title":"Pol\u00edtica de privacidade - Omori WIFI","robots":{"index":"index","follow":"follow","max-snippet":"max-snippet:-1","max-image-preview":"max-image-preview:large","max-video-preview":"max-video-preview:-1"},"canonical":"https:\/\/omoriwifi.com\/ko\/politica-de-privacidade\/","og_locale":"ko_KR","og_type":"article","og_title":"Pol\u00edtica de privacidade - Omori WIFI","og_description":"Data de vig\u00eancia: 20 de abril de 2025 No SIM-OMORI-MART, operado por&nbsp;COMFYS JAPAN LLC, temos o compromisso de proteger sua privacidade e garantir a seguran\u00e7a de suas informa\u00e7\u00f5es pessoais. Esta","og_url":"https:\/\/omoriwifi.com\/ko\/politica-de-privacidade\/","og_site_name":"Omori WIFI","twitter_card":"summary_large_image","twitter_misc":{"\uc608\uc0c1 \ub418\ub294 \ud310\ub3c5 \uc2dc\uac04":"5\ubd84"},"schema":{"@context":"https:\/\/schema.org","@graph":[{"@type":"WebPage","@id":"https:\/\/omoriwifi.com\/zh\/politica-de-privacidade\/","url":"https:\/\/omoriwifi.com\/zh\/politica-de-privacidade\/","name":"Pol\u00edtica de privacidade - Omori WIFI","isPartOf":{"@id":"https:\/\/omoriwifi.com\/ja\/#website"},"datePublished":"2025-03-25T17:10:57+00:00","breadcrumb":{"@id":"https:\/\/omoriwifi.com\/zh\/politica-de-privacidade\/#breadcrumb"},"inLanguage":"ko-KR","potentialAction":[{"@type":"ReadAction","target":["https:\/\/omoriwifi.com\/zh\/politica-de-privacidade\/"]}]},{"@type":"BreadcrumbList","@id":"https:\/\/omoriwifi.com\/zh\/politica-de-privacidade\/#breadcrumb","itemListElement":[{"@type":"ListItem","position":1,"name":"Home","item":"https:\/\/omoriwifi.com\/ja\/"},{"@type":"ListItem","position":2,"name":"Pol\u00edtica de privacidade"}]},{"@type":"WebSite","@id":"https:\/\/omoriwifi.com\/ja\/#website","url":"https:\/\/omoriwifi.com\/ja\/","name":"\uc624\ubaa8\ub9ac \uc640\uc774\ud30c\uc774","description":"\ub0b4 \uc6cc\ub4dc\ud504\ub808\uc2a4 \ube14\ub85c\uadf8","potentialAction":[{"@type":"SearchAction","target":{"@type":"EntryPoint","urlTemplate":"https:\/\/omoriwifi.com\/ja\/?s={search_term_string}"},"query-input":{"@type":"PropertyValueSpecification","valueRequired":true,"valueName":"search_term_string"}}],"inLanguage":"ko-KR"}]}},"_links":{"self":[{"href":"https:\/\/omoriwifi.com\/ko\/wp-json\/wp\/v2\/pages\/24984","targetHints":{"allow":["GET"]}}],"collection":[{"href":"https:\/\/omoriwifi.com\/ko\/wp-json\/wp\/v2\/pages"}],"about":[{"href":"https:\/\/omoriwifi.com\/ko\/wp-json\/wp\/v2\/types\/page"}],"author":[{"embeddable":true,"href":"https:\/\/omoriwifi.com\/ko\/wp-json\/wp\/v2\/users\/2"}],"replies":[{"embeddable":true,"href":"https:\/\/omoriwifi.com\/ko\/wp-json\/wp\/v2\/comments?post=24984"}],"version-history":[{"count":0,"href":"https:\/\/omoriwifi.com\/ko\/wp-json\/wp\/v2\/pages\/24984\/revisions"}],"wp:attachment":[{"href":"https:\/\/omoriwifi.com\/ko\/wp-json\/wp\/v2\/media?parent=24984"}],"curies":[{"name":"\uc6cc\ub4dc\ud504\ub808\uc2a4","href":"https:\/\/api.w.org\/{rel}","templated":true}]}}