{"id":2478,"date":"2025-03-27T22:32:58","date_gmt":"2025-03-27T22:32:58","guid":{"rendered":"https:\/\/ici9b6skyk.onrocket.site\/?page_id=2478"},"modified":"2025-04-02T08:59:55","modified_gmt":"2025-04-02T08:59:55","slug":"price-compare","status":"publish","type":"page","link":"https:\/\/omoriwifi.com\/pt\/price-compare\/","title":{"rendered":"Comparar pre\u00e7os"},"content":{"rendered":"<div data-elementor-type=\"wp-page\" data-elementor-id=\"2478\" class=\"elementor elementor-2478\">\n\t\t\t\t<div class=\"elementor-element elementor-element-7399cb4 e-flex e-con-boxed e-con e-parent\" data-id=\"7399cb4\" data-element_type=\"container\" data-e-type=\"container\">\n\t\t\t\t\t<div class=\"e-con-inner\">\n\t\t\t\t<div class=\"elementor-element elementor-element-57b8cd9 elementor-widget elementor-widget-pls-heading\" data-id=\"57b8cd9\" data-element_type=\"widget\" data-e-type=\"widget\" data-widget_type=\"pls-heading.default\">\n\t\t\t\t<div class=\"elementor-widget-container\">\n\t\t\t\t\t<div id=\"pls-header-47667\" class=\"pls-element pls-heading pls-text-center separator-none\">\t\n\t\t\t\n\t\t\t<div class=\"heading-wrap\">\n\t\t\t<span class=\"separator-left\"><\/span>\n\t\t\t<h2 class=\"heading-title\">Compara\u00e7\u00e3o de Sims Tur\u00edsticos<\/h2>\t\t\t<span class=\"separator-right\"><\/span>\n\t\t\t\t\t<\/div>\n\t\t\n    <\/div>\t\t\t\t<\/div>\n\t\t\t\t<\/div>\n\t\t\t\t<div class=\"elementor-element elementor-element-31be8d4 elementor-widget elementor-widget-text-editor\" data-id=\"31be8d4\" data-element_type=\"widget\" data-e-type=\"widget\" data-widget_type=\"text-editor.default\">\n\t\t\t\t<div class=\"elementor-widget-container\">\n\t\t\t\t\t\t\t\t\t<table><thead><tr><th>Provedor<\/th><th>Pre\u00e7o<\/th><th>Dados<\/th><th>Dura\u00e7\u00e3o<\/th><th>Chamada de voz<\/th><\/tr><\/thead><tbody><tr><td>Omori Wi-Fi <span style=\"color: #e02e4d;\">(Melhor oferta)<\/span><\/td><td>\u00a5 5900<\/td><td>50 GB<\/td><td>16 dias<\/td><td>N\u00c3O<\/td><\/tr><tr><td>M\u00f3vel<\/td><td>\u00a5 6490<\/td><td>50 GB<\/td><td>16 dias<\/td><td>N\u00c3O<\/td><\/tr><tr><td>Sakura M\u00f3vel<\/td><td>\u00a5 6500<\/td><td>50 GB<\/td><td>15 dias<\/td><td>N\u00c3O<\/td><\/tr><tr><td>Omori Wi-Fi <span style=\"color: #e02e4d;\">(Plano Quente)<\/span><\/td><td>\u00a5 6200<\/td><td>50 GB<\/td><td>31 dias<\/td><td>N\u00c3O<\/td><\/tr><tr><td>M\u00f3vel<\/td><td>\u00a5 7920<\/td><td>50 GB<\/td><td>31 dias<\/td><td>N\u00c3O<\/td><\/tr><tr><td>Sakura M\u00f3vel<\/td><td>\u00a5 9900<\/td><td>50 GB<\/td><td>31 dias<\/td><td>N\u00c3O<\/td><\/tr><tr><td>Omori Wi-Fi <span style=\"color: #e02e4d;\">(Plano Quente)<\/span><\/td><td>\u00a5 6600<\/td><td>90 GB<\/td><td>61 dias<\/td><td>N\u00c3O<\/td><\/tr><tr><td>Sakura M\u00f3vel<\/td><td>\u00a5 17.600<\/td><td>90 GB<\/td><td>61 dias<\/td><td>N\u00e3o<\/td><\/tr><\/tbody><\/table>\t\t\t\t\t\t\t\t<\/div>\n\t\t\t\t<\/div>\n\t\t\t\t\t<\/div>\n\t\t\t\t<\/div>\n\t\t<div class=\"elementor-element elementor-element-fea02c0 e-flex e-con-boxed e-con e-parent\" data-id=\"fea02c0\" data-element_type=\"container\" data-e-type=\"container\">\n\t\t\t\t\t<div class=\"e-con-inner\">\n\t\t\t\t<div class=\"elementor-element elementor-element-14bb01f elementor-widget elementor-widget-pls-heading\" data-id=\"14bb01f\" data-element_type=\"widget\" data-e-type=\"widget\" data-widget_type=\"pls-heading.default\">\n\t\t\t\t<div class=\"elementor-widget-container\">\n\t\t\t\t\t<div id=\"pls-header-9899\" class=\"pls-element pls-heading pls-text-center separator-none\">\t\n\t\t\t\n\t\t\t<div class=\"heading-wrap\">\n\t\t\t<span class=\"separator-left\"><\/span>\n\t\t\t<h2 class=\"heading-title\">Compara\u00e7\u00e3o de Sims de Longo Prazo<\/h2>\t\t\t<span class=\"separator-right\"><\/span>\n\t\t\t\t\t<\/div>\n\t\t\n    <\/div>\t\t\t\t<\/div>\n\t\t\t\t<\/div>\n\t\t\t\t<div class=\"elementor-element elementor-element-78b5d04 elementor-widget elementor-widget-text-editor\" data-id=\"78b5d04\" data-element_type=\"widget\" data-e-type=\"widget\" data-widget_type=\"text-editor.default\">\n\t\t\t\t<div class=\"elementor-widget-container\">\n\t\t\t\t\t\t\t\t\t<table><thead><tr><th>Provedor<\/th><th>Pre\u00e7o<\/th><th>Dados<\/th><th>Dura\u00e7\u00e3o<\/th><th>Chamada de voz<\/th><\/tr><\/thead><tbody><tr><td>Omori Wi-Fi <span style=\"color: #e02e4d;\">(Recomendado)<\/span><\/td><td>\u00a5 6.482\/m\u00eas<\/td><td>100 GB<\/td><td>30 dias<\/td><td>N\u00e3o<\/td><\/tr><tr><td>M\u00f3vel<\/td><td>\u00a5 6490\/m\u00eas<\/td><td>50 GB<\/td><td>16 dias<\/td><td>N\u00e3o<\/td><\/tr><tr><td>Sakura M\u00f3vel<\/td><td>\u00a5 6500\/m\u00eas<\/td><td>50 GB<\/td><td>Ilimitado<\/td><td>N\u00e3o<\/td><\/tr><\/tbody><\/table>\t\t\t\t\t\t\t\t<\/div>\n\t\t\t\t<\/div>\n\t\t\t\t\t<\/div>\n\t\t\t\t<\/div>\n\t\t<div class=\"elementor-element elementor-element-597dd62 e-flex e-con-boxed e-con e-parent\" data-id=\"597dd62\" data-element_type=\"container\" data-e-type=\"container\">\n\t\t\t\t\t<div class=\"e-con-inner\">\n\t\t\t\t<div class=\"elementor-element elementor-element-b39425a elementor-widget elementor-widget-pls-heading\" data-id=\"b39425a\" data-element_type=\"widget\" data-e-type=\"widget\" data-widget_type=\"pls-heading.default\">\n\t\t\t\t<div class=\"elementor-widget-container\">\n\t\t\t\t\t<div id=\"pls-header-72242\" class=\"pls-element pls-heading pls-text-center separator-none\">\t\n\t\t\t\n\t\t\t<div class=\"heading-wrap\">\n\t\t\t<span class=\"separator-left\"><\/span>\n\t\t\t<h2 class=\"heading-title\">Compara\u00e7\u00e3o de WiFi dom\u00e9stico e de bolso<\/h2>\t\t\t<span class=\"separator-right\"><\/span>\n\t\t\t\t\t<\/div>\n\t\t\n    <\/div>\t\t\t\t<\/div>\n\t\t\t\t<\/div>\n\t\t\t\t<div class=\"elementor-element elementor-element-8671ae3 elementor-widget elementor-widget-text-editor\" data-id=\"8671ae3\" data-element_type=\"widget\" data-e-type=\"widget\" data-widget_type=\"text-editor.default\">\n\t\t\t\t<div class=\"elementor-widget-container\">\n\t\t\t\t\t\t\t\t\t<table><thead><tr><th>Provedor<\/th><th>Pre\u00e7o<\/th><th>Dados<\/th><th>Dura\u00e7\u00e3o<\/th><th>Chamada de voz<\/th><\/tr><\/thead><tbody><tr><td>Omori Wi-Fi <span style=\"color: #e02e4d;\">(Recomendado)<\/span><\/td><td>\u00a5 6.700\/m\u00eas<\/td><td>Ilimitado<\/td><td>30 dias<\/td><td>N\u00e3o<\/td><\/tr><tr><td>M\u00f3vel<\/td><td>\u00a5 6490\/m\u00eas<\/td><td>50 GB<\/td><td>30 dias<\/td><td>N\u00e3o<\/td><\/tr><tr><td>Sakura M\u00f3vel<\/td><td>\u00a5 6500\/m\u00eas<\/td><td>50 GB<\/td><td>Ilimitado<\/td><td>N\u00e3o<\/td><\/tr><\/tbody><\/table>\t\t\t\t\t\t\t\t<\/div>\n\t\t\t\t<\/div>\n\t\t\t\t\t<\/div>\n\t\t\t\t<\/div>\n\t\t\t\t<\/div>","protected":false},"excerpt":{"rendered":"<p>Tourists Sims Comparison Provider Price Data Duration Voice Calling Omori WiFi (Best Deal) \u00a55900 50GB 16 days NO Mobal \u00a56490 50GB 16 Days NO Sakura Mobile \u00a56500 50GB 15 days<\/p>","protected":false},"author":2,"featured_media":0,"parent":0,"menu_order":0,"comment_status":"closed","ping_status":"closed","template":"","meta":{"footnotes":""},"class_list":["post-2478","page","type-page","status-publish","hentry"],"yoast_head":"<!-- This site is optimized with the Yoast SEO plugin v27.2 - https:\/\/yoast.com\/product\/yoast-seo-wordpress\/ -->\n<title>Price Compare - Omori WIFI<\/title>\n<meta name=\"robots\" content=\"index, follow, max-snippet:-1, max-image-preview:large, max-video-preview:-1\" \/>\n<link rel=\"canonical\" href=\"https:\/\/omoriwifi.com\/pt\/price-compare\/\" \/>\n<meta property=\"og:locale\" content=\"pt_BR\" \/>\n<meta property=\"og:type\" content=\"article\" \/>\n<meta property=\"og:title\" content=\"Price Compare - Omori WIFI\" \/>\n<meta property=\"og:description\" content=\"Tourists Sims Comparison Provider Price Data Duration Voice Calling Omori WiFi (Best Deal) \u00a55900 50GB 16 days NO Mobal \u00a56490 50GB 16 Days NO Sakura Mobile \u00a56500 50GB 15 days\" \/>\n<meta property=\"og:url\" content=\"https:\/\/omoriwifi.com\/pt\/price-compare\/\" \/>\n<meta property=\"og:site_name\" content=\"Omori WIFI\" \/>\n<meta property=\"article:modified_time\" content=\"2025-04-02T08:59:55+00:00\" \/>\n<meta name=\"twitter:card\" content=\"summary_large_image\" \/>\n<meta name=\"twitter:label1\" content=\"Est. tempo de leitura\" \/>\n\t<meta name=\"twitter:data1\" content=\"1 minuto\" \/>\n<script type=\"application\/ld+json\" class=\"yoast-schema-graph\">{\"@context\":\"https:\/\/schema.org\",\"@graph\":[{\"@type\":\"WebPage\",\"@id\":\"https:\/\/omoriwifi.com\/fr\/price-compare\/\",\"url\":\"https:\/\/omoriwifi.com\/fr\/price-compare\/\",\"name\":\"Price Compare - Omori WIFI\",\"isPartOf\":{\"@id\":\"https:\/\/omoriwifi.com\/ja\/#website\"},\"datePublished\":\"2025-03-27T22:32:58+00:00\",\"dateModified\":\"2025-04-02T08:59:55+00:00\",\"breadcrumb\":{\"@id\":\"https:\/\/omoriwifi.com\/fr\/price-compare\/#breadcrumb\"},\"inLanguage\":\"pt-BR\",\"potentialAction\":[{\"@type\":\"ReadAction\",\"target\":[\"https:\/\/omoriwifi.com\/fr\/price-compare\/\"]}]},{\"@type\":\"BreadcrumbList\",\"@id\":\"https:\/\/omoriwifi.com\/fr\/price-compare\/#breadcrumb\",\"itemListElement\":[{\"@type\":\"ListItem\",\"position\":1,\"name\":\"Home\",\"item\":\"https:\/\/omoriwifi.com\/ja\/\"},{\"@type\":\"ListItem\",\"position\":2,\"name\":\"Price Compare\"}]},{\"@type\":\"WebSite\",\"@id\":\"https:\/\/omoriwifi.com\/ja\/#website\",\"url\":\"https:\/\/omoriwifi.com\/ja\/\",\"name\":\"Omori WiFi\",\"description\":\"My WordPress Blog\",\"potentialAction\":[{\"@type\":\"SearchAction\",\"target\":{\"@type\":\"EntryPoint\",\"urlTemplate\":\"https:\/\/omoriwifi.com\/ja\/?s={search_term_string}\"},\"query-input\":{\"@type\":\"PropertyValueSpecification\",\"valueRequired\":true,\"valueName\":\"search_term_string\"}}],\"inLanguage\":\"pt-BR\"}]}<\/script>\n<!-- \/ Yoast SEO plugin. -->","yoast_head_json":{"title":"Price Compare - Omori WIFI","robots":{"index":"index","follow":"follow","max-snippet":"max-snippet:-1","max-image-preview":"max-image-preview:large","max-video-preview":"max-video-preview:-1"},"canonical":"https:\/\/omoriwifi.com\/pt\/price-compare\/","og_locale":"pt_BR","og_type":"article","og_title":"Price Compare - Omori WIFI","og_description":"Tourists Sims Comparison Provider Price Data Duration Voice Calling Omori WiFi (Best Deal) \u00a55900 50GB 16 days NO Mobal \u00a56490 50GB 16 Days NO Sakura Mobile \u00a56500 50GB 15 days","og_url":"https:\/\/omoriwifi.com\/pt\/price-compare\/","og_site_name":"Omori WIFI","article_modified_time":"2025-04-02T08:59:55+00:00","twitter_card":"summary_large_image","twitter_misc":{"Est. tempo de leitura":"1 minuto"},"schema":{"@context":"https:\/\/schema.org","@graph":[{"@type":"WebPage","@id":"https:\/\/omoriwifi.com\/fr\/price-compare\/","url":"https:\/\/omoriwifi.com\/fr\/price-compare\/","name":"Price Compare - Omori WIFI","isPartOf":{"@id":"https:\/\/omoriwifi.com\/ja\/#website"},"datePublished":"2025-03-27T22:32:58+00:00","dateModified":"2025-04-02T08:59:55+00:00","breadcrumb":{"@id":"https:\/\/omoriwifi.com\/fr\/price-compare\/#breadcrumb"},"inLanguage":"pt-BR","potentialAction":[{"@type":"ReadAction","target":["https:\/\/omoriwifi.com\/fr\/price-compare\/"]}]},{"@type":"BreadcrumbList","@id":"https:\/\/omoriwifi.com\/fr\/price-compare\/#breadcrumb","itemListElement":[{"@type":"ListItem","position":1,"name":"Home","item":"https:\/\/omoriwifi.com\/ja\/"},{"@type":"ListItem","position":2,"name":"Price Compare"}]},{"@type":"WebSite","@id":"https:\/\/omoriwifi.com\/ja\/#website","url":"https:\/\/omoriwifi.com\/ja\/","name":"Omori Wi-Fi","description":"Meu blog WordPress","potentialAction":[{"@type":"SearchAction","target":{"@type":"EntryPoint","urlTemplate":"https:\/\/omoriwifi.com\/ja\/?s={search_term_string}"},"query-input":{"@type":"PropertyValueSpecification","valueRequired":true,"valueName":"search_term_string"}}],"inLanguage":"pt-BR"}]}},"_links":{"self":[{"href":"https:\/\/omoriwifi.com\/pt\/wp-json\/wp\/v2\/pages\/2478","targetHints":{"allow":["GET"]}}],"collection":[{"href":"https:\/\/omoriwifi.com\/pt\/wp-json\/wp\/v2\/pages"}],"about":[{"href":"https:\/\/omoriwifi.com\/pt\/wp-json\/wp\/v2\/types\/page"}],"author":[{"embeddable":true,"href":"https:\/\/omoriwifi.com\/pt\/wp-json\/wp\/v2\/users\/2"}],"replies":[{"embeddable":true,"href":"https:\/\/omoriwifi.com\/pt\/wp-json\/wp\/v2\/comments?post=2478"}],"version-history":[{"count":19,"href":"https:\/\/omoriwifi.com\/pt\/wp-json\/wp\/v2\/pages\/2478\/revisions"}],"predecessor-version":[{"id":20963,"href":"https:\/\/omoriwifi.com\/pt\/wp-json\/wp\/v2\/pages\/2478\/revisions\/20963"}],"wp:attachment":[{"href":"https:\/\/omoriwifi.com\/pt\/wp-json\/wp\/v2\/media?parent=2478"}],"curies":[{"name":"wp","href":"https:\/\/api.w.org\/{rel}","templated":true}]}}