{"id":24908,"date":"2025-03-25T17:10:57","date_gmt":"2025-03-25T17:10:57","guid":{"rendered":"https:\/\/peachpuff-dugong-919786.hostingersite.com\/chinh-sach-bao-mat\/"},"modified":"2025-03-25T17:10:57","modified_gmt":"2025-03-25T17:10:57","slug":"chinh-sach-bao-mat","status":"publish","type":"page","link":"https:\/\/omoriwifi.com\/pt\/chinh-sach-bao-mat\/","title":{"rendered":"Ch\u00ednh s\u00e1ch b\u1ea3o m\u1eadt"},"content":{"rendered":"<h3 class=\"wp-block-heading\"><strong>Ng\u00e0y c\u00f3 hi\u1ec7u l\u1ef1c<\/strong> : 20 de abril de 2025<\/h3>\n\n\n\n<p>T\u1ea1i <strong>SIM-OMORI-MART<\/strong> , \u0111\u01b0\u1ee3c \u0111i\u1ec1u h\u00e0nh b\u1edfi&nbsp;<strong>COMFYS JAP\u00c3O LLC<\/strong> , ch\u00fang toi cam k\u1ebft b\u1ea3o v\u1ec7 quy\u1ec1n ri\u00eang t\u01b0 c\u1ee7a b\u1ea1n e \u0111\u1ea3m b\u1ea3o an to\u00e0n cho th\u00f4ng tin c\u00e1 nh\u00e2n c\u1ee7a b\u1ea1n. Ch\u00ednh s\u00e1ch b\u1ea3o m\u1eadt n\u00e0y n\u00eau r\u00f5 c\u00e1ch ch\u00fang toi thu th\u1eadp, s\u1eed d\u1ee5ng, ti\u1ebft l\u1ed9 e b\u1ea3o v\u1ec7 th\u00f4ng tin c\u1ee7a b\u1ea1n khi b\u1ea1n truy c\u1eadp ho\u1eb7c mua h\u00e0ng tr\u00ean trang web c\u1ee7a chung t\u00f4i. B\u1eb1ng c\u00e1ch s\u1eed d\u1ee5ng trang web e d\u1ecbch v\u1ee5 c\u1ee7a ch\u00fang t\u00f4i, b\u1ea1n \u0111\u1ed3ng \u00fd v\u1edbi c\u00e1c ho\u1ea1t \u0111\u1ed9ng \u0111\u01b0\u1ee3c m\u00f4 t\u1ea3 trong Ch\u00ednh s\u00e1ch b\u1ea3o m\u1eadt n\u00e0y.  <\/p>\n\n\n\n<h4 class=\"wp-block-heading\">&nbsp;<\/h4>\n\n\n\n<h4 class=\"wp-block-heading\"><strong>1. Th\u00f4ng tin ch\u00fang toi thu th\u1eadp<\/strong><\/h4>\n\n\n\n<p>Chung t\u00f4i thu th\u1eadp th\u00f4ng tin c\u00e1 nh\u00e2n c\u1ee7a b\u1ea1n \u0111\u1ec3 cung c\u1ea5p d\u1ecbch v\u1ee5 c\u1ee7a ch\u00fang t\u00f4i e c\u1ea3i thi\u1ec7n tr\u1ea3i nghi\u1ec7m c\u1ee7a b\u1ea1n tr\u00ean OMORI-MART. C\u00e1c lo\u1ea1i th\u00f4ng tin ch\u00fang toi thu th\u1eadp bao g\u1ed3m: <\/p>\n\n\n\n<p>1.1 <strong>Th\u00f4ng tin c\u00e1 nh\u00e2n<\/strong> :<\/p>\n\n\n\n<ul class=\"wp-block-list\">\n<li>Dez<\/li>\n\n\n\n<li>\u0110\u1ecba ch\u1ec9<\/li>\n\n\n\n<li>\u0110\u1ecba ch\u1ec9 Email<\/li>\n\n\n\n<li>S\u1ed1 \u0111i\u1ec7n tho\u1ea1i<\/li>\n\n\n\n<li>Th\u00f4ng tin thanh to\u00e1n (chi ti\u1ebft th\u1ebb t\u00edn d\u1ee5ng, chi ti\u1ebft chuy\u1ec3n kho\u1ea3n ng\u00e2n h\u00e0ng, vv)<\/li>\n\n\n\n<li>Ng\u00e0y sinh (\u0111\u1ec3 x\u00e1c minh \u0111\u1ed9 tu\u1ed5i u\u1ed1ng r\u01b0\u1ee3u h\u1ee3p ph\u00e1p)<\/li>\n<\/ul>\n\n\n\n<p>1.2 <strong>Th\u00f4ng tin phi c\u00e1 nh\u00e2n<\/strong> :<\/p>\n\n\n\n<ul class=\"wp-block-list\">\n<li>Lo\u1ea1i tr\u00ecnh duy\u1ec7t<\/li>\n\n\n\n<li>Th\u00f4ng tin thi\u1ebft b\u1ecb<\/li>\n\n\n\n<li>\u0110\u1ecba ch\u1ec9 IP<\/li>\n\n\n\n<li>D\u1eef li\u1ec7u s\u1eed d\u1ee5ng trang web (c\u00e1c trang \u0111\u00e3 truy c\u1eadp, th\u1eddi gian d\u00e0nh tr\u00ean trang, vv)<\/li>\n<\/ul>\n\n\n\n<h4 class=\"wp-block-heading\"><strong>2. Chung t\u00f4i s\u1eed d\u1ee5ng th\u00f4ng tin c\u1ee7a b\u1ea1n nh\u01b0 th\u1ebf n\u00e0o<\/strong><\/h4>\n\n\n\n<p>Ch\u00fang toi s\u1eed d\u1ee5ng th\u00f4ng tin thu th\u1eadp t\u1eeb b\u1ea1n cho c\u00e1c m\u1ee5c \u0111\u00edch sau:<\/p>\n\n\n\n<p>2.1 <strong>X\u1eed l\u00fd \u0111\u01a1n h\u00e0ng<\/strong> :<\/p>\n\n\n\n<ul class=\"wp-block-list\">\n<li>\u0110\u1ec3 x\u1eed l\u00fd e ho\u00e0n t\u1ea5t \u0111\u01a1n h\u00e0ng c\u1ee7a b\u1ea1n, bao g\u1ed3m c\u1ea3 vi\u1ec7c v\u1eadn chuy\u1ec3n e x\u1eed l\u00fd thanh to\u00e1n.<\/li>\n\n\n\n<li>Cung c\u1ea5p x\u00e1c nh\u1eadn \u0111\u01a1n h\u00e0ng, bi\u00ean lai e th\u00f4ng tin theo d\u00f5i qua email ho\u1eb7c \u0111i\u1ec7n tho\u1ea1i.<\/li>\n<\/ul>\n\n\n\n<p>2.2 <strong>D\u1ecbch v\u1ee5 kh\u00e1ch h\u00e0ng<\/strong> :<\/p>\n\n\n\n<ul class=\"wp-block-list\">\n<li>\u0110\u1ec3 tr\u1ea3 l\u1eddi c\u00e1c th\u1eafc m\u1eafc, y\u00eau c\u1ea7u ho\u1eb7c khi\u1ebfu n\u1ea1i c\u1ee7a b\u1ea1n.<\/li>\n\n\n\n<li>\u0110\u1ec3 th\u00f4ng b\u00e1o cho b\u1ea1n v\u1ec1 nh\u1eefng c\u1eadp nh\u1eadt ho\u1eb7c thay \u0111\u1ed5i trong \u0111\u01a1n h\u00e0ng c\u1ee7a b\u1ea1n.<\/li>\n<\/ul>\n\n\n\n<p>2.3 <strong>C\u00e1 nh\u00e2n h\u00f3a<\/strong> :<\/p>\n\n\n\n<ul class=\"wp-block-list\">\n<li>\u0110\u1ec3 c\u00e1 nh\u00e2n h\u00f3a tr\u1ea3i nghi\u1ec7m mua s\u1eafm c\u1ee7a b\u1ea1n b\u1eb1ng c\u00e1ch \u0111\u1ec1 xu\u1ea5t s\u1ea3n ph\u1ea9m d\u1ef1a tr\u00ean l\u1ecbch s\u1eed duy\u1ec7t web e mua h\u00e0ng c\u1ee7a b\u1ea1n.<\/li>\n\n\n\n<li>\u0110\u1ec3 c\u1ea3i thi\u1ec7n ch\u1ee9c n\u0103ng e tr\u1ea3i nghi\u1ec7m c\u1ee7a ng\u01b0\u1eddi d\u00f9ng tr\u00ean trang web c\u1ee7a ch\u00fang toi.<\/li>\n<\/ul>\n\n\n\n<p>2.4 <strong>Ti\u1ebfp th\u1ecb v\u00e0 Qu\u1ea3ng c\u00e1o<\/strong> :<\/p>\n\n\n\n<ul class=\"wp-block-list\">\n<li>G\u1eedi cho b\u1ea1n c\u00e1c \u01b0u \u0111\u00e3i khuy\u1ebfn m\u1ea1i, gi\u1ea3m gi\u00e1 e th\u00f4ng tin c\u1eadp nh\u1eadt v\u1ec1 s\u1ea3n ph\u1ea9m e d\u1ecbch v\u1ee5 c\u1ee7a OMORI-MART (ch\u1ec9 khi b\u1ea1n ch\u1ecdn nh\u1eadn th\u00f4ng tin ti\u1ebfp th\u1ecb).<\/li>\n\n\n\n<li>Th\u00f4ng b\u00e1o cho b\u1ea1n v\u1ec1 c\u00e1c m\u1ee9c gi\u1ea3m gi\u00e1 \u0111\u1eb7c bi\u1ec7t khi \u0111\u1eb7t h\u00e0ng s\u1ed1 l\u01b0\u1ee3ng para \u0111\u1ed3 u\u1ed1ng c\u00f3 con e c\u00e1c s\u1ea3n ph\u1ea9m t\u1eeb th\u1ecbt.<\/li>\n<\/ul>\n\n\n\n<p>2.5 <strong>Tu\u00e2n th\u1ee7 ph\u00e1p lu\u1eadt<\/strong> :<\/p>\n\n\n\n<ul class=\"wp-block-list\">\n<li>\u0110\u1ec3 tu\u00e2n th\u1ee7 c\u00e1c y\u00eau c\u1ea7u ph\u00e1p l\u00fd nh\u01b0 x\u00e1c minh \u0111\u1ed9 tu\u1ed5i u\u1ed1ng r\u01b0\u1ee3u h\u1ee3p ph\u00e1p \u0111\u1ec3 mua \u0111\u1ed3 u\u1ed1ng c\u00f3 c\u1ed3n.<\/li>\n<\/ul>\n\n\n\n<h4 class=\"wp-block-heading\">&nbsp;<\/h4>\n\n\n\n<h4 class=\"wp-block-heading\"><strong>3. Chia s\u1ebb th\u00f4ng tin<\/strong><\/h4>\n\n\n\n<p>Ch\u00fang t\u00f4i ton tr\u1ecdng quy\u1ec1n ri\u00eang t\u01b0 c\u1ee7a b\u1ea1n e s\u1ebd kh\u00f4ng b\u00e1n, cho thu\u00ea ho\u1eb7c trao \u0111\u1ed5i th\u00f4ng tin c\u00e1 nh\u00e2n c\u1ee7a b\u1ea1n cho b\u00ean th\u1ee9 ba. Tuy nhi\u00ean, ch\u00fang t\u00f4i c\u00f3 th\u1ec3 chia s\u1ebb th\u00f4ng tin c\u1ee7a b\u1ea1n v\u1edbi: <\/p>\n\n\n\n<p>3.1 <strong>Nh\u00e0 cung c\u1ea5p d\u1ecbch v\u1ee5<\/strong> :<\/p>\n\n\n\n<ul class=\"wp-block-list\">\n<li>C\u00e1c c\u00f4ng ty b\u00ean th\u1ee9 ba h\u1ed7 tr\u1ee3 x\u1eed l\u00fd thanh to\u00e1n, v\u1eadn chuy\u1ec3n e th\u1ef1c hi\u1ec7n \u0111\u01a1n h\u00e0ng.<\/li>\n\n\n\n<li>Nh\u00e0 cung c\u1ea5p d\u1ecbch v\u1ee5 b\u1ea3o tr\u00ec, ph\u00e2n t\u00edch e ti\u1ebfp th\u1ecb trang web.<\/li>\n<\/ul>\n\n\n\n<p>3.2 <strong>Tu\u00e2n th\u1ee7 ph\u00e1p lu\u1eadt<\/strong> :<\/p>\n\n\n\n<ul class=\"wp-block-list\">\n<li>N\u1ebfu ph\u00e1p lu\u1eadt y\u00eau c\u1ea7u, ch\u00fang toi c\u00f3 th\u1ec3 ti\u1ebft l\u1ed9 th\u00f4ng tin c\u00e1 nh\u00e2n cho c\u00e1c c\u01a1 quan ch\u00ednh ph\u1ee7 ho\u1eb7c b\u00ean th\u1ee9 ba kh\u00e1c \u0111\u1ec3 tu\u00e2n th\u1ee7 c\u00e1c ngh\u0129a v\u1ee5 ph\u00e1p l\u00fd, ng\u0103n ch\u1eb7n gian l\u1eadn ho\u1eb7c b\u1ea3o v\u1ec7 quy\u1ec1n c\u1ee7a OMORI-MART e kh\u00e1ch h\u00e0ng.<\/li>\n<\/ul>\n\n\n\n<h4 class=\"wp-block-heading\">&nbsp;<\/h4>\n\n\n\n<h4 class=\"wp-block-heading\"><strong>4. B\u1ea3o m\u1eadt d\u1eef li\u1ec7u<\/strong><\/h4>\n\n\n\n<p>Ch\u00fang t\u00f4i cam k\u1ebft b\u1ea3o v\u1ec7 th\u00f4ng tin c\u00e1 nh\u00e2n c\u1ee7a b\u1ea1n. Ch\u00fang t\u00f4i s\u1eed d\u1ee5ng c\u00e1c giao th\u1ee9c m\u00e3 h\u00f3a ti\u00eau chu\u1ea9n c\u00f4ng nghi\u1ec7p e c\u00e1c c\u1ed5ng thanh to\u00e1n an to\u00e0n \u0111\u1ec3 b\u1ea3o b\u1ec7 th\u00f4ng tin thanh to\u00e1n nh\u1ea1y c\u1ea3m c\u1ee7a b\u1ea1n. No entanto, voc\u00ea n\u00e3o pode usar o ph\u00e1p truy\u1ec1n nao qua a internet ho\u1eb7c l\u01b0u tr\u1eef \u0111i\u1ec7n t\u1eed l\u00e0 an to\u00e0n 100%. M\u1eb7c d\u00f9 ch\u00fang t\u00f4i n\u1ed7 l\u1ef1c b\u1ea3o v\u1ec7 th\u00f4ng tin c\u00e1 nh\u00e2n c\u1ee7a b\u1ea1n, ch\u00fang t\u00f4i kh\u00f4ng th\u1ec3 \u0111\u1ea3m b\u1ea3o t\u00ednh b\u1ea3o m\u1eadt tuy\u1ec7t \u0111\u1ed1i c\u1ee7a th\u00f4ng tin \u0111\u00f3.   <\/p>\n\n\n\n<h4 class=\"wp-block-heading\">&nbsp;<\/h4>\n\n\n\n<h4 class=\"wp-block-heading\"><strong>5. Cookie e C\u00f4ng ngh\u1ec7 theo d\u00f5i<\/strong><\/h4>\n\n\n\n<p>OMORI-MART faz cookies e c\u00e1c c\u00f4ng ngh\u1ec7 theo d\u00f5i t\u01b0\u01a1ng t\u1ef1 \u0111\u1ec3 n\u00e2ng cao tr\u1ea3i nghi\u1ec7m duy\u1ec7t web c\u1ee7a b\u1ea1n. Cookie gi\u00fap ch\u00fang toi ghi nh\u1edb s\u1edf th\u00edch c\u1ee7a b\u1ea1n, theo d\u00f5i c\u00e1ch b\u1ea1n s\u1eed t\u1ee5ng trang web and c\u00e1 nh\u00e2n h\u00f3a tr\u1ea3i nghi\u1ec7m mua s\u1eafm c\u1ee7a b\u1ea1n. <\/p>\n\n\n\n<p>5.1 <strong>C\u00e1c lo\u1ea1i Cookie chung toi s\u1eed d\u1ee5ng<\/strong> :<\/p>\n\n\n\n<ul class=\"wp-block-list\">\n<li><strong>Cookie thi\u1ebft y\u1ebfu<\/strong> : Cookie n\u00e3o pode ser usado para baixar a web e cho ph\u00e9p b\u1ea1n ho\u00e0n t\u1ea5t giao d\u1ecbch.<\/li>\n\n\n\n<li><strong>Cookie ph\u00e2n t\u00edch<\/strong> : \u0110\u01b0\u1ee3c s\u1eed d\u1ee5ng \u0111\u1ec3 thu th\u1eadp d\u1eef li\u1ec7u v\u1ec1 c\u00e1ch ng\u01b0\u1eddi d\u00f9ng t\u01b0\u01a1ng t\u00e1c v\u1edbi trang web (v\u00ed d\u1ee5: c\u00e1c trang \u0111\u00e3 truy c\u1eadp, th\u1eddi gian d\u00e0nh ra).<\/li>\n\n\n\n<li><strong>Cookie tip th\u1ecb<\/strong> : \u0110\u01b0\u1ee3c s\u1eed d\u1ee5ng \u0111\u1ec3 cung c\u1ea5p n\u1ed9i dung qu\u1ea3ng c\u00e1o e khuy\u1ebfn m\u1ea1i \u0111\u01b0\u1ee3c c\u00e1 nh\u00e2n h\u00f3a.<\/li>\n<\/ul>\n\n\n\n<p>B\u1ea1n c\u00f3 th\u1ec3 \u0111i\u1ec1u ch\u1ec9nh c\u00e0i \u0111\u1eb7t cookie trong tr\u00ecnh duy\u1ec7t c\u1ee7a m\u00ecnh \u0111\u1ec3 t\u1eeb ch\u1ed1i cookie, nh\u01b0ng \u0111i\u1ec1u n\u00e0y c\u00f3 th\u1ec3 h\u1ea1n ch\u1ebf kh\u1ea3 n\u0103ng s\u1eed d\u1ee5ng m\u1ed9t s\u1ed1 t\u00ednh n\u0103ng nh\u1ea5t \u0111\u1ecbnh tr\u00ean OMORI-MART.<\/p>\n\n\n\n<h4 class=\"wp-block-heading\">&nbsp;<\/h4>\n\n\n\n<h4 class=\"wp-block-heading\"><strong>6. Quy\u1ec1n e L\u1ef1a ch\u1ecdn c\u1ee7a b\u1ea1n<\/strong><\/h4>\n\n\n\n<p>6.1 <strong>Truy c\u1eadp v\u00e0 ch\u1ec9nh s\u1eeda<\/strong> :<\/p>\n\n\n\n<ul class=\"wp-block-list\">\n<li>B\u1ea1n c\u00f3 quy\u1ec1n verdadeiramente c\u1eadp e c\u1eadp nh\u1eadt th\u00f4ng tin c\u00e1 nh\u00e2n c\u1ee7a minh. B\u1ea1n c\u00f3 th\u1ec3 th\u1ef1c hi\u1ec7n vi\u1ec7c n\u00e0y b\u1eb1ng c\u00e1ch \u0111\u0103ng nh\u1eadp v\u00e0o t\u00e0i kho\u1ea3n c\u1ee7a m\u00ecnh ho\u1eb7c li\u00ean h\u1ec7 v\u1edbi nh\u00f3m h\u1ed7 tr\u1ee3 kh\u00e1ch h\u00e0ng c\u1ee7a ch\u00fang t\u00f4i. <\/li>\n<\/ul>\n\n\n\n<p>6.2 <strong>T\u1eeb ch\u1ed1i nh\u1eadn th\u00f4ng tin ti\u1ebfp th\u1ecb<\/strong> :<\/p>\n\n\n\n<ul class=\"wp-block-list\">\n<li>N\u1ebfu b\u1ea1n kh\u00f4ng mu\u1ed1n nh\u1eadn th\u00f4ng tin ti\u1ebfp th\u1ecb t\u1eeb ch\u00fang t\u00f4i n\u1eefa, b\u1ea1n c\u00f3 th\u1ec3 ch\u1ecdn kh\u00f4ng tham gia b\u1eb1ng c\u00e1ch nh\u1ea5p v\u00e0o li\u00ean k\u1ebft \u201ch\u1ee7y \u0111\u0103ng k\u00fd\u201d trong email c\u1ee7a ch\u00fang t\u00f4i ho\u1eb7c li\u00ean h\u1ec7 tr\u1ef1c ti\u1ebfp v\u1edbi ch\u00fang t\u00f4i.<\/li>\n<\/ul>\n\n\n\n<p>6.3 <strong>X\u00f3a t\u00e0i kho\u1ea3n<\/strong> :<\/p>\n\n\n\n<ul class=\"wp-block-list\">\n<li>N\u1ebfu b\u1ea1n mu\u1ed1n x\u00f3a t\u00e0i kho\u1ea3n SIM-OMORI-MART c\u1ee7a m\u00ecnh, b\u1ea1n c\u00f3 th\u1ec3 y\u00eau c\u1ea7u b\u1eb1ng c\u00e1ch li\u00ean h\u1ec7 v\u1edbi nh\u00f3m d\u1ecbch v\u1ee5 kh\u00e1ch h\u00e0ng c\u1ee7a ch\u00fang t\u00f4i. Xin l\u01b0u \u00fd r\u1eb1ng ch\u00fang t\u00f4i c\u00f3 th\u1ec3 gi\u1eef l\u1ea1i m\u1ed9t s\u1ed1 th\u00f4ng tin theo y\u00eau c\u1ea7u c\u1ee7a ph\u00e1p lu\u1eadt ho\u1eb7c cho m\u1ee5c \u0111\u00edch kinh doanh h\u1ee3p ph\u00e1p. <\/li>\n<\/ul>\n\n\n\n<h4 class=\"wp-block-heading\">&nbsp;<\/h4>\n\n\n\n<h4 class=\"wp-block-heading\"><strong>7. Quy\u1ec1n ri\u00eang t\u01b0 c\u1ee7a tr\u1ebb em<\/strong><\/h4>\n\n\n\n<p>SIM-OMORI-MART n\u00e3o \u00e9 um problema de 18 meses e um total de 18 meses. N\u1ebfu ch\u00fang t\u00f4i bi\u1ebft r\u1eb1ng ch\u00fang t\u00f4i \u0111\u00e3 thu th\u1eadp th\u00f4ng estanho c\u00e1 nh\u00e2n t\u1eeb tr\u1ebb v\u1ecb th\u00e0nh ni\u00ean m\u00e0 kh\u00f4ng c\u00f3 s\u1ef1 \u0111\u1ed3ng \u00fd c\u1ee7a cha m\u1eb9, ch\u00fang t\u00f4i s\u1ebd th\u1ef1c hi\u1ec7n c\u00e1c b\u01b0\u1edbc \u0111\u1ec3 x\u00f3a th\u00f4ng estanho \u0111\u00f3. <\/p>\n\n\n\n<h4 class=\"wp-block-heading\">&nbsp;<\/h4>\n\n\n\n<h4 class=\"wp-block-heading\"><strong>8. Li\u00ean k\u1ebft c\u1ee7a b\u00ean th\u1ee9 ba<\/strong><\/h4>\n\n\n\n<p>Trang web c\u1ee7a ch\u00fang t\u00f4i c\u00f3 th\u1ec3 ch\u1ee9a c\u00e1c li\u00ean k\u1ebft \u0111\u1ebfn c\u00e1c trang web c\u1ee7a b\u00ean th\u1ee9 ba kh\u00f4ng do OMORI-MART \u0111i\u1ec1u h\u00e0nh. Chung toi kh\u00f4ng ch\u1ecbu tr\u00e1ch nhi\u1ec7m v\u1ec1 c\u00e1c ho\u1ea1t \u0111\u1ed9ng b\u1ea3o m\u1eadt c\u1ee7a c\u00e1c trang web c\u1ee7a b\u00ean th\u1ee9 ba n\u00e0y. Chung toi khuy\u1ebfn kh\u00edch b\u1ea1n xem l\u1ea1i c\u00e1c ch\u00ednh s\u00e1ch b\u1ea3o m\u1eadt c\u1ee7a b\u1ea5t k\u1ef3 trang web b\u00ean ngo\u00e0i n\u00e0o b\u1ea1n truy c\u1eadp.  <\/p>\n\n\n\n<h4 class=\"wp-block-heading\">&nbsp;<\/h4>\n\n\n\n<h4 class=\"wp-block-heading\"><strong>9. Thay \u0111\u1ed5i Ch\u00ednh s\u00e1ch b\u1ea3o m\u1eadt<\/strong><\/h4>\n\n\n\n<p>Ch\u00fang t\u00f4i c\u00f3 th\u1ec3 c\u1eadp nh\u1eadt Ch\u00ednh s\u00e1ch b\u1ea3o m\u1eadt n\u00e0y theo th\u1eddi gian \u0111\u1ec3 ph\u1ea3n \u00e1nh nh\u1eefng thay \u0111\u1ed5i trong ho\u1ea1t \u0111\u1ed9ng c\u1ee7a ch\u00fang t\u00f4i ho\u1eb7c v\u00ec nh\u1eefng l\u00fd do ho\u1ea1t \u0111\u1ed9ng, ph\u00e1p l\u00fd ho\u1eb7c quy \u0111\u1ecbnh kh\u00e1c. B\u1ea5t k\u1ef3 thay \u0111\u1ed5i n\u00e0o \u0111\u1ed1i v\u1edbi Chinh s\u00e1ch b\u1ea3o m\u1eadt n\u00e0y s\u1ebd \u0111\u01b0\u1ee3c \u0111\u0103ng trang web c\u1ee7a ch\u00fang toi v\u1edbi ng\u00e0y c\u00f3 hi\u1ec7u l\u1ef1c \u0111\u01b0\u1ee3c c\u1eadp nh\u1eadt. Vi\u1ec7c b\u1ea1n ti\u1ebfp t\u1ee5c s\u1eed d\u1ee5ng OMORI-MART sau b\u1ea5t k\u1ef3 thay \u0111\u1ed5i n\u00e0o \u0111\u1ed1i v\u1edbi Chinh s\u00e1ch b\u1ea3o m\u1eadt c\u00f3 ngh\u0129a l\u00e0 b\u1ea1n ch\u1ea5p nh\u1eadn nh\u1eefng thay \u0111\u1ed5i \u0111\u00f3.  <\/p>\n\n\n\n<h4 class=\"wp-block-heading\">&nbsp;<\/h4>\n\n\n\n<h4 class=\"wp-block-heading\"><strong>10. Li\u00ean h\u1ec7 v\u1edbi ch\u00fang t\u00f4i<\/strong><\/h4>\n\n\n\n<p>N\u1ebfu b\u1ea1n c\u00f3 b\u1ea5t k\u1ef3 c\u00e2u h\u1ecfi ho\u1eb7c th\u1eafc m\u1eafc n\u00e0o v\u1ec1 Ch\u00ednh s\u00e1ch b\u1ea3o m\u1eadt n\u00e0y ho\u1eb7c c\u00e1ch th\u00f4ng tin c\u00e1 nh\u00e2n c\u1ee7a b\u1ea1n \u0111\u01b0\u1ee3c x\u1eed l\u00fd, vui l\u00f2ng li\u00ean h\u1ec7 v\u1edbi ch\u00fang t\u00f4i theo \u0111\u1ecba ch\u1ec9:<\/p>\n\n\n\n<ul class=\"wp-block-list\">\n<li><strong>E-mail<\/strong> : support@omorimart.com<\/li>\n\n\n\n<li><strong>\u0110\u1ecba ch\u1ec9<\/strong> : R Cube Aoyama, T\u1ea7ng 3, 1-3-1 Kita-Aoyama, Minato-ku, T\u00f3quio, 107-0061, Nh\u1eadt B\u1ea3n<\/li>\n<\/ul>\n\n\n\n<p>B\u1eb1ng c\u00e1ch s\u1eed d\u1ee5ng OMORI-MART, b\u1ea1n \u0111\u1ed3ng \u00fd v\u1edbi vi\u1ec7c thu th\u1eadp e s\u1eed d\u1ee5ng th\u00f4ng tin c\u00e1 nh\u00e2n c\u1ee7a b\u1ea1n nh\u01b0 \u0111\u01b0\u1ee3c n\u00eau trong Ch\u00ednh s\u00e1ch b\u1ea3o n\u00e3o.<\/p>","protected":false},"excerpt":{"rendered":"<p>Ng\u00e0y c\u00f3 hi\u1ec7u l\u1ef1c : 20 th\u00e1ng 4 n\u0103m 2025 T\u1ea1i SIM-OMORI-MART , \u0111\u01b0\u1ee3c \u0111i\u1ec1u h\u00e0nh b\u1edfi&nbsp;COMFYS JAPAN LLC , ch\u00fang t\u00f4i cam k\u1ebft b\u1ea3o v\u1ec7 quy\u1ec1n ri\u00eang t\u01b0 c\u1ee7a<\/p>","protected":false},"author":2,"featured_media":0,"parent":0,"menu_order":0,"comment_status":"closed","ping_status":"open","template":"","meta":{"footnotes":""},"class_list":["post-24908","page","type-page","status-publish","hentry"],"yoast_head":"<!-- This site is optimized with the Yoast SEO plugin v27.2 - https:\/\/yoast.com\/product\/yoast-seo-wordpress\/ -->\n<title>Ch\u00ednh s\u00e1ch b\u1ea3o m\u1eadt - Omori WIFI<\/title>\n<meta name=\"robots\" content=\"index, follow, max-snippet:-1, max-image-preview:large, max-video-preview:-1\" \/>\n<link rel=\"canonical\" href=\"https:\/\/omoriwifi.com\/pt\/chinh-sach-bao-mat\/\" \/>\n<meta property=\"og:locale\" content=\"pt_BR\" \/>\n<meta property=\"og:type\" content=\"article\" \/>\n<meta property=\"og:title\" content=\"Ch\u00ednh s\u00e1ch b\u1ea3o m\u1eadt - Omori WIFI\" \/>\n<meta property=\"og:description\" content=\"Ng\u00e0y c\u00f3 hi\u1ec7u l\u1ef1c : 20 th\u00e1ng 4 n\u0103m 2025 T\u1ea1i SIM-OMORI-MART , \u0111\u01b0\u1ee3c \u0111i\u1ec1u h\u00e0nh b\u1edfi&nbsp;COMFYS JAPAN LLC , ch\u00fang t\u00f4i cam k\u1ebft b\u1ea3o v\u1ec7 quy\u1ec1n ri\u00eang t\u01b0 c\u1ee7a\" \/>\n<meta property=\"og:url\" content=\"https:\/\/omoriwifi.com\/pt\/chinh-sach-bao-mat\/\" \/>\n<meta property=\"og:site_name\" content=\"Omori WIFI\" \/>\n<meta name=\"twitter:card\" content=\"summary_large_image\" \/>\n<meta name=\"twitter:label1\" content=\"Est. tempo de leitura\" \/>\n\t<meta name=\"twitter:data1\" content=\"11 minutos\" \/>\n<script type=\"application\/ld+json\" class=\"yoast-schema-graph\">{\"@context\":\"https:\/\/schema.org\",\"@graph\":[{\"@type\":\"WebPage\",\"@id\":\"https:\/\/omoriwifi.com\/de\/chinh-sach-bao-mat\/\",\"url\":\"https:\/\/omoriwifi.com\/de\/chinh-sach-bao-mat\/\",\"name\":\"Ch\u00ednh s\u00e1ch b\u1ea3o m\u1eadt - Omori WIFI\",\"isPartOf\":{\"@id\":\"https:\/\/omoriwifi.com\/ja\/#website\"},\"datePublished\":\"2025-03-25T17:10:57+00:00\",\"breadcrumb\":{\"@id\":\"https:\/\/omoriwifi.com\/de\/chinh-sach-bao-mat\/#breadcrumb\"},\"inLanguage\":\"pt-BR\",\"potentialAction\":[{\"@type\":\"ReadAction\",\"target\":[\"https:\/\/omoriwifi.com\/de\/chinh-sach-bao-mat\/\"]}]},{\"@type\":\"BreadcrumbList\",\"@id\":\"https:\/\/omoriwifi.com\/de\/chinh-sach-bao-mat\/#breadcrumb\",\"itemListElement\":[{\"@type\":\"ListItem\",\"position\":1,\"name\":\"Home\",\"item\":\"https:\/\/omoriwifi.com\/ja\/\"},{\"@type\":\"ListItem\",\"position\":2,\"name\":\"Ch\u00ednh s\u00e1ch b\u1ea3o m\u1eadt\"}]},{\"@type\":\"WebSite\",\"@id\":\"https:\/\/omoriwifi.com\/ja\/#website\",\"url\":\"https:\/\/omoriwifi.com\/ja\/\",\"name\":\"Omori WiFi\",\"description\":\"My WordPress Blog\",\"potentialAction\":[{\"@type\":\"SearchAction\",\"target\":{\"@type\":\"EntryPoint\",\"urlTemplate\":\"https:\/\/omoriwifi.com\/ja\/?s={search_term_string}\"},\"query-input\":{\"@type\":\"PropertyValueSpecification\",\"valueRequired\":true,\"valueName\":\"search_term_string\"}}],\"inLanguage\":\"pt-BR\"}]}<\/script>\n<!-- \/ Yoast SEO plugin. -->","yoast_head_json":{"title":"Ch\u00ednh s\u00e1ch b\u1ea3o m\u1eadt - Omori WIFI","robots":{"index":"index","follow":"follow","max-snippet":"max-snippet:-1","max-image-preview":"max-image-preview:large","max-video-preview":"max-video-preview:-1"},"canonical":"https:\/\/omoriwifi.com\/pt\/chinh-sach-bao-mat\/","og_locale":"pt_BR","og_type":"article","og_title":"Ch\u00ednh s\u00e1ch b\u1ea3o m\u1eadt - Omori WIFI","og_description":"Ng\u00e0y c\u00f3 hi\u1ec7u l\u1ef1c : 20 th\u00e1ng 4 n\u0103m 2025 T\u1ea1i SIM-OMORI-MART , \u0111\u01b0\u1ee3c \u0111i\u1ec1u h\u00e0nh b\u1edfi&nbsp;COMFYS JAPAN LLC , ch\u00fang t\u00f4i cam k\u1ebft b\u1ea3o v\u1ec7 quy\u1ec1n ri\u00eang t\u01b0 c\u1ee7a","og_url":"https:\/\/omoriwifi.com\/pt\/chinh-sach-bao-mat\/","og_site_name":"Omori WIFI","twitter_card":"summary_large_image","twitter_misc":{"Est. tempo de leitura":"11 minutos"},"schema":{"@context":"https:\/\/schema.org","@graph":[{"@type":"WebPage","@id":"https:\/\/omoriwifi.com\/de\/chinh-sach-bao-mat\/","url":"https:\/\/omoriwifi.com\/de\/chinh-sach-bao-mat\/","name":"Ch\u00ednh s\u00e1ch b\u1ea3o m\u1eadt - Omori WIFI","isPartOf":{"@id":"https:\/\/omoriwifi.com\/ja\/#website"},"datePublished":"2025-03-25T17:10:57+00:00","breadcrumb":{"@id":"https:\/\/omoriwifi.com\/de\/chinh-sach-bao-mat\/#breadcrumb"},"inLanguage":"pt-BR","potentialAction":[{"@type":"ReadAction","target":["https:\/\/omoriwifi.com\/de\/chinh-sach-bao-mat\/"]}]},{"@type":"BreadcrumbList","@id":"https:\/\/omoriwifi.com\/de\/chinh-sach-bao-mat\/#breadcrumb","itemListElement":[{"@type":"ListItem","position":1,"name":"Home","item":"https:\/\/omoriwifi.com\/ja\/"},{"@type":"ListItem","position":2,"name":"Ch\u00ednh s\u00e1ch b\u1ea3o m\u1eadt"}]},{"@type":"WebSite","@id":"https:\/\/omoriwifi.com\/ja\/#website","url":"https:\/\/omoriwifi.com\/ja\/","name":"Omori Wi-Fi","description":"Meu blog WordPress","potentialAction":[{"@type":"SearchAction","target":{"@type":"EntryPoint","urlTemplate":"https:\/\/omoriwifi.com\/ja\/?s={search_term_string}"},"query-input":{"@type":"PropertyValueSpecification","valueRequired":true,"valueName":"search_term_string"}}],"inLanguage":"pt-BR"}]}},"_links":{"self":[{"href":"https:\/\/omoriwifi.com\/pt\/wp-json\/wp\/v2\/pages\/24908","targetHints":{"allow":["GET"]}}],"collection":[{"href":"https:\/\/omoriwifi.com\/pt\/wp-json\/wp\/v2\/pages"}],"about":[{"href":"https:\/\/omoriwifi.com\/pt\/wp-json\/wp\/v2\/types\/page"}],"author":[{"embeddable":true,"href":"https:\/\/omoriwifi.com\/pt\/wp-json\/wp\/v2\/users\/2"}],"replies":[{"embeddable":true,"href":"https:\/\/omoriwifi.com\/pt\/wp-json\/wp\/v2\/comments?post=24908"}],"version-history":[{"count":0,"href":"https:\/\/omoriwifi.com\/pt\/wp-json\/wp\/v2\/pages\/24908\/revisions"}],"wp:attachment":[{"href":"https:\/\/omoriwifi.com\/pt\/wp-json\/wp\/v2\/media?parent=24908"}],"curies":[{"name":"wp","href":"https:\/\/api.w.org\/{rel}","templated":true}]}}