{"id":24968,"date":"2025-03-28T00:40:25","date_gmt":"2025-03-28T00:40:25","guid":{"rendered":"https:\/\/peachpuff-dugong-919786.hostingersite.com\/termos-e-condicoes\/"},"modified":"2025-03-28T00:40:25","modified_gmt":"2025-03-28T00:40:25","slug":"termos-e-condicoes","status":"publish","type":"page","link":"https:\/\/omoriwifi.com\/pt\/termos-e-condicoes\/","title":{"rendered":"Termos e condi\u00e7\u00f5es"},"content":{"rendered":"<p><strong>Introdu\u00e7\u00e3o<\/strong><\/p>\n\n\n\n<p>Bem-vindo ao <strong>OMORI-MART<\/strong>, um mercado on-line operado pela <strong>COMFYS JAP\u00c3O LLC<\/strong>.&nbsp;<\/p>\n\n\n\n<p>Ao acessar ou usar nosso site e nossos servi\u00e7os, voc\u00ea concorda em cumprir e estar vinculado aos seguintes Termos e Condi\u00e7\u00f5es. Leia estes termos com aten\u00e7\u00e3o, pois eles regem o uso que voc\u00ea faz do site e da compra de produtos da OMORI-MART. <\/p>\n\n\n\n<h4 class=\"wp-block-heading\"><strong>1. Informa\u00e7\u00f5es gerais<\/strong><\/h4>\n\n\n\n<ul class=\"wp-block-list\">\n<li><strong>Nome da empresa<\/strong>:COMFYS JAP\u00c3O LLC<\/li>\n\n\n\n<li><strong>Endere\u00e7o do escrit\u00f3rio<\/strong>: R Cube Aoyama, 3\u00ba andar, 1-3-1 Kita-Aoyama, Minato-ku, T\u00f3quio, 107-0061, Jap\u00e3o<\/li>\n\n\n\n<li><strong>Site:<\/strong> https:\/\/peachpuff-dugong-919786.hostingersite.com\/<\/li>\n\n\n\n<li><strong>Descri\u00e7\u00e3o da empresa<\/strong>: Fazemos com que voc\u00ea fique conectado no Jap\u00e3o de forma simples e sem complica\u00e7\u00f5es. N\u00e3o importa se voc\u00ea est\u00e1 visitando o pa\u00eds para uma viagem curta ou conveniente para uma longa estadia, nossos cart\u00f5es SIM e solu\u00e7\u00f5es Wi-Fi dom\u00e9sticas garantem que voc\u00ea tenha uma internet confi\u00e1vel e de alta velocidade onde quer que v\u00e1. Sem contratos complicados, sem verifica\u00e7\u00f5es de cr\u00e9dito \u2013 apenas conectividade perfeita. Nossa miss\u00e3o \u00e9 fornecer servi\u00e7os de dados m\u00f3veis e Wi-Fi acess\u00edveis e econ\u00f4micos sem as barreiras t\u00edpicas. Com planos flex\u00edveis, frete gr\u00e1tis e op\u00e7\u00f5es de retirada simples, priorizamos a conveni\u00eancia para que voc\u00ea possa se concentrar em aproveitar seu tempo no Jap\u00e3o.   <\/li>\n<\/ul>\n\n\n\n<h4 class=\"wp-block-heading\"><strong>2. Elegibilidade para uso<\/strong><\/h4>\n\n\n\n<p>Ao usar o SIM-OMORI-MART, voc\u00ea confirma que \u00e9 maior de idade<\/p>\n\n\n\n<h4 class=\"wp-block-heading\"><strong>3. Pedidos e pagamentos<\/strong><\/h4>\n\n\n\n<p>3.1 <strong>Processo de pedido<\/strong>:<\/p>\n\n\n\n<ul class=\"wp-block-list\">\n<li>Todos os pedidos feitos atrav\u00e9s do SIM-OMORI-MART est\u00e3o sujeitos \u00e0 acessibilidade pela COMFYS JAPAN LLC. Assim que seu pedido de recebimento, enviaremos uma confirma\u00e7\u00e3o do pedido por e-mail. No entanto, reservamo-nos o direito de cancelar ou limitar os pedidos devido \u00e0 disponibilidade do produto, erros de pre\u00e7os ou qualquer outro motivo a nossos pedidos.  <\/li>\n<\/ul>\n\n\n\n<p>3.2 <strong>M\u00e9todos de pagamento<\/strong>:<\/p>\n\n\n\n<ul class=\"wp-block-list\">\n<li>Aceitamos os principais cart\u00f5es de cr\u00e9dito, transfer\u00eancias banc\u00e1rias e outras formas de pagamento, conforme listado em nosso site. Todos os pre\u00e7os est\u00e3o listados em iene japon\u00eas (JPY) e incluem todos os impostos aplic\u00e1veis, salvo indica\u00e7\u00e3o em contr\u00e1rio. <\/li>\n<\/ul>\n\n\n\n<p>3.3 <strong>Reembolsos e cancelamentos<\/strong>:<\/p>\n\n\n\n<ul class=\"wp-block-list\">\n<li>Os clientes podem solicitar o cancelamento do pedido antes do envio. Depois que o produto for enviado, os cancelamentos n\u00e3o ser\u00e3o permitidos. Os reembolsos podem ser emitidos em caso de produtos defeituosos ou erros de entrega, sujeitos \u00e0 inspe\u00e7\u00e3o. Para pedidos de envio, entre em contato com nossa equipe de suporte ao cliente em at\u00e9 7 dias ap\u00f3s a coleta do pedido.   <\/li>\n<\/ul>\n\n\n\n<h4 class=\"wp-block-heading\"><strong>4. Disponibilidade e pre\u00e7o do produto<\/strong><\/h4>\n\n\n\n<p>4.1 <strong>Disponibilidade<\/strong>:<\/p>\n\n\n\n<ul class=\"wp-block-list\">\n<li>N\u00f3s nos esfor\u00e7amos para manter os n\u00edveis precisos de estoque em nosso site. No entanto, devido \u00e0 alta demanda ou \u00e0s flutua\u00e7\u00f5es da cadeia de suprimentos, alguns itens podem ficar indispon\u00edveis ap\u00f3s a realiza\u00e7\u00e3o do seu pedido. Nesses casos, notificaremos voc\u00ea e ofereceremos um produto substituto ou processaremos um reembolso.  <\/li>\n<\/ul>\n\n\n\n<p>4.2 <strong>Precifica\u00e7\u00e3o<\/strong>:<\/p>\n\n\n\n<ul class=\"wp-block-list\">\n<li>Os pre\u00e7os de nossos produtos est\u00e3o sujeitos a altera\u00e7\u00f5es sem aviso pr\u00e9vio. Fazemos todos os esfor\u00e7os para garantir pre\u00e7os precisos em nosso site, mas podem ocorrer erros. No caso de um erro de pre\u00e7o, reservamos-nos o direito de cancelar o pedido afetado e notificar o cliente importante.  <\/li>\n<\/ul>\n\n\n\n<h4 class=\"wp-block-heading\"><strong>5. Envio e entrega<\/strong><\/h4>\n\n\n\n<p>5.1 <strong>\u00c1rea de entrega<\/strong>:<\/p>\n\n\n\n<ul class=\"wp-block-list\">\n<li>Atualmente, a SIM-OMORI-MART faz entregas somente para endere\u00e7os no Jap\u00e3o. N\u00e3o fazemos envios internacionais. <\/li>\n<\/ul>\n\n\n\n<p>5.2 <strong>Taxas de remessa<\/strong>:<\/p>\n\n\n\n<ul class=\"wp-block-list\">\n<li>As taxas de remessa variam de acordo com o tamanho e o peso do seu pedido. Todos os custos de remessa aplic\u00e1veis ser\u00e3o listados na finaliza\u00e7\u00e3o da compra. O frete gr\u00e1tis pode estar dispon\u00edvel para pedidos em grandes quantidades, dependendo do total do pedido.  <\/li>\n<\/ul>\n\n\n\n<p>5.3 <strong>Prazo de entrega<\/strong>:<\/p>\n\n\n\n<ul class=\"wp-block-list\">\n<li>Normalmente, os pedidos s\u00e3o processados dentro de 2 a 3 dias \u00fateis. Os prazos de entrega podem variar de acordo com sua localiza\u00e7\u00e3o e o m\u00e9todo de envio selecionado. A OMORI-MART n\u00e3o \u00e9 respons\u00e1vel por atrasos causados por fatores externos, como condi\u00e7\u00f5es clim\u00e1ticas, problemas de entrega ou libera\u00e7\u00e3o alfandeg\u00e1ria.  <\/li>\n<\/ul>\n\n\n\n<h4 class=\"wp-block-heading\"><strong>6. Pol\u00edtica de devolu\u00e7\u00e3o e reembolso<\/strong><\/h4>\n\n\n\n<p>6.1 <strong>Elegibilidade para devolu\u00e7\u00e3o<\/strong>:<\/p>\n\n\n\n<ul class=\"wp-block-list\">\n<li>Os produtos que chegam danificados ou com defeito podem ser devolvidos. Os clientes dever\u00e3o notificar em at\u00e9 7 dias ap\u00f3s a coleta e fornecer prova de dano ou defeito. Itens perec\u00edveis, inclusive produtos de carne, dever\u00e3o ser informados em at\u00e9 24 horas ap\u00f3s a coleta.  <\/li>\n<\/ul>\n\n\n\n<p>6.2 <strong>Itens que n\u00e3o podem ser devolvidos<\/strong>:<\/p>\n\n\n\n<ul class=\"wp-block-list\">\n<li>Bebidas alco\u00f3licas e outros produtos perec\u00edveis (como carne) n\u00e3o podem ser devolvidos, a menos que estejam danificados na chegada ou que haja um erro na entrega.<\/li>\n<\/ul>\n\n\n\n<p>6.3 <strong>Processo de reembolso<\/strong>:<\/p>\n\n\n\n<ul class=\"wp-block-list\">\n<li>Assim que confirmarmos a elegibilidade de uma devolu\u00e7\u00e3o, os reembolsos ser\u00e3o processados para o m\u00e9todo de pagamento original. Os reembolsos podem levar at\u00e9 10 dias \u00fateis para ajudar, dependendo de sua institui\u00e7\u00e3o financeira. <\/li>\n<\/ul>\n\n\n\n<h4 class=\"wp-block-heading\"><strong>7. Pol\u00edtica de privacidade<\/strong><\/h4>\n\n\n\n<p>Temos o compromisso de proteger suas informa\u00e7\u00f5es pessoais. Todos os dados de clientes coletados pela OMORI-MART s\u00e3o tratados de acordo com nossa Pol\u00edtica de Privacidade. N\u00e3o compartilhamos ou vendemos suas informa\u00e7\u00f5es pessoais a terceiros sem seu consentimento, exceto quando exigido por lei.  <\/p>\n\n\n\n<h4 class=\"wp-block-heading\"><strong>8. Limita\u00e7\u00e3o de responsabilidade<\/strong><\/h4>\n\n\n\n<p>A COMFYS JAPAN LLC n\u00e3o se responsabiliza por quaisquer danos indiretos, incidentais ou consequenciais decorrentes do uso da OMORI-MART ou dos produtos vendidos em nosso site. Nossa responsabilidade m\u00e1xima \u00e9 limitada ao valor pago pelo(s) produto(s) em quest\u00e3o. <\/p>\n\n\n\n<h4 class=\"wp-block-heading\"><strong>9. Legisla\u00e7\u00e3o aplic\u00e1vel<\/strong><\/h4>\n\n\n\n<p>Os Termos e Condi\u00e7\u00f5es s\u00e3o regidos pelas leis do Jap\u00e3o. Quaisquer disputas decorrentes do seu uso do SIM-OMORI-MART ser\u00e3o sujeitas \u00e0 jurisdi\u00e7\u00e3o exclusiva dos tribunais de T\u00f3quio, Jap\u00e3o. <\/p>\n\n\n\n<h4 class=\"wp-block-heading\"><strong>10. Altera\u00e7\u00f5es nos Termos e Condi\u00e7\u00f5es<\/strong><\/h4>\n\n\n\n<p>A COMFYS JAPAN LLC reserva-se o direito de atualizar ou modificar estes Termos e Condi\u00e7\u00f5es a qualquer momento. As altera\u00e7\u00f5es ser\u00e3o publicadas no site da OMORI-MART, e o uso continuado de nossos servi\u00e7os ap\u00f3s quaisquer altera\u00e7\u00f5es significa que voc\u00ea aceita os termos revisados. <\/p>\n\n\n\n<p>Em caso de d\u00favidas ou preocupa\u00e7\u00f5es com rela\u00e7\u00e3o a estes Termos e Condi\u00e7\u00f5es, entre em contato com nossa equipe de atendimento ao cliente pelo <strong>envie um e-mail para support@omorimart.com.<\/strong><\/p>\n\n\n\n<p>Ao usar o OMORI-MART, voc\u00ea deve confirmar que leu, entendeu e concorda em se vincular a estes Termos e Condi\u00e7\u00f5es.<\/p>","protected":false},"excerpt":{"rendered":"<p>Introdu\u00e7\u00e3o Bem-vindo ao OMORI-MART, um mercado on-line operado pela COMFYS JAPAN LLC.&nbsp; Ao acessar ou usar nosso site e nossos servi\u00e7os, voc\u00ea concorda em cumprir e estar vinculado aos seguintes<\/p>","protected":false},"author":2,"featured_media":0,"parent":0,"menu_order":0,"comment_status":"closed","ping_status":"closed","template":"","meta":{"footnotes":""},"class_list":["post-24968","page","type-page","status-publish","hentry"],"yoast_head":"<!-- This site is optimized with the Yoast SEO plugin v27.2 - https:\/\/yoast.com\/product\/yoast-seo-wordpress\/ -->\n<title>Termos e condi\u00e7\u00f5es - Omori WIFI<\/title>\n<meta name=\"robots\" content=\"index, follow, max-snippet:-1, max-image-preview:large, max-video-preview:-1\" \/>\n<link rel=\"canonical\" href=\"https:\/\/omoriwifi.com\/pt\/termos-e-condicoes\/\" \/>\n<meta property=\"og:locale\" content=\"pt_BR\" \/>\n<meta property=\"og:type\" content=\"article\" \/>\n<meta property=\"og:title\" content=\"Termos e condi\u00e7\u00f5es - Omori WIFI\" \/>\n<meta property=\"og:description\" content=\"Introdu\u00e7\u00e3o Bem-vindo ao OMORI-MART, um mercado on-line operado pela COMFYS JAPAN LLC.&nbsp; Ao acessar ou usar nosso site e nossos servi\u00e7os, voc\u00ea concorda em cumprir e estar vinculado aos seguintes\" \/>\n<meta property=\"og:url\" content=\"https:\/\/omoriwifi.com\/pt\/termos-e-condicoes\/\" \/>\n<meta property=\"og:site_name\" content=\"Omori WIFI\" \/>\n<meta name=\"twitter:card\" content=\"summary_large_image\" \/>\n<meta name=\"twitter:label1\" content=\"Est. tempo de leitura\" \/>\n\t<meta name=\"twitter:data1\" content=\"5 minutos\" \/>\n<script type=\"application\/ld+json\" class=\"yoast-schema-graph\">{\"@context\":\"https:\/\/schema.org\",\"@graph\":[{\"@type\":\"WebPage\",\"@id\":\"https:\/\/omoriwifi.com\/uk\/termos-e-condicoes\/\",\"url\":\"https:\/\/omoriwifi.com\/uk\/termos-e-condicoes\/\",\"name\":\"Termos e condi\u00e7\u00f5es - Omori WIFI\",\"isPartOf\":{\"@id\":\"https:\/\/omoriwifi.com\/ja\/#website\"},\"datePublished\":\"2025-03-28T00:40:25+00:00\",\"breadcrumb\":{\"@id\":\"https:\/\/omoriwifi.com\/uk\/termos-e-condicoes\/#breadcrumb\"},\"inLanguage\":\"pt-BR\",\"potentialAction\":[{\"@type\":\"ReadAction\",\"target\":[\"https:\/\/omoriwifi.com\/uk\/termos-e-condicoes\/\"]}]},{\"@type\":\"BreadcrumbList\",\"@id\":\"https:\/\/omoriwifi.com\/uk\/termos-e-condicoes\/#breadcrumb\",\"itemListElement\":[{\"@type\":\"ListItem\",\"position\":1,\"name\":\"Home\",\"item\":\"https:\/\/omoriwifi.com\/ja\/\"},{\"@type\":\"ListItem\",\"position\":2,\"name\":\"Termos e condi\u00e7\u00f5es\"}]},{\"@type\":\"WebSite\",\"@id\":\"https:\/\/omoriwifi.com\/ja\/#website\",\"url\":\"https:\/\/omoriwifi.com\/ja\/\",\"name\":\"Omori WiFi\",\"description\":\"My WordPress Blog\",\"potentialAction\":[{\"@type\":\"SearchAction\",\"target\":{\"@type\":\"EntryPoint\",\"urlTemplate\":\"https:\/\/omoriwifi.com\/ja\/?s={search_term_string}\"},\"query-input\":{\"@type\":\"PropertyValueSpecification\",\"valueRequired\":true,\"valueName\":\"search_term_string\"}}],\"inLanguage\":\"pt-BR\"}]}<\/script>\n<!-- \/ Yoast SEO plugin. -->","yoast_head_json":{"title":"Termos e condi\u00e7\u00f5es - Omori WIFI","robots":{"index":"index","follow":"follow","max-snippet":"max-snippet:-1","max-image-preview":"max-image-preview:large","max-video-preview":"max-video-preview:-1"},"canonical":"https:\/\/omoriwifi.com\/pt\/termos-e-condicoes\/","og_locale":"pt_BR","og_type":"article","og_title":"Termos e condi\u00e7\u00f5es - Omori WIFI","og_description":"Introdu\u00e7\u00e3o Bem-vindo ao OMORI-MART, um mercado on-line operado pela COMFYS JAPAN LLC.&nbsp; Ao acessar ou usar nosso site e nossos servi\u00e7os, voc\u00ea concorda em cumprir e estar vinculado aos seguintes","og_url":"https:\/\/omoriwifi.com\/pt\/termos-e-condicoes\/","og_site_name":"Omori WIFI","twitter_card":"summary_large_image","twitter_misc":{"Est. tempo de leitura":"5 minutos"},"schema":{"@context":"https:\/\/schema.org","@graph":[{"@type":"WebPage","@id":"https:\/\/omoriwifi.com\/uk\/termos-e-condicoes\/","url":"https:\/\/omoriwifi.com\/uk\/termos-e-condicoes\/","name":"Termos e condi\u00e7\u00f5es - Omori WIFI","isPartOf":{"@id":"https:\/\/omoriwifi.com\/ja\/#website"},"datePublished":"2025-03-28T00:40:25+00:00","breadcrumb":{"@id":"https:\/\/omoriwifi.com\/uk\/termos-e-condicoes\/#breadcrumb"},"inLanguage":"pt-BR","potentialAction":[{"@type":"ReadAction","target":["https:\/\/omoriwifi.com\/uk\/termos-e-condicoes\/"]}]},{"@type":"BreadcrumbList","@id":"https:\/\/omoriwifi.com\/uk\/termos-e-condicoes\/#breadcrumb","itemListElement":[{"@type":"ListItem","position":1,"name":"Home","item":"https:\/\/omoriwifi.com\/ja\/"},{"@type":"ListItem","position":2,"name":"Termos e condi\u00e7\u00f5es"}]},{"@type":"WebSite","@id":"https:\/\/omoriwifi.com\/ja\/#website","url":"https:\/\/omoriwifi.com\/ja\/","name":"Omori Wi-Fi","description":"Meu blog WordPress","potentialAction":[{"@type":"SearchAction","target":{"@type":"EntryPoint","urlTemplate":"https:\/\/omoriwifi.com\/ja\/?s={search_term_string}"},"query-input":{"@type":"PropertyValueSpecification","valueRequired":true,"valueName":"search_term_string"}}],"inLanguage":"pt-BR"}]}},"_links":{"self":[{"href":"https:\/\/omoriwifi.com\/pt\/wp-json\/wp\/v2\/pages\/24968","targetHints":{"allow":["GET"]}}],"collection":[{"href":"https:\/\/omoriwifi.com\/pt\/wp-json\/wp\/v2\/pages"}],"about":[{"href":"https:\/\/omoriwifi.com\/pt\/wp-json\/wp\/v2\/types\/page"}],"author":[{"embeddable":true,"href":"https:\/\/omoriwifi.com\/pt\/wp-json\/wp\/v2\/users\/2"}],"replies":[{"embeddable":true,"href":"https:\/\/omoriwifi.com\/pt\/wp-json\/wp\/v2\/comments?post=24968"}],"version-history":[{"count":0,"href":"https:\/\/omoriwifi.com\/pt\/wp-json\/wp\/v2\/pages\/24968\/revisions"}],"wp:attachment":[{"href":"https:\/\/omoriwifi.com\/pt\/wp-json\/wp\/v2\/media?parent=24968"}],"curies":[{"name":"wp","href":"https:\/\/api.w.org\/{rel}","templated":true}]}}