{"id":38,"date":"2024-04-17T07:15:52","date_gmt":"2024-04-17T07:15:52","guid":{"rendered":"https:\/\/anvogue.presslayouts.com\/dummy\/?page_id=38"},"modified":"2025-03-30T00:17:41","modified_gmt":"2025-03-30T00:17:41","slug":"about-us","status":"publish","type":"page","link":"https:\/\/omoriwifi.com\/pt\/about-us\/","title":{"rendered":"Sobre n\u00f3s"},"content":{"rendered":"<div data-elementor-type=\"wp-page\" data-elementor-id=\"38\" class=\"elementor elementor-38\">\n\t\t\t\t<div class=\"elementor-element elementor-element-771f7c3 e-flex e-con-boxed e-con e-parent\" data-id=\"771f7c3\" data-element_type=\"container\" data-e-type=\"container\">\n\t\t\t\t\t<div class=\"e-con-inner\">\n\t\t\t\t<div class=\"elementor-element elementor-element-d5bacec elementor-widget elementor-widget-pls-heading\" data-id=\"d5bacec\" data-element_type=\"widget\" data-e-type=\"widget\" data-widget_type=\"pls-heading.default\">\n\t\t\t\t<div class=\"elementor-widget-container\">\n\t\t\t\t\t<div id=\"pls-header-35180\" class=\"pls-element pls-heading pls-text-center separator-none\">\t\n\t\t\t\n\t\t\t<div class=\"heading-wrap\">\n\t\t\t<span class=\"separator-left\"><\/span>\n\t\t\t<h2 class=\"heading-title\">Conectividade perfeita no Jap\u00e3o \u2013 f\u00e1cil, confi\u00e1vel e sem complica\u00e7\u00f5es<\/h2>\t\t\t<span class=\"separator-right\"><\/span>\n\t\t\t\t\t<\/div>\n\t\t\n    \t\t<div class=\"heading-tagline\"> Tornamos a conex\u00e3o no Jap\u00e3o simples e sem complica\u00e7\u00f5es. Seja para uma viagem curta ou para uma estadia longa, nossos cart\u00f5es SIM e solu\u00e7\u00f5es de Wi-Fi residencial garantem internet confi\u00e1vel e de alta velocidade onde quer que voc\u00ea v\u00e1. <br><br>Sem contratos complicados, sem consultas de cr\u00e9dito \u2013 apenas conectividade perfeita. Nossa miss\u00e3o \u00e9 fornecer servi\u00e7os de dados m\u00f3veis e Wi-Fi acess\u00edveis e acess\u00edveis, sem as barreiras t\u00edpicas.<br><br> Com planos flex\u00edveis, frete gr\u00e1tis e op\u00e7\u00f5es f\u00e1ceis de retirada, priorizamos a conveni\u00eancia para que voc\u00ea possa se concentrar em aproveitar seu tempo no Jap\u00e3o.\n<br><br>\nEntendemos a import\u00e2ncia de permanecer online, seja para trabalhar, estudar ou manter contato com entes queridos. \u00c9 por isso que fazemos parcerias com as maiores e mais confi\u00e1veis redes do Jap\u00e3o, como Docomo e SoftBank, para garantir a melhor cobertura e desempenho.\n<br><br>\nDe turistas a residentes de longa dura\u00e7\u00e3o, oferecemos uma variedade de cart\u00f5es SIM pr\u00e9-pagos, Wi-Fi residencial ilimitado e roteadores port\u00e1teis para atender \u00e0s suas necessidades. Sem taxas ocultas ou configura\u00e7\u00f5es complicadas, nossos produtos s\u00e3o projetados para serem f\u00e1ceis de usar e diretos. <br><br>\u00c0 medida que nossa base de clientes cresce, continuamos a melhorar nossos servi\u00e7os, garantindo acesso r\u00e1pido, seguro e ininterrupto \u00e0 internet em todo o Jap\u00e3o. Estamos aqui para fazer da conectividade a menor das suas preocupa\u00e7\u00f5es. <\/div>\n\t<\/div>\t\t\t\t<\/div>\n\t\t\t\t<\/div>\n\t\t\t\t\t<\/div>\n\t\t\t\t<\/div>\n\t\t<div class=\"elementor-element elementor-element-2678839 e-flex e-con-boxed e-con e-parent\" data-id=\"2678839\" data-element_type=\"container\" data-e-type=\"container\">\n\t\t\t\t\t<div class=\"e-con-inner\">\n\t\t\t\t<div class=\"elementor-element elementor-element-e784360 elementor-widget elementor-widget-pls-product-brands\" data-id=\"e784360\" data-element_type=\"widget\" data-e-type=\"widget\" data-widget_type=\"pls-product-brands.default\">\n\t\t\t\t<div class=\"elementor-widget-container\">\n\t\t\t\t\t<div id=\"pls-product-brand-46935\" class=\"pls-element pls-product-brands\">\n\t\t<div class=\"section-content  pls-slider swiper row\">\n\t\t<div class=\"products swiper-wrapper slider-col-lg-3 slider-col-md-4 slider-col-2\" data-slider_options=\"{&quot;slider_loop&quot;:false,&quot;slider_autoplay&quot;:false,&quot;slider_autoplay_delay&quot;:&quot;1500&quot;,&quot;slider_autoplay_speed&quot;:&quot;1500&quot;,&quot;slider_pause_on_hover&quot;:false,&quot;slider_rewind&quot;:false,&quot;slider_autoHeigh&quot;:false,&quot;slider_touchDrag&quot;:true,&quot;slider_touchDrag_mobile&quot;:true,&quot;slider_navigation&quot;:true,&quot;slider_pagination&quot;:false,&quot;slider_scrollbar&quot;:false,&quot;slider_centered&quot;:false,&quot;slider_effect&quot;:&quot;slide&quot;,&quot;slider_spaceBetween&quot;:0,&quot;slides_to_show&quot;:&quot;3&quot;,&quot;slides_to_show_tablet&quot;:4,&quot;slides_to_show_mobile&quot;:2,&quot;slides_to_scroll&quot;:1}\" >\n\t\t\t\t\t\t\t\t<div class=\"product-brand swiper-slide\">\n\t\t\t\t\t\t<a href=\"https:\/\/omoriwifi.com\/pt\/marca\/docomo\/\">\n\t\t\t\t\t\t\t<div class=\"brand-image\">\n\t\t\t\t\t\t\t\t<img decoding=\"async\" width=\"150\" height=\"150\" src=\"https:\/\/omoriwifi.com\/wp-content\/uploads\/2025\/03\/Untitled-design-2025-03-27T014152.325.png\" class=\"attachment-full size-full\" alt=\"Docomo\" srcset=\"https:\/\/omoriwifi.com\/wp-content\/uploads\/2025\/03\/Untitled-design-2025-03-27T014152.325.png 150w, https:\/\/omoriwifi.com\/wp-content\/uploads\/2025\/03\/Untitled-design-2025-03-27T014152.325-96x96.png 96w\" sizes=\"(max-width: 150px) 100vw, 150px\" \/>\t\t\t\t\t\t\t<\/div>\n\t\t\t\t\t\t\t\n\t\t\t\t\t\t\t\t\t\t\t\t\t<\/a>\n\t\t\t\t\t<\/div>\n\t\t\t\t\t\t\t\t\t\t<div class=\"product-brand swiper-slide\">\n\t\t\t\t\t\t<a href=\"https:\/\/omoriwifi.com\/pt\/marca\/au\/\">\n\t\t\t\t\t\t\t<div class=\"brand-image\">\n\t\t\t\t\t\t\t\t<img decoding=\"async\" width=\"150\" height=\"150\" src=\"https:\/\/omoriwifi.com\/wp-content\/uploads\/2025\/03\/Untitled-design-2025-03-27T014130.212.png\" class=\"attachment-full size-full\" alt=\"AU\" srcset=\"https:\/\/omoriwifi.com\/wp-content\/uploads\/2025\/03\/Untitled-design-2025-03-27T014130.212.png 150w, https:\/\/omoriwifi.com\/wp-content\/uploads\/2025\/03\/Untitled-design-2025-03-27T014130.212-96x96.png 96w\" sizes=\"(max-width: 150px) 100vw, 150px\" \/>\t\t\t\t\t\t\t<\/div>\n\t\t\t\t\t\t\t\n\t\t\t\t\t\t\t\t\t\t\t\t\t<\/a>\n\t\t\t\t\t<\/div>\n\t\t\t\t\t\t\t\t\t\t<div class=\"product-brand swiper-slide\">\n\t\t\t\t\t\t<a href=\"https:\/\/omoriwifi.com\/pt\/marca\/soft-bank\/\">\n\t\t\t\t\t\t\t<div class=\"brand-image\">\n\t\t\t\t\t\t\t\t<img decoding=\"async\" width=\"150\" height=\"150\" src=\"https:\/\/omoriwifi.com\/wp-content\/uploads\/2025\/03\/Untitled-design-2025-03-27T014107.765.png\" class=\"attachment-full size-full\" alt=\"Soft Bank\" srcset=\"https:\/\/omoriwifi.com\/wp-content\/uploads\/2025\/03\/Untitled-design-2025-03-27T014107.765.png 150w, https:\/\/omoriwifi.com\/wp-content\/uploads\/2025\/03\/Untitled-design-2025-03-27T014107.765-96x96.png 96w\" sizes=\"(max-width: 150px) 100vw, 150px\" \/>\t\t\t\t\t\t\t<\/div>\n\t\t\t\t\t\t\t\n\t\t\t\t\t\t\t\t\t\t\t\t\t<\/a>\n\t\t\t\t\t<\/div>\n\t\t\t\t\t\t\t<\/div>\n\t<\/div>\n<\/div>\t\t\t\t<\/div>\n\t\t\t\t<\/div>\n\t\t\t\t\t<\/div>\n\t\t\t\t<\/div>\n\t\t<div class=\"elementor-element elementor-element-9198a48 e-flex e-con-boxed e-con e-parent\" data-id=\"9198a48\" data-element_type=\"container\" data-e-type=\"container\">\n\t\t\t\t\t<div class=\"e-con-inner\">\n\t\t<div class=\"elementor-element elementor-element-1500bd4 e-con-full e-flex e-con e-child\" data-id=\"1500bd4\" data-element_type=\"container\" data-e-type=\"container\">\n\t\t\t\t<div class=\"elementor-element elementor-element-640f2dc elementor-widget elementor-widget-pls-infobox\" data-id=\"640f2dc\" data-element_type=\"widget\" data-e-type=\"widget\" data-widget_type=\"pls-infobox.default\">\n\t\t\t\t<div class=\"elementor-widget-container\">\n\t\t\t\t\t<div id=\"pls-info-box-71332\" class=\"pls-element pls-info-box icon-effect-none icon-simple icon-top color-scheme-inherit hover-color-scheme-inherit text-center\">\n\t<div class=\"info-box-wrap\"  >\n\t\t<div class=\"box-icon-wrap\">\n\t\t\t\t\t\t\t<div class=\"info-box-icon\"><img decoding=\"async\" src=\"https:\/\/omoriwifi.com\/wp-content\/uploads\/2025\/03\/icons8-plan-60.png\" alt=\"Affordable Plans\"\/><\/div>\n\t\t\t\t\t<\/div>\n\t\t<div class=\"info-box-content\">\n\t\t\t\t\t\t\t\t\t\t<div class=\"info-box-title mb\" >\t\t\t\t\n\t\t\t\t\t<h4>Planos acess\u00edveis<\/h4>\t\t\t\t\t\n\t\t\t\t<\/div>\n\t\t\t\t\t\t\t\t\t\t<div class=\"info-box-description mb\">\n\t\t\t\t\t<p>Obtenha \u00f3timo valor com pre\u00e7os competitivos em planos de dados, garantindo que voc\u00ea fique conectado sem gastar muito. Somos mais baratos que os outros.<\/p>\n\t\t\t\t<\/div>\n\t\t\t\t\t<\/div>\n\t<\/div>\n<\/div>\t\t\t\t<\/div>\n\t\t\t\t<\/div>\n\t\t\t\t<\/div>\n\t\t<div class=\"elementor-element elementor-element-19c452d e-con-full e-flex e-con e-child\" data-id=\"19c452d\" data-element_type=\"container\" data-e-type=\"container\">\n\t\t\t\t<div class=\"elementor-element elementor-element-8521fbf elementor-widget elementor-widget-pls-infobox\" data-id=\"8521fbf\" data-element_type=\"widget\" data-e-type=\"widget\" data-widget_type=\"pls-infobox.default\">\n\t\t\t\t<div class=\"elementor-widget-container\">\n\t\t\t\t\t<div id=\"pls-info-box-71978\" class=\"pls-element pls-info-box icon-effect-none icon-simple icon-top color-scheme-inherit hover-color-scheme-inherit text-center\">\n\t<div class=\"info-box-wrap\"  >\n\t\t<div class=\"box-icon-wrap\">\n\t\t\t\t\t\t\t<div class=\"info-box-icon\"><img decoding=\"async\" src=\"https:\/\/omoriwifi.com\/wp-content\/uploads\/2025\/03\/icons8-credit-card-60.png\" alt=\"No Credit Card Needed\"\/><\/div>\n\t\t\t\t\t<\/div>\n\t\t<div class=\"info-box-content\">\n\t\t\t\t\t\t\t\t\t\t<div class=\"info-box-title mb\" >\t\t\t\t\n\t\t\t\t\t<h4>N\u00e3o \u00e9 necess\u00e1rio cart\u00e3o de cr\u00e9dito<\/h4>\t\t\t\t\t\n\t\t\t\t<\/div>\n\t\t\t\t\t\t\t\t\t\t<div class=\"info-box-description mb\">\n\t\t\t\t\t<p>Op\u00e7\u00f5es de pagamento simplificadas: pague com dinheiro (transfer\u00eancia banc\u00e1ria) ou cart\u00e3o de cr\u00e9dito, sem necessidade de cart\u00f5es de cr\u00e9dito ou procedimentos demorados.\n<\/p>\n\t\t\t\t<\/div>\n\t\t\t\t\t<\/div>\n\t<\/div>\n<\/div>\t\t\t\t<\/div>\n\t\t\t\t<\/div>\n\t\t\t\t<\/div>\n\t\t<div class=\"elementor-element elementor-element-8778c43 e-con-full e-flex e-con e-child\" data-id=\"8778c43\" data-element_type=\"container\" data-e-type=\"container\">\n\t\t\t\t<div class=\"elementor-element elementor-element-f20e0de elementor-widget elementor-widget-pls-infobox\" data-id=\"f20e0de\" data-element_type=\"widget\" data-e-type=\"widget\" data-widget_type=\"pls-infobox.default\">\n\t\t\t\t<div class=\"elementor-widget-container\">\n\t\t\t\t\t<div id=\"pls-info-box-46503\" class=\"pls-element pls-info-box icon-effect-none icon-simple icon-top color-scheme-inherit hover-color-scheme-inherit text-center\">\n\t<div class=\"info-box-wrap\"  >\n\t\t<div class=\"box-icon-wrap\">\n\t\t\t\t\t\t\t<div class=\"info-box-icon\"><img decoding=\"async\" src=\"https:\/\/omoriwifi.com\/wp-content\/uploads\/2025\/03\/icons8-synchronize-60-1.png\" alt=\"No Hassles, Just Easy Connectivity\"\/><\/div>\n\t\t\t\t\t<\/div>\n\t\t<div class=\"info-box-content\">\n\t\t\t\t\t\t\t\t\t\t<div class=\"info-box-title mb\" >\t\t\t\t\n\t\t\t\t\t<h4>Sem aborrecimentos, apenas conectividade f\u00e1cil<\/h4>\t\t\t\t\t\n\t\t\t\t<\/div>\n\t\t\t\t\t\t\t\t\t\t<div class=\"info-box-description mb\">\n\t\t\t\t\t<p>Evite lojas, formul\u00e1rios longos e esque\u00e7a verifica\u00e7\u00f5es de cr\u00e9dito: solicite on-line e conecte-se em minutos.<\/p>\n\t\t\t\t<\/div>\n\t\t\t\t\t<\/div>\n\t<\/div>\n<\/div>\t\t\t\t<\/div>\n\t\t\t\t<\/div>\n\t\t\t\t<\/div>\n\t\t<div class=\"elementor-element elementor-element-396bf69 e-con-full e-flex e-con e-child\" data-id=\"396bf69\" data-element_type=\"container\" data-e-type=\"container\">\n\t\t\t\t<div class=\"elementor-element elementor-element-3172a7f elementor-widget elementor-widget-pls-infobox\" data-id=\"3172a7f\" data-element_type=\"widget\" data-e-type=\"widget\" data-widget_type=\"pls-infobox.default\">\n\t\t\t\t<div class=\"elementor-widget-container\">\n\t\t\t\t\t<div id=\"pls-info-box-90775\" class=\"pls-element pls-info-box icon-effect-none icon-simple icon-top color-scheme-inherit hover-color-scheme-inherit text-center\">\n\t<div class=\"info-box-wrap\"  >\n\t\t<div class=\"box-icon-wrap\">\n\t\t\t\t\t\t\t<div class=\"info-box-icon\"><img decoding=\"async\" src=\"https:\/\/omoriwifi.com\/wp-content\/uploads\/2025\/03\/icons8-radio-tower-60.png\" alt=\"Major Network Coverage\"\/><\/div>\n\t\t\t\t\t<\/div>\n\t\t<div class=\"info-box-content\">\n\t\t\t\t\t\t\t\t\t\t<div class=\"info-box-title mb\" >\t\t\t\t\n\t\t\t\t\t<h4>Cobertura de rede principal<\/h4>\t\t\t\t\t\n\t\t\t\t<\/div>\n\t\t\t\t\t\t\t\t\t\t<div class=\"info-box-description mb\">\n\t\t\t\t\t<p>Mantenha-se conectado com as principais operadoras, como NTT Docomo, SoftBank e AU (KDDI), que oferecem servi\u00e7os confi\u00e1veis em todo o Jap\u00e3o.<\/p>\n\t\t\t\t<\/div>\n\t\t\t\t\t<\/div>\n\t<\/div>\n<\/div>\t\t\t\t<\/div>\n\t\t\t\t<\/div>\n\t\t\t\t<\/div>\n\t\t\t\t\t<\/div>\n\t\t\t\t<\/div>\n\t\t\t\t<\/div>","protected":false},"excerpt":{"rendered":"<p>Seamless Connectivity in Japan \u2013 Easy, Reliable, and Hassle-Free We make staying connected in Japan simple and hassle-free. Whether you\u2019re visiting for a short trip or planning a long stay,<\/p>","protected":false},"author":2,"featured_media":0,"parent":0,"menu_order":0,"comment_status":"closed","ping_status":"closed","template":"","meta":{"footnotes":""},"class_list":["post-38","page","type-page","status-publish","hentry"],"yoast_head":"<!-- This site is optimized with the Yoast SEO plugin v27.2 - https:\/\/yoast.com\/product\/yoast-seo-wordpress\/ -->\n<title>About Us - Omori WIFI<\/title>\n<meta name=\"description\" content=\"Learn more about our mission to provide affordable, hassle-free connectivity in Japan. From short-term SIMs to unlimited home and pocket WiFi, we offer fast, reliable internet with no contracts or credit checks\u2014just seamless service!\" \/>\n<meta name=\"robots\" content=\"index, follow, max-snippet:-1, max-image-preview:large, max-video-preview:-1\" \/>\n<link rel=\"canonical\" href=\"https:\/\/omoriwifi.com\/pt\/about-us\/\" \/>\n<meta property=\"og:locale\" content=\"pt_BR\" \/>\n<meta property=\"og:type\" content=\"article\" \/>\n<meta property=\"og:title\" content=\"About Us - Omori WIFI\" \/>\n<meta property=\"og:description\" content=\"Learn more about our mission to provide affordable, hassle-free connectivity in Japan. From short-term SIMs to unlimited home and pocket WiFi, we offer fast, reliable internet with no contracts or credit checks\u2014just seamless service!\" \/>\n<meta property=\"og:url\" content=\"https:\/\/omoriwifi.com\/pt\/about-us\/\" \/>\n<meta property=\"og:site_name\" content=\"Omori WIFI\" \/>\n<meta property=\"article:modified_time\" content=\"2025-03-30T00:17:41+00:00\" \/>\n<meta property=\"og:image\" content=\"https:\/\/peachpuff-dugong-919786.hostingersite.com\/wp-content\/uploads\/2025\/03\/Untitled-design-2025-03-27T014152.325.png\" \/>\n<meta name=\"twitter:card\" content=\"summary_large_image\" \/>\n<meta name=\"twitter:label1\" content=\"Est. tempo de leitura\" \/>\n\t<meta name=\"twitter:data1\" content=\"3 minutos\" \/>\n<script type=\"application\/ld+json\" class=\"yoast-schema-graph\">{\"@context\":\"https:\/\/schema.org\",\"@graph\":[{\"@type\":\"WebPage\",\"@id\":\"https:\/\/omoriwifi.com\/zh_tw\/about-us\/\",\"url\":\"https:\/\/omoriwifi.com\/zh_tw\/about-us\/\",\"name\":\"About Us - Omori WIFI\",\"isPartOf\":{\"@id\":\"https:\/\/omoriwifi.com\/ja\/#website\"},\"primaryImageOfPage\":{\"@id\":\"https:\/\/omoriwifi.com\/zh_tw\/about-us\/#primaryimage\"},\"image\":{\"@id\":\"https:\/\/omoriwifi.com\/zh_tw\/about-us\/#primaryimage\"},\"thumbnailUrl\":\"https:\/\/peachpuff-dugong-919786.hostingersite.com\/wp-content\/uploads\/2025\/03\/Untitled-design-2025-03-27T014152.325.png\",\"datePublished\":\"2024-04-17T07:15:52+00:00\",\"dateModified\":\"2025-03-30T00:17:41+00:00\",\"description\":\"Learn more about our mission to provide affordable, hassle-free connectivity in Japan. From short-term SIMs to unlimited home and pocket WiFi, we offer fast, reliable internet with no contracts or credit checks\u2014just seamless service!\",\"breadcrumb\":{\"@id\":\"https:\/\/omoriwifi.com\/zh_tw\/about-us\/#breadcrumb\"},\"inLanguage\":\"pt-BR\",\"potentialAction\":[{\"@type\":\"ReadAction\",\"target\":[\"https:\/\/omoriwifi.com\/zh_tw\/about-us\/\"]}]},{\"@type\":\"ImageObject\",\"inLanguage\":\"pt-BR\",\"@id\":\"https:\/\/omoriwifi.com\/zh_tw\/about-us\/#primaryimage\",\"url\":\"https:\/\/peachpuff-dugong-919786.hostingersite.com\/wp-content\/uploads\/2025\/03\/Untitled-design-2025-03-27T014152.325.png\",\"contentUrl\":\"https:\/\/peachpuff-dugong-919786.hostingersite.com\/wp-content\/uploads\/2025\/03\/Untitled-design-2025-03-27T014152.325.png\"},{\"@type\":\"BreadcrumbList\",\"@id\":\"https:\/\/omoriwifi.com\/zh_tw\/about-us\/#breadcrumb\",\"itemListElement\":[{\"@type\":\"ListItem\",\"position\":1,\"name\":\"Home\",\"item\":\"https:\/\/omoriwifi.com\/ja\/\"},{\"@type\":\"ListItem\",\"position\":2,\"name\":\"About Us\"}]},{\"@type\":\"WebSite\",\"@id\":\"https:\/\/omoriwifi.com\/ja\/#website\",\"url\":\"https:\/\/omoriwifi.com\/ja\/\",\"name\":\"Omori WiFi\",\"description\":\"My WordPress Blog\",\"potentialAction\":[{\"@type\":\"SearchAction\",\"target\":{\"@type\":\"EntryPoint\",\"urlTemplate\":\"https:\/\/omoriwifi.com\/ja\/?s={search_term_string}\"},\"query-input\":{\"@type\":\"PropertyValueSpecification\",\"valueRequired\":true,\"valueName\":\"search_term_string\"}}],\"inLanguage\":\"pt-BR\"}]}<\/script>\n<!-- \/ Yoast SEO plugin. -->","yoast_head_json":{"title":"About Us - Omori WIFI","description":"Learn more about our mission to provide affordable, hassle-free connectivity in Japan. From short-term SIMs to unlimited home and pocket WiFi, we offer fast, reliable internet with no contracts or credit checks\u2014just seamless service!","robots":{"index":"index","follow":"follow","max-snippet":"max-snippet:-1","max-image-preview":"max-image-preview:large","max-video-preview":"max-video-preview:-1"},"canonical":"https:\/\/omoriwifi.com\/pt\/about-us\/","og_locale":"pt_BR","og_type":"article","og_title":"About Us - Omori WIFI","og_description":"Learn more about our mission to provide affordable, hassle-free connectivity in Japan. From short-term SIMs to unlimited home and pocket WiFi, we offer fast, reliable internet with no contracts or credit checks\u2014just seamless service!","og_url":"https:\/\/omoriwifi.com\/pt\/about-us\/","og_site_name":"Omori WIFI","article_modified_time":"2025-03-30T00:17:41+00:00","og_image":[{"url":"https:\/\/peachpuff-dugong-919786.hostingersite.com\/wp-content\/uploads\/2025\/03\/Untitled-design-2025-03-27T014152.325.png","type":"","width":"","height":""}],"twitter_card":"summary_large_image","twitter_misc":{"Est. tempo de leitura":"3 minutos"},"schema":{"@context":"https:\/\/schema.org","@graph":[{"@type":"WebPage","@id":"https:\/\/omoriwifi.com\/zh_tw\/about-us\/","url":"https:\/\/omoriwifi.com\/zh_tw\/about-us\/","name":"About Us - Omori WIFI","isPartOf":{"@id":"https:\/\/omoriwifi.com\/ja\/#website"},"primaryImageOfPage":{"@id":"https:\/\/omoriwifi.com\/zh_tw\/about-us\/#primaryimage"},"image":{"@id":"https:\/\/omoriwifi.com\/zh_tw\/about-us\/#primaryimage"},"thumbnailUrl":"https:\/\/peachpuff-dugong-919786.hostingersite.com\/wp-content\/uploads\/2025\/03\/Untitled-design-2025-03-27T014152.325.png","datePublished":"2024-04-17T07:15:52+00:00","dateModified":"2025-03-30T00:17:41+00:00","description":"Learn more about our mission to provide affordable, hassle-free connectivity in Japan. From short-term SIMs to unlimited home and pocket WiFi, we offer fast, reliable internet with no contracts or credit checks\u2014just seamless service!","breadcrumb":{"@id":"https:\/\/omoriwifi.com\/zh_tw\/about-us\/#breadcrumb"},"inLanguage":"pt-BR","potentialAction":[{"@type":"ReadAction","target":["https:\/\/omoriwifi.com\/zh_tw\/about-us\/"]}]},{"@type":"ImageObject","inLanguage":"pt-BR","@id":"https:\/\/omoriwifi.com\/zh_tw\/about-us\/#primaryimage","url":"https:\/\/peachpuff-dugong-919786.hostingersite.com\/wp-content\/uploads\/2025\/03\/Untitled-design-2025-03-27T014152.325.png","contentUrl":"https:\/\/peachpuff-dugong-919786.hostingersite.com\/wp-content\/uploads\/2025\/03\/Untitled-design-2025-03-27T014152.325.png"},{"@type":"BreadcrumbList","@id":"https:\/\/omoriwifi.com\/zh_tw\/about-us\/#breadcrumb","itemListElement":[{"@type":"ListItem","position":1,"name":"Home","item":"https:\/\/omoriwifi.com\/ja\/"},{"@type":"ListItem","position":2,"name":"About Us"}]},{"@type":"WebSite","@id":"https:\/\/omoriwifi.com\/ja\/#website","url":"https:\/\/omoriwifi.com\/ja\/","name":"Omori Wi-Fi","description":"Meu blog WordPress","potentialAction":[{"@type":"SearchAction","target":{"@type":"EntryPoint","urlTemplate":"https:\/\/omoriwifi.com\/ja\/?s={search_term_string}"},"query-input":{"@type":"PropertyValueSpecification","valueRequired":true,"valueName":"search_term_string"}}],"inLanguage":"pt-BR"}]}},"_links":{"self":[{"href":"https:\/\/omoriwifi.com\/pt\/wp-json\/wp\/v2\/pages\/38","targetHints":{"allow":["GET"]}}],"collection":[{"href":"https:\/\/omoriwifi.com\/pt\/wp-json\/wp\/v2\/pages"}],"about":[{"href":"https:\/\/omoriwifi.com\/pt\/wp-json\/wp\/v2\/types\/page"}],"author":[{"embeddable":true,"href":"https:\/\/omoriwifi.com\/pt\/wp-json\/wp\/v2\/users\/2"}],"replies":[{"embeddable":true,"href":"https:\/\/omoriwifi.com\/pt\/wp-json\/wp\/v2\/comments?post=38"}],"version-history":[{"count":12,"href":"https:\/\/omoriwifi.com\/pt\/wp-json\/wp\/v2\/pages\/38\/revisions"}],"predecessor-version":[{"id":20687,"href":"https:\/\/omoriwifi.com\/pt\/wp-json\/wp\/v2\/pages\/38\/revisions\/20687"}],"wp:attachment":[{"href":"https:\/\/omoriwifi.com\/pt\/wp-json\/wp\/v2\/media?parent=38"}],"curies":[{"name":"wp","href":"https:\/\/api.w.org\/{rel}","templated":true}]}}