{"id":24908,"date":"2025-03-25T17:10:57","date_gmt":"2025-03-25T17:10:57","guid":{"rendered":"https:\/\/peachpuff-dugong-919786.hostingersite.com\/chinh-sach-bao-mat\/"},"modified":"2025-03-25T17:10:57","modified_gmt":"2025-03-25T17:10:57","slug":"chinh-sach-bao-mat","status":"publish","type":"page","link":"https:\/\/omoriwifi.com\/th\/chinh-sach-bao-mat\/","title":{"rendered":"Ch\u00ednh s\u00e1ch b\u1ea3o m\u1eadt"},"content":{"rendered":"<h3 class=\"wp-block-heading\"><strong>Ng\u00e0y c\u00f3 hi\u1ec7u l\u1ef1c<\/strong> : 20 th\u00e1ng 4 n\u0103m 2025<\/h3>\n\n\n\n<p>\u0e44\u0e17 <strong>\u0e0b\u0e34\u0e21-\u0e42\u0e2d\u0e42\u0e21\u0e23\u0e34-\u0e21\u0e32\u0e23\u0e4c\u0e17<\/strong> , \u0111\u1ebf\u1ee3c \u0111i\u1ec1u h\u00e0nh b\u1edfi&nbsp;<strong>\u0e1a\u0e23\u0e34\u0e29\u0e31\u0e17 \u0e04\u0e2d\u0e21\u0e1f\u0e35\u0e48 \u0e40\u0e08\u0e41\u0e1b\u0e19 \u0e41\u0e2d\u0e25\u0e41\u0e2d\u0e25\u0e0b\u0e35<\/strong> , ch\u00fang t\u00f4i cam k\u1ebft b\u00e1o v\u1ebf quy\u1ec1n ri\u00eang t\u01b0 c\u1ee7a b\u1ebfn v\u00e0 \u0111\u1ebfm b\u1ea3o an to\u00e0n cho th\u00f4ng tin c\u00e1 nh\u00e2n c\u1ee7a b\u1ebfn. Ch\u00ednh s\u00e1ch b\u1ea3o m\u1ebft n\u00e0y n\u00eau r\u00f5 c\u00e1ch ch\u00fang t\u00f4i th\u00f9p, s\u1eed d\u1ee5ng, ti\u1ebft l\u1ed9 v\u00e0 b\u00e1o v\u1ebf th\u00f4ng tin c\u1ee7a b\u1ea1n khi b\u1ea1n Truy c\u1ebfp ho\u1eb7c mua h\u00e0ng tr\u00ean trang web c\u1ee7a chung toi. B\u1eb1ng c\u00e1ch s\u1eed d\u1ee5ng trang web v\u00e0 d\u1ecbch v\u1ee5 c\u1ee7a ch\u00fang t\u00f4i, b\u1ebfn \u0111\u1ed3ng \u00fd v\u1edbi c\u00e1c ho\u00e1t \u0111\u1ed9ng \u0111\u1ee3c m\u00f4 t\u1ea3 trong Ch\u00ednh s\u00e1ch b\u1ebft nay.  <\/p>\n\n\n\n<h4 class=\"wp-block-heading\">&nbsp;<\/h4>\n\n\n\n<h4 class=\"wp-block-heading\"><strong>1. \u0e17\u0e2d\u0e07\u0e15\u0e34\u0e07\u0e0a\u0e38\u0e07\u0e15\u0e4b\u0e2d\u0e22\u0e17\u0e39\u0e17\u0e1a<\/strong><\/h4>\n\n\n\n<p>Ch\u00fang T\u00f4i th\u1ebfp th\u00f4ng tin c\u00e1 nh\u00e2n c\u1ee7a b\u1ebfn \u0111\u1ec3 cung c\u1ea5p d\u1ecbch v\u1ee5 c\u1ee7a ch\u00fang t\u00f4i v\u00e0 c\u1ea3i thi\u1ebfn tr\u1ebfn nghi\u1ebfm c\u1ee7a b\u1ea1n tr\u00ean OMORI-MART. C\u00e1c lo\u00e1i th\u00f4ng tin ch\u00fang t\u00f4i th\u1ebfp bao g\u1ed3m: <\/p>\n\n\n\n<p>1.1 <strong>Th\u00f4ng tin c\u00e1 nh\u00e2n<\/strong> :<\/p>\n\n\n\n<ul class=\"wp-block-list\">\n<li>\u0e2a\u0e34\u0e1a<\/li>\n\n\n\n<li>\u0110\u1ecba ch\u1ec9<\/li>\n\n\n\n<li>\u0110\u1ecba ch\u1ec9 Email<\/li>\n\n\n\n<li>S\u1ed1 \u0111i\u1ec7n tho\u1ea1i<\/li>\n\n\n\n<li>Th\u00f4ng tin thanh to\u00e1n (\u0e44\u0e04 ti\u1ebft th\u1ebb t\u00edn d\u1ee5ng, \u0e44\u0e04 ti\u1ebft chuy\u1ec3n kho\u1ea3n ng\u00e2n h\u00e0ng, vv)<\/li>\n\n\n\n<li>Ng\u00e0y sinh (\u0111\u1ec3 x\u00e1c minh \u0111\u1ed9 tu\u1ed5i u\u1ed1ng r\u00e2\u1ee3u h\u1ee3p ph\u00e1p)<\/li>\n<\/ul>\n\n\n\n<p>1.2 <strong>Th\u00f4ng tin phi c\u00e1 nh\u00e2n<\/strong> :<\/p>\n\n\n\n<ul class=\"wp-block-list\">\n<li>Lo\u1ea1i tr\u00ecnh duy\u1ec7t<\/li>\n\n\n\n<li>Th\u00f4ng tin thi\u1ebft b\u1ecb<\/li>\n\n\n\n<li>\u0110\u1ecba ch\u1ec9 IP<\/li>\n\n\n\n<li>D\u1eef li\u1ebfu s\u1eed d\u1ee5ng trang web (c\u00e1c trang \u0111\u00e3 truy c\u1ebfp, th\u1eddi gian d\u00e0nh tr\u00ean trang, vv)<\/li>\n<\/ul>\n\n\n\n<h4 class=\"wp-block-heading\"><strong>2. Ch\u00fang t\u00f4i s\u1eed d\u1ee5ng th\u00f4ng tin c\u1ee7a b\u1ebfn nh\u01b0 th\u1ebf n\u00e0o<\/strong><\/h4>\n\n\n\n<p>Ch\u00fang toi s\u1eed d\u1ee5ng th\u00f4ng tin th\u0e0b\u0e38\u0e1b thb t\u1eeb b\u1ea1n cho c\u00e1c m\u1ee5c \u0111\u00edch sau:<\/p>\n\n\n\n<p>2.1 <strong>X\u1eed l\u00fd \u0111\u01a1n h\u00e0ng<\/strong> :<\/p>\n\n\n\n<ul class=\"wp-block-list\">\n<li>\u0110\u1ec3 x\u1eed l\u00fd v\u00e0 ho\u00e0n t\u1ea5t \u0111\u1eedn h\u00e0ng c\u1ee7a b\u1ebfn, bao g\u1ed3m c\u1ea3 vi\u1ebfc v\u1ebfn chuy\u1ec3n v\u00e0 x\u1eed l\u00fd thanh to\u00e1n.<\/li>\n\n\n\n<li>Cung c\u1ea5p x\u00e1c nh\u1ebfn \u0111\u01a1n h\u00e0ng, bi\u00ean lai v\u00e0 th\u00f4ng tin theo d\u00f5i qua email ho\u1eb7c \u0111i\u1ebfn th\u1ebf.<\/li>\n<\/ul>\n\n\n\n<p>2.2 <strong>D\u1ecbch v\u1ee5 kh\u00e1ch h\u00e0ng<\/strong> :<\/p>\n\n\n\n<ul class=\"wp-block-list\">\n<li>\u0110\u1ec3 tr\u1ebf l\u1eddi c\u00e1c th\u1eafc m\u1eafc, y\u00eau c\u1ea7u ho\u1eb7c khi\u1ebfu nai c\u1ee7a b\u1ebfn.<\/li>\n\n\n\n<li>\u0110\u1ec3 th\u00f4ng b\u00e1o cho b\u1ea1n v\u1ec1 nh\u1eefng c\u1ebfp nh\u1ebft ho\u1eb7c thay \u0111\u1ed5i trong \u0111\u01a1n h\u00e0ng c\u1ee7a b\u1ebfn.<\/li>\n<\/ul>\n\n\n\n<p>2.3 <strong>C\u00e1 nh\u00e2n h\u00f3a<\/strong> :<\/p>\n\n\n\n<ul class=\"wp-block-list\">\n<li>\u0110\u1ec3 c\u00e1 nh\u00e2n h\u00f3a tr\u1ebfn nghi\u1ebfm mua s\u1eafm c\u1ee7a b\u1ebfn b\u1eb1ng c\u00e1ch \u0111\u1ec1 xu\u1ea5t s\u1ea3n ph\u1ea9m d\u1ef1a tr\u00ean l\u1ecbch s\u1eed duy\u1ebft web v\u00e0 mua h\u00e0ng c\u1ee7a b\u1ebfn.<\/li>\n\n\n\n<li>\u0110\u1ec3 c\u00e1i thi\u1ebfn ch\u1ee9c n\u0103ng v\u00e0 tr\u1ebfm nghi\u1ebfm c\u1ee7a ng\u01b0\u1eddi d\u00f9ng tr\u00ean trang web c\u1ee7a ch\u00fang t\u00f4i.<\/li>\n<\/ul>\n\n\n\n<p>2.4 <strong>Ti\u1ebfp th\u1ecb v\u00e0 Qu\u1ea3ng c\u00e1o<\/strong> :<\/p>\n\n\n\n<ul class=\"wp-block-list\">\n<li>G\u1eedi cho b\u1ea1n c\u00e1c \u017bu \u0111\u00e3i khuy\u1ebfn m\u00e1i, gi\u1ea3m gi\u00e1 v\u00e0 th\u00f4ng tin c\u1ebfp nh\u1ebft v\u1ec1 s\u1ea3n ph\u1ea9m v\u00e0 d\u1ecbch v\u1ee5 c\u1ee7a OMORI-MART (ch\u1ec9 khi b\u1ea1n ch\u1ecdn nh\u1ebfn th\u00f4ng tin \u0e1c\u0e39\u0e01\u0e44\u0e27\u0e49).<\/li>\n\n\n\n<li>Th\u00f4ng b\u00e1o cho b\u1ea1n v\u1ec1 c\u00e1c m\u1ee9c gi\u00e1m gi\u00e1 \u0111\u1eb7c bi\u1ebft khi \u0111\u1eb7t h\u00e0ng s\u1ed1 l\u1ee3ng l\u1edbn \u0111\u1ed3 u\u1ed1ng c\u1ed3n v\u00e0 c\u00e1c s\u1ea3n ph\u1ea9m t\u1eeb th\u1ecbt.<\/li>\n<\/ul>\n\n\n\n<p>2.5 <strong>Tu\u00e2n th\u1ee7 ph\u00e1p lu\u1eadt<\/strong> :<\/p>\n\n\n\n<ul class=\"wp-block-list\">\n<li>\u0110\u1ec3 tu\u00e2n th\u1ee7 c\u00e1c y\u00eau c\u1ea7u ph\u00e1p l\u00fd nh\u01b0 x\u00e1c minh \u0111\u1ed9 tu\u1ed5i u\u1ed1ng r\u00e2\u1ee3u h\u1ee3u h\u1ee3p ph\u00e1p \u0111\u1ec3 mua \u0111\u1ed3 u\u1ed1ng c\u00f3 c\u1ed3n.<\/li>\n<\/ul>\n\n\n\n<h4 class=\"wp-block-heading\">&nbsp;<\/h4>\n\n\n\n<h4 class=\"wp-block-heading\"><strong>3. Chia s\u1ebb th\u00f4ng tin<\/strong><\/h4>\n\n\n\n<p>Ch\u00fang t\u00f4i t\u00f4n tr\u1ecdng quy\u1ec1n ri\u00eang t\u01b0 c\u1ee7a b\u1ea1n v\u00e0 s\u1ebd kh\u00f4ng b\u00e1n, cho thu\u00ea ho\u1eb7c trao \u0111\u1ed5i th\u00f4ng tin c\u00e1 nh\u00e2n c\u1ee7a b\u1ebfn cho b\u00ean th\u1ee9 ba. Tuy nhi\u00ean, ch\u00fang t\u00f4i c\u00f3 th\u1ec3 chia s\u1ebb th\u00f4ng tin c\u1ee7a b\u1ea1n v\u1edbi: <\/p>\n\n\n\n<p>3.1 <strong>Nh\u00e0 cung c\u1ea5p d\u1ecbch v\u1ee5<\/strong> :<\/p>\n\n\n\n<ul class=\"wp-block-list\">\n<li>C\u00e1c c\u00f4ng ty b\u00ean th\u1ee9 ba h\u1ed7 tr\u1ee3 x\u1eed l\u00fd thanh to\u00e1n, v\u1ebfn chuy\u1ec3n v\u00e0 th\u1ef1c hi\u1ebfn \u0111\u01a1n h\u00e0ng.<\/li>\n\n\n\n<li>Nh\u00e0 cung c\u1ea5p d\u1ecbch v\u1ee5 b\u00e1o tr\u00ec, ph\u00e2n t\u00edch v\u00e0 ti\u1ebfp th\u1ecb trang web.<\/li>\n<\/ul>\n\n\n\n<p>3.2 <strong>Tu\u00e2n th\u1ee7 ph\u00e1p lu\u1eadt<\/strong> :<\/p>\n\n\n\n<ul class=\"wp-block-list\">\n<li>N\u1ebfu ph\u00e1p luaguet y\u00eau c\u1ea7u, ch\u00fang t\u00f4i c\u00f3 th\u1ec3 ti\u1ebft l\u1ed9 th\u00f4ng tin c\u00e1 nh\u00e2n cho c\u00e1c c\u01a1 quan ch\u00ednh ph\u1ee7 ho\u1eb7c b\u00ean th\u1ee9 ba kh\u00e1c \u0111\u1ec3 tu\u00e2n th\u1ee7 c\u00e1c ngh\u0129a \u0e21\u0e35 ph\u00e1p l\u00fd, ng\u0103n ch\u1eb7n gian l\u1ebfn ho\u1eb7c b\u00e1o v\u1ebf quy\u1ec1n c\u1ee7a OMORI-MART \u0e41\u0e25\u0e30 kh\u00e1ch h\u00e0ng.<\/li>\n<\/ul>\n\n\n\n<h4 class=\"wp-block-heading\">&nbsp;<\/h4>\n\n\n\n<h4 class=\"wp-block-heading\"><strong>4. B\u1ea3o m\u1eadt d\u1eef li\u1ec7u<\/strong><\/h4>\n\n\n\n<p>Ch\u00fang t\u00f4i cam k\u1ebft b\u00e1o v\u1ebf th\u00f4ng tin c\u00e1 nh\u00e2n c\u1ee7a b\u1ebfn. Ch\u00fang t\u00f4i s\u1eed d\u1ee5ng c\u00e1c giao th\u1ee9c m\u00e3 h\u00f3a ti\u00eau chu\u1ea9n c\u00f4ng nghi\u1ebfp v\u00e0 c\u00e1c c\u1ed5ng thanh to\u00e1n an to\u00e0n \u0111\u1ec3 b\u00e1o v\u1ebf th\u00f4ng tin thanh to\u00e1n nhhaty c\u1ebfm c\u1ee7a b\u1ea1n. Tuy nhi\u00ean, kh\u00f4ng c\u00f3 ph\u00f4ng ph\u00e1p truy\u1ec1n n\u00e0o qua internet ho\u1eb7c l\u00f3u tr\u1eef \u0111i\u1ebfn t\u1eed l\u00e0 an to\u00e0n 100%. M\u1eb7c d\u00f9 ch\u00fang t\u00f4i n\u1ed7 l\u1ef1c b\u00e1o v\u1ebf th\u00f4ng tin c\u00e1 nh\u00e2n c\u1ee7a b\u1ea1n, ch\u00fang t\u00f4i kh\u00f4ng th\u1ec3 \u0111\u1ec3 \u0111\u1ebfm b\u00e1o t\u00ednh b\u1ebft tuy\u1ebft \u0111\u1ed1i c\u1ee7a th\u00f4ng tin \u0111\u00f3.   <\/p>\n\n\n\n<h4 class=\"wp-block-heading\">&nbsp;<\/h4>\n\n\n\n<h4 class=\"wp-block-heading\"><strong>5. \u0e04\u0e38\u0e01\u0e01\u0e35\u0e49 v\u00e0 C\u00f4ng ngh\u1ebf theo d\u00f5i<\/strong><\/h4>\n\n\n\n<p>OMORI-MART s\u1eed d\u1ee5ng \u0e04\u0e38\u0e01\u0e01\u0e35\u0e49 v\u00e0 c\u00e1c c\u00f4ng ngh\u1ebf theo d\u00f5i t\u00f4i t\u1ef1 \u0111\u1ec3 n\u00e2ng cao tr\u1ebfm nghi\u1ebfm duy\u1ebft web c\u1ee7a b\u1ea1n. Cookie gi\u00fap ch\u00fang t\u00f4i ghi nh\u1edb s\u1edf th\u00edch c\u1ee7a b\u1ea1n, theo d\u00f5i c\u00e1ch b\u1ea1n s\u1eed d\u1ee5ng trang web v\u00e0 c\u00e1 nh\u00e2n h\u00f3a tr\u1ea3i nghi\u1ebfm mua s\u1eafm c\u1ee7a b\u1ebfn. <\/p>\n\n\n\n<p>5.1 <strong>C\u00e1c l\u014di Cookie ch\u00fang t\u00f4i s\u1eed d\u1ee5ng<\/strong> :<\/p>\n\n\n\n<ul class=\"wp-block-list\">\n<li><strong>Cookie thi\u1ebft y\u1ebfu<\/strong> : Cookie nay c\u1ea7n thi\u1ebft cho ho\u00e1t \u0111\u1ed9ng c\u1ee7a trang web c\u1ee7a ch\u00fang t\u00f4i v\u00e0 cho ph\u00e9p b\u1ea1n ho\u00e0n t\u1ea5t giao d\u1ecbch.<\/li>\n\n\n\n<li><strong>Cookie ph\u00e2n t\u00edch<\/strong> : \u0110\u01b0\u1ee3c s\u1eed d\u1ee5ng \u0111\u1ec3 thuep d\u1eef li\u1ebfu v\u1ec1 c\u00e1ch ng\u01b0\u1eddi d\u00f9ng t\u01b0\u01a1ng t\u00e1c v\u1edbi trang web (v\u00ed d\u1ee5: c\u00e1c trang \u0111\u00e3 truy c\u0e0b\u0e38\u0e1bp, th\u1eddi gian d\u00e0nh ra)<\/li>\n\n\n\n<li><strong>Cookie ti\u1ebfp th\u1ecb<\/strong> : \u0110\u01b0\u1ee3c s\u1eed d\u1ee5ng \u0111\u1ec3 cung c\u1ea5p n\u1ed9i dung qu\u1ea3ng c\u00e1o v\u00e0 khuy\u1ebfn m\u00e1i \u0111\u1ee3c c\u00e1 nh\u00e2n h\u00f3a.<\/li>\n<\/ul>\n\n\n\n<p>Bn c\u00f3 th\u1ec3 \u0111i\u1ec1u ch\u1ec9nh c\u00e0i \u0111\u1eb7t cookie trong tr\u00ecnh duy\u1ebft c\u1ee7a m\u00ecnh \u0111\u1ec3 t\u1eeb ch\u1ed1i cookie, nhhung \u0111i\u1ec1u n\u00e0y c\u00f3 th\u1ec3 h\u1ebfn ch\u1ebf kh\u1ea3 n\u0103ng s\u1eed d\u1ee5ng \u0e04\u0e38\u0e13\u0e2a\u0e32\u0e21\u0e32\u0e23\u0e16\u0e40\u0e25\u0e37\u0e2d\u0e01\u0e0b\u0e37\u0e49\u0e2d\u0e2a\u0e34\u0e19\u0e04\u0e49\u0e32\u0e08\u0e32\u0e01 OMORI-MART \u0e44\u0e14\u0e49<\/p>\n\n\n\n<h4 class=\"wp-block-heading\">&nbsp;<\/h4>\n\n\n\n<h4 class=\"wp-block-heading\"><strong>6. Quy\u1ec1n v\u00e0 L\u1ef1a ch\u1ecdn c\u1ee7a b\u1ebfn<\/strong><\/h4>\n\n\n\n<p>6.1 <strong>Truy c\u1eadp v\u00e0 ch\u1ec9nh s\u1eeda<\/strong> :<\/p>\n\n\n\n<ul class=\"wp-block-list\">\n<li>Bn c\u00f3 quy\u1ec1n truy c\u1ebfp v\u00e0 c\u1ebfp nh\u1ebft th\u00f4ng tin c\u00e1 nh\u00e2n c\u1ee7a m\u00ecnh. Bn c\u00f3 th\u1ec3 th\u1ef1c hi\u1ebfn vi\u1ebfc n\u00e0y b\u1eb1ng c\u00e1ch \u0111\u0103ng nh\u1ebfp v\u00e0o t\u00e0i kho\u1ebfn c\u1ee7a m\u00ecnh ho\u1eb7c li\u00ean h\u1ebf v\u1edbi nh\u00f3m h\u1ed7 tr\u1ee3 kh\u00e1ch h\u00e0ng c\u1ee7a ch\u00fang t\u00f4i. <\/li>\n<\/ul>\n\n\n\n<p>6.2 <strong>T\u1eeb ch\u1ed1i nh\u1ebfn th\u00f4ng tin ti\u1ebfp th\u1ecb<\/strong> :<\/p>\n\n\n\n<ul class=\"wp-block-list\">\n<li>N\u1ebfu bn kh\u00f4ng mu\u1ed1n nh\u1ebfn th\u00f4ng tin ti\u1ebfp th\u1ecb t\u1eeb ch\u00fang t\u00f4i n\u1eefa, bn c\u00f3 th\u1ec3 ch\u1ecdn kh\u00f4ng tham gia b\u1eb1ng c\u00e1ch nh\u1ea5p v\u00e0o li\u00ean k\u1ebft \u201ch\u1ee7y \u0111\u0103ng k\u00fd\u201d \u0e2a\u0e48\u0e07\u0e2d\u0e35\u0e40\u0e21\u0e25\u0e4c\u0e16\u0e36\u0e07\u0e04\u0e38\u0e13 c\u1ee7a ch\u00fang t\u00f4i ho\u1eb7c li\u00ean h\u1ebf tr\u1ef1c ti\u1ebfp v\u1edbi ch\u00fang toi.<\/li>\n<\/ul>\n\n\n\n<p>6.3 <strong>X\u00f3a t\u00e0i kho\u1ea3n<\/strong> :<\/p>\n\n\n\n<ul class=\"wp-block-list\">\n<li>N\u1ebfu bn mu\u1ed1n x\u00f3a t\u00e0i kho\u1ea3n SIM-OMORI-MART c\u1ee7a m\u00ecnh, b\u1ebfn c\u00f3 th\u1ec3 y\u00eau c\u1ea7u b\u1eb1ng c\u00e1ch li\u00ean h\u1ebf v\u1edbi nh\u00f3m d\u1ecbch v\u1ee5 kh\u00e1ch h\u00e0ng c\u1ee7a ch\u00fang t\u00f4i. Xin l\u01b0u \u00fd r\u1eb1ng ch\u00fang t\u00f4i c\u00f3 th\u1ec3 gi\u1eef l\u1ea1i m\u1ed9t s\u1ed1 th\u00f4ng tin theo y\u00eau c\u1ea7u c\u1ee7a ph\u00e1p luaguet ho\u1eb7c cho m\u1ee5c \u0111\u00edch kinh doanh h\u1ee3p ph\u00e1p. <\/li>\n<\/ul>\n\n\n\n<h4 class=\"wp-block-heading\">&nbsp;<\/h4>\n\n\n\n<h4 class=\"wp-block-heading\"><strong>7. Quy\u1ec1n ri\u00eang t\u01b0 c\u1ee7a tr\u1ebb em<\/strong><\/h4>\n\n\n\n<p>SIM-OMORI-MART kh\u00f4ng d\u00e0nh cho tr\u1ebb em d\u01b0\u1edbi 18 tu\u1ed5i s\u1eed d\u1ee5ng v\u00e0 ch\u00fang t\u00f4i kh\u00f4ng c\u1ed1 \u00fd thhu th\u1ebfp th\u00f4ng tin c\u00e1 nh\u00e2n t\u1eeb tr\u1ebb v\u1ecb th\u00e0nh ni\u00ean. N\u1ebfu ch\u00fang t\u00f4i bi\u1ebft r\u1eb1ng ch\u00fang t\u00f4i \u0111\u00e3 th\u1ebfp th\u00f4ng tin c\u00e1 nh\u00e2n t\u1eeb tr\u1ebb v\u1ecb th\u00e0nh ni\u00ean m\u00e0 kh\u00f4ng c\u00f3 s\u1ef1 \u0111\u1ed3ng \u00fd c\u1ee7a cha m\u1eb9, ch\u00fang t\u00f4i s\u1ebd th\u1ef1c hi\u1ebfn c\u00e1c b\u01b0\u1edbc \u0111\u1ec3 x\u00f3a th\u00f4ng tin \u0111\u00f3. <\/p>\n\n\n\n<h4 class=\"wp-block-heading\">&nbsp;<\/h4>\n\n\n\n<h4 class=\"wp-block-heading\"><strong>8. Li\u00ean k\u1ebft c\u1ee7a b\u00ean th\u1ee9 ba<\/strong><\/h4>\n\n\n\n<p>Trang web c\u1ee7a ch\u00fang t\u00f4i c\u00f3 th\u1ec3 ch\u1ee9a c\u00e1c li\u00ean k\u1ebft \u0111\u1ebfn c\u00e1c trang web c\u1ee7a b\u00ean th\u1ee9 ba kh\u00f4ng do OMORI-MART \u0111i\u1ec1u h\u00e0nh. Ch\u00fang T\u00f4i kh\u00f4ng ch\u1ecbu tr\u00e1ch nhi\u1ebfm v\u1ec1 c\u00e1c ho\u00e1t \u0111\u1ed9ng b\u00e1o m\u1ebft c\u1ee7a c\u00e1c trang web c\u1ee7a b\u00ean th\u1ee9 ba n\u00e0y. Ch\u00fang T\u00f4i Khuy\u1ebfn kh\u00edch b\u1ebfn xem l\u0304i c\u00e1c ch\u00ednh s\u00e1ch b\u1ea3o m\u1ebft c\u1ee7a b\u1ea5t k\u1ef3 trang web b\u00ean ngo\u00e0i n\u00e0o b\u1ea1n truy c\u1ebfp.  <\/p>\n\n\n\n<h4 class=\"wp-block-heading\">&nbsp;<\/h4>\n\n\n\n<h4 class=\"wp-block-heading\"><strong>9. Thay \u0111\u1ed5i Ch\u00ednh s\u00e1ch b\u00e1o m\u1ebft<\/strong><\/h4>\n\n\n\n<p>Ch\u00fang t\u00f4i c\u00f3 th\u1ec3 c\u1ebfp nh\u1ebft Ch\u00ednh s\u00e1ch b\u1ebft n\u00e0y theo th\u1eddi gian \u0111\u1ec3 ph\u1ea3n \u00e1nh nh\u1eefng thay \u0111\u1ed5i trong ho\u00e1t \u0111\u1ed9ng c\u1ee7a ch\u00fang t\u00f4i ho\u1eb7c v\u00ec nh\u1eefng l\u00fd do ho\u00e1t \u0111\u1ed9ng, ph\u00e1p l\u00fd ho\u1eb7c quy \u0111\u1ecbnh kh\u00e1c. B\u1ea5t k\u1ef3 thay \u0111\u1ed5i n\u00e0o \u0111\u1ed1i v\u1edbi Ch\u00ednh s\u00e1ch b\u1ebft n\u00e0y s\u1ebd \u0111\u1ee3c \u0111\u0103ng tr\u00ean trang web c\u1ee7a ch\u00fang t\u00f4i v\u1edbi ng\u00e0y c\u00f3 hi\u1ebfu l\u1ef1c \u0111\u1ee3c c\u1ebfp \u0e44\u0e21\u0e48\u0e21\u0e35\u0e2d\u0e30\u0e44\u0e23 Vi\u1ebfc bn ti\u1ebfp t\u1ee5c s\u1eed d\u1ee5ng OMORI-MART sau b\u1ea5t k\u1ef3 thay \u0111\u1ed5i n\u00e0o \u0111\u1ed1i v\u1edbi Ch\u00ednh s\u00e1ch b\u011bt c\u00f3 ngh\u0129a l\u00e0 b\u1ea1n ch\u1ea5p nh\u1ebfn nh\u1eefng thay \u0111\u1ed5i \u0111\u00f3.  <\/p>\n\n\n\n<h4 class=\"wp-block-heading\">&nbsp;<\/h4>\n\n\n\n<h4 class=\"wp-block-heading\"><strong>10. Li\u00ean h\u1ebf v\u1edbi ch\u00fang toi<\/strong><\/h4>\n\n\n\n<p>N\u1ebfu bn c\u00f3 b\u1ea5t k\u1ef3 c\u00e2u h\u1ecfi ho\u1eb7c th\u1eafc m\u1eafc n\u00e0o v\u1ec1 Ch\u00ednh s\u00e1ch b\u1ebft n\u00e0y ho\u1eb7c c\u00e1ch th\u00f4ng tin c\u00e1 nh\u00e2n c\u1ee7a b\u0304h\u00e2n \u0111\u1ee3c x\u1eed l\u00fd, vui l\u00f2ng li\u00ean h\u1ebf v\u1edbi ch\u00fang toi theo \u0111\u1ecba ch\u1ec9:<\/p>\n\n\n\n<ul class=\"wp-block-list\">\n<li><strong>\u0e2d\u0e35\u0e40\u0e21\u0e25<\/strong> : support@omorimart.com<\/li>\n\n\n\n<li><strong>\u0110\u1ecba ch\u1ec9<\/strong> : R Cube Aoyama, T\u1ea7ng 3, 1-3-1 Kita-Aoyama, Minato-ku, Tokyo, 107-0061, Nh\u00f4t B\u1ebfn<\/li>\n<\/ul>\n\n\n\n<p>B\u1eb1ng c\u00e1ch s\u1eed d\u1ee5ng OMORI-MART, b\u1eb1ng \u0111\u1ed3ng \u00fd v\u1edbi vi\u1ebfc thhu th\u1ebfp v\u00e0 s\u1eed d\u1ee5ng th\u00f4ng tin c\u00e1 nh\u00e2n c\u1ee7a b\u1ea1n nh\u01b0 \u0111\u1ee3c n\u00eau trong Ch\u00ednh s\u00e1ch b\u1ea3o m\u1ebft \u0e44\u0e21\u0e48\u0e19\u0e30<\/p>","protected":false},"excerpt":{"rendered":"<p>Ng\u00e0y c\u00f3 hi\u1ec7u l\u1ef1c : 20 th\u00e1ng 4 n\u0103m 2025 T\u1ea1i SIM-OMORI-MART , \u0111\u01b0\u1ee3c \u0111i\u1ec1u h\u00e0nh b\u1edfi&nbsp;COMFYS JAPAN LLC , ch\u00fang t\u00f4i cam k\u1ebft b\u1ea3o v\u1ec7 quy\u1ec1n ri\u00eang t\u01b0 c\u1ee7a<\/p>","protected":false},"author":2,"featured_media":0,"parent":0,"menu_order":0,"comment_status":"closed","ping_status":"open","template":"","meta":{"footnotes":""},"class_list":["post-24908","page","type-page","status-publish","hentry"],"yoast_head":"<!-- This site is optimized with the Yoast SEO plugin v27.2 - https:\/\/yoast.com\/product\/yoast-seo-wordpress\/ -->\n<title>Ch\u00ednh s\u00e1ch b\u1ea3o m\u1eadt - Omori WIFI<\/title>\n<meta name=\"robots\" content=\"index, follow, max-snippet:-1, max-image-preview:large, max-video-preview:-1\" \/>\n<link rel=\"canonical\" href=\"https:\/\/omoriwifi.com\/th\/chinh-sach-bao-mat\/\" \/>\n<meta property=\"og:locale\" content=\"th_TH\" \/>\n<meta property=\"og:type\" content=\"article\" \/>\n<meta property=\"og:title\" content=\"Ch\u00ednh s\u00e1ch b\u1ea3o m\u1eadt - Omori WIFI\" \/>\n<meta property=\"og:description\" content=\"Ng\u00e0y c\u00f3 hi\u1ec7u l\u1ef1c : 20 th\u00e1ng 4 n\u0103m 2025 T\u1ea1i SIM-OMORI-MART , \u0111\u01b0\u1ee3c \u0111i\u1ec1u h\u00e0nh b\u1edfi&nbsp;COMFYS JAPAN LLC , ch\u00fang t\u00f4i cam k\u1ebft b\u1ea3o v\u1ec7 quy\u1ec1n ri\u00eang t\u01b0 c\u1ee7a\" \/>\n<meta property=\"og:url\" content=\"https:\/\/omoriwifi.com\/th\/chinh-sach-bao-mat\/\" \/>\n<meta property=\"og:site_name\" content=\"Omori WIFI\" \/>\n<meta name=\"twitter:card\" content=\"summary_large_image\" \/>\n<meta name=\"twitter:label1\" content=\"Est. reading time\" \/>\n\t<meta name=\"twitter:data1\" content=\"11 \u0e19\u0e32\u0e17\u0e35\" \/>\n<script type=\"application\/ld+json\" class=\"yoast-schema-graph\">{\"@context\":\"https:\/\/schema.org\",\"@graph\":[{\"@type\":\"WebPage\",\"@id\":\"https:\/\/omoriwifi.com\/de\/chinh-sach-bao-mat\/\",\"url\":\"https:\/\/omoriwifi.com\/de\/chinh-sach-bao-mat\/\",\"name\":\"Ch\u00ednh s\u00e1ch b\u1ea3o m\u1eadt - Omori WIFI\",\"isPartOf\":{\"@id\":\"https:\/\/omoriwifi.com\/ja\/#website\"},\"datePublished\":\"2025-03-25T17:10:57+00:00\",\"breadcrumb\":{\"@id\":\"https:\/\/omoriwifi.com\/de\/chinh-sach-bao-mat\/#breadcrumb\"},\"inLanguage\":\"th\",\"potentialAction\":[{\"@type\":\"ReadAction\",\"target\":[\"https:\/\/omoriwifi.com\/de\/chinh-sach-bao-mat\/\"]}]},{\"@type\":\"BreadcrumbList\",\"@id\":\"https:\/\/omoriwifi.com\/de\/chinh-sach-bao-mat\/#breadcrumb\",\"itemListElement\":[{\"@type\":\"ListItem\",\"position\":1,\"name\":\"Home\",\"item\":\"https:\/\/omoriwifi.com\/ja\/\"},{\"@type\":\"ListItem\",\"position\":2,\"name\":\"Ch\u00ednh s\u00e1ch b\u1ea3o m\u1eadt\"}]},{\"@type\":\"WebSite\",\"@id\":\"https:\/\/omoriwifi.com\/ja\/#website\",\"url\":\"https:\/\/omoriwifi.com\/ja\/\",\"name\":\"Omori WiFi\",\"description\":\"My WordPress Blog\",\"potentialAction\":[{\"@type\":\"SearchAction\",\"target\":{\"@type\":\"EntryPoint\",\"urlTemplate\":\"https:\/\/omoriwifi.com\/ja\/?s={search_term_string}\"},\"query-input\":{\"@type\":\"PropertyValueSpecification\",\"valueRequired\":true,\"valueName\":\"search_term_string\"}}],\"inLanguage\":\"th\"}]}<\/script>\n<!-- \/ Yoast SEO plugin. -->","yoast_head_json":{"title":"Ch\u00ednh s\u00e1ch b\u1ea3o m\u1eadt - Omori WIFI","robots":{"index":"index","follow":"follow","max-snippet":"max-snippet:-1","max-image-preview":"max-image-preview:large","max-video-preview":"max-video-preview:-1"},"canonical":"https:\/\/omoriwifi.com\/th\/chinh-sach-bao-mat\/","og_locale":"th_TH","og_type":"article","og_title":"Ch\u00ednh s\u00e1ch b\u1ea3o m\u1eadt - Omori WIFI","og_description":"Ng\u00e0y c\u00f3 hi\u1ec7u l\u1ef1c : 20 th\u00e1ng 4 n\u0103m 2025 T\u1ea1i SIM-OMORI-MART , \u0111\u01b0\u1ee3c \u0111i\u1ec1u h\u00e0nh b\u1edfi&nbsp;COMFYS JAPAN LLC , ch\u00fang t\u00f4i cam k\u1ebft b\u1ea3o v\u1ec7 quy\u1ec1n ri\u00eang t\u01b0 c\u1ee7a","og_url":"https:\/\/omoriwifi.com\/th\/chinh-sach-bao-mat\/","og_site_name":"Omori WIFI","twitter_card":"summary_large_image","twitter_misc":{"Est. reading time":"11 \u0e19\u0e32\u0e17\u0e35"},"schema":{"@context":"https:\/\/schema.org","@graph":[{"@type":"WebPage","@id":"https:\/\/omoriwifi.com\/de\/chinh-sach-bao-mat\/","url":"https:\/\/omoriwifi.com\/de\/chinh-sach-bao-mat\/","name":"Ch\u00ednh s\u00e1ch b\u1ea3o m\u1eadt - Omori WIFI","isPartOf":{"@id":"https:\/\/omoriwifi.com\/ja\/#website"},"datePublished":"2025-03-25T17:10:57+00:00","breadcrumb":{"@id":"https:\/\/omoriwifi.com\/de\/chinh-sach-bao-mat\/#breadcrumb"},"inLanguage":"th","potentialAction":[{"@type":"ReadAction","target":["https:\/\/omoriwifi.com\/de\/chinh-sach-bao-mat\/"]}]},{"@type":"BreadcrumbList","@id":"https:\/\/omoriwifi.com\/de\/chinh-sach-bao-mat\/#breadcrumb","itemListElement":[{"@type":"ListItem","position":1,"name":"Home","item":"https:\/\/omoriwifi.com\/ja\/"},{"@type":"ListItem","position":2,"name":"Ch\u00ednh s\u00e1ch b\u1ea3o m\u1eadt"}]},{"@type":"WebSite","@id":"https:\/\/omoriwifi.com\/ja\/#website","url":"https:\/\/omoriwifi.com\/ja\/","name":"\u0e42\u0e2d\u0e42\u0e21\u0e23\u0e34 \u0e44\u0e27\u0e44\u0e1f","description":"\u0e1a\u0e25\u0e47\u0e2d\u0e01 WordPress \u0e02\u0e2d\u0e07\u0e09\u0e31\u0e19","potentialAction":[{"@type":"SearchAction","target":{"@type":"EntryPoint","urlTemplate":"https:\/\/omoriwifi.com\/ja\/?s={search_term_string}"},"query-input":{"@type":"PropertyValueSpecification","valueRequired":true,"valueName":"search_term_string"}}],"inLanguage":"th"}]}},"_links":{"self":[{"href":"https:\/\/omoriwifi.com\/th\/wp-json\/wp\/v2\/pages\/24908","targetHints":{"allow":["GET"]}}],"collection":[{"href":"https:\/\/omoriwifi.com\/th\/wp-json\/wp\/v2\/pages"}],"about":[{"href":"https:\/\/omoriwifi.com\/th\/wp-json\/wp\/v2\/types\/page"}],"author":[{"embeddable":true,"href":"https:\/\/omoriwifi.com\/th\/wp-json\/wp\/v2\/users\/2"}],"replies":[{"embeddable":true,"href":"https:\/\/omoriwifi.com\/th\/wp-json\/wp\/v2\/comments?post=24908"}],"version-history":[{"count":0,"href":"https:\/\/omoriwifi.com\/th\/wp-json\/wp\/v2\/pages\/24908\/revisions"}],"wp:attachment":[{"href":"https:\/\/omoriwifi.com\/th\/wp-json\/wp\/v2\/media?parent=24908"}],"curies":[{"name":"wp","href":"https:\/\/api.w.org\/{rel}","templated":true}]}}