{"id":24968,"date":"2025-03-28T00:40:25","date_gmt":"2025-03-28T00:40:25","guid":{"rendered":"https:\/\/peachpuff-dugong-919786.hostingersite.com\/termos-e-condicoes\/"},"modified":"2025-03-28T00:40:25","modified_gmt":"2025-03-28T00:40:25","slug":"termos-e-condicoes","status":"publish","type":"page","link":"https:\/\/omoriwifi.com\/th\/termos-e-condicoes\/","title":{"rendered":"Termos e condi\u00e7\u00f5es"},"content":{"rendered":"<p><strong>Introdu\u00e7\u00e3o<\/strong><\/p>\n\n\n\n<p>Bem-vindo ao <strong>\u0e42\u0e2d\u0e42\u0e21\u0e23\u0e34\u0e21\u0e32\u0e23\u0e4c\u0e17<\/strong>\u0e40\u0e2d\u0e48\u0e2d Mercado \u0e14\u0e33\u0e40\u0e19\u0e34\u0e19\u0e01\u0e32\u0e23\u0e2d\u0e2d\u0e19\u0e44\u0e25\u0e19\u0e4c <strong>\u0e1a\u0e23\u0e34\u0e29\u0e31\u0e17 \u0e04\u0e2d\u0e21\u0e1f\u0e35\u0e48 \u0e40\u0e08\u0e41\u0e1b\u0e19 \u0e41\u0e2d\u0e25\u0e41\u0e2d\u0e25\u0e0b\u0e35<\/strong>.&nbsp;<\/p>\n\n\n\n<p>\u0e2d\u0e48\u0e32\u0e27\u0e40\u0e02\u0e49\u0e32\u0e16\u0e36\u0e07\u0e44\u0e0b\u0e15\u0e4c nosso \u0e41\u0e25\u0e30\u0e43\u0e2b\u0e49\u0e1a\u0e23\u0e34\u0e01\u0e32\u0e23 nossos, voc\u00ea concorda em cumprir \u0e41\u0e25\u0e30 estar vinculado aos seguintes Termos e Condi\u00e7\u00f5es. Leia estes termos com aten\u00e7\u00e3o, pois eles regem o uso que voc\u00ea faz do site ea compra de produtos da OMORI-MART. <\/p>\n\n\n\n<h4 class=\"wp-block-heading\"><strong>1. Informa\u00e7\u00f5es gerais<\/strong><\/h4>\n\n\n\n<ul class=\"wp-block-list\">\n<li><strong>Nome da empresa<\/strong>:\u0e1a\u0e23\u0e34\u0e29\u0e31\u0e17 \u0e04\u0e2d\u0e21\u0e1f\u0e35\u0e48 \u0e40\u0e08\u0e41\u0e1b\u0e19 \u0e41\u0e2d\u0e25\u0e41\u0e2d\u0e25\u0e0b\u0e35<\/li>\n\n\n\n<li><strong>Endere\u00e7o do escrit\u00f3rio<\/strong>: R Cube Aoyama \u0e0a\u0e31\u0e49\u0e19 3 1-3-1 Kita-Aoyama, Minato-ku, T\u00f3quio, 107-0061, Jap\u00e3o<\/li>\n\n\n\n<li><strong>\u0e40\u0e27\u0e47\u0e1a\u0e44\u0e0b\u0e15\u0e4c:<\/strong> https:\/\/peachpuff-dugong-919786.hostingersite.com\/<\/li>\n\n\n\n<li><strong>Descri\u00e7\u00e3o da empresa<\/strong>: Fazemos com que voc\u00ea fique conectado no Jap\u00e3o de forma simples e sem complica\u00e7\u00f5es. N\u00e3o importa se voc\u00ea est\u00e1 visitando o pa\u00eds para uma viagem curta ou planjando uma longa estadia, nossos cart\u00f5es SIM \u0e41\u0e25\u0e30\u0e42\u0e0b\u0e25\u0e39\u0e0a\u0e31\u0e48\u0e19 Wi-Fi \u0e20\u0e32\u0e22\u0e43\u0e19\u0e1a\u0e49\u0e32\u0e19 garantem que voc\u00ea tenha uma internet confi\u00e1vel e de alta velocidade onde quer que v\u00e1. Sem contratos complicados, sem verifica\u00e7\u00f5es de cr\u00e9dito \u2013 apenas conectividade perfeita.Nossa miss\u00e3o \u00e9 fornecer servi\u00e7os de dados m\u00f3veis e Wi-Fi acess\u00edveis e econ\u00f4micos sem as barreiras t\u00edpicas. Com planos flex\u00edveis, frete gr\u00e1tis e op\u00e7\u00f5es de retirada f\u00e1ceis, Priorizamos a conveni\u00eancia para que voc\u00ea possa se concentrar em aproveitar seu tempo no Jap\u00e3o.   <\/li>\n<\/ul>\n\n\n\n<h4 class=\"wp-block-heading\"><strong>2. Elegibilidade para uso<\/strong><\/h4>\n\n\n\n<p>\u0e43\u0e0a\u0e49 SIM-OMORI-MART, voc\u00ea \u0e22\u0e37\u0e19\u0e22\u0e31\u0e19 que \u00e9 maior de idade<\/p>\n\n\n\n<h4 class=\"wp-block-heading\"><strong>3. Pedidos e pagamentos<\/strong><\/h4>\n\n\n\n<p>3.1 <strong>Processo de pedido<\/strong>:<\/p>\n\n\n\n<ul class=\"wp-block-list\">\n<li>\u0e2a\u0e34\u0e48\u0e07\u0e17\u0e35\u0e48\u0e15\u0e49\u0e2d\u0e07\u0e17\u0e33\u0e04\u0e37\u0e2d\u0e44\u0e1b\u0e17\u0e35\u0e48 SIM-OMORI-MART \u0e42\u0e14\u0e22\u0e44\u0e1b\u0e17\u0e35\u0e48 COMFYS JAPAN LLC. Assim que seu pedido for recebido, enviaremos uma comparisona\u00e7\u00e3o do pedido por e-mail. \u0e44\u0e21\u0e48\u0e21\u0e35 entanto, reservamo-nos o direito de cancelar ou Limitar os pedidos devido \u00e0 disponibilidade do produto, erros de pre\u00e7os ou qualquer outro motivo a nosso crit\u00e9rio.  <\/li>\n<\/ul>\n\n\n\n<p>3.2 <strong>M\u00e9todos de pagamento<\/strong>:<\/p>\n\n\n\n<ul class=\"wp-block-list\">\n<li>Aceitamos os principais cart\u00f5es de cr\u00e9dito, transfer\u00eancias banc\u00e1rias e outras formas de pagamento, \u0e2a\u0e2d\u0e14\u0e04\u0e25\u0e49\u0e2d\u0e07\u0e01\u0e31\u0e1a\u0e23\u0e32\u0e22\u0e0a\u0e37\u0e48\u0e2d\u0e44\u0e0b\u0e15\u0e4c nosso Todos os pre\u00e7os est\u00e3o listados em ienes japoneses (JPY) \u0e41\u0e25\u0e30\u0e23\u0e27\u0e21 todos os impostos aplic\u00e1veis, salvo indica\u00e7\u00e3o em contr\u00e1rio <\/li>\n<\/ul>\n\n\n\n<p>3.3 <strong>Reembolsos e cancelamentos<\/strong>:<\/p>\n\n\n\n<ul class=\"wp-block-list\">\n<li>\u0e25\u0e39\u0e01\u0e04\u0e49\u0e32\u0e23\u0e49\u0e2d\u0e07\u0e02\u0e2d\u0e04\u0e27\u0e32\u0e21\u0e0a\u0e48\u0e27\u0e22\u0e40\u0e2b\u0e25\u0e37\u0e2d\u0e2b\u0e23\u0e37\u0e2d\u0e22\u0e01\u0e40\u0e25\u0e34\u0e01\u0e01\u0e32\u0e23\u0e17\u0e33 pedido antes do envio Depois que o produto \u0e2a\u0e33\u0e2b\u0e23\u0e31\u0e1a enviado, os cancelamentos nao ser\u00e3o allowanceidos. Os reembolsos podem ser emitidos em caso de produtos defeituosos ou erros de entrega, sujeitos a inspe\u00e7\u00e3o. Para pedidos de reembolso, entre em contato com nossaequipe de suporte ao cliente em at\u00e9 7 dias ap\u00f3s o recebimento do pedido.   <\/li>\n<\/ul>\n\n\n\n<h4 class=\"wp-block-heading\"><strong>4. Disponibilidade e pre\u00e7o do produto<\/strong><\/h4>\n\n\n\n<p>4.1 <strong>Disponibilidade<\/strong>:<\/p>\n\n\n\n<ul class=\"wp-block-list\">\n<li>N\u00f3s nos esfor\u00e7amos para manter n\u00edveis precisos de estoque em nosso site. \u0e44\u0e21\u0e48\u0e21\u0e35 entanto, devido \u00e0 alta demanda ou \u00e0s flutua\u00e7\u00f5es da cadeia de suprimentos, alguns itens podem ficar indispon\u00edveis ap\u00f3s a realiza\u00e7\u00e3o do seu pedido. Nesses casos, notificaremos voc\u00ea e ofereceremos um produto substituto ou processaremos um reembolso.  <\/li>\n<\/ul>\n\n\n\n<p>4.2 <strong>\u0e04\u0e27\u0e32\u0e21\u0e41\u0e21\u0e48\u0e19\u0e22\u0e33<\/strong>:<\/p>\n\n\n\n<ul class=\"wp-block-list\">\n<li>Os pre\u00e7os de nossos produtos est\u00e3o sujeitos a altera\u00e7\u00f5es sem aviso pr\u00e9vio. Fazemos todos os esfor\u00e7os para garantir pre\u00e7os precisos em nosso site, \u0e2b\u0e23\u0e37\u0e2d\u0e21\u0e35\u0e02\u0e49\u0e2d\u0e1c\u0e34\u0e14\u0e1e\u0e25\u0e32\u0e14\u0e40\u0e01\u0e34\u0e14\u0e02\u0e36\u0e49\u0e19. \u0e44\u0e21\u0e48\u0e21\u0e35\u0e02\u0e49\u0e2d\u0e1c\u0e34\u0e14\u0e1e\u0e25\u0e32\u0e14\u0e40\u0e01\u0e34\u0e14\u0e02\u0e36\u0e49\u0e19\u0e25\u0e48\u0e27\u0e07\u0e2b\u0e19\u0e49\u0e32 reservamo-nos o direito de cancelar o pedido afetado e notificar o cliente adequadamente  <\/li>\n<\/ul>\n\n\n\n<h4 class=\"wp-block-heading\"><strong>5. Envio e entrega<\/strong><\/h4>\n\n\n\n<p>5.1 <strong>\u00c1rea de entrega<\/strong>:<\/p>\n\n\n\n<ul class=\"wp-block-list\">\n<li>Atualmente, a SIM-OMORI-MART faz entregas somente para endere\u00e7os no Jap\u00e3o. N\u00e3o fazemos envios internacionais. <\/li>\n<\/ul>\n\n\n\n<p>5.2 <strong>Taxas de remessa<\/strong>:<\/p>\n\n\n\n<ul class=\"wp-block-list\">\n<li>\u0e40\u0e0a\u0e48\u0e19\u0e40\u0e14\u0e35\u0e22\u0e27\u0e01\u0e31\u0e1a\u0e41\u0e17\u0e47\u0e01\u0e0b\u0e32\u0e40\u0e14\u0e40\u0e23\u0e40\u0e21\u0e2a\u0e0b\u0e32 \u0e27\u0e32\u0e40\u0e23\u0e35\u0e22\u0e21 \u0e40\u0e14 \u0e2d\u0e32\u0e01\u0e2d\u0e23\u0e4c\u0e42\u0e14 com o tamanho eo peso do seu pedido Todos os custos de remessa aplic\u00e1veis ser\u00e3o exibidos na Finaliza\u00e7\u00e3o da compra. O frete gratis pode estar dispon\u00edvel para pedidos em grandes quantidades, dependendo do Total do pedido.  <\/li>\n<\/ul>\n\n\n\n<p>5.3 <strong>Prazo de entrega<\/strong>:<\/p>\n\n\n\n<ul class=\"wp-block-list\">\n<li>Normalmente, os pedidos s\u00e3o processados dentro de 2 a 3 dias \u00fateis. Os prazos de entrega podem variar de acordo com a sua localiza\u00e7\u00e3o eo m\u00e9todo de envio selecionado. OMORI-MART n\u00e3o \u00e9 respons\u00e1vel por atrasos causados por fatores externos, como condi\u00e7\u00f5es clim\u00e1ticas, problemsas com a Transportadora ou libera\u00e7\u00e3o alfandeg\u00e1ria.  <\/li>\n<\/ul>\n\n\n\n<h4 class=\"wp-block-heading\"><strong>6. Politica de devolu\u00e7\u00e3o e reembolso<\/strong><\/h4>\n\n\n\n<p>6.1 <strong>Elegibilidade \u0e2a\u0e33\u0e2b\u0e23\u0e31\u0e1a\u0e01\u0e32\u0e23\u0e1e\u0e31\u0e12\u0e19\u0e32<\/strong>:<\/p>\n\n\n\n<ul class=\"wp-block-list\">\n<li>\u0e1c\u0e25\u0e25\u0e31\u0e1e\u0e18\u0e4c\u0e02\u0e2d\u0e07\u0e04\u0e38\u0e13\u0e04\u0e37\u0e2d chegam danificados ou com defeito podem ser devolvidos. \u0e23\u0e30\u0e1a\u0e1a\u0e1b\u0e0f\u0e34\u0e1a\u0e31\u0e15\u0e34\u0e01\u0e32\u0e23\u0e02\u0e2d\u0e07\u0e25\u0e39\u0e01\u0e04\u0e49\u0e32\u0e44\u0e14\u0e49\u0e23\u0e31\u0e1a\u0e01\u0e32\u0e23\u0e41\u0e08\u0e49\u0e07\u0e40\u0e15\u0e37\u0e2d\u0e19\u0e40\u0e21\u0e37\u0e48\u0e2d 7 \u0e27\u0e31\u0e19\u0e17\u0e35\u0e48\u0e1c\u0e48\u0e32\u0e19\u0e21\u0e32 Itens perec\u00edveis, \u0e23\u0e27\u0e21 produtos de carne, devem ser informados em at\u00e9 24 horas ap\u00f3s o recebimento.  <\/li>\n<\/ul>\n\n\n\n<p>6.2 <strong>Ittens que n\u00e3o podem ser devolvidos<\/strong>:<\/p>\n\n\n\n<ul class=\"wp-block-list\">\n<li>Bebidas alco\u00f3licas e outros produtos perec\u00edveis (como carne) n\u00e3o podem ser devolvidos, a menos que estejam danificados na chegada ou que haja um erro na entrega.<\/li>\n<\/ul>\n\n\n\n<p>6.3 <strong>Processo de reembolso<\/strong>:<\/p>\n\n\n\n<ul class=\"wp-block-list\">\n<li>Assim que Confirmarmos a elegibilidade de uma devolu\u00e7\u00e3o, os reembolsos ser\u00e3o processados para o m\u00e9todo de pagamento original. Os reembolsos podem levar at\u00e9 10 dias \u00fateis para aparecer, dependendo da sua institui\u00e7\u00e3o Financeira. <\/li>\n<\/ul>\n\n\n\n<h4 class=\"wp-block-heading\"><strong>7. Pol\u00edtica de privacidade<\/strong><\/h4>\n\n\n\n<p>Temos o compromisso de proteger suas informa\u00e7\u00f5es pessoais. Todos os dados de clientes coletados pela OMORI-MART s\u00e3o tratados de acordo com nossa Politica de Privacidade. N\u00e3o compartilhamos ou vendemos suas informa\u00e7\u00f5es pessoais a terceiros sem seu allowanceimento, exceto quando exigido por lei.  <\/p>\n\n\n\n<h4 class=\"wp-block-heading\"><strong>8. \u0e02\u0e49\u0e2d\u0e08\u0e33\u0e01\u0e31\u0e14\u0e04\u0e27\u0e32\u0e21\u0e23\u0e31\u0e1a\u0e1c\u0e34\u0e14\u0e0a\u0e2d\u0e1a<\/strong><\/h4>\n\n\n\n<p>A COMFYS JAPAN LLC \u0e21\u0e35\u0e2b\u0e19\u0e49\u0e32\u0e17\u0e35\u0e48\u0e23\u0e31\u0e1a\u0e1c\u0e34\u0e14\u0e0a\u0e2d\u0e1a\u0e43\u0e19\u0e01\u0e32\u0e23\u0e14\u0e33\u0e40\u0e19\u0e34\u0e19\u0e01\u0e32\u0e23\u0e2d\u0e37\u0e48\u0e19 \u0e46 \u0e42\u0e14\u0e22\u0e1a\u0e31\u0e07\u0e40\u0e2d\u0e34\u0e0d \u0e40\u0e1b\u0e47\u0e19\u0e1c\u0e25\u0e2a\u0e37\u0e1a\u0e40\u0e19\u0e37\u0e48\u0e2d\u0e07\u0e21\u0e32\u0e08\u0e32\u0e01\u0e01\u0e32\u0e23\u0e15\u0e01\u0e41\u0e15\u0e48\u0e07\u0e02\u0e2d\u0e07 OMORI-MART \u0e41\u0e25\u0e30\u0e1c\u0e25\u0e34\u0e15\u0e20\u0e31\u0e13\u0e11\u0e4c\u0e2d\u0e37\u0e48\u0e19 \u0e46 \u0e02\u0e2d\u0e07\u0e44\u0e0b\u0e15\u0e4c Nossa responsabilidade m\u00e1xima est\u00e1limitada ao valor pago pelo(s) produto(s) em quest\u00e3o. <\/p>\n\n\n\n<h4 class=\"wp-block-heading\"><strong>9. Legisla\u00e7\u00e3o aplic\u00e1vel<\/strong><\/h4>\n\n\n\n<p>Os Termos e Condi\u00e7\u00f5es s\u00e3o regidos pelas leis do Jap\u00e3o. Quaisquer \u0e42\u0e15\u0e49\u0e41\u0e22\u0e49\u0e07\u0e01\u0e32\u0e23\u0e15\u0e01\u0e41\u0e15\u0e48\u0e07\u0e02\u0e2d\u0e07 SIM-OMORI-MART estar\u00e3o sujeitas \u00e0 jurisdi\u00e7\u00e3o exclusiva dos tribunais de T\u00f3quio, Jap\u00e3o <\/p>\n\n\n\n<h4 class=\"wp-block-heading\"><strong>10. Altera\u00e7\u00f5es nos Termos \u0e41\u0e25\u0e30 Condi\u00e7\u00f5es<\/strong><\/h4>\n\n\n\n<p>A COMFYS JAPAN LLC \u0e2a\u0e33\u0e23\u0e2d\u0e07\u0e44\u0e27\u0e49\u0e25\u0e48\u0e27\u0e07\u0e2b\u0e19\u0e49\u0e32\u0e2b\u0e23\u0e37\u0e2d\u0e14\u0e31\u0e14\u0e41\u0e1b\u0e25\u0e07\u0e40\u0e1b\u0e47\u0e19\u0e02\u0e49\u0e2d\u0e01\u0e33\u0e2b\u0e19\u0e14\u0e41\u0e25\u0e30\u0e40\u0e07\u0e37\u0e48\u0e2d\u0e19\u0e44\u0e02 As altera\u00e7\u00f5es ser\u00e3o publicadas no site da OMORI-MART, eo uso continuado de nossos servi\u00e7os ap\u00f3s quaisquer altera\u00e7\u00f5es significa que voc\u00ea aceita os termos revisados. <\/p>\n\n\n\n<p>Em caso de d\u00favidas ou preocupa\u00e7\u00f5es com rela\u00e7\u00e3o a estes Termos e Condi\u00e7\u00f5es, entre em contato com nossaequipe de atendimento ao cliente pelo <strong>\u0e2d\u0e35\u0e40\u0e21\u0e25 support@omorimart.com<\/strong><\/p>\n\n\n\n<p>\u0e2d\u0e48\u0e32\u0e27 usar o OMORI-MART, voc\u00ea reconhece que leu, entendeu e concorda em se vincular a estes Termos e Condi\u00e7\u00f5es.<\/p>","protected":false},"excerpt":{"rendered":"<p>Introdu\u00e7\u00e3o Bem-vindo ao OMORI-MART, um mercado on-line operado pela COMFYS JAPAN LLC.&nbsp; Ao acessar ou usar nosso site e nossos servi\u00e7os, voc\u00ea concorda em cumprir e estar vinculado aos seguintes<\/p>","protected":false},"author":2,"featured_media":0,"parent":0,"menu_order":0,"comment_status":"closed","ping_status":"closed","template":"","meta":{"footnotes":""},"class_list":["post-24968","page","type-page","status-publish","hentry"],"yoast_head":"<!-- This site is optimized with the Yoast SEO plugin v27.2 - https:\/\/yoast.com\/product\/yoast-seo-wordpress\/ -->\n<title>Termos e condi\u00e7\u00f5es - Omori WIFI<\/title>\n<meta name=\"robots\" content=\"index, follow, max-snippet:-1, max-image-preview:large, max-video-preview:-1\" \/>\n<link rel=\"canonical\" href=\"https:\/\/omoriwifi.com\/th\/termos-e-condicoes\/\" \/>\n<meta property=\"og:locale\" content=\"th_TH\" \/>\n<meta property=\"og:type\" content=\"article\" \/>\n<meta property=\"og:title\" content=\"Termos e condi\u00e7\u00f5es - Omori WIFI\" \/>\n<meta property=\"og:description\" content=\"Introdu\u00e7\u00e3o Bem-vindo ao OMORI-MART, um mercado on-line operado pela COMFYS JAPAN LLC.&nbsp; Ao acessar ou usar nosso site e nossos servi\u00e7os, voc\u00ea concorda em cumprir e estar vinculado aos seguintes\" \/>\n<meta property=\"og:url\" content=\"https:\/\/omoriwifi.com\/th\/termos-e-condicoes\/\" \/>\n<meta property=\"og:site_name\" content=\"Omori WIFI\" \/>\n<meta name=\"twitter:card\" content=\"summary_large_image\" \/>\n<meta name=\"twitter:label1\" content=\"Est. reading time\" \/>\n\t<meta name=\"twitter:data1\" content=\"5 \u0e19\u0e32\u0e17\u0e35\" \/>\n<script type=\"application\/ld+json\" class=\"yoast-schema-graph\">{\"@context\":\"https:\/\/schema.org\",\"@graph\":[{\"@type\":\"WebPage\",\"@id\":\"https:\/\/omoriwifi.com\/uk\/termos-e-condicoes\/\",\"url\":\"https:\/\/omoriwifi.com\/uk\/termos-e-condicoes\/\",\"name\":\"Termos e condi\u00e7\u00f5es - Omori WIFI\",\"isPartOf\":{\"@id\":\"https:\/\/omoriwifi.com\/ja\/#website\"},\"datePublished\":\"2025-03-28T00:40:25+00:00\",\"breadcrumb\":{\"@id\":\"https:\/\/omoriwifi.com\/uk\/termos-e-condicoes\/#breadcrumb\"},\"inLanguage\":\"th\",\"potentialAction\":[{\"@type\":\"ReadAction\",\"target\":[\"https:\/\/omoriwifi.com\/uk\/termos-e-condicoes\/\"]}]},{\"@type\":\"BreadcrumbList\",\"@id\":\"https:\/\/omoriwifi.com\/uk\/termos-e-condicoes\/#breadcrumb\",\"itemListElement\":[{\"@type\":\"ListItem\",\"position\":1,\"name\":\"Home\",\"item\":\"https:\/\/omoriwifi.com\/ja\/\"},{\"@type\":\"ListItem\",\"position\":2,\"name\":\"Termos e condi\u00e7\u00f5es\"}]},{\"@type\":\"WebSite\",\"@id\":\"https:\/\/omoriwifi.com\/ja\/#website\",\"url\":\"https:\/\/omoriwifi.com\/ja\/\",\"name\":\"Omori WiFi\",\"description\":\"My WordPress Blog\",\"potentialAction\":[{\"@type\":\"SearchAction\",\"target\":{\"@type\":\"EntryPoint\",\"urlTemplate\":\"https:\/\/omoriwifi.com\/ja\/?s={search_term_string}\"},\"query-input\":{\"@type\":\"PropertyValueSpecification\",\"valueRequired\":true,\"valueName\":\"search_term_string\"}}],\"inLanguage\":\"th\"}]}<\/script>\n<!-- \/ Yoast SEO plugin. -->","yoast_head_json":{"title":"Termos e condi\u00e7\u00f5es - Omori WIFI","robots":{"index":"index","follow":"follow","max-snippet":"max-snippet:-1","max-image-preview":"max-image-preview:large","max-video-preview":"max-video-preview:-1"},"canonical":"https:\/\/omoriwifi.com\/th\/termos-e-condicoes\/","og_locale":"th_TH","og_type":"article","og_title":"Termos e condi\u00e7\u00f5es - Omori WIFI","og_description":"Introdu\u00e7\u00e3o Bem-vindo ao OMORI-MART, um mercado on-line operado pela COMFYS JAPAN LLC.&nbsp; Ao acessar ou usar nosso site e nossos servi\u00e7os, voc\u00ea concorda em cumprir e estar vinculado aos seguintes","og_url":"https:\/\/omoriwifi.com\/th\/termos-e-condicoes\/","og_site_name":"Omori WIFI","twitter_card":"summary_large_image","twitter_misc":{"Est. reading time":"5 \u0e19\u0e32\u0e17\u0e35"},"schema":{"@context":"https:\/\/schema.org","@graph":[{"@type":"WebPage","@id":"https:\/\/omoriwifi.com\/uk\/termos-e-condicoes\/","url":"https:\/\/omoriwifi.com\/uk\/termos-e-condicoes\/","name":"Termos e condi\u00e7\u00f5es - Omori WIFI","isPartOf":{"@id":"https:\/\/omoriwifi.com\/ja\/#website"},"datePublished":"2025-03-28T00:40:25+00:00","breadcrumb":{"@id":"https:\/\/omoriwifi.com\/uk\/termos-e-condicoes\/#breadcrumb"},"inLanguage":"th","potentialAction":[{"@type":"ReadAction","target":["https:\/\/omoriwifi.com\/uk\/termos-e-condicoes\/"]}]},{"@type":"BreadcrumbList","@id":"https:\/\/omoriwifi.com\/uk\/termos-e-condicoes\/#breadcrumb","itemListElement":[{"@type":"ListItem","position":1,"name":"Home","item":"https:\/\/omoriwifi.com\/ja\/"},{"@type":"ListItem","position":2,"name":"Termos e condi\u00e7\u00f5es"}]},{"@type":"WebSite","@id":"https:\/\/omoriwifi.com\/ja\/#website","url":"https:\/\/omoriwifi.com\/ja\/","name":"\u0e42\u0e2d\u0e42\u0e21\u0e23\u0e34 \u0e44\u0e27\u0e44\u0e1f","description":"\u0e1a\u0e25\u0e47\u0e2d\u0e01 WordPress \u0e02\u0e2d\u0e07\u0e09\u0e31\u0e19","potentialAction":[{"@type":"SearchAction","target":{"@type":"EntryPoint","urlTemplate":"https:\/\/omoriwifi.com\/ja\/?s={search_term_string}"},"query-input":{"@type":"PropertyValueSpecification","valueRequired":true,"valueName":"search_term_string"}}],"inLanguage":"th"}]}},"_links":{"self":[{"href":"https:\/\/omoriwifi.com\/th\/wp-json\/wp\/v2\/pages\/24968","targetHints":{"allow":["GET"]}}],"collection":[{"href":"https:\/\/omoriwifi.com\/th\/wp-json\/wp\/v2\/pages"}],"about":[{"href":"https:\/\/omoriwifi.com\/th\/wp-json\/wp\/v2\/types\/page"}],"author":[{"embeddable":true,"href":"https:\/\/omoriwifi.com\/th\/wp-json\/wp\/v2\/users\/2"}],"replies":[{"embeddable":true,"href":"https:\/\/omoriwifi.com\/th\/wp-json\/wp\/v2\/comments?post=24968"}],"version-history":[{"count":0,"href":"https:\/\/omoriwifi.com\/th\/wp-json\/wp\/v2\/pages\/24968\/revisions"}],"wp:attachment":[{"href":"https:\/\/omoriwifi.com\/th\/wp-json\/wp\/v2\/media?parent=24968"}],"curies":[{"name":"wp","href":"https:\/\/api.w.org\/{rel}","templated":true}]}}