{"id":24984,"date":"2025-03-25T17:10:57","date_gmt":"2025-03-25T17:10:57","guid":{"rendered":"https:\/\/peachpuff-dugong-919786.hostingersite.com\/politica-de-privacidade\/"},"modified":"2025-03-25T17:10:57","modified_gmt":"2025-03-25T17:10:57","slug":"politica-de-privacidade","status":"publish","type":"page","link":"https:\/\/omoriwifi.com\/th\/politica-de-privacidade\/","title":{"rendered":"Pol\u00edtica de privacidade"},"content":{"rendered":"<h3 class=\"wp-block-heading\"><strong>Data de vig\u00eancia<\/strong>: 20 de abril de 2025<\/h3>\n\n\n\n<p>\u0e40\u0e25\u0e02\u0e17\u0e35\u0e48<strong> \u0e0b\u0e34\u0e21-\u0e42\u0e2d\u0e42\u0e21\u0e23\u0e34-\u0e21\u0e32\u0e23\u0e4c\u0e17<\/strong>, operado por&nbsp;<strong>\u0e1a\u0e23\u0e34\u0e29\u0e31\u0e17 \u0e04\u0e2d\u0e21\u0e1f\u0e35\u0e48 \u0e40\u0e08\u0e41\u0e1b\u0e19 \u0e41\u0e2d\u0e25\u0e41\u0e2d\u0e25\u0e0b\u0e35<\/strong>, temos o compromisso de proteger sua privacidade e garantir a seguran\u00e7a de suas informa\u00e7\u00f5es pessoais. Esta Pol\u00edtica de Privacidade \u0e19\u0e33\u0e40\u0e2a\u0e19\u0e2d coletamos, usamos, divulgamos \u0e41\u0e25\u0e30 protegemos suas informa\u00e7\u00f5es quando voc\u00ea \u0e40\u0e22\u0e35\u0e48\u0e22\u0e21\u0e0a\u0e21\u0e40\u0e27\u0e47\u0e1a\u0e44\u0e0b\u0e15\u0e4c ou faz uma compra em nosso \u0e2d\u0e48\u0e32\u0e27 usar nosso site \u0e41\u0e25\u0e30 nossos servi\u00e7os, voc\u00ea concorda com as pr\u00e1ticas descritas Nesta Pol\u00edtica de Privacidade.  <\/p>\n\n\n\n<h4 class=\"wp-block-heading\">&nbsp;<\/h4>\n\n\n\n<h4 class=\"wp-block-heading\"><strong>1. \u0e02\u0e49\u0e2d\u0e21\u0e39\u0e25 que coletamos<\/strong><\/h4>\n\n\n\n<p>Coletamos informa\u00e7\u00f5es pessoais de voc\u00ea para fornecer nossos servi\u00e7os e melhorar sua experi\u00eancia na OMORI-MART. Os tipos de informa\u00e7\u00f5es que coletamos \u0e23\u0e27\u0e21: <\/p>\n\n\n\n<p>1.1 <strong>Informa\u00e7\u00f5es pessoais<\/strong>:<\/p>\n\n\n\n<ul class=\"wp-block-list\">\n<li>\u0e42\u0e19\u0e21<\/li>\n\n\n\n<li>\u0e40\u0e2d\u0e19\u0e40\u0e14\u0e40\u0e23\u0e42\u0e0b<\/li>\n\n\n\n<li>Endere\u00e7o de e-mail<\/li>\n\n\n\n<li>N\u00famero de telefone<\/li>\n\n\n\n<li>Informa\u00e7\u00f5es de pagamento (detalhes de cart\u00e3o de cr\u00e9dito, detalhes de transfer\u00eancia banc\u00e1ria \u0e2f\u0e25\u0e2f)<\/li>\n\n\n\n<li>Data de nascimento (\u0e2a\u0e33\u0e2b\u0e23\u0e31\u0e1a\u0e01\u0e32\u0e23\u0e22\u0e37\u0e19\u0e22\u0e31\u0e19\u0e41\u0e25\u0e30\u0e17\u0e32\u0e07\u0e01\u0e0e\u0e2b\u0e21\u0e32\u0e22\u0e2a\u0e33\u0e2b\u0e23\u0e31\u0e1a beber)<\/li>\n<\/ul>\n\n\n\n<p>1.2 <strong>Informa\u00e7\u00f5es n\u00e3o pessoais<\/strong>:<\/p>\n\n\n\n<ul class=\"wp-block-list\">\n<li>Tipo de navegador<\/li>\n\n\n\n<li>\u0e02\u0e49\u0e2d\u0e21\u0e39\u0e25\u0e17\u0e35\u0e48\u0e44\u0e21\u0e48\u0e1e\u0e36\u0e07\u0e1b\u0e23\u0e32\u0e23\u0e16\u0e19\u0e32<\/li>\n\n\n\n<li>\u0e40\u0e2d\u0e19\u0e40\u0e14\u0e40\u0e23\u0e42\u0e0b \u0e44\u0e2d\u0e1e\u0e35<\/li>\n\n\n\n<li>Dados de uso do site (\u0e2b\u0e19\u0e49\u0e32 visitadas, tempo gasto no site \u0e2f\u0e25\u0e2f)<\/li>\n<\/ul>\n\n\n\n<h4 class=\"wp-block-heading\"><strong>2. Como usamos suas informa\u00e7\u00f5es<\/strong><\/h4>\n\n\n\n<p>Usamos as informa\u00e7\u00f5es que coletamos de voc\u00ea para as seguintes Finalidades:<\/p>\n\n\n\n<p>2.1 <strong>Processamento de pedidos<\/strong>:<\/p>\n\n\n\n<ul class=\"wp-block-list\">\n<li>\u0e2a\u0e33\u0e2b\u0e23\u0e31\u0e1a\u0e01\u0e23\u0e30\u0e1a\u0e27\u0e19\u0e01\u0e32\u0e23\u0e41\u0e25\u0e30\u0e02\u0e31\u0e49\u0e19\u0e15\u0e2d\u0e19\u0e2a\u0e38\u0e14\u0e17\u0e49\u0e32\u0e22 \u0e23\u0e27\u0e21\u0e16\u0e36\u0e07\u0e01\u0e23\u0e30\u0e1a\u0e27\u0e19\u0e01\u0e32\u0e23\u0e41\u0e25\u0e30\u0e01\u0e23\u0e30\u0e1a\u0e27\u0e19\u0e01\u0e32\u0e23<\/li>\n\n\n\n<li>\u0e2a\u0e33\u0e2b\u0e23\u0e31\u0e1a\u0e01\u0e32\u0e23\u0e22\u0e37\u0e19\u0e22\u0e31\u0e19 pedidos, recibos \u0e41\u0e25\u0e30\u0e02\u0e48\u0e32\u0e27\u0e2a\u0e32\u0e23\u0e02\u0e2d\u0e07 rastreamento \u0e17\u0e32\u0e07\u0e2d\u0e35\u0e40\u0e21\u0e25\u0e2b\u0e23\u0e37\u0e2d\u0e17\u0e32\u0e07\u0e42\u0e17\u0e23\u0e28\u0e31\u0e1e\u0e17\u0e4c<\/li>\n<\/ul>\n\n\n\n<p>2.2 <strong>Atendimento ao cliente<\/strong>:<\/p>\n\n\n\n<ul class=\"wp-block-list\">\n<li>\u0e2a\u0e33\u0e2b\u0e23\u0e31\u0e1a\u0e1c\u0e39\u0e49\u0e15\u0e2d\u0e1a\u0e01\u0e25\u0e31\u0e1a \u00e0s suas perguntas, solicita\u00e7\u00f5es ou reclama\u00e7\u00f5es.<\/li>\n\n\n\n<li>Para notificar voc\u00ea sobre atualiza\u00e7\u00f5es ou altera\u00e7\u00f5es em seu pedido.<\/li>\n<\/ul>\n\n\n\n<p>2.3 <strong>Personaliza\u00e7\u00e3o<\/strong>:<\/p>\n\n\n\n<ul class=\"wp-block-list\">\n<li>Para Personalizar sua experi\u00eancia de compra, recomendando produtos com base em seu hist\u00f3rico de navega\u00e7\u00e3o e compras.<\/li>\n\n\n\n<li>\u0e42\u0e1b\u0e23\u0e14\u0e08\u0e33\u0e44\u0e27\u0e49\u0e27\u0e48\u0e32 funcionalidade do nosso site ea experi\u00eancia do usu\u00e1rio.<\/li>\n<\/ul>\n\n\n\n<p>2.4 <strong>Marketing e promo\u00e7\u00f5es<\/strong>:<\/p>\n\n\n\n<ul class=\"wp-block-list\">\n<li>Para enviar a voc\u00ea ofertas promocionais, descontos e atualiza\u00e7\u00f5es sobre os produtos e servi\u00e7os da OMORI-MART (somente se voc\u00ea optar por receber comunica\u00e7\u00f5es de Marketing)<\/li>\n\n\n\n<li>Para informar voc\u00ea sobre descontos especiais em pedidos em Massa de bebidas alco\u00f3licas e produtos de carne.<\/li>\n<\/ul>\n\n\n\n<p>2.5 <strong>Conformidade com as leis<\/strong>:<\/p>\n\n\n\n<ul class=\"wp-block-list\">\n<li>\u0e2a\u0e33\u0e2b\u0e23\u0e31\u0e1a\u0e1c\u0e39\u0e49\u0e40\u0e02\u0e49\u0e32\u0e23\u0e48\u0e27\u0e21 a requisitos legais, como verificar a idade legal para a compra de bebidas alco\u00f3licas.<\/li>\n<\/ul>\n\n\n\n<h4 class=\"wp-block-heading\">&nbsp;<\/h4>\n\n\n\n<h4 class=\"wp-block-heading\"><strong>3. Compartilhamento \u0e02\u0e49\u0e2d\u0e21\u0e39\u0e25\u0e02\u0e48\u0e32\u0e27\u0e2a\u0e32\u0e23<\/strong><\/h4>\n\n\n\n<p>Respeitamos sua privacidade e n\u00e3o venderemos, alugaremos ou trocaremos suas informa\u00e7\u00f5es pessoais com terceiros. \u0e15\u0e01\u0e25\u0e07, podemos compartilhar suas informa\u00e7\u00f5es com: <\/p>\n\n\n\n<p>3.1 <strong>Provedores de servi\u00e7os<\/strong>:<\/p>\n\n\n\n<ul class=\"wp-block-list\">\n<li>Empresas terceirizadas que auxiliam \u0e44\u0e21\u0e48\u0e21\u0e35\u0e01\u0e23\u0e30\u0e1a\u0e27\u0e19\u0e01\u0e32\u0e23\u0e02\u0e2d\u0e07 pagamentos, envio \u0e41\u0e25\u0e30 atendimento de pedidos<\/li>\n\n\n\n<li>\u0e1e\u0e34\u0e2a\u0e39\u0e08\u0e19\u0e4c\u0e01\u0e32\u0e23\u0e1a\u0e23\u0e34\u0e01\u0e32\u0e23\u0e2a\u0e33\u0e2b\u0e23\u0e31\u0e1a\u0e01\u0e32\u0e23\u0e08\u0e31\u0e14\u0e01\u0e32\u0e23, \u0e01\u0e32\u0e23\u0e27\u0e34\u0e40\u0e04\u0e23\u0e32\u0e30\u0e2b\u0e4c\u0e41\u0e25\u0e30\u0e01\u0e32\u0e23\u0e15\u0e25\u0e32\u0e14\u0e02\u0e2d\u0e07\u0e40\u0e27\u0e47\u0e1a\u0e44\u0e0b\u0e15\u0e4c<\/li>\n<\/ul>\n\n\n\n<p>3.2 <strong>\u0e01\u0e32\u0e23\u0e1b\u0e0f\u0e34\u0e1a\u0e31\u0e15\u0e34\u0e15\u0e32\u0e21\u0e01\u0e0e\u0e2b\u0e21\u0e32\u0e22<\/strong>:<\/p>\n\n\n\n<ul class=\"wp-block-list\">\n<li>Se exigido por lei, poderemos divulgar informa\u00e7\u00f5es pessoais a autoridades Governmentamentais ou outros terceiros para cumprir obriga\u00e7\u00f5es legais, evitar cheates ou proteger os direitos da OMORI-MART e de seus clientes.<\/li>\n<\/ul>\n\n\n\n<h4 class=\"wp-block-heading\">&nbsp;<\/h4>\n\n\n\n<h4 class=\"wp-block-heading\"><strong>4. Seguran\u00e7a de dados<\/strong><\/h4>\n\n\n\n<p>Temos o compromisso de proteger suas informa\u00e7\u00f5es pessoais. Usamos protocolos de criptografia padr\u00e3o do setor \u0e41\u0e25\u0e30\u0e40\u0e01\u0e15\u0e40\u0e27\u0e22\u0e4c de pagamento seguros para proteger suas informa\u00e7\u00f5es de pagamento confidenciais. \u0e44\u0e21\u0e48\u0e21\u0e35 entanto, nenhum m\u00e9todo de transmiss\u00e3o pela Internet ou de armazenamento eletr\u00f4nico \u00e9 100% seguro. Embora nos esforcemos para proteger suas informa\u00e7\u00f5es pessoais, nao podemos garantir sua seguran\u00e7a absoluta.   <\/p>\n\n\n\n<h4 class=\"wp-block-heading\">&nbsp;<\/h4>\n\n\n\n<h4 class=\"wp-block-heading\"><strong>5. \u0e04\u0e38\u0e01\u0e01\u0e35\u0e49\u0e41\u0e25\u0e30\u0e40\u0e17\u0e04\u0e42\u0e19\u0e42\u0e25\u0e22\u0e35\u0e02\u0e2d\u0e07\u0e23\u0e32\u0e2a\u0e15\u0e23\u0e35\u0e21\u0e40\u0e21\u0e19\u0e42\u0e15<\/strong><\/h4>\n\n\n\n<p>OMORI-MART \u0e43\u0e0a\u0e49\u0e04\u0e38\u0e01\u0e01\u0e35\u0e49\u0e41\u0e25\u0e30\u0e40\u0e17\u0e04\u0e42\u0e19\u0e42\u0e25\u0e22\u0e35\u0e02\u0e2d\u0e07 rastreamento semelhantes \u0e2a\u0e33\u0e2b\u0e23\u0e31\u0e1a aprimorar sua experi\u00eancia de navega\u00e7\u00e3o Os \u0e04\u0e38\u0e01\u0e01\u0e35\u0e49 nos ajudam a lembrar suas prefect\u00eancias, rastrear seu uso do site e Personalizar sua experi\u00eancia de compra. <\/p>\n\n\n\n<p>5.1 <strong>Tipos de cookies que usamos<\/strong>:<\/p>\n\n\n\n<ul class=\"wp-block-list\">\n<li><strong>Cookies essenciais<\/strong>: S\u00e3o necess\u00e1rios para a opera\u00e7\u00e3o do nosso site e para allowanceir que voc\u00ea conclua transa\u00e7\u00f5es.<\/li>\n\n\n\n<li><strong>\u0e04\u0e38\u0e01\u0e01\u0e35\u0e49\u0e27\u0e34\u0e40\u0e04\u0e23\u0e32\u0e30\u0e2b\u0e4c<\/strong>: Usados para coletar dados sobre como os usu\u00e1rios interagem com o site (\u0e15\u0e31\u0e27\u0e2d\u0e22\u0e48\u0e32\u0e07, p\u00e1ginas visitadas, tempo gasto)<\/li>\n\n\n\n<li><strong>\u0e04\u0e38\u0e01\u0e01\u0e35\u0e49\u0e01\u0e32\u0e23\u0e15\u0e25\u0e32\u0e14<\/strong>: Usados para fornecer publicidade Personalizada e conte\u00fado promocional.<\/li>\n<\/ul>\n\n\n\n<p>Voc\u00ea pode ajustar as configura\u00e7\u00f5es de cookies em seu navegador para recusar Cookies, mas isso pode Limitar sua capacidade de usar determinados recursos da OMORI-MART.<\/p>\n\n\n\n<h4 class=\"wp-block-heading\">&nbsp;<\/h4>\n\n\n\n<h4 class=\"wp-block-heading\"><strong>6. Seus direitos e escolhas<\/strong><\/h4>\n\n\n\n<p>6.1 <strong>Acesso e corre\u00e7\u00e3o<\/strong>:<\/p>\n\n\n\n<ul class=\"wp-block-list\">\n<li>Voc\u00ea tem o direito de acessar e atualizar suas informa\u00e7\u00f5es pessoais. Voc\u00ea pode fazer isso acessando sua conta ou entrando em contato com nossaequipe de suporte ao cliente. <\/li>\n<\/ul>\n\n\n\n<p>6.2 <strong>Desativa\u00e7\u00e3o de comunica\u00e7\u00f5es \u0e01\u0e32\u0e23\u0e15\u0e25\u0e32\u0e14<\/strong>:<\/p>\n\n\n\n<ul class=\"wp-block-list\">\n<li>Se n\u00e3o quiser mais receber nossas comunica\u00e7\u00f5es de Marketing, voc\u00ea pode optar por n\u00e3o receb\u00ea-las clicando no link \u201ccancelar inscri\u00e7\u00e3o\u201d em nossos e-mails ou entrando em contato conosco diretamente.<\/li>\n<\/ul>\n\n\n\n<p>6.3 <strong>Exclus\u00e3o de conta<\/strong>:<\/p>\n\n\n\n<ul class=\"wp-block-list\">\n<li>Se desejar excluir sua conta SIM-OMORI-MART, voc\u00ea pode solicitar isso entrando em contato com nossaequipe de atendimento ao cliente. \u0e2a\u0e31\u0e07\u0e40\u0e01\u0e15\u0e2a\u0e34\u0e48\u0e07\u0e2d\u0e37\u0e48\u0e19 \u0e46 \u0e17\u0e35\u0e48\u0e40\u0e01\u0e35\u0e48\u0e22\u0e27\u0e02\u0e49\u0e2d\u0e07\u0e40\u0e1e\u0e37\u0e48\u0e2d\u0e01\u0e33\u0e2b\u0e19\u0e14\u0e02\u0e49\u0e2d\u0e21\u0e39\u0e25\u0e15\u0e32\u0e21\u0e04\u0e27\u0e32\u0e21\u0e40\u0e1b\u0e47\u0e19\u0e08\u0e23\u0e34\u0e07 <\/li>\n<\/ul>\n\n\n\n<h4 class=\"wp-block-heading\">&nbsp;<\/h4>\n\n\n\n<h4 class=\"wp-block-heading\"><strong>7. Privacidade das crian\u00e7as<\/strong><\/h4>\n\n\n\n<p>A SIM-OMORI-MART n\u00e3o se destina ao uso por crian\u00e7as com menos de 18 anos de idade e n\u00e3o coletamos intencionalmente informa\u00e7\u00f5es pessoais de menores. Se tomarmos conhecimento de que coletamos informa\u00e7\u00f5es pessoais de um menor sem o\u0e22\u0e34\u0e19\u0e22\u0e2d\u0e21 dos pais, tomaremos as medidas necess\u00e1rias para excluir essas informa\u00e7\u00f5es. <\/p>\n\n\n\n<h4 class=\"wp-block-heading\">&nbsp;<\/h4>\n\n\n\n<h4 class=\"wp-block-heading\"><strong>8. Links de terceiros<\/strong><\/h4>\n\n\n\n<p>Nosso site pode conter links para sites de terceiros que n\u00e3o s\u00e3o operados pela OMORI-MART. N\u00e3o somos \u0e15\u0e2d\u0e1a\u0e01\u0e25\u0e31\u0e1a pelas pr\u00e1ticas de privacidade desses sites de terceiros. \u0e02\u0e49\u0e2d\u0e40\u0e2a\u0e19\u0e2d\u0e41\u0e19\u0e30 que voc\u00ea analise as politicas de privacidade de todos os sites externos que visitar.  <\/p>\n\n\n\n<h4 class=\"wp-block-heading\">&nbsp;<\/h4>\n\n\n\n<h4 class=\"wp-block-heading\"><strong>9. Altera\u00e7\u00f5es na Politica de Privacidade<\/strong><\/h4>\n\n\n\n<p>Podemos atualizar esta Politica de Privacidade de tempos em tempos para refletir altera\u00e7\u00f5es em nossas pr\u00e1ticas ou por outros motivos operacionais, legais ou regulamentares. Quaisquer altera\u00e7\u00f5es a esta Politica de Privacidade ser\u00e3o publicadas em nosso site com a data de vig\u00eancia atualizada. Se voc\u00ea \u0e22\u0e31\u0e07\u0e04\u0e07\u0e43\u0e0a\u0e49 OMORI-MART ap\u00f3s qualquer altera\u00e7\u00e3o na Politica de Privacidade, isso significa que voc\u00ea aceita essas altera\u00e7\u00f5es.  <\/p>\n\n\n\n<h4 class=\"wp-block-heading\">&nbsp;<\/h4>\n\n\n\n<h4 class=\"wp-block-heading\"><strong>10. Entre em contato conosco<\/strong><\/h4>\n\n\n\n<p>Se voc\u00ea tiver alguma d\u00favida ou preocupa\u00e7\u00e3o sobre esta Pol\u00edtica de Privacidade ou sobre como suas informa\u00e7\u00f5es pessoais s\u00e3o tratadas, entre em contato conosco:<\/p>\n\n\n\n<ul class=\"wp-block-list\">\n<li><strong>\u0e2d\u0e35\u0e40\u0e21\u0e25<\/strong>: support@omorimart.com<\/li>\n\n\n\n<li><strong>\u0e40\u0e2d\u0e19\u0e40\u0e14\u0e40\u0e23\u0e42\u0e0b<\/strong>: R Cube Aoyama \u0e0a\u0e31\u0e49\u0e19 3 1-3-1 Kita-Aoyama, Minato-ku, T\u00f3quio, 107-0061, Jap\u00e3o<\/li>\n<\/ul>\n\n\n\n<p>\u0e43\u0e0a\u0e49 OMORI-MART, voc\u00ea concorda com a coleta eo uso de suas informa\u00e7\u00f5es pessoais allowancee descrito Nesta Pol\u00edtica de Privacidade.<\/p>","protected":false},"excerpt":{"rendered":"<p>Data de vig\u00eancia: 20 de abril de 2025 No SIM-OMORI-MART, operado por&nbsp;COMFYS JAPAN LLC, temos o compromisso de proteger sua privacidade e garantir a seguran\u00e7a de suas informa\u00e7\u00f5es pessoais. Esta<\/p>","protected":false},"author":2,"featured_media":0,"parent":0,"menu_order":0,"comment_status":"closed","ping_status":"open","template":"","meta":{"footnotes":""},"class_list":["post-24984","page","type-page","status-publish","hentry"],"yoast_head":"<!-- This site is optimized with the Yoast SEO plugin v27.2 - https:\/\/yoast.com\/product\/yoast-seo-wordpress\/ -->\n<title>Pol\u00edtica de privacidade - Omori WIFI<\/title>\n<meta name=\"robots\" content=\"index, follow, max-snippet:-1, max-image-preview:large, max-video-preview:-1\" \/>\n<link rel=\"canonical\" href=\"https:\/\/omoriwifi.com\/th\/politica-de-privacidade\/\" \/>\n<meta property=\"og:locale\" content=\"th_TH\" \/>\n<meta property=\"og:type\" content=\"article\" \/>\n<meta property=\"og:title\" content=\"Pol\u00edtica de privacidade - Omori WIFI\" \/>\n<meta property=\"og:description\" content=\"Data de vig\u00eancia: 20 de abril de 2025 No SIM-OMORI-MART, operado por&nbsp;COMFYS JAPAN LLC, temos o compromisso de proteger sua privacidade e garantir a seguran\u00e7a de suas informa\u00e7\u00f5es pessoais. Esta\" \/>\n<meta property=\"og:url\" content=\"https:\/\/omoriwifi.com\/th\/politica-de-privacidade\/\" \/>\n<meta property=\"og:site_name\" content=\"Omori WIFI\" \/>\n<meta name=\"twitter:card\" content=\"summary_large_image\" \/>\n<meta name=\"twitter:label1\" content=\"Est. reading time\" \/>\n\t<meta name=\"twitter:data1\" content=\"5 \u0e19\u0e32\u0e17\u0e35\" \/>\n<script type=\"application\/ld+json\" class=\"yoast-schema-graph\">{\"@context\":\"https:\/\/schema.org\",\"@graph\":[{\"@type\":\"WebPage\",\"@id\":\"https:\/\/omoriwifi.com\/zh\/politica-de-privacidade\/\",\"url\":\"https:\/\/omoriwifi.com\/zh\/politica-de-privacidade\/\",\"name\":\"Pol\u00edtica de privacidade - Omori WIFI\",\"isPartOf\":{\"@id\":\"https:\/\/omoriwifi.com\/ja\/#website\"},\"datePublished\":\"2025-03-25T17:10:57+00:00\",\"breadcrumb\":{\"@id\":\"https:\/\/omoriwifi.com\/zh\/politica-de-privacidade\/#breadcrumb\"},\"inLanguage\":\"th\",\"potentialAction\":[{\"@type\":\"ReadAction\",\"target\":[\"https:\/\/omoriwifi.com\/zh\/politica-de-privacidade\/\"]}]},{\"@type\":\"BreadcrumbList\",\"@id\":\"https:\/\/omoriwifi.com\/zh\/politica-de-privacidade\/#breadcrumb\",\"itemListElement\":[{\"@type\":\"ListItem\",\"position\":1,\"name\":\"Home\",\"item\":\"https:\/\/omoriwifi.com\/ja\/\"},{\"@type\":\"ListItem\",\"position\":2,\"name\":\"Pol\u00edtica de privacidade\"}]},{\"@type\":\"WebSite\",\"@id\":\"https:\/\/omoriwifi.com\/ja\/#website\",\"url\":\"https:\/\/omoriwifi.com\/ja\/\",\"name\":\"Omori WiFi\",\"description\":\"My WordPress Blog\",\"potentialAction\":[{\"@type\":\"SearchAction\",\"target\":{\"@type\":\"EntryPoint\",\"urlTemplate\":\"https:\/\/omoriwifi.com\/ja\/?s={search_term_string}\"},\"query-input\":{\"@type\":\"PropertyValueSpecification\",\"valueRequired\":true,\"valueName\":\"search_term_string\"}}],\"inLanguage\":\"th\"}]}<\/script>\n<!-- \/ Yoast SEO plugin. -->","yoast_head_json":{"title":"Pol\u00edtica de privacidade - Omori WIFI","robots":{"index":"index","follow":"follow","max-snippet":"max-snippet:-1","max-image-preview":"max-image-preview:large","max-video-preview":"max-video-preview:-1"},"canonical":"https:\/\/omoriwifi.com\/th\/politica-de-privacidade\/","og_locale":"th_TH","og_type":"article","og_title":"Pol\u00edtica de privacidade - Omori WIFI","og_description":"Data de vig\u00eancia: 20 de abril de 2025 No SIM-OMORI-MART, operado por&nbsp;COMFYS JAPAN LLC, temos o compromisso de proteger sua privacidade e garantir a seguran\u00e7a de suas informa\u00e7\u00f5es pessoais. Esta","og_url":"https:\/\/omoriwifi.com\/th\/politica-de-privacidade\/","og_site_name":"Omori WIFI","twitter_card":"summary_large_image","twitter_misc":{"Est. reading time":"5 \u0e19\u0e32\u0e17\u0e35"},"schema":{"@context":"https:\/\/schema.org","@graph":[{"@type":"WebPage","@id":"https:\/\/omoriwifi.com\/zh\/politica-de-privacidade\/","url":"https:\/\/omoriwifi.com\/zh\/politica-de-privacidade\/","name":"Pol\u00edtica de privacidade - Omori WIFI","isPartOf":{"@id":"https:\/\/omoriwifi.com\/ja\/#website"},"datePublished":"2025-03-25T17:10:57+00:00","breadcrumb":{"@id":"https:\/\/omoriwifi.com\/zh\/politica-de-privacidade\/#breadcrumb"},"inLanguage":"th","potentialAction":[{"@type":"ReadAction","target":["https:\/\/omoriwifi.com\/zh\/politica-de-privacidade\/"]}]},{"@type":"BreadcrumbList","@id":"https:\/\/omoriwifi.com\/zh\/politica-de-privacidade\/#breadcrumb","itemListElement":[{"@type":"ListItem","position":1,"name":"Home","item":"https:\/\/omoriwifi.com\/ja\/"},{"@type":"ListItem","position":2,"name":"Pol\u00edtica de privacidade"}]},{"@type":"WebSite","@id":"https:\/\/omoriwifi.com\/ja\/#website","url":"https:\/\/omoriwifi.com\/ja\/","name":"\u0e42\u0e2d\u0e42\u0e21\u0e23\u0e34 \u0e44\u0e27\u0e44\u0e1f","description":"\u0e1a\u0e25\u0e47\u0e2d\u0e01 WordPress \u0e02\u0e2d\u0e07\u0e09\u0e31\u0e19","potentialAction":[{"@type":"SearchAction","target":{"@type":"EntryPoint","urlTemplate":"https:\/\/omoriwifi.com\/ja\/?s={search_term_string}"},"query-input":{"@type":"PropertyValueSpecification","valueRequired":true,"valueName":"search_term_string"}}],"inLanguage":"th"}]}},"_links":{"self":[{"href":"https:\/\/omoriwifi.com\/th\/wp-json\/wp\/v2\/pages\/24984","targetHints":{"allow":["GET"]}}],"collection":[{"href":"https:\/\/omoriwifi.com\/th\/wp-json\/wp\/v2\/pages"}],"about":[{"href":"https:\/\/omoriwifi.com\/th\/wp-json\/wp\/v2\/types\/page"}],"author":[{"embeddable":true,"href":"https:\/\/omoriwifi.com\/th\/wp-json\/wp\/v2\/users\/2"}],"replies":[{"embeddable":true,"href":"https:\/\/omoriwifi.com\/th\/wp-json\/wp\/v2\/comments?post=24984"}],"version-history":[{"count":0,"href":"https:\/\/omoriwifi.com\/th\/wp-json\/wp\/v2\/pages\/24984\/revisions"}],"wp:attachment":[{"href":"https:\/\/omoriwifi.com\/th\/wp-json\/wp\/v2\/media?parent=24984"}],"curies":[{"name":"wp","href":"https:\/\/api.w.org\/{rel}","templated":true}]}}