{"id":24931,"date":"2024-04-17T07:19:36","date_gmt":"2024-04-17T07:19:36","guid":{"rendered":"https:\/\/peachpuff-dugong-919786.hostingersite.com\/bientot-disponible\/"},"modified":"2024-04-17T07:19:36","modified_gmt":"2024-04-17T07:19:36","slug":"bientot-disponible","status":"publish","type":"page","link":"https:\/\/omoriwifi.com\/tl\/bientot-disponible\/","title":{"rendered":"Bient\u00f4t disponible"},"content":{"rendered":"<div data-elementor-type=\"wp-page\" data-elementor-id=\"24931\" class=\"elementor elementor-24931\">\n\t\t\t\t<div class=\"elementor-element elementor-element-2ac0aa4 e-flex e-con-boxed e-con e-parent\" data-id=\"2ac0aa4\" data-element_type=\"container\" data-e-type=\"container\" data-settings=\"{&quot;background_background&quot;:&quot;classic&quot;}\">\n\t\t\t\t\t<div class=\"e-con-inner\">\n\t\t\t\t<div class=\"elementor-element elementor-element-bd3b848 elementor-widget elementor-widget-pls-heading\" data-id=\"bd3b848\" data-element_type=\"widget\" data-e-type=\"widget\" data-widget_type=\"pls-heading.default\">\n\t\t\t\t<div class=\"elementor-widget-container\">\n\t\t\t\t\t<div id=\"pls-header-14065\" class=\"pls-element pls-heading pls-text-center separator-none\">\t\n\t\t\t\n\t\t\t<div class=\"heading-wrap\">\n\t\t\t<span class=\"separator-left\"><\/span>\n\t\t\t<h2 class=\"heading-title\">Coming Soon<\/h2>\t\t\t<span class=\"separator-right\"><\/span>\n\t\t\t\t\t<\/div>\n\t\t\n    <\/div>\t\t\t\t<\/div>\n\t\t\t\t<\/div>\n\t\t\t\t<div class=\"elementor-element elementor-element-92546b4 elementor-widget__width-inherit elementor-widget elementor-widget-pls-newsletter\" data-id=\"92546b4\" data-element_type=\"widget\" data-e-type=\"widget\" data-widget_type=\"pls-newsletter.default\">\n\t\t\t\t<div class=\"elementor-widget-container\">\n\t\t\t\t\t<div class=\"pls-element pls-newsletter overlay-form\">\n\t<\/div>\t\t\t\t<\/div>\n\t\t\t\t<\/div>\n\t\t\t\t\t<\/div>\n\t\t\t\t<\/div>\n\t\t\t\t<\/div>","protected":false},"excerpt":{"rendered":"<p>Bient\u00f4t disponible Adresse \u00e9lectronique : S&#8217;abonner Laissez ce champ vide si vous \u00eates un \u00eatre humain :<\/p>","protected":false},"author":2,"featured_media":0,"parent":0,"menu_order":0,"comment_status":"closed","ping_status":"closed","template":"maintenance.php","meta":{"footnotes":""},"class_list":["post-24931","page","type-page","status-publish","hentry"],"yoast_head":"<!-- This site is optimized with the Yoast SEO plugin v27.2 - https:\/\/yoast.com\/product\/yoast-seo-wordpress\/ -->\n<title>Bient\u00f4t disponible - Omori WIFI<\/title>\n<meta name=\"robots\" content=\"index, follow, max-snippet:-1, max-image-preview:large, max-video-preview:-1\" \/>\n<link rel=\"canonical\" href=\"https:\/\/omoriwifi.com\/tl\/bientot-disponible\/\" \/>\n<meta property=\"og:locale\" content=\"en_US\" \/>\n<meta property=\"og:type\" content=\"article\" \/>\n<meta property=\"og:title\" content=\"Bient\u00f4t disponible - Omori WIFI\" \/>\n<meta property=\"og:description\" content=\"Bient\u00f4t disponible Adresse \u00e9lectronique : S&#8217;abonner Laissez ce champ vide si vous \u00eates un \u00eatre humain :\" \/>\n<meta property=\"og:url\" content=\"https:\/\/omoriwifi.com\/tl\/bientot-disponible\/\" \/>\n<meta property=\"og:site_name\" content=\"Omori WIFI\" \/>\n<meta name=\"twitter:card\" content=\"summary_large_image\" \/>\n<script type=\"application\/ld+json\" class=\"yoast-schema-graph\">{\"@context\":\"https:\/\/schema.org\",\"@graph\":[{\"@type\":\"WebPage\",\"@id\":\"https:\/\/omoriwifi.com\/ko\/bientot-disponible\/\",\"url\":\"https:\/\/omoriwifi.com\/ko\/bientot-disponible\/\",\"name\":\"Bient\u00f4t disponible - Omori WIFI\",\"isPartOf\":{\"@id\":\"https:\/\/omoriwifi.com\/ja\/#website\"},\"datePublished\":\"2024-04-17T07:19:36+00:00\",\"breadcrumb\":{\"@id\":\"https:\/\/omoriwifi.com\/ko\/bientot-disponible\/#breadcrumb\"},\"inLanguage\":\"tl\",\"potentialAction\":[{\"@type\":\"ReadAction\",\"target\":[\"https:\/\/omoriwifi.com\/ko\/bientot-disponible\/\"]}]},{\"@type\":\"BreadcrumbList\",\"@id\":\"https:\/\/omoriwifi.com\/ko\/bientot-disponible\/#breadcrumb\",\"itemListElement\":[{\"@type\":\"ListItem\",\"position\":1,\"name\":\"Home\",\"item\":\"https:\/\/omoriwifi.com\/ja\/\"},{\"@type\":\"ListItem\",\"position\":2,\"name\":\"Bient\u00f4t disponible\"}]},{\"@type\":\"WebSite\",\"@id\":\"https:\/\/omoriwifi.com\/ja\/#website\",\"url\":\"https:\/\/omoriwifi.com\/ja\/\",\"name\":\"Omori WiFi\",\"description\":\"My WordPress Blog\",\"potentialAction\":[{\"@type\":\"SearchAction\",\"target\":{\"@type\":\"EntryPoint\",\"urlTemplate\":\"https:\/\/omoriwifi.com\/ja\/?s={search_term_string}\"},\"query-input\":{\"@type\":\"PropertyValueSpecification\",\"valueRequired\":true,\"valueName\":\"search_term_string\"}}],\"inLanguage\":\"tl\"}]}<\/script>\n<!-- \/ Yoast SEO plugin. -->","yoast_head_json":{"title":"Bient\u00f4t disponible - Omori WIFI","robots":{"index":"index","follow":"follow","max-snippet":"max-snippet:-1","max-image-preview":"max-image-preview:large","max-video-preview":"max-video-preview:-1"},"canonical":"https:\/\/omoriwifi.com\/tl\/bientot-disponible\/","og_locale":"en_US","og_type":"article","og_title":"Bient\u00f4t disponible - Omori WIFI","og_description":"Bient\u00f4t disponible Adresse \u00e9lectronique : S&#8217;abonner Laissez ce champ vide si vous \u00eates un \u00eatre humain :","og_url":"https:\/\/omoriwifi.com\/tl\/bientot-disponible\/","og_site_name":"Omori WIFI","twitter_card":"summary_large_image","schema":{"@context":"https:\/\/schema.org","@graph":[{"@type":"WebPage","@id":"https:\/\/omoriwifi.com\/ko\/bientot-disponible\/","url":"https:\/\/omoriwifi.com\/ko\/bientot-disponible\/","name":"Bient\u00f4t disponible - Omori WIFI","isPartOf":{"@id":"https:\/\/omoriwifi.com\/ja\/#website"},"datePublished":"2024-04-17T07:19:36+00:00","breadcrumb":{"@id":"https:\/\/omoriwifi.com\/ko\/bientot-disponible\/#breadcrumb"},"inLanguage":"tl","potentialAction":[{"@type":"ReadAction","target":["https:\/\/omoriwifi.com\/ko\/bientot-disponible\/"]}]},{"@type":"BreadcrumbList","@id":"https:\/\/omoriwifi.com\/ko\/bientot-disponible\/#breadcrumb","itemListElement":[{"@type":"ListItem","position":1,"name":"Home","item":"https:\/\/omoriwifi.com\/ja\/"},{"@type":"ListItem","position":2,"name":"Bient\u00f4t disponible"}]},{"@type":"WebSite","@id":"https:\/\/omoriwifi.com\/ja\/#website","url":"https:\/\/omoriwifi.com\/ja\/","name":"Omori WiFi","description":"Aking WordPress Blog","potentialAction":[{"@type":"SearchAction","target":{"@type":"EntryPoint","urlTemplate":"https:\/\/omoriwifi.com\/ja\/?s={search_term_string}"},"query-input":{"@type":"PropertyValueSpecification","valueRequired":true,"valueName":"search_term_string"}}],"inLanguage":"tl"}]}},"_links":{"self":[{"href":"https:\/\/omoriwifi.com\/tl\/wp-json\/wp\/v2\/pages\/24931","targetHints":{"allow":["GET"]}}],"collection":[{"href":"https:\/\/omoriwifi.com\/tl\/wp-json\/wp\/v2\/pages"}],"about":[{"href":"https:\/\/omoriwifi.com\/tl\/wp-json\/wp\/v2\/types\/page"}],"author":[{"embeddable":true,"href":"https:\/\/omoriwifi.com\/tl\/wp-json\/wp\/v2\/users\/2"}],"replies":[{"embeddable":true,"href":"https:\/\/omoriwifi.com\/tl\/wp-json\/wp\/v2\/comments?post=24931"}],"version-history":[{"count":0,"href":"https:\/\/omoriwifi.com\/tl\/wp-json\/wp\/v2\/pages\/24931\/revisions"}],"wp:attachment":[{"href":"https:\/\/omoriwifi.com\/tl\/wp-json\/wp\/v2\/media?parent=24931"}],"curies":[{"name":"wp","href":"https:\/\/api.w.org\/{rel}","templated":true}]}}