{"id":24968,"date":"2025-03-28T00:40:25","date_gmt":"2025-03-28T00:40:25","guid":{"rendered":"https:\/\/peachpuff-dugong-919786.hostingersite.com\/termos-e-condicoes\/"},"modified":"2025-03-28T00:40:25","modified_gmt":"2025-03-28T00:40:25","slug":"termos-e-condicoes","status":"publish","type":"page","link":"https:\/\/omoriwifi.com\/uk\/termos-e-condicoes\/","title":{"rendered":"\u0423\u043c\u043e\u0432\u0438 \u0442\u0430 \u043f\u043e\u043b\u043e\u0436\u0435\u043d\u043d\u044f"},"content":{"rendered":"<p><strong>\u0412\u0441\u0442\u0443\u043f<\/strong><\/p>\n\n\n\n<p>\u0411\u0435\u043c-\u0432\u0456\u043d\u0434\u043e \u0430\u043e <strong>\u041e\u041c\u041e\u0420\u0406-\u041c\u0410\u0420\u0422<\/strong>, um mercado on-line operado pela <strong>COMFYS JAPAN LLC<\/strong>.&nbsp;<\/p>\n\n\n\n<p>Ao acessar ou usar nosso site e nossos servi\u00e7os, voc\u00ea concorda em cumprir e estar vinculado aos seguintes Termos e Condi\u00e7\u00f5es. Leia estes termos com aten\u00e7\u00e3o, pois eles regem o uso que voc\u00ea faz do site ea compra de produtos da OMORI-MART. <\/p>\n\n\n\n<h4 class=\"wp-block-heading\"><strong>1. \u0417\u0430\u0433\u0430\u043b\u044c\u043d\u0430 \u0456\u043d\u0444\u043e\u0440\u043c\u0430\u0446\u0456\u044f<\/strong><\/h4>\n\n\n\n<ul class=\"wp-block-list\">\n<li><strong>\u041d\u0430\u0437\u0432\u0430 \u043a\u043e\u043c\u043f\u0430\u043d\u0456\u0457<\/strong>: COMFYS JAPAN LLC<\/li>\n\n\n\n<li><strong>\u0415\u043c\u0435\u0439\u043b \u043f\u0438\u0441\u044c\u043c\u0430<\/strong>: R Cube Aoyama, 3rd Floor, 1-3-1 Kita-Aoyama, Minato-ku, T\u00f3quio, 107-0061, \u042f\u043f\u043e\u043d\u0456\u044f<\/li>\n\n\n\n<li><strong>\u0421\u0430\u0439\u0442:<\/strong> https:\/\/peachpuff-dugong-919786.hostingersite.com\/<\/li>\n\n\n\n<li><strong>\u041e\u043f\u0438\u0441 \u043a\u043e\u043c\u043f\u0430\u043d\u0456\u0457<\/strong>: Fazemos com que voc\u00ea fique conectado no Jap\u00e3o de forma simples e sem complica\u00e7\u00f5es. N\u00e3o importa se voc\u00ea est\u00e1 visitando o pa\u00eds para uma viagem curta ou planejando uma longa estadia, nossos cart\u00f5es SIM e solu\u00e7\u00f5es Wi-Fi dom\u00e9sticas garantem que voc\u00ea tenha uma internet confi\u00e1vel e de alta velocidade onde quer que v\u00e1. Sem contratos complicados, sem verifica\u00e7\u00f5es de cr\u00e9dito \u2013 apenas conectividade perfeita. Nossa miss\u00e3o \u00e9 fornecer servi\u00e7os de dados m\u00f3veis e Wi-Fi acess\u00edveis e econ\u00f4micos sem as barreiras t\u00edpicas. Com planos flex\u00edveis, frete gratis e op\u00e7\u00f5es de retirada f\u00e1ceis, priorizamos a conveni\u00eancia para que voc\u00ea possa se concentrar em aproveitar seu tempo no Jap\u00e3o.   <\/li>\n<\/ul>\n\n\n\n<h4 class=\"wp-block-heading\"><strong>2. \u041f\u0440\u0430\u0432\u043e \u043d\u0430 \u0432\u0438\u043a\u043e\u0440\u0438\u0441\u0442\u0430\u043d\u043d\u044f<\/strong><\/h4>\n\n\n\n<p>Ao usar a SIM-OMORI-MART, voc\u00ea confirma que \u00e9 maior de idade<\/p>\n\n\n\n<h4 class=\"wp-block-heading\"><strong>3. \u041e\u043f\u043b\u0430\u0442\u0430 \u0442\u0430 \u043f\u043b\u0430\u0442\u0435\u0436\u0456<\/strong><\/h4>\n\n\n\n<p>3.1 <strong>\u041f\u0440\u043e\u0446\u0435\u0441 \u0434\u043e\u0433\u043b\u044f\u0434\u0443 \u0437\u0430 \u043d\u043e\u0433\u0430\u043c\u0438<\/strong>:<\/p>\n\n\n\n<ul class=\"wp-block-list\">\n<li>\u0423\u0441\u0456 \u0434\u0430\u043d\u0456, \u043e\u0442\u0440\u0438\u043c\u0430\u043d\u0456 \u0432\u0456\u0434 SIM-OMORI-MART, \u043d\u0430\u043b\u0435\u0436\u0430\u0442\u044c \u043a\u043e\u043c\u043f\u0430\u043d\u0456\u0457 COMFYS JAPAN LLC. Assim que seu pedido for recebido, enviaremos uma confirma\u00e7\u00e3o do pedido por e-mail. No entanto, reservamo-nos o direito de cancelar ou limitar os pedidos devido \u00e0 disponibilidade do produto, erros de pre\u00e7os ou qualquer outro motivo a nosso crit\u00e9rio.  <\/li>\n<\/ul>\n\n\n\n<p>3.2 <strong>\u041c\u0435\u0442\u043e\u0434\u0438 \u043e\u043f\u043b\u0430\u0442\u0438<\/strong>:<\/p>\n\n\n\n<ul class=\"wp-block-list\">\n<li>Aceitamos os principais cart\u00f5es de cr\u00e9dito, transfer\u00eancias bankc\u00e1rias e outras formas de pagamento, conforme listado em nosso site. Todos os pre\u00e7os est\u00e3o listedos em ienes japoneses (JPY) e incluem todos os impostos aplic\u00e1veis, salvo indic\u00e3o em contr\u00e1rio. <\/li>\n<\/ul>\n\n\n\n<p>3.3 <strong>\u0421\u043a\u0430\u0441\u0443\u0432\u0430\u043d\u043d\u044f \u0442\u0430 \u0441\u043a\u0430\u0441\u0443\u0432\u0430\u043d\u043d\u044f<\/strong>:<\/p>\n\n\n\n<ul class=\"wp-block-list\">\n<li>Os clientes podem solicitar o cancelamento do pedido antes do envio. Depois que o produto for enviado, os cancelamentos n\u00e3o ser\u00e3o permitidos. Os reembolsos podem ser emitidos em caso de produtos defeituosos ou erros de entrega, sujeitos a inspe\u00e7\u00e3o. Para pedidos de reembolso, entre em contato com nossa equipe de suporte ao cliente em at\u00e9 7 dias ap\u00f3s o recebimento do pedido.   <\/li>\n<\/ul>\n\n\n\n<h4 class=\"wp-block-heading\"><strong>4. Disponibilidade e pre\u00e7o do produto<\/strong><\/h4>\n\n\n\n<p>4.1 <strong>\u0414\u043e\u0441\u0442\u0443\u043f\u043d\u0456\u0441\u0442\u044c<\/strong>:<\/p>\n\n\n\n<ul class=\"wp-block-list\">\n<li>N\u00f3s nos esfor\u00e7amos para manter n\u00edveis precisos de estoque em nosso site. No entanto, devido \u00e0 alta demanda ou \u00e0s flutua\u00e7\u00f5es da cadeia de suprimentos, alguns itens podem ficar indispon\u00edveis ap\u00f3s a realiza\u00e7\u00e3o do seu pedido. Nesses casos, notificaremos voc\u00ea e ofereceremos um produto substituto ou processaremos um reembolso.  <\/li>\n<\/ul>\n\n\n\n<p>4.2 <strong>\u0422\u043e\u0447\u043d\u0456\u0441\u0442\u044c<\/strong>:<\/p>\n\n\n\n<ul class=\"wp-block-list\">\n<li>Os pre\u00e7os de nossos produtos est\u00e3o sujeitos a altera\u00e7\u00f5es sem aviso pr\u00e9vio. Fazemos todos os esfor\u00e7os para garantir pre\u00e7os precisos em nosso site, mas podem ocorrer erros. No caso de um erro de pre\u00e7o, reservamo-nos o direito de cancelar o pedido afetado e notificar o cliente adequadamente.  <\/li>\n<\/ul>\n\n\n\n<h4 class=\"wp-block-heading\"><strong>5. \u041d\u0430\u0434\u0456\u0441\u043b\u0430\u0442\u0438 \u0442\u0430 \u0432\u043d\u0435\u0441\u0442\u0438<\/strong><\/h4>\n\n\n\n<p>5.1 <strong>\u0412\u0445\u0456\u0434\u043d\u0430 \u0437\u043e\u043d\u0430<\/strong>:<\/p>\n\n\n\n<ul class=\"wp-block-list\">\n<li>Atualmente, a SIM-OMORI-MART faz entregas somente para endere\u00e7os no Jap\u00e3o. N\u00e3o fazemos envios internacionais. <\/li>\n<\/ul>\n\n\n\n<p>5.2 <strong>\u0422\u0430\u043a\u0441\u0438 \u0440\u0435\u043c\u0435\u0441\u0438<\/strong>:<\/p>\n\n\n\n<ul class=\"wp-block-list\">\n<li>As taxas de remessa variam de acordo com o tamanho eo peso do seu pedido. Todos os custos de remessa aplic\u00e1veis ser\u00e3o exibidos na finaliza\u00e7\u00e3o da compra. O frete gratis pode estar dispon\u00edvel para pedidos em grandes quantidades, dependendo do total do pedido.  <\/li>\n<\/ul>\n\n\n\n<p>5.3 <strong>\u041f\u0440\u0430\u0446\u044f \u0432\u0445\u043e\u0434\u0443<\/strong>:<\/p>\n\n\n\n<ul class=\"wp-block-list\">\n<li>Normalmente, os pedidos s\u00e3o processados dentro de 2 a 3 dias \u00fateis. Os prazos de entrega podem variar de acordo com a sua localiza\u00e7\u00e3o eo m\u00e9todo de envio selecionado. A OMORI-MART n\u00e3o \u00e9 respons\u00e1vel por atrasos causados por fatores externos, como condi\u00e7\u00f5es clim\u00e1ticas, problemas com a transportadora ou libera\u00e7\u00e3o alfandeg\u00e1ria.  <\/li>\n<\/ul>\n\n\n\n<h4 class=\"wp-block-heading\"><strong>6. Politica de devolu\u00e7\u00e3o e reembolso<\/strong><\/h4>\n\n\n\n<p>6.1 <strong>Elegibilidade para devolu\u00e7\u00f5es<\/strong>:<\/p>\n\n\n\n<ul class=\"wp-block-list\">\n<li>Os produtos que chegam danificados ou com defeito podem ser devolvidos. Os clientes devem nos notificar em at\u00e9 7 dias ap\u00f3s o recebimento e fornecer prova do dano ou defeito. Itens perec\u00edveis, inclusive produtos de carne, devem ser informados em at\u00e9 24 horas ap\u00f3s o recebimento.  <\/li>\n<\/ul>\n\n\n\n<p>6.2 <strong>Itens que n\u00e3o podem ser devolvidos<\/strong>:<\/p>\n\n\n\n<ul class=\"wp-block-list\">\n<li>Bebidas alco\u00f3licas e outros produtos perec\u00edveis (como carne) n\u00e3o podem ser devolvidos, a menos que estejam danificados na chegada ou que haja um erro na entrega.<\/li>\n<\/ul>\n\n\n\n<p>6.3 <strong>\u041f\u0440\u043e\u0446\u0435\u0441 \u0440\u0435\u0435\u043c\u0431\u043e\u043b\u0456\u0437\u0430\u0446\u0456\u0457<\/strong>:<\/p>\n\n\n\n<ul class=\"wp-block-list\">\n<li>Assim que confirmarmos a elegibilidade de uma devolu\u00e7\u00e3o, os reembolsos ser\u00e3o processados para o m\u00e9todo de pagamento original. Os reembolsos podem levar at\u00e9 10 dias \u00fateis para aparecer, dependendo da sua institui\u00e7\u00e3o financeira. <\/li>\n<\/ul>\n\n\n\n<h4 class=\"wp-block-heading\"><strong>7. \u041f\u043e\u043b\u0456\u0442\u0438\u043a\u0430 \u043a\u043e\u043d\u0444\u0456\u0434\u0435\u043d\u0446\u0456\u0439\u043d\u043e\u0441\u0442\u0456<\/strong><\/h4>\n\n\n\n<p>Temos o compromisso de proteger suas informa\u00e7\u00f5es pessoais. Todos os dados de clientes coletados pela OMORI-MART s\u00e3o tratados de acordo com nossa Politica de Privacidade. N\u00e3o compartilhamos ou vendemos suas informa\u00e7\u00f5es pessoais a terceiros sem o seu consentimento, exceto quando exigido por lei.  <\/p>\n\n\n\n<h4 class=\"wp-block-heading\"><strong>8. Limita\u00e7\u00e3o de responsabilidade<\/strong><\/h4>\n\n\n\n<p>\u041a\u043e\u043c\u043f\u0430\u043d\u0456\u044f COMFYS JAPAN LLC \u043d\u0435 \u043d\u0435\u0441\u0435 \u0432\u0456\u0434\u043f\u043e\u0432\u0456\u0434\u0430\u043b\u044c\u043d\u043e\u0441\u0442\u0456 \u0437\u0430 \u0431\u0443\u0434\u044c-\u044f\u043a\u0456 \u0434\u0430\u043d\u0456, \u043f\u043e\u0432\u2019\u044f\u0437\u0430\u043d\u0456 \u0437 \u0432\u0438\u043a\u043e\u0440\u0438\u0441\u0442\u0430\u043d\u043d\u044f\u043c OMORI-MART \u0430\u0431\u043e \u043f\u0440\u043e\u0434\u0443\u043a\u0442\u0430\u043c\u0438, \u044f\u043a\u0456 \u043f\u0440\u043e\u0434\u0430\u044e\u0442\u044c\u0441\u044f \u043d\u0430 \u043d\u0430\u0448\u043e\u043c\u0443 \u0441\u0430\u0439\u0442\u0456. Nossa responsabilidade m\u00e1xima est\u00e1 limitada ao valor pago pelo(s) produto(s) em quest\u00e3o. <\/p>\n\n\n\n<h4 class=\"wp-block-heading\"><strong>9. \u0417\u0430\u0441\u0442\u043e\u0441\u043e\u0432\u0443\u0432\u0430\u043d\u0435 \u0437\u0430\u043a\u043e\u043d\u043e\u0434\u0430\u0432\u0441\u0442\u0432\u043e<\/strong><\/h4>\n\n\n\n<p>Os Termos e Condi\u00e7\u00f5es s\u00e3o regidos pelas leis do Jap\u00e3o. Quaisquer disputas decorrentes do seu uso da SIM-OMORI-MART estar\u00e3o sujeitas \u00e0 jurisdi\u00e7\u00e3o exclusiva dos tribunais de T\u00f3quio, Jap\u00e3o. <\/p>\n\n\n\n<h4 class=\"wp-block-heading\"><strong>10. Altera\u00e7\u00f5es nos Termos e Condi\u00e7\u00f5es<\/strong><\/h4>\n\n\n\n<p>COMFYS JAPAN LLC \u0437\u0431\u0435\u0440\u0456\u0433\u0430\u0454 \u0437\u0430 \u0441\u043e\u0431\u043e\u044e \u0434\u0438\u0440\u0435\u0456\u0442\u043e \u0434\u0435 \u043e\u043d\u043e\u0432\u0438\u0442\u0438 \u0430\u0431\u043e \u043c\u043e\u0434\u0438\u0444\u0456\u043a\u0443\u0432\u0430\u0442\u0438 \u0446\u0456 \u0443\u043c\u043e\u0432\u0438 \u0442\u0430 \u0443\u043c\u043e\u0432\u0438 \u043d\u0430 \u0431\u0443\u0434\u044c-\u044f\u043a\u0438\u0439 \u043c\u043e\u043c\u0435\u043d\u0442. As altera\u00e7\u00f5es ser\u00e3o publicadas no site da OMORI-MART, eo uso continuado de nossos servi\u00e7os ap\u00f3s quaisquer altera\u00e7\u00f5es significa que voc\u00ea aceita os termos revisados. <\/p>\n\n\n\n<p>Em caso de d\u00favidas ou preocupa\u00e7\u00f5es com rela\u00e7\u00e3o a estes Termos e Condi\u00e7\u00f5es, entre em contato com nossa equipe de atendimento ao cliente pelo <strong>\u0435\u043b\u0435\u043a\u0442\u0440\u043e\u043d\u043d\u043e\u044e \u043f\u043e\u0448\u0442\u043e\u044e support@omorimart.com.<\/strong><\/p>\n\n\n\n<p>Ao usar o OMORI-MART, voc\u00ea reconhece que leu, entendeu e concorda em se vincular a estes Termos e Condi\u00e7\u00f5es.<\/p>","protected":false},"excerpt":{"rendered":"<p>Introdu\u00e7\u00e3o Bem-vindo ao OMORI-MART, um mercado on-line operado pela COMFYS JAPAN LLC.&nbsp; Ao acessar ou usar nosso site e nossos servi\u00e7os, voc\u00ea concorda em cumprir e estar vinculado aos seguintes<\/p>","protected":false},"author":2,"featured_media":0,"parent":0,"menu_order":0,"comment_status":"closed","ping_status":"closed","template":"","meta":{"footnotes":""},"class_list":["post-24968","page","type-page","status-publish","hentry"],"yoast_head":"<!-- This site is optimized with the Yoast SEO plugin v27.2 - https:\/\/yoast.com\/product\/yoast-seo-wordpress\/ -->\n<title>Termos e condi\u00e7\u00f5es - Omori WIFI<\/title>\n<meta name=\"robots\" content=\"index, follow, max-snippet:-1, max-image-preview:large, max-video-preview:-1\" \/>\n<link rel=\"canonical\" href=\"https:\/\/omoriwifi.com\/uk\/termos-e-condicoes\/\" \/>\n<meta property=\"og:locale\" content=\"uk_UA\" \/>\n<meta property=\"og:type\" content=\"article\" \/>\n<meta property=\"og:title\" content=\"Termos e condi\u00e7\u00f5es - Omori WIFI\" \/>\n<meta property=\"og:description\" content=\"Introdu\u00e7\u00e3o Bem-vindo ao OMORI-MART, um mercado on-line operado pela COMFYS JAPAN LLC.&nbsp; Ao acessar ou usar nosso site e nossos servi\u00e7os, voc\u00ea concorda em cumprir e estar vinculado aos seguintes\" \/>\n<meta property=\"og:url\" content=\"https:\/\/omoriwifi.com\/uk\/termos-e-condicoes\/\" \/>\n<meta property=\"og:site_name\" content=\"Omori WIFI\" \/>\n<meta name=\"twitter:card\" content=\"summary_large_image\" \/>\n<meta name=\"twitter:label1\" content=\"\u041f\u0440\u0438\u0431\u043b. \u0447\u0430\u0441 \u0447\u0438\u0442\u0430\u043d\u043d\u044f\" \/>\n\t<meta name=\"twitter:data1\" content=\"5 \u0445\u0432\u0438\u043b\u0438\u043d\" \/>\n<script type=\"application\/ld+json\" class=\"yoast-schema-graph\">{\"@context\":\"https:\/\/schema.org\",\"@graph\":[{\"@type\":\"WebPage\",\"@id\":\"https:\/\/omoriwifi.com\/uk\/termos-e-condicoes\/\",\"url\":\"https:\/\/omoriwifi.com\/uk\/termos-e-condicoes\/\",\"name\":\"Termos e condi\u00e7\u00f5es - Omori WIFI\",\"isPartOf\":{\"@id\":\"https:\/\/omoriwifi.com\/ja\/#website\"},\"datePublished\":\"2025-03-28T00:40:25+00:00\",\"breadcrumb\":{\"@id\":\"https:\/\/omoriwifi.com\/uk\/termos-e-condicoes\/#breadcrumb\"},\"inLanguage\":\"uk\",\"potentialAction\":[{\"@type\":\"ReadAction\",\"target\":[\"https:\/\/omoriwifi.com\/uk\/termos-e-condicoes\/\"]}]},{\"@type\":\"BreadcrumbList\",\"@id\":\"https:\/\/omoriwifi.com\/uk\/termos-e-condicoes\/#breadcrumb\",\"itemListElement\":[{\"@type\":\"ListItem\",\"position\":1,\"name\":\"Home\",\"item\":\"https:\/\/omoriwifi.com\/ja\/\"},{\"@type\":\"ListItem\",\"position\":2,\"name\":\"Termos e condi\u00e7\u00f5es\"}]},{\"@type\":\"WebSite\",\"@id\":\"https:\/\/omoriwifi.com\/ja\/#website\",\"url\":\"https:\/\/omoriwifi.com\/ja\/\",\"name\":\"Omori WiFi\",\"description\":\"My WordPress Blog\",\"potentialAction\":[{\"@type\":\"SearchAction\",\"target\":{\"@type\":\"EntryPoint\",\"urlTemplate\":\"https:\/\/omoriwifi.com\/ja\/?s={search_term_string}\"},\"query-input\":{\"@type\":\"PropertyValueSpecification\",\"valueRequired\":true,\"valueName\":\"search_term_string\"}}],\"inLanguage\":\"uk\"}]}<\/script>\n<!-- \/ Yoast SEO plugin. -->","yoast_head_json":{"title":"Termos e condi\u00e7\u00f5es - Omori WIFI","robots":{"index":"index","follow":"follow","max-snippet":"max-snippet:-1","max-image-preview":"max-image-preview:large","max-video-preview":"max-video-preview:-1"},"canonical":"https:\/\/omoriwifi.com\/uk\/termos-e-condicoes\/","og_locale":"uk_UA","og_type":"article","og_title":"Termos e condi\u00e7\u00f5es - Omori WIFI","og_description":"Introdu\u00e7\u00e3o Bem-vindo ao OMORI-MART, um mercado on-line operado pela COMFYS JAPAN LLC.&nbsp; Ao acessar ou usar nosso site e nossos servi\u00e7os, voc\u00ea concorda em cumprir e estar vinculado aos seguintes","og_url":"https:\/\/omoriwifi.com\/uk\/termos-e-condicoes\/","og_site_name":"Omori WIFI","twitter_card":"summary_large_image","twitter_misc":{"\u041f\u0440\u0438\u0431\u043b. \u0447\u0430\u0441 \u0447\u0438\u0442\u0430\u043d\u043d\u044f":"5 \u0445\u0432\u0438\u043b\u0438\u043d"},"schema":{"@context":"https:\/\/schema.org","@graph":[{"@type":"WebPage","@id":"https:\/\/omoriwifi.com\/uk\/termos-e-condicoes\/","url":"https:\/\/omoriwifi.com\/uk\/termos-e-condicoes\/","name":"Termos e condi\u00e7\u00f5es - Omori WIFI","isPartOf":{"@id":"https:\/\/omoriwifi.com\/ja\/#website"},"datePublished":"2025-03-28T00:40:25+00:00","breadcrumb":{"@id":"https:\/\/omoriwifi.com\/uk\/termos-e-condicoes\/#breadcrumb"},"inLanguage":"uk","potentialAction":[{"@type":"ReadAction","target":["https:\/\/omoriwifi.com\/uk\/termos-e-condicoes\/"]}]},{"@type":"BreadcrumbList","@id":"https:\/\/omoriwifi.com\/uk\/termos-e-condicoes\/#breadcrumb","itemListElement":[{"@type":"ListItem","position":1,"name":"Home","item":"https:\/\/omoriwifi.com\/ja\/"},{"@type":"ListItem","position":2,"name":"Termos e condi\u00e7\u00f5es"}]},{"@type":"WebSite","@id":"https:\/\/omoriwifi.com\/ja\/#website","url":"https:\/\/omoriwifi.com\/ja\/","name":"Wi-Fi \u0432 \u041e\u043c\u043e\u0440\u0456","description":"\u041c\u0456\u0439 \u0431\u043b\u043e\u0433 \u043d\u0430 WordPress","potentialAction":[{"@type":"SearchAction","target":{"@type":"EntryPoint","urlTemplate":"https:\/\/omoriwifi.com\/ja\/?s={search_term_string}"},"query-input":{"@type":"PropertyValueSpecification","valueRequired":true,"valueName":"search_term_string"}}],"inLanguage":"uk"}]}},"_links":{"self":[{"href":"https:\/\/omoriwifi.com\/uk\/wp-json\/wp\/v2\/pages\/24968","targetHints":{"allow":["GET"]}}],"collection":[{"href":"https:\/\/omoriwifi.com\/uk\/wp-json\/wp\/v2\/pages"}],"about":[{"href":"https:\/\/omoriwifi.com\/uk\/wp-json\/wp\/v2\/types\/page"}],"author":[{"embeddable":true,"href":"https:\/\/omoriwifi.com\/uk\/wp-json\/wp\/v2\/users\/2"}],"replies":[{"embeddable":true,"href":"https:\/\/omoriwifi.com\/uk\/wp-json\/wp\/v2\/comments?post=24968"}],"version-history":[{"count":0,"href":"https:\/\/omoriwifi.com\/uk\/wp-json\/wp\/v2\/pages\/24968\/revisions"}],"wp:attachment":[{"href":"https:\/\/omoriwifi.com\/uk\/wp-json\/wp\/v2\/media?parent=24968"}],"curies":[{"name":"\u0412\u041f","href":"https:\/\/api.w.org\/{rel}","templated":true}]}}