{"id":24984,"date":"2025-03-25T17:10:57","date_gmt":"2025-03-25T17:10:57","guid":{"rendered":"https:\/\/peachpuff-dugong-919786.hostingersite.com\/politica-de-privacidade\/"},"modified":"2025-03-25T17:10:57","modified_gmt":"2025-03-25T17:10:57","slug":"politica-de-privacidade","status":"publish","type":"page","link":"https:\/\/omoriwifi.com\/uk\/politica-de-privacidade\/","title":{"rendered":"\u041f\u043e\u043b\u0456\u0442\u0438\u043a\u0430 \u043a\u043e\u043d\u0444\u0456\u0434\u0435\u043d\u0446\u0456\u0439\u043d\u043e\u0441\u0442\u0456"},"content":{"rendered":"<h3 class=\"wp-block-heading\"><strong>\u0414\u0430\u043d\u0456 \u0432\u0438\u0433\u043e\u043d\u043a\u0438<\/strong>: 20 \u043a\u0432\u0456\u0442\u043d\u044f 2025 \u0440\u043e\u043a\u0443<\/h3>\n\n\n\n<p>\u041d\u0456<strong> \u0421\u0406\u041c-\u041e\u041c\u041e\u0420\u0406-\u041c\u0410\u0420\u0422<\/strong>, \u0437\u0434\u0456\u0439\u0441\u043d\u0435\u043d\u043e&nbsp;<strong>COMFYS JAPAN LLC<\/strong>, temos o compromisso de proteger sua privacidade e garantir a seguran\u00e7a de suas informa\u00e7\u00f5es pessoais. Esta Pol\u00edtica de Privacidade descreve como coletamos, usamos, divulgamos e protegemos suas informa\u00e7\u00f5es quando voc\u00ea visita ou faz uma compra em nosso site. Ao usar nosso site e nossos servi\u00e7os, voc\u00ea concorda com as pr\u00e1ticas descritas nesta Politica de Privacidade.  <\/p>\n\n\n\n<h4 class=\"wp-block-heading\">&nbsp;<\/h4>\n\n\n\n<h4 class=\"wp-block-heading\"><strong>1. Informa\u00e7\u00f5es que coletamos<\/strong><\/h4>\n\n\n\n<p>Coletamos informa\u00e7\u00f5es pessoais de voc\u00ea para fornecer nossos servi\u00e7os e melhorar sua experi\u00eancia na OMORI-MART. Os tipos de informa\u00e7\u00f5es que coletamos incluem: <\/p>\n\n\n\n<p>1.1 <strong>\u0406\u043d\u0444\u043e\u0440\u043c\u0430\u0446\u0456\u044f \u043f\u0440\u043e \u043b\u044e\u0434\u0435\u0439<\/strong>:<\/p>\n\n\n\n<ul class=\"wp-block-list\">\n<li>\u041d\u043e\u043c<\/li>\n\n\n\n<li>\u0415\u043d\u0434\u0435\u0440\u0435\u0441\u043e<\/li>\n\n\n\n<li>\u0415\u043b\u0435\u043a\u0442\u0440\u043e\u043d\u043d\u0430 \u0430\u0434\u0440\u0435\u0441\u0430<\/li>\n\n\n\n<li>\u041d\u043e\u043c\u0435\u0440 \u0442\u0435\u043b\u0435\u0444\u043e\u043d\u0443<\/li>\n\n\n\n<li>Informa\u00e7\u00f5es de pagamento (detalhes de cart\u00e3o de cr\u00e9dito, detalhes de transfer\u00eancia bank\u00e1ria \u0442\u043e\u0449\u043e)<\/li>\n\n\n\n<li>Data de nascimento (para verificar a idade legal para beber)<\/li>\n<\/ul>\n\n\n\n<p>1.2 <strong>\u0406\u043d\u0444\u043e\u0440\u043c\u0430\u0446\u0456\u044f \u043d\u0435 \u0434\u043b\u044f \u043b\u044e\u0434\u0435\u0439<\/strong>:<\/p>\n\n\n\n<ul class=\"wp-block-list\">\n<li>\u0422\u0438\u043f \u043d\u0430\u0432\u0456\u0433\u0430\u0442\u043e\u0440\u0430<\/li>\n\n\n\n<li>Informa\u00e7\u00f5es sobre o dispositivo<\/li>\n\n\n\n<li>\u0415\u043d\u0434\u0435\u0440\u0435\u0441\u043e \u0406\u041f<\/li>\n\n\n\n<li>Dados de uso do site (p\u00e1ginas visitadadas, tempo gasto no site \u0442\u043e\u0449\u043e)<\/li>\n<\/ul>\n\n\n\n<h4 class=\"wp-block-heading\"><strong>2. Como usamos suas informa\u00e7\u00f5es<\/strong><\/h4>\n\n\n\n<p>Usamos as informa\u00e7\u00f5es que coletamos de voc\u00ea para as seguintes finalidades:<\/p>\n\n\n\n<p>2.1 <strong>\u041e\u0431\u0440\u043e\u0431\u043a\u0430 \u043d\u0456\u0433\u0442\u0456\u0432<\/strong>:<\/p>\n\n\n\n<ul class=\"wp-block-list\">\n<li>Para processar e concluir seus pedidos, inclusive o processamento de remessas e pagamentos.<\/li>\n\n\n\n<li>Para fornecer confirma\u00e7\u00f5es de pedidos, recibos e informa\u00e7\u00f5es de rastreamento por e-mail ou telefone.<\/li>\n<\/ul>\n\n\n\n<p>2.2 <strong>\u041e\u0431\u0441\u043b\u0443\u0433\u043e\u0432\u0443\u0432\u0430\u043d\u043d\u044f \u043a\u043b\u0456\u0454\u043d\u0442\u0456\u0432<\/strong>:<\/p>\n\n\n\n<ul class=\"wp-block-list\">\n<li>Para responder \u00e0s suas perguntas, solicita\u00e7\u00f5es ou reclama\u00e7\u00f5es.<\/li>\n\n\n\n<li>Para notificar voc\u00ea sobre atualiza\u00e7\u00f5es ou altera\u00e7\u00f5es em seu pedido.<\/li>\n<\/ul>\n\n\n\n<p>2.3 <strong>\u041f\u0435\u0440\u0441\u043e\u043d\u0430\u043b\u0456\u0437\u0430\u0446\u0456\u044f<\/strong>:<\/p>\n\n\n\n<ul class=\"wp-block-list\">\n<li>Para personalizar sua experi\u00eancia de compra, recomendando produtos com base em seu hist\u00f3rico de navega\u00e7\u00e3o e compras.<\/li>\n\n\n\n<li>Para melhorar a funcionalidade do nosso site ea experi\u00eancia do usu\u00e1rio.<\/li>\n<\/ul>\n\n\n\n<p>2.4 <strong>\u041c\u0430\u0440\u043a\u0435\u0442\u0438\u043d\u0433 \u0442\u0430 \u043f\u0440\u043e\u0441\u0443\u0432\u0430\u043d\u043d\u044f<\/strong>:<\/p>\n\n\n\n<ul class=\"wp-block-list\">\n<li>Para enviar a voc\u00ea ofertas promocionais, descontos e atualiza\u00e7\u00f5es sobre os produtos e servi\u00e7os da OMORI-MART (somente se voc\u00ea optar por receber comunica\u00e7\u00f5es de marketing).<\/li>\n\n\n\n<li>Para informar voc\u00ea sobre descontos especiais em pedidos em massa de bebidas alco\u00f3licas e produtos de carne.<\/li>\n<\/ul>\n\n\n\n<p>2.5 <strong>\u041f\u0456\u0434\u0442\u0432\u0435\u0440\u0434\u0436\u0435\u043d\u043d\u044f \u044f\u043a \u043b\u0435\u0457<\/strong>:<\/p>\n\n\n\n<ul class=\"wp-block-list\">\n<li>Para atender a requisitos legais, como verificar a idade legal para a compra de bebidas alco\u00f3licas.<\/li>\n<\/ul>\n\n\n\n<h4 class=\"wp-block-heading\">&nbsp;<\/h4>\n\n\n\n<h4 class=\"wp-block-heading\"><strong>3. Compartilhamento de informa\u00e7\u00f5es<\/strong><\/h4>\n\n\n\n<p>Respeitamos sua privacidade e n\u00e3o venderemos, alugaremos ou trocaremos suas informa\u00e7\u00f5es pessoais com terceiros. Entretanto, podemos compartilhar suas informa\u00e7\u00f5es com: <\/p>\n\n\n\n<p>3.1 <strong>\u041f\u043e\u0441\u0442\u0430\u0447\u0430\u043b\u044c\u043d\u0438\u043a\u0438 \u043f\u043e\u0441\u043b\u0443\u0433<\/strong>:<\/p>\n\n\n\n<ul class=\"wp-block-list\">\n<li>Empresas terceirizadas que auxiliam no processamento de pagamentos, envio e atendimento de pedidos.<\/li>\n\n\n\n<li>Provedores de servi\u00e7os para manuten\u00e7\u00e3o, an\u00e1lise e marketing de sites.<\/li>\n<\/ul>\n\n\n\n<p>3.2 <strong>\u042e\u0440\u0438\u0434\u0438\u0447\u043d\u0430 \u0432\u0456\u0434\u043f\u043e\u0432\u0456\u0434\u043d\u0456\u0441\u0442\u044c<\/strong>:<\/p>\n\n\n\n<ul class=\"wp-block-list\">\n<li>Se exigido por lei, poderemos divulgar informa\u00e7\u00f5es pessoais a autoridades governamentais ou outros terceiros para cumprir obriga\u00e7\u00f5es legais, evitar fraudes ou proteger os direitos da OMORI-MART e de seus clientes.<\/li>\n<\/ul>\n\n\n\n<h4 class=\"wp-block-heading\">&nbsp;<\/h4>\n\n\n\n<h4 class=\"wp-block-heading\"><strong>4. \u0411\u0435\u0437\u043f\u0435\u043a\u0430 \u0434\u0430\u043d\u0438\u0445<\/strong><\/h4>\n\n\n\n<p>Temos o compromisso de proteger suas informa\u00e7\u00f5es pessoais. Usamos protocolos de criptografia padr\u00e3o do setor e gateways de pagamento seguros para proteger suas informa\u00e7\u00f5es de pagamento confidenciais. No entanto, nenhum m\u00e9todo de transmiss\u00e3o pela Internet ou de armazenamento eletr\u00f4nico \u00e9 100% seguro. Embora nos esforcemos para proteger suas informa\u00e7\u00f5es pessoais, n\u00e3o podemos garantir sua seguran\u00e7a absoluta.   <\/p>\n\n\n\n<h4 class=\"wp-block-heading\">&nbsp;<\/h4>\n\n\n\n<h4 class=\"wp-block-heading\"><strong>5. \u0424\u0430\u0439\u043b\u0438 cookies e technologias de rastreamento<\/strong><\/h4>\n\n\n\n<p>OMORI-MART \u0432\u0438\u043a\u043e\u0440\u0438\u0441\u0442\u043e\u0432\u0443\u0454 \u0444\u0430\u0439\u043b\u0438 cookie \u0442\u0430 \u0442\u0435\u0445\u043d\u043e\u043b\u043e\u0433\u0456\u044e rastreamento semelhantes \u0434\u043b\u044f \u043f\u043e\u043f\u0435\u0440\u0435\u0434\u043d\u044c\u043e\u0433\u043e \u043f\u0435\u0440\u0435\u0433\u043b\u044f\u0434\u0443 \u0441\u0432\u043e\u0433\u043e \u0434\u043e\u0441\u0432\u0456\u0434\u0443 \u043d\u0430\u0432\u0456\u0433\u0430\u0446\u0456\u0457. \u042f\u043a\u0449\u043e \u0444\u0430\u0439\u043b\u0438 cookies ajudam a lembrar suas prefer\u00eancias, rastrear seu uso do site e personalizar sua experi\u00eancia de compra. <\/p>\n\n\n\n<p>5.1 <strong>\u0422\u0438\u043f\u0438 \u0444\u0430\u0439\u043b\u0456\u0432 cookie, \u044f\u043a\u0456 \u043c\u0438 \u0432\u0438\u043a\u043e\u0440\u0438\u0441\u0442\u043e\u0432\u0443\u0454\u043c\u043e<\/strong>:<\/p>\n\n\n\n<ul class=\"wp-block-list\">\n<li><strong>\u041d\u0435\u043e\u0431\u0445\u0456\u0434\u043d\u0456 \u0444\u0430\u0439\u043b\u0438 cookie<\/strong>: S\u00e3o necess\u00e1rios para a opera\u00e7\u00e3o do nosso site e para permitir que voc\u00ea conclua transa\u00e7\u00f5es.<\/li>\n\n\n\n<li><strong>\u0410\u043d\u0430\u043b\u0456\u0442\u0438\u0447\u043d\u0456 \u0444\u0430\u0439\u043b\u0438 cookie<\/strong>: Usados para coletar dados sobre como os usu\u00e1rios interagem com o site (por exemplo, p\u00e1ginas visitadas, tempo gasto).<\/li>\n\n\n\n<li><strong>\u041c\u0430\u0440\u043a\u0435\u0442\u0438\u043d\u0433\u043e\u0432\u0456 \u0444\u0430\u0439\u043b\u0438 cookie<\/strong>: Usados para fornecer publicidade personalizada e conte\u00fado promocional.<\/li>\n<\/ul>\n\n\n\n<p>Voc\u00ea pode ajustar as configura\u00e7\u00f5es de cookies em seu navegador para recusar cookies, mas isso pode limitar sua capacidade de usar determinados recursos da OMORI-MART.<\/p>\n\n\n\n<h4 class=\"wp-block-heading\">&nbsp;<\/h4>\n\n\n\n<h4 class=\"wp-block-heading\"><strong>6. \u0407\u0445\u043d\u0456 \u043f\u0440\u044f\u043c\u0456 \u0442\u0430 \u0448\u043a\u0456\u043b\u044c\u043d\u0456 \u0456\u043d\u0441\u0442\u0440\u0443\u043a\u0446\u0456\u0457<\/strong><\/h4>\n\n\n\n<p>6.1 <strong>\u0414\u043e\u0441\u0442\u0443\u043f \u0442\u0430 \u0432\u0438\u043f\u0440\u0430\u0432\u043b\u0435\u043d\u043d\u044f<\/strong>:<\/p>\n\n\n\n<ul class=\"wp-block-list\">\n<li>Voc\u00ea tem o direito de acessar e atualizar suas informa\u00e7\u00f5es pessoais. Voc\u00ea pode fazer isso acessando sua conta ou entrando em contato com nossa equipe de suporte ao cliente. <\/li>\n<\/ul>\n\n\n\n<p>6.2 <strong>Desativa\u00e7\u00e3o de comunica\u00e7\u00f5es de marketing<\/strong>:<\/p>\n\n\n\n<ul class=\"wp-block-list\">\n<li>Se n\u00e3o quiser mais receber nossas comunica\u00e7\u00f5es de marketing, voc\u00ea pode optar por n\u00e3o receb\u00ea-las clicando no link \u201ccancelar inscri\u00e7\u00e3o\u201d em nossos e-mails ou entrando em contato conosco diretamente.<\/li>\n<\/ul>\n\n\n\n<p>6.3 <strong>\u0412\u0438\u043a\u043b\u044e\u0447\u0435\u043d\u043d\u044f \u0437 \u0440\u0430\u0445\u0443\u043d\u043a\u0443<\/strong>:<\/p>\n\n\n\n<ul class=\"wp-block-list\">\n<li>Se desejar excluir sua conta SIM-OMORI-MART, voc\u00ea pode solicitar isso entrando em contato com nossa equipe de atendimento ao cliente. Observe que podemos reter determinadas informa\u00e7\u00f5es conforme exigido por lei ou para fins comerciais leg\u00edtimos. <\/li>\n<\/ul>\n\n\n\n<h4 class=\"wp-block-heading\">&nbsp;<\/h4>\n\n\n\n<h4 class=\"wp-block-heading\"><strong>7. \u041a\u043e\u043d\u0444\u0456\u0434\u0435\u043d\u0446\u0456\u0439\u043d\u0456\u0441\u0442\u044c \u0434\u0456\u0442\u0435\u0439<\/strong><\/h4>\n\n\n\n<p>A SIM-OMORI-MART n\u00e3o se destina ao uso por crian\u00e7as com menos de 18 anos de idade e n\u00e3o coletamos intencionalmente informa\u00e7\u00f5es pessoais de menores. Se tomarmos conhecimento de que coletamos informa\u00e7\u00f5es pessoais de um menor sem o consentimento dos pais, tomaremos as medidas necess\u00e1rias para excluir essas informa\u00e7\u00f5es. <\/p>\n\n\n\n<h4 class=\"wp-block-heading\">&nbsp;<\/h4>\n\n\n\n<h4 class=\"wp-block-heading\"><strong>8. \u0422\u0435\u0440\u0438\u0442\u043e\u0440\u0456\u0430\u043b\u044c\u043d\u0456 \u0437\u0432&#039;\u044f\u0437\u043a\u0438<\/strong><\/h4>\n\n\n\n<p>Nosso site pode conter links para sites de terceiros que n\u00e3o s\u00e3o operados pela OMORI-MART. N\u00e3o somos respons\u00e1veis pelas pr\u00e1ticas de privacidade desses sites de terceiros. Recomendamos que voc\u00ea analise as politicas de privacidade de todos os sites externos que visitar.  <\/p>\n\n\n\n<h4 class=\"wp-block-heading\">&nbsp;<\/h4>\n\n\n\n<h4 class=\"wp-block-heading\"><strong>9. Altera\u00e7\u00f5es na Politica de Privacidade<\/strong><\/h4>\n\n\n\n<p>Podemos atualizar esta Politica de Privacidade de tempos em tempos para refletir altera\u00e7\u00f5es em nossas pr\u00e1ticas ou por outros motivos operacionais, legais ou regulamentares. Quaisquer altera\u00e7\u00f5es a esta Politica de Privacidade ser\u00e3o publicadas em nosso site com a data de vig\u00eancia atualizada. Se voc\u00ea continuar a usar a OMORI-MART ap\u00f3s qualquer altera\u00e7\u00e3o na Politica de Privacidade, isso significa que voc\u00ea aceita essas altera\u00e7\u00f5es.  <\/p>\n\n\n\n<h4 class=\"wp-block-heading\">&nbsp;<\/h4>\n\n\n\n<h4 class=\"wp-block-heading\"><strong>10. \u0412\u0445\u0456\u0434 \u0434\u043e \u043a\u043e\u043d\u0442\u0430\u043a\u0442\u0443, \u0437\u043d\u0430\u0439\u043e\u043c\u0438\u0439<\/strong><\/h4>\n\n\n\n<p>Se voc\u00ea tiver alguma d\u00favida ou preocupa\u00e7\u00e3o sobre esta Politica de Privacidade ou sobre como suas informa\u00e7\u00f5es pessoais s\u00e3o tratadas, entre em contato conosco:<\/p>\n\n\n\n<ul class=\"wp-block-list\">\n<li><strong>\u0415\u043b\u0435\u043a\u0442\u0440\u043e\u043d\u043d\u0430 \u043f\u043e\u0448\u0442\u0430<\/strong>: support@omorimart.com<\/li>\n\n\n\n<li><strong>\u0415\u043d\u0434\u0435\u0440\u0435\u0441\u043e<\/strong>: R Cube Aoyama, 3rd Floor, 1-3-1 Kita-Aoyama, Minato-ku, T\u00f3quio, 107-0061, \u042f\u043f\u043e\u043d\u0456\u044f<\/li>\n<\/ul>\n\n\n\n<p>Ao usar a OMORI-MART, voc\u00ea concorda com a coleta eo uso de suas informa\u00e7\u00f5es pessoais conforme descrito nesta Politica de Privacidade.<\/p>","protected":false},"excerpt":{"rendered":"<p>Data de vig\u00eancia: 20 de abril de 2025 No SIM-OMORI-MART, operado por&nbsp;COMFYS JAPAN LLC, temos o compromisso de proteger sua privacidade e garantir a seguran\u00e7a de suas informa\u00e7\u00f5es pessoais. Esta<\/p>","protected":false},"author":2,"featured_media":0,"parent":0,"menu_order":0,"comment_status":"closed","ping_status":"open","template":"","meta":{"footnotes":""},"class_list":["post-24984","page","type-page","status-publish","hentry"],"yoast_head":"<!-- This site is optimized with the Yoast SEO plugin v27.2 - https:\/\/yoast.com\/product\/yoast-seo-wordpress\/ -->\n<title>Pol\u00edtica de privacidade - Omori WIFI<\/title>\n<meta name=\"robots\" content=\"index, follow, max-snippet:-1, max-image-preview:large, max-video-preview:-1\" \/>\n<link rel=\"canonical\" href=\"https:\/\/omoriwifi.com\/uk\/politica-de-privacidade\/\" \/>\n<meta property=\"og:locale\" content=\"uk_UA\" \/>\n<meta property=\"og:type\" content=\"article\" \/>\n<meta property=\"og:title\" content=\"Pol\u00edtica de privacidade - Omori WIFI\" \/>\n<meta property=\"og:description\" content=\"Data de vig\u00eancia: 20 de abril de 2025 No SIM-OMORI-MART, operado por&nbsp;COMFYS JAPAN LLC, temos o compromisso de proteger sua privacidade e garantir a seguran\u00e7a de suas informa\u00e7\u00f5es pessoais. Esta\" \/>\n<meta property=\"og:url\" content=\"https:\/\/omoriwifi.com\/uk\/politica-de-privacidade\/\" \/>\n<meta property=\"og:site_name\" content=\"Omori WIFI\" \/>\n<meta name=\"twitter:card\" content=\"summary_large_image\" \/>\n<meta name=\"twitter:label1\" content=\"\u041f\u0440\u0438\u0431\u043b. \u0447\u0430\u0441 \u0447\u0438\u0442\u0430\u043d\u043d\u044f\" \/>\n\t<meta name=\"twitter:data1\" content=\"5 \u0445\u0432\u0438\u043b\u0438\u043d\" \/>\n<script type=\"application\/ld+json\" class=\"yoast-schema-graph\">{\"@context\":\"https:\/\/schema.org\",\"@graph\":[{\"@type\":\"WebPage\",\"@id\":\"https:\/\/omoriwifi.com\/zh\/politica-de-privacidade\/\",\"url\":\"https:\/\/omoriwifi.com\/zh\/politica-de-privacidade\/\",\"name\":\"Pol\u00edtica de privacidade - Omori WIFI\",\"isPartOf\":{\"@id\":\"https:\/\/omoriwifi.com\/ja\/#website\"},\"datePublished\":\"2025-03-25T17:10:57+00:00\",\"breadcrumb\":{\"@id\":\"https:\/\/omoriwifi.com\/zh\/politica-de-privacidade\/#breadcrumb\"},\"inLanguage\":\"uk\",\"potentialAction\":[{\"@type\":\"ReadAction\",\"target\":[\"https:\/\/omoriwifi.com\/zh\/politica-de-privacidade\/\"]}]},{\"@type\":\"BreadcrumbList\",\"@id\":\"https:\/\/omoriwifi.com\/zh\/politica-de-privacidade\/#breadcrumb\",\"itemListElement\":[{\"@type\":\"ListItem\",\"position\":1,\"name\":\"Home\",\"item\":\"https:\/\/omoriwifi.com\/ja\/\"},{\"@type\":\"ListItem\",\"position\":2,\"name\":\"Pol\u00edtica de privacidade\"}]},{\"@type\":\"WebSite\",\"@id\":\"https:\/\/omoriwifi.com\/ja\/#website\",\"url\":\"https:\/\/omoriwifi.com\/ja\/\",\"name\":\"Omori WiFi\",\"description\":\"My WordPress Blog\",\"potentialAction\":[{\"@type\":\"SearchAction\",\"target\":{\"@type\":\"EntryPoint\",\"urlTemplate\":\"https:\/\/omoriwifi.com\/ja\/?s={search_term_string}\"},\"query-input\":{\"@type\":\"PropertyValueSpecification\",\"valueRequired\":true,\"valueName\":\"search_term_string\"}}],\"inLanguage\":\"uk\"}]}<\/script>\n<!-- \/ Yoast SEO plugin. -->","yoast_head_json":{"title":"Pol\u00edtica de privacidade - Omori WIFI","robots":{"index":"index","follow":"follow","max-snippet":"max-snippet:-1","max-image-preview":"max-image-preview:large","max-video-preview":"max-video-preview:-1"},"canonical":"https:\/\/omoriwifi.com\/uk\/politica-de-privacidade\/","og_locale":"uk_UA","og_type":"article","og_title":"Pol\u00edtica de privacidade - Omori WIFI","og_description":"Data de vig\u00eancia: 20 de abril de 2025 No SIM-OMORI-MART, operado por&nbsp;COMFYS JAPAN LLC, temos o compromisso de proteger sua privacidade e garantir a seguran\u00e7a de suas informa\u00e7\u00f5es pessoais. Esta","og_url":"https:\/\/omoriwifi.com\/uk\/politica-de-privacidade\/","og_site_name":"Omori WIFI","twitter_card":"summary_large_image","twitter_misc":{"\u041f\u0440\u0438\u0431\u043b. \u0447\u0430\u0441 \u0447\u0438\u0442\u0430\u043d\u043d\u044f":"5 \u0445\u0432\u0438\u043b\u0438\u043d"},"schema":{"@context":"https:\/\/schema.org","@graph":[{"@type":"WebPage","@id":"https:\/\/omoriwifi.com\/zh\/politica-de-privacidade\/","url":"https:\/\/omoriwifi.com\/zh\/politica-de-privacidade\/","name":"Pol\u00edtica de privacidade - Omori WIFI","isPartOf":{"@id":"https:\/\/omoriwifi.com\/ja\/#website"},"datePublished":"2025-03-25T17:10:57+00:00","breadcrumb":{"@id":"https:\/\/omoriwifi.com\/zh\/politica-de-privacidade\/#breadcrumb"},"inLanguage":"uk","potentialAction":[{"@type":"ReadAction","target":["https:\/\/omoriwifi.com\/zh\/politica-de-privacidade\/"]}]},{"@type":"BreadcrumbList","@id":"https:\/\/omoriwifi.com\/zh\/politica-de-privacidade\/#breadcrumb","itemListElement":[{"@type":"ListItem","position":1,"name":"Home","item":"https:\/\/omoriwifi.com\/ja\/"},{"@type":"ListItem","position":2,"name":"Pol\u00edtica de privacidade"}]},{"@type":"WebSite","@id":"https:\/\/omoriwifi.com\/ja\/#website","url":"https:\/\/omoriwifi.com\/ja\/","name":"Wi-Fi \u0432 \u041e\u043c\u043e\u0440\u0456","description":"\u041c\u0456\u0439 \u0431\u043b\u043e\u0433 \u043d\u0430 WordPress","potentialAction":[{"@type":"SearchAction","target":{"@type":"EntryPoint","urlTemplate":"https:\/\/omoriwifi.com\/ja\/?s={search_term_string}"},"query-input":{"@type":"PropertyValueSpecification","valueRequired":true,"valueName":"search_term_string"}}],"inLanguage":"uk"}]}},"_links":{"self":[{"href":"https:\/\/omoriwifi.com\/uk\/wp-json\/wp\/v2\/pages\/24984","targetHints":{"allow":["GET"]}}],"collection":[{"href":"https:\/\/omoriwifi.com\/uk\/wp-json\/wp\/v2\/pages"}],"about":[{"href":"https:\/\/omoriwifi.com\/uk\/wp-json\/wp\/v2\/types\/page"}],"author":[{"embeddable":true,"href":"https:\/\/omoriwifi.com\/uk\/wp-json\/wp\/v2\/users\/2"}],"replies":[{"embeddable":true,"href":"https:\/\/omoriwifi.com\/uk\/wp-json\/wp\/v2\/comments?post=24984"}],"version-history":[{"count":0,"href":"https:\/\/omoriwifi.com\/uk\/wp-json\/wp\/v2\/pages\/24984\/revisions"}],"wp:attachment":[{"href":"https:\/\/omoriwifi.com\/uk\/wp-json\/wp\/v2\/media?parent=24984"}],"curies":[{"name":"\u0412\u041f","href":"https:\/\/api.w.org\/{rel}","templated":true}]}}