{"id":11,"date":"2025-03-28T00:40:25","date_gmt":"2025-03-28T00:40:25","guid":{"rendered":"https:\/\/anvogue.presslayouts.com\/dummy\/?page_id=11"},"modified":"2025-07-17T03:18:01","modified_gmt":"2025-07-17T03:18:01","slug":"terms-and-conditions","status":"publish","type":"page","link":"https:\/\/omoriwifi.com\/vi\/terms-and-conditions\/","title":{"rendered":"\u0110i\u1ec1u kho\u1ea3n v\u00e0 \u0111i\u1ec1u ki\u1ec7n"},"content":{"rendered":"<p><strong>Ng\u00e0y c\u00f3 hi\u1ec7u l\u1ef1c: 17 th\u00e1ng 7 n\u0103m 2025<\/strong><\/p>\n\n\n\n<p>Ch\u00e0o m\u1eebng \u0111\u1ebfn v\u1edbi <strong>Wifi Omori<\/strong>, m\u1ed9t d\u1ecbch v\u1ee5 \u0111\u01b0\u1ee3c \u0111i\u1ec1u h\u00e0nh b\u1edfi <strong>C\u00d4NG TY TNHH COMFYS NH\u1eacT B\u1ea2N<\/strong>. B\u1eb1ng vi\u1ec7c s\u1eed d\u1ee5ng trang web v\u00e0 d\u1ecbch v\u1ee5 c\u1ee7a ch\u00fang t\u00f4i, b\u1ea1n \u0111\u1ed3ng \u00fd v\u1edbi c\u00e1c \u0111i\u1ec1u kho\u1ea3n \u0111\u01b0\u1ee3c n\u00eau d\u01b0\u1edbi \u0111\u00e2y. Vui l\u00f2ng \u0111\u1ecdc k\u1ef9 tr\u01b0\u1edbc khi ti\u1ebfp t\u1ee5c.<\/p>\n\n\n\n<hr class=\"wp-block-separator has-alpha-channel-opacity\"\/>\n\n\n\n<h4 class=\"wp-block-heading\"><strong>Gi\u1edbi thi\u1ec7u<\/strong><\/h4>\n\n\n\n<p>Omori Wifi cung c\u1ea5p th\u1ebb SIM t\u1ed1c \u0111\u1ed9 cao v\u00e0 \u0111\u0103ng k\u00fd thi\u1ebft b\u1ecb Wi-Fi cho c\u01b0 d\u00e2n, kh\u00e1ch du l\u1ecbch v\u00e0 doanh nghi\u1ec7p t\u1ea1i Nh\u1eadt B\u1ea3n. Ch\u00fang t\u00f4i cam k\u1ebft cung c\u1ea5p k\u1ebft n\u1ed1i linh ho\u1ea1t, kh\u00f4ng r\u00e0ng bu\u1ed9c h\u1ee3p \u0111\u1ed3ng v\u1edbi gi\u00e1 c\u1ea3 minh b\u1ea1ch v\u00e0 d\u1ecbch v\u1ee5 h\u1ed7 tr\u1ee3 kh\u00e1ch h\u00e0ng \u0111\u00e1ng tin c\u1eady.<\/p>\n\n\n\n<hr class=\"wp-block-separator has-alpha-channel-opacity\"\/>\n\n\n\n<h4 class=\"wp-block-heading\"><strong>1. Th\u00f4ng tin chung<\/strong><\/h4>\n\n\n\n<p><strong>T\u00ean c\u00f4ng ty:<\/strong> C\u00d4NG TY TNHH COMFYS NH\u1eacT B\u1ea2N<br><strong>\u0110\u1ecba ch\u1ec9:<\/strong> R Cube Aoyama, 3F, 1-3-1 Kita-Aoyama, Minato-ku, Tokyo 107-0061, Nh\u1eadt B\u1ea3n<br><strong>Trang web:<\/strong> <a class=\"\" href=\"https:\/\/omoriwifi.com\/vi\/\">https:\/\/omoriwifi.com<\/a><br><strong>M\u1ee5c \u0111\u00edch kinh doanh:<\/strong> Cung c\u1ea5p gi\u1ea3i ph\u00e1p SIM v\u00e0 Wi-Fi di \u0111\u1ed9ng\/t\u1ea1i nh\u00e0 gi\u00e1 c\u1ea3 ph\u1ea3i ch\u0103ng, d\u1ec5 d\u00e0ng tr\u00ean kh\u1eafp Nh\u1eadt B\u1ea3n.<\/p>\n\n\n\n<hr class=\"wp-block-separator has-alpha-channel-opacity\"\/>\n\n\n\n<h4 class=\"wp-block-heading\"><strong>2. \u0110i\u1ec1u ki\u1ec7n \u0111\u1ee7 t\u01b0 c\u00e1ch<\/strong><\/h4>\n\n\n\n<p>Khi s\u1eed d\u1ee5ng Omori Wifi, b\u1ea1n x\u00e1c nh\u1eadn r\u1eb1ng b\u1ea1n \u00edt nh\u1ea5t 18 tu\u1ed5i ho\u1eb7c \u0111\u1ee7 tu\u1ed5i h\u1ee3p ph\u00e1p t\u1ea1i qu\u1ed1c gia c\u01b0 tr\u00fa c\u1ee7a m\u00ecnh v\u00e0 c\u00f3 th\u1ea9m quy\u1ec1n ph\u00e1p l\u00fd \u0111\u1ec3 tham gia v\u00e0o m\u1ed9t th\u1ecfa thu\u1eadn r\u00e0ng bu\u1ed9c.<\/p>\n\n\n\n<hr class=\"wp-block-separator has-alpha-channel-opacity\"\/>\n\n\n\n<h4 class=\"wp-block-heading\"><strong>3. \u0110\u1eb7t h\u00e0ng v\u00e0 thanh to\u00e1n<\/strong><\/h4>\n\n\n\n<h5 class=\"wp-block-heading\">3.1 Quy tr\u00ecnh \u0111\u1eb7t h\u00e0ng<\/h5>\n\n\n\n<p>T\u1ea5t c\u1ea3 c\u00e1c \u0111\u01a1n h\u00e0ng \u0111\u1ec1u ph\u1ea3i \u0111\u01b0\u1ee3c x\u00e1c nh\u1eadn. Ch\u00fang t\u00f4i c\u00f3 th\u1ec3 h\u1ee7y ho\u1eb7c gi\u1edbi h\u1ea1n \u0111\u01a1n h\u00e0ng n\u1ebfu:<\/p>\n\n\n\n<ul class=\"wp-block-list\">\n<li>S\u1ea3n ph\u1ea9m \u0111\u00e3 h\u1ebft h\u00e0ng<\/li>\n\n\n\n<li>C\u00f3 l\u1ed7i v\u1ec1 gi\u00e1 ho\u1eb7c danh s\u00e1ch<\/li>\n\n\n\n<li>\u0110\u01a1n h\u00e0ng vi ph\u1ea1m ch\u00ednh s\u00e1ch s\u1eed d\u1ee5ng c\u1ee7a ch\u00fang t\u00f4i<\/li>\n<\/ul>\n\n\n\n<p>B\u1ea1n s\u1ebd nh\u1eadn \u0111\u01b0\u1ee3c email x\u00e1c nh\u1eadn khi \u0111\u1eb7t h\u00e0ng th\u00e0nh c\u00f4ng.<\/p>\n\n\n\n<h5 class=\"wp-block-heading\">3.2 Ph\u01b0\u01a1ng th\u1ee9c thanh to\u00e1n<\/h5>\n\n\n\n<p>Ch\u00fang t\u00f4i ch\u1ea5p nh\u1eadn th\u1ebb t\u00edn d\u1ee5ng\/th\u1ebb ghi n\u1ee3, chuy\u1ec3n kho\u1ea3n ng\u00e2n h\u00e0ng v\u00e0 c\u00e1c t\u00f9y ch\u1ecdn kh\u00e1c \u0111\u01b0\u1ee3c hi\u1ec3n th\u1ecb trong qu\u00e1 tr\u00ecnh thanh to\u00e1n. T\u1ea5t c\u1ea3 c\u00e1c kho\u1ea3n thanh to\u00e1n \u0111\u1ec1u \u0111\u01b0\u1ee3c x\u1eed l\u00fd b\u1eb1ng Y\u00ean Nh\u1eadt (JPY) v\u00e0 \u0111\u00e3 bao g\u1ed3m thu\u1ebf, tr\u1eeb khi c\u00f3 quy \u0111\u1ecbnh kh\u00e1c.<\/p>\n\n\n\n<h5 class=\"wp-block-heading\">3.3 H\u1ee7y b\u1ecf v\u00e0 ho\u00e0n ti\u1ec1n<\/h5>\n\n\n\n<p>B\u1ea1n c\u00f3 th\u1ec3 h\u1ee7y \u0111\u01a1n h\u00e0ng tr\u01b0\u1edbc khi \u0111\u01a1n h\u00e0ng \u0111\u01b0\u1ee3c giao. Sau khi \u0111\u01a1n h\u00e0ng \u0111\u01b0\u1ee3c giao, vi\u1ec7c h\u1ee7y \u0111\u01a1n h\u00e0ng s\u1ebd kh\u00f4ng \u0111\u01b0\u1ee3c ch\u1ea5p nh\u1eadn. Vi\u1ec7c ho\u00e0n ti\u1ec1n ch\u1ec9 \u0111\u01b0\u1ee3c th\u1ef1c hi\u1ec7n trong tr\u01b0\u1eddng h\u1ee3p c\u00f3 l\u1ed7i ho\u1eb7c sai s\u00f3t trong qu\u00e1 tr\u00ecnh giao h\u00e0ng, v\u00e0 y\u00eau c\u1ea7u ph\u1ea3i \u0111\u01b0\u1ee3c th\u1ef1c hi\u1ec7n trong v\u00f2ng <strong>7 ng\u00e0y<\/strong> c\u1ee7a vi\u1ec7c nh\u1eadn \u0111\u01b0\u1ee3c s\u1ea3n ph\u1ea9m.<\/p>\n\n\n\n<hr class=\"wp-block-separator has-alpha-channel-opacity\"\/>\n\n\n\n<h4 class=\"wp-block-heading\"><strong>4. T\u00ednh kh\u1ea3 d\u1ee5ng v\u00e0 gi\u00e1 c\u1ea3 c\u1ee7a s\u1ea3n ph\u1ea9m<\/strong><\/h4>\n\n\n\n<h5 class=\"wp-block-heading\">4.1 T\u00ednh kh\u1ea3 d\u1ee5ng<\/h5>\n\n\n\n<p>H\u00e0ng t\u1ed3n kho \u0111\u01b0\u1ee3c c\u1eadp nh\u1eadt th\u01b0\u1eddng xuy\u00ean, nh\u01b0ng kh\u00f4ng \u0111\u1ea3m b\u1ea3o t\u00ecnh tr\u1ea1ng h\u00e0ng c\u00f2n. N\u1ebfu m\u1ed9t m\u1eb7t h\u00e0ng kh\u00f4ng c\u00f2n h\u00e0ng, ch\u00fang t\u00f4i s\u1ebd li\u00ean h\u1ec7 v\u1edbi b\u1ea1n \u0111\u1ec3 cung c\u1ea5p s\u1ea3n ph\u1ea9m thay th\u1ebf ho\u1eb7c ho\u00e0n ti\u1ec1n.<\/p>\n\n\n\n<h5 class=\"wp-block-heading\">4.2 Gi\u00e1 c\u1ea3<\/h5>\n\n\n\n<p>Gi\u00e1 c\u1ea3 c\u00f3 th\u1ec3 thay \u0111\u1ed5i b\u1ea5t c\u1ee9 l\u00fac n\u00e0o m\u00e0 kh\u00f4ng c\u1ea7n b\u00e1o tr\u01b0\u1edbc. Trong tr\u01b0\u1eddng h\u1ee3p c\u00f3 l\u1ed7i v\u1ec1 gi\u00e1, ch\u00fang t\u00f4i c\u00f3 th\u1ec3 h\u1ee7y \u0111\u01a1n h\u00e0ng c\u1ee7a b\u1ea1n v\u00e0 th\u00f4ng b\u00e1o cho b\u1ea1n.<\/p>\n\n\n\n<hr class=\"wp-block-separator has-alpha-channel-opacity\"\/>\n\n\n\n<h4 class=\"wp-block-heading\"><strong>5. V\u1eadn chuy\u1ec3n v\u00e0 giao h\u00e0ng<\/strong><\/h4>\n\n\n\n<h5 class=\"wp-block-heading\">5.1 Khu v\u1ef1c giao h\u00e0ng<\/h5>\n\n\n\n<p>Ch\u00fang t\u00f4i hi\u1ec7n \u0111ang v\u1eadn chuy\u1ec3n <strong>ch\u1ec9 trong ph\u1ea1m vi Nh\u1eadt B\u1ea3n<\/strong>.<\/p>\n\n\n\n<h5 class=\"wp-block-heading\">5.2 Ph\u00ed v\u1eadn chuy\u1ec3n<\/h5>\n\n\n\n<p>Ph\u00ed v\u1eadn chuy\u1ec3n ph\u1ee5 thu\u1ed9c v\u00e0o k\u00edch th\u01b0\u1edbc, tr\u1ecdng l\u01b0\u1ee3ng v\u00e0 \u0111\u1ecba \u0111i\u1ec3m giao h\u00e0ng c\u1ee7a \u0111\u01a1n h\u00e0ng. Mi\u1ec5n ph\u00ed v\u1eadn chuy\u1ec3n c\u00f3 th\u1ec3 \u00e1p d\u1ee5ng cho c\u00e1c \u0111\u01a1n h\u00e0ng \u0111\u1ee7 \u0111i\u1ec1u ki\u1ec7n.<\/p>\n\n\n\n<h5 class=\"wp-block-heading\">5.3 Th\u1eddi gian giao h\u00e0ng<\/h5>\n\n\n\n<p>\u0110\u01a1n h\u00e0ng \u0111\u01b0\u1ee3c x\u1eed l\u00fd trong v\u00f2ng 2\u20133 ng\u00e0y l\u00e0m vi\u1ec7c. Th\u1eddi gian giao h\u00e0ng c\u00f3 th\u1ec3 l\u00e2u h\u01a1n t\u00f9y thu\u1ed9c v\u00e0o khu v\u1ef1c v\u00e0 ph\u01b0\u01a1ng th\u1ee9c v\u1eadn chuy\u1ec3n c\u1ee7a b\u1ea1n. S\u1ef1 ch\u1eadm tr\u1ec5 do th\u1eddi ti\u1ebft, nh\u00e0 v\u1eadn chuy\u1ec3n ho\u1eb7c c\u00e1c y\u1ebfu t\u1ed1 b\u00ean ngo\u00e0i kh\u00e1c n\u1eb1m ngo\u00e0i t\u1ea7m ki\u1ec3m so\u00e1t c\u1ee7a ch\u00fang t\u00f4i.<\/p>\n\n\n\n<hr class=\"wp-block-separator has-alpha-channel-opacity\"\/>\n\n\n\n<h4 class=\"wp-block-heading\"><strong>6. Tr\u1ea3 l\u1ea1i v\u00e0 ho\u00e0n ti\u1ec1n<\/strong><\/h4>\n\n\n\n<h5 class=\"wp-block-heading\">6.1 \u0110i\u1ec1u ki\u1ec7n tr\u1ea3 l\u1ea1i<\/h5>\n\n\n\n<p>N\u1ebfu m\u1eb7t h\u00e0ng c\u1ee7a b\u1ea1n b\u1ecb h\u01b0 h\u1ecfng ho\u1eb7c l\u1ed7i, b\u1ea1n ph\u1ea3i th\u00f4ng b\u00e1o cho ch\u00fang t\u00f4i trong v\u00f2ng <strong>7 ng\u00e0y<\/strong> c\u1ee7a bi\u00ean lai. \u0110\u1ed1i v\u1edbi c\u00e1c m\u1eb7t h\u00e0ng d\u1ec5 h\u1ecfng nh\u01b0 th\u1ecbt (n\u1ebfu \u0111\u00e3 b\u00e1n), h\u00e3y th\u00f4ng b\u00e1o cho ch\u00fang t\u00f4i trong v\u00f2ng <strong>24 gi\u1edd<\/strong>.<\/p>\n\n\n\n<h5 class=\"wp-block-heading\">6.2 C\u00e1c m\u1eb7t h\u00e0ng kh\u00f4ng \u0111\u01b0\u1ee3c tr\u1ea3 l\u1ea1i<\/h5>\n\n\n\n<p>\u0110\u1ed3 u\u1ed1ng c\u00f3 c\u1ed3n v\u00e0 h\u00e0ng h\u00f3a d\u1ec5 h\u1ecfng l\u00e0 <strong>kh\u00f4ng th\u1ec3 tr\u1ea3 l\u1ea1i<\/strong>, tr\u1eeb khi b\u1ecb h\u01b0 h\u1ecfng ho\u1eb7c giao h\u00e0ng kh\u00f4ng \u0111\u00fang.<\/p>\n\n\n\n<h5 class=\"wp-block-heading\">6.3 Quy tr\u00ecnh ho\u00e0n ti\u1ec1n<\/h5>\n\n\n\n<p>Sau khi ch\u00fang t\u00f4i x\u00e1c nh\u1eadn vi\u1ec7c tr\u1ea3 h\u00e0ng, ti\u1ec1n ho\u00e0n l\u1ea1i s\u1ebd \u0111\u01b0\u1ee3c chuy\u1ec3n v\u00e0o ph\u01b0\u01a1ng th\u1ee9c thanh to\u00e1n ban \u0111\u1ea7u. Qu\u00e1 tr\u00ecnh x\u1eed l\u00fd c\u00f3 th\u1ec3 m\u1ea5t \u0111\u1ebfn <strong>10 ng\u00e0y l\u00e0m vi\u1ec7c<\/strong>.<\/p>\n\n\n\n<hr class=\"wp-block-separator has-alpha-channel-opacity\"\/>\n\n\n\n<h4 class=\"wp-block-heading\"><strong>7. Quy\u1ec1n ri\u00eang t\u01b0<\/strong><\/h4>\n\n\n\n<p>Th\u00f4ng tin c\u00e1 nh\u00e2n c\u1ee7a b\u1ea1n \u0111\u01b0\u1ee3c x\u1eed l\u00fd theo ch\u00ednh s\u00e1ch c\u1ee7a ch\u00fang t\u00f4i <a href=\"https:\/\/omoriwifi.com\/vi\/privacy-policy\/\">Ch\u00ednh s\u00e1ch b\u1ea3o m\u1eadt<\/a>. Ch\u00fang t\u00f4i kh\u00f4ng bao gi\u1edd b\u00e1n ho\u1eb7c chia s\u1ebb d\u1eef li\u1ec7u c\u1ee7a b\u1ea1n v\u1edbi b\u00ean th\u1ee9 ba m\u00e0 kh\u00f4ng c\u00f3 s\u1ef1 \u0111\u1ed3ng \u00fd c\u1ee7a b\u1ea1n, tr\u1eeb khi ph\u00e1p lu\u1eadt y\u00eau c\u1ea7u.<\/p>\n\n\n\n<hr class=\"wp-block-separator has-alpha-channel-opacity\"\/>\n\n\n\n<h4 class=\"wp-block-heading\"><strong>8. Gi\u1edbi h\u1ea1n tr\u00e1ch nhi\u1ec7m<\/strong><\/h4>\n\n\n\n<p>COMFYS JAPAN LLC kh\u00f4ng ch\u1ecbu tr\u00e1ch nhi\u1ec7m cho b\u1ea5t k\u1ef3 thi\u1ec7t h\u1ea1i gi\u00e1n ti\u1ebfp ho\u1eb7c h\u1eadu qu\u1ea3 n\u00e0o. T\u1ed5ng tr\u00e1ch nhi\u1ec7m c\u1ee7a ch\u00fang t\u00f4i ch\u1ec9 gi\u1edbi h\u1ea1n \u1edf s\u1ed1 ti\u1ec1n \u0111\u00e3 thanh to\u00e1n cho \u0111\u01a1n h\u00e0ng li\u00ean quan.<\/p>\n\n\n\n<hr class=\"wp-block-separator has-alpha-channel-opacity\"\/>\n\n\n\n<h4 class=\"wp-block-heading\"><strong>9. Lu\u1eadt qu\u1ea3n l\u00fd<\/strong><\/h4>\n\n\n\n<p>C\u00e1c \u0111i\u1ec1u kho\u1ea3n n\u00e0y \u0111\u01b0\u1ee3c \u0111i\u1ec1u ch\u1ec9nh b\u1edfi lu\u1eadt ph\u00e1p c\u1ee7a <strong>Nh\u1eadt B\u1ea3n<\/strong>. M\u1ecdi tranh ch\u1ea5p s\u1ebd \u0111\u01b0\u1ee3c gi\u1ea3i quy\u1ebft trong <strong>T\u00f2a \u00e1n qu\u1eadn Tokyo<\/strong>, tr\u1eeb khi lu\u1eadt ph\u00e1p c\u00f3 y\u00eau c\u1ea7u kh\u00e1c.<\/p>\n\n\n\n<hr class=\"wp-block-separator has-alpha-channel-opacity\"\/>\n\n\n\n<h4 class=\"wp-block-heading\"><strong>10. Thay \u0111\u1ed5i \u0111i\u1ec1u kho\u1ea3n<\/strong><\/h4>\n\n\n\n<p>Ch\u00fang t\u00f4i c\u00f3 th\u1ec3 s\u1eeda \u0111\u1ed5i c\u00e1c \u0110i\u1ec1u kho\u1ea3n &amp; \u0110i\u1ec1u ki\u1ec7n n\u00e0y b\u1ea5t c\u1ee9 l\u00fac n\u00e0o. C\u00e1c b\u1ea3n c\u1eadp nh\u1eadt s\u1ebd \u0111\u01b0\u1ee3c \u0111\u0103ng tr\u00ean <strong>omoriwifi.com<\/strong>v\u00e0 vi\u1ec7c ti\u1ebfp t\u1ee5c s\u1eed d\u1ee5ng d\u1ecbch v\u1ee5 c\u1ee7a ch\u00fang t\u00f4i \u0111\u1ed3ng ngh\u0129a v\u1edbi vi\u1ec7c b\u1ea1n ch\u1ea5p nh\u1eadn c\u00e1c \u0111i\u1ec1u kho\u1ea3n m\u1edbi.<\/p>\n\n\n\n<hr class=\"wp-block-separator has-alpha-channel-opacity\"\/>\n\n\n\n<h4 class=\"wp-block-heading\"><strong>Li\u00ean h\u1ec7 v\u1edbi ch\u00fang t\u00f4i<\/strong><\/h4>\n\n\n\n<p>N\u1ebfu c\u00f3 b\u1ea5t k\u1ef3 th\u1eafc m\u1eafc n\u00e0o, h\u00e3y li\u00ean h\u1ec7 v\u1edbi nh\u00f3m h\u1ed7 tr\u1ee3 c\u1ee7a ch\u00fang t\u00f4i:<br><strong>E-mail:<\/strong> <a>support@omoriwifi.com<\/a><br><strong>\u0110\u1ecba ch\u1ec9:<\/strong> R Cube Aoyama, 3F, 1-3-1 Kita-Aoyama, Minato-ku, Tokyo 107-0061, Nh\u1eadt B\u1ea3n<\/p>\n\n\n\n<hr class=\"wp-block-separator has-alpha-channel-opacity\"\/>\n\n\n\n<p>B\u1eb1ng c\u00e1ch s\u1eed d\u1ee5ng <strong>Wifi Omori<\/strong>, b\u1ea1n x\u00e1c nh\u1eadn r\u1eb1ng b\u1ea1n \u0111\u00e3 \u0111\u1ecdc v\u00e0 \u0111\u1ed3ng \u00fd v\u1edbi c\u00e1c \u0110i\u1ec1u kho\u1ea3n &amp; \u0110i\u1ec1u ki\u1ec7n n\u00e0y.<\/p>","protected":false},"excerpt":{"rendered":"<p>Effective Date: July 17, 2025 Welcome to Omori Wifi, a service operated by COMFYS JAPAN LLC. By using our website and services, you agree to the terms outlined below. Please<\/p>","protected":false},"author":2,"featured_media":0,"parent":0,"menu_order":0,"comment_status":"closed","ping_status":"closed","template":"","meta":{"footnotes":""},"class_list":["post-11","page","type-page","status-publish","hentry"],"yoast_head":"<!-- This site is optimized with the Yoast SEO plugin v27.2 - https:\/\/yoast.com\/product\/yoast-seo-wordpress\/ -->\n<title>Terms and Conditions - Omori WIFI<\/title>\n<meta name=\"robots\" content=\"index, follow, max-snippet:-1, max-image-preview:large, max-video-preview:-1\" \/>\n<link rel=\"canonical\" href=\"https:\/\/omoriwifi.com\/vi\/terms-and-conditions\/\" \/>\n<meta property=\"og:locale\" content=\"vi_VN\" \/>\n<meta property=\"og:type\" content=\"article\" \/>\n<meta property=\"og:title\" content=\"Terms and Conditions - Omori WIFI\" \/>\n<meta property=\"og:description\" content=\"Effective Date: July 17, 2025 Welcome to Omori Wifi, a service operated by COMFYS JAPAN LLC. By using our website and services, you agree to the terms outlined below. Please\" \/>\n<meta property=\"og:url\" content=\"https:\/\/omoriwifi.com\/vi\/terms-and-conditions\/\" \/>\n<meta property=\"og:site_name\" content=\"Omori WIFI\" \/>\n<meta property=\"article:modified_time\" content=\"2025-07-17T03:18:01+00:00\" \/>\n<meta name=\"twitter:card\" content=\"summary_large_image\" \/>\n<meta name=\"twitter:label1\" content=\"\u01af\u1edbc t\u00ednh th\u1eddi gian \u0111\u1ecdc\" \/>\n\t<meta name=\"twitter:data1\" content=\"3 ph\u00fat\" \/>\n<script type=\"application\/ld+json\" class=\"yoast-schema-graph\">{\"@context\":\"https:\/\/schema.org\",\"@graph\":[{\"@type\":\"WebPage\",\"@id\":\"https:\/\/omoriwifi.com\/th\/terms-and-conditions\/\",\"url\":\"https:\/\/omoriwifi.com\/th\/terms-and-conditions\/\",\"name\":\"Terms and Conditions - Omori WIFI\",\"isPartOf\":{\"@id\":\"https:\/\/omoriwifi.com\/ja\/#website\"},\"datePublished\":\"2025-03-28T00:40:25+00:00\",\"dateModified\":\"2025-07-17T03:18:01+00:00\",\"breadcrumb\":{\"@id\":\"https:\/\/omoriwifi.com\/th\/terms-and-conditions\/#breadcrumb\"},\"inLanguage\":\"vi\",\"potentialAction\":[{\"@type\":\"ReadAction\",\"target\":[\"https:\/\/omoriwifi.com\/th\/terms-and-conditions\/\"]}]},{\"@type\":\"BreadcrumbList\",\"@id\":\"https:\/\/omoriwifi.com\/th\/terms-and-conditions\/#breadcrumb\",\"itemListElement\":[{\"@type\":\"ListItem\",\"position\":1,\"name\":\"Home\",\"item\":\"https:\/\/omoriwifi.com\/ja\/\"},{\"@type\":\"ListItem\",\"position\":2,\"name\":\"Terms and Conditions\"}]},{\"@type\":\"WebSite\",\"@id\":\"https:\/\/omoriwifi.com\/ja\/#website\",\"url\":\"https:\/\/omoriwifi.com\/ja\/\",\"name\":\"Omori WiFi\",\"description\":\"My WordPress Blog\",\"potentialAction\":[{\"@type\":\"SearchAction\",\"target\":{\"@type\":\"EntryPoint\",\"urlTemplate\":\"https:\/\/omoriwifi.com\/ja\/?s={search_term_string}\"},\"query-input\":{\"@type\":\"PropertyValueSpecification\",\"valueRequired\":true,\"valueName\":\"search_term_string\"}}],\"inLanguage\":\"vi\"}]}<\/script>\n<!-- \/ Yoast SEO plugin. -->","yoast_head_json":{"title":"Terms and Conditions - Omori WIFI","robots":{"index":"index","follow":"follow","max-snippet":"max-snippet:-1","max-image-preview":"max-image-preview:large","max-video-preview":"max-video-preview:-1"},"canonical":"https:\/\/omoriwifi.com\/vi\/terms-and-conditions\/","og_locale":"vi_VN","og_type":"article","og_title":"Terms and Conditions - Omori WIFI","og_description":"Effective Date: July 17, 2025 Welcome to Omori Wifi, a service operated by COMFYS JAPAN LLC. By using our website and services, you agree to the terms outlined below. Please","og_url":"https:\/\/omoriwifi.com\/vi\/terms-and-conditions\/","og_site_name":"Omori WIFI","article_modified_time":"2025-07-17T03:18:01+00:00","twitter_card":"summary_large_image","twitter_misc":{"\u01af\u1edbc t\u00ednh th\u1eddi gian \u0111\u1ecdc":"3 ph\u00fat"},"schema":{"@context":"https:\/\/schema.org","@graph":[{"@type":"WebPage","@id":"https:\/\/omoriwifi.com\/th\/terms-and-conditions\/","url":"https:\/\/omoriwifi.com\/th\/terms-and-conditions\/","name":"Terms and Conditions - Omori WIFI","isPartOf":{"@id":"https:\/\/omoriwifi.com\/ja\/#website"},"datePublished":"2025-03-28T00:40:25+00:00","dateModified":"2025-07-17T03:18:01+00:00","breadcrumb":{"@id":"https:\/\/omoriwifi.com\/th\/terms-and-conditions\/#breadcrumb"},"inLanguage":"vi","potentialAction":[{"@type":"ReadAction","target":["https:\/\/omoriwifi.com\/th\/terms-and-conditions\/"]}]},{"@type":"BreadcrumbList","@id":"https:\/\/omoriwifi.com\/th\/terms-and-conditions\/#breadcrumb","itemListElement":[{"@type":"ListItem","position":1,"name":"Home","item":"https:\/\/omoriwifi.com\/ja\/"},{"@type":"ListItem","position":2,"name":"Terms and Conditions"}]},{"@type":"WebSite","@id":"https:\/\/omoriwifi.com\/ja\/#website","url":"https:\/\/omoriwifi.com\/ja\/","name":"WiFi Omori","description":"Blog WordPress c\u1ee7a t\u00f4i","potentialAction":[{"@type":"SearchAction","target":{"@type":"EntryPoint","urlTemplate":"https:\/\/omoriwifi.com\/ja\/?s={search_term_string}"},"query-input":{"@type":"PropertyValueSpecification","valueRequired":true,"valueName":"search_term_string"}}],"inLanguage":"vi"}]}},"_links":{"self":[{"href":"https:\/\/omoriwifi.com\/vi\/wp-json\/wp\/v2\/pages\/11","targetHints":{"allow":["GET"]}}],"collection":[{"href":"https:\/\/omoriwifi.com\/vi\/wp-json\/wp\/v2\/pages"}],"about":[{"href":"https:\/\/omoriwifi.com\/vi\/wp-json\/wp\/v2\/types\/page"}],"author":[{"embeddable":true,"href":"https:\/\/omoriwifi.com\/vi\/wp-json\/wp\/v2\/users\/2"}],"replies":[{"embeddable":true,"href":"https:\/\/omoriwifi.com\/vi\/wp-json\/wp\/v2\/comments?post=11"}],"version-history":[{"count":3,"href":"https:\/\/omoriwifi.com\/vi\/wp-json\/wp\/v2\/pages\/11\/revisions"}],"predecessor-version":[{"id":25504,"href":"https:\/\/omoriwifi.com\/vi\/wp-json\/wp\/v2\/pages\/11\/revisions\/25504"}],"wp:attachment":[{"href":"https:\/\/omoriwifi.com\/vi\/wp-json\/wp\/v2\/media?parent=11"}],"curies":[{"name":"wp","href":"https:\/\/api.w.org\/{rel}","templated":true}]}}