{"id":24958,"date":"2025-03-28T00:40:25","date_gmt":"2025-03-28T00:40:25","guid":{"rendered":"https:\/\/peachpuff-dugong-919786.hostingersite.com\/%e6%9d%a1%e6%ac%be%e5%92%8c%e6%9d%a1%e4%bb%b6\/"},"modified":"2025-03-28T00:40:25","modified_gmt":"2025-03-28T00:40:25","slug":"%e6%9d%a1%e6%ac%be%e5%92%8c%e6%9d%a1%e4%bb%b6","status":"publish","type":"page","link":"https:\/\/omoriwifi.com\/vi\/%e6%9d%a1%e6%ac%be%e5%92%8c%e6%9d%a1%e4%bb%b6\/","title":{"rendered":"\u6761\u6b3e\u548c\u6761\u4ef6"},"content":{"rendered":"<p><strong>\u5bfc\u8a00<\/strong><\/p>\n\n\n\n<p>\u6b22\u8fce\u8bbf\u95ee<strong>C\u00d4NG TY TNHH COMFYS NH\u1eacT B\u1ea2N<\/strong> \u8fd0\u8425\u7684\u5728\u7ebf\u5e02\u573a<strong>Si\u00eau th\u1ecb OMORI<\/strong>\u3002&nbsp;<\/p>\n\n\n\n<p>B\u1ea1n c\u00f3 th\u1ec3 l\u00e0m \u0111\u01b0\u1ee3c \u0111i\u1ec1u \u0111\u00f3 kh\u00f4ng?\u53d7\u5176\u7ea6\u675f\u3002\u8bf7\u4ed4\u7ec6\u9605\u8bfb\u8fd9\u548c\u8d2d\u4e70OMORI-MART \u4ea7\u54c1\u65f6\u5747\u53d7\u5176\u7ea6\u675f\u3002 <\/p>\n\n\n\n<h4 class=\"wp-block-heading\"><strong>1.\u4e00\u822c\u4fe1\u606f<\/strong><\/h4>\n\n\n\n<ul class=\"wp-block-list\">\n<li><strong>\u516c\u53f8\u540d\u79f0<\/strong>\uff1acomfys Nh\u1eadt B\u1ea3n llc<\/li>\n\n\n\n<li><strong>\u529e\u516c\u5ba4\u5730\u5740<\/strong>107-0061 \u4e1c\u4eac\u90fd\u6e2f\u533a\u5317\u9752\u5c71 1-3-1 R Cube \u9752\u5c71 3 \u697c<\/li>\n\n\n\n<li><strong>\u7f51\u7ad9<\/strong>\uff1a https:\/\/peachpuff-dugong-919786.hostingersite.com\/<\/li>\n\n\n\n<li><strong>\u4e1a\u52a1\u7b80\u4ecb<\/strong>: SIM \u0111i\u1ec7n tho\u1ea1i di \u0111\u1ed9ng Wi-Fi mi\u1ec5n ph\u00ed B\u1ea1n c\u00f3 th\u1ec3 l\u00e0m \u0111i\u1ec1u \u0111\u00f3 b\u1eb1ng c\u00e1ch s\u1eed d\u1ee5ng m\u1ed9t c\u00f4ng c\u1ee5 h\u1ed7 tr\u1ee3. B\u1ea1n c\u00f3 th\u1ec3 l\u00e0m \u0111\u01b0\u1ee3c \u0111i\u1ec1u \u0111\u00f3 \u2013 b\u1ea1n c\u00f3 th\u1ec3 l\u00e0m \u0111\u01b0\u1ee3c \u0111i\u1ec1u \u0111\u00f3 kh\u00f4ng? Wi-Fi \u670d\u52a1, b\u1ea1n c\u00f3 th\u1ec3 l\u00e0m \u0111\u01b0\u1ee3c \u0111i\u1ec1u \u0111\u00f3 B\u1ea1n c\u00f3 th\u1ec3 l\u00e0m \u0111\u01b0\u1ee3c \u0111i\u1ec1u \u0111\u00f3.   <\/li>\n<\/ul>\n\n\n\n<h4 class=\"wp-block-heading\"><strong>2.\u4f7f\u7528\u8d44\u683c<\/strong><\/h4>\n\n\n\n<p>\u4f7f\u7528 SIM-OMORI-MART \u5373\u8868\u660e\u60a8\u5df2\u8fbe\u5230\u6cd5\u5b9a\u5e74\u9f84<\/p>\n\n\n\n<h4 class=\"wp-block-heading\"><strong>3.\u8ba2\u5355\u548c\u4ed8\u6b3e<\/strong><\/h4>\n\n\n\n<p>3.1<strong>\u8ba2\u5355\u6d41\u7a0b<\/strong>\uff1a<\/p>\n\n\n\n<ul class=\"wp-block-list\">\n<li>\u6240\u6709\u901a\u8fc7SIM-OMORI-MART\u4e0b\u8fbe\u7684\u8ba2\u5355\u5747\u4ee5COMFYS JAPAN LLC\u63a5\u53d7\u7684\u8ba2\u5355\u4e3a\u51c6. B\u1ea1n c\u00f3 th\u1ec3 l\u00e0m \u0111i\u1ec1u \u0111\u00f3.  <\/li>\n<\/ul>\n\n\n\n<p>3.2<strong>\u4ed8\u6b3e\u65b9\u5f0f<\/strong>\uff1a<\/p>\n\n\n\n<ul class=\"wp-block-list\">\n<li>\u6211\u4eec\u63a5\u53d7\u4e3b\u8981\u5217\u51fa\u7684\u5176\u4ed6\u4ed8\u6b3e\u65b9\u5f0f\u3002\u9664\u975e\u53e6\u6709\u8bf4\u660e,\u5426\u5219\u6240\u6709\u4ef7\u683c\u5747\u4ee5\u65e5\u5143(JPY) \u4e3a\u5355\u4f4d,\u5e76\u5305\u542b\u4efb\u4f55\u9002\u7528\u7684\u7a0e\u8d39\u3002 <\/li>\n<\/ul>\n\n\n\n<p>3.3<strong>\u9000\u6b3e\u548c\u53d6\u6d88<\/strong>\uff1a<\/p>\n\n\n\n<ul class=\"wp-block-list\">\n<li>B\u1ea1n c\u00f3 th\u1ec3 l\u00e0m \u0111i\u1ec1u \u0111\u00f3 b\u1eb1ng c\u00e1ch s\u1eed d\u1ee5ng n\u00f3. B\u1ea1n c\u00f3 th\u1ec3 l\u00e0m \u0111\u01b0\u1ee3c \u0111i\u1ec1u \u0111\u00f3. 7 \u5929\u5185\u8054\u7cfb\u6211\u4eec\u7684\u5ba2\u6237\u652f\u6301\u56e2\u961f\u3002   <\/li>\n<\/ul>\n\n\n\n<h4 class=\"wp-block-heading\"><strong>4.\u4ea7\u54c1\u4f9b\u5e94\u548c\u5b9a\u4ef7<\/strong><\/h4>\n\n\n\n<p>4.1<strong>\u53ef\u7528\u6027<\/strong>\uff1a<\/p>\n\n\n\n<ul class=\"wp-block-list\">\n<li>B\u1ea1n c\u00f3 th\u1ec3 l\u00e0m \u0111i\u1ec1u \u0111\u00f3 b\u1eb1ng c\u00e1ch s\u1eed d\u1ee5ng c\u00e1c c\u00f4ng c\u1ee5 h\u1ed7 tr\u1ee3 B\u1ea1n c\u00f3 th\u1ec3 l\u00e0m \u0111\u01b0\u1ee3c \u0111i\u1ec1u \u0111\u00f3.  <\/li>\n<\/ul>\n\n\n\n<p>4.2<strong>\u5b9a\u4ef7<\/strong>\uff1a<\/p>\n\n\n\n<ul class=\"wp-block-list\">\n<li>B\u1ea1n c\u00f3 th\u1ec3 l\u00e0m \u0111i\u1ec1u \u0111\u00f3 b\u1eb1ng c\u00e1ch s\u1eed d\u1ee5ng n\u00f3. B\u1ea1n c\u00f3 th\u1ec3 l\u00e0m \u0111\u01b0\u1ee3c \u0111i\u1ec1u \u0111\u00f3.  <\/li>\n<\/ul>\n\n\n\n<h4 class=\"wp-block-heading\"><strong>5.\u8fd0\u8f93\u548c\u4ea4\u4ed8<\/strong><\/h4>\n\n\n\n<p>5.1<strong>\u4ea4\u4ed8\u533a\u57df<\/strong>\uff1a<\/p>\n\n\n\n<ul class=\"wp-block-list\">\n<li>SIM-OMORI-MART l\u00e0 m\u1ed9t trong nh\u1eefng nh\u00e0 cung c\u1ea5p SIM-OMORI-MART. <\/li>\n<\/ul>\n\n\n\n<p>5.2<strong>\u8fd0\u8d39<\/strong>\uff1a<\/p>\n\n\n\n<ul class=\"wp-block-list\">\n<li>\u8fd0\u8d39\u6839\u636e\u8ba2\u5355\u7684\u5927\u5c0f\u548c\u91cd\u91cf\u800c\u6709\u6240\u4e0d\u540c\u3002\u6240\u6709\u9002\u7528\u7684\u8fd0\u8d39\u5c06\u5728\u7ed3\u8d26\u65f6\u663e\u793a\u3002\u5927\u5b97\u8ba2\u5355\u53ef\u4eab\u53d7\u514d\u8d39\u9001\u8d27\u670d\u52a1,\u5177\u4f53\u53d6\u51b3\u4e8e\u8ba2\u5355\u603b\u989d\u3002  <\/li>\n<\/ul>\n\n\n\n<p>5.3<strong>\u4ea4\u8d27\u65f6\u95f4<\/strong>\uff1a<\/p>\n\n\n\n<ul class=\"wp-block-list\">\n<li>\u8ba2\u5355\u901a\u5e38\u5728 2-3 b\u1ea1n c\u00f3 th\u1ec3 l\u00e0m \u0111\u01b0\u1ee3c \u0111i\u1ec1u \u0111\u00f3.\u533a\u548c\u9009\u62e9\u7684\u9001\u8d27\u65b9\u5f0f\u800c\u6709\u6240\u4e0d\u540c\u3002OMORI-MART B\u1ea1n c\u00f3 th\u1ec3 l\u00e0m \u0111\u01b0\u1ee3c \u0111i\u1ec1u \u0111\u00f3.  <\/li>\n<\/ul>\n\n\n\n<h4 class=\"wp-block-heading\"><strong>6. \u9000\u8d27\u548c\u9000\u6b3e\u653f\u7b56<\/strong><\/h4>\n\n\n\n<p>6.1<strong>\u9000\u8d27\u8d44\u683c<\/strong>\uff1a<\/p>\n\n\n\n<ul class=\"wp-block-list\">\n<li>7 24\u5c0f\u65f6\u5185\u62a5\u544a\u3002  <\/li>\n<\/ul>\n\n\n\n<p>6.2<strong>\u4e0d\u53ef\u9000\u8d27\u7269\u54c1<\/strong>\uff1a<\/p>\n\n\n\n<ul class=\"wp-block-list\">\n<li>\u9152\u7cbe\u996e\u6599\u548c\u5176\u4ed6\u6613\u8150\u8d27\u7269\uff08\u5982\u8089\u7c7b\uff09\u4e0d\u53ef\u9000\u8d27,\u9664\u975e\u5728\u9001\u8fbe\u65f6\u5df2\u635f\u574f\u6216\u51fa\u73b0\u9001\u8d27\u9519\u8bef\u3002<\/li>\n<\/ul>\n\n\n\n<p>6.3<strong>\u9000\u6b3e\u7a0b\u5e8f<\/strong>\uff1a<\/p>\n\n\n\n<ul class=\"wp-block-list\">\n<li>10 B\u1ea1n c\u00f3 th\u1ec3 l\u00e0m \u0111\u01b0\u1ee3c \u0111i\u1ec1u \u0111\u00f3. <\/li>\n<\/ul>\n\n\n\n<h4 class=\"wp-block-heading\"><strong>7. \u9690\u79c1\u653f\u7b56<\/strong><\/h4>\n\n\n\n<p>OMORI-MART B\u1ea1n c\u00f3 th\u1ec3 l\u00e0m \u0111\u01b0\u1ee3c \u0111i\u1ec1u \u0111\u00f3? B\u1ea1n c\u00f3 th\u1ec3 l\u00e0m \u0111\u01b0\u1ee3c \u0111i\u1ec1u \u0111\u00f3.  <\/p>\n\n\n\n<h4 class=\"wp-block-heading\"><strong>8.\u8d23\u4efb\u9650\u5236<\/strong><\/h4>\n\n\n\n<p>\u5bf9\u4e8e\u56e0\u4f7f\u7528OMORI-MART\u6216\u901a\u8fc7\u672c\u7f51\u7ad9\u9500\u552e\u7684\u4ea7\u54c1\u800c\u9020\u6210\u7684\u4efb\u4f55\u95f4\u63a5\u3001\u9644\u5e26\u6216\u540e\u679c\u6027\u635f\u5bb3,COMFYS JAPAN LLC l\u00e0 m\u1ed9t c\u00f4ng ty c\u00f3 ti\u1ec1m n\u0103ng ph\u00e1t tri\u1ec3n kinh doanh. <\/p>\n\n\n\n<h4 class=\"wp-block-heading\"><strong>9.\u51c6\u636e\u6cd5<\/strong><\/h4>\n\n\n\n<p>Th\u1ebb SIM-OMORI-M ART\u800c\u4ea7\u751f\u7684\u4efb\u4f55\u4e89\u8bae,\u5c06\u7531\u65e5\u672c\u4e1c\u4eac\u7684\u6cd5\u9662\u884c\u4f7f\u4e13\u5c5e\u7ba1\u8f96\u6743\u3002 <\/p>\n\n\n\n<h4 class=\"wp-block-heading\"><strong>10.\u6761\u6b3e\u548c\u6761\u4ef6\u7684\u53d8\u66f4<\/strong><\/h4>\n\n\n\n<p>C\u00f4ng ty c\u00f3 th\u1ec3 cung c\u1ea5p c\u00e1c d\u1ecbch v\u1ee5 h\u1ed7 tr\u1ee3 t\u1ed1t nh\u1ea5t cho b\u1ea1n. OMORI-MART \u7f51\u7ad9\u4e0a\u516c\u5e03,\u4fee\u6539\u540e\u7ee7\u7eed\u4f7f\u7528\u6211\u4eec\u7684\u670d\u52a1\u5373\u8868\u793a\u60a8\u63a5\u53d7\u4fee\u6539\u540e\u7684\u6761\u6b3e\u3002 <\/p>\n\n\n\n<p>B\u1ea1n c\u00f3 th\u1ec3 l\u00e0m \u0111\u01b0\u1ee3c \u0111i\u1ec1u \u0111\u00f3?<strong>support@omorimart.com<\/strong> \u8054\u7cfb\u6211\u4eec\u7684\u5ba2\u6237\u670d\u52a1\u56e2\u961f\u3002<\/p>\n\n\n\n<p>\u4f7f\u7528 OMORI-MART, \u5373\u8868\u793a\u60a8\u5df2\u9605\u8bfb,\u7406\u89e3\u5e76\u540c\u610f\u63a5\u53d7\u8fd9\u4e9b\u6761\u6b3e\u548c\u6761\u4ef6\u7684\u7ea6\u675f\u3002<\/p>","protected":false},"excerpt":{"rendered":"<p>\u5bfc\u8a00 \u6b22\u8fce\u8bbf\u95eeCOMFYS JAPAN LLC \u8fd0\u8425\u7684\u5728\u7ebf\u5e02\u573aOMORI-MART\u3002&nbsp; \u8bbf\u95ee\u6216\u4f7f\u7528\u6211\u4eec\u7684\u7f51\u7ad9\u548c\u670d\u52a1\uff0c\u5373\u8868\u793a\u60a8\u540c\u610f\u9075\u5b88\u4ee5\u4e0b\u6761\u6b3e\u5e76\u53d7\u5176\u7ea6\u675f\u3002\u8bf7\u4ed4\u7ec6\u9605\u8bfb\u8fd9\u4e9b\u6761\u6b3e\uff0c\u56e0\u4e3a\u60a8\u5728\u4f7f\u7528\u672c\u7f51\u7ad9\u548c\u8d2d\u4e70 OMORI-MART \u4ea7\u54c1\u65f6\u5747\u53d7\u5176\u7ea6\u675f\u3002 1.\u4e00\u822c\u4fe1\u606f 2.\u4f7f\u7528\u8d44\u683c \u4f7f\u7528 SIM-OMORI-MART \u5373\u8868\u660e\u60a8\u5df2\u8fbe\u5230\u6cd5\u5b9a\u5e74\u9f84 3.\u8ba2\u5355\u548c\u4ed8\u6b3e 3.1\u8ba2\u5355\u6d41\u7a0b\uff1a 3.2\u4ed8\u6b3e\u65b9\u5f0f\uff1a 3.3\u9000\u6b3e\u548c\u53d6\u6d88\uff1a 4.\u4ea7\u54c1\u4f9b\u5e94\u548c\u5b9a\u4ef7 4.1\u53ef\u7528\u6027\uff1a 4.2\u5b9a\u4ef7\uff1a 5.\u8fd0\u8f93\u548c\u4ea4\u4ed8 5.1\u4ea4\u4ed8\u533a\u57df\uff1a 5.2\u8fd0\u8d39\uff1a 5.3\u4ea4\u8d27\u65f6\u95f4\uff1a 6.\u9000\u8d27\u548c\u9000\u6b3e\u653f\u7b56 6.1\u9000\u8d27\u8d44\u683c\uff1a 6.2\u4e0d\u53ef\u9000\u8d27\u7269\u54c1\uff1a 6.3\u9000\u6b3e\u7a0b\u5e8f\uff1a 7.\u9690\u79c1\u653f\u7b56 \u6211\u4eec\u81f4\u529b\u4e8e\u4fdd\u62a4\u60a8\u7684\u4e2a\u4eba\u4fe1\u606f\u3002\u901a\u8fc7<\/p>","protected":false},"author":2,"featured_media":0,"parent":0,"menu_order":0,"comment_status":"closed","ping_status":"closed","template":"","meta":{"footnotes":""},"class_list":["post-24958","page","type-page","status-publish","hentry"],"yoast_head":"<!-- This site is optimized with the Yoast SEO plugin v27.2 - https:\/\/yoast.com\/product\/yoast-seo-wordpress\/ -->\n<title>\u6761\u6b3e\u548c\u6761\u4ef6 - Omori WIFI<\/title>\n<meta name=\"robots\" content=\"index, follow, max-snippet:-1, max-image-preview:large, max-video-preview:-1\" \/>\n<link rel=\"canonical\" href=\"https:\/\/omoriwifi.com\/vi\/\u6761\u6b3e\u548c\u6761\u4ef6\/\" \/>\n<meta property=\"og:locale\" content=\"vi_VN\" \/>\n<meta property=\"og:type\" content=\"article\" \/>\n<meta property=\"og:title\" content=\"\u6761\u6b3e\u548c\u6761\u4ef6 - Omori WIFI\" \/>\n<meta property=\"og:description\" content=\"\u5bfc\u8a00 \u6b22\u8fce\u8bbf\u95eeCOMFYS JAPAN LLC \u8fd0\u8425\u7684\u5728\u7ebf\u5e02\u573aOMORI-MART\u3002&nbsp; \u8bbf\u95ee\u6216\u4f7f\u7528\u6211\u4eec\u7684\u7f51\u7ad9\u548c\u670d\u52a1\uff0c\u5373\u8868\u793a\u60a8\u540c\u610f\u9075\u5b88\u4ee5\u4e0b\u6761\u6b3e\u5e76\u53d7\u5176\u7ea6\u675f\u3002\u8bf7\u4ed4\u7ec6\u9605\u8bfb\u8fd9\u4e9b\u6761\u6b3e\uff0c\u56e0\u4e3a\u60a8\u5728\u4f7f\u7528\u672c\u7f51\u7ad9\u548c\u8d2d\u4e70 OMORI-MART \u4ea7\u54c1\u65f6\u5747\u53d7\u5176\u7ea6\u675f\u3002 1.\u4e00\u822c\u4fe1\u606f 2.\u4f7f\u7528\u8d44\u683c \u4f7f\u7528 SIM-OMORI-MART \u5373\u8868\u660e\u60a8\u5df2\u8fbe\u5230\u6cd5\u5b9a\u5e74\u9f84 3.\u8ba2\u5355\u548c\u4ed8\u6b3e 3.1\u8ba2\u5355\u6d41\u7a0b\uff1a 3.2\u4ed8\u6b3e\u65b9\u5f0f\uff1a 3.3\u9000\u6b3e\u548c\u53d6\u6d88\uff1a 4.\u4ea7\u54c1\u4f9b\u5e94\u548c\u5b9a\u4ef7 4.1\u53ef\u7528\u6027\uff1a 4.2\u5b9a\u4ef7\uff1a 5.\u8fd0\u8f93\u548c\u4ea4\u4ed8 5.1\u4ea4\u4ed8\u533a\u57df\uff1a 5.2\u8fd0\u8d39\uff1a 5.3\u4ea4\u8d27\u65f6\u95f4\uff1a 6.\u9000\u8d27\u548c\u9000\u6b3e\u653f\u7b56 6.1\u9000\u8d27\u8d44\u683c\uff1a 6.2\u4e0d\u53ef\u9000\u8d27\u7269\u54c1\uff1a 6.3\u9000\u6b3e\u7a0b\u5e8f\uff1a 7.\u9690\u79c1\u653f\u7b56 \u6211\u4eec\u81f4\u529b\u4e8e\u4fdd\u62a4\u60a8\u7684\u4e2a\u4eba\u4fe1\u606f\u3002\u901a\u8fc7\" \/>\n<meta property=\"og:url\" content=\"https:\/\/omoriwifi.com\/vi\/\u6761\u6b3e\u548c\u6761\u4ef6\/\" \/>\n<meta property=\"og:site_name\" content=\"Omori WIFI\" \/>\n<meta name=\"twitter:card\" content=\"summary_large_image\" \/>\n<script type=\"application\/ld+json\" class=\"yoast-schema-graph\">{\"@context\":\"https:\/\/schema.org\",\"@graph\":[{\"@type\":\"WebPage\",\"@id\":\"https:\/\/omoriwifi.com\/vi\/%e6%9d%a1%e6%ac%be%e5%92%8c%e6%9d%a1%e4%bb%b6\/\",\"url\":\"https:\/\/omoriwifi.com\/vi\/%e6%9d%a1%e6%ac%be%e5%92%8c%e6%9d%a1%e4%bb%b6\/\",\"name\":\"\u6761\u6b3e\u548c\u6761\u4ef6 - Omori WIFI\",\"isPartOf\":{\"@id\":\"https:\/\/omoriwifi.com\/ja\/#website\"},\"datePublished\":\"2025-03-28T00:40:25+00:00\",\"breadcrumb\":{\"@id\":\"https:\/\/omoriwifi.com\/vi\/%e6%9d%a1%e6%ac%be%e5%92%8c%e6%9d%a1%e4%bb%b6\/#breadcrumb\"},\"inLanguage\":\"vi\",\"potentialAction\":[{\"@type\":\"ReadAction\",\"target\":[\"https:\/\/omoriwifi.com\/vi\/%e6%9d%a1%e6%ac%be%e5%92%8c%e6%9d%a1%e4%bb%b6\/\"]}]},{\"@type\":\"BreadcrumbList\",\"@id\":\"https:\/\/omoriwifi.com\/vi\/%e6%9d%a1%e6%ac%be%e5%92%8c%e6%9d%a1%e4%bb%b6\/#breadcrumb\",\"itemListElement\":[{\"@type\":\"ListItem\",\"position\":1,\"name\":\"Home\",\"item\":\"https:\/\/omoriwifi.com\/ja\/\"},{\"@type\":\"ListItem\",\"position\":2,\"name\":\"\u6761\u6b3e\u548c\u6761\u4ef6\"}]},{\"@type\":\"WebSite\",\"@id\":\"https:\/\/omoriwifi.com\/ja\/#website\",\"url\":\"https:\/\/omoriwifi.com\/ja\/\",\"name\":\"Omori WiFi\",\"description\":\"My WordPress Blog\",\"potentialAction\":[{\"@type\":\"SearchAction\",\"target\":{\"@type\":\"EntryPoint\",\"urlTemplate\":\"https:\/\/omoriwifi.com\/ja\/?s={search_term_string}\"},\"query-input\":{\"@type\":\"PropertyValueSpecification\",\"valueRequired\":true,\"valueName\":\"search_term_string\"}}],\"inLanguage\":\"vi\"}]}<\/script>\n<!-- \/ Yoast SEO plugin. -->","yoast_head_json":{"title":"\u6761\u6b3e\u548c\u6761\u4ef6 - Omori WIFI","robots":{"index":"index","follow":"follow","max-snippet":"max-snippet:-1","max-image-preview":"max-image-preview:large","max-video-preview":"max-video-preview:-1"},"canonical":"https:\/\/omoriwifi.com\/vi\/\u6761\u6b3e\u548c\u6761\u4ef6\/","og_locale":"vi_VN","og_type":"article","og_title":"\u6761\u6b3e\u548c\u6761\u4ef6 - Omori WIFI","og_description":"\u5bfc\u8a00 \u6b22\u8fce\u8bbf\u95eeCOMFYS JAPAN LLC \u8fd0\u8425\u7684\u5728\u7ebf\u5e02\u573aOMORI-MART\u3002&nbsp; \u8bbf\u95ee\u6216\u4f7f\u7528\u6211\u4eec\u7684\u7f51\u7ad9\u548c\u670d\u52a1\uff0c\u5373\u8868\u793a\u60a8\u540c\u610f\u9075\u5b88\u4ee5\u4e0b\u6761\u6b3e\u5e76\u53d7\u5176\u7ea6\u675f\u3002\u8bf7\u4ed4\u7ec6\u9605\u8bfb\u8fd9\u4e9b\u6761\u6b3e\uff0c\u56e0\u4e3a\u60a8\u5728\u4f7f\u7528\u672c\u7f51\u7ad9\u548c\u8d2d\u4e70 OMORI-MART \u4ea7\u54c1\u65f6\u5747\u53d7\u5176\u7ea6\u675f\u3002 1.\u4e00\u822c\u4fe1\u606f 2.\u4f7f\u7528\u8d44\u683c \u4f7f\u7528 SIM-OMORI-MART \u5373\u8868\u660e\u60a8\u5df2\u8fbe\u5230\u6cd5\u5b9a\u5e74\u9f84 3.\u8ba2\u5355\u548c\u4ed8\u6b3e 3.1\u8ba2\u5355\u6d41\u7a0b\uff1a 3.2\u4ed8\u6b3e\u65b9\u5f0f\uff1a 3.3\u9000\u6b3e\u548c\u53d6\u6d88\uff1a 4.\u4ea7\u54c1\u4f9b\u5e94\u548c\u5b9a\u4ef7 4.1\u53ef\u7528\u6027\uff1a 4.2\u5b9a\u4ef7\uff1a 5.\u8fd0\u8f93\u548c\u4ea4\u4ed8 5.1\u4ea4\u4ed8\u533a\u57df\uff1a 5.2\u8fd0\u8d39\uff1a 5.3\u4ea4\u8d27\u65f6\u95f4\uff1a 6.\u9000\u8d27\u548c\u9000\u6b3e\u653f\u7b56 6.1\u9000\u8d27\u8d44\u683c\uff1a 6.2\u4e0d\u53ef\u9000\u8d27\u7269\u54c1\uff1a 6.3\u9000\u6b3e\u7a0b\u5e8f\uff1a 7.\u9690\u79c1\u653f\u7b56 \u6211\u4eec\u81f4\u529b\u4e8e\u4fdd\u62a4\u60a8\u7684\u4e2a\u4eba\u4fe1\u606f\u3002\u901a\u8fc7","og_url":"https:\/\/omoriwifi.com\/vi\/\u6761\u6b3e\u548c\u6761\u4ef6\/","og_site_name":"Omori WIFI","twitter_card":"summary_large_image","schema":{"@context":"https:\/\/schema.org","@graph":[{"@type":"WebPage","@id":"https:\/\/omoriwifi.com\/vi\/%e6%9d%a1%e6%ac%be%e5%92%8c%e6%9d%a1%e4%bb%b6\/","url":"https:\/\/omoriwifi.com\/vi\/%e6%9d%a1%e6%ac%be%e5%92%8c%e6%9d%a1%e4%bb%b6\/","name":"\u6761\u6b3e\u548c\u6761\u4ef6 - Omori WIFI","isPartOf":{"@id":"https:\/\/omoriwifi.com\/ja\/#website"},"datePublished":"2025-03-28T00:40:25+00:00","breadcrumb":{"@id":"https:\/\/omoriwifi.com\/vi\/%e6%9d%a1%e6%ac%be%e5%92%8c%e6%9d%a1%e4%bb%b6\/#breadcrumb"},"inLanguage":"vi","potentialAction":[{"@type":"ReadAction","target":["https:\/\/omoriwifi.com\/vi\/%e6%9d%a1%e6%ac%be%e5%92%8c%e6%9d%a1%e4%bb%b6\/"]}]},{"@type":"BreadcrumbList","@id":"https:\/\/omoriwifi.com\/vi\/%e6%9d%a1%e6%ac%be%e5%92%8c%e6%9d%a1%e4%bb%b6\/#breadcrumb","itemListElement":[{"@type":"ListItem","position":1,"name":"Home","item":"https:\/\/omoriwifi.com\/ja\/"},{"@type":"ListItem","position":2,"name":"\u6761\u6b3e\u548c\u6761\u4ef6"}]},{"@type":"WebSite","@id":"https:\/\/omoriwifi.com\/ja\/#website","url":"https:\/\/omoriwifi.com\/ja\/","name":"WiFi Omori","description":"Blog WordPress c\u1ee7a t\u00f4i","potentialAction":[{"@type":"SearchAction","target":{"@type":"EntryPoint","urlTemplate":"https:\/\/omoriwifi.com\/ja\/?s={search_term_string}"},"query-input":{"@type":"PropertyValueSpecification","valueRequired":true,"valueName":"search_term_string"}}],"inLanguage":"vi"}]}},"_links":{"self":[{"href":"https:\/\/omoriwifi.com\/vi\/wp-json\/wp\/v2\/pages\/24958","targetHints":{"allow":["GET"]}}],"collection":[{"href":"https:\/\/omoriwifi.com\/vi\/wp-json\/wp\/v2\/pages"}],"about":[{"href":"https:\/\/omoriwifi.com\/vi\/wp-json\/wp\/v2\/types\/page"}],"author":[{"embeddable":true,"href":"https:\/\/omoriwifi.com\/vi\/wp-json\/wp\/v2\/users\/2"}],"replies":[{"embeddable":true,"href":"https:\/\/omoriwifi.com\/vi\/wp-json\/wp\/v2\/comments?post=24958"}],"version-history":[{"count":0,"href":"https:\/\/omoriwifi.com\/vi\/wp-json\/wp\/v2\/pages\/24958\/revisions"}],"wp:attachment":[{"href":"https:\/\/omoriwifi.com\/vi\/wp-json\/wp\/v2\/media?parent=24958"}],"curies":[{"name":"wp","href":"https:\/\/api.w.org\/{rel}","templated":true}]}}