{"id":24968,"date":"2025-03-28T00:40:25","date_gmt":"2025-03-28T00:40:25","guid":{"rendered":"https:\/\/peachpuff-dugong-919786.hostingersite.com\/termos-e-condicoes\/"},"modified":"2025-03-28T00:40:25","modified_gmt":"2025-03-28T00:40:25","slug":"termos-e-condicoes","status":"publish","type":"page","link":"https:\/\/omoriwifi.com\/vi\/termos-e-condicoes\/","title":{"rendered":"Termos e condi\u00e7\u00f5es"},"content":{"rendered":"<p><strong>Introdu\u00e7\u00e3o<\/strong><\/p>\n\n\n\n<p>Bem-vindo ao <strong>Si\u00eau th\u1ecb OMORI<\/strong>, \u1eebm, opera tr\u1ef1c tuy\u1ebfn <strong>C\u00d4NG TY TNHH COMFYS NH\u1eacT B\u1ea2N<\/strong>.&nbsp;<\/p>\n\n\n\n<p>Khi b\u1ea1n truy c\u1eadp v\u00e0o trang web hi\u1ec7n t\u1ea1i v\u00e0 c\u00e1c d\u1ecbch v\u1ee5 hi\u1ec7n t\u1ea1i c\u1ee7a m\u00ecnh, b\u1ea1n c\u00f3 th\u1ec3 k\u1ebft n\u1ed1i v\u1edbi ng\u01b0\u1eddi qu\u1ea3n l\u00fd v\u00e0 b\u1ea1n s\u1ebd c\u00f3 \u0111\u01b0\u1ee3c m\u1ed9t trong nh\u1eefng \u0111i\u1ec1u kho\u1ea3n v\u00e0 \u0111i\u1ec1u ki\u1ec7n ti\u1ebfp theo. \u0110\u00e2y l\u00e0 \u0111i\u1ec1u ki\u1ec7n thu\u1eadn l\u1ee3i \u0111\u1ec3 b\u1ea1n c\u00f3 th\u1ec3 s\u1eed d\u1ee5ng ch\u1ebf \u0111\u1ed9 c\u1ee7a m\u00ecnh tr\u00ean trang web b\u00e1n s\u1ea3n ph\u1ea9m c\u1ee7a OMORI-MART. <\/p>\n\n\n\n<h4 class=\"wp-block-heading\"><strong>1. Informa\u00e7\u00f5es gerais<\/strong><\/h4>\n\n\n\n<ul class=\"wp-block-list\">\n<li><strong>Nome da empresa<\/strong>: COMFYS NH\u1eacT B\u1ea2N LLC<\/li>\n\n\n\n<li><strong>Endere\u00e7o do escrit\u00f3rio<\/strong>: R Cube Aoyama, T\u1ea7ng 3, 1-3-1 Kita-Aoyama, Minato-ku, T\u00f3quio, 107-0061, Nh\u1eadt B\u1ea3n<\/li>\n\n\n\n<li><strong>\u0110\u1ecba \u0111i\u1ec3m:<\/strong> https:\/\/peachpuff-dugong-919786.hostingersite.com\/<\/li>\n\n\n\n<li><strong>Descri\u00e7\u00e3o da empresa<\/strong>: \u0110i\u1ec1u th\u00fa v\u1ecb l\u00e0 b\u1ea1n c\u00f3 th\u1ec3 k\u1ebft n\u1ed1i v\u1edbi Nh\u1eadt B\u1ea3n theo h\u00ecnh th\u1ee9c \u0111\u01a1n gi\u1ea3n v\u00e0 c\u00f3 v\u1ebb ph\u1ee9c t\u1ea1p. B\u1ea1n kh\u00f4ng c\u1ea7n ph\u1ea3i truy c\u1eadp v\u00e0o trang web c\u1ee7a m\u00ecnh ho\u1eb7c s\u1eed d\u1ee5ng m\u00e1y bay trong m\u1ed9t th\u1eddi gian d\u00e0i, c\u00e1c gi\u1ecf h\u00e0ng SIM v\u00e0 gi\u1ea3i ph\u00e1p b\u1ea3o \u0111\u1ea3m Wi-Fi t\u1ea1i nh\u00e0 m\u00e0 b\u1ea1n c\u00f3 th\u1ec3 c\u00f3 m\u1ed9t m\u1ea1ng Internet \u0111\u01b0\u1ee3c b\u1ea3o m\u1eadt v\u00e0 t\u1ed1c \u0111\u1ed9 cao khi c\u1ea7n v\u00e1. \u0110i\u1ec1u n\u00e0y tr\u1edf n\u00ean ph\u1ee9c t\u1ea1p, c\u00f3 th\u1ec3 \u0111\u01b0\u1ee3c x\u00e1c minh v\u1ec1 t\u00edn d\u1ee5ng \u2013 m\u1ed9t c\u00e1ch \u0111\u1ec3 c\u00f3 \u0111\u01b0\u1ee3c k\u1ebft qu\u1ea3 ho\u00e0n h\u1ea3o.Kh\u00f4ng c\u1ea7n ph\u1ea3i b\u1ecf l\u1ee1 m\u1ed9t d\u1ecbch v\u1ee5 d\u1eef li\u1ec7u n\u00e0o \u0111\u00f3 v\u00e0 truy c\u1eadp Wi-Fi v\u00e0 t\u00ednh kinh t\u1ebf nh\u01b0 nh\u1eefng r\u00e0o c\u1ea3n nh\u1ecf. V\u1edbi k\u1ebf ho\u1ea1ch linh ho\u1ea1t, mi\u1ec5n ph\u00ed v\u00e0 c\u00e1c c\u01a1 h\u1ed9i ngh\u1ec9 h\u01b0u, \u01b0u ti\u00ean s\u1ef1 thu\u1eadn ti\u1ec7n \u0111\u1ec3 b\u1ea1n c\u00f3 th\u1ec3 t\u1eadp trung v\u00e0o vi\u1ec7c c\u1ea3i thi\u1ec7n nh\u1ecbp \u0111\u1ed9 \u1edf Nh\u1eadt B\u1ea3n.   <\/li>\n<\/ul>\n\n\n\n<h4 class=\"wp-block-heading\"><strong>2. Elegibilidade para uso<\/strong><\/h4>\n\n\n\n<p>Khi s\u1eed d\u1ee5ng SIM-OMORI-MART, b\u1ea1n s\u1ebd x\u00e1c nh\u1eadn r\u1eb1ng \u0111\u00f3 l\u00e0 \u0111i\u1ec1u quan tr\u1ecdng nh\u1ea5t<\/p>\n\n\n\n<h4 class=\"wp-block-heading\"><strong>3. Pedidos e pagamentos<\/strong><\/h4>\n\n\n\n<p>3.1 <strong>Processo de pedido<\/strong>:<\/p>\n\n\n\n<ul class=\"wp-block-list\">\n<li>T\u1ea5t c\u1ea3 c\u00e1c ho\u1ea1t \u0111\u1ed9ng ph\u1ea1m ph\u00e1p \u0111\u01b0\u1ee3c th\u1ef1c hi\u1ec7n tr\u00ean SIM-OMORI-MART \u0111\u1ec1u \u0111\u01b0\u1ee3c th\u00e0nh l\u1eadp b\u1edfi COMFYS JAPAN LLC. Gi\u1ea3 s\u1eed b\u1ea1n \u0111ang l\u00e0m c\u00f4ng vi\u1ec7c \u0111\u00f3 \u0111\u1ec3 nh\u1eadn \u0111\u01b0\u1ee3c, h\u00e3y g\u1eedi m\u1ed9t l\u1eddi x\u00e1c nh\u1eadn v\u1ec1 vi\u1ec7c l\u00e0m \u0111\u00f3 qua e-mail. Kh\u00f4ng c\u1ea7n ph\u1ea3i d\u1ef1 tr\u1eef ho\u1eb7c ch\u1ec9 \u0111\u1ea1o vi\u1ec7c h\u1ee7y ho\u1eb7c gi\u1edbi h\u1ea1n ph\u1ea1m vi ho\u1ea1t \u0111\u1ed9ng \u0111\u01b0\u1ee3c cung c\u1ea5p \u0111\u1ec3 ph\u00e2n ph\u1ed1i s\u1ea3n ph\u1ea9m, c\u00f3 th\u1ec3 sai s\u00f3t tr\u01b0\u1edbc ho\u1eb7c kh\u00f4ng \u0111\u1ea1t \u0111\u01b0\u1ee3c \u0111\u1ed9ng c\u01a1 c\u0169ng nh\u01b0 ti\u00eau ch\u00ed.  <\/li>\n<\/ul>\n\n\n\n<p>3.2 <strong>M\u00e9todos de pagamento<\/strong>:<\/p>\n\n\n\n<ul class=\"wp-block-list\">\n<li>Aceitamos os principais cart\u00f5es de cr\u00e9dito, transfer\u00eancias banc\u00e1rias and outras amas de pagamento, ph\u00f9 h\u1ee3p v\u1edbi danh s\u00e1ch c\u1ee7a trang web m\u1edbi nh\u1ea5t. T\u1ea5t c\u1ea3 nh\u1eefng \u0111i\u1ec1u c\u1ea7n l\u00e0m tr\u01b0\u1edbc \u0111\u00e2y l\u00e0 danh s\u00e1ch c\u00e1c qu\u1ed1c gia Nh\u1eadt B\u1ea3n (JPY) v\u00e0 bao g\u1ed3m t\u1ea5t c\u1ea3 c\u00e1c \u1ee9ng d\u1ee5ng m\u1ea1o danh, c\u00e1c ch\u1ec9 s\u1ed1 ph\u1ea3n \u0111\u1ed1i. <\/li>\n<\/ul>\n\n\n\n<p>3.3 <strong>Reembolsos e cancelamentos<\/strong>:<\/p>\n\n\n\n<ul class=\"wp-block-list\">\n<li>Kh\u00e1ch h\u00e0ng c\u00f3 th\u1ec3 y\u00eau c\u1ea7u ho\u1eb7c h\u1ee7y b\u1ecf ho\u1ea1t \u0111\u1ed9ng pedido tr\u01b0\u1edbc khi th\u1ef1c hi\u1ec7n. N\u1ebfu b\u1ea1n mu\u1ed1n s\u1ea3n ph\u1ea9m \u0111\u01b0\u1ee3c g\u1eedi \u0111i, th\u00ec vi\u1ec7c h\u1ee7y b\u1ecf s\u1ebd kh\u00f4ng \u0111\u01b0\u1ee3c ph\u00e9p. Nh\u1eefng ph\u00e1t hi\u1ec7n c\u00f3 th\u1ec3 ph\u00e1t ra trong tr\u01b0\u1eddng h\u1ee3p s\u1ea3n ph\u1ea9m b\u1ecb m\u1ea5t ho\u1eb7c l\u1ed7i truy c\u1eadp, t\u00f9y thu\u1ed9c v\u00e0o vi\u1ec7c ki\u1ec3m tra. \u0110\u1ec3 l\u00e0m \u0111i\u1ec1u \u0111\u00f3, b\u1ea1n c\u00f3 th\u1ec3 ti\u1ebfp x\u00fac v\u1edbi m\u1ed9t thi\u1ebft b\u1ecb h\u1ed7 tr\u1ee3 cho kh\u00e1ch h\u00e0ng trong 7 ng\u00e0y sau ho\u1eb7c nh\u1eadn \u0111\u01b0\u1ee3c th\u00f4ng tin v\u1ec1 tr\u1ebb em.   <\/li>\n<\/ul>\n\n\n\n<h4 class=\"wp-block-heading\"><strong>4. Ph\u00e2n ph\u1ed1i tr\u01b0\u1edbc s\u1ea3n ph\u1ea9m<\/strong><\/h4>\n\n\n\n<p>4.1 <strong>Disponibilidade<\/strong>:<\/p>\n\n\n\n<ul class=\"wp-block-list\">\n<li>\u0110\u00e2y l\u00e0 m\u1ed9t trong nh\u1eefng c\u00f4ng c\u1ee5 c\u1ea7n thi\u1ebft \u0111\u1ec3 c\u00f3 \u0111\u01b0\u1ee3c trang web m\u1edbi nh\u1ea5t. Tuy nhi\u00ean, n\u1ebfu b\u1ea1n c\u00f3 nhu c\u1ea7u cao ho\u1eb7c c\u00f3 kh\u1ea3 n\u0103ng h\u1ecdc t\u1eadp cao c\u1ea5p, b\u1ea1n c\u00f3 th\u1ec3 c\u1ea7n ph\u1ea3i th\u1ef1c hi\u1ec7n c\u00f4ng vi\u1ec7c nhi khoa c\u1ee7a m\u00ecnh. N\u1ebfu c\u1ea7n, h\u00e3y th\u00f4ng b\u00e1o r\u1eb1ng b\u1ea1n \u0111ang c\u00f3 s\u1ea3n ph\u1ea9m thay th\u1ebf ho\u1eb7c quy tr\u00ecnh \u0111ang \u0111\u01b0\u1ee3c y\u00eau c\u1ea7u.  <\/li>\n<\/ul>\n\n\n\n<p>4.2 <strong>Precifica\u00e7\u00e3o<\/strong>:<\/p>\n\n\n\n<ul class=\"wp-block-list\">\n<li>C\u00e1c s\u1ea3n ph\u1ea9m tr\u01b0\u1edbc \u0111\u00f3 \u0111\u00e3 \u0111\u01b0\u1ee3c thay \u0111\u1ed5i nh\u01b0 tr\u01b0\u1edbc \u0111\u00e2y. T\u1ea5t c\u1ea3 nh\u1eefng \u0111i\u1ec1u c\u1ea7n l\u00e0m \u0111\u1ec3 \u0111\u1ea3m b\u1ea3o r\u1eb1ng b\u1ea1n c\u00f3 th\u1ec3 truy c\u1eadp trang web hi\u1ec7n t\u1ea1i c\u1ee7a m\u00ecnh, n\u1ebfu c\u00f3 th\u1ec3 x\u1ea3y ra l\u1ed7i. Kh\u00f4ng c\u00f3 tr\u01b0\u1eddng h\u1ee3p n\u00e0o c\u00f3 l\u1ed7i tr\u01b0\u1edbc \u0111\u00f3, h\u00e3y \u0111\u1eb7t tr\u01b0\u1edbc ho\u1eb7c tr\u1ef1c ti\u1ebfp h\u1ee7y b\u1ecf ho\u1ea1t \u0111\u1ed9ng kinh doanh v\u00e0 th\u00f4ng b\u00e1o cho kh\u00e1ch h\u00e0ng \u0111\u1ea7y \u0111\u1ee7.  <\/li>\n<\/ul>\n\n\n\n<h4 class=\"wp-block-heading\"><strong>5. Envio e entrega<\/strong><\/h4>\n\n\n\n<p>5.1 <strong>\u00c1rea de entrega<\/strong>:<\/p>\n\n\n\n<ul class=\"wp-block-list\">\n<li>Cu\u1ed1i c\u00f9ng, SIM-OMORI-MART c\u00f3 th\u1ec3 \u0111\u01b0\u1ee3c \u0111\u01b0a v\u00e0o m\u1ed9t n\u01a1i n\u00e0o \u0111\u00f3 \u1edf Nh\u1eadt B\u1ea3n. Kh\u00f4ng c\u00f3 g\u00ec \u0111\u00e1ng ng\u1ea1c nhi\u00ean trong th\u1eddi gian qu\u1ed1c t\u1ebf. <\/li>\n<\/ul>\n\n\n\n<p>5.2 <strong>Taxas de remessa<\/strong>:<\/p>\n\n\n\n<ul class=\"wp-block-list\">\n<li>C\u00e1c lo\u1ea1i thu\u1ebf c\u00f3 th\u1ec3 thay \u0111\u1ed5i theo th\u1ecfa thu\u1eadn v\u1edbi tamanho eo peso do seu pedido. T\u1ea5t c\u1ea3 nh\u1eefng g\u00ec ng\u01b0\u1eddi d\u00f9ng c\u00f3 th\u1ec3 y\u00eau c\u1ea7u kh\u1eafc ph\u1ee5c \u1ee9ng d\u1ee5ng s\u1ebd \u0111\u01b0\u1ee3c \u0111\u01b0a ra \u0111\u1ec3 ho\u00e0n t\u1ea5t c\u00f4ng vi\u1ec7c. Ngo\u00e0i ra, mi\u1ec5n ph\u00ed b\u1ea1n c\u00f3 th\u1ec3 cung c\u1ea5p cho c\u00e1c ph\u1ea1m vi s\u1ed1 l\u01b0\u1ee3ng l\u1edbn, ph\u1ee5 thu\u1ed9c ho\u00e0n to\u00e0n v\u00e0o kh\u1ed1i l\u01b0\u1ee3ng ph\u1ea1m vi.  <\/li>\n<\/ul>\n\n\n\n<p>5.3 <strong>Prazo de entrega<\/strong>:<\/p>\n\n\n\n<ul class=\"wp-block-list\">\n<li>Th\u00f4ng th\u01b0\u1eddng, c\u00e1c quy tr\u00ecnh x\u1eed l\u00fd \u0111\u01b0\u1ee3c th\u1ef1c hi\u1ec7n trong 2 v\u00e0 3 ng\u00e0y cu\u1ed1i c\u00f9ng. Ph\u01b0\u01a1ng ph\u00e1p ti\u1ebfp c\u1eadn c\u00f3 th\u1ec3 thay \u0111\u1ed5i theo c\u00e1ch ph\u00f9 h\u1ee3p v\u1edbi ph\u01b0\u01a1ng ph\u00e1p \u0111\u1ecba ph\u01b0\u01a1ng h\u00f3a c\u1ee7a b\u1ea1n trong m\u00f4i tr\u01b0\u1eddng l\u1ef1a ch\u1ecdn. OMORI-MART kh\u00f4ng th\u1ec3 \u0111\u00e1p \u1ee9ng \u0111\u01b0\u1ee3c nh\u1eefng nguy\u00ean nh\u00e2n g\u00e2y ra t\u00ecnh tr\u1ea1ng b\u00ean ngo\u00e0i, nh\u01b0 \u0111i\u1ec1u ki\u1ec7n kh\u00ed h\u1eadu, v\u1ea5n \u0111\u1ec1 v\u1ec1 v\u1eadn chuy\u1ec3n ho\u1eb7c t\u1ef1 do.  <\/li>\n<\/ul>\n\n\n\n<h4 class=\"wp-block-heading\"><strong>6. Ch\u00ednh tr\u1ecb ph\u00e1 ho\u1ea1i v\u00e0 t\u00e1i b\u00f9ng n\u1ed5<\/strong><\/h4>\n\n\n\n<p>6.1 <strong>\u0110\u1ee7 \u0111i\u1ec1u ki\u1ec7n cho s\u1ef1 ph\u00e1t tri\u1ec3n<\/strong>:<\/p>\n\n\n\n<ul class=\"wp-block-list\">\n<li>C\u00e1c s\u1ea3n ph\u1ea9m m\u00e0 b\u1ea1n c\u00f3 th\u1ec3 ki\u1ebfm \u0111\u01b0\u1ee3c ho\u1eb7c c\u00f3 th\u1ec3 b\u1ecb ph\u00e1 h\u1ee7y. Kh\u00e1ch h\u00e0ng \u0111\u00e3 nh\u1eadn \u0111\u01b0\u1ee3c th\u00f4ng b\u00e1o n\u00e0y v\u00e0o 7 ng\u00e0y sau khi nh\u1eadn \u0111\u01b0\u1ee3c v\u00e0 cung c\u1ea5p th\u00f4ng tin v\u1ec1 vi\u1ec7c b\u1ea1n c\u00f3 th\u1ec3 b\u1ecb t\u1eeb ch\u1ed1i. \u0110i\u1ec1u n\u00e0y \u0111\u01b0\u1ee3c th\u1ef1c hi\u1ec7n, bao g\u1ed3m c\u00e1c s\u1ea3n ph\u1ea9m ch\u0103m s\u00f3c, cung c\u1ea5p th\u00f4ng tin trong 24 gi\u1edd sau khi nh\u1eadn \u0111\u01b0\u1ee3c.  <\/li>\n<\/ul>\n\n\n\n<p>6.2 <strong>Itens que not podem ser devolvidos<\/strong>:<\/p>\n\n\n\n<ul class=\"wp-block-list\">\n<li>C\u00e1c s\u1ea3n ph\u1ea9m v\u00e0 s\u1ea3n ph\u1ea9m b\u00ean ngo\u00e0i \u0111\u01b0\u1ee3c \u0111\u00e1nh gi\u00e1 cao (nh\u01b0 c\u00e1ch b\u1ea1n c\u00f3 th\u1ec3 l\u00e0m) kh\u00f4ng c\u00f3 kh\u1ea3 n\u0103ng ph\u00e1 h\u1ee7y, v\u00e0 b\u1ea1n c\u00f3 th\u1ec3 l\u00e0m vi\u1ec7c hi\u1ec7u qu\u1ea3 ho\u1eb7c chegada ho\u1eb7c b\u1ea1n c\u00f3 l\u1ed7i khi truy c\u1eadp.<\/li>\n<\/ul>\n\n\n\n<p>6.3 <strong>Processo de reembolso<\/strong>:<\/p>\n\n\n\n<ul class=\"wp-block-list\">\n<li>Gi\u1ea3 s\u1eed b\u1ea1n x\u00e1c nh\u1eadn t\u00ednh h\u1ee3p ph\u00e1p c\u1ee7a m\u1ed9t s\u1ef1 ph\u00e1 h\u1ee7y, ho\u1eb7c vi\u1ec7c thu h\u1ed3i l\u1ea1i c\u00e1c quy tr\u00ecnh ti\u1ebfp theo \u0111\u1ed1i v\u1edbi ph\u01b0\u01a1ng ph\u00e1p ban \u0111\u1ea7u c\u1ee7a trang web. Nh\u1eefng kho\u1ea3n n\u1ee3 c\u00f3 th\u1ec3 \u0111\u01b0\u1ee3c thu h\u1ed3i v\u00e0o l\u00fac 10 ng\u00e0y \u0111\u1ed1i v\u1edbi m\u1ed9t ng\u01b0\u1eddi ph\u1ee5 thu\u1ed9c v\u00e0o t\u1ed5 ch\u1ee9c t\u00e0i ch\u00ednh c\u1ee7a b\u1ea1n. <\/li>\n<\/ul>\n\n\n\n<h4 class=\"wp-block-heading\"><strong>7. Pol\u00edtica de privacidade<\/strong><\/h4>\n\n\n\n<p>Th\u1eddi gian c\u00f3 th\u1ec3 g\u00e2y t\u1ed5n h\u1ea1i cho ng\u01b0\u1eddi b\u1ea3o v\u1ec7 th\u00f4ng tin c\u1ee7a b\u1ea1n. T\u1ea5t c\u1ea3 c\u00e1c d\u1eef li\u1ec7u v\u1ec1 kh\u00e1ch h\u00e0ng \u0111\u01b0\u1ee3c t\u1eadp h\u1ee3p b\u1edfi OMORI-MART sao cho c\u00e1c giao d\u1ecbch \u0111\u01b0\u1ee3c cung c\u1ea5p v\u1edbi Ch\u00ednh s\u00e1ch Ri\u00eang t\u01b0 m\u1edbi. Kh\u00f4ng n\u00ean chia s\u1ebb ho\u1eb7c tr\u1ea3 th\u00f9 nh\u1eefng th\u00f4ng tin \u0111\u01b0\u1ee3c ng\u01b0\u1eddi kh\u00e1c y\u00eau c\u1ea7u n\u1ebfu b\u1ea1n \u0111\u01b0\u1ee3c s\u1ef1 \u0111\u1ed3ng \u00fd, ngo\u1ea1i tr\u1eeb m\u1ed9t s\u1ed1 \u0111i\u1ec1u c\u1ea7n thi\u1ebft.  <\/p>\n\n\n\n<h4 class=\"wp-block-heading\"><strong>8. Gi\u1edbi h\u1ea1n tr\u00e1ch nhi\u1ec7m<\/strong><\/h4>\n\n\n\n<p>COMFYS JAPAN LLC kh\u00f4ng ch\u1ecbu tr\u00e1ch nhi\u1ec7m v\u1ec1 c\u00e1c v\u1ea5n \u0111\u1ec1 tr\u1ef1c ti\u1ebfp, s\u1ef1 c\u1ed1 ho\u1eb7c h\u1eadu qu\u1ea3 x\u1ea3y ra khi s\u1eed d\u1ee5ng OMORI-MART ho\u1eb7c c\u00e1c s\u1ea3n ph\u1ea9m \u0111\u01b0\u1ee3c b\u00e1n tr\u00ean trang web hi\u1ec7n t\u1ea1i. Tr\u00e1ch nhi\u1ec7m c\u1ee7a b\u1ea1n hi\u1ec7n t\u1ea1i l\u00e0 gi\u1edbi h\u1ea1n \u0111\u1ed1i v\u1edbi (c\u00e1c) s\u1ea3n ph\u1ea9m c\u00f3 gi\u00e1 tr\u1ecb m\u00e0 b\u1ea1n \u0111ang t\u00ecm ki\u1ebfm. <\/p>\n\n\n\n<h4 class=\"wp-block-heading\"><strong>9. Legisla\u00e7\u00e3o aplic\u00e1vel<\/strong><\/h4>\n\n\n\n<p>\u0110i\u1ec1u ki\u1ec7n v\u00e0 \u0111i\u1ec1u ki\u1ec7n \u0111\u01b0\u1ee3c \u00e1p d\u1ee5ng cho c\u00e1c ch\u1ebf \u0111\u1ed9 \u1edf Nh\u1eadt B\u1ea3n. Vi\u1ec7c gi\u1ea3i quy\u1ebft c\u00e1c tranh ch\u1ea5p \u0111ang \u0111\u01b0\u1ee3c gi\u1ea3i quy\u1ebft do vi\u1ec7c s\u1eed d\u1ee5ng SIM-OMORI-MART c\u1ee7a c\u00e1c t\u00f2a \u00e1n \u0111\u1ed9c quy\u1ec1n t\u1ea1i t\u00f2a \u00e1n T\u00f3quio, Nh\u1eadt B\u1ea3n. <\/p>\n\n\n\n<h4 class=\"wp-block-heading\"><strong>10. Thay \u0111\u1ed5i c\u00e1c \u0111i\u1ec1u kho\u1ea3n v\u00e0 \u0111i\u1ec1u ki\u1ec7n<\/strong><\/h4>\n\n\n\n<p>A COMFYS JAPAN LLC \u0111\u00e3 d\u1ef1 tr\u1eef ho\u1eb7c \u0111i\u1ec1u ch\u1ec9nh c\u00e1c \u0111i\u1ec1u kho\u1ea3n v\u00e0 \u0111i\u1ec1u ki\u1ec7n ngay l\u1eadp t\u1ee9c. V\u00ec nh\u1eefng thay \u0111\u1ed5i \u0111\u01b0\u1ee3c c\u00f4ng b\u1ed1 tr\u00ean trang web c\u1ee7a OMORI-MART, n\u00ean ch\u00fang t\u00f4i ti\u1ebfp t\u1ee5c s\u1eed d\u1ee5ng c\u00e1c d\u1ecbch v\u1ee5 m\u1edbi sau khi c\u00f3 nh\u1eefng thay \u0111\u1ed5i quan tr\u1ecdng m\u00e0 b\u1ea1n c\u00f3 th\u1ec3 nh\u1eadn \u0111\u01b0\u1ee3c trong c\u00e1c \u0111i\u1ec1u kho\u1ea3n s\u1eeda \u0111\u1ed5i. <\/p>\n\n\n\n<p>Trong tr\u01b0\u1eddng h\u1ee3p b\u1ea1n \u0111ang b\u1eadn t\u00e2m v\u1ec1 m\u1ed1i quan h\u1ec7 v\u1edbi c\u00e1c \u0110i\u1ec1u kho\u1ea3n v\u00e0 \u0110i\u1ec1u ki\u1ec7n, b\u1ea1n c\u00f3 th\u1ec3 ti\u1ebfp x\u00fac v\u1edbi nh\u1eefng trang b\u1ecb c\u1ea7n thi\u1ebft cho kh\u00e1ch h\u00e0ng c\u1ee7a m\u00ecnh <strong>g\u1eedi email t\u1edbi support@omorimart.com.<\/strong><\/p>\n\n\n\n<p>B\u1ea1n n\u00ean s\u1eed d\u1ee5ng OMORI-MART, b\u1ea1n s\u1ebd t\u00ecm l\u1ea1i \u0111\u01b0\u1ee3c \u0111i\u1ec1u \u0111\u00f3, \u0111\u1ed3ng \u00fd v\u00e0 th\u1ecfa thu\u1eadn v\u1edbi b\u1ea1n v\u1ec1 \u0111i\u1ec1u ki\u1ec7n v\u00e0 \u0111i\u1ec1u ki\u1ec7n c\u1ee7a b\u1ea1n.<\/p>","protected":false},"excerpt":{"rendered":"<p>Introdu\u00e7\u00e3o Bem-vindo ao OMORI-MART, um mercado on-line operado pela COMFYS JAPAN LLC.&nbsp; Ao acessar ou usar nosso site e nossos servi\u00e7os, voc\u00ea concorda em cumprir e estar vinculado aos seguintes<\/p>","protected":false},"author":2,"featured_media":0,"parent":0,"menu_order":0,"comment_status":"closed","ping_status":"closed","template":"","meta":{"footnotes":""},"class_list":["post-24968","page","type-page","status-publish","hentry"],"yoast_head":"<!-- This site is optimized with the Yoast SEO plugin v27.2 - https:\/\/yoast.com\/product\/yoast-seo-wordpress\/ -->\n<title>Termos e condi\u00e7\u00f5es - Omori WIFI<\/title>\n<meta name=\"robots\" content=\"index, follow, max-snippet:-1, max-image-preview:large, max-video-preview:-1\" \/>\n<link rel=\"canonical\" href=\"https:\/\/omoriwifi.com\/vi\/termos-e-condicoes\/\" \/>\n<meta property=\"og:locale\" content=\"vi_VN\" \/>\n<meta property=\"og:type\" content=\"article\" \/>\n<meta property=\"og:title\" content=\"Termos e condi\u00e7\u00f5es - Omori WIFI\" \/>\n<meta property=\"og:description\" content=\"Introdu\u00e7\u00e3o Bem-vindo ao OMORI-MART, um mercado on-line operado pela COMFYS JAPAN LLC.&nbsp; Ao acessar ou usar nosso site e nossos servi\u00e7os, voc\u00ea concorda em cumprir e estar vinculado aos seguintes\" \/>\n<meta property=\"og:url\" content=\"https:\/\/omoriwifi.com\/vi\/termos-e-condicoes\/\" \/>\n<meta property=\"og:site_name\" content=\"Omori WIFI\" \/>\n<meta name=\"twitter:card\" content=\"summary_large_image\" \/>\n<meta name=\"twitter:label1\" content=\"\u01af\u1edbc t\u00ednh th\u1eddi gian \u0111\u1ecdc\" \/>\n\t<meta name=\"twitter:data1\" content=\"5 ph\u00fat\" \/>\n<script type=\"application\/ld+json\" class=\"yoast-schema-graph\">{\"@context\":\"https:\/\/schema.org\",\"@graph\":[{\"@type\":\"WebPage\",\"@id\":\"https:\/\/omoriwifi.com\/uk\/termos-e-condicoes\/\",\"url\":\"https:\/\/omoriwifi.com\/uk\/termos-e-condicoes\/\",\"name\":\"Termos e condi\u00e7\u00f5es - Omori WIFI\",\"isPartOf\":{\"@id\":\"https:\/\/omoriwifi.com\/ja\/#website\"},\"datePublished\":\"2025-03-28T00:40:25+00:00\",\"breadcrumb\":{\"@id\":\"https:\/\/omoriwifi.com\/uk\/termos-e-condicoes\/#breadcrumb\"},\"inLanguage\":\"vi\",\"potentialAction\":[{\"@type\":\"ReadAction\",\"target\":[\"https:\/\/omoriwifi.com\/uk\/termos-e-condicoes\/\"]}]},{\"@type\":\"BreadcrumbList\",\"@id\":\"https:\/\/omoriwifi.com\/uk\/termos-e-condicoes\/#breadcrumb\",\"itemListElement\":[{\"@type\":\"ListItem\",\"position\":1,\"name\":\"Home\",\"item\":\"https:\/\/omoriwifi.com\/ja\/\"},{\"@type\":\"ListItem\",\"position\":2,\"name\":\"Termos e condi\u00e7\u00f5es\"}]},{\"@type\":\"WebSite\",\"@id\":\"https:\/\/omoriwifi.com\/ja\/#website\",\"url\":\"https:\/\/omoriwifi.com\/ja\/\",\"name\":\"Omori WiFi\",\"description\":\"My WordPress Blog\",\"potentialAction\":[{\"@type\":\"SearchAction\",\"target\":{\"@type\":\"EntryPoint\",\"urlTemplate\":\"https:\/\/omoriwifi.com\/ja\/?s={search_term_string}\"},\"query-input\":{\"@type\":\"PropertyValueSpecification\",\"valueRequired\":true,\"valueName\":\"search_term_string\"}}],\"inLanguage\":\"vi\"}]}<\/script>\n<!-- \/ Yoast SEO plugin. -->","yoast_head_json":{"title":"Termos e condi\u00e7\u00f5es - Omori WIFI","robots":{"index":"index","follow":"follow","max-snippet":"max-snippet:-1","max-image-preview":"max-image-preview:large","max-video-preview":"max-video-preview:-1"},"canonical":"https:\/\/omoriwifi.com\/vi\/termos-e-condicoes\/","og_locale":"vi_VN","og_type":"article","og_title":"Termos e condi\u00e7\u00f5es - Omori WIFI","og_description":"Introdu\u00e7\u00e3o Bem-vindo ao OMORI-MART, um mercado on-line operado pela COMFYS JAPAN LLC.&nbsp; Ao acessar ou usar nosso site e nossos servi\u00e7os, voc\u00ea concorda em cumprir e estar vinculado aos seguintes","og_url":"https:\/\/omoriwifi.com\/vi\/termos-e-condicoes\/","og_site_name":"Omori WIFI","twitter_card":"summary_large_image","twitter_misc":{"\u01af\u1edbc t\u00ednh th\u1eddi gian \u0111\u1ecdc":"5 ph\u00fat"},"schema":{"@context":"https:\/\/schema.org","@graph":[{"@type":"WebPage","@id":"https:\/\/omoriwifi.com\/uk\/termos-e-condicoes\/","url":"https:\/\/omoriwifi.com\/uk\/termos-e-condicoes\/","name":"Termos e condi\u00e7\u00f5es - Omori WIFI","isPartOf":{"@id":"https:\/\/omoriwifi.com\/ja\/#website"},"datePublished":"2025-03-28T00:40:25+00:00","breadcrumb":{"@id":"https:\/\/omoriwifi.com\/uk\/termos-e-condicoes\/#breadcrumb"},"inLanguage":"vi","potentialAction":[{"@type":"ReadAction","target":["https:\/\/omoriwifi.com\/uk\/termos-e-condicoes\/"]}]},{"@type":"BreadcrumbList","@id":"https:\/\/omoriwifi.com\/uk\/termos-e-condicoes\/#breadcrumb","itemListElement":[{"@type":"ListItem","position":1,"name":"Home","item":"https:\/\/omoriwifi.com\/ja\/"},{"@type":"ListItem","position":2,"name":"Termos e condi\u00e7\u00f5es"}]},{"@type":"WebSite","@id":"https:\/\/omoriwifi.com\/ja\/#website","url":"https:\/\/omoriwifi.com\/ja\/","name":"WiFi Omori","description":"Blog WordPress c\u1ee7a t\u00f4i","potentialAction":[{"@type":"SearchAction","target":{"@type":"EntryPoint","urlTemplate":"https:\/\/omoriwifi.com\/ja\/?s={search_term_string}"},"query-input":{"@type":"PropertyValueSpecification","valueRequired":true,"valueName":"search_term_string"}}],"inLanguage":"vi"}]}},"_links":{"self":[{"href":"https:\/\/omoriwifi.com\/vi\/wp-json\/wp\/v2\/pages\/24968","targetHints":{"allow":["GET"]}}],"collection":[{"href":"https:\/\/omoriwifi.com\/vi\/wp-json\/wp\/v2\/pages"}],"about":[{"href":"https:\/\/omoriwifi.com\/vi\/wp-json\/wp\/v2\/types\/page"}],"author":[{"embeddable":true,"href":"https:\/\/omoriwifi.com\/vi\/wp-json\/wp\/v2\/users\/2"}],"replies":[{"embeddable":true,"href":"https:\/\/omoriwifi.com\/vi\/wp-json\/wp\/v2\/comments?post=24968"}],"version-history":[{"count":0,"href":"https:\/\/omoriwifi.com\/vi\/wp-json\/wp\/v2\/pages\/24968\/revisions"}],"wp:attachment":[{"href":"https:\/\/omoriwifi.com\/vi\/wp-json\/wp\/v2\/media?parent=24968"}],"curies":[{"name":"wp","href":"https:\/\/api.w.org\/{rel}","templated":true}]}}