{"id":24984,"date":"2025-03-25T17:10:57","date_gmt":"2025-03-25T17:10:57","guid":{"rendered":"https:\/\/peachpuff-dugong-919786.hostingersite.com\/politica-de-privacidade\/"},"modified":"2025-03-25T17:10:57","modified_gmt":"2025-03-25T17:10:57","slug":"politica-de-privacidade","status":"publish","type":"page","link":"https:\/\/omoriwifi.com\/vi\/politica-de-privacidade\/","title":{"rendered":"Pol\u00edtica de privacidade"},"content":{"rendered":"<h3 class=\"wp-block-heading\"><strong>Data de vig\u00eancia<\/strong>: 20 de abril de 2025<\/h3>\n\n\n\n<p>KH\u00d4NG<strong> SIM-OMORI-MART<\/strong>, operado por&nbsp;<strong>C\u00d4NG TY TNHH COMFYS NH\u1eacT B\u1ea2N<\/strong>, ch\u1ee7 \u0111\u1ec1 l\u00e0 s\u1ef1 th\u1ecfa hi\u1ec7p v\u1ec1 b\u1ea3o m\u1eadt quy\u1ec1n ri\u00eang t\u01b0 v\u00e0 b\u1ea3o \u0111\u1ea3m b\u1ea3o m\u1eadt th\u00f4ng tin c\u1ee7a b\u1ea1n. Ch\u00ednh s\u00e1ch B\u1ea3o m\u1eadt \u0111\u00e3 gi\u1ea3i quy\u1ebft v\u1ea5n \u0111\u1ec1 nh\u01b0 c\u00e1c t\u1eadp \u0111o\u00e0n, ng\u01b0\u1eddi s\u1eed d\u1ee5ng, ng\u01b0\u1eddi ti\u1ebft l\u1ed9 v\u00e0 ng\u01b0\u1eddi \u0111\u01b0\u1ee3c b\u1ea3o v\u1ec7 s\u1ebd cung c\u1ea5p th\u00f4ng tin cho b\u1ea1n khi b\u1ea1n truy c\u1eadp v\u00e0o m\u1ed9t trang web g\u1ea7n \u0111\u00e2y. Khi s\u1eed d\u1ee5ng trang web m\u1edbi nh\u1ea5t v\u00e0 c\u00e1c d\u1ecbch v\u1ee5 hi\u1ec7n t\u1ea1i c\u1ee7a m\u00ecnh, b\u1ea1n c\u00f3 th\u1ec3 k\u1ebft h\u1ee3p v\u1edbi c\u00e1c th\u1ef1c t\u1ebf m\u00f4 t\u1ea3 t\u1ed5 ch\u1ee9c Ch\u00ednh tr\u1ecb v\u1ec1 Quy\u1ec1n ri\u00eang t\u01b0.  <\/p>\n\n\n\n<h4 class=\"wp-block-heading\">&nbsp;<\/h4>\n\n\n\n<h4 class=\"wp-block-heading\"><strong>1. Th\u00f4ng tin v\u1ec1 b\u1ed9 s\u01b0u t\u1eadp<\/strong><\/h4>\n\n\n\n<p>Thu th\u1eadp th\u00f4ng tin v\u1ec1 nh\u1eefng ng\u01b0\u1eddi b\u1ea1n c\u1ea7n \u0111\u1ec3 cung c\u1ea5p d\u1ecbch v\u1ee5 m\u1edbi v\u00e0 kinh nghi\u1ec7m tuy\u1ec7t v\u1eddi cho OMORI-MART. C\u00e1c m\u1eb9o th\u00f4ng tin m\u00e0 t\u1eadp h\u1ee3p bao g\u1ed3m: <\/p>\n\n\n\n<p>1.1 <strong>Informa\u00e7\u00f5es pessoais<\/strong>:<\/p>\n\n\n\n<ul class=\"wp-block-list\">\n<li>T\u00ean<\/li>\n\n\n\n<li>Endere\u00e7o<\/li>\n\n\n\n<li>Endere\u00e7o de e-mail<\/li>\n\n\n\n<li>N\u00famero de telefone<\/li>\n\n\n\n<li>Th\u00f4ng tin v\u1ec1 trang web (chi ti\u1ebft v\u1ec1 gi\u1ecf h\u00e0ng t\u00edn d\u1ee5ng, chi ti\u1ebft v\u1ec1 chuy\u1ec3n kho\u1ea3n ng\u00e2n h\u00e0ng, v.v.)<\/li>\n\n\n\n<li>D\u1eef li\u1ec7u nascimento (para verificar a idade legal para beber)<\/li>\n<\/ul>\n\n\n\n<p>1.2 <strong>Informa\u00e7\u00f5es n\u00e3o pessoais<\/strong>:<\/p>\n\n\n\n<ul class=\"wp-block-list\">\n<li>Tipo de navegador<\/li>\n\n\n\n<li>Th\u00f4ng tin quan tr\u1ecdng v\u1ec1 t\u00ecnh tr\u1ea1ng t\u00edch c\u1ef1c<\/li>\n\n\n\n<li>Endere\u00e7o IP<\/li>\n\n\n\n<li>D\u1eef li\u1ec7u s\u1eed d\u1ee5ng trang web (trang truy c\u1eadp, nh\u1ecbp \u0111\u1ed9 truy c\u1eadp kh\u00f4ng c\u00f3 trang web, v.v.)<\/li>\n<\/ul>\n\n\n\n<h4 class=\"wp-block-heading\"><strong>2. S\u1eed d\u1ee5ng th\u00f4ng tin n\u00e0y<\/strong><\/h4>\n\n\n\n<p>S\u1eed d\u1ee5ng th\u00f4ng tin m\u00e0 b\u1ea1n thu th\u1eadp \u0111\u01b0\u1ee3c cho c\u00e1c ph\u1ea7n cu\u1ed1i c\u00f9ng:<\/p>\n\n\n\n<p>2.1 <strong>Processamento de pedidos<\/strong>:<\/p>\n\n\n\n<ul class=\"wp-block-list\">\n<li>\u0110\u1ec3 x\u1eed l\u00fd v\u00e0 k\u1ebft th\u00fac c\u00e1c c\u00f4ng vi\u1ec7c c\u1ee7a b\u1ea1n, bao g\u1ed3m c\u1ea3 quy tr\u00ecnh x\u1eed l\u00fd v\u00e0 x\u1eed l\u00fd c\u00e1c s\u1ef1 c\u1ed1.<\/li>\n\n\n\n<li>\u0110\u1ec3 x\u00e1c nh\u1eadn c\u00e1c th\u00f4ng tin \u0111\u01b0\u1ee3c cung c\u1ea5p, c\u00e1c ph\u1ea3n h\u1ed3i v\u00e0 th\u00f4ng tin \u0111\u01b0\u1ee3c ph\u00e1t tr\u1ef1c tuy\u1ebfn qua e-mail ho\u1eb7c \u0111i\u1ec7n tho\u1ea1i.<\/li>\n<\/ul>\n\n\n\n<p>2.2 <strong>Atendimento ao cliente<\/strong>:<\/p>\n\n\n\n<ul class=\"wp-block-list\">\n<li>\u0110\u1ec3 ng\u01b0\u1eddi tr\u1ea3 l\u1eddi c\u00f3 th\u1ec3 y\u00eau c\u1ea7u ho\u1eb7c ph\u1ea3n h\u1ed3i.<\/li>\n\n\n\n<li>\u0110\u1ec3 th\u00f4ng b\u00e1o cho b\u1ea1n v\u1ec1 vi\u1ec7c b\u1ea1n \u0111ang th\u1ef1c hi\u1ec7n ho\u1eb7c thay \u0111\u1ed5i h\u00e0nh vi ph\u1ea1m t\u1ed9i c\u1ee7a b\u1ea1n.<\/li>\n<\/ul>\n\n\n\n<p>2.3 <strong>C\u00e1 nh\u00e2n h\u00f3a<\/strong>:<\/p>\n\n\n\n<ul class=\"wp-block-list\">\n<li>\u0110\u1ec3 c\u00e1 nh\u00e2n h\u00f3a tr\u1ea3i nghi\u1ec7m m\u00e1y t\u00ednh c\u1ee7a b\u1ea1n, h\u00e3y gi\u1edbi thi\u1ec7u c\u00e1c s\u1ea3n ph\u1ea9m d\u1ef1a tr\u00ean l\u1ecbch s\u1eed \u0111i\u1ec1u h\u01b0\u1edbng v\u00e0 m\u00e1y t\u00ednh c\u1ee7a b\u1ea1n.<\/li>\n\n\n\n<li>\u0110\u1ec3 gi\u00fap b\u1ea1n c\u00f3 \u0111\u01b0\u1ee3c m\u1ed9t trang web th\u00fa v\u1ecb m\u00e0 b\u1ea1n c\u00f3 th\u1ec3 tr\u1ea3i nghi\u1ec7m v\u00e0 s\u1eed d\u1ee5ng.<\/li>\n<\/ul>\n\n\n\n<p>2.4 <strong>Marketing e promo\u00e7\u00f5es<\/strong>:<\/p>\n\n\n\n<ul class=\"wp-block-list\">\n<li>\u0110\u1ec3 b\u1ea1n c\u00f3 th\u1ec3 th\u1ef1c hi\u1ec7n c\u00e1c ho\u1ea1t \u0111\u1ed9ng qu\u1ea3ng c\u00e1o, gi\u1ea3i quy\u1ebft v\u00e0 th\u1ef1c hi\u1ec7n c\u00e1c s\u1ea3n ph\u1ea9m v\u00e0 d\u1ecbch v\u1ee5 c\u1ee7a OMORI-MART (m\u1ed9t s\u1ed1 b\u1ea1n c\u00f3 th\u1ec3 ch\u1ecdn c\u00e1ch ti\u1ebfp th\u1ecb truy\u1ec1n th\u00f4ng).<\/li>\n\n\n\n<li>\u0110\u1ec3 cung c\u1ea5p th\u00f4ng tin cho b\u1ea1n v\u1ec1 c\u00e1c v\u1ea5n \u0111\u1ec1 \u0111\u1eb7c bi\u1ec7t trong ph\u1ea1m vi kinh doanh c\u1ee7a nhi\u1ec1u ng\u01b0\u1eddi nghi\u1ec7n r\u01b0\u1ee3u v\u00e0 s\u1ea3n ph\u1ea9m ch\u0103m s\u00f3c.<\/li>\n<\/ul>\n\n\n\n<p>2.5 <strong>Conformidade com as leis<\/strong>:<\/p>\n\n\n\n<ul class=\"wp-block-list\">\n<li>\u0110\u1ec3 \u0111\u00e1p \u1ee9ng c\u00e1c y\u00eau c\u1ea7u h\u1ee3p ph\u00e1p, b\u1ea1n c\u00f3 th\u1ec3 x\u00e1c minh m\u1ed9t c\u00e1ch h\u1ee3p ph\u00e1p v\u1ec1 vi\u1ec7c mua r\u01b0\u1ee3u bia.<\/li>\n<\/ul>\n\n\n\n<h4 class=\"wp-block-heading\">&nbsp;<\/h4>\n\n\n\n<h4 class=\"wp-block-heading\"><strong>3. Ph\u1ea7n th\u00f4ng tin<\/strong><\/h4>\n\n\n\n<p>C\u00e1c ph\u1ea3n h\u1ed3i v\u1ec1 quy\u1ec1n ri\u00eang t\u01b0 v\u00e0 kh\u00f4ng ph\u1ea3i l\u00e0 ng\u01b0\u1eddi b\u00e1n h\u00e0ng, cung c\u1ea5p nhi\u1ec1u th\u00f4ng tin ho\u1eb7c d\u1eef li\u1ec7u cho ng\u01b0\u1eddi d\u00f9ng c\u00e1 nh\u00e2n. V\u00ec v\u1eady, b\u1ea1n c\u00f3 th\u1ec3 tham kh\u1ea3o c\u00e1c th\u00f4ng tin sau: <\/p>\n\n\n\n<p>3.1 <strong>Provedores de servi\u00e7os<\/strong>:<\/p>\n\n\n\n<ul class=\"wp-block-list\">\n<li>Empresas terceirizadas que auxiliam no processamento de pagamentos, envio e atendimento de pedidos.<\/li>\n\n\n\n<li>Cung c\u1ea5p d\u1ecbch v\u1ee5 cho ng\u01b0\u1eddi qu\u1ea3n l\u00fd, ph\u00e2n t\u00edch v\u00e0 ti\u1ebfp th\u1ecb c\u00e1c trang web.<\/li>\n<\/ul>\n\n\n\n<p>3.2 <strong>S\u1ef1 ph\u00f9 h\u1ee3p ph\u00e1p l\u00fd<\/strong>:<\/p>\n\n\n\n<ul class=\"wp-block-list\">\n<li>N\u1ebfu b\u1ea1n mu\u1ed1n ti\u1ebft l\u1ed9 th\u00f4ng tin, b\u1ea1n c\u00f3 th\u1ec3 t\u1ef1 \u0111\u1ed9ng qu\u1ea3n l\u00fd ho\u1eb7c v\u01b0\u1ee3t xa c\u00e1c quy \u0111\u1ecbnh ph\u00e1p l\u00fd, tr\u00e1nh gian l\u1eadn ho\u1eb7c b\u1ea3o v\u1ec7 kh\u00e1ch h\u00e0ng c\u1ee7a OMORI-MART v\u00e0 c\u00e1c kh\u00e1ch h\u00e0ng c\u1ee7a b\u1ea1n.<\/li>\n<\/ul>\n\n\n\n<h4 class=\"wp-block-heading\">&nbsp;<\/h4>\n\n\n\n<h4 class=\"wp-block-heading\"><strong>4. Seguran\u00e7a de dados<\/strong><\/h4>\n\n\n\n<p>Th\u1eddi gian c\u00f3 th\u1ec3 g\u00e2y t\u1ed5n h\u1ea1i cho ng\u01b0\u1eddi b\u1ea3o v\u1ec7 th\u00f4ng tin c\u1ee7a b\u1ea1n. S\u1eed d\u1ee5ng c\u00e1c giao th\u1ee9c m\u00e3 h\u00f3a \u0111\u1ec3 thi\u1ebft l\u1eadp v\u00e0 t\u1ea1o c\u00e1c c\u1ed5ng b\u1ea3o m\u1eadt cho trang web \u0111\u1ec3 b\u1ea3o v\u1ec7 th\u00f4ng tin b\u00ed m\u1eadt c\u1ee7a trang web. Kh\u00f4ng c\u1ea7n ph\u1ea3i n\u00f3i, ph\u01b0\u01a1ng ph\u00e1p truy\u1ec1n t\u1ea3i Internet ho\u1eb7c thi\u1ebft b\u1ecb \u0111i\u1ec7n t\u1eed l\u00e0 100% t\u00e1ch bi\u1ec7t. Embora nos esforcemos \u0111\u1ec3 b\u1ea3o v\u1ec7 nh\u1eefng th\u00f4ng tin \u0111\u01b0\u1ee3c cung c\u1ea5p, kh\u00f4ng c\u00f3 kh\u1ea3 n\u0103ng \u0111\u1ea3m b\u1ea3o r\u1eb1ng b\u1ea1n c\u00f3 th\u1ec3 \u0111\u1ea3m b\u1ea3o tuy\u1ec7t \u0111\u1ed1i.   <\/p>\n\n\n\n<h4 class=\"wp-block-heading\">&nbsp;<\/h4>\n\n\n\n<h4 class=\"wp-block-heading\"><strong>5. Cookie v\u00e0 c\u00f4ng ngh\u1ec7 truy\u1ec1n ph\u00e1t<\/strong><\/h4>\n\n\n\n<p>OMORI-MART s\u1eed d\u1ee5ng cookie v\u00e0 c\u00f4ng ngh\u1ec7 ph\u00e1t tr\u1ef1c ti\u1ebfp \u0111\u1ec3 b\u1eaft \u0111\u1ea7u tr\u1ea3i nghi\u1ec7m \u0111i\u1ec1u h\u01b0\u1edbng. N\u1ebfu cookie kh\u00f4ng \u0111\u01b0\u1ee3c khuy\u1ebfn kh\u00edch, b\u1ea1n n\u00ean s\u1eed d\u1ee5ng trang web v\u00e0 c\u00e1 nh\u00e2n h\u00f3a tr\u1ea3i nghi\u1ec7m c\u1ee7a b\u1ea1n. <\/p>\n\n\n\n<p>5.1 <strong>Tipos de cookies que usamos<\/strong>:<\/p>\n\n\n\n<ul class=\"wp-block-list\">\n<li><strong>Cookies essenciais<\/strong>: C\u1ea7n thi\u1ebft ph\u1ea3i c\u00f3 m\u1ed9t ho\u1ea1t \u0111\u1ed9ng tr\u00ean trang web hi\u1ec7n t\u1ea1i v\u00e0 \u0111\u1ec3 \u0111\u01b0\u1ee3c ph\u00e9p b\u1ea1n k\u1ebft n\u1ed1i giao d\u1ecbch.<\/li>\n\n\n\n<li><strong>Cookies anal\u00edticos<\/strong>: Usados para coletar dados sobre sobre como os usu\u00e1rios interagem com o site (v\u00ed d\u1ee5, trang truy c\u1eadp, nh\u1ecbp \u0111\u1ed9).<\/li>\n\n\n\n<li><strong>Cookies de marketing<\/strong>: S\u1eed d\u1ee5ng \u0111\u1ec3 c\u00f4ng khai c\u00e1 nh\u00e2n h\u00f3a v\u00e0 ti\u1ebfp th\u1ecb qu\u1ea3ng c\u00e1o.<\/li>\n<\/ul>\n\n\n\n<p>B\u1ea1n c\u00f3 th\u1ec3 \u0111i\u1ec1u ch\u1ec9nh c\u1ea5u h\u00ecnh cookie trong c\u00e1ch \u0111i\u1ec1u h\u01b0\u1edbng cookie s\u1eed d\u1ee5ng l\u1ea1i, v\u00ec v\u1eady b\u1ea1n c\u00f3 th\u1ec3 gi\u1edbi h\u1ea1n dung l\u01b0\u1ee3ng s\u1eed d\u1ee5ng \u0111\u01b0\u1ee3c x\u00e1c \u0111\u1ecbnh l\u1ea7n l\u1eb7p l\u1ea1i tr\u00ean OMORI-MART.<\/p>\n\n\n\n<h4 class=\"wp-block-heading\">&nbsp;<\/h4>\n\n\n\n<h4 class=\"wp-block-heading\"><strong>6. Seus direitos e escolhas<\/strong><\/h4>\n\n\n\n<p>6.1 <strong>Acesso e corre\u00e7\u00e3o<\/strong>:<\/p>\n\n\n\n<ul class=\"wp-block-list\">\n<li>B\u1ea1n l\u00e0 ng\u01b0\u1eddi tr\u1ef1c ti\u1ebfp truy c\u1eadp v\u00e0 cung c\u1ea5p th\u00f4ng tin cho ng\u01b0\u1eddi d\u00f9ng. B\u1ea1n c\u00f3 th\u1ec3 b\u1eaft \u0111\u1ea7u tham gia v\u00e0o cu\u1ed9c tr\u00f2 chuy\u1ec7n v\u1edbi b\u1ea1n b\u1eb1ng c\u00e1ch cung c\u1ea5p thi\u1ebft b\u1ecb h\u1ed7 tr\u1ee3 cho kh\u00e1ch h\u00e0ng. <\/li>\n<\/ul>\n\n\n\n<p>6.2 <strong>M\u1ea5t h\u1ee9ng th\u00fa trong giao ti\u1ebfp ti\u1ebfp th\u1ecb<\/strong>:<\/p>\n\n\n\n<ul class=\"wp-block-list\">\n<li>N\u1ebfu b\u1ea1n kh\u00f4ng mu\u1ed1n nh\u1eadn b\u1ea5t k\u1ef3 giao ti\u1ebfp ti\u1ebfp th\u1ecb n\u00e0o, b\u1ea1n c\u00f3 th\u1ec3 ch\u1ecdn c\u00e1ch kh\u00f4ng nh\u1eadn \u0111\u01b0\u1ee3c li\u00ean k\u1ebft \u201ch\u1ee7y ghi ch\u00fa\u201d trong e-mail m\u1edbi ho\u1eb7c truy c\u1eadp v\u00e0o li\u00ean h\u1ec7 tr\u1ef1c ti\u1ebfp.<\/li>\n<\/ul>\n\n\n\n<p>6.3 <strong>Exclus\u00e3o de conta<\/strong>:<\/p>\n\n\n\n<ul class=\"wp-block-list\">\n<li>N\u1ebfu b\u1ea1n lo\u1ea1i tr\u1eeb n\u00f3 kh\u1ecfi SIM-OMORI-MART, b\u1ea1n c\u00f3 th\u1ec3 m\u1eddi b\u1ea1n tham gia v\u00e0o cu\u1ed9c tr\u00f2 chuy\u1ec7n v\u1edbi b\u1ea1n b\u1eb1ng c\u00e1ch trang b\u1ecb cho kh\u00e1ch h\u00e0ng. H\u00e3y quan s\u00e1t xem nh\u1eefng th\u00f4ng tin n\u00e0o c\u00f3 th\u1ec3 \u0111\u01b0\u1ee3c x\u00e1c \u0111\u1ecbnh ph\u00f9 h\u1ee3p v\u1edbi y\u00eau c\u1ea7u c\u1ee7a b\u1ea1n \u0111\u1ed1i v\u1edbi c\u00e1c giao d\u1ecbch h\u1ee3p ph\u00e1p. <\/li>\n<\/ul>\n\n\n\n<h4 class=\"wp-block-heading\">&nbsp;<\/h4>\n\n\n\n<h4 class=\"wp-block-heading\"><strong>7. Privacidade das crian\u00e7as<\/strong><\/h4>\n\n\n\n<p>SIM-OMORI-MART kh\u00f4ng c\u00f3 s\u1ed1 ph\u1eadn \u0111\u01b0\u1ee3c s\u1eed d\u1ee5ng b\u1edfi ng\u01b0\u1eddi d\u00f9ng trong 18 n\u0103m v\u1ec1 \u00fd t\u01b0\u1edfng v\u00e0 kh\u00f4ng c\u00f3 \u00fd \u0111\u1ecbnh thu th\u1eadp th\u00f4ng tin c\u00e1 nh\u00e2n. Se tomarmos conhecimento de que coletamos informationa\u00e7\u00f5es pessoais de m\u1ed9t trong s\u1ed1 \u00edt ng\u01b0\u1eddi c\u00f3 th\u1ec3 \u0111\u1ed3ng \u00fd v\u1edbi b\u1ea1n, tomaremos as medidas necess\u00e1rias para exluir essas informationa\u00e7\u00f5es. <\/p>\n\n\n\n<h4 class=\"wp-block-heading\">&nbsp;<\/h4>\n\n\n\n<h4 class=\"wp-block-heading\"><strong>8. Links de terceiros<\/strong><\/h4>\n\n\n\n<p>Trang web n\u00e0y c\u00f3 th\u1ec3 li\u00ean k\u1ebft v\u1edbi c\u00e1c trang web kh\u00e1c m\u00e0 kh\u00f4ng c\u00f3 ho\u1ea1t \u0111\u1ed9ng n\u00e0o c\u1ee7a OMORI-MART. Kh\u00f4ng ai c\u00f3 th\u1ec3 \u0111\u00e1p \u1ee9ng c\u00e1c y\u00eau c\u1ea7u th\u1ef1c t\u1ebf v\u1ec1 quy\u1ec1n ri\u00eang t\u01b0 c\u1ee7a c\u00e1c trang web tr\u00ean. B\u1ea1n n\u00ean ph\u00e2n t\u00edch c\u00e1c ch\u00ednh s\u00e1ch v\u1ec1 quy\u1ec1n ri\u00eang t\u01b0 c\u1ee7a c\u00e1c trang web b\u00ean ngo\u00e0i m\u00e0 b\u1ea1n truy c\u1eadp.  <\/p>\n\n\n\n<h4 class=\"wp-block-heading\">&nbsp;<\/h4>\n\n\n\n<h4 class=\"wp-block-heading\"><strong>9. Thay \u0111\u1ed5i Ch\u00ednh tr\u1ecb v\u1ec1 Quy\u1ec1n ri\u00eang t\u01b0<\/strong><\/h4>\n\n\n\n<p>B\u1ea1n c\u00f3 th\u1ec3 th\u1ef1c hi\u1ec7n c\u00e1c ch\u00ednh s\u00e1ch ri\u00eang t\u01b0 v\u1ec1 nh\u1ecbp \u0111\u1ed9 v\u00e0 nh\u1ecbp \u0111\u1ed9 \u0111\u1ec3 ph\u1ea3n \u00e1nh nh\u1eefng thay \u0111\u1ed5i th\u1ef1c t\u1ebf hi\u1ec7n t\u1ea1i ho\u1eb7c v\u00ec \u0111\u1ed9ng c\u01a1 ho\u1ea1t \u0111\u1ed9ng, h\u1ee3p ph\u00e1p ho\u1eb7c c\u00e1c quy \u0111\u1ecbnh. Quaisquer \u0111\u00e3 thay \u0111\u1ed5i m\u1ed9t trang Ch\u00ednh tr\u1ecb v\u1ec1 Quy\u1ec1n ri\u00eang t\u01b0 \u0111\u01b0\u1ee3c c\u00f4ng b\u1ed1 tr\u00ean trang web m\u1edbi nh\u1ea5t v\u1edbi d\u1eef li\u1ec7u c\u1ea3nh b\u00e1o \u0111\u01b0\u1ee3c c\u1eadp nh\u1eadt. N\u1ebfu b\u1ea1n ti\u1ebfp t\u1ee5c s\u1eed d\u1ee5ng OMORI-MART sau khi thay \u0111\u1ed5i ch\u00ednh s\u00e1ch v\u1ec1 quy\u1ec1n ri\u00eang t\u01b0, \u0111i\u1ec1u n\u00e0y r\u1ea5t quan tr\u1ecdng \u0111\u1ed1i v\u1edbi b\u1ea1n khi b\u1ea1n c\u00f3 nh\u1eefng thay \u0111\u1ed5i quan tr\u1ecdng.  <\/p>\n\n\n\n<h4 class=\"wp-block-heading\">&nbsp;<\/h4>\n\n\n\n<h4 class=\"wp-block-heading\"><strong>10. Entre em contato conosco<\/strong><\/h4>\n\n\n\n<p>N\u1ebfu b\u1ea1n \u0111ang n\u00f3i v\u1ec1 m\u1ed9t v\u1ea5n \u0111\u1ec1 ho\u1eb7c m\u1ed1i b\u1eadn t\u00e2m v\u1ec1 Ch\u00ednh tr\u1ecb ri\u00eang t\u01b0 ho\u1eb7c v\u00ec b\u1ea1n c\u00f3 th\u00f4ng tin c\u00e1 nh\u00e2n v\u1ec1 c\u00e1c giao d\u1ecbch, b\u1ea1n c\u00f3 th\u1ec3 ti\u1ebfp x\u00fac v\u1edbi conosco:<\/p>\n\n\n\n<ul class=\"wp-block-list\">\n<li><strong>E-mail<\/strong>: support@omorimart.com<\/li>\n\n\n\n<li><strong>Endere\u00e7o<\/strong>: R Cube Aoyama, T\u1ea7ng 3, 1-3-1 Kita-Aoyama, Minato-ku, T\u00f3quio, 107-0061, Nh\u1eadt B\u1ea3n<\/li>\n<\/ul>\n\n\n\n<p>Khi s\u1eed d\u1ee5ng OMORI-MART, b\u1ea1n c\u00f3 th\u1ec3 \u0111\u1ed3ng \u00fd v\u1edbi m\u1ed9t b\u1ed9 s\u01b0u t\u1eadp th\u00f4ng tin v\u1ec1 c\u00e1c th\u00f4ng tin ph\u00f9 h\u1ee3p v\u1edbi m\u00f4 t\u1ea3 c\u1ee7a T\u1ed5 ch\u1ee9c Ch\u00ednh tr\u1ecb Ri\u00eang t\u01b0.<\/p>","protected":false},"excerpt":{"rendered":"<p>Data de vig\u00eancia: 20 de abril de 2025 No SIM-OMORI-MART, operado por&nbsp;COMFYS JAPAN LLC, temos o compromisso de proteger sua privacidade e garantir a seguran\u00e7a de suas informa\u00e7\u00f5es pessoais. Esta<\/p>","protected":false},"author":2,"featured_media":0,"parent":0,"menu_order":0,"comment_status":"closed","ping_status":"open","template":"","meta":{"footnotes":""},"class_list":["post-24984","page","type-page","status-publish","hentry"],"yoast_head":"<!-- This site is optimized with the Yoast SEO plugin v27.2 - https:\/\/yoast.com\/product\/yoast-seo-wordpress\/ -->\n<title>Pol\u00edtica de privacidade - Omori WIFI<\/title>\n<meta name=\"robots\" content=\"index, follow, max-snippet:-1, max-image-preview:large, max-video-preview:-1\" \/>\n<link rel=\"canonical\" href=\"https:\/\/omoriwifi.com\/vi\/politica-de-privacidade\/\" \/>\n<meta property=\"og:locale\" content=\"vi_VN\" \/>\n<meta property=\"og:type\" content=\"article\" \/>\n<meta property=\"og:title\" content=\"Pol\u00edtica de privacidade - Omori WIFI\" \/>\n<meta property=\"og:description\" content=\"Data de vig\u00eancia: 20 de abril de 2025 No SIM-OMORI-MART, operado por&nbsp;COMFYS JAPAN LLC, temos o compromisso de proteger sua privacidade e garantir a seguran\u00e7a de suas informa\u00e7\u00f5es pessoais. Esta\" \/>\n<meta property=\"og:url\" content=\"https:\/\/omoriwifi.com\/vi\/politica-de-privacidade\/\" \/>\n<meta property=\"og:site_name\" content=\"Omori WIFI\" \/>\n<meta name=\"twitter:card\" content=\"summary_large_image\" \/>\n<meta name=\"twitter:label1\" content=\"\u01af\u1edbc t\u00ednh th\u1eddi gian \u0111\u1ecdc\" \/>\n\t<meta name=\"twitter:data1\" content=\"5 ph\u00fat\" \/>\n<script type=\"application\/ld+json\" class=\"yoast-schema-graph\">{\"@context\":\"https:\/\/schema.org\",\"@graph\":[{\"@type\":\"WebPage\",\"@id\":\"https:\/\/omoriwifi.com\/zh\/politica-de-privacidade\/\",\"url\":\"https:\/\/omoriwifi.com\/zh\/politica-de-privacidade\/\",\"name\":\"Pol\u00edtica de privacidade - Omori WIFI\",\"isPartOf\":{\"@id\":\"https:\/\/omoriwifi.com\/ja\/#website\"},\"datePublished\":\"2025-03-25T17:10:57+00:00\",\"breadcrumb\":{\"@id\":\"https:\/\/omoriwifi.com\/zh\/politica-de-privacidade\/#breadcrumb\"},\"inLanguage\":\"vi\",\"potentialAction\":[{\"@type\":\"ReadAction\",\"target\":[\"https:\/\/omoriwifi.com\/zh\/politica-de-privacidade\/\"]}]},{\"@type\":\"BreadcrumbList\",\"@id\":\"https:\/\/omoriwifi.com\/zh\/politica-de-privacidade\/#breadcrumb\",\"itemListElement\":[{\"@type\":\"ListItem\",\"position\":1,\"name\":\"Home\",\"item\":\"https:\/\/omoriwifi.com\/ja\/\"},{\"@type\":\"ListItem\",\"position\":2,\"name\":\"Pol\u00edtica de privacidade\"}]},{\"@type\":\"WebSite\",\"@id\":\"https:\/\/omoriwifi.com\/ja\/#website\",\"url\":\"https:\/\/omoriwifi.com\/ja\/\",\"name\":\"Omori WiFi\",\"description\":\"My WordPress Blog\",\"potentialAction\":[{\"@type\":\"SearchAction\",\"target\":{\"@type\":\"EntryPoint\",\"urlTemplate\":\"https:\/\/omoriwifi.com\/ja\/?s={search_term_string}\"},\"query-input\":{\"@type\":\"PropertyValueSpecification\",\"valueRequired\":true,\"valueName\":\"search_term_string\"}}],\"inLanguage\":\"vi\"}]}<\/script>\n<!-- \/ Yoast SEO plugin. -->","yoast_head_json":{"title":"Pol\u00edtica de privacidade - Omori WIFI","robots":{"index":"index","follow":"follow","max-snippet":"max-snippet:-1","max-image-preview":"max-image-preview:large","max-video-preview":"max-video-preview:-1"},"canonical":"https:\/\/omoriwifi.com\/vi\/politica-de-privacidade\/","og_locale":"vi_VN","og_type":"article","og_title":"Pol\u00edtica de privacidade - Omori WIFI","og_description":"Data de vig\u00eancia: 20 de abril de 2025 No SIM-OMORI-MART, operado por&nbsp;COMFYS JAPAN LLC, temos o compromisso de proteger sua privacidade e garantir a seguran\u00e7a de suas informa\u00e7\u00f5es pessoais. Esta","og_url":"https:\/\/omoriwifi.com\/vi\/politica-de-privacidade\/","og_site_name":"Omori WIFI","twitter_card":"summary_large_image","twitter_misc":{"\u01af\u1edbc t\u00ednh th\u1eddi gian \u0111\u1ecdc":"5 ph\u00fat"},"schema":{"@context":"https:\/\/schema.org","@graph":[{"@type":"WebPage","@id":"https:\/\/omoriwifi.com\/zh\/politica-de-privacidade\/","url":"https:\/\/omoriwifi.com\/zh\/politica-de-privacidade\/","name":"Pol\u00edtica de privacidade - Omori WIFI","isPartOf":{"@id":"https:\/\/omoriwifi.com\/ja\/#website"},"datePublished":"2025-03-25T17:10:57+00:00","breadcrumb":{"@id":"https:\/\/omoriwifi.com\/zh\/politica-de-privacidade\/#breadcrumb"},"inLanguage":"vi","potentialAction":[{"@type":"ReadAction","target":["https:\/\/omoriwifi.com\/zh\/politica-de-privacidade\/"]}]},{"@type":"BreadcrumbList","@id":"https:\/\/omoriwifi.com\/zh\/politica-de-privacidade\/#breadcrumb","itemListElement":[{"@type":"ListItem","position":1,"name":"Home","item":"https:\/\/omoriwifi.com\/ja\/"},{"@type":"ListItem","position":2,"name":"Pol\u00edtica de privacidade"}]},{"@type":"WebSite","@id":"https:\/\/omoriwifi.com\/ja\/#website","url":"https:\/\/omoriwifi.com\/ja\/","name":"WiFi Omori","description":"Blog WordPress c\u1ee7a t\u00f4i","potentialAction":[{"@type":"SearchAction","target":{"@type":"EntryPoint","urlTemplate":"https:\/\/omoriwifi.com\/ja\/?s={search_term_string}"},"query-input":{"@type":"PropertyValueSpecification","valueRequired":true,"valueName":"search_term_string"}}],"inLanguage":"vi"}]}},"_links":{"self":[{"href":"https:\/\/omoriwifi.com\/vi\/wp-json\/wp\/v2\/pages\/24984","targetHints":{"allow":["GET"]}}],"collection":[{"href":"https:\/\/omoriwifi.com\/vi\/wp-json\/wp\/v2\/pages"}],"about":[{"href":"https:\/\/omoriwifi.com\/vi\/wp-json\/wp\/v2\/types\/page"}],"author":[{"embeddable":true,"href":"https:\/\/omoriwifi.com\/vi\/wp-json\/wp\/v2\/users\/2"}],"replies":[{"embeddable":true,"href":"https:\/\/omoriwifi.com\/vi\/wp-json\/wp\/v2\/comments?post=24984"}],"version-history":[{"count":0,"href":"https:\/\/omoriwifi.com\/vi\/wp-json\/wp\/v2\/pages\/24984\/revisions"}],"wp:attachment":[{"href":"https:\/\/omoriwifi.com\/vi\/wp-json\/wp\/v2\/media?parent=24984"}],"curies":[{"name":"wp","href":"https:\/\/api.w.org\/{rel}","templated":true}]}}