{"id":3,"date":"2025-03-25T17:10:57","date_gmt":"2025-03-25T17:10:57","guid":{"rendered":"https:\/\/ici9b6skyk.onrocket.site\/?page_id=3"},"modified":"2025-07-17T03:10:24","modified_gmt":"2025-07-17T03:10:24","slug":"privacy-policy","status":"publish","type":"page","link":"https:\/\/omoriwifi.com\/vi\/privacy-policy\/","title":{"rendered":"Ch\u00ednh s\u00e1ch b\u1ea3o m\u1eadt"},"content":{"rendered":"<p><strong>Ng\u00e0y c\u00f3 hi\u1ec7u l\u1ef1c: 17 th\u00e1ng 7 n\u0103m 2025<\/strong><\/p>\n\n\n\n<p>T\u1ea1i <strong>Wifi Omori<\/strong>, \u0111\u01b0\u1ee3c \u0111i\u1ec1u h\u00e0nh b\u1edfi <strong>C\u00d4NG TY TNHH COMFYS NH\u1eacT B\u1ea2N<\/strong>Ch\u00fang t\u00f4i cam k\u1ebft b\u1ea3o v\u1ec7 quy\u1ec1n ri\u00eang t\u01b0 v\u00e0 b\u1ea3o m\u1eadt th\u00f4ng tin c\u00e1 nh\u00e2n c\u1ee7a b\u1ea1n. Ch\u00ednh s\u00e1ch Quy\u1ec1n ri\u00eang t\u01b0 n\u00e0y n\u00eau r\u00f5 c\u00e1ch ch\u00fang t\u00f4i thu th\u1eadp, s\u1eed d\u1ee5ng, ti\u1ebft l\u1ed9 v\u00e0 b\u1ea3o v\u1ec7 d\u1eef li\u1ec7u c\u1ee7a b\u1ea1n khi b\u1ea1n truy c\u1eadp ho\u1eb7c mua h\u00e0ng tr\u00ean trang web c\u1ee7a ch\u00fang t\u00f4i. <strong>omoriwifi.com<\/strong>. B\u1eb1ng vi\u1ec7c s\u1eed d\u1ee5ng trang web v\u00e0 d\u1ecbch v\u1ee5 c\u1ee7a ch\u00fang t\u00f4i, b\u1ea1n \u0111\u1ed3ng \u00fd v\u1edbi c\u00e1c ho\u1ea1t \u0111\u1ed9ng \u0111\u01b0\u1ee3c m\u00f4 t\u1ea3 trong ch\u00ednh s\u00e1ch n\u00e0y.<\/p>\n\n\n\n<hr class=\"wp-block-separator has-alpha-channel-opacity\"\/>\n\n\n\n<h4 class=\"wp-block-heading\"><strong>1. Th\u00f4ng tin ch\u00fang t\u00f4i thu th\u1eadp<\/strong><\/h4>\n\n\n\n<p>Ch\u00fang t\u00f4i thu th\u1eadp c\u00e1c lo\u1ea1i th\u00f4ng tin sau \u0111\u00e2y \u0111\u1ec3 cung c\u1ea5p v\u00e0 c\u1ea3i thi\u1ec7n d\u1ecbch v\u1ee5 c\u1ee7a m\u00ecnh:<\/p>\n\n\n\n<h5 class=\"wp-block-heading\">1.1 Th\u00f4ng tin c\u00e1 nh\u00e2n<\/h5>\n\n\n\n<ul class=\"wp-block-list\">\n<li>H\u1ecd v\u00e0 t\u00ean \u0111\u1ea7y \u0111\u1ee7<\/li>\n\n\n\n<li>\u0110\u1ecba ch\u1ec9 giao h\u00e0ng v\u00e0 thanh to\u00e1n<\/li>\n\n\n\n<li>\u0110\u1ecba ch\u1ec9 Email<\/li>\n\n\n\n<li>S\u1ed1 \u0111i\u1ec7n tho\u1ea1i<\/li>\n\n\n\n<li>Th\u00f4ng tin thanh to\u00e1n (v\u00ed d\u1ee5: th\u00f4ng tin th\u1ebb t\u00edn d\u1ee5ng\/th\u1ebb ghi n\u1ee3 ho\u1eb7c chuy\u1ec3n kho\u1ea3n ng\u00e2n h\u00e0ng)<\/li>\n\n\n\n<li>S\u1ed1 h\u1ed9 chi\u1ebfu ho\u1eb7c Ng\u00e0y sinh (n\u1ebfu c\u1ea7n \u0111\u1ec3 \u0111\u0103ng k\u00fd SIM ho\u1eb7c x\u00e1c minh \u0111\u1ed9 tu\u1ed5i)<\/li>\n<\/ul>\n\n\n\n<h5 class=\"wp-block-heading\">1.2 Th\u00f4ng tin phi c\u00e1 nh\u00e2n<\/h5>\n\n\n\n<ul class=\"wp-block-list\">\n<li>Lo\u1ea1i v\u00e0 phi\u00ean b\u1ea3n tr\u00ecnh duy\u1ec7t<\/li>\n\n\n\n<li>Th\u00f4ng tin thi\u1ebft b\u1ecb (v\u00ed d\u1ee5: \u0111i\u1ec7n tho\u1ea1i di \u0111\u1ed9ng, m\u00e1y t\u00ednh b\u1ea3ng, m\u00e1y t\u00ednh \u0111\u1ec3 b\u00e0n)<\/li>\n\n\n\n<li>\u0110\u1ecba ch\u1ec9 IP<\/li>\n\n\n\n<li>D\u1eef li\u1ec7u s\u1eed d\u1ee5ng (c\u00e1c trang \u0111\u00e3 truy c\u1eadp, th\u1eddi gian s\u1eed d\u1ee5ng, v.v.)<\/li>\n<\/ul>\n\n\n\n<hr class=\"wp-block-separator has-alpha-channel-opacity\"\/>\n\n\n\n<h4 class=\"wp-block-heading\"><strong>2. Ch\u00fang t\u00f4i s\u1eed d\u1ee5ng th\u00f4ng tin c\u1ee7a b\u1ea1n nh\u01b0 th\u1ebf n\u00e0o<\/strong><\/h4>\n\n\n\n<p>Ch\u00fang t\u00f4i s\u1eed d\u1ee5ng d\u1eef li\u1ec7u c\u1ee7a b\u1ea1n cho c\u00e1c m\u1ee5c \u0111\u00edch sau:<\/p>\n\n\n\n<h5 class=\"wp-block-heading\">2.1 D\u1ecbch v\u1ee5 v\u00e0 th\u1ef1c hi\u1ec7n \u0111\u01a1n h\u00e0ng<\/h5>\n\n\n\n<ul class=\"wp-block-list\">\n<li>\u0110\u1ec3 x\u1eed l\u00fd \u0111\u01a1n h\u00e0ng v\u00e0 giao th\u1ebb SIM ho\u1eb7c thi\u1ebft b\u1ecb Wi-Fi<\/li>\n\n\n\n<li>\u0110\u1ec3 g\u1eedi x\u00e1c nh\u1eadn \u0111\u01a1n h\u00e0ng, c\u1eadp nh\u1eadt giao h\u00e0ng v\u00e0 bi\u00ean lai thanh to\u00e1n<\/li>\n<\/ul>\n\n\n\n<h5 class=\"wp-block-heading\">2.2 H\u1ed7 tr\u1ee3 kh\u00e1ch h\u00e0ng<\/h5>\n\n\n\n<ul class=\"wp-block-list\">\n<li>\u0110\u1ec3 h\u1ed7 tr\u1ee3 gi\u1ea3i \u0111\u00e1p th\u1eafc m\u1eafc, kh\u1eafc ph\u1ee5c s\u1ef1 c\u1ed1 ho\u1eb7c khi\u1ebfu n\u1ea1i<\/li>\n\n\n\n<li>\u0110\u1ec3 th\u00f4ng b\u00e1o cho b\u1ea1n v\u1ec1 nh\u1eefng thay \u0111\u1ed5i li\u00ean quan \u0111\u1ebfn d\u1ecbch v\u1ee5 ho\u1eb7c \u0111\u0103ng k\u00fd c\u1ee7a b\u1ea1n<\/li>\n<\/ul>\n\n\n\n<h5 class=\"wp-block-heading\">2.3 C\u00e1 nh\u00e2n h\u00f3a &amp; T\u1ed1i \u01b0u h\u00f3a Trang web<\/h5>\n\n\n\n<ul class=\"wp-block-list\">\n<li>\u0110\u1ec3 c\u1ea3i thi\u1ec7n tr\u1ea3i nghi\u1ec7m c\u1ee7a ng\u01b0\u1eddi d\u00f9ng b\u1eb1ng c\u00e1ch \u0111i\u1ec1u ch\u1ec9nh n\u1ed9i dung v\u00e0 \u0111\u1ec1 xu\u1ea5t<\/li>\n\n\n\n<li>\u0110\u1ec3 ph\u00e2n t\u00edch v\u00e0 n\u00e2ng cao ch\u1ee9c n\u0103ng c\u1ee7a trang web<\/li>\n<\/ul>\n\n\n\n<h5 class=\"wp-block-heading\">2.4 Ti\u1ebfp th\u1ecb v\u00e0 Truy\u1ec1n th\u00f4ng (T\u00f9y ch\u1ecdn)<\/h5>\n\n\n\n<ul class=\"wp-block-list\">\n<li>\u0110\u1ec3 g\u1eedi email qu\u1ea3ng c\u00e1o ho\u1eb7c \u01b0u \u0111\u00e3i \u0111\u1eb7c bi\u1ec7t n\u1ebfu b\u1ea1n ch\u1ecdn tham gia<\/li>\n\n\n\n<li>B\u1ea1n c\u00f3 th\u1ec3 h\u1ee7y \u0111\u0103ng k\u00fd b\u1ea5t c\u1ee9 l\u00fac n\u00e0o<\/li>\n<\/ul>\n\n\n\n<h5 class=\"wp-block-heading\">2.5 Tu\u00e2n th\u1ee7 ph\u00e1p lu\u1eadt<\/h5>\n\n\n\n<ul class=\"wp-block-list\">\n<li>\u0110\u1ec3 tu\u00e2n th\u1ee7 c\u00e1c quy \u0111\u1ecbnh c\u1ee7a Nh\u1eadt B\u1ea3n v\u1ec1 vi\u1ec7c \u0111\u0103ng k\u00fd th\u1ebb SIM v\u00e0 s\u1eed d\u1ee5ng d\u1ecbch v\u1ee5<\/li>\n\n\n\n<li>\u0110\u1ec3 ng\u0103n ch\u1eb7n gian l\u1eadn v\u00e0 \u0111\u1ea3m b\u1ea3o giao d\u1ecbch an to\u00e0n<\/li>\n<\/ul>\n\n\n\n<hr class=\"wp-block-separator has-alpha-channel-opacity\"\/>\n\n\n\n<h4 class=\"wp-block-heading\"><strong>3. Chia s\u1ebb th\u00f4ng tin<\/strong><\/h4>\n\n\n\n<p>Ch\u00fang t\u00f4i <strong>kh\u00f4ng b\u00e1n ho\u1eb7c cho thu\u00ea<\/strong> th\u00f4ng tin c\u00e1 nh\u00e2n c\u1ee7a b\u1ea1n. Tuy nhi\u00ean, ch\u00fang t\u00f4i c\u00f3 th\u1ec3 chia s\u1ebb d\u1eef li\u1ec7u c\u1ee7a b\u1ea1n v\u1edbi c\u00e1c b\u00ean th\u1ee9 ba \u0111\u00e1ng tin c\u1eady:<\/p>\n\n\n\n<h5 class=\"wp-block-heading\">3.1 Nh\u00e0 cung c\u1ea5p d\u1ecbch v\u1ee5<\/h5>\n\n\n\n<ul class=\"wp-block-list\">\n<li>C\u1ed5ng thanh to\u00e1n (v\u00ed d\u1ee5: Stripe, PayPal)<\/li>\n\n\n\n<li>\u0110\u1ed1i t\u00e1c v\u1eadn chuy\u1ec3n (v\u00ed d\u1ee5: Yamato, Japan Post)<\/li>\n\n\n\n<li>Nh\u00e0 cung c\u1ea5p d\u1ecbch v\u1ee5 l\u01b0u tr\u1eef, ph\u00e2n t\u00edch v\u00e0 ti\u1ebfp th\u1ecb<\/li>\n<\/ul>\n\n\n\n<h5 class=\"wp-block-heading\">3.2 Ti\u1ebft l\u1ed9 ph\u00e1p l\u00fd<\/h5>\n\n\n\n<ul class=\"wp-block-list\">\n<li>N\u1ebfu \u0111\u01b0\u1ee3c ph\u00e1p lu\u1eadt y\u00eau c\u1ea7u, \u0111\u1ed1i v\u1edbi c\u01a1 quan ch\u00ednh ph\u1ee7 ho\u1eb7c c\u01a1 quan th\u1ef1c thi ph\u00e1p lu\u1eadt<\/li>\n<\/ul>\n\n\n\n<hr class=\"wp-block-separator has-alpha-channel-opacity\"\/>\n\n\n\n<h4 class=\"wp-block-heading\"><strong>4. B\u1ea3o m\u1eadt d\u1eef li\u1ec7u<\/strong><\/h4>\n\n\n\n<p>Ch\u00fang t\u00f4i tri\u1ec3n khai c\u00e1c bi\u1ec7n ph\u00e1p b\u1ea3o m\u1eadt theo ti\u00eau chu\u1ea9n ng\u00e0nh \u0111\u1ec3 b\u1ea3o v\u1ec7 d\u1eef li\u1ec7u c\u1ee7a b\u1ea1n:<\/p>\n\n\n\n<ul class=\"wp-block-list\">\n<li>M\u00e3 h\u00f3a SSL cho t\u1ea5t c\u1ea3 c\u00e1c giao d\u1ecbch<\/li>\n\n\n\n<li>M\u00e1y ch\u1ee7 v\u00e0 t\u01b0\u1eddng l\u1eeda an to\u00e0n<\/li>\n\n\n\n<li>Quy\u1ec1n truy c\u1eadp ch\u1ec9 d\u00e0nh cho nh\u00e2n vi\u00ean \u0111\u01b0\u1ee3c \u1ee7y quy\u1ec1n<\/li>\n<\/ul>\n\n\n\n<p>B\u1ea5t ch\u1ea5p m\u1ecdi n\u1ed7 l\u1ef1c c\u1ee7a ch\u00fang t\u00f4i, kh\u00f4ng c\u00f3 ph\u01b0\u01a1ng th\u1ee9c truy\u1ec1n t\u1ea3i ho\u1eb7c l\u01b0u tr\u1eef k\u1ef9 thu\u1eadt s\u1ed1 n\u00e0o an to\u00e0n theo ti\u00eau chu\u1ea9n 100%. Vui l\u00f2ng s\u1eed d\u1ee5ng m\u1eadt kh\u1ea9u m\u1ea1nh v\u00e0 th\u1eadn tr\u1ecdng khi chia s\u1ebb d\u1eef li\u1ec7u c\u00e1 nh\u00e2n tr\u1ef1c tuy\u1ebfn.<\/p>\n\n\n\n<hr class=\"wp-block-separator has-alpha-channel-opacity\"\/>\n\n\n\n<h4 class=\"wp-block-heading\"><strong>5. Cookie v\u00e0 C\u00f4ng ngh\u1ec7 theo d\u00f5i<\/strong><\/h4>\n\n\n\n<p>Ch\u00fang t\u00f4i s\u1eed d\u1ee5ng cookie v\u00e0 c\u00e1c c\u00f4ng ngh\u1ec7 t\u01b0\u01a1ng t\u1ef1 \u0111\u1ec3 n\u00e2ng cao tr\u1ea3i nghi\u1ec7m duy\u1ec7t web c\u1ee7a b\u1ea1n.<\/p>\n\n\n\n<h5 class=\"wp-block-heading\">5.1 C\u00e1c lo\u1ea1i Cookie<\/h5>\n\n\n\n<ul class=\"wp-block-list\">\n<li><strong>Cookie thi\u1ebft y\u1ebfu:<\/strong> C\u1ea7n thi\u1ebft cho ch\u1ee9c n\u0103ng c\u1ee7a trang web<\/li>\n\n\n\n<li><strong>Cookie ph\u00e2n t\u00edch:<\/strong> Gi\u00fap ch\u00fang t\u00f4i hi\u1ec3u c\u00e1ch s\u1eed d\u1ee5ng trang web v\u00e0 c\u1ea3i thi\u1ec7n hi\u1ec7u su\u1ea5t<\/li>\n\n\n\n<li><strong>Cookie ti\u1ebfp th\u1ecb:<\/strong> \u0110\u01b0\u1ee3c s\u1eed d\u1ee5ng cho m\u1ee5c \u0111\u00edch qu\u1ea3ng c\u00e1o v\u00e0 khuy\u1ebfn m\u1ea1i c\u00f3 m\u1ee5c ti\u00eau (ch\u1ec9 khi c\u00f3 s\u1ef1 \u0111\u1ed3ng \u00fd c\u1ee7a b\u1ea1n)<\/li>\n<\/ul>\n\n\n\n<p>B\u1ea1n c\u00f3 th\u1ec3 t\u1eaft cookie th\u00f4ng qua c\u00e0i \u0111\u1eb7t tr\u00ecnh duy\u1ec7t, nh\u01b0ng l\u00e0m nh\u01b0 v\u1eady c\u00f3 th\u1ec3 \u1ea3nh h\u01b0\u1edfng \u0111\u1ebfn ch\u1ee9c n\u0103ng c\u1ee7a trang web.<\/p>\n\n\n\n<hr class=\"wp-block-separator has-alpha-channel-opacity\"\/>\n\n\n\n<h4 class=\"wp-block-heading\"><strong>6. Quy\u1ec1n v\u00e0 L\u1ef1a ch\u1ecdn c\u1ee7a b\u1ea1n<\/strong><\/h4>\n\n\n\n<h5 class=\"wp-block-heading\">6.1 Truy c\u1eadp v\u00e0 c\u1eadp nh\u1eadt th\u00f4ng tin<\/h5>\n\n\n\n<p>B\u1ea1n c\u00f3 th\u1ec3 truy c\u1eadp v\u00e0 c\u1eadp nh\u1eadt th\u00f4ng tin t\u00e0i kho\u1ea3n c\u1ee7a m\u00ecnh b\u1ea5t c\u1ee9 l\u00fac n\u00e0o b\u1eb1ng c\u00e1ch \u0111\u0103ng nh\u1eadp v\u00e0o t\u00e0i kho\u1ea3n.<\/p>\n\n\n\n<h5 class=\"wp-block-heading\">6.2 T\u1eeb ch\u1ed1i ti\u1ebfp th\u1ecb<\/h5>\n\n\n\n<p>B\u1ea1n c\u00f3 th\u1ec3 h\u1ee7y \u0111\u0103ng k\u00fd nh\u1eadn email qu\u1ea3ng c\u00e1o th\u00f4ng qua li\u00ean k\u1ebft \u1edf cu\u1ed1i b\u1ea5t k\u1ef3 tin nh\u1eafn n\u00e0o ho\u1eb7c b\u1eb1ng c\u00e1ch li\u00ean h\u1ec7 tr\u1ef1c ti\u1ebfp v\u1edbi ch\u00fang t\u00f4i.<\/p>\n\n\n\n<h5 class=\"wp-block-heading\">6.3 X\u00f3a t\u00e0i kho\u1ea3n<\/h5>\n\n\n\n<p>\u0110\u1ec3 x\u00f3a t\u00e0i kho\u1ea3n c\u1ee7a b\u1ea1n ho\u1eb7c y\u00eau c\u1ea7u x\u00f3a d\u1eef li\u1ec7u, h\u00e3y li\u00ean h\u1ec7 v\u1edbi ch\u00fang t\u00f4i t\u1ea1i <strong><a>support@omoriwifi.com<\/a><\/strong>L\u01b0u \u00fd: Ch\u00fang t\u00f4i c\u00f3 th\u1ec3 l\u01b0u gi\u1eef m\u1ed9t s\u1ed1 d\u1eef li\u1ec7u v\u00ec l\u00fd do ph\u00e1p l\u00fd ho\u1eb7c kinh doanh.<\/p>\n\n\n\n<hr class=\"wp-block-separator has-alpha-channel-opacity\"\/>\n\n\n\n<h4 class=\"wp-block-heading\"><strong>7. Quy\u1ec1n ri\u00eang t\u01b0 c\u1ee7a tr\u1ebb em<\/strong><\/h4>\n\n\n\n<p>Omori Wifi kh\u00f4ng c\u1ed1 \u00fd thu th\u1eadp th\u00f4ng tin c\u00e1 nh\u00e2n t\u1eeb b\u1ea5t k\u1ef3 ai d\u01b0\u1edbi 18 tu\u1ed5i. N\u1ebfu ch\u00fang t\u00f4i ph\u00e1t hi\u1ec7n \u0111\u00e3 thu th\u1eadp d\u1eef li\u1ec7u t\u1eeb tr\u1ebb v\u1ecb th\u00e0nh ni\u00ean, ch\u00fang t\u00f4i s\u1ebd x\u00f3a d\u1eef li\u1ec7u \u0111\u00f3 ngay l\u1eadp t\u1ee9c.<\/p>\n\n\n\n<hr class=\"wp-block-separator has-alpha-channel-opacity\"\/>\n\n\n\n<h4 class=\"wp-block-heading\"><strong>8. Li\u00ean k\u1ebft c\u1ee7a b\u00ean th\u1ee9 ba<\/strong><\/h4>\n\n\n\n<p>Trang web c\u1ee7a ch\u00fang t\u00f4i c\u00f3 th\u1ec3 bao g\u1ed3m c\u00e1c li\u00ean k\u1ebft \u0111\u1ebfn c\u00e1c trang web c\u1ee7a b\u00ean th\u1ee9 ba. Ch\u00fang t\u00f4i kh\u00f4ng ch\u1ecbu tr\u00e1ch nhi\u1ec7m v\u1ec1 n\u1ed9i dung ho\u1eb7c ch\u00ednh s\u00e1ch b\u1ea3o m\u1eadt c\u1ee7a c\u00e1c trang web b\u00ean ngo\u00e0i n\u00e0y. Vui l\u00f2ng xem x\u00e9t ch\u00ednh s\u00e1ch ri\u00eang c\u1ee7a h\u1ecd.<\/p>\n\n\n\n<hr class=\"wp-block-separator has-alpha-channel-opacity\"\/>\n\n\n\n<h4 class=\"wp-block-heading\"><strong>9. Nh\u1eefng thay \u0111\u1ed5i \u0111\u1ed1i v\u1edbi Ch\u00ednh s\u00e1ch n\u00e0y<\/strong><\/h4>\n\n\n\n<p>Ch\u00fang t\u00f4i c\u00f3 th\u1ec3 c\u1eadp nh\u1eadt Ch\u00ednh s\u00e1ch Quy\u1ec1n ri\u00eang t\u01b0 n\u00e0y \u0111\u1ecbnh k\u1ef3. M\u1ecdi thay \u0111\u1ed5i s\u1ebd \u0111\u01b0\u1ee3c \u0111\u0103ng tr\u00ean trang n\u00e0y k\u00e8m theo ng\u00e0y hi\u1ec7u l\u1ef1c c\u1eadp nh\u1eadt. Vi\u1ec7c ti\u1ebfp t\u1ee5c s\u1eed d\u1ee5ng d\u1ecbch v\u1ee5 c\u1ee7a ch\u00fang t\u00f4i \u0111\u1ed3ng ngh\u0129a v\u1edbi vi\u1ec7c b\u1ea1n ch\u1ea5p nh\u1eadn ch\u00ednh s\u00e1ch \u0111\u00e3 s\u1eeda \u0111\u1ed5i.<\/p>\n\n\n\n<hr class=\"wp-block-separator has-alpha-channel-opacity\"\/>\n\n\n\n<h4 class=\"wp-block-heading\"><strong>10. Li\u00ean h\u1ec7 v\u1edbi ch\u00fang t\u00f4i<\/strong><\/h4>\n\n\n\n<p>N\u1ebfu c\u00f3 c\u00e2u h\u1ecfi, th\u1eafc m\u1eafc ho\u1eb7c y\u00eau c\u1ea7u li\u00ean quan \u0111\u1ebfn d\u1eef li\u1ec7u c\u00e1 nh\u00e2n c\u1ee7a b\u1ea1n, vui l\u00f2ng li\u00ean h\u1ec7 v\u1edbi ch\u00fang t\u00f4i:<\/p>\n\n\n\n<p><strong>E-mail:<\/strong> <a>support@omoriwifi.com<\/a><br><strong>\u0110\u1ecba ch\u1ec9:<\/strong><br>R Cube Aoyama, T\u1ea7ng 3<br>1-3-1 Kita-Aoyama, Minato-ku<br>Tokyo 107-0061, Nh\u1eadt B\u1ea3n<\/p>\n\n\n\n<hr class=\"wp-block-separator has-alpha-channel-opacity\"\/>\n\n\n\n<p>B\u1eb1ng c\u00e1ch s\u1eed d\u1ee5ng <strong>Wifi Omori<\/strong>, b\u1ea1n \u0111\u1ed3ng \u00fd v\u1edbi vi\u1ec7c thu th\u1eadp, s\u1eed d\u1ee5ng v\u00e0 ti\u1ebft l\u1ed9 th\u00f4ng tin c\u00e1 nh\u00e2n c\u1ee7a b\u1ea1n nh\u01b0 \u0111\u01b0\u1ee3c n\u00eau trong Ch\u00ednh s\u00e1ch quy\u1ec1n ri\u00eang t\u01b0 n\u00e0y.<\/p>","protected":false},"excerpt":{"rendered":"<p>Effective Date: July 17, 2025 At Omori Wifi, operated by COMFYS JAPAN LLC, we are committed to protecting your privacy and safeguarding your personal information. This Privacy Policy outlines how<\/p>","protected":false},"author":2,"featured_media":0,"parent":0,"menu_order":0,"comment_status":"closed","ping_status":"open","template":"","meta":{"footnotes":""},"class_list":["post-3","page","type-page","status-publish","hentry"],"yoast_head":"<!-- This site is optimized with the Yoast SEO plugin v27.2 - https:\/\/yoast.com\/product\/yoast-seo-wordpress\/ -->\n<title>Privacy Policy - Omori WIFI<\/title>\n<meta name=\"robots\" content=\"index, follow, max-snippet:-1, max-image-preview:large, max-video-preview:-1\" \/>\n<link rel=\"canonical\" href=\"https:\/\/omoriwifi.com\/vi\/privacy-policy\/\" \/>\n<meta property=\"og:locale\" content=\"vi_VN\" \/>\n<meta property=\"og:type\" content=\"article\" \/>\n<meta property=\"og:title\" content=\"Privacy Policy - Omori WIFI\" \/>\n<meta property=\"og:description\" content=\"Effective Date: July 17, 2025 At Omori Wifi, operated by COMFYS JAPAN LLC, we are committed to protecting your privacy and safeguarding your personal information. This Privacy Policy outlines how\" \/>\n<meta property=\"og:url\" content=\"https:\/\/omoriwifi.com\/vi\/privacy-policy\/\" \/>\n<meta property=\"og:site_name\" content=\"Omori WIFI\" \/>\n<meta property=\"article:modified_time\" content=\"2025-07-17T03:10:24+00:00\" \/>\n<meta name=\"twitter:card\" content=\"summary_large_image\" \/>\n<meta name=\"twitter:label1\" content=\"\u01af\u1edbc t\u00ednh th\u1eddi gian \u0111\u1ecdc\" \/>\n\t<meta name=\"twitter:data1\" content=\"3 ph\u00fat\" \/>\n<script type=\"application\/ld+json\" class=\"yoast-schema-graph\">{\"@context\":\"https:\/\/schema.org\",\"@graph\":[{\"@type\":\"WebPage\",\"@id\":\"https:\/\/omoriwifi.com\/zh_tw\/privacy-policy\/\",\"url\":\"https:\/\/omoriwifi.com\/zh_tw\/privacy-policy\/\",\"name\":\"Privacy Policy - Omori WIFI\",\"isPartOf\":{\"@id\":\"https:\/\/omoriwifi.com\/ja\/#website\"},\"datePublished\":\"2025-03-25T17:10:57+00:00\",\"dateModified\":\"2025-07-17T03:10:24+00:00\",\"breadcrumb\":{\"@id\":\"https:\/\/omoriwifi.com\/zh_tw\/privacy-policy\/#breadcrumb\"},\"inLanguage\":\"vi\",\"potentialAction\":[{\"@type\":\"ReadAction\",\"target\":[\"https:\/\/omoriwifi.com\/zh_tw\/privacy-policy\/\"]}]},{\"@type\":\"BreadcrumbList\",\"@id\":\"https:\/\/omoriwifi.com\/zh_tw\/privacy-policy\/#breadcrumb\",\"itemListElement\":[{\"@type\":\"ListItem\",\"position\":1,\"name\":\"Home\",\"item\":\"https:\/\/omoriwifi.com\/ja\/\"},{\"@type\":\"ListItem\",\"position\":2,\"name\":\"Privacy Policy\"}]},{\"@type\":\"WebSite\",\"@id\":\"https:\/\/omoriwifi.com\/ja\/#website\",\"url\":\"https:\/\/omoriwifi.com\/ja\/\",\"name\":\"Omori WiFi\",\"description\":\"My WordPress Blog\",\"potentialAction\":[{\"@type\":\"SearchAction\",\"target\":{\"@type\":\"EntryPoint\",\"urlTemplate\":\"https:\/\/omoriwifi.com\/ja\/?s={search_term_string}\"},\"query-input\":{\"@type\":\"PropertyValueSpecification\",\"valueRequired\":true,\"valueName\":\"search_term_string\"}}],\"inLanguage\":\"vi\"}]}<\/script>\n<!-- \/ Yoast SEO plugin. -->","yoast_head_json":{"title":"Privacy Policy - Omori WIFI","robots":{"index":"index","follow":"follow","max-snippet":"max-snippet:-1","max-image-preview":"max-image-preview:large","max-video-preview":"max-video-preview:-1"},"canonical":"https:\/\/omoriwifi.com\/vi\/privacy-policy\/","og_locale":"vi_VN","og_type":"article","og_title":"Privacy Policy - Omori WIFI","og_description":"Effective Date: July 17, 2025 At Omori Wifi, operated by COMFYS JAPAN LLC, we are committed to protecting your privacy and safeguarding your personal information. This Privacy Policy outlines how","og_url":"https:\/\/omoriwifi.com\/vi\/privacy-policy\/","og_site_name":"Omori WIFI","article_modified_time":"2025-07-17T03:10:24+00:00","twitter_card":"summary_large_image","twitter_misc":{"\u01af\u1edbc t\u00ednh th\u1eddi gian \u0111\u1ecdc":"3 ph\u00fat"},"schema":{"@context":"https:\/\/schema.org","@graph":[{"@type":"WebPage","@id":"https:\/\/omoriwifi.com\/zh_tw\/privacy-policy\/","url":"https:\/\/omoriwifi.com\/zh_tw\/privacy-policy\/","name":"Privacy Policy - Omori WIFI","isPartOf":{"@id":"https:\/\/omoriwifi.com\/ja\/#website"},"datePublished":"2025-03-25T17:10:57+00:00","dateModified":"2025-07-17T03:10:24+00:00","breadcrumb":{"@id":"https:\/\/omoriwifi.com\/zh_tw\/privacy-policy\/#breadcrumb"},"inLanguage":"vi","potentialAction":[{"@type":"ReadAction","target":["https:\/\/omoriwifi.com\/zh_tw\/privacy-policy\/"]}]},{"@type":"BreadcrumbList","@id":"https:\/\/omoriwifi.com\/zh_tw\/privacy-policy\/#breadcrumb","itemListElement":[{"@type":"ListItem","position":1,"name":"Home","item":"https:\/\/omoriwifi.com\/ja\/"},{"@type":"ListItem","position":2,"name":"Privacy Policy"}]},{"@type":"WebSite","@id":"https:\/\/omoriwifi.com\/ja\/#website","url":"https:\/\/omoriwifi.com\/ja\/","name":"WiFi Omori","description":"Blog WordPress c\u1ee7a t\u00f4i","potentialAction":[{"@type":"SearchAction","target":{"@type":"EntryPoint","urlTemplate":"https:\/\/omoriwifi.com\/ja\/?s={search_term_string}"},"query-input":{"@type":"PropertyValueSpecification","valueRequired":true,"valueName":"search_term_string"}}],"inLanguage":"vi"}]}},"_links":{"self":[{"href":"https:\/\/omoriwifi.com\/vi\/wp-json\/wp\/v2\/pages\/3","targetHints":{"allow":["GET"]}}],"collection":[{"href":"https:\/\/omoriwifi.com\/vi\/wp-json\/wp\/v2\/pages"}],"about":[{"href":"https:\/\/omoriwifi.com\/vi\/wp-json\/wp\/v2\/types\/page"}],"author":[{"embeddable":true,"href":"https:\/\/omoriwifi.com\/vi\/wp-json\/wp\/v2\/users\/2"}],"replies":[{"embeddable":true,"href":"https:\/\/omoriwifi.com\/vi\/wp-json\/wp\/v2\/comments?post=3"}],"version-history":[{"count":6,"href":"https:\/\/omoriwifi.com\/vi\/wp-json\/wp\/v2\/pages\/3\/revisions"}],"predecessor-version":[{"id":25502,"href":"https:\/\/omoriwifi.com\/vi\/wp-json\/wp\/v2\/pages\/3\/revisions\/25502"}],"wp:attachment":[{"href":"https:\/\/omoriwifi.com\/vi\/wp-json\/wp\/v2\/media?parent=3"}],"curies":[{"name":"wp","href":"https:\/\/api.w.org\/{rel}","templated":true}]}}