{"id":38,"date":"2024-04-17T07:15:52","date_gmt":"2024-04-17T07:15:52","guid":{"rendered":"https:\/\/anvogue.presslayouts.com\/dummy\/?page_id=38"},"modified":"2025-03-30T00:17:41","modified_gmt":"2025-03-30T00:17:41","slug":"about-us","status":"publish","type":"page","link":"https:\/\/omoriwifi.com\/vi\/about-us\/","title":{"rendered":"Gi\u1edbi thi\u1ec7u v\u1ec1 ch\u00fang t\u00f4i"},"content":{"rendered":"<div data-elementor-type=\"wp-page\" data-elementor-id=\"38\" class=\"elementor elementor-38\">\n\t\t\t\t<div class=\"elementor-element elementor-element-771f7c3 e-flex e-con-boxed e-con e-parent\" data-id=\"771f7c3\" data-element_type=\"container\" data-e-type=\"container\">\n\t\t\t\t\t<div class=\"e-con-inner\">\n\t\t\t\t<div class=\"elementor-element elementor-element-d5bacec elementor-widget elementor-widget-pls-heading\" data-id=\"d5bacec\" data-element_type=\"widget\" data-e-type=\"widget\" data-widget_type=\"pls-heading.default\">\n\t\t\t\t<div class=\"elementor-widget-container\">\n\t\t\t\t\t<div id=\"pls-header-98963\" class=\"pls-element pls-heading pls-text-center separator-none\">\t\n\t\t\t\n\t\t\t<div class=\"heading-wrap\">\n\t\t\t<span class=\"separator-left\"><\/span>\n\t\t\t<h2 class=\"heading-title\">K\u1ebft n\u1ed1i li\u1ec1n m\u1ea1ch t\u1ea1i Nh\u1eadt B\u1ea3n \u2013 D\u1ec5 d\u00e0ng, \u0111\u00e1ng tin c\u1eady v\u00e0 kh\u00f4ng r\u1eafc r\u1ed1i<\/h2>\t\t\t<span class=\"separator-right\"><\/span>\n\t\t\t\t\t<\/div>\n\t\t\n    \t\t<div class=\"heading-tagline\"> Ch\u00fang t\u00f4i gi\u00fap vi\u1ec7c k\u1ebft n\u1ed1i t\u1ea1i Nh\u1eadt B\u1ea3n tr\u1edf n\u00ean \u0111\u01a1n gi\u1ea3n v\u00e0 d\u1ec5 d\u00e0ng. D\u00f9 b\u1ea1n \u0111\u1ebfn th\u0103m Nh\u1eadt B\u1ea3n trong m\u1ed9t chuy\u1ebfn \u0111i ng\u1eafn ng\u00e0y hay d\u1ef1 \u0111\u1ecbnh \u1edf l\u1ea1i l\u00e2u d\u00e0i, th\u1ebb SIM v\u00e0 gi\u1ea3i ph\u00e1p Wi-Fi t\u1ea1i nh\u00e0 c\u1ee7a ch\u00fang t\u00f4i \u0111\u1ea3m b\u1ea3o b\u1ea1n c\u00f3 internet t\u1ed1c \u0111\u1ed9 cao, \u1ed5n \u0111\u1ecbnh \u1edf b\u1ea5t c\u1ee9 \u0111\u00e2u. <br><br>Kh\u00f4ng h\u1ee3p \u0111\u1ed3ng ph\u1ee9c t\u1ea1p, kh\u00f4ng ki\u1ec3m tra t\u00edn d\u1ee5ng \u2013 ch\u1ec9 c\u1ea7n k\u1ebft n\u1ed1i li\u1ec1n m\u1ea1ch. S\u1ee9 m\u1ec7nh c\u1ee7a ch\u00fang t\u00f4i l\u00e0 cung c\u1ea5p d\u1ecbch v\u1ee5 d\u1eef li\u1ec7u di \u0111\u1ed9ng v\u00e0 Wi-Fi gi\u00e1 c\u1ea3 ph\u1ea3i ch\u0103ng v\u00e0 d\u1ec5 ti\u1ebfp c\u1eadn m\u00e0 kh\u00f4ng g\u1eb7p b\u1ea5t k\u1ef3 r\u00e0o c\u1ea3n th\u00f4ng th\u01b0\u1eddng n\u00e0o.<br><br> V\u1edbi c\u00e1c g\u00f3i c\u01b0\u1edbc linh ho\u1ea1t, mi\u1ec5n ph\u00ed v\u1eadn chuy\u1ec3n v\u00e0 t\u00f9y ch\u1ecdn nh\u1eadn h\u00e0ng d\u1ec5 d\u00e0ng, ch\u00fang t\u00f4i \u01b0u ti\u00ean s\u1ef1 ti\u1ec7n l\u1ee3i \u0111\u1ec3 b\u1ea1n c\u00f3 th\u1ec3 t\u1eadp trung t\u1eadn h\u01b0\u1edfng th\u1eddi gian \u1edf Nh\u1eadt B\u1ea3n.\n<br><br>\nCh\u00fang t\u00f4i hi\u1ec3u t\u1ea7m quan tr\u1ecdng c\u1ee7a vi\u1ec7c duy tr\u00ec tr\u1ef1c tuy\u1ebfn, d\u00f9 l\u00e0 \u0111\u1ec3 l\u00e0m vi\u1ec7c, h\u1ecdc t\u1eadp hay gi\u1eef li\u00ean l\u1ea1c v\u1edbi nh\u1eefng ng\u01b0\u1eddi th\u00e2n y\u00eau. \u0110\u00f3 l\u00e0 l\u00fd do t\u1ea1i sao ch\u00fang t\u00f4i h\u1ee3p t\u00e1c v\u1edbi c\u00e1c m\u1ea1ng l\u1edbn nh\u1ea5t v\u00e0 \u0111\u00e1ng tin c\u1eady nh\u1ea5t c\u1ee7a Nh\u1eadt B\u1ea3n nh\u01b0 Docomo v\u00e0 SoftBank \u0111\u1ec3 \u0111\u1ea3m b\u1ea3o ph\u1ea1m vi ph\u1ee7 s\u00f3ng v\u00e0 hi\u1ec7u su\u1ea5t t\u1ed1t nh\u1ea5t.\n<br><br>\nT\u1eeb kh\u00e1ch du l\u1ecbch \u0111\u1ebfn c\u01b0 d\u00e2n l\u00e2u n\u0103m, ch\u00fang t\u00f4i cung c\u1ea5p nhi\u1ec1u lo\u1ea1i th\u1ebb SIM tr\u1ea3 tr\u01b0\u1edbc, Wi-Fi gia \u0111\u00ecnh kh\u00f4ng gi\u1edbi h\u1ea1n v\u00e0 b\u1ed9 \u0111\u1ecbnh tuy\u1ebfn di \u0111\u1ed9ng \u0111\u1ec3 \u0111\u00e1p \u1ee9ng nhu c\u1ea7u c\u1ee7a b\u1ea1n. Kh\u00f4ng c\u00f3 ph\u00ed \u1ea9n ho\u1eb7c thi\u1ebft l\u1eadp ph\u1ee9c t\u1ea1p, c\u00e1c s\u1ea3n ph\u1ea9m c\u1ee7a ch\u00fang t\u00f4i \u0111\u01b0\u1ee3c thi\u1ebft k\u1ebf th\u00e2n thi\u1ec7n v\u1edbi ng\u01b0\u1eddi d\u00f9ng v\u00e0 \u0111\u01a1n gi\u1ea3n. <br><br>Khi l\u01b0\u1ee3ng kh\u00e1ch h\u00e0ng c\u1ee7a ch\u00fang t\u00f4i ng\u00e0y c\u00e0ng t\u0103ng, ch\u00fang t\u00f4i ti\u1ebfp t\u1ee5c c\u1ea3i thi\u1ec7n d\u1ecbch v\u1ee5 c\u1ee7a m\u00ecnh, \u0111\u1ea3m b\u1ea3o truy c\u1eadp internet nhanh ch\u00f3ng, an to\u00e0n v\u00e0 kh\u00f4ng b\u1ecb gi\u00e1n \u0111o\u1ea1n tr\u00ean kh\u1eafp Nh\u1eadt B\u1ea3n. Ch\u00fang t\u00f4i \u1edf \u0111\u00e2y \u0111\u1ec3 gi\u00fap b\u1ea1n kh\u00f4ng c\u00f2n ph\u1ea3i lo l\u1eafng v\u1ec1 k\u1ebft n\u1ed1i n\u1eefa. <\/div>\n\t<\/div>\t\t\t\t<\/div>\n\t\t\t\t<\/div>\n\t\t\t\t\t<\/div>\n\t\t\t\t<\/div>\n\t\t<div class=\"elementor-element elementor-element-2678839 e-flex e-con-boxed e-con e-parent\" data-id=\"2678839\" data-element_type=\"container\" data-e-type=\"container\">\n\t\t\t\t\t<div class=\"e-con-inner\">\n\t\t\t\t<div class=\"elementor-element elementor-element-e784360 elementor-widget elementor-widget-pls-product-brands\" data-id=\"e784360\" data-element_type=\"widget\" data-e-type=\"widget\" data-widget_type=\"pls-product-brands.default\">\n\t\t\t\t<div class=\"elementor-widget-container\">\n\t\t\t\t\t<div id=\"pls-product-brand-7088\" class=\"pls-element pls-product-brands\">\n\t\t<div class=\"section-content  pls-slider swiper row\">\n\t\t<div class=\"products swiper-wrapper slider-col-lg-3 slider-col-md-4 slider-col-2\" data-slider_options=\"{&quot;slider_loop&quot;:false,&quot;slider_autoplay&quot;:false,&quot;slider_autoplay_delay&quot;:&quot;1500&quot;,&quot;slider_autoplay_speed&quot;:&quot;1500&quot;,&quot;slider_pause_on_hover&quot;:false,&quot;slider_rewind&quot;:false,&quot;slider_autoHeigh&quot;:false,&quot;slider_touchDrag&quot;:true,&quot;slider_touchDrag_mobile&quot;:true,&quot;slider_navigation&quot;:true,&quot;slider_pagination&quot;:false,&quot;slider_scrollbar&quot;:false,&quot;slider_centered&quot;:false,&quot;slider_effect&quot;:&quot;slide&quot;,&quot;slider_spaceBetween&quot;:0,&quot;slides_to_show&quot;:&quot;3&quot;,&quot;slides_to_show_tablet&quot;:4,&quot;slides_to_show_mobile&quot;:2,&quot;slides_to_scroll&quot;:1}\" >\n\t\t\t\t\t\t\t\t<div class=\"product-brand swiper-slide\">\n\t\t\t\t\t\t<a href=\"https:\/\/omoriwifi.com\/vi\/thuong-hieu\/docomo\/\">\n\t\t\t\t\t\t\t<div class=\"brand-image\">\n\t\t\t\t\t\t\t\t<img decoding=\"async\" width=\"150\" height=\"150\" src=\"https:\/\/omoriwifi.com\/wp-content\/uploads\/2025\/03\/Untitled-design-2025-03-27T014152.325.png\" class=\"attachment-full size-full\" alt=\"Docomo\" srcset=\"https:\/\/omoriwifi.com\/wp-content\/uploads\/2025\/03\/Untitled-design-2025-03-27T014152.325.png 150w, https:\/\/omoriwifi.com\/wp-content\/uploads\/2025\/03\/Untitled-design-2025-03-27T014152.325-96x96.png 96w\" sizes=\"(max-width: 150px) 100vw, 150px\" \/>\t\t\t\t\t\t\t<\/div>\n\t\t\t\t\t\t\t\n\t\t\t\t\t\t\t\t\t\t\t\t\t<\/a>\n\t\t\t\t\t<\/div>\n\t\t\t\t\t\t\t\t\t\t<div class=\"product-brand swiper-slide\">\n\t\t\t\t\t\t<a href=\"https:\/\/omoriwifi.com\/vi\/thuong-hieu\/au\/\">\n\t\t\t\t\t\t\t<div class=\"brand-image\">\n\t\t\t\t\t\t\t\t<img decoding=\"async\" width=\"150\" height=\"150\" src=\"https:\/\/omoriwifi.com\/wp-content\/uploads\/2025\/03\/Untitled-design-2025-03-27T014130.212.png\" class=\"attachment-full size-full\" alt=\"AU\" srcset=\"https:\/\/omoriwifi.com\/wp-content\/uploads\/2025\/03\/Untitled-design-2025-03-27T014130.212.png 150w, https:\/\/omoriwifi.com\/wp-content\/uploads\/2025\/03\/Untitled-design-2025-03-27T014130.212-96x96.png 96w\" sizes=\"(max-width: 150px) 100vw, 150px\" \/>\t\t\t\t\t\t\t<\/div>\n\t\t\t\t\t\t\t\n\t\t\t\t\t\t\t\t\t\t\t\t\t<\/a>\n\t\t\t\t\t<\/div>\n\t\t\t\t\t\t\t\t\t\t<div class=\"product-brand swiper-slide\">\n\t\t\t\t\t\t<a href=\"https:\/\/omoriwifi.com\/vi\/thuong-hieu\/soft-bank\/\">\n\t\t\t\t\t\t\t<div class=\"brand-image\">\n\t\t\t\t\t\t\t\t<img decoding=\"async\" width=\"150\" height=\"150\" src=\"https:\/\/omoriwifi.com\/wp-content\/uploads\/2025\/03\/Untitled-design-2025-03-27T014107.765.png\" class=\"attachment-full size-full\" alt=\"Soft Bank\" srcset=\"https:\/\/omoriwifi.com\/wp-content\/uploads\/2025\/03\/Untitled-design-2025-03-27T014107.765.png 150w, https:\/\/omoriwifi.com\/wp-content\/uploads\/2025\/03\/Untitled-design-2025-03-27T014107.765-96x96.png 96w\" sizes=\"(max-width: 150px) 100vw, 150px\" \/>\t\t\t\t\t\t\t<\/div>\n\t\t\t\t\t\t\t\n\t\t\t\t\t\t\t\t\t\t\t\t\t<\/a>\n\t\t\t\t\t<\/div>\n\t\t\t\t\t\t\t<\/div>\n\t<\/div>\n<\/div>\t\t\t\t<\/div>\n\t\t\t\t<\/div>\n\t\t\t\t\t<\/div>\n\t\t\t\t<\/div>\n\t\t<div class=\"elementor-element elementor-element-9198a48 e-flex e-con-boxed e-con e-parent\" data-id=\"9198a48\" data-element_type=\"container\" data-e-type=\"container\">\n\t\t\t\t\t<div class=\"e-con-inner\">\n\t\t<div class=\"elementor-element elementor-element-1500bd4 e-con-full e-flex e-con e-child\" data-id=\"1500bd4\" data-element_type=\"container\" data-e-type=\"container\">\n\t\t\t\t<div class=\"elementor-element elementor-element-640f2dc elementor-widget elementor-widget-pls-infobox\" data-id=\"640f2dc\" data-element_type=\"widget\" data-e-type=\"widget\" data-widget_type=\"pls-infobox.default\">\n\t\t\t\t<div class=\"elementor-widget-container\">\n\t\t\t\t\t<div id=\"pls-info-box-68182\" class=\"pls-element pls-info-box icon-effect-none icon-simple icon-top color-scheme-inherit hover-color-scheme-inherit text-center\">\n\t<div class=\"info-box-wrap\"  >\n\t\t<div class=\"box-icon-wrap\">\n\t\t\t\t\t\t\t<div class=\"info-box-icon\"><img decoding=\"async\" src=\"https:\/\/omoriwifi.com\/wp-content\/uploads\/2025\/03\/icons8-plan-60.png\" alt=\"Affordable Plans\"\/><\/div>\n\t\t\t\t\t<\/div>\n\t\t<div class=\"info-box-content\">\n\t\t\t\t\t\t\t\t\t\t<div class=\"info-box-title mb\" >\t\t\t\t\n\t\t\t\t\t<h4>G\u00f3i c\u01b0\u1edbc gi\u00e1 c\u1ea3 ph\u1ea3i ch\u0103ng<\/h4>\t\t\t\t\t\n\t\t\t\t<\/div>\n\t\t\t\t\t\t\t\t\t\t<div class=\"info-box-description mb\">\n\t\t\t\t\t<p>Nh\u1eadn gi\u00e1 tr\u1ecb tuy\u1ec7t v\u1eddi v\u1edbi m\u1ee9c gi\u00e1 c\u1ea1nh tranh cho c\u00e1c g\u00f3i d\u1eef li\u1ec7u, \u0111\u1ea3m b\u1ea3o b\u1ea1n lu\u00f4n k\u1ebft n\u1ed1i m\u00e0 kh\u00f4ng t\u1ed1n k\u00e9m. Ch\u00fang t\u00f4i r\u1ebb h\u01a1n nh\u1eefng n\u01a1i kh\u00e1c.<\/p>\n\t\t\t\t<\/div>\n\t\t\t\t\t<\/div>\n\t<\/div>\n<\/div>\t\t\t\t<\/div>\n\t\t\t\t<\/div>\n\t\t\t\t<\/div>\n\t\t<div class=\"elementor-element elementor-element-19c452d e-con-full e-flex e-con e-child\" data-id=\"19c452d\" data-element_type=\"container\" data-e-type=\"container\">\n\t\t\t\t<div class=\"elementor-element elementor-element-8521fbf elementor-widget elementor-widget-pls-infobox\" data-id=\"8521fbf\" data-element_type=\"widget\" data-e-type=\"widget\" data-widget_type=\"pls-infobox.default\">\n\t\t\t\t<div class=\"elementor-widget-container\">\n\t\t\t\t\t<div id=\"pls-info-box-5116\" class=\"pls-element pls-info-box icon-effect-none icon-simple icon-top color-scheme-inherit hover-color-scheme-inherit text-center\">\n\t<div class=\"info-box-wrap\"  >\n\t\t<div class=\"box-icon-wrap\">\n\t\t\t\t\t\t\t<div class=\"info-box-icon\"><img decoding=\"async\" src=\"https:\/\/omoriwifi.com\/wp-content\/uploads\/2025\/03\/icons8-credit-card-60.png\" alt=\"No Credit Card Needed\"\/><\/div>\n\t\t\t\t\t<\/div>\n\t\t<div class=\"info-box-content\">\n\t\t\t\t\t\t\t\t\t\t<div class=\"info-box-title mb\" >\t\t\t\t\n\t\t\t\t\t<h4>Kh\u00f4ng c\u1ea7n th\u1ebb t\u00edn d\u1ee5ng<\/h4>\t\t\t\t\t\n\t\t\t\t<\/div>\n\t\t\t\t\t\t\t\t\t\t<div class=\"info-box-description mb\">\n\t\t\t\t\t<p>T\u00f9y ch\u1ecdn thanh to\u00e1n \u0111\u01a1n gi\u1ea3n\u2014thanh to\u00e1n b\u1eb1ng ti\u1ec1n m\u1eb7t (chuy\u1ec3n kho\u1ea3n ng\u00e2n h\u00e0ng) ho\u1eb7c th\u1ebb t\u00edn d\u1ee5ng, kh\u00f4ng c\u1ea7n th\u1ebb t\u00edn d\u1ee5ng ho\u1eb7c th\u1ee7 t\u1ee5c r\u01b0\u1eddm r\u00e0.\n<\/p>\n\t\t\t\t<\/div>\n\t\t\t\t\t<\/div>\n\t<\/div>\n<\/div>\t\t\t\t<\/div>\n\t\t\t\t<\/div>\n\t\t\t\t<\/div>\n\t\t<div class=\"elementor-element elementor-element-8778c43 e-con-full e-flex e-con e-child\" data-id=\"8778c43\" data-element_type=\"container\" data-e-type=\"container\">\n\t\t\t\t<div class=\"elementor-element elementor-element-f20e0de elementor-widget elementor-widget-pls-infobox\" data-id=\"f20e0de\" data-element_type=\"widget\" data-e-type=\"widget\" data-widget_type=\"pls-infobox.default\">\n\t\t\t\t<div class=\"elementor-widget-container\">\n\t\t\t\t\t<div id=\"pls-info-box-80492\" class=\"pls-element pls-info-box icon-effect-none icon-simple icon-top color-scheme-inherit hover-color-scheme-inherit text-center\">\n\t<div class=\"info-box-wrap\"  >\n\t\t<div class=\"box-icon-wrap\">\n\t\t\t\t\t\t\t<div class=\"info-box-icon\"><img decoding=\"async\" src=\"https:\/\/omoriwifi.com\/wp-content\/uploads\/2025\/03\/icons8-synchronize-60-1.png\" alt=\"No Hassles, Just Easy Connectivity\"\/><\/div>\n\t\t\t\t\t<\/div>\n\t\t<div class=\"info-box-content\">\n\t\t\t\t\t\t\t\t\t\t<div class=\"info-box-title mb\" >\t\t\t\t\n\t\t\t\t\t<h4>Kh\u00f4ng r\u1eafc r\u1ed1i, ch\u1ec9 c\u1ea7n k\u1ebft n\u1ed1i d\u1ec5 d\u00e0ng<\/h4>\t\t\t\t\t\n\t\t\t\t<\/div>\n\t\t\t\t\t\t\t\t\t\t<div class=\"info-box-description mb\">\n\t\t\t\t\t<p>B\u1ecf qua c\u00e1c c\u1eeda h\u00e0ng, tr\u00e1nh c\u00e1c m\u1eabu \u0111\u01a1n d\u00e0i d\u00f2ng v\u00e0 qu\u00ean \u0111i vi\u1ec7c ki\u1ec3m tra t\u00edn d\u1ee5ng\u2014h\u00e3y \u0111\u0103ng k\u00fd tr\u1ef1c tuy\u1ebfn v\u00e0 k\u1ebft n\u1ed1i trong v\u00e0i ph\u00fat.<\/p>\n\t\t\t\t<\/div>\n\t\t\t\t\t<\/div>\n\t<\/div>\n<\/div>\t\t\t\t<\/div>\n\t\t\t\t<\/div>\n\t\t\t\t<\/div>\n\t\t<div class=\"elementor-element elementor-element-396bf69 e-con-full e-flex e-con e-child\" data-id=\"396bf69\" data-element_type=\"container\" data-e-type=\"container\">\n\t\t\t\t<div class=\"elementor-element elementor-element-3172a7f elementor-widget elementor-widget-pls-infobox\" data-id=\"3172a7f\" data-element_type=\"widget\" data-e-type=\"widget\" data-widget_type=\"pls-infobox.default\">\n\t\t\t\t<div class=\"elementor-widget-container\">\n\t\t\t\t\t<div id=\"pls-info-box-19563\" class=\"pls-element pls-info-box icon-effect-none icon-simple icon-top color-scheme-inherit hover-color-scheme-inherit text-center\">\n\t<div class=\"info-box-wrap\"  >\n\t\t<div class=\"box-icon-wrap\">\n\t\t\t\t\t\t\t<div class=\"info-box-icon\"><img decoding=\"async\" src=\"https:\/\/omoriwifi.com\/wp-content\/uploads\/2025\/03\/icons8-radio-tower-60.png\" alt=\"Major Network Coverage\"\/><\/div>\n\t\t\t\t\t<\/div>\n\t\t<div class=\"info-box-content\">\n\t\t\t\t\t\t\t\t\t\t<div class=\"info-box-title mb\" >\t\t\t\t\n\t\t\t\t\t<h4>Ph\u1ea1m vi ph\u1ee7 s\u00f3ng m\u1ea1ng ch\u00ednh<\/h4>\t\t\t\t\t\n\t\t\t\t<\/div>\n\t\t\t\t\t\t\t\t\t\t<div class=\"info-box-description mb\">\n\t\t\t\t\t<p>Gi\u1eef k\u1ebft n\u1ed1i v\u1edbi c\u00e1c nh\u00e0 m\u1ea1ng h\u00e0ng \u0111\u1ea7u nh\u01b0 NTT Docomo, SoftBank v\u00e0 AU (KDDI), cung c\u1ea5p cho b\u1ea1n d\u1ecbch v\u1ee5 \u0111\u00e1ng tin c\u1eady tr\u00ean kh\u1eafp Nh\u1eadt B\u1ea3n.<\/p>\n\t\t\t\t<\/div>\n\t\t\t\t\t<\/div>\n\t<\/div>\n<\/div>\t\t\t\t<\/div>\n\t\t\t\t<\/div>\n\t\t\t\t<\/div>\n\t\t\t\t\t<\/div>\n\t\t\t\t<\/div>\n\t\t\t\t<\/div>","protected":false},"excerpt":{"rendered":"<p>Seamless Connectivity in Japan \u2013 Easy, Reliable, and Hassle-Free We make staying connected in Japan simple and hassle-free. Whether you\u2019re visiting for a short trip or planning a long stay,<\/p>","protected":false},"author":2,"featured_media":0,"parent":0,"menu_order":0,"comment_status":"closed","ping_status":"closed","template":"","meta":{"footnotes":""},"class_list":["post-38","page","type-page","status-publish","hentry"],"yoast_head":"<!-- This site is optimized with the Yoast SEO plugin v27.2 - https:\/\/yoast.com\/product\/yoast-seo-wordpress\/ -->\n<title>About Us - Omori WIFI<\/title>\n<meta name=\"description\" content=\"Learn more about our mission to provide affordable, hassle-free connectivity in Japan. From short-term SIMs to unlimited home and pocket WiFi, we offer fast, reliable internet with no contracts or credit checks\u2014just seamless service!\" \/>\n<meta name=\"robots\" content=\"index, follow, max-snippet:-1, max-image-preview:large, max-video-preview:-1\" \/>\n<link rel=\"canonical\" href=\"https:\/\/omoriwifi.com\/vi\/about-us\/\" \/>\n<meta property=\"og:locale\" content=\"vi_VN\" \/>\n<meta property=\"og:type\" content=\"article\" \/>\n<meta property=\"og:title\" content=\"About Us - Omori WIFI\" \/>\n<meta property=\"og:description\" content=\"Learn more about our mission to provide affordable, hassle-free connectivity in Japan. From short-term SIMs to unlimited home and pocket WiFi, we offer fast, reliable internet with no contracts or credit checks\u2014just seamless service!\" \/>\n<meta property=\"og:url\" content=\"https:\/\/omoriwifi.com\/vi\/about-us\/\" \/>\n<meta property=\"og:site_name\" content=\"Omori WIFI\" \/>\n<meta property=\"article:modified_time\" content=\"2025-03-30T00:17:41+00:00\" \/>\n<meta property=\"og:image\" content=\"https:\/\/peachpuff-dugong-919786.hostingersite.com\/wp-content\/uploads\/2025\/03\/Untitled-design-2025-03-27T014152.325.png\" \/>\n<meta name=\"twitter:card\" content=\"summary_large_image\" \/>\n<meta name=\"twitter:label1\" content=\"\u01af\u1edbc t\u00ednh th\u1eddi gian \u0111\u1ecdc\" \/>\n\t<meta name=\"twitter:data1\" content=\"3 ph\u00fat\" \/>\n<script type=\"application\/ld+json\" class=\"yoast-schema-graph\">{\"@context\":\"https:\/\/schema.org\",\"@graph\":[{\"@type\":\"WebPage\",\"@id\":\"https:\/\/omoriwifi.com\/zh_tw\/about-us\/\",\"url\":\"https:\/\/omoriwifi.com\/zh_tw\/about-us\/\",\"name\":\"About Us - Omori WIFI\",\"isPartOf\":{\"@id\":\"https:\/\/omoriwifi.com\/ja\/#website\"},\"primaryImageOfPage\":{\"@id\":\"https:\/\/omoriwifi.com\/zh_tw\/about-us\/#primaryimage\"},\"image\":{\"@id\":\"https:\/\/omoriwifi.com\/zh_tw\/about-us\/#primaryimage\"},\"thumbnailUrl\":\"https:\/\/peachpuff-dugong-919786.hostingersite.com\/wp-content\/uploads\/2025\/03\/Untitled-design-2025-03-27T014152.325.png\",\"datePublished\":\"2024-04-17T07:15:52+00:00\",\"dateModified\":\"2025-03-30T00:17:41+00:00\",\"description\":\"Learn more about our mission to provide affordable, hassle-free connectivity in Japan. From short-term SIMs to unlimited home and pocket WiFi, we offer fast, reliable internet with no contracts or credit checks\u2014just seamless service!\",\"breadcrumb\":{\"@id\":\"https:\/\/omoriwifi.com\/zh_tw\/about-us\/#breadcrumb\"},\"inLanguage\":\"vi\",\"potentialAction\":[{\"@type\":\"ReadAction\",\"target\":[\"https:\/\/omoriwifi.com\/zh_tw\/about-us\/\"]}]},{\"@type\":\"ImageObject\",\"inLanguage\":\"vi\",\"@id\":\"https:\/\/omoriwifi.com\/zh_tw\/about-us\/#primaryimage\",\"url\":\"https:\/\/peachpuff-dugong-919786.hostingersite.com\/wp-content\/uploads\/2025\/03\/Untitled-design-2025-03-27T014152.325.png\",\"contentUrl\":\"https:\/\/peachpuff-dugong-919786.hostingersite.com\/wp-content\/uploads\/2025\/03\/Untitled-design-2025-03-27T014152.325.png\"},{\"@type\":\"BreadcrumbList\",\"@id\":\"https:\/\/omoriwifi.com\/zh_tw\/about-us\/#breadcrumb\",\"itemListElement\":[{\"@type\":\"ListItem\",\"position\":1,\"name\":\"Home\",\"item\":\"https:\/\/omoriwifi.com\/ja\/\"},{\"@type\":\"ListItem\",\"position\":2,\"name\":\"About Us\"}]},{\"@type\":\"WebSite\",\"@id\":\"https:\/\/omoriwifi.com\/ja\/#website\",\"url\":\"https:\/\/omoriwifi.com\/ja\/\",\"name\":\"Omori WiFi\",\"description\":\"My WordPress Blog\",\"potentialAction\":[{\"@type\":\"SearchAction\",\"target\":{\"@type\":\"EntryPoint\",\"urlTemplate\":\"https:\/\/omoriwifi.com\/ja\/?s={search_term_string}\"},\"query-input\":{\"@type\":\"PropertyValueSpecification\",\"valueRequired\":true,\"valueName\":\"search_term_string\"}}],\"inLanguage\":\"vi\"}]}<\/script>\n<!-- \/ Yoast SEO plugin. -->","yoast_head_json":{"title":"About Us - Omori WIFI","description":"Learn more about our mission to provide affordable, hassle-free connectivity in Japan. From short-term SIMs to unlimited home and pocket WiFi, we offer fast, reliable internet with no contracts or credit checks\u2014just seamless service!","robots":{"index":"index","follow":"follow","max-snippet":"max-snippet:-1","max-image-preview":"max-image-preview:large","max-video-preview":"max-video-preview:-1"},"canonical":"https:\/\/omoriwifi.com\/vi\/about-us\/","og_locale":"vi_VN","og_type":"article","og_title":"About Us - Omori WIFI","og_description":"Learn more about our mission to provide affordable, hassle-free connectivity in Japan. From short-term SIMs to unlimited home and pocket WiFi, we offer fast, reliable internet with no contracts or credit checks\u2014just seamless service!","og_url":"https:\/\/omoriwifi.com\/vi\/about-us\/","og_site_name":"Omori WIFI","article_modified_time":"2025-03-30T00:17:41+00:00","og_image":[{"url":"https:\/\/peachpuff-dugong-919786.hostingersite.com\/wp-content\/uploads\/2025\/03\/Untitled-design-2025-03-27T014152.325.png","type":"","width":"","height":""}],"twitter_card":"summary_large_image","twitter_misc":{"\u01af\u1edbc t\u00ednh th\u1eddi gian \u0111\u1ecdc":"3 ph\u00fat"},"schema":{"@context":"https:\/\/schema.org","@graph":[{"@type":"WebPage","@id":"https:\/\/omoriwifi.com\/zh_tw\/about-us\/","url":"https:\/\/omoriwifi.com\/zh_tw\/about-us\/","name":"About Us - Omori WIFI","isPartOf":{"@id":"https:\/\/omoriwifi.com\/ja\/#website"},"primaryImageOfPage":{"@id":"https:\/\/omoriwifi.com\/zh_tw\/about-us\/#primaryimage"},"image":{"@id":"https:\/\/omoriwifi.com\/zh_tw\/about-us\/#primaryimage"},"thumbnailUrl":"https:\/\/peachpuff-dugong-919786.hostingersite.com\/wp-content\/uploads\/2025\/03\/Untitled-design-2025-03-27T014152.325.png","datePublished":"2024-04-17T07:15:52+00:00","dateModified":"2025-03-30T00:17:41+00:00","description":"Learn more about our mission to provide affordable, hassle-free connectivity in Japan. From short-term SIMs to unlimited home and pocket WiFi, we offer fast, reliable internet with no contracts or credit checks\u2014just seamless service!","breadcrumb":{"@id":"https:\/\/omoriwifi.com\/zh_tw\/about-us\/#breadcrumb"},"inLanguage":"vi","potentialAction":[{"@type":"ReadAction","target":["https:\/\/omoriwifi.com\/zh_tw\/about-us\/"]}]},{"@type":"ImageObject","inLanguage":"vi","@id":"https:\/\/omoriwifi.com\/zh_tw\/about-us\/#primaryimage","url":"https:\/\/peachpuff-dugong-919786.hostingersite.com\/wp-content\/uploads\/2025\/03\/Untitled-design-2025-03-27T014152.325.png","contentUrl":"https:\/\/peachpuff-dugong-919786.hostingersite.com\/wp-content\/uploads\/2025\/03\/Untitled-design-2025-03-27T014152.325.png"},{"@type":"BreadcrumbList","@id":"https:\/\/omoriwifi.com\/zh_tw\/about-us\/#breadcrumb","itemListElement":[{"@type":"ListItem","position":1,"name":"Home","item":"https:\/\/omoriwifi.com\/ja\/"},{"@type":"ListItem","position":2,"name":"About Us"}]},{"@type":"WebSite","@id":"https:\/\/omoriwifi.com\/ja\/#website","url":"https:\/\/omoriwifi.com\/ja\/","name":"WiFi Omori","description":"Blog WordPress c\u1ee7a t\u00f4i","potentialAction":[{"@type":"SearchAction","target":{"@type":"EntryPoint","urlTemplate":"https:\/\/omoriwifi.com\/ja\/?s={search_term_string}"},"query-input":{"@type":"PropertyValueSpecification","valueRequired":true,"valueName":"search_term_string"}}],"inLanguage":"vi"}]}},"_links":{"self":[{"href":"https:\/\/omoriwifi.com\/vi\/wp-json\/wp\/v2\/pages\/38","targetHints":{"allow":["GET"]}}],"collection":[{"href":"https:\/\/omoriwifi.com\/vi\/wp-json\/wp\/v2\/pages"}],"about":[{"href":"https:\/\/omoriwifi.com\/vi\/wp-json\/wp\/v2\/types\/page"}],"author":[{"embeddable":true,"href":"https:\/\/omoriwifi.com\/vi\/wp-json\/wp\/v2\/users\/2"}],"replies":[{"embeddable":true,"href":"https:\/\/omoriwifi.com\/vi\/wp-json\/wp\/v2\/comments?post=38"}],"version-history":[{"count":12,"href":"https:\/\/omoriwifi.com\/vi\/wp-json\/wp\/v2\/pages\/38\/revisions"}],"predecessor-version":[{"id":20687,"href":"https:\/\/omoriwifi.com\/vi\/wp-json\/wp\/v2\/pages\/38\/revisions\/20687"}],"wp:attachment":[{"href":"https:\/\/omoriwifi.com\/vi\/wp-json\/wp\/v2\/media?parent=38"}],"curies":[{"name":"wp","href":"https:\/\/api.w.org\/{rel}","templated":true}]}}