{"id":1851,"date":"2025-03-27T00:32:40","date_gmt":"2025-03-27T00:32:40","guid":{"rendered":"https:\/\/ici9b6skyk.onrocket.site\/?post_type=product&#038;p=1851"},"modified":"2025-03-27T00:55:24","modified_gmt":"2025-03-27T00:55:24","slug":"home-wifi-unlimited-5g","status":"publish","type":"product","link":"https:\/\/omoriwifi.com\/vi\/san-pham\/home-wifi-unlimited-5g\/","title":{"rendered":"Trang ch\u1ee7 WiFi Kh\u00f4ng gi\u1edbi h\u1ea1n 5G"},"content":{"rendered":"<div class=\"flex max-w-full flex-col flex-grow\">\n<div class=\"min-h-8 text-message flex w-full flex-col items-end gap-2 whitespace-normal break-words text-start [.text-message+&amp;]:mt-5\" dir=\"auto\" data-message-author-role=\"assistant\" data-message-id=\"45f0f3cc-89c5-4f9e-8d5d-fc396bdcb9e0\" data-message-model-slug=\"gpt-4o\">\n<div class=\"flex w-full flex-col gap-1 empty:hidden first:pt-[3px]\">\n<div class=\"markdown prose w-full break-words dark:prose-invert light\">\n<p>Enjoy unlimited, high-speed internet with our portable Home WiFi solution, perfect for both short and long-term stays in Japan. Experience seamless 5G\/4G connectivity without the need for fiber optic installation or complex setup. Whether you\u2019re working, streaming, or gaming, our WiFi ensures fast, reliable internet across Japan.<\/p>\n<p><strong>Top Features:<\/strong><\/p>\n<ul>\n<li><strong>Unlimited 5G\/4G Data<\/strong> \u2013 No data caps or speed restrictions.<\/li>\n<li><strong>Easy Setup<\/strong> \u2013 Just plug in and connect instantly.<\/li>\n<li><strong>Portable &amp; Flexible<\/strong> \u2013 Move it from room to room or take it with you when relocating.<\/li>\n<li><strong>No Annual Contracts<\/strong> \u2013 6-month easy contract.<\/li>\n<li><strong>Widespread Coverage<\/strong> \u2013 Works on WiMAX, covering major cities and rural areas.<\/li>\n<li><strong>Full English Support<\/strong> \u2013 Hassle-free service with dedicated English assistance.<\/li>\n<\/ul>\n<\/div>\n<\/div>\n<\/div>\n<\/div>\n","protected":false},"excerpt":{"rendered":"<p>Tr\u1ea3i nghi\u1ec7m internet 5G\/4G si\u00eau nhanh, kh\u00f4ng gi\u1edbi h\u1ea1n v\u1edbi thi\u1ebft l\u1eadp c\u1eafm v\u00e0 ch\u1ea1y \u0111\u01a1n gi\u1ea3n. Kh\u00f4ng c\u1ea7n l\u1eafp \u0111\u1eb7t c\u00e1p quang \u2013 ch\u1ec9 c\u1ea7n k\u1ebft n\u1ed1i t\u1ed1c \u0111\u1ed9 cao thu\u1ea7n t\u00fay tr\u00ean kh\u1eafp Nh\u1eadt B\u1ea3n.<\/p>\n<p>&nbsp;<\/p>\n<p><strong>C\u00e1c t\u00ednh n\u0103ng ch\u00ednh:<\/strong><\/p>\n<ul>\n<li><strong>D\u1eef li\u1ec7u t\u1ed1c \u0111\u1ed9 cao kh\u00f4ng gi\u1edbi h\u1ea1n<\/strong> \u2013 Kh\u00f4ng b\u1ecb gi\u1edbi h\u1ea1n b\u0103ng th\u00f4ng, t\u1eadn h\u01b0\u1edfng t\u1ed1c \u0111\u1ed9 5G\/4G \u1ed5n \u0111\u1ecbnh.<\/li>\n<li><strong>WiFi b\u0103ng t\u1ea7n k\u00e9p<\/strong> \u2013 H\u1ed7 tr\u1ee3 2,4GHz v\u00e0 5GHz cho k\u1ebft n\u1ed1i \u1ed5n \u0111\u1ecbnh.<\/li>\n<li><strong>T\u1ea3i xu\u1ed1ng\/T\u1ea3i l\u00ean nhanh<\/strong> \u2013 T\u1ed1c \u0111\u1ed9 t\u1ea3i xu\u1ed1ng l\u00ean t\u1edbi 4,2Gbps v\u00e0 t\u1ed1c \u0111\u1ed9 t\u1ea3i l\u00ean l\u00ean t\u1edbi 286Mbps.<\/li>\n<li><strong>T\u01b0\u01a1ng th\u00edch v\u1edbi Wi-Fi 6<\/strong> \u2013 \u0110\u1ea3m b\u1ea3o k\u1ebft n\u1ed1i nhanh h\u01a1n, hi\u1ec7u qu\u1ea3 h\u01a1n cho nhi\u1ec1u thi\u1ebft b\u1ecb.<\/li>\n<li><strong>Ph\u1ea1m vi ph\u1ee7 s\u00f3ng r\u1ed9ng<\/strong> \u2013 S\u1eed d\u1ee5ng m\u1ea1ng WiMAX, ph\u1ee7 s\u00f3ng t\u1edbi c\u00e1c th\u00e0nh ph\u1ed1 l\u1edbn v\u00e0 m\u1edf r\u1ed9ng v\u00f9ng ph\u1ee7 s\u00f3ng 5G.<\/li>\n<li><strong>Di \u0111\u1ed9ng &amp; Nh\u1eb9<\/strong> \u2013 D\u1ec5 d\u00e0ng di chuy\u1ec3n ho\u1eb7c mang theo b\u00ean m\u00ecnh.<\/li>\n<li><strong>H\u1ed7 tr\u1ee3 nhi\u1ec1u thi\u1ebft b\u1ecb<\/strong> \u2013 K\u1ebft n\u1ed1i nhi\u1ec1u thi\u1ebft b\u1ecb c\u00f9ng l\u00fac m\u00e0 kh\u00f4ng b\u1ecb tr\u1ec5.<\/li>\n<li><strong>Kh\u00f4ng c\u00f3 h\u1ee3p \u0111\u1ed3ng h\u00e0ng n\u0103m<\/strong> \u2013 G\u00f3i 6 th\u00e1ng linh ho\u1ea1t, c\u00f3 th\u1ec3 gia h\u1ea1n b\u1ea5t c\u1ee9 l\u00fac n\u00e0o.<\/li>\n<\/ul>\n<p>&nbsp;<\/p>\n<table id=\"tablepress-2\" class=\"tablepress tablepress-id-2\">\n<thead>\n<tr class=\"row-1\">\n<th class=\"column-1\">M\u1ee5c<\/th>\n<th class=\"column-2\">Chi ph\u00ed (JPY)<\/th>\n<\/tr>\n<\/thead>\n<tbody class=\"row-striping row-hover\">\n<tr class=\"row-2\">\n<td class=\"column-1\">Ph\u00ed thi\u1ebft l\u1eadp (M\u1ed9t l\u1ea7n)<\/td>\n<td class=\"column-2\">4,900<\/td>\n<\/tr>\n<tr class=\"row-3\">\n<td class=\"column-1\">Ph\u00ed b\u1ed9 \u0111\u1ecbnh tuy\u1ebfn (M\u1ed9t l\u1ea7n)<\/td>\n<td class=\"column-2\">14.000 (Gi\u1ea3m gi\u00e1)<\/td>\n<\/tr>\n<tr class=\"row-4\">\n<td class=\"column-1\">Ph\u00ed \u0111\u1eb7t c\u1ecdc<\/td>\n<td class=\"column-2\">13,400<\/td>\n<\/tr>\n<tr class=\"row-5\">\n<td class=\"column-1\">Ph\u00ed h\u00e0ng th\u00e1ng (6 th\u00e1ng)<\/td>\n<td class=\"column-2\">6.700 x 6<\/td>\n<\/tr>\n<tr class=\"row-6\">\n<td class=\"column-1\">T\u1ed5ng ph\u00ed h\u00e0ng th\u00e1ng<\/td>\n<td class=\"column-2\">40,200<\/td>\n<\/tr>\n<tr class=\"row-7\">\n<td class=\"column-1\">T\u1ed5ng c\u1ed9ng<\/td>\n<td class=\"column-2\">74,500<\/td>\n<\/tr>\n<\/tbody>\n<\/table>\n<p><!-- #tablepress-2 from cache --><\/p>\n<div><\/div>","protected":false},"featured_media":1999,"template":"","meta":[],"product_brand":[],"product_cat":[126],"product_tag":[144,145,146],"class_list":{"0":"post-1851","1":"product","2":"type-product","3":"status-publish","4":"has-post-thumbnail","6":"product_cat-home-wifi","7":"product_tag-monthlys","8":"product_tag-router","9":"product_tag-wifi","11":"first","12":"instock","13":"sale","14":"taxable","15":"shipping-taxable","16":"purchasable","17":"product-type-simple"},"yoast_head":"<!-- This site is optimized with the Yoast SEO plugin v27.2 - https:\/\/yoast.com\/product\/yoast-seo-wordpress\/ -->\n<title>Home WiFi Unlimited 5G - Omori WIFI<\/title>\n<meta name=\"robots\" content=\"index, follow, max-snippet:-1, max-image-preview:large, max-video-preview:-1\" \/>\n<link rel=\"canonical\" href=\"https:\/\/omoriwifi.com\/vi\/san-pham\/home-wifi-unlimited-5g\/\" \/>\n<meta property=\"og:locale\" content=\"vi_VN\" \/>\n<meta property=\"og:type\" content=\"article\" \/>\n<meta property=\"og:title\" content=\"Home WiFi Unlimited 5G - Omori WIFI\" \/>\n<meta property=\"og:description\" content=\"Experience ultra-fast, unlimited 5G\/4G internet with simple plug-and-play setup. No fiber installation required \u2013 just pure, high-speed connectivity across Japan.  &nbsp;  Key Features:   Unlimited High-Speed Data \u2013 No throttling, enjoy consistent 5G\/4G speeds.  Dual-Band WiFi \u2013 Supports 2.4GHz and 5GHz for stable connections.  Fast Download\/Upload \u2013 Up to 4.2Gbps download and 286Mbps upload speeds.  Wi-Fi 6 Compatible \u2013 Ensures faster, more efficient connections for multiple devices.  Wide Coverage \u2013 Uses the WiMAX network, covering major cities and expanding 5G zones.  Portable &amp; Lightweight \u2013 Easy to move around or take with you.  Multi-Device Support \u2013 Connect multiple devices simultaneously without lag.  No Annual Contract \u2013 Flexible 6-month plan, extendable anytime.  &nbsp;\" \/>\n<meta property=\"og:url\" content=\"https:\/\/omoriwifi.com\/vi\/san-pham\/home-wifi-unlimited-5g\/\" \/>\n<meta property=\"og:site_name\" content=\"Omori WIFI\" \/>\n<meta property=\"article:modified_time\" content=\"2025-03-27T00:55:24+00:00\" \/>\n<meta property=\"og:image\" content=\"https:\/\/omoriwifi.com\/wp-content\/uploads\/2025\/03\/Untitled-design-84.png\" \/>\n\t<meta property=\"og:image:width\" content=\"2000\" \/>\n\t<meta property=\"og:image:height\" content=\"2000\" \/>\n\t<meta property=\"og:image:type\" content=\"image\/png\" \/>\n<meta name=\"twitter:card\" content=\"summary_large_image\" \/>\n<meta name=\"twitter:label1\" content=\"\u01af\u1edbc t\u00ednh th\u1eddi gian \u0111\u1ecdc\" \/>\n\t<meta name=\"twitter:data1\" content=\"1 ph\u00fat\" \/>\n<script type=\"application\/ld+json\" class=\"yoast-schema-graph\">{\"@context\":\"https:\/\/schema.org\",\"@graph\":[{\"@type\":\"WebPage\",\"@id\":\"https:\/\/omoriwifi.com\/uk\/product\/home-wifi-unlimited-5g\/\",\"url\":\"https:\/\/omoriwifi.com\/uk\/product\/home-wifi-unlimited-5g\/\",\"name\":\"Home WiFi Unlimited 5G - Omori WIFI\",\"isPartOf\":{\"@id\":\"https:\/\/omoriwifi.com\/ja\/#website\"},\"primaryImageOfPage\":{\"@id\":\"https:\/\/omoriwifi.com\/uk\/product\/home-wifi-unlimited-5g\/#primaryimage\"},\"image\":{\"@id\":\"https:\/\/omoriwifi.com\/uk\/product\/home-wifi-unlimited-5g\/#primaryimage\"},\"thumbnailUrl\":\"https:\/\/omoriwifi.com\/wp-content\/uploads\/2025\/03\/Untitled-design-84.png\",\"datePublished\":\"2025-03-27T00:32:40+00:00\",\"dateModified\":\"2025-03-27T00:55:24+00:00\",\"breadcrumb\":{\"@id\":\"https:\/\/omoriwifi.com\/uk\/product\/home-wifi-unlimited-5g\/#breadcrumb\"},\"inLanguage\":\"vi\",\"potentialAction\":[{\"@type\":\"ReadAction\",\"target\":[\"https:\/\/omoriwifi.com\/uk\/product\/home-wifi-unlimited-5g\/\"]}]},{\"@type\":\"ImageObject\",\"inLanguage\":\"vi\",\"@id\":\"https:\/\/omoriwifi.com\/uk\/product\/home-wifi-unlimited-5g\/#primaryimage\",\"url\":\"https:\/\/omoriwifi.com\/wp-content\/uploads\/2025\/03\/Untitled-design-84.png\",\"contentUrl\":\"https:\/\/omoriwifi.com\/wp-content\/uploads\/2025\/03\/Untitled-design-84.png\",\"width\":2000,\"height\":2000},{\"@type\":\"BreadcrumbList\",\"@id\":\"https:\/\/omoriwifi.com\/uk\/product\/home-wifi-unlimited-5g\/#breadcrumb\",\"itemListElement\":[{\"@type\":\"ListItem\",\"position\":1,\"name\":\"Home\",\"item\":\"https:\/\/omoriwifi.com\/ja\/\"},{\"@type\":\"ListItem\",\"position\":2,\"name\":\"\u5546\u54c1\",\"item\":\"https:\/\/omoriwifi.com\/ja\/shop\/\"},{\"@type\":\"ListItem\",\"position\":3,\"name\":\"Home WiFi Unlimited 5G\"}]},{\"@type\":\"WebSite\",\"@id\":\"https:\/\/omoriwifi.com\/ja\/#website\",\"url\":\"https:\/\/omoriwifi.com\/ja\/\",\"name\":\"Omori WiFi\",\"description\":\"My WordPress Blog\",\"potentialAction\":[{\"@type\":\"SearchAction\",\"target\":{\"@type\":\"EntryPoint\",\"urlTemplate\":\"https:\/\/omoriwifi.com\/ja\/?s={search_term_string}\"},\"query-input\":{\"@type\":\"PropertyValueSpecification\",\"valueRequired\":true,\"valueName\":\"search_term_string\"}}],\"inLanguage\":\"vi\"}]}<\/script>\n<!-- \/ Yoast SEO plugin. -->","yoast_head_json":{"title":"Home WiFi Unlimited 5G - Omori WIFI","robots":{"index":"index","follow":"follow","max-snippet":"max-snippet:-1","max-image-preview":"max-image-preview:large","max-video-preview":"max-video-preview:-1"},"canonical":"https:\/\/omoriwifi.com\/vi\/san-pham\/home-wifi-unlimited-5g\/","og_locale":"vi_VN","og_type":"article","og_title":"Home WiFi Unlimited 5G - Omori WIFI","og_description":"Experience ultra-fast, unlimited 5G\/4G internet with simple plug-and-play setup. No fiber installation required \u2013 just pure, high-speed connectivity across Japan.  &nbsp;  Key Features:   Unlimited High-Speed Data \u2013 No throttling, enjoy consistent 5G\/4G speeds.  Dual-Band WiFi \u2013 Supports 2.4GHz and 5GHz for stable connections.  Fast Download\/Upload \u2013 Up to 4.2Gbps download and 286Mbps upload speeds.  Wi-Fi 6 Compatible \u2013 Ensures faster, more efficient connections for multiple devices.  Wide Coverage \u2013 Uses the WiMAX network, covering major cities and expanding 5G zones.  Portable &amp; Lightweight \u2013 Easy to move around or take with you.  Multi-Device Support \u2013 Connect multiple devices simultaneously without lag.  No Annual Contract \u2013 Flexible 6-month plan, extendable anytime.  &nbsp;","og_url":"https:\/\/omoriwifi.com\/vi\/san-pham\/home-wifi-unlimited-5g\/","og_site_name":"Omori WIFI","article_modified_time":"2025-03-27T00:55:24+00:00","og_image":[{"width":2000,"height":2000,"url":"https:\/\/omoriwifi.com\/wp-content\/uploads\/2025\/03\/Untitled-design-84.png","type":"image\/png"}],"twitter_card":"summary_large_image","twitter_misc":{"\u01af\u1edbc t\u00ednh th\u1eddi gian \u0111\u1ecdc":"1 ph\u00fat"},"schema":{"@context":"https:\/\/schema.org","@graph":[{"@type":"WebPage","@id":"https:\/\/omoriwifi.com\/uk\/product\/home-wifi-unlimited-5g\/","url":"https:\/\/omoriwifi.com\/uk\/product\/home-wifi-unlimited-5g\/","name":"Home WiFi Unlimited 5G - Omori WIFI","isPartOf":{"@id":"https:\/\/omoriwifi.com\/ja\/#website"},"primaryImageOfPage":{"@id":"https:\/\/omoriwifi.com\/uk\/product\/home-wifi-unlimited-5g\/#primaryimage"},"image":{"@id":"https:\/\/omoriwifi.com\/uk\/product\/home-wifi-unlimited-5g\/#primaryimage"},"thumbnailUrl":"https:\/\/omoriwifi.com\/wp-content\/uploads\/2025\/03\/Untitled-design-84.png","datePublished":"2025-03-27T00:32:40+00:00","dateModified":"2025-03-27T00:55:24+00:00","breadcrumb":{"@id":"https:\/\/omoriwifi.com\/uk\/product\/home-wifi-unlimited-5g\/#breadcrumb"},"inLanguage":"vi","potentialAction":[{"@type":"ReadAction","target":["https:\/\/omoriwifi.com\/uk\/product\/home-wifi-unlimited-5g\/"]}]},{"@type":"ImageObject","inLanguage":"vi","@id":"https:\/\/omoriwifi.com\/uk\/product\/home-wifi-unlimited-5g\/#primaryimage","url":"https:\/\/omoriwifi.com\/wp-content\/uploads\/2025\/03\/Untitled-design-84.png","contentUrl":"https:\/\/omoriwifi.com\/wp-content\/uploads\/2025\/03\/Untitled-design-84.png","width":2000,"height":2000},{"@type":"BreadcrumbList","@id":"https:\/\/omoriwifi.com\/uk\/product\/home-wifi-unlimited-5g\/#breadcrumb","itemListElement":[{"@type":"ListItem","position":1,"name":"Home","item":"https:\/\/omoriwifi.com\/ja\/"},{"@type":"ListItem","position":2,"name":"\u5546\u54c1","item":"https:\/\/omoriwifi.com\/ja\/shop\/"},{"@type":"ListItem","position":3,"name":"Home WiFi Unlimited 5G"}]},{"@type":"WebSite","@id":"https:\/\/omoriwifi.com\/ja\/#website","url":"https:\/\/omoriwifi.com\/ja\/","name":"WiFi Omori","description":"Blog WordPress c\u1ee7a t\u00f4i","potentialAction":[{"@type":"SearchAction","target":{"@type":"EntryPoint","urlTemplate":"https:\/\/omoriwifi.com\/ja\/?s={search_term_string}"},"query-input":{"@type":"PropertyValueSpecification","valueRequired":true,"valueName":"search_term_string"}}],"inLanguage":"vi"}]}},"_links":{"self":[{"href":"https:\/\/omoriwifi.com\/vi\/wp-json\/wp\/v2\/product\/1851","targetHints":{"allow":["GET"]}}],"collection":[{"href":"https:\/\/omoriwifi.com\/vi\/wp-json\/wp\/v2\/product"}],"about":[{"href":"https:\/\/omoriwifi.com\/vi\/wp-json\/wp\/v2\/types\/product"}],"version-history":[{"count":2,"href":"https:\/\/omoriwifi.com\/vi\/wp-json\/wp\/v2\/product\/1851\/revisions"}],"predecessor-version":[{"id":2122,"href":"https:\/\/omoriwifi.com\/vi\/wp-json\/wp\/v2\/product\/1851\/revisions\/2122"}],"wp:featuredmedia":[{"embeddable":true,"href":"https:\/\/omoriwifi.com\/vi\/wp-json\/wp\/v2\/media\/1999"}],"wp:attachment":[{"href":"https:\/\/omoriwifi.com\/vi\/wp-json\/wp\/v2\/media?parent=1851"}],"wp:term":[{"taxonomy":"product_brand","embeddable":true,"href":"https:\/\/omoriwifi.com\/vi\/wp-json\/wp\/v2\/product_brand?post=1851"},{"taxonomy":"product_cat","embeddable":true,"href":"https:\/\/omoriwifi.com\/vi\/wp-json\/wp\/v2\/product_cat?post=1851"},{"taxonomy":"product_tag","embeddable":true,"href":"https:\/\/omoriwifi.com\/vi\/wp-json\/wp\/v2\/product_tag?post=1851"}],"curies":[{"name":"wp","href":"https:\/\/api.w.org\/{rel}","templated":true}]}}