{"id":1956,"date":"2025-03-27T00:34:11","date_gmt":"2025-03-27T00:34:11","guid":{"rendered":"https:\/\/ici9b6skyk.onrocket.site\/?post_type=product&#038;p=1956"},"modified":"2025-08-27T23:29:05","modified_gmt":"2025-08-27T23:29:05","slug":"cloud-5g-wifi-router","status":"publish","type":"product","link":"https:\/\/omoriwifi.com\/vi\/san-pham\/cloud-5g-wifi-router\/","title":{"rendered":"B\u1ed9 \u0111\u1ecbnh tuy\u1ebfn WiFi 5G CLOUD"},"content":{"rendered":"<p>Lu\u00f4n k\u1ebft n\u1ed1i m\u1ecdi l\u00fac, m\u1ecdi n\u01a1i v\u1edbi thi\u1ebft b\u1ecb Cloud WiFi 100GB 5G. Gi\u1ea3i ph\u00e1p internet di \u0111\u1ed9ng, t\u1ed1c \u0111\u1ed9 cao n\u00e0y ho\u00e0n h\u1ea3o cho nh\u1eefng ng\u01b0\u1eddi \u0111i du l\u1ecbch, l\u00e0m vi\u1ec7c t\u1eeb xa v\u00e0 nh\u1eefng ng\u01b0\u1eddi c\u1ea7n k\u1ebft n\u1ed1i \u0111\u00e1ng tin c\u1eady khi di chuy\u1ec3n. V\u1edbi 100GB d\u1eef li\u1ec7u c\u00f3 hi\u1ec7u l\u1ef1c trong 365 ng\u00e0y, thi\u1ebft b\u1ecb \u0111\u1ea3m b\u1ea3o d\u1ecbch v\u1ee5 kh\u00f4ng b\u1ecb gi\u00e1n \u0111o\u1ea1n.<\/p>\n<p>&nbsp;<\/p>\n<ul>\n<li><strong>Internet t\u1ed1c \u0111\u1ed9 cao \u0111\u00e1ng tin c\u1eady:<\/strong> T\u1eadn h\u01b0\u1edfng t\u1ed1c \u0111\u1ed9 t\u1ea3i xu\u1ed1ng l\u00ean t\u1edbi 150 Mbps v\u1edbi k\u1ebft n\u1ed1i li\u1ec1n m\u1ea1ch.<\/li>\n<li><strong>D\u1eef li\u1ec7u h\u00e0ng n\u0103m 100GB:<\/strong> C\u00f3 gi\u00e1 tr\u1ecb trong 365 ng\u00e0y, l\u00fd t\u01b0\u1edfng \u0111\u1ec3 s\u1eed d\u1ee5ng l\u00e2u d\u00e0i m\u00e0 kh\u00f4ng c\u1ea7n gia h\u1ea1n h\u00e0ng th\u00e1ng.<\/li>\n<li><strong>Di \u0111\u1ed9ng v\u00e0 nh\u1eb9:<\/strong> Thi\u1ebft k\u1ebf nh\u1ecf g\u1ecdn (126x68x12,1mm) ch\u1ec9 n\u1eb7ng 130g \u2013 d\u1ec5 d\u00e0ng mang theo m\u1ecdi l\u00fac m\u1ecdi n\u01a1i.<\/li>\n<li><strong>K\u1ebft n\u1ed1i t\u1ed1i \u0111a 10 thi\u1ebft b\u1ecb:<\/strong> L\u00fd t\u01b0\u1edfng \u0111\u1ec3 chia s\u1ebb Internet v\u1edbi nhi\u1ec1u thi\u1ebft b\u1ecb c\u00f9ng l\u00fac.<\/li>\n<li><strong>Tu\u1ed5i th\u1ecd pin d\u00e0i:<\/strong> Pin 3.000mAh cung c\u1ea5p th\u1eddi gian s\u1eed d\u1ee5ng li\u00ean t\u1ee5c l\u00ean \u0111\u1ebfn 17 gi\u1edd.<\/li>\n<li><strong>H\u1ed7 tr\u1ee3 t\u1ea7n s\u1ed1 to\u00e0n c\u1ea7u:<\/strong> Kh\u1ea3 n\u0103ng t\u01b0\u01a1ng th\u00edch r\u1ed9ng v\u1edbi c\u00e1c b\u0103ng t\u1ea7n LTE, WCDMA v\u00e0 GSM \u0111\u1ec3 k\u1ebft n\u1ed1i tr\u00ean kh\u1eafp c\u00e1c khu v\u1ef1c.<\/li>\n<li><strong>Giao di\u1ec7n th\u00e2n thi\u1ec7n v\u1edbi ng\u01b0\u1eddi d\u00f9ng:<\/strong> M\u00e0n h\u00ecnh 2,4 inch gi\u00fap d\u1ec5 d\u00e0ng \u0111i\u1ec1u h\u01b0\u1edbng v\u00e0 theo d\u00f5i.<\/li>\n<li><strong>C\u1ed5ng s\u1ea1c Type-C:<\/strong> S\u1ea1c nhanh v\u00e0 hi\u1ec7u qu\u1ea3 v\u1edbi k\u1ebft n\u1ed1i hi\u1ec7n \u0111\u1ea1i.<\/li>\n<li><strong>Thanh to\u00e1n m\u1ed9t l\u1ea7n:<\/strong> Kh\u00f4ng c\u00f3 h\u1ee3p \u0111\u1ed3ng h\u00e0ng th\u00e1ng \u2013 thanh to\u00e1n m\u1ed9t l\u1ea7n v\u00e0 t\u1eadn h\u01b0\u1edfng d\u1ecbch v\u1ee5 kh\u00f4ng b\u1ecb gi\u00e1n \u0111o\u1ea1n.<\/li>\n<\/ul>\n<p>&nbsp;<\/p>\n<p>T\u1eadn h\u01b0\u1edfng t\u1ed1c \u0111\u1ed9 t\u1ea3i xu\u1ed1ng cao l\u00ean t\u1edbi 150 Mbps v\u00e0 h\u1ed7 tr\u1ee3 t\u1ea7n s\u1ed1 to\u00e0n c\u1ea7u, gi\u00fap b\u1ea1n lu\u00f4n k\u1ebft n\u1ed1i tr\u00ean kh\u1eafp c\u00e1c khu v\u1ef1c.<\/p>","protected":false},"excerpt":{"rendered":"<p>Cloud WiFi 100GB 5G cung c\u1ea5p internet di \u0111\u1ed9ng, t\u1ed1c \u0111\u1ed9 cao v\u1edbi 100GB d\u1eef li\u1ec7u trong 365 ng\u00e0y. Nh\u1ecf g\u1ecdn, nh\u1eb9 v\u00e0 c\u00f3 kh\u1ea3 n\u0103ng k\u1ebft n\u1ed1i 10 thi\u1ebft b\u1ecb, \u0111\u1ea3m b\u1ea3o k\u1ebft n\u1ed1i li\u1ec1n m\u1ea1ch m\u1ecdi l\u00fac m\u1ecdi n\u01a1i.<\/p>\n<ul>\n<li><strong>G\u00f3i d\u1eef li\u1ec7u 100GB:<\/strong> C\u00f3 hi\u1ec7u l\u1ef1c trong 365 ng\u00e0y k\u1ec3 t\u1eeb l\u1ea7n s\u1eed d\u1ee5ng \u0111\u1ea7u ti\u00ean.<\/li>\n<li><strong>Thi\u1ebft k\u1ebf di \u0111\u1ed9ng:<\/strong> Nh\u1ecf g\u1ecdn, nh\u1eb9 v\u00e0 d\u1ec5 mang theo.<\/li>\n<li><strong>T\u1ed1c \u0111\u1ed9 nhanh:<\/strong> T\u1ed1c \u0111\u1ed9 t\u1ea3i xu\u1ed1ng l\u00ean t\u1edbi 150 Mbps, t\u1ed1c \u0111\u1ed9 t\u1ea3i l\u00ean l\u00ean t\u1edbi 50 Mbps.<\/li>\n<li><strong>K\u1ebft n\u1ed1i nhi\u1ec1u thi\u1ebft b\u1ecb:<\/strong> H\u1ed7 tr\u1ee3 t\u1ed1i \u0111a 10 k\u1ebft n\u1ed1i c\u00f9ng l\u00fac.<\/li>\n<li><strong>Tu\u1ed5i th\u1ecd pin d\u00e0i:<\/strong> C\u00f3 th\u1ec3 s\u1eed d\u1ee5ng t\u1edbi 17 gi\u1edd ch\u1ec9 v\u1edbi m\u1ed9t l\u1ea7n s\u1ea1c.<\/li>\n<\/ul>\n<p>&nbsp;<\/p>\n<table id=\"tablepress-18\" class=\"tablepress tablepress-id-18\">\n<thead>\n<tr class=\"row-1\">\n<th class=\"column-1\">M\u1ee5c<\/th>\n<th class=\"column-2\">Chi ph\u00ed (JPY)<\/th>\n<\/tr>\n<\/thead>\n<tbody class=\"row-striping row-hover\">\n<tr class=\"row-2\">\n<td class=\"column-1\">Ph\u00ed b\u1ed9 \u0111\u1ecbnh tuy\u1ebfn<\/td>\n<td class=\"column-2\">17,000<\/td>\n<\/tr>\n<tr class=\"row-3\">\n<td class=\"column-1\">Ph\u00ed thi\u1ebft l\u1eadp<\/td>\n<td class=\"column-2\">4,900<\/td>\n<\/tr>\n<tr class=\"row-4\">\n<td class=\"column-1\">Ph\u00ed h\u00e0ng th\u00e1ng (x13 th\u00e1ng)<\/td>\n<td class=\"column-2\">68.640 (5.280 x 13)<\/td>\n<\/tr>\n<tr class=\"row-5\">\n<td class=\"column-1\">Ti\u1ec1n g\u1eedi (2 th\u00e1ng)<\/td>\n<td class=\"column-2\">10.560 (5.280 x 2)<\/td>\n<\/tr>\n<tr class=\"row-6\">\n<td class=\"column-1\">T\u1ed5ng c\u1ed9ng<\/td>\n<td class=\"column-2\">101.100 Y\u00ean<\/td>\n<\/tr>\n<\/tbody>\n<\/table>\n<p><!-- #tablepress-18 from cache --><\/p>","protected":false},"featured_media":2041,"template":"","meta":[],"product_brand":[],"product_cat":[128],"product_tag":[162],"class_list":{"0":"post-1956","1":"product","2":"type-product","3":"status-publish","4":"has-post-thumbnail","6":"product_cat-cloud-wifi","7":"product_tag-cloud-wifi","9":"first","10":"instock","11":"taxable","12":"shipping-taxable","13":"purchasable","14":"product-type-simple"},"yoast_head":"<!-- This site is optimized with the Yoast SEO plugin v27.2 - https:\/\/yoast.com\/product\/yoast-seo-wordpress\/ -->\n<title>CLOUD 5G WiFi Router - Omori WIFI<\/title>\n<meta name=\"robots\" content=\"index, follow, max-snippet:-1, max-image-preview:large, max-video-preview:-1\" \/>\n<link rel=\"canonical\" href=\"https:\/\/omoriwifi.com\/vi\/produkt\/cloud-5g-wifi-router\/\" \/>\n<meta property=\"og:locale\" content=\"vi_VN\" \/>\n<meta property=\"og:type\" content=\"article\" \/>\n<meta property=\"og:title\" content=\"CLOUD 5G WiFi Router - Omori WIFI\" \/>\n<meta property=\"og:description\" content=\"Cloud WiFi 100GB 5G offers portable, high-speed internet with 100GB of data for 365 days. Compact, lightweight, and capable of connecting 10 devices, it ensures seamless connectivity wherever you are.   100GB Data Pack: Valid for 365 days from first use.  Portable Design: Compact, lightweight, and easy to carry.  Fast Speeds: Up to 150 Mbps download, 50 Mbps upload.  Multi-Device Connection: Supports up to 10 simultaneous connections.  Long Battery Life: Lasts up to 17 hours on a single charge.  &nbsp;\" \/>\n<meta property=\"og:url\" content=\"https:\/\/omoriwifi.com\/vi\/produkt\/cloud-5g-wifi-router\/\" \/>\n<meta property=\"og:site_name\" content=\"Omori WIFI\" \/>\n<meta property=\"article:modified_time\" content=\"2025-08-27T23:29:05+00:00\" \/>\n<meta property=\"og:image\" content=\"https:\/\/omoriwifi.com\/wp-content\/uploads\/2025\/03\/Untitled-design-30.png\" \/>\n\t<meta property=\"og:image:width\" content=\"2000\" \/>\n\t<meta property=\"og:image:height\" content=\"2000\" \/>\n\t<meta property=\"og:image:type\" content=\"image\/png\" \/>\n<meta name=\"twitter:card\" content=\"summary_large_image\" \/>\n<meta name=\"twitter:label1\" content=\"\u01af\u1edbc t\u00ednh th\u1eddi gian \u0111\u1ecdc\" \/>\n\t<meta name=\"twitter:data1\" content=\"1 ph\u00fat\" \/>\n<script type=\"application\/ld+json\" class=\"yoast-schema-graph\">{\"@context\":\"https:\/\/schema.org\",\"@graph\":[{\"@type\":\"WebPage\",\"@id\":\"https:\/\/omoriwifi.com\/de\/produkt\/cloud-5g-wifi-router\/\",\"url\":\"https:\/\/omoriwifi.com\/de\/produkt\/cloud-5g-wifi-router\/\",\"name\":\"CLOUD 5G WiFi Router - Omori WIFI\",\"isPartOf\":{\"@id\":\"https:\/\/omoriwifi.com\/ja\/#website\"},\"primaryImageOfPage\":{\"@id\":\"https:\/\/omoriwifi.com\/de\/produkt\/cloud-5g-wifi-router\/#primaryimage\"},\"image\":{\"@id\":\"https:\/\/omoriwifi.com\/de\/produkt\/cloud-5g-wifi-router\/#primaryimage\"},\"thumbnailUrl\":\"https:\/\/omoriwifi.com\/wp-content\/uploads\/2025\/03\/Untitled-design-30.png\",\"datePublished\":\"2025-03-27T00:34:11+00:00\",\"dateModified\":\"2025-08-27T23:29:05+00:00\",\"breadcrumb\":{\"@id\":\"https:\/\/omoriwifi.com\/de\/produkt\/cloud-5g-wifi-router\/#breadcrumb\"},\"inLanguage\":\"vi\",\"potentialAction\":[{\"@type\":\"ReadAction\",\"target\":[\"https:\/\/omoriwifi.com\/de\/produkt\/cloud-5g-wifi-router\/\"]}]},{\"@type\":\"ImageObject\",\"inLanguage\":\"vi\",\"@id\":\"https:\/\/omoriwifi.com\/de\/produkt\/cloud-5g-wifi-router\/#primaryimage\",\"url\":\"https:\/\/omoriwifi.com\/wp-content\/uploads\/2025\/03\/Untitled-design-30.png\",\"contentUrl\":\"https:\/\/omoriwifi.com\/wp-content\/uploads\/2025\/03\/Untitled-design-30.png\",\"width\":2000,\"height\":2000},{\"@type\":\"BreadcrumbList\",\"@id\":\"https:\/\/omoriwifi.com\/de\/produkt\/cloud-5g-wifi-router\/#breadcrumb\",\"itemListElement\":[{\"@type\":\"ListItem\",\"position\":1,\"name\":\"Home\",\"item\":\"https:\/\/omoriwifi.com\/ja\/\"},{\"@type\":\"ListItem\",\"position\":2,\"name\":\"\u5546\u54c1\",\"item\":\"https:\/\/omoriwifi.com\/ja\/shop\/\"},{\"@type\":\"ListItem\",\"position\":3,\"name\":\"CLOUD 5G WiFi Router\"}]},{\"@type\":\"WebSite\",\"@id\":\"https:\/\/omoriwifi.com\/ja\/#website\",\"url\":\"https:\/\/omoriwifi.com\/ja\/\",\"name\":\"Omori WiFi\",\"description\":\"My WordPress Blog\",\"potentialAction\":[{\"@type\":\"SearchAction\",\"target\":{\"@type\":\"EntryPoint\",\"urlTemplate\":\"https:\/\/omoriwifi.com\/ja\/?s={search_term_string}\"},\"query-input\":{\"@type\":\"PropertyValueSpecification\",\"valueRequired\":true,\"valueName\":\"search_term_string\"}}],\"inLanguage\":\"vi\"}]}<\/script>\n<!-- \/ Yoast SEO plugin. -->","yoast_head_json":{"title":"CLOUD 5G WiFi Router - Omori WIFI","robots":{"index":"index","follow":"follow","max-snippet":"max-snippet:-1","max-image-preview":"max-image-preview:large","max-video-preview":"max-video-preview:-1"},"canonical":"https:\/\/omoriwifi.com\/vi\/produkt\/cloud-5g-wifi-router\/","og_locale":"vi_VN","og_type":"article","og_title":"CLOUD 5G WiFi Router - Omori WIFI","og_description":"Cloud WiFi 100GB 5G offers portable, high-speed internet with 100GB of data for 365 days. Compact, lightweight, and capable of connecting 10 devices, it ensures seamless connectivity wherever you are.   100GB Data Pack: Valid for 365 days from first use.  Portable Design: Compact, lightweight, and easy to carry.  Fast Speeds: Up to 150 Mbps download, 50 Mbps upload.  Multi-Device Connection: Supports up to 10 simultaneous connections.  Long Battery Life: Lasts up to 17 hours on a single charge.  &nbsp;","og_url":"https:\/\/omoriwifi.com\/vi\/produkt\/cloud-5g-wifi-router\/","og_site_name":"Omori WIFI","article_modified_time":"2025-08-27T23:29:05+00:00","og_image":[{"width":2000,"height":2000,"url":"https:\/\/omoriwifi.com\/wp-content\/uploads\/2025\/03\/Untitled-design-30.png","type":"image\/png"}],"twitter_card":"summary_large_image","twitter_misc":{"\u01af\u1edbc t\u00ednh th\u1eddi gian \u0111\u1ecdc":"1 ph\u00fat"},"schema":{"@context":"https:\/\/schema.org","@graph":[{"@type":"WebPage","@id":"https:\/\/omoriwifi.com\/de\/produkt\/cloud-5g-wifi-router\/","url":"https:\/\/omoriwifi.com\/de\/produkt\/cloud-5g-wifi-router\/","name":"CLOUD 5G WiFi Router - Omori WIFI","isPartOf":{"@id":"https:\/\/omoriwifi.com\/ja\/#website"},"primaryImageOfPage":{"@id":"https:\/\/omoriwifi.com\/de\/produkt\/cloud-5g-wifi-router\/#primaryimage"},"image":{"@id":"https:\/\/omoriwifi.com\/de\/produkt\/cloud-5g-wifi-router\/#primaryimage"},"thumbnailUrl":"https:\/\/omoriwifi.com\/wp-content\/uploads\/2025\/03\/Untitled-design-30.png","datePublished":"2025-03-27T00:34:11+00:00","dateModified":"2025-08-27T23:29:05+00:00","breadcrumb":{"@id":"https:\/\/omoriwifi.com\/de\/produkt\/cloud-5g-wifi-router\/#breadcrumb"},"inLanguage":"vi","potentialAction":[{"@type":"ReadAction","target":["https:\/\/omoriwifi.com\/de\/produkt\/cloud-5g-wifi-router\/"]}]},{"@type":"ImageObject","inLanguage":"vi","@id":"https:\/\/omoriwifi.com\/de\/produkt\/cloud-5g-wifi-router\/#primaryimage","url":"https:\/\/omoriwifi.com\/wp-content\/uploads\/2025\/03\/Untitled-design-30.png","contentUrl":"https:\/\/omoriwifi.com\/wp-content\/uploads\/2025\/03\/Untitled-design-30.png","width":2000,"height":2000},{"@type":"BreadcrumbList","@id":"https:\/\/omoriwifi.com\/de\/produkt\/cloud-5g-wifi-router\/#breadcrumb","itemListElement":[{"@type":"ListItem","position":1,"name":"Home","item":"https:\/\/omoriwifi.com\/ja\/"},{"@type":"ListItem","position":2,"name":"\u5546\u54c1","item":"https:\/\/omoriwifi.com\/ja\/shop\/"},{"@type":"ListItem","position":3,"name":"CLOUD 5G WiFi Router"}]},{"@type":"WebSite","@id":"https:\/\/omoriwifi.com\/ja\/#website","url":"https:\/\/omoriwifi.com\/ja\/","name":"WiFi Omori","description":"Blog WordPress c\u1ee7a t\u00f4i","potentialAction":[{"@type":"SearchAction","target":{"@type":"EntryPoint","urlTemplate":"https:\/\/omoriwifi.com\/ja\/?s={search_term_string}"},"query-input":{"@type":"PropertyValueSpecification","valueRequired":true,"valueName":"search_term_string"}}],"inLanguage":"vi"}]}},"_links":{"self":[{"href":"https:\/\/omoriwifi.com\/vi\/wp-json\/wp\/v2\/product\/1956","targetHints":{"allow":["GET"]}}],"collection":[{"href":"https:\/\/omoriwifi.com\/vi\/wp-json\/wp\/v2\/product"}],"about":[{"href":"https:\/\/omoriwifi.com\/vi\/wp-json\/wp\/v2\/types\/product"}],"version-history":[{"count":1,"href":"https:\/\/omoriwifi.com\/vi\/wp-json\/wp\/v2\/product\/1956\/revisions"}],"predecessor-version":[{"id":2042,"href":"https:\/\/omoriwifi.com\/vi\/wp-json\/wp\/v2\/product\/1956\/revisions\/2042"}],"wp:featuredmedia":[{"embeddable":true,"href":"https:\/\/omoriwifi.com\/vi\/wp-json\/wp\/v2\/media\/2041"}],"wp:attachment":[{"href":"https:\/\/omoriwifi.com\/vi\/wp-json\/wp\/v2\/media?parent=1956"}],"wp:term":[{"taxonomy":"product_brand","embeddable":true,"href":"https:\/\/omoriwifi.com\/vi\/wp-json\/wp\/v2\/product_brand?post=1956"},{"taxonomy":"product_cat","embeddable":true,"href":"https:\/\/omoriwifi.com\/vi\/wp-json\/wp\/v2\/product_cat?post=1956"},{"taxonomy":"product_tag","embeddable":true,"href":"https:\/\/omoriwifi.com\/vi\/wp-json\/wp\/v2\/product_tag?post=1956"}],"curies":[{"name":"wp","href":"https:\/\/api.w.org\/{rel}","templated":true}]}}