{"id":24968,"date":"2025-03-28T00:40:25","date_gmt":"2025-03-28T00:40:25","guid":{"rendered":"https:\/\/peachpuff-dugong-919786.hostingersite.com\/termos-e-condicoes\/"},"modified":"2025-03-28T00:40:25","modified_gmt":"2025-03-28T00:40:25","slug":"termos-e-condicoes","status":"publish","type":"page","link":"https:\/\/omoriwifi.com\/zh\/termos-e-condicoes\/","title":{"rendered":"\u6761\u6b3e\u548c\u6761\u4ef6"},"content":{"rendered":"<p><strong>\u4ecb\u7ecd<\/strong><\/p>\n\n\n\n<p>\u8d1d\u59c6-\u6587\u591a\u5965 <strong>\u5927\u68ee\u8d85\u5e02<\/strong>\uff0c\u55ef\u6885\u5c14\u5361\u591a\u5728\u7ebf\u64cd\u4f5c\u4f69\u62c9 <strong>COMFYS \u65e5\u672c\u6709\u9650\u516c\u53f8<\/strong>.&nbsp;<\/p>\n\n\n\n<p>\u60a8\u53ef\u4ee5\u8bbf\u95ee\u6211\u4eec\u7684\u7f51\u7ad9\u548c\u6211\u4eec\u7684\u670d\u52a1\uff0c\u5e76\u540c\u610f\u5e76\u9075\u5b88\u6761\u6b3e\u548c\u6761\u4ef6\u3002 Leia \u8868\u793a\u60a8\u53ef\u4ee5\u5728 OMORI-MART \u7f51\u7ad9\u4e0a\u8d2d\u4e70 OMORI-MART \u4ea7\u54c1\u3002 <\/p>\n\n\n\n<h4 class=\"wp-block-heading\"><strong>1. Informa\u00e7\u00f5es gerais<\/strong><\/h4>\n\n\n\n<ul class=\"wp-block-list\">\n<li><strong>\u4f01\u4e1a\u540d\u79f0<\/strong>: COMFYS \u65e5\u672c\u6709\u9650\u516c\u53f8<\/li>\n\n\n\n<li><strong>Endere\u00e7o do escrit\u00f3rio<\/strong>: R Cube Aoyama, 3rd Floor, 1-3-1 Kita-Aoyama, Minato-ku, T\u00f3quio, 107-0061, Jap\u00e3o<\/li>\n\n\n\n<li><strong>\u5730\u70b9\uff1a<\/strong> https:\/\/peachpuff-dugong-919786.hostingersite.com\/<\/li>\n\n\n\n<li><strong>Descri\u00e7\u00e3o da empresa<\/strong>: Fazemos com que voc\u00ea fique conectado no Jap\u00e3o de forma simples and emplica\u00e7\u00f5es.\u91cd\u8981\u7684\u662f\uff0c\u60a8\u53ef\u4ee5\u8bbf\u95ee\u6211\u4eec\u7684\u7f51\u7ad9\u6216\u98de\u673a\uff0c\u5e76\u5728\u5f88\u957f\u4e00\u6bb5\u65f6\u95f4\u5185\uff0c\u4f7f\u7528 SIM \u5361\u548c\u89e3\u51b3\u65b9\u6848\u6765\u89e3\u51b3\u56fd\u5185 Wi-Fi \u5b89\u5168\u95ee\u9898\uff0c\u5e76\u4ee5\u6700\u5feb\u7684\u901f\u5ea6\u8fdb\u884c\u7f51\u7edc\u8fde\u63a5\u3002\u8fd9\u4e9b\u95ee\u9898\u5f88\u590d\u6742\uff0c\u9700\u8981\u9a8c\u8bc1\u4fe1\u7528\u8bc1 \u2013 \u5b8c\u7f8e\u8fde\u63a5\u3002\u6211\u4eec\u5e0c\u671b\u4e3a\u60a8\u7684\u79fb\u52a8\u3001Wi-Fi \u63a5\u5165\u548c\u7ecf\u6d4e\u670d\u52a1\u63d0\u4f9b\u5e2e\u52a9\u3002\u7075\u6d3b\u7684\u8ba1\u5212\u3001\u514d\u8d39\u7684\u670d\u52a1\u548c\u9000\u4f11\u7684\u9009\u62e9\uff0c\u4f18\u5148\u8003\u8651\u5728\u65e5\u672c\u7684\u8282\u594f\u4e2d\u96c6\u4e2d\u6ce8\u610f\u529b\u7684\u4fbf\u5229\u3002   <\/li>\n<\/ul>\n\n\n\n<h4 class=\"wp-block-heading\"><strong>2. Elegibilidade para uso<\/strong><\/h4>\n\n\n\n<p>\u8bf7\u4f7f\u7528 SIM-OMORI-MART\uff0c\u786e\u8ba4\u6211\u7684\u4fe1\u606f<\/p>\n\n\n\n<h4 class=\"wp-block-heading\"><strong>3. Pedidos e pagamentos<\/strong><\/h4>\n\n\n\n<p>3.1 <strong>\u513f\u79d1\u5904\u7406<\/strong>:<\/p>\n\n\n\n<ul class=\"wp-block-list\">\n<li>SIM-OMORI-MART \u7684\u6240\u6709\u8db3\u90e8\u62a4\u7406\u5747\u7531 COMFYS JAPAN LLC \u63d0\u4f9b\u3002 Assim que seu pedido for recebido, \u73af\u5883 uma \u786e\u8ba4 pedido por por \u6216 e-mail.\u5207\u52ff\u968f\u610f\u3001\u4fdd\u7559\u6216\u76f4\u63a5\u53d6\u6d88\u6216\u9650\u5236\u4ea7\u54c1\u7684\u8bbe\u8ba1\u3001\u9519\u8bef\u6216\u8d85\u51fa\u52a8\u673a\u7684\u6807\u51c6\u3002  <\/li>\n<\/ul>\n\n\n\n<p>3.2 <strong>M\u00e9todos de pagamento<\/strong>:<\/p>\n\n\n\n<ul class=\"wp-block-list\">\n<li>Aceitamos os Principais car\u00f5es de cr\u00e9dito, Transfer\u00eancias banc\u00e1rias e outras de pagamento, conte listado em nosso site.\u65e5\u8bed (JPY) \u7684\u5f85\u529e\u4e8b\u9879\u5217\u8868\u5305\u62ec\u5192\u5145\u5e94\u7528\u7684\u5f85\u529e\u4e8b\u9879\u3001\u76f8\u53cd\u7684\u6307\u793a\u3002 <\/li>\n<\/ul>\n\n\n\n<p>3.3 <strong>Reembolsos e cancellations<\/strong>:<\/p>\n\n\n\n<ul class=\"wp-block-list\">\n<li>\u5411\u5ba2\u6237\u5f81\u6c42\u610f\u89c1\u6216\u53d6\u6d88\u73af\u5883\u524d\u7684\u604b\u7ae5\u6d3b\u52a8\u3002\u83b7\u5f97 enviado \u7684\u4ea7\u54c1\uff0c\u6216\u53d6\u6d88\u8bb8\u53ef\u3002\u5982\u679c\u4ea7\u54c1\u51fa\u73b0\u7f3a\u9677\u6216\u9519\u8bef\uff0c\u8bf7\u68c0\u67e5\u5e76\u68c0\u67e5\u3002\u5bf9\u4e8e\u8db3\u90e8\u62a4\u7406\uff0c\u6211\u4eec\u5c06\u5728 7 \u5929\u5185\u4e3a\u5ba2\u6237\u63d0\u4f9b\u652f\u6301\u8bbe\u5907\uff0c\u5e76\u4e3a\u8db3\u90e8\u62a4\u7406\u63d0\u4f9b\u652f\u6301\u3002   <\/li>\n<\/ul>\n\n\n\n<h4 class=\"wp-block-heading\"><strong>4. \u4ea7\u54c1\u7684\u8d23\u4efb\u548c\u4f18\u60e0<\/strong><\/h4>\n\n\n\n<p>4.1 <strong>\u53ef\u7528\u6027<\/strong>:<\/p>\n\n\n\n<ul class=\"wp-block-list\">\n<li>N\u00f3s nos esfor\u00e7amos para manter n\u00edveis precisos de estoque em nosso \u7f51\u7ad9\u3002\u4e0d\uff0c\u65e0\u8bba\u662f\u4efb\u4f55\u9700\u8981\u7684\u6216\u989d\u5916\u7684\u6ce2\u52a8\uff0c\u90fd\u4e0d\u80fd\u5b9e\u73b0\u6240\u9700\u7684\u6548\u679c\u3002\u8bf7\u6ce8\u610f\uff0c\u8bf7\u901a\u77e5\u6211\u4eec\u4ea7\u54c1\u66ff\u4ee3\u54c1\u6216\u52a0\u5de5\u8fc7\u7a0b\u3002  <\/li>\n<\/ul>\n\n\n\n<p>4.2 <strong>\u7cbe\u786e<\/strong>:<\/p>\n\n\n\n<ul class=\"wp-block-list\">\n<li>\u8fd9\u4e9b\u4ea7\u54c1\u7684\u4f18\u70b9\u662f\u53ef\u4ee5\u66f4\u6539\u7684\u3002\u8bf7\u6ce8\u610f\u5728\u672c\u7f51\u7ad9\u4e0a\u8fdb\u884c\u7684\u6240\u6709\u64cd\u4f5c\uff0c\u5426\u5219\u53ef\u80fd\u4f1a\u51fa\u73b0\u9519\u8bef\u3002\u5982\u679c\u51fa\u73b0\u4efb\u4f55\u9519\u8bef\uff0c\u8bf7\u4fdd\u7559\u6216\u76f4\u63a5\u53d6\u6d88\u6216\u901a\u77e5\u5ba2\u6237\u8db3\u591f\u7684\u4fe1\u606f\u3002  <\/li>\n<\/ul>\n\n\n\n<h4 class=\"wp-block-heading\"><strong>5. Envio e entrega<\/strong><\/h4>\n\n\n\n<p>5.1 <strong>\u00c1rea de entrega<\/strong>:<\/p>\n\n\n\n<ul class=\"wp-block-list\">\n<li>Atualmente\uff0cSIM-OMORI-MART \u662f\u65e5\u672c\u7684\u4e00\u4e2a\u89e3\u51b3\u65b9\u6848\u3002 N\u00e3o fazemos envios internacionais\u3002 <\/li>\n<\/ul>\n\n\n\n<p>5.2 <strong>\u96f7\u6885\u8428\u7a0e<\/strong>:<\/p>\n\n\n\n<ul class=\"wp-block-list\">\n<li>\u4f5c\u4e3a\u5206\u7c7b\u5b66\u7684\u5206\u7c7b\uff0cremessa variam de acordo com o tamanho eo peso do seu pedido\u3002\u4fdd\u5b58\u5e94\u7528\u7a0b\u5e8f\u7684\u6240\u6709\u81ea\u5b9a\u4e49\u5185\u5bb9\u90fd\u5c06\u5728\u6700\u7ec8\u7248\u672c\u4e2d\u5b8c\u6210\u3002 O frete gr\u00e1tis pode estar dispon\u00edvel para pedidos em grandes quantidades, dependento do Total do pedido.  <\/li>\n<\/ul>\n\n\n\n<p>5.3 <strong>Prazo de entrega<\/strong>:<\/p>\n\n\n\n<ul class=\"wp-block-list\">\n<li>\u6b63\u5e38\u60c5\u51b5\u4e0b\uff0c\u8db3\u90e8\u7684\u5904\u7406\u8fc7\u7a0b\u662f 2 \u81f3 3 \u65e5\u3002\u60a8\u53ef\u4ee5\u901a\u8fc7\u672c\u5730\u5316\u548c\u73af\u5883\u9009\u62e9\u7684\u65b9\u6cd5\u6765\u66f4\u6539\u534f\u594f\u66f2\u7684\u5927\u5c0f\u3002 OMORI-MART \u4e0d\u4f1a\u5bf9\u5916\u90e8\u539f\u56e0\u3001\u6c14\u5019\u6761\u4ef6\u3001\u4ea4\u901a\u95ee\u9898\u6216\u4ea4\u901a\u95ee\u9898\u505a\u51fa\u53cd\u5e94\u3002  <\/li>\n<\/ul>\n\n\n\n<h4 class=\"wp-block-heading\"><strong>6. \u6743\u529b\u4e0b\u653e\u548c\u6539\u9769\u7684\u653f\u6cbb<\/strong><\/h4>\n\n\n\n<p>6.1 <strong>\u6743\u529b\u7684\u5408\u6cd5\u6027<\/strong>:<\/p>\n\n\n\n<ul class=\"wp-block-list\">\n<li>\u5176\u4ea7\u54c1\u662f\u4e39\u9ea6\u5236\u9020\u7684\uff0c\u6216\u8005\u662f\u7531\u5f00\u53d1\u8005\u63d0\u4f9b\u7684\u3002\u5ba2\u6237\u5c06\u5728 7 \u5929\u5185\u6536\u5230\u901a\u77e5\u5e76\u6536\u5230\u901a\u77e5\u3002 Itens perec\u00edveis, \u5305\u62ec\u8089\u5236\u54c1\uff0c\u5728 24 \u5c0f\u65f6\u5185\u63d0\u4f9b\u4fe1\u606f\u3002  <\/li>\n<\/ul>\n\n\n\n<p>6.2 <strong>\u4e00\u5207\u90fd\u5df2\u4e0d\u518d\u9700\u8981<\/strong>:<\/p>\n\n\n\n<ul class=\"wp-block-list\">\n<li>\u5fc5\u987b\u5c06\u9152\u7cbe\u548c\u4ea7\u54c1\u4ecb\u7ecd\uff08como carne\uff09\u4e0e devolvidos \u4e00\u8d77\u4f7f\u7528\uff0c\u8fd9\u662f\u4e00\u4e2a\u53ef\u80fd\u4f1a\u5bfc\u81f4\u9519\u8bef\u7684\u9519\u8bef\u3002<\/li>\n<\/ul>\n\n\n\n<p>6.3 <strong>\u96f7\u59c6\u535a\u7d22\u8fc7\u7a0b<\/strong>:<\/p>\n\n\n\n<ul class=\"wp-block-list\">\n<li>\u4e3a\u4e86\u786e\u8ba4\u5f00\u53d1\u7684\u5408\u6cd5\u6027\uff0c\u8bf7\u6309\u7167\u539f\u59cb\u65b9\u6cd5\u6267\u884c\u76f8\u5173\u8fc7\u7a0b\u3002 10 \u5e74\u6765\uff0c\u8fd9\u4e00\u5207\u90fd\u53d6\u51b3\u4e8e\u91d1\u878d\u673a\u6784\u3002 <\/li>\n<\/ul>\n\n\n\n<h4 class=\"wp-block-heading\"><strong>7. Pol\u00edtica de privacidade<\/strong><\/h4>\n\n\n\n<p>\u4fdd\u62a4\u60a8\u7684\u4fe1\u606f\u7684\u6761\u6b3e\u548c\u534f\u8bae\u3002\u6240\u6709 OMORI-MART \u5ba2\u6237\u7684\u6240\u6709\u4e8b\u5b9c\u5747\u4e0e\u9690\u79c1\u653f\u7b56\u6709\u5173\u3002\u5982\u679c\u60a8\u5df2\u540c\u610f\u6216\u540c\u610f\uff0c\u8bf7\u63d0\u4f9b\u4ee5\u4e0b\u4e09\u9879\u4fe1\u606f\u3002  <\/p>\n\n\n\n<h4 class=\"wp-block-heading\"><strong>8. \u8d23\u4efb\u9650\u5236<\/strong><\/h4>\n\n\n\n<p>COMFYS JAPAN LLC \u4e0d\u8d1f\u8d23\u5728 OMORI-MART \u4e0a\u4f7f\u7528 OMORI-MART \u6216\u5728\u672c\u7f51\u7ad9\u9500\u552e\u4ea7\u54c1\u65f6\u53d1\u751f\u7684\u610f\u5916\u4e8b\u4ef6\u6216\u540e\u679c\u3002\u6211\u4eec\u5bf9\u6709\u5173\u95ee\u9898\u7684\u4ea7\u54c1\u7684\u6700\u5927\u8d23\u4efb\u662f\u6709\u9650\u7684\u3002 <\/p>\n\n\n\n<h4 class=\"wp-block-heading\"><strong>9. Legisla\u00e7\u00e3o aplic\u00e1vel<\/strong><\/h4>\n\n\n\n<p>\u65e5\u672c\u89c4\u5b9a\u7684\u6761\u6b3e\u548c\u6761\u4ef6\u3002 SIM-OMORI-MART \u7684\u4f7f\u7528\u4e89\u8bae\u4e0e\u65e5\u672c\u6258\u57fa\u5965\u6cd5\u5ead\u7684\u72ec\u5bb6\u53f8\u6cd5\u7ba1\u8f96\u6743\u6709\u5173\u3002 <\/p>\n\n\n\n<h4 class=\"wp-block-heading\"><strong>10. \u5176\u4ed6\u6761\u6b3e\u548c\u6761\u4ef6<\/strong><\/h4>\n\n\n\n<p>COMFYS JAPAN LLC \u4fdd\u7559\u6216\u4fee\u6539\u6761\u6b3e\u548c\u6761\u4ef6\uff0c\u8fd9\u662f\u4e00\u4e2a\u66f4\u7f8e\u597d\u7684\u65f6\u523b\u3002\u4f5c\u4e3a OMORI-MART \u7f51\u7ad9\u4e0a\u7684\u516c\u5171\u670d\u52a1\u53d8\u66f4\uff0c\u6211\u4eec\u5c06\u7ee7\u7eed\u63d0\u4f9b\u6709\u5173\u53d8\u66f4\u7684\u670d\u52a1\uff0c\u4ee5\u4fbf\u60a8\u53ef\u4ee5\u91cd\u65b0\u4fee\u6539\u672f\u8bed\u3002 <\/p>\n\n\n\n<p>Em caso de vidas ou preocupa\u00e7\u00f5es com rela\u00e7\u00e3o a estes Termos e Condi\u00e7\u00f5es, entre em contato com nossa Equipmente de atendimento ao cliente pelo <strong>\u7535\u5b50\u90ae\u4ef6 support@omorimart.com\u3002<\/strong><\/p>\n\n\n\n<p>\u4f7f\u7528 OMORI-MART \u65f6\uff0c\u8bf7\u6ce8\u610f\u5e76\u9075\u5b88\u6761\u6b3e\u548c\u6761\u4ef6\u3002<\/p>","protected":false},"excerpt":{"rendered":"<p>Introdu\u00e7\u00e3o Bem-vindo ao OMORI-MART, um mercado on-line operado pela COMFYS JAPAN LLC.&nbsp; Ao acessar ou usar nosso site e nossos servi\u00e7os, voc\u00ea concorda em cumprir e estar vinculado aos seguintes<\/p>","protected":false},"author":2,"featured_media":0,"parent":0,"menu_order":0,"comment_status":"closed","ping_status":"closed","template":"","meta":{"footnotes":""},"class_list":["post-24968","page","type-page","status-publish","hentry"],"yoast_head":"<!-- This site is optimized with the Yoast SEO plugin v27.2 - https:\/\/yoast.com\/product\/yoast-seo-wordpress\/ -->\n<title>Termos e condi\u00e7\u00f5es - Omori WIFI<\/title>\n<meta name=\"robots\" content=\"index, follow, max-snippet:-1, max-image-preview:large, max-video-preview:-1\" \/>\n<link rel=\"canonical\" href=\"https:\/\/omoriwifi.com\/zh\/termos-e-condicoes\/\" \/>\n<meta property=\"og:locale\" content=\"zh_CN\" \/>\n<meta property=\"og:type\" content=\"article\" \/>\n<meta property=\"og:title\" content=\"Termos e condi\u00e7\u00f5es - Omori WIFI\" \/>\n<meta property=\"og:description\" content=\"Introdu\u00e7\u00e3o Bem-vindo ao OMORI-MART, um mercado on-line operado pela COMFYS JAPAN LLC.&nbsp; Ao acessar ou usar nosso site e nossos servi\u00e7os, voc\u00ea concorda em cumprir e estar vinculado aos seguintes\" \/>\n<meta property=\"og:url\" content=\"https:\/\/omoriwifi.com\/zh\/termos-e-condicoes\/\" \/>\n<meta property=\"og:site_name\" content=\"Omori WIFI\" \/>\n<meta name=\"twitter:card\" content=\"summary_large_image\" \/>\n<meta name=\"twitter:label1\" content=\"\u9884\u8ba1\u9605\u8bfb\u65f6\u95f4\" \/>\n\t<meta name=\"twitter:data1\" content=\"5 \u5206\" \/>\n<script type=\"application\/ld+json\" class=\"yoast-schema-graph\">{\"@context\":\"https:\/\/schema.org\",\"@graph\":[{\"@type\":\"WebPage\",\"@id\":\"https:\/\/omoriwifi.com\/uk\/termos-e-condicoes\/\",\"url\":\"https:\/\/omoriwifi.com\/uk\/termos-e-condicoes\/\",\"name\":\"Termos e condi\u00e7\u00f5es - Omori WIFI\",\"isPartOf\":{\"@id\":\"https:\/\/omoriwifi.com\/ja\/#website\"},\"datePublished\":\"2025-03-28T00:40:25+00:00\",\"breadcrumb\":{\"@id\":\"https:\/\/omoriwifi.com\/uk\/termos-e-condicoes\/#breadcrumb\"},\"inLanguage\":\"zh-Hans\",\"potentialAction\":[{\"@type\":\"ReadAction\",\"target\":[\"https:\/\/omoriwifi.com\/uk\/termos-e-condicoes\/\"]}]},{\"@type\":\"BreadcrumbList\",\"@id\":\"https:\/\/omoriwifi.com\/uk\/termos-e-condicoes\/#breadcrumb\",\"itemListElement\":[{\"@type\":\"ListItem\",\"position\":1,\"name\":\"Home\",\"item\":\"https:\/\/omoriwifi.com\/ja\/\"},{\"@type\":\"ListItem\",\"position\":2,\"name\":\"Termos e condi\u00e7\u00f5es\"}]},{\"@type\":\"WebSite\",\"@id\":\"https:\/\/omoriwifi.com\/ja\/#website\",\"url\":\"https:\/\/omoriwifi.com\/ja\/\",\"name\":\"Omori WiFi\",\"description\":\"My WordPress Blog\",\"potentialAction\":[{\"@type\":\"SearchAction\",\"target\":{\"@type\":\"EntryPoint\",\"urlTemplate\":\"https:\/\/omoriwifi.com\/ja\/?s={search_term_string}\"},\"query-input\":{\"@type\":\"PropertyValueSpecification\",\"valueRequired\":true,\"valueName\":\"search_term_string\"}}],\"inLanguage\":\"zh-Hans\"}]}<\/script>\n<!-- \/ Yoast SEO plugin. -->","yoast_head_json":{"title":"Termos e condi\u00e7\u00f5es - Omori WIFI","robots":{"index":"index","follow":"follow","max-snippet":"max-snippet:-1","max-image-preview":"max-image-preview:large","max-video-preview":"max-video-preview:-1"},"canonical":"https:\/\/omoriwifi.com\/zh\/termos-e-condicoes\/","og_locale":"zh_CN","og_type":"article","og_title":"Termos e condi\u00e7\u00f5es - Omori WIFI","og_description":"Introdu\u00e7\u00e3o Bem-vindo ao OMORI-MART, um mercado on-line operado pela COMFYS JAPAN LLC.&nbsp; Ao acessar ou usar nosso site e nossos servi\u00e7os, voc\u00ea concorda em cumprir e estar vinculado aos seguintes","og_url":"https:\/\/omoriwifi.com\/zh\/termos-e-condicoes\/","og_site_name":"Omori WIFI","twitter_card":"summary_large_image","twitter_misc":{"\u9884\u8ba1\u9605\u8bfb\u65f6\u95f4":"5 \u5206"},"schema":{"@context":"https:\/\/schema.org","@graph":[{"@type":"WebPage","@id":"https:\/\/omoriwifi.com\/uk\/termos-e-condicoes\/","url":"https:\/\/omoriwifi.com\/uk\/termos-e-condicoes\/","name":"Termos e condi\u00e7\u00f5es - Omori WIFI","isPartOf":{"@id":"https:\/\/omoriwifi.com\/ja\/#website"},"datePublished":"2025-03-28T00:40:25+00:00","breadcrumb":{"@id":"https:\/\/omoriwifi.com\/uk\/termos-e-condicoes\/#breadcrumb"},"inLanguage":"zh-Hans","potentialAction":[{"@type":"ReadAction","target":["https:\/\/omoriwifi.com\/uk\/termos-e-condicoes\/"]}]},{"@type":"BreadcrumbList","@id":"https:\/\/omoriwifi.com\/uk\/termos-e-condicoes\/#breadcrumb","itemListElement":[{"@type":"ListItem","position":1,"name":"Home","item":"https:\/\/omoriwifi.com\/ja\/"},{"@type":"ListItem","position":2,"name":"Termos e condi\u00e7\u00f5es"}]},{"@type":"WebSite","@id":"https:\/\/omoriwifi.com\/ja\/#website","url":"https:\/\/omoriwifi.com\/ja\/","name":"\u5927\u68ee WiFi","description":"\u6211\u7684 WordPress \u535a\u5ba2","potentialAction":[{"@type":"SearchAction","target":{"@type":"EntryPoint","urlTemplate":"https:\/\/omoriwifi.com\/ja\/?s={search_term_string}"},"query-input":{"@type":"PropertyValueSpecification","valueRequired":true,"valueName":"search_term_string"}}],"inLanguage":"zh-Hans"}]}},"_links":{"self":[{"href":"https:\/\/omoriwifi.com\/zh\/wp-json\/wp\/v2\/pages\/24968","targetHints":{"allow":["GET"]}}],"collection":[{"href":"https:\/\/omoriwifi.com\/zh\/wp-json\/wp\/v2\/pages"}],"about":[{"href":"https:\/\/omoriwifi.com\/zh\/wp-json\/wp\/v2\/types\/page"}],"author":[{"embeddable":true,"href":"https:\/\/omoriwifi.com\/zh\/wp-json\/wp\/v2\/users\/2"}],"replies":[{"embeddable":true,"href":"https:\/\/omoriwifi.com\/zh\/wp-json\/wp\/v2\/comments?post=24968"}],"version-history":[{"count":0,"href":"https:\/\/omoriwifi.com\/zh\/wp-json\/wp\/v2\/pages\/24968\/revisions"}],"wp:attachment":[{"href":"https:\/\/omoriwifi.com\/zh\/wp-json\/wp\/v2\/media?parent=24968"}],"curies":[{"name":"\u53ef\u6e7f\u6027\u7c89\u5242","href":"https:\/\/api.w.org\/{rel}","templated":true}]}}