{"id":24984,"date":"2025-03-25T17:10:57","date_gmt":"2025-03-25T17:10:57","guid":{"rendered":"https:\/\/peachpuff-dugong-919786.hostingersite.com\/politica-de-privacidade\/"},"modified":"2025-03-25T17:10:57","modified_gmt":"2025-03-25T17:10:57","slug":"politica-de-privacidade","status":"publish","type":"page","link":"https:\/\/omoriwifi.com\/zh\/politica-de-privacidade\/","title":{"rendered":"Pol\u00edtica de privacidade"},"content":{"rendered":"<h3 class=\"wp-block-heading\"><strong>Data de vig\u00eancia<\/strong>: 2025\u5e744\u670820\u65e5<\/h3>\n\n\n\n<p>\u4e0d<strong> \u65b0\u5927\u68ee\u8d85\u5e02<\/strong>\uff0c\u64cd\u4f5c\u8005&nbsp;<strong>COMFYS \u65e5\u672c\u6709\u9650\u516c\u53f8<\/strong>\u3001\u4fdd\u62a4\u9690\u79c1\u548c\u4fdd\u8bc1\u4fe1\u606f\u5b89\u5168\u7684\u59a5\u534f\u3002 Esta Pol\u00edtica de Privacidade \u63cf\u8ff0\u4e86\u6709\u5173\u9690\u79c1\u3001\u9690\u79c1\u3001\u9690\u79c1\u548c\u4fdd\u62a4\u7684\u4fe1\u606f\uff0c\u6240\u6709\u8fd9\u4e9b\u4fe1\u606f\u90fd\u53ef\u4ee5\u8bbf\u95ee\u6216\u8d2d\u4e70\u6211\u4eec\u7684\u7f51\u7ad9\u3002\u6211\u4eec\u7684\u7f51\u7ad9\u548c\u670d\u52a1\u5747\u4e0e\u9690\u79c1\u653f\u7b56\u76f8\u5173\u7684\u5b9e\u7528\u8bf4\u660e\u4e00\u81f4\u3002  <\/p>\n\n\n\n<h4 class=\"wp-block-heading\">&nbsp;<\/h4>\n\n\n\n<h4 class=\"wp-block-heading\"><strong>1. Coletamos \u4fe1\u606f<\/strong><\/h4>\n\n\n\n<p>\u6709\u5173 OMORI-MART \u670d\u52a1\u548c\u7f8e\u597d\u4f53\u9a8c\u7684\u4fe1\u606f\u3002\u76f8\u5173\u4fe1\u606f\u7684\u63d0\u793a\u5305\u62ec\uff1a <\/p>\n\n\n\n<p>1.1 <strong>Informa\u00e7\u00f5es pessoais<\/strong>:<\/p>\n\n\n\n<ul class=\"wp-block-list\">\n<li>\u8bfa\u59c6<\/li>\n\n\n\n<li>\u6069\u5fb7\u96f7\u7d22<\/li>\n\n\n\n<li>\u7535\u5b50\u90ae\u4ef6<\/li>\n\n\n\n<li>\u7535\u8bdd\u53f7\u7801<\/li>\n\n\n\n<li>Informa\u00e7\u00f5es de pagamento\uff08detalhes de cart\u00e3o de cr\u00e9dito\u3001detalhes de Transfer\u00eancia banc\u00e1ria \u7b49\uff09<\/li>\n\n\n\n<li>Data de nascimento\uff08para verificar a idade legal para beber\uff09<\/li>\n<\/ul>\n\n\n\n<p>1.2 <strong>Informa\u00e7\u00f5es n\u00e3o pessoais<\/strong>:<\/p>\n\n\n\n<ul class=\"wp-block-list\">\n<li>\u5bfc\u822a\u5458\u7c7b\u578b<\/li>\n\n\n\n<li>\u76f8\u5173\u4fe1\u606f<\/li>\n\n\n\n<li>\u77e5\u8bc6\u4ea7\u6743\u5c40<\/li>\n\n\n\n<li>Dados de uso do site\uff08\u9875\u9762\u8bbf\u95ee\u3001\u8282\u594f\u65e0\u7f51\u7ad9\u7b49\uff09<\/li>\n<\/ul>\n\n\n\n<h4 class=\"wp-block-heading\"><strong>2. Como usamos suas informa\u00e7\u00f5es<\/strong><\/h4>\n\n\n\n<p>Usamos as informa\u00e7\u00f5es que coletamos de voc\u00ea para as seguintes Finalidades:<\/p>\n\n\n\n<p>2.1 <strong>Processamento de pedidos<\/strong>:<\/p>\n\n\n\n<ul class=\"wp-block-list\">\n<li>\u8db3\u90e8\u8fc7\u7a0b\u548c\u7ed3\u8bba\uff0c\u5305\u62ec\u6cbb\u7597\u548c\u62a4\u7406\u8fc7\u7a0b\u3002<\/li>\n\n\n\n<li>\u901a\u8fc7\u7535\u5b50\u90ae\u4ef6\u6216\u7535\u8bdd\u786e\u8ba4\u8db3\u90e8\u3001\u8bb0\u5f55\u548c\u4fe1\u606f\u3002<\/li>\n<\/ul>\n\n\n\n<p>2.2 <strong>\u5ba2\u6237\u670d\u52a1<\/strong>:<\/p>\n\n\n\n<ul class=\"wp-block-list\">\n<li>\u54cd\u5e94\u8005\u5c06\u5bf9\u6b64\u8fdb\u884c\u54a8\u8be2\u3001\u8bf7\u6c42\u6216\u56de\u6536\u3002<\/li>\n\n\n\n<li>\u8bf7\u901a\u77e5\u60a8\u5177\u4f53\u60c5\u51b5\u6216\u66f4\u6539\u60c5\u51b5\u3002<\/li>\n<\/ul>\n\n\n\n<p>2.3 <strong>\u4e2a\u6027\u5316<\/strong>:<\/p>\n\n\n\n<ul class=\"wp-block-list\">\n<li>\u4e3a\u4e86\u63d0\u4f9b\u4e2a\u6027\u5316\u7684\u8d2d\u7269\u4f53\u9a8c\uff0c\u63a8\u8350\u57fa\u4e8e\u5386\u53f2\u5bfc\u822a\u548c\u6bd4\u8f83\u7684\u4ea7\u54c1\u3002<\/li>\n\n\n\n<li>Para melhorar \u529f\u80fd do nosso \u7ad9\u70b9\u548c usu\u00e1rio \u7ecf\u9a8c\u3002<\/li>\n<\/ul>\n\n\n\n<p>2.4 <strong>\u8425\u9500\u548c\u4fc3\u9500<\/strong>:<\/p>\n\n\n\n<ul class=\"wp-block-list\">\n<li>\u6211\u4eec\u81f4\u529b\u4e8e\u63d0\u4f9b OMORI-MART \u7684\u4fc3\u9500\u3001\u4ea7\u54c1\u548c\u670d\u52a1\uff08somente se voc\u00ea optar por receber comunica\u00e7\u00f5es de marketing\uff09\u3002<\/li>\n\n\n\n<li>\u5728\u6b64\uff0c\u6211\u4eec\u5c06\u8be6\u7ec6\u4ecb\u7ecd\u6709\u5173\u9152\u7cbe\u548c\u8089\u5236\u54c1\u7684\u5177\u4f53\u60c5\u51b5\u3002<\/li>\n<\/ul>\n\n\n\n<p>2.5 <strong>Conformidade com as leis<\/strong>:<\/p>\n\n\n\n<ul class=\"wp-block-list\">\n<li>\u4e3a\u4e86\u6ee1\u8db3\u6cd5\u5f8b\u8981\u6c42\uff0c\u8bf7\u9a8c\u8bc1\u6709\u5173\u9152\u7cbe\u996e\u6599\u7684\u6cd5\u5f8b\u4fe1\u606f\u3002<\/li>\n<\/ul>\n\n\n\n<h4 class=\"wp-block-heading\">&nbsp;<\/h4>\n\n\n\n<h4 class=\"wp-block-heading\"><strong>3. \u4fe1\u606f\u6bd4\u8f83<\/strong><\/h4>\n\n\n\n<p>\u8bf7\u6ce8\u610f\u9690\u79c1\u548c\u975e\u5356\u65b9\u3001\u5176\u4ed6\u6216\u5176\u4ed6\u65b9\u9762\u7684\u4fe1\u606f\u3002 Entretanto\uff0cpodemos compartilhar suas informa\u00e7\u00f5es com\uff1a <\/p>\n\n\n\n<p>3.1 <strong>Provedores de servi\u00e7os<\/strong>:<\/p>\n\n\n\n<ul class=\"wp-block-list\">\n<li>Empresas terceirizadas que auxiliam no processamento de pagamentos, envio and atendimento depedidos.<\/li>\n\n\n\n<li>\u5236\u9020\u5546\u670d\u52a1\u3001\u5206\u6790\u548c\u7f51\u7ad9\u8425\u9500\u3002<\/li>\n<\/ul>\n\n\n\n<p>3.2 <strong>\u6cd5\u5f8b\u5408\u89c4<\/strong>:<\/p>\n\n\n\n<ul class=\"wp-block-list\">\n<li>\u8bf7\u6ce8\u610f\uff0c\u6cc4\u9732\u4fe1\u606f\u662f\u653f\u5e9c\u7684\u4e00\u9879\u81ea\u52a8\u884c\u52a8\u6216\u9488\u5bf9\u6cd5\u5f8b\u3001\u907f\u514d\u6b3a\u8bc8\u6216 OMORI-MART \u548c\u5ba2\u6237\u7684\u4fdd\u62a4\u63aa\u65bd\u7684\u4e09\u9879\u63aa\u65bd\u3002<\/li>\n<\/ul>\n\n\n\n<h4 class=\"wp-block-heading\">&nbsp;<\/h4>\n\n\n\n<h4 class=\"wp-block-heading\"><strong>4. Seguran\u00e7a de dados<\/strong><\/h4>\n\n\n\n<p>\u4fdd\u62a4\u60a8\u7684\u4fe1\u606f\u7684\u6761\u6b3e\u548c\u534f\u8bae\u3002\u4f7f\u7528\u5bc6\u7801\u534f\u8bae\u548c\u5bc6\u7801\u4fdd\u62a4\u7f51\u5173\u6765\u4fdd\u62a4\u5bc6\u7801\u4fe1\u606f\u3002\u65e0\u9700\u4f7f\u7528 100% \u5b89\u5168\u4f20\u8f93\u4e92\u8054\u7f51\u6216\u7535\u5b50\u8bbe\u5907\u7684\u65b9\u6cd5\u3002\u8bf7\u6ce8\u610f\u4fdd\u62a4\u60a8\u7684\u4fe1\u606f\uff0c\u786e\u4fdd\u7edd\u5bf9\u5b89\u5168\u3002   <\/p>\n\n\n\n<h4 class=\"wp-block-heading\">&nbsp;<\/h4>\n\n\n\n<h4 class=\"wp-block-heading\"><strong>5. Cookies \u548c rastreamento \u6280\u672f<\/strong><\/h4>\n\n\n\n<p>OMORI-MART \u4f7f\u7528\u997c\u5e72\u548c\u6280\u672f\u6765\u63d0\u4f9b\u521d\u6b65\u7684\u5bfc\u822a\u4f53\u9a8c\u3002 Cookies \u4e0d\u662f\u60a8\u6240\u504f\u597d\u7684\uff0c\u53ef\u4ee5\u7528\u4e8e\u7f51\u7ad9\u548c\u4e2a\u6027\u5316\u4f53\u9a8c\u3002 <\/p>\n\n\n\n<p>5.1 <strong>Tipos de cookies que usamos<\/strong>:<\/p>\n\n\n\n<ul class=\"wp-block-list\">\n<li><strong>Cookies \u5fc5\u9700\u54c1<\/strong>\uff1a\u5fc5\u987b\u5728\u8be5\u5730\u70b9\u8fdb\u884c\u64cd\u4f5c\u5e76\u5141\u8bb8\u5b8c\u6210\u4ea4\u6613\u3002<\/li>\n\n\n\n<li><strong>\u5206\u6790\u578b Cookie<\/strong>\uff1aUsados para coletar bados sobre como os usu\u00e1rios interagem com o site\uff08\u4f8b\u5982\uff0c\u9875\u9762\u8bbf\u95ee\uff0c\u8282\u594f\uff09\u3002<\/li>\n\n\n\n<li><strong>\u8425\u9500 Cookie<\/strong>\uff1a\u7528\u4e8e\u4e2a\u6027\u5316\u5ba3\u4f20\u548c\u6301\u7eed\u4fc3\u9500\u3002<\/li>\n<\/ul>\n\n\n\n<p>\u60a8\u53ef\u4ee5\u8c03\u6574\u997c\u5e72\u7684\u914d\u7f6e\u5e76\u91cd\u65b0\u9009\u62e9\u997c\u5e72\uff0c\u4ee5\u9650\u5236 OMORI-MART \u7684\u4f7f\u7528\u80fd\u529b\u3002<\/p>\n\n\n\n<h4 class=\"wp-block-heading\">&nbsp;<\/h4>\n\n\n\n<h4 class=\"wp-block-heading\"><strong>6. Seus direitos e escolhas<\/strong><\/h4>\n\n\n\n<p>6.1 <strong>\u8bbf\u95ee\u548c\u7ea0\u6b63<\/strong>:<\/p>\n\n\n\n<ul class=\"wp-block-list\">\n<li>\u60a8\u53ef\u4ee5\u76f4\u63a5\u83b7\u53d6\u5e76\u83b7\u5f97\u76f8\u5173\u4fe1\u606f\u3002\u60a8\u53ef\u4ee5\u901a\u8fc7\u8fde\u63a5\u6216\u8fdb\u5165\u8fde\u63a5\u6765\u652f\u6301\u5ba2\u6237\u3002 <\/li>\n<\/ul>\n\n\n\n<p>6.2 <strong>\u8425\u9500\u6c9f\u901a\u7684\u7f3a\u5931<\/strong>:<\/p>\n\n\n\n<ul class=\"wp-block-list\">\n<li>\u5982\u679c\u60a8\u4e0d\u60f3\u63a5\u6536\u8425\u9500\u901a\u8baf\uff0c\u8bf7\u4e0d\u8981\u5728\u63a5\u6536\u5230\u7684\u4fe1\u606f\u4e2d\u9009\u62e9\u4efb\u4f55\u94fe\u63a5\uff0c\u800c\u65e0\u9700\u5728\u7535\u5b50\u90ae\u4ef6\u4e2d\u201c\u53d6\u6d88\u6307\u793a\u201d\u6216\u76f4\u63a5\u8054\u7cfb\u6211\u4eec\u3002<\/li>\n<\/ul>\n\n\n\n<p>6.3 <strong>Exclus\u00e3o de conta<\/strong>:<\/p>\n\n\n\n<ul class=\"wp-block-list\">\n<li>\u6211\u4eec\u4e13\u95e8\u4e0e SIM-OMORI-MART \u5408\u4f5c\uff0c\u5e76\u8bf7\u60a8\u4e0e\u6211\u4eec\u7684\u5ba2\u6237\u8054\u7cfb\u3002\u8bf7\u9075\u5b88\u7b26\u5408\u5546\u4e1a\u5408\u6cd5\u6027\u7684\u89c4\u5b9a\u7684\u4fe1\u606f\u3002 <\/li>\n<\/ul>\n\n\n\n<h4 class=\"wp-block-heading\">&nbsp;<\/h4>\n\n\n\n<h4 class=\"wp-block-heading\"><strong>7. Privacidade das crian\u00e7as<\/strong><\/h4>\n\n\n\n<p>SIM-OMORI-MART \u7684\u4f7f\u7528\u671f\u9650\u4e3a 18 \u4e2a\u6708\uff0c\u5e76\u4e14\u4e0d\u5305\u542b\u6708\u7ecf\u671f\u95f4\u7684\u4fe1\u606f\u3002\u8bf7\u6ce8\u610f\u4ee5\u4e0b\u4e8b\u9879\u7684\u76f8\u5173\u4fe1\u606f\uff1a\u6211\u4eec\u540c\u610f\u60a8\u7684\u610f\u89c1\uff0c\u5c06\u5176\u4f5c\u4e3a\u5fc5\u8981\u7684\u533b\u7597\u7528\u54c1\u3002 <\/p>\n\n\n\n<h4 class=\"wp-block-heading\">&nbsp;<\/h4>\n\n\n\n<h4 class=\"wp-block-heading\"><strong>8. Links de terceiros<\/strong><\/h4>\n\n\n\n<p>\u6211\u4eec\u7684\u7f51\u7ad9\u4e0e OMORI-MART \u7684\u7b2c\u4e09\u4e2a\u7f51\u7ad9\u94fe\u63a5\u3002\u8bf7\u4e0d\u8981\u5bf9\u7b2c\u4e09\u4e2a\u7f51\u7ad9\u7684\u9690\u79c1\u95ee\u9898\u505a\u51fa\u56de\u5e94\u3002\u5efa\u8bae\u60a8\u5bf9\u8bbf\u95ee\u8005\u5916\u90e8\u7f51\u7ad9\u7684\u6240\u6709\u4e8b\u9879\u8fdb\u884c\u9690\u79c1\u653f\u7b56\u5206\u6790\u3002  <\/p>\n\n\n\n<h4 class=\"wp-block-heading\">&nbsp;<\/h4>\n\n\n\n<h4 class=\"wp-block-heading\"><strong>9. \u9690\u79c1\u653f\u6cbb\u7684\u66ff\u4ee3\u65b9\u6848<\/strong><\/h4>\n\n\n\n<p>\u6211\u4eec\u7684\u653f\u7b56\u662f\u6839\u636e\u5b9e\u9645\u60c5\u51b5\u6216\u64cd\u4f5c\u52a8\u673a\u3001\u6cd5\u5f8b\u6216\u6cd5\u89c4\u7684\u53d8\u5316\u6765\u53cd\u6620\u9690\u79c1\u653f\u7b56\u7684\u53d8\u5316\u3002\u60a8\u53ef\u4ee5\u901a\u8fc7\u7f51\u7ad9\u4e0a\u7684\u516c\u5171\u6570\u636e\u6765\u6539\u53d8\u9690\u79c1\u653f\u6cbb\u653f\u7b56\u3002\u5982\u679c\u60a8\u7ee7\u7eed\u4f7f\u7528 OMORI-MART \u6765\u66f4\u6539\u9690\u79c1\u653f\u7b56\uff0c\u8fd9\u5bf9\u60a8\u6765\u8bf4\u662f\u975e\u5e38\u91cd\u8981\u7684\u3002  <\/p>\n\n\n\n<h4 class=\"wp-block-heading\">&nbsp;<\/h4>\n\n\n\n<h4 class=\"wp-block-heading\"><strong>10. Entre em contato conosco<\/strong><\/h4>\n\n\n\n<p>\u5982\u679c\u60a8\u60f3\u4e86\u89e3\u9690\u79c1\u653f\u7b56\u6216\u5173\u6ce8\u9690\u79c1\u653f\u7b56\u6216\u4e86\u89e3\u76f8\u5173\u4fe1\u606f\uff0c\u8bf7\u8054\u7cfb\u6211\u4eec\uff1a<\/p>\n\n\n\n<ul class=\"wp-block-list\">\n<li><strong>\u7535\u5b50\u90ae\u4ef6<\/strong>: support@omorimart.com<\/li>\n\n\n\n<li><strong>\u6069\u5fb7\u96f7\u7d22<\/strong>: R Cube Aoyama, 3rd Floor, 1-3-1 Kita-Aoyama, Minato-ku, T\u00f3quio, 107-0061, Jap\u00e3o<\/li>\n<\/ul>\n\n\n\n<p>\u4f7f\u7528 OMORI-MART \u65f6\uff0c\u8bf7\u6ce8\u610f\u9075\u5b88\u9690\u79c1\u653f\u7b56\u89c4\u5b9a\u3002<\/p>","protected":false},"excerpt":{"rendered":"<p>Data de vig\u00eancia: 20 de abril de 2025 No SIM-OMORI-MART, operado por&nbsp;COMFYS JAPAN LLC, temos o compromisso de proteger sua privacidade e garantir a seguran\u00e7a de suas informa\u00e7\u00f5es pessoais. Esta<\/p>","protected":false},"author":2,"featured_media":0,"parent":0,"menu_order":0,"comment_status":"closed","ping_status":"open","template":"","meta":{"footnotes":""},"class_list":["post-24984","page","type-page","status-publish","hentry"],"yoast_head":"<!-- This site is optimized with the Yoast SEO plugin v27.2 - https:\/\/yoast.com\/product\/yoast-seo-wordpress\/ -->\n<title>Pol\u00edtica de privacidade - Omori WIFI<\/title>\n<meta name=\"robots\" content=\"index, follow, max-snippet:-1, max-image-preview:large, max-video-preview:-1\" \/>\n<link rel=\"canonical\" href=\"https:\/\/omoriwifi.com\/zh\/politica-de-privacidade\/\" \/>\n<meta property=\"og:locale\" content=\"zh_CN\" \/>\n<meta property=\"og:type\" content=\"article\" \/>\n<meta property=\"og:title\" content=\"Pol\u00edtica de privacidade - Omori WIFI\" \/>\n<meta property=\"og:description\" content=\"Data de vig\u00eancia: 20 de abril de 2025 No SIM-OMORI-MART, operado por&nbsp;COMFYS JAPAN LLC, temos o compromisso de proteger sua privacidade e garantir a seguran\u00e7a de suas informa\u00e7\u00f5es pessoais. Esta\" \/>\n<meta property=\"og:url\" content=\"https:\/\/omoriwifi.com\/zh\/politica-de-privacidade\/\" \/>\n<meta property=\"og:site_name\" content=\"Omori WIFI\" \/>\n<meta name=\"twitter:card\" content=\"summary_large_image\" \/>\n<meta name=\"twitter:label1\" content=\"\u9884\u8ba1\u9605\u8bfb\u65f6\u95f4\" \/>\n\t<meta name=\"twitter:data1\" content=\"5 \u5206\" \/>\n<script type=\"application\/ld+json\" class=\"yoast-schema-graph\">{\"@context\":\"https:\/\/schema.org\",\"@graph\":[{\"@type\":\"WebPage\",\"@id\":\"https:\/\/omoriwifi.com\/zh\/politica-de-privacidade\/\",\"url\":\"https:\/\/omoriwifi.com\/zh\/politica-de-privacidade\/\",\"name\":\"Pol\u00edtica de privacidade - Omori WIFI\",\"isPartOf\":{\"@id\":\"https:\/\/omoriwifi.com\/ja\/#website\"},\"datePublished\":\"2025-03-25T17:10:57+00:00\",\"breadcrumb\":{\"@id\":\"https:\/\/omoriwifi.com\/zh\/politica-de-privacidade\/#breadcrumb\"},\"inLanguage\":\"zh-Hans\",\"potentialAction\":[{\"@type\":\"ReadAction\",\"target\":[\"https:\/\/omoriwifi.com\/zh\/politica-de-privacidade\/\"]}]},{\"@type\":\"BreadcrumbList\",\"@id\":\"https:\/\/omoriwifi.com\/zh\/politica-de-privacidade\/#breadcrumb\",\"itemListElement\":[{\"@type\":\"ListItem\",\"position\":1,\"name\":\"Home\",\"item\":\"https:\/\/omoriwifi.com\/ja\/\"},{\"@type\":\"ListItem\",\"position\":2,\"name\":\"Pol\u00edtica de privacidade\"}]},{\"@type\":\"WebSite\",\"@id\":\"https:\/\/omoriwifi.com\/ja\/#website\",\"url\":\"https:\/\/omoriwifi.com\/ja\/\",\"name\":\"Omori WiFi\",\"description\":\"My WordPress Blog\",\"potentialAction\":[{\"@type\":\"SearchAction\",\"target\":{\"@type\":\"EntryPoint\",\"urlTemplate\":\"https:\/\/omoriwifi.com\/ja\/?s={search_term_string}\"},\"query-input\":{\"@type\":\"PropertyValueSpecification\",\"valueRequired\":true,\"valueName\":\"search_term_string\"}}],\"inLanguage\":\"zh-Hans\"}]}<\/script>\n<!-- \/ Yoast SEO plugin. -->","yoast_head_json":{"title":"Pol\u00edtica de privacidade - Omori WIFI","robots":{"index":"index","follow":"follow","max-snippet":"max-snippet:-1","max-image-preview":"max-image-preview:large","max-video-preview":"max-video-preview:-1"},"canonical":"https:\/\/omoriwifi.com\/zh\/politica-de-privacidade\/","og_locale":"zh_CN","og_type":"article","og_title":"Pol\u00edtica de privacidade - Omori WIFI","og_description":"Data de vig\u00eancia: 20 de abril de 2025 No SIM-OMORI-MART, operado por&nbsp;COMFYS JAPAN LLC, temos o compromisso de proteger sua privacidade e garantir a seguran\u00e7a de suas informa\u00e7\u00f5es pessoais. Esta","og_url":"https:\/\/omoriwifi.com\/zh\/politica-de-privacidade\/","og_site_name":"Omori WIFI","twitter_card":"summary_large_image","twitter_misc":{"\u9884\u8ba1\u9605\u8bfb\u65f6\u95f4":"5 \u5206"},"schema":{"@context":"https:\/\/schema.org","@graph":[{"@type":"WebPage","@id":"https:\/\/omoriwifi.com\/zh\/politica-de-privacidade\/","url":"https:\/\/omoriwifi.com\/zh\/politica-de-privacidade\/","name":"Pol\u00edtica de privacidade - Omori WIFI","isPartOf":{"@id":"https:\/\/omoriwifi.com\/ja\/#website"},"datePublished":"2025-03-25T17:10:57+00:00","breadcrumb":{"@id":"https:\/\/omoriwifi.com\/zh\/politica-de-privacidade\/#breadcrumb"},"inLanguage":"zh-Hans","potentialAction":[{"@type":"ReadAction","target":["https:\/\/omoriwifi.com\/zh\/politica-de-privacidade\/"]}]},{"@type":"BreadcrumbList","@id":"https:\/\/omoriwifi.com\/zh\/politica-de-privacidade\/#breadcrumb","itemListElement":[{"@type":"ListItem","position":1,"name":"Home","item":"https:\/\/omoriwifi.com\/ja\/"},{"@type":"ListItem","position":2,"name":"Pol\u00edtica de privacidade"}]},{"@type":"WebSite","@id":"https:\/\/omoriwifi.com\/ja\/#website","url":"https:\/\/omoriwifi.com\/ja\/","name":"\u5927\u68ee WiFi","description":"\u6211\u7684 WordPress \u535a\u5ba2","potentialAction":[{"@type":"SearchAction","target":{"@type":"EntryPoint","urlTemplate":"https:\/\/omoriwifi.com\/ja\/?s={search_term_string}"},"query-input":{"@type":"PropertyValueSpecification","valueRequired":true,"valueName":"search_term_string"}}],"inLanguage":"zh-Hans"}]}},"_links":{"self":[{"href":"https:\/\/omoriwifi.com\/zh\/wp-json\/wp\/v2\/pages\/24984","targetHints":{"allow":["GET"]}}],"collection":[{"href":"https:\/\/omoriwifi.com\/zh\/wp-json\/wp\/v2\/pages"}],"about":[{"href":"https:\/\/omoriwifi.com\/zh\/wp-json\/wp\/v2\/types\/page"}],"author":[{"embeddable":true,"href":"https:\/\/omoriwifi.com\/zh\/wp-json\/wp\/v2\/users\/2"}],"replies":[{"embeddable":true,"href":"https:\/\/omoriwifi.com\/zh\/wp-json\/wp\/v2\/comments?post=24984"}],"version-history":[{"count":0,"href":"https:\/\/omoriwifi.com\/zh\/wp-json\/wp\/v2\/pages\/24984\/revisions"}],"wp:attachment":[{"href":"https:\/\/omoriwifi.com\/zh\/wp-json\/wp\/v2\/media?parent=24984"}],"curies":[{"name":"\u53ef\u6e7f\u6027\u7c89\u5242","href":"https:\/\/api.w.org\/{rel}","templated":true}]}}