{"id":24968,"date":"2025-03-28T00:40:25","date_gmt":"2025-03-28T00:40:25","guid":{"rendered":"https:\/\/peachpuff-dugong-919786.hostingersite.com\/termos-e-condicoes\/"},"modified":"2025-03-28T00:40:25","modified_gmt":"2025-03-28T00:40:25","slug":"termos-e-condicoes","status":"publish","type":"page","link":"https:\/\/omoriwifi.com\/zh_tw\/termos-e-condicoes\/","title":{"rendered":"\u689d\u6b3e\u8207\u689d\u4ef6"},"content":{"rendered":"<p><strong>\u4ecb\u7d39<\/strong><\/p>\n\n\n\n<p>\u8c9d\u59c6-\u6eab\u591a\u5967 <strong>\u5927\u68ee\u746a\u7279<\/strong>\uff0c\u55ef\u6885\u723e\u5361\u591a\u5728\u7dda\u64cd\u4f5c\u4f69\u62c9 <strong>\u5eb7\u83f2\u65af\u65e5\u672c\u6709\u9650\u516c\u53f8<\/strong>.&nbsp;<\/p>\n\n\n\n<p>\u60a8\u53ef\u4ee5\u9020\u8a2a\u6211\u5011\u7684\u7db2\u7ad9\u548c\u6211\u5011\u7684\u670d\u52d9\uff0c\u4e26\u540c\u610f\u4e26\u9075\u5b88\u689d\u6b3e\u548c\u689d\u4ef6\u3002 Leia \u8868\u793a\u60a8\u53ef\u4ee5\u5728 OMORI-MART \u7db2\u7ad9\u4e0a\u8cfc\u8cb7 OMORI-MART \u7522\u54c1\u3002 <\/p>\n\n\n\n<h4 class=\"wp-block-heading\"><strong>1. \u5409\u62c9\u65af\u8a0a\u606f<\/strong><\/h4>\n\n\n\n<ul class=\"wp-block-list\">\n<li><strong>\u516c\u53f8\u540d\u7a31<\/strong>: COMFYS JAPAN \u682a\u5f0f\u6703\u793e<\/li>\n\n\n\n<li><strong>\u66f8\u8a18\u5b98<\/strong>: R Cube Aoyama, 3rd Floor, 1-3-1 Kita-Aoyama, Minato-ku, T\u00f3quio, 107-0061, Jap\u00e3o<\/li>\n\n\n\n<li><strong>\u5730\u9ede\uff1a<\/strong> https:\/\/peachpuff-dugong-919786.hostingersite.com\/<\/li>\n\n\n\n<li><strong>\u516c\u53f8\u63cf\u8ff0<\/strong>: Fazemos com que voc\u00ea fique conectado no Jap\u00e3o de forma simples and emplica\u00e7\u00f5es.\u91cd\u8981\u7684\u662f\uff0c\u60a8\u53ef\u4ee5\u8a2a\u554f\u6211\u5011\u7684\u7db2\u7ad9\u6216\u98db\u6a5f\uff0c\u4e26\u5728\u5f88\u9577\u4e00\u6bb5\u6642\u9593\u5167\uff0c\u4f7f\u7528 SIM \u5361\u548c\u89e3\u6c7a\u65b9\u6848\u4f86\u89e3\u6c7a\u570b\u5167 Wi-Fi \u5b89\u5168\u554f\u984c\uff0c\u4e26\u4ee5\u6700\u5feb\u7684\u901f\u5ea6\u9032\u884c\u7db2\u7d61\u9023\u63a5\u3002\u9019\u4e9b\u554f\u984c\u5f88\u8907\u96dc\uff0c\u9700\u8981\u9a57\u8b49\u4fe1\u7528\u8b49 \u2013 \u5b8c\u7f8e\u9023\u63a5\u3002\u6211\u5011\u5e0c\u671b\u70ba\u60a8\u7684\u884c\u52d5\u3001Wi-Fi \u5b58\u53d6\u548c\u7d93\u6fdf\u670d\u52d9\u63d0\u4f9b\u5354\u52a9\u3002\u9748\u6d3b\u7684\u8a08\u5283\u3001\u514d\u8cbb\u7684\u670d\u52d9\u548c\u9000\u4f11\u7684\u9078\u64c7\uff0c\u512a\u5148\u8003\u616e\u5728\u65e5\u672c\u7684\u7bc0\u594f\u4e2d\u96c6\u4e2d\u8a3b\u610f\u529b\u7684\u4fbf\u5229\u6027\u3002   <\/li>\n<\/ul>\n\n\n\n<h4 class=\"wp-block-heading\"><strong>2. \u4f7f\u7528\u689d\u6b3e<\/strong><\/h4>\n\n\n\n<p>\u8acb\u4f7f\u7528 SIM-OMORI-MART\uff0c\u78ba\u8a8d\u6211\u7684\u8a0a\u606f<\/p>\n\n\n\n<h4 class=\"wp-block-heading\"><strong>3. \u5077\u7aca\u548c\u8cc4\u8cc2<\/strong><\/h4>\n\n\n\n<p>3.1 <strong>\u8655\u7406\u5152\u7ae5<\/strong>:<\/p>\n\n\n\n<ul class=\"wp-block-list\">\n<li>SIM-OMORI-MART \u7684\u6240\u6709\u8db3\u90e8\u8b77\u7406\u5747\u7531 COMFYS JAPAN LLC \u63d0\u4f9b\u3002 Assim que seu pedido for recebido, \u74b0\u5883 uma \u78ba\u8a8d pedido por por \u6216 e-mail.\u5207\u52ff\u96a8\u610f\u3001\u4fdd\u7559\u6216\u76f4\u63a5\u53d6\u6d88\u6216\u9650\u5236\u7522\u54c1\u7684\u8a2d\u8a08\u3001\u932f\u8aa4\u6216\u8d85\u51fa\u52d5\u6a5f\u7684\u6a19\u6e96\u3002  <\/li>\n<\/ul>\n\n\n\n<p>3.2 <strong>\u4ed8\u6b3e\u65b9\u5f0f<\/strong>:<\/p>\n\n\n\n<ul class=\"wp-block-list\">\n<li>Aceitamos os Principais car\u00f5es de cr\u00e9dito, Transfer\u00eancias banc\u00e1rias e outras de pagamento, conte listado em nosso site.\u65e5\u8a9e (JPY) \u7684\u5f85\u8fa6\u4e8b\u9805\u6e05\u55ae\u5305\u62ec\u5192\u5145\u61c9\u7528\u7684\u5f85\u8fa6\u4e8b\u9805\u3001\u76f8\u53cd\u7684\u6307\u793a\u3002 <\/li>\n<\/ul>\n\n\n\n<p>3.3 <strong>\u53d6\u6d88\u548c\u79fb\u9664<\/strong>:<\/p>\n\n\n\n<ul class=\"wp-block-list\">\n<li>\u5411\u5ba2\u6236\u5fb5\u6c42\u610f\u898b\u6216\u53d6\u6d88\u74b0\u5883\u524d\u7684\u6200\u7ae5\u6d3b\u52d5\u3002\u53d6\u5f97 enviado \u7684\u7522\u54c1\uff0c\u6216\u53d6\u6d88\u8a31\u53ef\u3002\u5982\u679c\u7522\u54c1\u51fa\u73fe\u7f3a\u9677\u6216\u932f\u8aa4\uff0c\u8acb\u6aa2\u67e5\u4e26\u6aa2\u67e5\u3002\u5c0d\u65bc\u8db3\u90e8\u8b77\u7406\uff0c\u6211\u5011\u5c07\u5728 7 \u5929\u5167\u70ba\u5ba2\u6236\u63d0\u4f9b\u652f\u63f4\u8a2d\u5099\uff0c\u4e26\u70ba\u8db3\u90e8\u8b77\u7406\u63d0\u4f9b\u652f\u63f4\u3002   <\/li>\n<\/ul>\n\n\n\n<h4 class=\"wp-block-heading\"><strong>4. \u7522\u54c1\u7684\u8cac\u4efb\u548c\u512a\u60e0<\/strong><\/h4>\n\n\n\n<p>4.1 <strong>\u53ef\u7528\u6027<\/strong>:<\/p>\n\n\n\n<ul class=\"wp-block-list\">\n<li>N\u00f3s nos esfor\u00e7amos para manter n\u00edveis precisos de estoque em nosso \u7db2\u7ad9\u3002\u4e0d\uff0c\u7121\u8ad6\u662f\u4efb\u4f55\u9700\u8981\u7684\u6216\u984d\u5916\u7684\u6ce2\u52d5\uff0c\u90fd\u7121\u6cd5\u9054\u5230\u6240\u9700\u7684\u6548\u679c\u3002\u8acb\u6ce8\u610f\uff0c\u8acb\u901a\u77e5\u6211\u5011\u7522\u54c1\u66ff\u4ee3\u54c1\u6216\u52a0\u5de5\u904e\u7a0b\u3002  <\/li>\n<\/ul>\n\n\n\n<p>4.2 <strong>\u63cf\u8ff0<\/strong>:<\/p>\n\n\n\n<ul class=\"wp-block-list\">\n<li>\u9019\u4e9b\u7522\u54c1\u7684\u512a\u9ede\u662f\u53ef\u4ee5\u66f4\u6539\u7684\u3002\u8acb\u6ce8\u610f\u5728\u672c\u7db2\u7ad9\u4e0a\u9032\u884c\u7684\u6240\u6709\u64cd\u4f5c\uff0c\u5426\u5247\u53ef\u80fd\u6703\u767c\u751f\u932f\u8aa4\u3002\u5982\u679c\u51fa\u73fe\u4efb\u4f55\u932f\u8aa4\uff0c\u8acb\u4fdd\u7559\u6216\u76f4\u63a5\u53d6\u6d88\u6216\u901a\u77e5\u5ba2\u6236\u8db3\u5920\u7684\u8cc7\u8a0a\u3002  <\/li>\n<\/ul>\n\n\n\n<h4 class=\"wp-block-heading\"><strong>5. \u6253\u5305\u5b58\u653e<\/strong><\/h4>\n\n\n\n<p>5.1 <strong>\u5165\u53e3\u5340<\/strong>:<\/p>\n\n\n\n<ul class=\"wp-block-list\">\n<li>Atualmente\uff0cSIM-OMORI-MART \u662f\u65e5\u672c\u7684\u4e00\u500b\u89e3\u6c7a\u65b9\u6848\u3002 N\u00e3o fazemos envios internacionais\u3002 <\/li>\n<\/ul>\n\n\n\n<p>5.2 <strong>\u96f7\u6885\u85a9\u7a05<\/strong>:<\/p>\n\n\n\n<ul class=\"wp-block-list\">\n<li>\u4f5c\u70ba\u5206\u985e\u5b78\u7684\u5206\u985e\uff0cremessa variam de acordo com o tamanho eo peso do seu pedido\u3002\u4fdd\u5b58\u61c9\u7528\u7a0b\u5f0f\u7684\u6240\u6709\u81ea\u8a02\u5167\u5bb9\u90fd\u5c07\u5728\u6700\u7d42\u7248\u672c\u4e2d\u5b8c\u6210\u3002 O frete gr\u00e1tis pode estar dispon\u00edvel para pedidos em grandes quantidades, dependento do Total do pedido.  <\/li>\n<\/ul>\n\n\n\n<p>5.3 <strong>\u5207\u65af\u7279\u96f7\u52a0<\/strong>:<\/p>\n\n\n\n<ul class=\"wp-block-list\">\n<li>\u6b63\u5e38\u60c5\u6cc1\u4e0b\uff0c\u8db3\u90e8\u7684\u8655\u7406\u904e\u7a0b\u662f 2 \u81f3 3 \u65e5\u3002\u60a8\u53ef\u4ee5\u6839\u64da\u74b0\u5883\u9078\u64c7\u7684\u5728\u5730\u5316\u65b9\u6cd5\u4f86\u9078\u64c7\u4e0d\u540c\u7684\u5354\u594f\u66f2\u3002 OMORI-MART \u4e0d\u6703\u5c0d\u5916\u90e8\u539f\u56e0\u3001\u6c23\u5019\u689d\u4ef6\u3001\u4ea4\u901a\u554f\u984c\u6216\u4ea4\u901a\u554f\u984c\u505a\u51fa\u53cd\u61c9\u3002  <\/li>\n<\/ul>\n\n\n\n<h4 class=\"wp-block-heading\"><strong>6. \u6b0a\u529b\u4e0b\u653e\u8207\u6539\u9769\u7684\u653f\u6cbb<\/strong><\/h4>\n\n\n\n<p>6.1 <strong>\u6b0a\u529b\u7684\u5408\u6cd5\u6027<\/strong>:<\/p>\n\n\n\n<ul class=\"wp-block-list\">\n<li>\u5176\u7522\u54c1\u662f\u4e39\u9ea5\u88fd\u9020\u7684\uff0c\u6216\u662f\u7531\u958b\u767c\u8005\u63d0\u4f9b\u7684\u3002\u5ba2\u6236\u5c07\u5728 7 \u5929\u5167\u6536\u5230\u901a\u77e5\u4e26\u6536\u5230\u901a\u77e5\u3002 Itens perec\u00edveis, \u5305\u62ec\u8089\u88fd\u54c1\uff0c\u5728 24 \u5c0f\u6642\u5167\u63d0\u4f9b\u8cc7\u8a0a\u3002  <\/li>\n<\/ul>\n\n\n\n<p>6.2 <strong>\u4e00\u5207\u90fd\u5df2\u4e0d\u518d\u9700\u8981<\/strong>:<\/p>\n\n\n\n<ul class=\"wp-block-list\">\n<li>\u5fc5\u9808\u5c07\u9152\u7cbe\u548c\u7522\u54c1\u4ecb\u7d39\uff08como carne\uff09\u8207 devolvidos \u4e00\u8d77\u4f7f\u7528\uff0c\u9019\u662f\u4e00\u500b\u53ef\u80fd\u6703\u5c0e\u81f4\u932f\u8aa4\u7684\u932f\u8aa4\u3002<\/li>\n<\/ul>\n\n\n\n<p>6.3 <strong>\u8ff4\u65cb\u904e\u7a0b<\/strong>:<\/p>\n\n\n\n<ul class=\"wp-block-list\">\n<li>\u70ba\u4e86\u78ba\u8a8d\u958b\u767c\u7684\u5408\u6cd5\u6027\uff0c\u8acb\u6309\u7167\u539f\u59cb\u65b9\u6cd5\u57f7\u884c\u76f8\u95dc\u904e\u7a0b\u3002 10 \u5e74\u4f86\uff0c\u9019\u4e00\u5207\u90fd\u53d6\u6c7a\u65bc\u91d1\u878d\u6a5f\u69cb\u3002 <\/li>\n<\/ul>\n\n\n\n<h4 class=\"wp-block-heading\"><strong>7. \u96b1\u79c1\u6b0a\u653f\u7b56<\/strong><\/h4>\n\n\n\n<p>\u4fdd\u8b77\u60a8\u7684\u8cc7\u8a0a\u7684\u689d\u6b3e\u548c\u5354\u8b70\u3002\u6240\u6709 OMORI-MART \u5ba2\u6236\u7684\u6240\u6709\u4e8b\u5b9c\u5747\u8207\u96b1\u79c1\u6b0a\u653f\u7b56\u6709\u95dc\u3002\u5982\u679c\u60a8\u5df2\u540c\u610f\u6216\u540c\u610f\uff0c\u8acb\u63d0\u4f9b\u4ee5\u4e0b\u8cc7\u8a0a\u3002  <\/p>\n\n\n\n<h4 class=\"wp-block-heading\"><strong>8. \u8cac\u4efb\u9650\u5236<\/strong><\/h4>\n\n\n\n<p>COMFYS JAPAN LLC \u4e0d\u8ca0\u8cac\u5728 OMORI-MART \u4e0a\u4f7f\u7528 OMORI-MART \u6216\u5728\u672c\u7db2\u7ad9\u92b7\u552e\u7522\u54c1\u6642\u767c\u751f\u7684\u610f\u5916\u4e8b\u4ef6\u6216\u5f8c\u679c\u3002\u6211\u5011\u5c0d\u6709\u95dc\u554f\u984c\u7684\u7522\u54c1\u7684\u6700\u5927\u8cac\u4efb\u662f\u6709\u9650\u7684\u3002 <\/p>\n\n\n\n<h4 class=\"wp-block-heading\"><strong>9. \u9069\u7528\u6cd5\u5f8b<\/strong><\/h4>\n\n\n\n<p>\u65e5\u672c\u898f\u5b9a\u7684\u689d\u6b3e\u548c\u689d\u4ef6\u3002 SIM-OMORI-MART \u7684\u4f7f\u7528\u722d\u8b70\u8207\u65e5\u672c\u8a17\u57fa\u5967\u6cd5\u5ead\u7684\u7368\u5bb6\u53f8\u6cd5\u7ba1\u8f44\u6b0a\u6709\u95dc\u3002 <\/p>\n\n\n\n<h4 class=\"wp-block-heading\"><strong>10. \u5176\u4ed6\u689d\u6b3e\u8207\u689d\u4ef6<\/strong><\/h4>\n\n\n\n<p>COMFYS JAPAN LLC \u4fdd\u7559\u6216\u4fee\u6539\u689d\u6b3e\u548c\u689d\u4ef6\uff0c\u9019\u662f\u4e00\u500b\u66f4\u7f8e\u597d\u7684\u6642\u523b\u3002\u4f5c\u70ba OMORI-MART \u7db2\u7ad9\u4e0a\u7684\u516c\u5171\u670d\u52d9\u8b8a\u66f4\uff0c\u6211\u5011\u5c07\u7e7c\u7e8c\u63d0\u4f9b\u6709\u95dc\u8b8a\u66f4\u7684\u670d\u52d9\uff0c\u4ee5\u4fbf\u60a8\u53ef\u4ee5\u91cd\u65b0\u4fee\u6539\u8853\u8a9e\u3002 <\/p>\n\n\n\n<p>Em caso de vidas ou preocupa\u00e7\u00f5es com rela\u00e7\u00e3o a estes Termos e Condi\u00e7\u00f5es, entre em contato com nossa Equipmente de atendimento ao cliente pelo <strong>\u96fb\u5b50\u90f5\u4ef6 support@omorimart.com\u3002<\/strong><\/p>\n\n\n\n<p>\u4f7f\u7528 OMORI-MART \u6642\uff0c\u8acb\u6ce8\u610f\u4e26\u9075\u5b88\u689d\u6b3e\u548c\u689d\u4ef6\u3002<\/p>","protected":false},"excerpt":{"rendered":"<p>Introdu\u00e7\u00e3o Bem-vindo ao OMORI-MART, um mercado on-line operado pela COMFYS JAPAN LLC.&nbsp; Ao acessar ou usar nosso site e nossos servi\u00e7os, voc\u00ea concorda em cumprir e estar vinculado aos seguintes<\/p>","protected":false},"author":2,"featured_media":0,"parent":0,"menu_order":0,"comment_status":"closed","ping_status":"closed","template":"","meta":{"footnotes":""},"class_list":["post-24968","page","type-page","status-publish","hentry"],"yoast_head":"<!-- This site is optimized with the Yoast SEO plugin v27.2 - https:\/\/yoast.com\/product\/yoast-seo-wordpress\/ -->\n<title>Termos e condi\u00e7\u00f5es - Omori WIFI<\/title>\n<meta name=\"robots\" content=\"index, follow, max-snippet:-1, max-image-preview:large, max-video-preview:-1\" \/>\n<link rel=\"canonical\" href=\"https:\/\/omoriwifi.com\/zh_tw\/termos-e-condicoes\/\" \/>\n<meta property=\"og:locale\" content=\"zh_TW\" \/>\n<meta property=\"og:type\" content=\"article\" \/>\n<meta property=\"og:title\" content=\"Termos e condi\u00e7\u00f5es - Omori WIFI\" \/>\n<meta property=\"og:description\" content=\"Introdu\u00e7\u00e3o Bem-vindo ao OMORI-MART, um mercado on-line operado pela COMFYS JAPAN LLC.&nbsp; Ao acessar ou usar nosso site e nossos servi\u00e7os, voc\u00ea concorda em cumprir e estar vinculado aos seguintes\" \/>\n<meta property=\"og:url\" content=\"https:\/\/omoriwifi.com\/zh_tw\/termos-e-condicoes\/\" \/>\n<meta property=\"og:site_name\" content=\"Omori WIFI\" \/>\n<meta name=\"twitter:card\" content=\"summary_large_image\" \/>\n<meta name=\"twitter:label1\" content=\"\u9810\u4f30\u95b1\u8b80\u6642\u9593\" \/>\n\t<meta name=\"twitter:data1\" content=\"5 \u5206\u9418\" \/>\n<script type=\"application\/ld+json\" class=\"yoast-schema-graph\">{\"@context\":\"https:\/\/schema.org\",\"@graph\":[{\"@type\":\"WebPage\",\"@id\":\"https:\/\/omoriwifi.com\/uk\/termos-e-condicoes\/\",\"url\":\"https:\/\/omoriwifi.com\/uk\/termos-e-condicoes\/\",\"name\":\"Termos e condi\u00e7\u00f5es - Omori WIFI\",\"isPartOf\":{\"@id\":\"https:\/\/omoriwifi.com\/ja\/#website\"},\"datePublished\":\"2025-03-28T00:40:25+00:00\",\"breadcrumb\":{\"@id\":\"https:\/\/omoriwifi.com\/uk\/termos-e-condicoes\/#breadcrumb\"},\"inLanguage\":\"zh-TW\",\"potentialAction\":[{\"@type\":\"ReadAction\",\"target\":[\"https:\/\/omoriwifi.com\/uk\/termos-e-condicoes\/\"]}]},{\"@type\":\"BreadcrumbList\",\"@id\":\"https:\/\/omoriwifi.com\/uk\/termos-e-condicoes\/#breadcrumb\",\"itemListElement\":[{\"@type\":\"ListItem\",\"position\":1,\"name\":\"Home\",\"item\":\"https:\/\/omoriwifi.com\/ja\/\"},{\"@type\":\"ListItem\",\"position\":2,\"name\":\"Termos e condi\u00e7\u00f5es\"}]},{\"@type\":\"WebSite\",\"@id\":\"https:\/\/omoriwifi.com\/ja\/#website\",\"url\":\"https:\/\/omoriwifi.com\/ja\/\",\"name\":\"Omori WiFi\",\"description\":\"My WordPress Blog\",\"potentialAction\":[{\"@type\":\"SearchAction\",\"target\":{\"@type\":\"EntryPoint\",\"urlTemplate\":\"https:\/\/omoriwifi.com\/ja\/?s={search_term_string}\"},\"query-input\":{\"@type\":\"PropertyValueSpecification\",\"valueRequired\":true,\"valueName\":\"search_term_string\"}}],\"inLanguage\":\"zh-TW\"}]}<\/script>\n<!-- \/ Yoast SEO plugin. -->","yoast_head_json":{"title":"Termos e condi\u00e7\u00f5es - Omori WIFI","robots":{"index":"index","follow":"follow","max-snippet":"max-snippet:-1","max-image-preview":"max-image-preview:large","max-video-preview":"max-video-preview:-1"},"canonical":"https:\/\/omoriwifi.com\/zh_tw\/termos-e-condicoes\/","og_locale":"zh_TW","og_type":"article","og_title":"Termos e condi\u00e7\u00f5es - Omori WIFI","og_description":"Introdu\u00e7\u00e3o Bem-vindo ao OMORI-MART, um mercado on-line operado pela COMFYS JAPAN LLC.&nbsp; Ao acessar ou usar nosso site e nossos servi\u00e7os, voc\u00ea concorda em cumprir e estar vinculado aos seguintes","og_url":"https:\/\/omoriwifi.com\/zh_tw\/termos-e-condicoes\/","og_site_name":"Omori WIFI","twitter_card":"summary_large_image","twitter_misc":{"\u9810\u4f30\u95b1\u8b80\u6642\u9593":"5 \u5206\u9418"},"schema":{"@context":"https:\/\/schema.org","@graph":[{"@type":"WebPage","@id":"https:\/\/omoriwifi.com\/uk\/termos-e-condicoes\/","url":"https:\/\/omoriwifi.com\/uk\/termos-e-condicoes\/","name":"Termos e condi\u00e7\u00f5es - Omori WIFI","isPartOf":{"@id":"https:\/\/omoriwifi.com\/ja\/#website"},"datePublished":"2025-03-28T00:40:25+00:00","breadcrumb":{"@id":"https:\/\/omoriwifi.com\/uk\/termos-e-condicoes\/#breadcrumb"},"inLanguage":"zh-TW","potentialAction":[{"@type":"ReadAction","target":["https:\/\/omoriwifi.com\/uk\/termos-e-condicoes\/"]}]},{"@type":"BreadcrumbList","@id":"https:\/\/omoriwifi.com\/uk\/termos-e-condicoes\/#breadcrumb","itemListElement":[{"@type":"ListItem","position":1,"name":"Home","item":"https:\/\/omoriwifi.com\/ja\/"},{"@type":"ListItem","position":2,"name":"Termos e condi\u00e7\u00f5es"}]},{"@type":"WebSite","@id":"https:\/\/omoriwifi.com\/ja\/#website","url":"https:\/\/omoriwifi.com\/ja\/","name":"\u5927\u68ee WiFi","description":"\u6211\u7684 WordPress \u535a\u5ba2","potentialAction":[{"@type":"SearchAction","target":{"@type":"EntryPoint","urlTemplate":"https:\/\/omoriwifi.com\/ja\/?s={search_term_string}"},"query-input":{"@type":"PropertyValueSpecification","valueRequired":true,"valueName":"search_term_string"}}],"inLanguage":"zh-TW"}]}},"_links":{"self":[{"href":"https:\/\/omoriwifi.com\/zh_tw\/wp-json\/wp\/v2\/pages\/24968","targetHints":{"allow":["GET"]}}],"collection":[{"href":"https:\/\/omoriwifi.com\/zh_tw\/wp-json\/wp\/v2\/pages"}],"about":[{"href":"https:\/\/omoriwifi.com\/zh_tw\/wp-json\/wp\/v2\/types\/page"}],"author":[{"embeddable":true,"href":"https:\/\/omoriwifi.com\/zh_tw\/wp-json\/wp\/v2\/users\/2"}],"replies":[{"embeddable":true,"href":"https:\/\/omoriwifi.com\/zh_tw\/wp-json\/wp\/v2\/comments?post=24968"}],"version-history":[{"count":0,"href":"https:\/\/omoriwifi.com\/zh_tw\/wp-json\/wp\/v2\/pages\/24968\/revisions"}],"wp:attachment":[{"href":"https:\/\/omoriwifi.com\/zh_tw\/wp-json\/wp\/v2\/media?parent=24968"}],"curies":[{"name":"\u53ef\u6fd5\u6027\u7c89\u5291","href":"https:\/\/api.w.org\/{rel}","templated":true}]}}