{"id":24984,"date":"2025-03-25T17:10:57","date_gmt":"2025-03-25T17:10:57","guid":{"rendered":"https:\/\/peachpuff-dugong-919786.hostingersite.com\/politica-de-privacidade\/"},"modified":"2025-03-25T17:10:57","modified_gmt":"2025-03-25T17:10:57","slug":"politica-de-privacidade","status":"publish","type":"page","link":"https:\/\/omoriwifi.com\/zh_tw\/politica-de-privacidade\/","title":{"rendered":"Pol\u00edtica de privacidade"},"content":{"rendered":"<h3 class=\"wp-block-heading\"><strong>Data de vig\u00eancia<\/strong>: 2025\u5e744\u670820\u65e5<\/h3>\n\n\n\n<p>\u4e0d<strong> \u65b0\u5927\u68ee\u746a\u7279<\/strong>\uff0c\u64cd\u4f5c\u8005&nbsp;<strong>\u5eb7\u83f2\u65af\u65e5\u672c\u6709\u9650\u516c\u53f8<\/strong>\u3001\u4fdd\u8b77\u96b1\u79c1\u548c\u4fdd\u8b49\u8cc7\u8a0a\u5b89\u5168\u7684\u59a5\u5354\u3002 Esta Pol\u00edtica de Privacidade \u63cf\u8ff0\u4e86\u6709\u95dc\u96b1\u79c1\u3001\u96b1\u79c1\u3001\u96b1\u79c1\u548c\u4fdd\u8b77\u7684\u4fe1\u606f\uff0c\u6240\u6709\u9019\u4e9b\u8cc7\u8a0a\u90fd\u53ef\u4ee5\u8a2a\u554f\u6216\u8cfc\u8cb7\u6211\u5011\u7684\u7db2\u7ad9\u3002\u6211\u5011\u7684\u7db2\u7ad9\u548c\u670d\u52d9\u5747\u8207\u96b1\u79c1\u6b0a\u653f\u7b56\u76f8\u95dc\u7684\u5be6\u7528\u8aaa\u660e\u4e00\u81f4\u3002  <\/p>\n\n\n\n<h4 class=\"wp-block-heading\">&nbsp;<\/h4>\n\n\n\n<h4 class=\"wp-block-heading\"><strong>1. Coletamos \u8a0a\u606f<\/strong><\/h4>\n\n\n\n<p>\u6709\u95dc OMORI-MART \u670d\u52d9\u548c\u7f8e\u597d\u9ad4\u9a57\u7684\u8cc7\u8a0a\u3002\u76f8\u95dc\u8cc7\u8a0a\u7684\u63d0\u793a\u5305\u62ec\uff1a <\/p>\n\n\n\n<p>1.1 <strong>Informa\u00e7\u00f5es pessoais<\/strong>:<\/p>\n\n\n\n<ul class=\"wp-block-list\">\n<li>\u8afe\u59c6<\/li>\n\n\n\n<li>\u6069\u5fb7\u96f7\u7d22<\/li>\n\n\n\n<li>\u96fb\u5b50\u90f5\u4ef6<\/li>\n\n\n\n<li>\u96fb\u8a71\u865f\u78bc<\/li>\n\n\n\n<li>Informa\u00e7\u00f5es de pagamento\uff08detalhes de cart\u00e3o de cr\u00e9dito\u3001detalhes de Transfer\u00eancia banc\u00e1ria \u7b49\uff09<\/li>\n\n\n\n<li>Data de nascimento\uff08para verificar a idade legal para beber\uff09<\/li>\n<\/ul>\n\n\n\n<p>1.2 <strong>Informa\u00e7\u00f5es n\u00e3o pessoais<\/strong>:<\/p>\n\n\n\n<ul class=\"wp-block-list\">\n<li>\u5c0e\u822a\u54e1\u985e\u578b<\/li>\n\n\n\n<li>\u76f8\u95dc\u8cc7\u8a0a<\/li>\n\n\n\n<li>\u667a\u6167\u8ca1\u7522\u5c40<\/li>\n\n\n\n<li>Dados de uso do site\uff08\u9801\u9762\u8a2a\u554f\u3001\u7bc0\u594f\u7121\u7db2\u7ad9\u7b49\uff09<\/li>\n<\/ul>\n\n\n\n<h4 class=\"wp-block-heading\"><strong>2. Como usamos suas informa\u00e7\u00f5es<\/strong><\/h4>\n\n\n\n<p>Usamos as informa\u00e7\u00f5es que coletamos de voc\u00ea para as seguintes Finalidades:<\/p>\n\n\n\n<p>2.1 <strong>Processamento de pedidos<\/strong>:<\/p>\n\n\n\n<ul class=\"wp-block-list\">\n<li>\u8db3\u90e8\u904e\u7a0b\u548c\u7d50\u8ad6\uff0c\u5305\u62ec\u6cbb\u7642\u548c\u8b77\u7406\u904e\u7a0b\u3002<\/li>\n\n\n\n<li>\u900f\u904e\u96fb\u5b50\u90f5\u4ef6\u6216\u96fb\u8a71\u78ba\u8a8d\u8db3\u90e8\u3001\u8a18\u9304\u548c\u8cc7\u8a0a\u3002<\/li>\n<\/ul>\n\n\n\n<p>2.2 <strong>\u5ba2\u6236\u670d\u52d9<\/strong>:<\/p>\n\n\n\n<ul class=\"wp-block-list\">\n<li>\u97ff\u61c9\u8005\u5c07\u5c0d\u6b64\u9032\u884c\u8aee\u8a62\u3001\u8acb\u6c42\u6216\u56de\u6536\u3002<\/li>\n\n\n\n<li>\u8acb\u901a\u77e5\u60a8\u5177\u9ad4\u60c5\u6cc1\u6216\u66f4\u6539\u60c5\u6cc1\u3002<\/li>\n<\/ul>\n\n\n\n<p>2.3 <strong>\u500b\u4eba\u5316<\/strong>:<\/p>\n\n\n\n<ul class=\"wp-block-list\">\n<li>\u70ba\u4e86\u63d0\u4f9b\u500b\u4eba\u5316\u7684\u8cfc\u7269\u9ad4\u9a57\uff0c\u63a8\u85a6\u57fa\u65bc\u6b77\u53f2\u5c0e\u822a\u548c\u6bd4\u8f03\u7684\u7522\u54c1\u3002<\/li>\n\n\n\n<li>Para melhorar \u529f\u80fd do nosso \u7ad9\u9ede\u548c usu\u00e1rio \u7d93\u9a57\u3002<\/li>\n<\/ul>\n\n\n\n<p>2.4 <strong>\u884c\u92b7\u548c\u4fc3\u92b7<\/strong>:<\/p>\n\n\n\n<ul class=\"wp-block-list\">\n<li>\u6211\u5011\u81f4\u529b\u65bc\u63d0\u4f9b OMORI-MART \u7684\u4fc3\u92b7\u3001\u7522\u54c1\u548c\u670d\u52d9\uff08somente se voc\u00ea optar por receber comunica\u00e7\u00f5es de marketing\uff09\u3002<\/li>\n\n\n\n<li>\u5728\u6b64\uff0c\u6211\u5011\u5c07\u8a73\u7d30\u4ecb\u7d39\u6709\u95dc\u9152\u7cbe\u548c\u8089\u88fd\u54c1\u7684\u5177\u9ad4\u60c5\u6cc1\u3002<\/li>\n<\/ul>\n\n\n\n<p>2.5 <strong>Conformidade com as leis<\/strong>:<\/p>\n\n\n\n<ul class=\"wp-block-list\">\n<li>\u70ba\u4e86\u6eff\u8db3\u6cd5\u5f8b\u8981\u6c42\uff0c\u8acb\u9a57\u8b49\u6709\u95dc\u9152\u7cbe\u98f2\u6599\u7684\u6cd5\u5f8b\u8cc7\u8a0a\u3002<\/li>\n<\/ul>\n\n\n\n<h4 class=\"wp-block-heading\">&nbsp;<\/h4>\n\n\n\n<h4 class=\"wp-block-heading\"><strong>3. \u8cc7\u8a0a\u6bd4\u8f03<\/strong><\/h4>\n\n\n\n<p>\u8acb\u6ce8\u610f\u96b1\u79c1\u548c\u975e\u8ce3\u65b9\u3001\u5176\u4ed6\u6216\u5176\u4ed6\u65b9\u9762\u7684\u8cc7\u8a0a\u3002 Entretanto\uff0cpodemos compartilhar suas informa\u00e7\u00f5es com\uff1a <\/p>\n\n\n\n<p>3.1 <strong>Provedores de servi\u00e7os<\/strong>:<\/p>\n\n\n\n<ul class=\"wp-block-list\">\n<li>Empresas terceirizadas que auxiliam no processamento de pagamentos, envio and atendimento depedidos.<\/li>\n\n\n\n<li>\u88fd\u9020\u5546\u670d\u52d9\u3001\u5206\u6790\u548c\u7db2\u7ad9\u884c\u92b7\u3002<\/li>\n<\/ul>\n\n\n\n<p>3.2 <strong>\u6cd5\u5f8b\u5408\u898f<\/strong>:<\/p>\n\n\n\n<ul class=\"wp-block-list\">\n<li>\u8acb\u6ce8\u610f\uff0c\u6d29\u6f0f\u8cc7\u8a0a\u662f\u653f\u5e9c\u7684\u4e00\u9805\u81ea\u52d5\u884c\u52d5\u6216\u91dd\u5c0d\u6cd5\u5f8b\u3001\u907f\u514d\u8a50\u6b3a\u6216 OMORI-MART \u548c\u5ba2\u6236\u7684\u4fdd\u8b77\u63aa\u65bd\u7684\u4e09\u9805\u63aa\u65bd\u3002<\/li>\n<\/ul>\n\n\n\n<h4 class=\"wp-block-heading\">&nbsp;<\/h4>\n\n\n\n<h4 class=\"wp-block-heading\"><strong>4. Seguran\u00e7a de dados<\/strong><\/h4>\n\n\n\n<p>\u4fdd\u8b77\u60a8\u7684\u8cc7\u8a0a\u7684\u689d\u6b3e\u548c\u5354\u8b70\u3002\u4f7f\u7528\u5bc6\u78bc\u5354\u5b9a\u548c\u5bc6\u78bc\u4fdd\u8b77\u7db2\u95dc\u4f86\u4fdd\u8b77\u5bc6\u78bc\u8cc7\u8a0a\u3002\u7121\u9700\u4f7f\u7528 100% \u5b89\u5168\u50b3\u8f38\u7db2\u8def\u6216\u96fb\u5b50\u8a2d\u5099\u7684\u65b9\u6cd5\u3002\u8acb\u6ce8\u610f\u4fdd\u8b77\u60a8\u7684\u8a0a\u606f\uff0c\u78ba\u4fdd\u7d55\u5c0d\u5b89\u5168\u3002   <\/p>\n\n\n\n<h4 class=\"wp-block-heading\">&nbsp;<\/h4>\n\n\n\n<h4 class=\"wp-block-heading\"><strong>5. Cookies \u548c rastreamento \u6280\u8853<\/strong><\/h4>\n\n\n\n<p>OMORI-MART \u4f7f\u7528\u9905\u4e7e\u548c\u6280\u8853\u4f86\u63d0\u4f9b\u521d\u6b65\u7684\u5c0e\u822a\u9ad4\u9a57\u3002 Cookies \u4e0d\u662f\u60a8\u6240\u504f\u597d\u7684\uff0c\u53ef\u7528\u65bc\u7db2\u7ad9\u548c\u500b\u4eba\u5316\u9ad4\u9a57\u3002 <\/p>\n\n\n\n<p>5.1 <strong>Tipos de cookies que usamos<\/strong>:<\/p>\n\n\n\n<ul class=\"wp-block-list\">\n<li><strong>Cookies \u5fc5\u9700\u54c1<\/strong>\uff1a\u5fc5\u9808\u5728\u8a72\u5730\u9ede\u9032\u884c\u64cd\u4f5c\u4e26\u5141\u8a31\u5b8c\u6210\u4ea4\u6613\u3002<\/li>\n\n\n\n<li><strong>\u5206\u6790\u578b Cookie<\/strong>\uff1aUsados para coletar bados sobre como os usu\u00e1rios interagem com o site\uff08\u4f8b\u5982\uff0c\u9801\u9762\u8a2a\u554f\uff0c\u7bc0\u594f\uff09\u3002<\/li>\n\n\n\n<li><strong>\u884c\u92b7 Cookie<\/strong>\uff1a\u7528\u65bc\u500b\u4eba\u5316\u5ba3\u50b3\u548c\u6301\u7e8c\u4fc3\u92b7\u3002<\/li>\n<\/ul>\n\n\n\n<p>\u60a8\u53ef\u4ee5\u8abf\u6574\u9905\u4e7e\u7684\u914d\u7f6e\u4e26\u91cd\u65b0\u9078\u64c7\u9905\u4e7e\uff0c\u4ee5\u9650\u5236 OMORI-MART \u7684\u4f7f\u7528\u80fd\u529b\u3002<\/p>\n\n\n\n<h4 class=\"wp-block-heading\">&nbsp;<\/h4>\n\n\n\n<h4 class=\"wp-block-heading\"><strong>6. Seus direitos e escolhas<\/strong><\/h4>\n\n\n\n<p>6.1 <strong>\u8a2a\u554f\u548c\u7cfe\u6b63<\/strong>:<\/p>\n\n\n\n<ul class=\"wp-block-list\">\n<li>\u60a8\u53ef\u4ee5\u76f4\u63a5\u53d6\u5f97\u4e26\u7372\u5f97\u76f8\u95dc\u8cc7\u8a0a\u3002\u60a8\u53ef\u4ee5\u900f\u904e\u9023\u7dda\u6216\u9032\u5165\u9023\u7dda\u4f86\u652f\u63f4\u5ba2\u6236\u3002 <\/li>\n<\/ul>\n\n\n\n<p>6.2 <strong>\u884c\u92b7\u6e9d\u901a\u7684\u7f3a\u5931<\/strong>:<\/p>\n\n\n\n<ul class=\"wp-block-list\">\n<li>\u5982\u679c\u60a8\u4e0d\u60f3\u63a5\u6536\u884c\u92b7\u901a\u8a0a\uff0c\u8acb\u4e0d\u8981\u5728\u63a5\u6536\u5230\u7684\u4fe1\u606f\u4e2d\u9078\u64c7\u4efb\u4f55\u93c8\u63a5\uff0c\u800c\u7121\u9700\u5728\u96fb\u5b50\u90f5\u4ef6\u4e2d\u201c\u53d6\u6d88\u6307\u793a\u201d\u6216\u76f4\u63a5\u806f\u7e6b\u6211\u5011\u3002<\/li>\n<\/ul>\n\n\n\n<p>6.3 <strong>Exclus\u00e3o de conta<\/strong>:<\/p>\n\n\n\n<ul class=\"wp-block-list\">\n<li>\u6211\u5011\u5c08\u9580\u8207 SIM-OMORI-MART \u5408\u4f5c\uff0c\u4e26\u8acb\u60a8\u8207\u6211\u5011\u7684\u5ba2\u6236\u806f\u7e6b\u3002\u8acb\u9075\u5b88\u7b26\u5408\u5546\u696d\u5408\u6cd5\u6027\u7684\u898f\u5b9a\u7684\u8cc7\u8a0a\u3002 <\/li>\n<\/ul>\n\n\n\n<h4 class=\"wp-block-heading\">&nbsp;<\/h4>\n\n\n\n<h4 class=\"wp-block-heading\"><strong>7. Privacidade das crian\u00e7as<\/strong><\/h4>\n\n\n\n<p>SIM-OMORI-MART \u7684\u4f7f\u7528\u671f\u9650\u70ba 18 \u500b\u6708\uff0c\u4e14\u4e0d\u5305\u542b\u6708\u7d93\u671f\u9593\u7684\u8cc7\u8a0a\u3002\u8acb\u6ce8\u610f\u4ee5\u4e0b\u4e8b\u9805\u7684\u76f8\u95dc\u8cc7\u8a0a\uff1a\u6211\u5011\u540c\u610f\u60a8\u7684\u610f\u898b\uff0c\u5c07\u5176\u4f5c\u70ba\u5fc5\u8981\u7684\u91ab\u7642\u7528\u54c1\u3002 <\/p>\n\n\n\n<h4 class=\"wp-block-heading\">&nbsp;<\/h4>\n\n\n\n<h4 class=\"wp-block-heading\"><strong>8. Links de terceiros<\/strong><\/h4>\n\n\n\n<p>\u6211\u5011\u7684\u7db2\u7ad9\u8207 OMORI-MART \u7684\u7b2c\u4e09\u500b\u7db2\u7ad9\u9023\u7d50\u3002\u8acb\u4e0d\u8981\u5c0d\u7b2c\u4e09\u500b\u7db2\u7ad9\u7684\u96b1\u79c1\u554f\u984c\u505a\u51fa\u56de\u61c9\u3002\u5efa\u8b70\u60a8\u5c0d\u8a2a\u5ba2\u5916\u90e8\u7db2\u7ad9\u7684\u6240\u6709\u4e8b\u9805\u9032\u884c\u96b1\u79c1\u6b0a\u653f\u7b56\u5206\u6790\u3002  <\/p>\n\n\n\n<h4 class=\"wp-block-heading\">&nbsp;<\/h4>\n\n\n\n<h4 class=\"wp-block-heading\"><strong>9. \u96b1\u79c1\u653f\u6cbb\u7684\u66ff\u4ee3\u65b9\u6848<\/strong><\/h4>\n\n\n\n<p>\u6211\u5011\u7684\u653f\u7b56\u662f\u6839\u64da\u5be6\u969b\u60c5\u6cc1\u6216\u64cd\u4f5c\u52d5\u6a5f\u3001\u6cd5\u5f8b\u6216\u6cd5\u898f\u7684\u8b8a\u5316\u4f86\u53cd\u6620\u96b1\u79c1\u6b0a\u653f\u7b56\u7684\u8b8a\u5316\u3002\u60a8\u53ef\u4ee5\u900f\u904e\u7db2\u7ad9\u4e0a\u7684\u516c\u958b\u8cc7\u6599\u4f86\u6539\u8b8a\u96b1\u79c1\u6b0a\u653f\u6cbb\u653f\u7b56\u3002\u5982\u679c\u60a8\u7e7c\u7e8c\u4f7f\u7528 OMORI-MART \u4f86\u66f4\u6539\u96b1\u79c1\u6b0a\u653f\u7b56\uff0c\u9019\u5c0d\u60a8\u4f86\u8aaa\u662f\u975e\u5e38\u91cd\u8981\u7684\u3002  <\/p>\n\n\n\n<h4 class=\"wp-block-heading\">&nbsp;<\/h4>\n\n\n\n<h4 class=\"wp-block-heading\"><strong>10. Entre em contato conosco<\/strong><\/h4>\n\n\n\n<p>\u5982\u679c\u60a8\u60f3\u4e86\u89e3\u96b1\u79c1\u6b0a\u653f\u7b56\u6216\u95dc\u6ce8\u96b1\u79c1\u6b0a\u653f\u7b56\u6216\u4e86\u89e3\u76f8\u95dc\u4fe1\u606f\uff0c\u8acb\u806f\u7d61\u6211\u5011\uff1a<\/p>\n\n\n\n<ul class=\"wp-block-list\">\n<li><strong>\u96fb\u5b50\u90f5\u4ef6<\/strong>: support@omorimart.com<\/li>\n\n\n\n<li><strong>\u6069\u5fb7\u96f7\u7d22<\/strong>: R Cube Aoyama, 3rd Floor, 1-3-1 Kita-Aoyama, Minato-ku, T\u00f3quio, 107-0061, Jap\u00e3o<\/li>\n<\/ul>\n\n\n\n<p>\u4f7f\u7528 OMORI-MART \u6642\uff0c\u8acb\u6ce8\u610f\u9075\u5b88\u96b1\u79c1\u6b0a\u653f\u7b56\u898f\u5b9a\u3002<\/p>","protected":false},"excerpt":{"rendered":"<p>Data de vig\u00eancia: 20 de abril de 2025 No SIM-OMORI-MART, operado por&nbsp;COMFYS JAPAN LLC, temos o compromisso de proteger sua privacidade e garantir a seguran\u00e7a de suas informa\u00e7\u00f5es pessoais. Esta<\/p>","protected":false},"author":2,"featured_media":0,"parent":0,"menu_order":0,"comment_status":"closed","ping_status":"open","template":"","meta":{"footnotes":""},"class_list":["post-24984","page","type-page","status-publish","hentry"],"yoast_head":"<!-- This site is optimized with the Yoast SEO plugin v27.2 - https:\/\/yoast.com\/product\/yoast-seo-wordpress\/ -->\n<title>Pol\u00edtica de privacidade - Omori WIFI<\/title>\n<meta name=\"robots\" content=\"index, follow, max-snippet:-1, max-image-preview:large, max-video-preview:-1\" \/>\n<link rel=\"canonical\" href=\"https:\/\/omoriwifi.com\/zh_tw\/politica-de-privacidade\/\" \/>\n<meta property=\"og:locale\" content=\"zh_TW\" \/>\n<meta property=\"og:type\" content=\"article\" \/>\n<meta property=\"og:title\" content=\"Pol\u00edtica de privacidade - Omori WIFI\" \/>\n<meta property=\"og:description\" content=\"Data de vig\u00eancia: 20 de abril de 2025 No SIM-OMORI-MART, operado por&nbsp;COMFYS JAPAN LLC, temos o compromisso de proteger sua privacidade e garantir a seguran\u00e7a de suas informa\u00e7\u00f5es pessoais. Esta\" \/>\n<meta property=\"og:url\" content=\"https:\/\/omoriwifi.com\/zh_tw\/politica-de-privacidade\/\" \/>\n<meta property=\"og:site_name\" content=\"Omori WIFI\" \/>\n<meta name=\"twitter:card\" content=\"summary_large_image\" \/>\n<meta name=\"twitter:label1\" content=\"\u9810\u4f30\u95b1\u8b80\u6642\u9593\" \/>\n\t<meta name=\"twitter:data1\" content=\"5 \u5206\u9418\" \/>\n<script type=\"application\/ld+json\" class=\"yoast-schema-graph\">{\"@context\":\"https:\/\/schema.org\",\"@graph\":[{\"@type\":\"WebPage\",\"@id\":\"https:\/\/omoriwifi.com\/zh\/politica-de-privacidade\/\",\"url\":\"https:\/\/omoriwifi.com\/zh\/politica-de-privacidade\/\",\"name\":\"Pol\u00edtica de privacidade - Omori WIFI\",\"isPartOf\":{\"@id\":\"https:\/\/omoriwifi.com\/ja\/#website\"},\"datePublished\":\"2025-03-25T17:10:57+00:00\",\"breadcrumb\":{\"@id\":\"https:\/\/omoriwifi.com\/zh\/politica-de-privacidade\/#breadcrumb\"},\"inLanguage\":\"zh-TW\",\"potentialAction\":[{\"@type\":\"ReadAction\",\"target\":[\"https:\/\/omoriwifi.com\/zh\/politica-de-privacidade\/\"]}]},{\"@type\":\"BreadcrumbList\",\"@id\":\"https:\/\/omoriwifi.com\/zh\/politica-de-privacidade\/#breadcrumb\",\"itemListElement\":[{\"@type\":\"ListItem\",\"position\":1,\"name\":\"Home\",\"item\":\"https:\/\/omoriwifi.com\/ja\/\"},{\"@type\":\"ListItem\",\"position\":2,\"name\":\"Pol\u00edtica de privacidade\"}]},{\"@type\":\"WebSite\",\"@id\":\"https:\/\/omoriwifi.com\/ja\/#website\",\"url\":\"https:\/\/omoriwifi.com\/ja\/\",\"name\":\"Omori WiFi\",\"description\":\"My WordPress Blog\",\"potentialAction\":[{\"@type\":\"SearchAction\",\"target\":{\"@type\":\"EntryPoint\",\"urlTemplate\":\"https:\/\/omoriwifi.com\/ja\/?s={search_term_string}\"},\"query-input\":{\"@type\":\"PropertyValueSpecification\",\"valueRequired\":true,\"valueName\":\"search_term_string\"}}],\"inLanguage\":\"zh-TW\"}]}<\/script>\n<!-- \/ Yoast SEO plugin. -->","yoast_head_json":{"title":"Pol\u00edtica de privacidade - Omori WIFI","robots":{"index":"index","follow":"follow","max-snippet":"max-snippet:-1","max-image-preview":"max-image-preview:large","max-video-preview":"max-video-preview:-1"},"canonical":"https:\/\/omoriwifi.com\/zh_tw\/politica-de-privacidade\/","og_locale":"zh_TW","og_type":"article","og_title":"Pol\u00edtica de privacidade - Omori WIFI","og_description":"Data de vig\u00eancia: 20 de abril de 2025 No SIM-OMORI-MART, operado por&nbsp;COMFYS JAPAN LLC, temos o compromisso de proteger sua privacidade e garantir a seguran\u00e7a de suas informa\u00e7\u00f5es pessoais. Esta","og_url":"https:\/\/omoriwifi.com\/zh_tw\/politica-de-privacidade\/","og_site_name":"Omori WIFI","twitter_card":"summary_large_image","twitter_misc":{"\u9810\u4f30\u95b1\u8b80\u6642\u9593":"5 \u5206\u9418"},"schema":{"@context":"https:\/\/schema.org","@graph":[{"@type":"WebPage","@id":"https:\/\/omoriwifi.com\/zh\/politica-de-privacidade\/","url":"https:\/\/omoriwifi.com\/zh\/politica-de-privacidade\/","name":"Pol\u00edtica de privacidade - Omori WIFI","isPartOf":{"@id":"https:\/\/omoriwifi.com\/ja\/#website"},"datePublished":"2025-03-25T17:10:57+00:00","breadcrumb":{"@id":"https:\/\/omoriwifi.com\/zh\/politica-de-privacidade\/#breadcrumb"},"inLanguage":"zh-TW","potentialAction":[{"@type":"ReadAction","target":["https:\/\/omoriwifi.com\/zh\/politica-de-privacidade\/"]}]},{"@type":"BreadcrumbList","@id":"https:\/\/omoriwifi.com\/zh\/politica-de-privacidade\/#breadcrumb","itemListElement":[{"@type":"ListItem","position":1,"name":"Home","item":"https:\/\/omoriwifi.com\/ja\/"},{"@type":"ListItem","position":2,"name":"Pol\u00edtica de privacidade"}]},{"@type":"WebSite","@id":"https:\/\/omoriwifi.com\/ja\/#website","url":"https:\/\/omoriwifi.com\/ja\/","name":"\u5927\u68ee WiFi","description":"\u6211\u7684 WordPress \u535a\u5ba2","potentialAction":[{"@type":"SearchAction","target":{"@type":"EntryPoint","urlTemplate":"https:\/\/omoriwifi.com\/ja\/?s={search_term_string}"},"query-input":{"@type":"PropertyValueSpecification","valueRequired":true,"valueName":"search_term_string"}}],"inLanguage":"zh-TW"}]}},"_links":{"self":[{"href":"https:\/\/omoriwifi.com\/zh_tw\/wp-json\/wp\/v2\/pages\/24984","targetHints":{"allow":["GET"]}}],"collection":[{"href":"https:\/\/omoriwifi.com\/zh_tw\/wp-json\/wp\/v2\/pages"}],"about":[{"href":"https:\/\/omoriwifi.com\/zh_tw\/wp-json\/wp\/v2\/types\/page"}],"author":[{"embeddable":true,"href":"https:\/\/omoriwifi.com\/zh_tw\/wp-json\/wp\/v2\/users\/2"}],"replies":[{"embeddable":true,"href":"https:\/\/omoriwifi.com\/zh_tw\/wp-json\/wp\/v2\/comments?post=24984"}],"version-history":[{"count":0,"href":"https:\/\/omoriwifi.com\/zh_tw\/wp-json\/wp\/v2\/pages\/24984\/revisions"}],"wp:attachment":[{"href":"https:\/\/omoriwifi.com\/zh_tw\/wp-json\/wp\/v2\/media?parent=24984"}],"curies":[{"name":"\u53ef\u6fd5\u6027\u7c89\u5291","href":"https:\/\/api.w.org\/{rel}","templated":true}]}}